{"id":13103,"date":"2024-01-22T16:06:43","date_gmt":"2024-01-22T15:06:43","guid":{"rendered":"https:\/\/www.leaplytics.de\/?page_id=13103"},"modified":"2024-01-22T16:06:43","modified_gmt":"2024-01-22T15:06:43","slug":"changelog-power-bi-matriz-de-riesgos","status":"publish","type":"page","link":"https:\/\/www.leaplytics.de\/es\/changelog-power-bi-matriz-de-riesgos\/","title":{"rendered":"Cambios - Matriz de riesgos de Power BI"},"content":{"rendered":"<p>23\/09 - Colores de azulejos personalizados: La interfaz web ya est\u00e1 disponible en l\u00ednea en <a href=\"https:\/\/www.leaplytics.de\/es\/custom-colors\/\" target=\"_blank\" rel=\"noreferrer noopener\">https:\/\/www.leaplytics.de\/custom-colors\/<\/a>.<\/p>\n\n\n\n<p>23\/07 - Formato condicional: Personalice el color de los riesgos en funci\u00f3n de determinadas condiciones (por ejemplo, departamento, prioridad o estado).<\/p>\n\n\n\n<p>23\/06 - Etiquetas de los ejes: Se ha a\u00f1adido soporte para caracteres especiales.<\/p>\n\n\n\n<p>23\/05 - N\u00famero m\u00e1ximo de riesgos por ficha: Aumentado a 100.<\/p>\n\n\n\n<p>23\/05 - Selecci\u00f3n m\u00faltiple de riesgos disponible.<\/p>\n\n\n\n<p>23\/03 - Desglose de la optimizaci\u00f3n de riesgos: Haga clic con el bot\u00f3n derecho en un riesgo para navegar a una p\u00e1gina espec\u00edfica.<\/p>","protected":false},"excerpt":{"rendered":"<p>09\/23 &#8211; Custom Tile Colors: The web interface is now available online at https:\/\/www.leaplytics.de\/custom-colors\/. 07\/23 &#8211; Conditional formatting: Customize the color of risks based on certain conditions (e.g. department, priority or status) 06\/23 &#8211; Axis Labels: Support for special characters has been added. 05\/23 &#8211; Maximum Number of Risks per Tile: Increased to 100. 05\/23 &hellip; <\/p>","protected":false},"author":2,"featured_media":0,"parent":0,"menu_order":0,"comment_status":"closed","ping_status":"closed","template":"","meta":{"footnotes":""},"class_list":["post-13103","page","type-page","status-publish","hentry","latest_post"],"_links":{"self":[{"href":"https:\/\/www.leaplytics.de\/es\/wp-json\/wp\/v2\/pages\/13103","targetHints":{"allow":["GET"]}}],"collection":[{"href":"https:\/\/www.leaplytics.de\/es\/wp-json\/wp\/v2\/pages"}],"about":[{"href":"https:\/\/www.leaplytics.de\/es\/wp-json\/wp\/v2\/types\/page"}],"author":[{"embeddable":true,"href":"https:\/\/www.leaplytics.de\/es\/wp-json\/wp\/v2\/users\/2"}],"replies":[{"embeddable":true,"href":"https:\/\/www.leaplytics.de\/es\/wp-json\/wp\/v2\/comments?post=13103"}],"version-history":[{"count":2,"href":"https:\/\/www.leaplytics.de\/es\/wp-json\/wp\/v2\/pages\/13103\/revisions"}],"predecessor-version":[{"id":13441,"href":"https:\/\/www.leaplytics.de\/es\/wp-json\/wp\/v2\/pages\/13103\/revisions\/13441"}],"wp:attachment":[{"href":"https:\/\/www.leaplytics.de\/es\/wp-json\/wp\/v2\/media?parent=13103"}],"curies":[{"name":"wp","href":"https:\/\/api.w.org\/{rel}","templated":true}]}}