{"id":13130,"date":"2024-02-19T14:11:39","date_gmt":"2024-02-19T13:11:39","guid":{"rendered":"https:\/\/www.leaplytics.de\/?page_id=13130"},"modified":"2024-02-20T10:03:59","modified_gmt":"2024-02-20T09:03:59","slug":"deje-que-power-bi-mejore-su-gestion-de-proyectos","status":"publish","type":"page","link":"https:\/\/www.leaplytics.de\/es\/deje-que-power-bi-mejore-su-gestion-de-proyectos\/","title":{"rendered":"Deje que Power BI mejore su gesti\u00f3n de proyectos"},"content":{"rendered":"<p>En el din\u00e1mico panorama de la gesti\u00f3n de proyectos, donde la precisi\u00f3n y la previsi\u00f3n son primordiales, aprovechar la tecnolog\u00eda es crucial. Microsoft Power BI ha cambiado las reglas del juego. Power BI ofrece a los gestores de proyectos una plataforma din\u00e1mica para mejorar sus procesos de toma de decisiones.<\/p>\n\n\n\n<p>En esta completa gu\u00eda, exploraremos c\u00f3mo Power BI puede mejorar cada fase<sup>1 <\/sup>de la gesti\u00f3n de proyectos. Hablamos de los aspectos fundamentales de un potente cuadro de mandos de gesti\u00f3n de proyectos.<\/p>\n\n\n\n<h3 class=\"wp-block-heading\" style=\"font-size:30px\">Fase de planificaci\u00f3n del proyecto<\/h3>\n\n\n\n<p class=\"has-medium-font-size\">1. <strong>Defina el problema real:<\/strong><\/p>\n\n\n\n<p>Antes de sumergirse en el proyecto, es crucial identificar el problema que se intenta resolver. Power BI le ayuda a analizar datos hist\u00f3ricos, identificar patrones y descubrir problemas subyacentes. Visualice los factores de \u00e9xito y fracaso de proyectos anteriores para tomar decisiones informadas.<\/p>\n\n\n\n<p class=\"has-medium-font-size\">2. <strong>Identificar a las partes interesadas:<\/strong><\/p>\n\n\n\n<p>Las capacidades de Power BI se extienden a la gesti\u00f3n de las partes interesadas. Cree elementos visuales que destaquen las distintas funciones o personas afectadas por el proyecto. Utilice organigramas interactivos para mostrar sus contribuciones y expectativas. As\u00ed, garantizamos la alineaci\u00f3n desde el principio.<\/p>\n\n\n\n<p class=\"has-medium-font-size\">3. <strong>Definir los objetivos del proyecto:<\/strong><\/p>\n\n\n\n<p>Elaborar objetivos expl\u00edcitos y manejables es todo un reto. Las expectativas y objetivos de las partes interesadas tambi\u00e9n pueden cambiar dentro del proyecto. La flexibilidad de Power BI le permite adaptar los objetivos a medida que recopila m\u00e1s informaci\u00f3n. Por ejemplo, crear visuales que actualicen los objetivos en funci\u00f3n de los datos en tiempo real.<\/p>\n\n\n\n<p class=\"has-medium-font-size\">4. <strong>Determinar el alcance, los recursos y las tareas principales:<\/strong><\/p>\n\n\n\n<p>Visualice el alcance y las tareas del proyecto, estime los plazos y los costes. Esto le ayudar\u00e1 a tener una idea clara de los recursos necesarios. Utiliza Power BI para desglosar actividades complejas con una estructura de desglose del trabajo (EDT).<\/p>\n\n\n\n<p class=\"has-medium-font-size\">5. <strong>Prep\u00e1rese para hacer concesiones:<\/strong><\/p>\n\n\n\n<p>Power BI ayuda a establecer un equilibrio entre tiempo, coste y calidad. Integre sus datos para crear visuales que muestren c\u00f3mo las variaciones en estas variables afectan a los resultados del proyecto. Esta transparencia facilita la toma de decisiones informadas y la alineaci\u00f3n de las partes interesadas.<\/p>\n\n\n\n<h3 class=\"wp-block-heading\" style=\"font-size:30px\">Fase de preparaci\u00f3n del proyecto<\/h3>\n\n\n\n<p class=\"has-medium-font-size\">6. <strong>Re\u00fana a su equipo:<\/strong><\/p>\n\n\n\n<p>Aproveche Power BI para evaluar las competencias necesarias y visualizar la composici\u00f3n del equipo. Utilice las im\u00e1genes para identificar las carencias de competencias, planificar la formaci\u00f3n y equipar a su equipo para el \u00e9xito.<\/p>\n\n\n\n<p class=\"has-medium-font-size\">7. <strong>Plan de asignaciones:<\/strong><\/p>\n\n\n\n<p>Crear elementos visuales que faciliten una comunicaci\u00f3n transparente dentro del equipo. Visualice las tareas, las habilidades necesarias y los conjuntos de habilidades individuales, garantizando una din\u00e1mica de equipo cohesionada.<\/p>\n\n\n\n<p class=\"has-medium-font-size\">8. <strong>Cree el horario:<\/strong><\/p>\n\n\n\n<p>Las capacidades de Power BI se extienden a la programaci\u00f3n de proyectos mediante diagramas de Gantt. Desarrolle elementos visuales que ilustren los plazos, identifiquen las rutas cr\u00edticas y se ajusten a los plazos fijados. Mantenga un calendario realista dentro de las limitaciones.<\/p>\n\n\n\n<p class=\"has-medium-font-size\">9. <strong>Celebre una reuni\u00f3n inicial:<\/strong><\/p>\n\n\n\n<p>La mayor\u00eda de los visuales de Power BI se pueden exportar a MS PowerPoint. Durante la reuni\u00f3n inicial, utilice los visuales de Power BI para explicar el plan, los objetivos y el calendario del proyecto. Anima a los miembros del equipo a que aporten sus ideas, fomentando la colaboraci\u00f3n y la comprensi\u00f3n compartida.<\/p>\n\n\n\n<p class=\"has-medium-font-size\">10. <strong>Elabore un presupuesto:<\/strong><\/p>\n\n\n\n<p>Utilice Power BI para crear un presupuesto completo. Visualice los costes por categor\u00edas, solicite la opini\u00f3n de las partes interesadas y mantenga la flexibilidad dentro de las limitaciones presupuestarias.<\/p>\n\n\n\n<h3 class=\"wp-block-heading\" style=\"font-size:30px\">Fase de ejecuci\u00f3n del proyecto<\/h3>\n\n\n\n<p class=\"has-medium-font-size\">11. <strong>Supervisar y controlar el proceso y el presupuesto:<\/strong><\/p>\n\n\n\n<p>Instale elementos visuales de supervisi\u00f3n de proyectos en Power BI, como nuestra matriz de riesgos de Power BI. Visualizar los riesgos junto con el progreso del proyecto permite una visi\u00f3n hol\u00edstica de los posibles retos. He aqu\u00ed c\u00f3mo:<\/p>\n\n\n\n<p><strong>Evaluaci\u00f3n del impacto y la probabilidad del riesgo:<\/strong> La matriz de riesgos para Power BI ayuda a evaluar el impacto y la probabilidad de cada riesgo. Utilice celdas codificadas por colores para representar la gravedad de los riesgos. Esto permite identificar r\u00e1pidamente las \u00e1reas de alto impacto.<\/p>\n\n\n\n<p><strong>Seguimiento del presupuesto en tiempo real:<\/strong> Combine los visuales de seguimiento presupuestario con la matriz de riesgos. Asigne implicaciones presupuestarias a cada riesgo identificado, proporcionando una visi\u00f3n global de las posibles repercusiones financieras. A medida que evolucionan los riesgos, los visuales presupuestarios se actualizan en tiempo real, garantizando un seguimiento financiero preciso.<\/p>\n\n\n\n<p><strong>Perforaci\u00f3n para un an\u00e1lisis detallado:<\/strong> Avanzar en la Matriz de Riesgos mediante funcionalidades de drill-through. Profundizar en un riesgo espec\u00edfico puede incluir un an\u00e1lisis detallado, mostrando las implicaciones financieras pertinentes y las estrategias de mitigaci\u00f3n necesarias.<\/p>\n\n\n\n<div class=\"wp-block-buttons is-layout-flex wp-block-buttons-is-layout-flex\">\n<div class=\"wp-block-button has-custom-font-size\" style=\"font-size:18px\"><a class=\"wp-block-button__link has-background wp-element-button\" href=\"https:\/\/www.leaplytics.de\/es\/portada\/gestion-de-proyectos-visualizaciones-personalizadas-microsoft-powerbi\/mapa-de-riesgos-visual-personalizado-para-power-bi\/\" style=\"background-color:#22316d\">Consulte aqu\u00ed nuestra \"Matriz de riesgos\" visual personalizada para Power BI.<\/a><\/div>\n<\/div>\n\n\n\n<p><\/p>\n\n\n\n<p class=\"has-medium-font-size\">12. <strong>Respuesta flexible a los cambios:<\/strong><\/p>\n\n\n\n<p>Las capacidades de datos en tiempo real de Power BI le permiten responder r\u00e1pidamente a los cambios. Visualice los datos para identificar posibles problemas, lo que permite tomar decisiones proactivas y corregir el rumbo.<\/p>\n\n\n\n<p class=\"has-medium-font-size\">13. <strong>Informe de Progreso:<\/strong><\/p>\n\n\n\n<p>Cree elementos visuales para que las partes interesadas puedan proporcionar actualizaciones peri\u00f3dicas e informes de estado. La exportaci\u00f3n de im\u00e1genes a PowerPoint facilitar\u00e1 las reuniones peri\u00f3dicas. Power BI permite personalizar los informes en funci\u00f3n de las preferencias de las partes interesadas, lo que fomenta la transparencia y la confianza.<\/p>\n\n\n\n<p class=\"has-medium-font-size\">14. <strong>Celebrar reuniones semanales del equipo:<\/strong><\/p>\n\n\n\n<p>Utilice Power BI para estructurar las reuniones de equipo en torno a m\u00e9tricas clave. Visualice los datos de rendimiento, discuta los objetivos no alcanzados y celebre los \u00e9xitos. La herramienta ayuda a centrarse en las actividades esenciales y mantiene al equipo alineado.<\/p>\n\n\n\n<p class=\"has-medium-font-size\">15. <strong>Gestionar los problemas:<\/strong><\/p>\n\n\n\n<p>Los visuales de Power BI pueden ayudar a identificar y gestionar problemas emergentes. Observe la din\u00e1mica del equipo y las m\u00e9tricas del proyecto para abordar los problemas antes de que se agraven. En este caso, la matriz de riesgos ayuda a rastrear y abordar los riesgos para evitar resultados adversos.<\/p>\n\n\n\n<h3 class=\"wp-block-heading\" style=\"font-size:30px\">Fase de cierre del proyecto<\/h3>\n\n\n\n<p class=\"has-medium-font-size\">16. <strong>Evaluar el rendimiento del proyecto:<\/strong><\/p>\n\n\n\n<p>Utilice Power BI para comparar el progreso del proyecto con el alcance definido inicialmente. Visualice las m\u00e9tricas de rendimiento para iniciar conversaciones con las partes interesadas sobre la finalizaci\u00f3n y el \u00e9xito del proyecto. Adem\u00e1s, compare las m\u00e9tricas del proyecto con los \u00e9xitos o fracasos de proyectos anteriores.<\/p>\n\n\n\n<p class=\"has-medium-font-size\">17. <strong>Cierre el proyecto:<\/strong><\/p>\n\n\n\n<p>Visualice los pasos necesarios para cerrar el proyecto. Power BI ayuda a documentar y comunicar los procesos de cierre de proyectos. De este modo, garantizamos una transici\u00f3n fluida de los entregables.<\/p>\n\n\n\n<h3 class=\"wp-block-heading\" style=\"font-size:30px\">Informe<\/h3>\n\n\n\n<p>Integre Power BI en cada fase del proyecto para crear un cuadro de mando del proyecto completo y din\u00e1mico. No todos los elementos visuales son imprescindibles, pero aplicar Power BI le ayudar\u00e1 a mantener el control de su proyecto en cada fase. Proporcione a su equipo informaci\u00f3n pr\u00e1ctica, fomente la colaboraci\u00f3n y navegue por las complejidades de la gesti\u00f3n de proyectos. El \u00e9xito del proyecto ya no es s\u00f3lo un objetivo, con Power BI es un viaje visualizado.<\/p>\n\n\n\n<p><\/p>\n\n\n\n<hr class=\"wp-block-separator has-alpha-channel-opacity\"\/>\n\n\n\n<p class=\"has-small-font-size\"><sup>1<\/sup> Las fases del proyecto de este art\u00edculo se basan en el siguiente art\u00edculo: <a href=\"https:\/\/hbr.org\/2016\/11\/the-four-phases-of-project-management\">Harvard Business Review. (2016, 3 de noviembre). <em>Las cuatro fases de la gesti\u00f3n de proyectos<\/em>.<\/a><\/p>","protected":false},"excerpt":{"rendered":"<p>En el din\u00e1mico panorama de la gesti\u00f3n de proyectos, donde la precisi\u00f3n y la previsi\u00f3n son primordiales, aprovechar la tecnolog\u00eda es crucial. Microsoft Power BI ha cambiado las reglas del juego. Power BI ofrece a los gestores de proyectos una plataforma din\u00e1mica para mejorar sus procesos de toma de decisiones. En esta completa gu\u00eda, exploraremos c\u00f3mo Power BI puede mejorar cada fase1 del proyecto ... <\/p>","protected":false},"author":55,"featured_media":13133,"parent":0,"menu_order":0,"comment_status":"closed","ping_status":"closed","template":"","meta":{"footnotes":"[]"},"class_list":["post-13130","page","type-page","status-publish","has-post-thumbnail","hentry","latest_post"],"_links":{"self":[{"href":"https:\/\/www.leaplytics.de\/es\/wp-json\/wp\/v2\/pages\/13130","targetHints":{"allow":["GET"]}}],"collection":[{"href":"https:\/\/www.leaplytics.de\/es\/wp-json\/wp\/v2\/pages"}],"about":[{"href":"https:\/\/www.leaplytics.de\/es\/wp-json\/wp\/v2\/types\/page"}],"author":[{"embeddable":true,"href":"https:\/\/www.leaplytics.de\/es\/wp-json\/wp\/v2\/users\/55"}],"replies":[{"embeddable":true,"href":"https:\/\/www.leaplytics.de\/es\/wp-json\/wp\/v2\/comments?post=13130"}],"version-history":[{"count":7,"href":"https:\/\/www.leaplytics.de\/es\/wp-json\/wp\/v2\/pages\/13130\/revisions"}],"predecessor-version":[{"id":13144,"href":"https:\/\/www.leaplytics.de\/es\/wp-json\/wp\/v2\/pages\/13130\/revisions\/13144"}],"wp:featuredmedia":[{"embeddable":true,"href":"https:\/\/www.leaplytics.de\/es\/wp-json\/wp\/v2\/media\/13133"}],"wp:attachment":[{"href":"https:\/\/www.leaplytics.de\/es\/wp-json\/wp\/v2\/media?parent=13130"}],"curies":[{"name":"wp","href":"https:\/\/api.w.org\/{rel}","templated":true}]}}