{"id":13162,"date":"2024-03-05T14:08:28","date_gmt":"2024-03-05T13:08:28","guid":{"rendered":"https:\/\/www.leaplytics.de\/?page_id=13162"},"modified":"2024-03-05T14:08:29","modified_gmt":"2024-03-05T13:08:29","slug":"formato-visor-de-texto-visual-para-power-bi","status":"publish","type":"page","link":"https:\/\/www.leaplytics.de\/es\/formato-visor-de-texto-visual-para-power-bi\/","title":{"rendered":"Visualizador de texto \"Formato\" para Power BI"},"content":{"rendered":"<p>\u00bfBusca un visualizador de datos que convierta su archivo \"Format\" en un texto con un bonito formato? Un editor de texto completo que pueda integrarse perfectamente en su cuadro de mandos.<\/p>\n\n\n\n<p>Desarrollamos visuales para Power BI abordando los puntos d\u00e9biles de nuestros clientes. Con nuestros visuales Power BI certificados por MS, pretendemos hacer la vida de nuestros clientes m\u00e1s f\u00e1cil y eficiente.<\/p>\n\n\n\n<p>Actualmente estamos trabajando en un visor de texto que convierte los datos de \"Formato\" en texto con un bonito formato.<\/p>\n\n\n\n<p>Env\u00ede sus datos de contacto a continuaci\u00f3n e inscr\u00edbase en nuestra lista de espera para recibir una notificaci\u00f3n cuando el visor visual de texto \"Formato\" est\u00e9 listo para su uso.<\/p>\n\n\n\n<div class=\"wpforms-container wpforms-container-full\" id=\"wpforms-13195\"><form id=\"wpforms-form-13195\" class=\"wpforms-validate wpforms-form wpforms-ajax-form\" data-formid=\"13195\" method=\"post\" enctype=\"multipart\/form-data\" action=\"\/es\/wp-json\/wp\/v2\/pages\/13162\" data-token=\"f9ff104fd44ad46dcbd70a21bb7ea9cb\" data-token-time=\"1775823609\" data-trp-original-action=\"\/es\/wp-json\/wp\/v2\/pages\/13162\"><noscript class=\"wpforms-error-noscript\">Por favor, active JavaScript en su navegador para completar este formulario.<\/noscript><div class=\"wpforms-field-container\"><div id=\"wpforms-13195-field_0-container\" class=\"wpforms-field wpforms-field-name\" data-field-id=\"0\"><label class=\"wpforms-field-label\">Nombre <span class=\"wpforms-required-label\">*<\/span><\/label><div class=\"wpforms-field-row wpforms-field-medium\"><div class=\"wpforms-field-row-block wpforms-first wpforms-one-half\"><input type=\"text\" id=\"wpforms-13195-field_0\" class=\"wpforms-field-name-first wpforms-field-required\" name=\"wpforms[fields][0][first]\" required><label for=\"wpforms-13195-field_0\" class=\"wpforms-field-sublabel after\">Nombre<\/label><\/div><div class=\"wpforms-field-row-block wpforms-one-half\"><input type=\"text\" id=\"wpforms-13195-field_0-last\" class=\"wpforms-field-name-last wpforms-field-required\" name=\"wpforms[fields][0][last]\" required><label for=\"wpforms-13195-field_0-last\" class=\"wpforms-field-sublabel after\">Apellidos<\/label><\/div><\/div><\/div><div id=\"wpforms-13195-field_1-container\" class=\"wpforms-field wpforms-field-email\" data-field-id=\"1\"><label class=\"wpforms-field-label\" for=\"wpforms-13195-field_1\">Correo electr\u00f3nico profesional <span class=\"wpforms-required-label\">*<\/span><\/label><input type=\"email\" id=\"wpforms-13195-field_1\" class=\"wpforms-field-medium wpforms-field-required\" data-rule-restricted-email=\"1\" name=\"wpforms[fields][1]\" spellcheck=\"false\" required><\/div><div id=\"wpforms-13195-field_4-container\" class=\"wpforms-field wpforms-field-text\" data-field-id=\"4\"><label class=\"wpforms-field-label\" for=\"wpforms-13195-field_4\">Empresa <span class=\"wpforms-required-label\">*<\/span><\/label><input type=\"text\" id=\"wpforms-13195-field_4\" class=\"wpforms-field-medium wpforms-field-required\" name=\"wpforms[fields][4]\" required><\/div><div id=\"wpforms-13195-field_3-container\" class=\"wpforms-field wpforms-field-gdpr-checkbox\" data-field-id=\"3\"><label class=\"wpforms-field-label\">Acuerdo GDPR <span class=\"wpforms-required-label\">*<\/span><\/label><ul id=\"wpforms-13195-field_3\" class=\"wpforms-field-required\"><li class=\"choice-1\"><input type=\"checkbox\" id=\"wpforms-13195-field_3_1\" name=\"wpforms[fields][3][]\" value=\"I consent to having this website store my submitted information so they can respond to my inquiry.\" required><label class=\"wpforms-field-label-inline\" for=\"wpforms-13195-field_3_1\">Doy mi consentimiento para que este sitio web almacene la informaci\u00f3n que he enviado para que puedan responder a mi consulta.<\/label><\/li><\/ul><\/div><\/div><!-- .wpforms-field-container --><div class=\"wpforms-recaptcha-container wpforms-is-recaptcha wpforms-is-recaptcha-type-v3\" ><input type=\"hidden\" name=\"wpforms[recaptcha]\" value=\"\"><\/div><div class=\"wpforms-submit-container\" ><input type=\"hidden\" name=\"wpforms[id]\" value=\"13195\"><input type=\"hidden\" name=\"page_title\" value=\"\"><input type=\"hidden\" name=\"page_url\" value=\"https:\/\/www.leaplytics.de\/es\/wp-json\/wp\/v2\/pages\/13162\"><input type=\"hidden\" name=\"url_referer\" value=\"\"><button type=\"submit\" name=\"wpforms[submit]\" id=\"wpforms-submit-13195\" class=\"wpforms-submit\" data-alt-text=\"Sending...\" data-submit-text=\"Submit\" aria-live=\"assertive\" value=\"wpforms-submit\">Enviar<\/button><img loading=\"lazy\" decoding=\"async\" src=\"https:\/\/www.leaplytics.de\/wp-content\/plugins\/wpforms-lite\/assets\/images\/submit-spin.svg\" class=\"wpforms-submit-spinner\" style=\"display: none;\" width=\"26\" height=\"26\" alt=\"Cargando\"><\/div><input type=\"hidden\" name=\"trp-form-language\" value=\"es\"\/><\/form><\/div>  <!-- .wpforms-container -->","protected":false},"excerpt":{"rendered":"<p>Are you looking for a data visual that converts your &#8220;Format&#8221; file into beautifully formatted text? A full-fledged text editor that can be seamlessly integrated into your dashboard. We develop visuals for Power BI addressing the pain points of our clients. With our MS-certified Power BI visuals we pursue to make the lifes of our &hellip; <\/p>","protected":false},"author":55,"featured_media":0,"parent":0,"menu_order":0,"comment_status":"closed","ping_status":"closed","template":"","meta":{"footnotes":""},"class_list":["post-13162","page","type-page","status-publish","hentry","latest_post"],"_links":{"self":[{"href":"https:\/\/www.leaplytics.de\/es\/wp-json\/wp\/v2\/pages\/13162","targetHints":{"allow":["GET"]}}],"collection":[{"href":"https:\/\/www.leaplytics.de\/es\/wp-json\/wp\/v2\/pages"}],"about":[{"href":"https:\/\/www.leaplytics.de\/es\/wp-json\/wp\/v2\/types\/page"}],"author":[{"embeddable":true,"href":"https:\/\/www.leaplytics.de\/es\/wp-json\/wp\/v2\/users\/55"}],"replies":[{"embeddable":true,"href":"https:\/\/www.leaplytics.de\/es\/wp-json\/wp\/v2\/comments?post=13162"}],"version-history":[{"count":3,"href":"https:\/\/www.leaplytics.de\/es\/wp-json\/wp\/v2\/pages\/13162\/revisions"}],"predecessor-version":[{"id":13219,"href":"https:\/\/www.leaplytics.de\/es\/wp-json\/wp\/v2\/pages\/13162\/revisions\/13219"}],"wp:attachment":[{"href":"https:\/\/www.leaplytics.de\/es\/wp-json\/wp\/v2\/media?parent=13162"}],"curies":[{"name":"wp","href":"https:\/\/api.w.org\/{rel}","templated":true}]}}