{"id":13321,"date":"2024-04-09T20:47:19","date_gmt":"2024-04-09T18:47:19","guid":{"rendered":"https:\/\/www.leaplytics.de\/?page_id=13321"},"modified":"2024-04-17T15:17:27","modified_gmt":"2024-04-17T13:17:27","slug":"matriz-de-oportunidades-para-power-bi","status":"publish","type":"page","link":"https:\/\/www.leaplytics.de\/es\/matriz-de-oportunidades-para-power-bi\/","title":{"rendered":"Matriz de oportunidades de Power BI: aprov\u00e9chela para desbloquear su ventaja competitiva"},"content":{"rendered":"<p>Para los gestores de proyectos y de riesgos, aprovechar las oportunidades es tan crucial como mitigar los riesgos. Adaptando nuestra Matriz de Riesgos a Power BI, podemos convertirla en una Matriz de Oportunidades. Este enfoque permite identificar y aprovechar las oportunidades que impulsan la ventaja competitiva.<\/p>\n\n\n\n<figure class=\"wp-block-embed is-type-video is-provider-youtube wp-block-embed-youtube wp-embed-aspect-16-9 wp-has-aspect-ratio\"><div class=\"wp-block-embed__wrapper\">\n<iframe loading=\"lazy\" title=\"Matriz de oportunidades para Power BI - LeapLytics\" width=\"770\" height=\"433\" src=\"https:\/\/www.youtube.com\/embed\/VzEAOzIjrZY?feature=oembed\" frameborder=\"0\" allow=\"accelerometer; autoplay; clipboard-write; encrypted-media; gyroscope; picture-in-picture; web-share\" referrerpolicy=\"strict-origin-when-cross-origin\" allowfullscreen><\/iframe>\n<\/div><figcaption class=\"wp-element-caption\">En nuestro v\u00eddeo de YouTube, mostramos c\u00f3mo configurar una matriz de oportunidades en Power BI.<\/figcaption><\/figure>\n\n\n\n<h3 class=\"wp-block-heading has-medium-font-size\"><strong>Por qu\u00e9 es importante la gesti\u00f3n de oportunidades<\/strong><\/h3>\n\n\n\n<p>La gesti\u00f3n de oportunidades es esencial para las empresas que buscan un crecimiento sostenible y una ventaja competitiva. Se trata de identificar y aprovechar las oportunidades. Las organizaciones pueden aprovechar las tendencias del mercado, la innovaci\u00f3n y las tecnolog\u00edas emergentes. Tambi\u00e9n permite mejorar continuamente la calidad de los productos y servicios. Adem\u00e1s, una gesti\u00f3n eficaz de las oportunidades permite a las empresas adelantarse a sus competidores. Adaptarse a las necesidades y preferencias cambiantes de los clientes es crucial.<\/p>\n\n\n\n<h3 class=\"wp-block-heading has-medium-font-size\"><strong>Identificar oportunidades de diversas fuentes<\/strong><\/h3>\n\n\n\n<p>Para identificar oportunidades, debemos recurrir a todas las fuentes que conocemos.<\/p>\n\n\n\n<div class=\"wp-block-columns is-layout-flex wp-container-core-columns-is-layout-1 wp-block-columns-is-layout-flex\">\n<div class=\"wp-block-column is-layout-flow wp-block-column-is-layout-flow\" style=\"flex-basis:2%\">\n<p><strong>1.<\/strong><\/p>\n<\/div>\n\n\n\n<div class=\"wp-block-column is-layout-flow wp-block-column-is-layout-flow\" style=\"flex-basis:98%\">\n<p><strong>Eval\u00fae su panorama competitivo:<\/strong> Evaluar el entorno empresarial consiste en analizar los puntos fuertes y d\u00e9biles de la competencia, su posicionamiento en el mercado y sus estrategias. La evaluaci\u00f3n comparativa o el an\u00e1lisis DAFO pueden ser herramientas poderosas. Conocer las mejores pr\u00e1cticas de los competidores puede revelar oportunidades potenciales.<\/p>\n<\/div>\n<\/div>\n\n\n\n<div class=\"wp-block-columns is-layout-flex wp-container-core-columns-is-layout-2 wp-block-columns-is-layout-flex\">\n<div class=\"wp-block-column is-layout-flow wp-block-column-is-layout-flow\" style=\"flex-basis:2%\">\n<p><strong>2.<\/strong><\/p>\n<\/div>\n\n\n\n<div class=\"wp-block-column is-layout-flow wp-block-column-is-layout-flow\" style=\"flex-basis:98%\">\n<p><strong>Entender las necesidades del cliente con antelaci\u00f3n: <\/strong>Mant\u00e9ngase en sinton\u00eda con las tendencias del mercado, el comportamiento de los consumidores y las preferencias emergentes. Los estudios de mercado, las opiniones de los clientes y el an\u00e1lisis de las pautas de compra ayudan a anticipar las necesidades de los clientes.<\/p>\n<\/div>\n<\/div>\n\n\n\n<div class=\"wp-block-columns is-layout-flex wp-container-core-columns-is-layout-3 wp-block-columns-is-layout-flex\">\n<div class=\"wp-block-column is-layout-flow wp-block-column-is-layout-flow\" style=\"flex-basis:2%\">\n<p><strong>3.<\/strong><\/p>\n<\/div>\n\n\n\n<div class=\"wp-block-column is-layout-flow wp-block-column-is-layout-flow\" style=\"flex-basis:98%\">\n<p><strong>Fomentar la innovaci\u00f3n e implantar pr\u00e1cticas de intercambio de conocimientos:<\/strong> Fomentar una cultura de innovaci\u00f3n y creatividad. Reunir a personas de distintos segmentos puede ser un motor importante para compartir conocimientos. Esto puede dar lugar a ideas m\u00e1s innovadoras mediante un pensamiento innovador.<\/p>\n<\/div>\n<\/div>\n\n\n\n<div class=\"wp-block-columns is-layout-flex wp-container-core-columns-is-layout-4 wp-block-columns-is-layout-flex\">\n<div class=\"wp-block-column is-layout-flow wp-block-column-is-layout-flow\" style=\"flex-basis:2%\">\n<p><strong>4.<\/strong><\/p>\n<\/div>\n\n\n\n<div class=\"wp-block-column is-layout-flow wp-block-column-is-layout-flow\" style=\"flex-basis:98%\">\n<p><strong>Identifique la holgura y encuentre las causas:<\/strong> La holgura se refiere a los recursos, procesos o capacidades infrautilizados dentro de una organizaci\u00f3n. El objetivo es identificar las \u00e1reas de holgura e investigar las causas que las originan. De este modo, se pueden descubrir oportunidades ocultas de optimizaci\u00f3n y mejora. Las auditor\u00edas de procesos y los comentarios de los empleados pueden servir como estrategias de identificaci\u00f3n.<\/p>\n<\/div>\n<\/div>\n\n\n\n<div class=\"wp-block-columns is-layout-flex wp-container-core-columns-is-layout-5 wp-block-columns-is-layout-flex\">\n<div class=\"wp-block-column is-layout-flow wp-block-column-is-layout-flow\" style=\"flex-basis:2%\">\n<p><strong>5.<\/strong><\/p>\n<\/div>\n\n\n\n<div class=\"wp-block-column is-layout-flow wp-block-column-is-layout-flow\" style=\"flex-basis:98%\">\n<p><strong>No olvide sus riesgos, podr\u00edan encubrir oportunidades: <\/strong>Los riesgos suelen considerarse amenazas potenciales para las operaciones empresariales. Pero tambi\u00e9n pueden descubrir oportunidades ocultas. Al analizar y gestionar los riesgos, considere que puede convertir algunos en oportunidades. Por ejemplo, las amenazas a la ciberseguridad pueden aumentar la confianza y la fidelidad de los clientes.<\/p>\n<\/div>\n<\/div>\n\n\n\n<div class=\"wp-block-columns is-layout-flex wp-container-core-columns-is-layout-6 wp-block-columns-is-layout-flex\">\n<div class=\"wp-block-column is-layout-flow wp-block-column-is-layout-flow\" style=\"flex-basis:2%\">\n<p><strong>6.<\/strong><\/p>\n<\/div>\n\n\n\n<div class=\"wp-block-column is-layout-flow wp-block-column-is-layout-flow\" style=\"flex-basis:98%\">\n<p><strong>Convi\u00e9rtase en el pionero sostenible de su sector:<\/strong> Adoptar la sostenibilidad puede abrir nuevas oportunidades de innovaci\u00f3n, ahorro de costes y diferenciaci\u00f3n. Identifique formas de reducir sus emisiones y optimizar el uso de los recursos. El resultado ser\u00e1 un ahorro de costes, la fidelidad de los clientes y una mejora de la reputaci\u00f3n de la marca.<\/p>\n<\/div>\n<\/div>\n\n\n\n<h3 class=\"wp-block-heading has-medium-font-size\"><strong>Ventajas de la gesti\u00f3n de oportunidades<\/strong><\/h3>\n\n\n\n<p>Una gesti\u00f3n eficaz de las oportunidades ofrece muchas ventajas. Entre ellas, una mayor rentabilidad, un mejor posicionamiento en el mercado, una mayor satisfacci\u00f3n del cliente y un crecimiento empresarial sostenible. Al identificar y aprovechar las oportunidades de forma proactiva, las organizaciones pueden impulsar la innovaci\u00f3n. Fomentan una cultura de mejora continua y maximizan su ventaja competitiva.<\/p>\n\n\n\n<h3 class=\"wp-block-heading has-medium-font-size\"><strong>Comprender la matriz de oportunidades<\/strong><\/h3>\n\n\n\n<p>En esencia, la matriz de oportunidades refleja la conocida matriz de riesgos. Eval\u00faa las oportunidades potenciales en funci\u00f3n de su probabilidad e impacto. La matriz facilita la detecci\u00f3n, evaluaci\u00f3n y gesti\u00f3n de oportunidades. Guiar a las organizaciones hacia un mayor rendimiento y crecimiento es la m\u00e1xima prioridad.<\/p>\n\n\n\n<div class=\"wp-block-columns is-layout-flex wp-container-core-columns-is-layout-7 wp-block-columns-is-layout-flex\">\n<div class=\"wp-block-column is-vertically-aligned-center is-layout-flow wp-block-column-is-layout-flow\" style=\"flex-basis:150px\">\n<figure class=\"wp-block-image size-full is-resized\"><img loading=\"lazy\" decoding=\"async\" width=\"255\" height=\"259\" src=\"https:\/\/www.leaplytics.de\/wp-content\/uploads\/2024\/04\/Bild3.jpg\" alt=\"\" class=\"wp-image-13324\" style=\"width:100px\" srcset=\"https:\/\/www.leaplytics.de\/wp-content\/uploads\/2024\/04\/Bild3.jpg 255w, https:\/\/www.leaplytics.de\/wp-content\/uploads\/2024\/04\/Bild3-59x60.jpg 59w\" sizes=\"auto, (max-width: 255px) 100vw, 255px\" \/><\/figure>\n<\/div>\n\n\n\n<div class=\"wp-block-column is-layout-flow wp-block-column-is-layout-flow\" style=\"flex-basis:66.66%\">\n<p><strong>Opci\u00f3n de informaci\u00f3n sobre herramientas al pasar el rat\u00f3n por encima<\/strong><\/p>\n\n\n\n<p>Al pasar el rat\u00f3n por encima de los puntos de datos se revela informaci\u00f3n detallada. Permite a los usuarios profundizar en oportunidades concretas. Esta funci\u00f3n mejora la toma de decisiones al proporcionar informaci\u00f3n completa de un vistazo.<\/p>\n<\/div>\n<\/div>\n\n\n\n<div class=\"wp-block-columns is-layout-flex wp-container-core-columns-is-layout-8 wp-block-columns-is-layout-flex\">\n<div class=\"wp-block-column is-vertically-aligned-center is-layout-flow wp-block-column-is-layout-flow\" style=\"flex-basis:150px\">\n<figure class=\"wp-block-image size-large is-resized\"><img loading=\"lazy\" decoding=\"async\" width=\"1024\" height=\"1024\" src=\"https:\/\/www.leaplytics.de\/wp-content\/uploads\/2022\/06\/Indicator-Settings-1024x1024.png\" alt=\"\" class=\"wp-image-8461\" style=\"width:128px;height:auto\" srcset=\"https:\/\/www.leaplytics.de\/wp-content\/uploads\/2022\/06\/Indicator-Settings-1024x1024.png 1024w, https:\/\/www.leaplytics.de\/wp-content\/uploads\/2022\/06\/Indicator-Settings-300x300.png 300w, https:\/\/www.leaplytics.de\/wp-content\/uploads\/2022\/06\/Indicator-Settings-150x150.png 150w, https:\/\/www.leaplytics.de\/wp-content\/uploads\/2022\/06\/Indicator-Settings-768x768.png 768w, https:\/\/www.leaplytics.de\/wp-content\/uploads\/2022\/06\/Indicator-Settings-1536x1536.png 1536w, https:\/\/www.leaplytics.de\/wp-content\/uploads\/2022\/06\/Indicator-Settings-370x370.png 370w, https:\/\/www.leaplytics.de\/wp-content\/uploads\/2022\/06\/Indicator-Settings-60x60.png 60w, https:\/\/www.leaplytics.de\/wp-content\/uploads\/2022\/06\/Indicator-Settings.png 1854w\" sizes=\"auto, (max-width: 1024px) 100vw, 1024px\" \/><\/figure>\n<\/div>\n\n\n\n<div class=\"wp-block-column is-layout-flow wp-block-column-is-layout-flow\">\n<p class=\"has-medium-font-size\"><strong>Formato condicional<\/strong><\/p>\n\n\n\n<p>Utilice reglas de formato condicional para resaltar oportunidades significativas en funci\u00f3n de criterios predefinidos. Esta funci\u00f3n mejora la visibilidad y prioriza los conocimientos pr\u00e1cticos para la planificaci\u00f3n y ejecuci\u00f3n estrat\u00e9gicas. Adem\u00e1s, el formato condicional puede ampliar la matriz en otra dimensi\u00f3n. Por ejemplo, evaluando la viabilidad de cada oportunidad mediante c\u00f3digos de color. Diferentes tonos de color podr\u00edan representar distintos niveles de viabilidad. De este modo, las partes interesadas obtienen informaci\u00f3n valiosa sobre la viabilidad de cada oportunidad.<\/p>\n<\/div>\n<\/div>\n\n\n\n<div class=\"wp-block-columns is-layout-flex wp-container-core-columns-is-layout-9 wp-block-columns-is-layout-flex\">\n<div class=\"wp-block-column is-vertically-aligned-center is-layout-flow wp-block-column-is-layout-flow\" style=\"flex-basis:150px\">\n<figure class=\"wp-block-image size-full is-resized\"><img loading=\"lazy\" decoding=\"async\" width=\"355\" height=\"218\" src=\"https:\/\/www.leaplytics.de\/wp-content\/uploads\/2024\/04\/Bild2.jpg\" alt=\"\" class=\"wp-image-13323\" style=\"width:128px\" srcset=\"https:\/\/www.leaplytics.de\/wp-content\/uploads\/2024\/04\/Bild2.jpg 355w, https:\/\/www.leaplytics.de\/wp-content\/uploads\/2024\/04\/Bild2-300x184.jpg 300w, https:\/\/www.leaplytics.de\/wp-content\/uploads\/2024\/04\/Bild2-98x60.jpg 98w\" sizes=\"auto, (max-width: 355px) 100vw, 355px\" \/><\/figure>\n<\/div>\n\n\n\n<div class=\"wp-block-column is-layout-flow wp-block-column-is-layout-flow\" style=\"flex-basis:66.66%\">\n<p><strong>Opci\u00f3n de exploraci\u00f3n para obtener m\u00e1s informaci\u00f3n<\/strong><\/p>\n\n\n\n<p>Navegue por capas de datos con la funci\u00f3n de exploraci\u00f3n. Permite a los usuarios explorar los factores subyacentes que influyen en cada oportunidad. Esta capacidad de inmersi\u00f3n profunda fomenta una comprensi\u00f3n profunda de los posibles impulsores e implicaciones.<\/p>\n<\/div>\n<\/div>\n\n\n\n<div class=\"wp-block-columns is-layout-flex wp-container-core-columns-is-layout-10 wp-block-columns-is-layout-flex\">\n<div class=\"wp-block-column is-vertically-aligned-center is-layout-flow wp-block-column-is-layout-flow\" style=\"flex-basis:150px\">\n<figure class=\"wp-block-image size-large is-resized\"><img loading=\"lazy\" decoding=\"async\" width=\"1024\" height=\"1024\" src=\"https:\/\/www.leaplytics.de\/wp-content\/uploads\/2022\/05\/Color-Settings-1024x1024.png\" alt=\"\" class=\"wp-image-7710\" style=\"width:128px\" srcset=\"https:\/\/www.leaplytics.de\/wp-content\/uploads\/2022\/05\/Color-Settings-1024x1024.png 1024w, https:\/\/www.leaplytics.de\/wp-content\/uploads\/2022\/05\/Color-Settings-300x300.png 300w, https:\/\/www.leaplytics.de\/wp-content\/uploads\/2022\/05\/Color-Settings-150x150.png 150w, https:\/\/www.leaplytics.de\/wp-content\/uploads\/2022\/05\/Color-Settings-768x768.png 768w, https:\/\/www.leaplytics.de\/wp-content\/uploads\/2022\/05\/Color-Settings-1536x1536.png 1536w, https:\/\/www.leaplytics.de\/wp-content\/uploads\/2022\/05\/Color-Settings-2048x2048.png 2048w, https:\/\/www.leaplytics.de\/wp-content\/uploads\/2022\/05\/Color-Settings-370x370.png 370w, https:\/\/www.leaplytics.de\/wp-content\/uploads\/2022\/05\/Color-Settings-60x60.png 60w, https:\/\/www.leaplytics.de\/wp-content\/uploads\/2022\/05\/Color-Settings-600x600.png 600w, https:\/\/www.leaplytics.de\/wp-content\/uploads\/2022\/05\/Color-Settings-100x100.png 100w\" sizes=\"auto, (max-width: 1024px) 100vw, 1024px\" \/><\/figure>\n<\/div>\n\n\n\n<div class=\"wp-block-column is-layout-flow wp-block-column-is-layout-flow\" style=\"flex-basis:66.66%\">\n<p><strong>Dise\u00f1o de color personalizado<\/strong><\/p>\n\n\n\n<p>Personalice la matriz con esquemas de color personalizados. Esto ayuda a la claridad y permite la personalizaci\u00f3n seg\u00fan los requisitos individuales.<\/p>\n<\/div>\n<\/div>\n\n\n\n<div class=\"wp-block-columns is-layout-flex wp-container-core-columns-is-layout-11 wp-block-columns-is-layout-flex\">\n<div class=\"wp-block-column is-vertically-aligned-center is-layout-flow wp-block-column-is-layout-flow\" style=\"flex-basis:150px\">\n<figure class=\"wp-block-image size-large\"><img loading=\"lazy\" decoding=\"async\" width=\"1024\" height=\"1018\" src=\"https:\/\/www.leaplytics.de\/wp-content\/uploads\/2022\/06\/Axis-Settings-1024x1018.png\" alt=\"\" class=\"wp-image-8460\" srcset=\"https:\/\/www.leaplytics.de\/wp-content\/uploads\/2022\/06\/Axis-Settings-1024x1018.png 1024w, https:\/\/www.leaplytics.de\/wp-content\/uploads\/2022\/06\/Axis-Settings-300x298.png 300w, https:\/\/www.leaplytics.de\/wp-content\/uploads\/2022\/06\/Axis-Settings-150x150.png 150w, https:\/\/www.leaplytics.de\/wp-content\/uploads\/2022\/06\/Axis-Settings-768x763.png 768w, https:\/\/www.leaplytics.de\/wp-content\/uploads\/2022\/06\/Axis-Settings-1536x1527.png 1536w, https:\/\/www.leaplytics.de\/wp-content\/uploads\/2022\/06\/Axis-Settings-60x60.png 60w, https:\/\/www.leaplytics.de\/wp-content\/uploads\/2022\/06\/Axis-Settings.png 1827w\" sizes=\"auto, (max-width: 1024px) 100vw, 1024px\" \/><\/figure>\n<\/div>\n\n\n\n<div class=\"wp-block-column is-layout-flow wp-block-column-is-layout-flow\" style=\"flex-basis:66.66%\">\n<p><strong>Parrilla, ejes e indicadores personalizables<\/strong><\/p>\n\n\n\n<p>Adapte el dise\u00f1o de la matriz a las preferencias de la organizaci\u00f3n y a los requisitos espec\u00edficos del proyecto. Ajuste las l\u00edneas de cuadr\u00edcula, las etiquetas de los ejes y los marcadores de indicadores para optimizar la legibilidad y la claridad.<\/p>\n<\/div>\n<\/div>\n\n\n\n<div class=\"wp-block-buttons is-layout-flex wp-block-buttons-is-layout-flex\">\n<div class=\"wp-block-button has-custom-font-size\" style=\"font-size:18px\"><a class=\"wp-block-button__link has-background wp-element-button\" href=\"https:\/\/www.leaplytics.de\/es\/portada\/gestion-de-proyectos-visualizaciones-personalizadas-microsoft-powerbi\/mapa-de-riesgos-visual-personalizado-para-power-bi\/\" style=\"background-color:#22316d\">Haga clic aqu\u00ed para acceder a nuestra \"matriz de riesgos\" visual personalizada para Power BI.<\/a><\/div>\n<\/div>\n\n\n\n<figure class=\"wp-block-image size-full\"><img loading=\"lazy\" decoding=\"async\" width=\"152\" height=\"37\" src=\"https:\/\/www.leaplytics.de\/wp-content\/uploads\/2022\/05\/PBI-Certified.png\" alt=\"\" class=\"wp-image-8358\" srcset=\"https:\/\/www.leaplytics.de\/wp-content\/uploads\/2022\/05\/PBI-Certified.png 152w, https:\/\/www.leaplytics.de\/wp-content\/uploads\/2022\/05\/PBI-Certified-150x37.png 150w\" sizes=\"auto, (max-width: 152px) 100vw, 152px\" \/><\/figure>\n\n\n\n<p><\/p>\n\n\n\n<h3 class=\"wp-block-heading has-medium-font-size\"><strong>Desbloquear la ventaja competitiva<\/strong><\/h3>\n\n\n\n<p>Las empresas obtienen una ventaja estrat\u00e9gica en el mercado actual utilizando la matriz de oportunidades. Identificar y gestionar las oportunidades de forma proactiva impulsa la innovaci\u00f3n, el crecimiento y la ventaja sostenible. La matriz de oportunidades de Power BI permite a las empresas gestionar las oportunidades con funciones intuitivas.<\/p>\n\n\n\n<h3 class=\"wp-block-heading has-medium-font-size\"><strong>Conclusi\u00f3n<\/strong><\/h3>\n\n\n\n<p>La matriz de oportunidades es una poderosa herramienta para la toma de decisiones estrat\u00e9gicas. Permite a las organizaciones lograr una ventaja competitiva sostenible. Con sus s\u00f3lidas funciones, equipa a las organizaciones para prosperar en un mercado competitivo. Aprov\u00e9chela para crecer e innovar, desbloqueando el potencial oculto.<\/p>","protected":false},"excerpt":{"rendered":"<p>Para los gestores de proyectos y de riesgos, aprovechar las oportunidades es tan crucial como mitigar los riesgos. Adaptando nuestra Matriz de Riesgos a Power BI, podemos convertirla en una Matriz de Oportunidades. Este enfoque permite identificar y aprovechar las oportunidades que impulsan la ventaja competitiva. Por qu\u00e9 es importante la gesti\u00f3n de oportunidades La gesti\u00f3n de oportunidades es esencial para las empresas que buscan ... <\/p>","protected":false},"author":55,"featured_media":13426,"parent":0,"menu_order":0,"comment_status":"closed","ping_status":"closed","template":"","meta":{"footnotes":""},"class_list":["post-13321","page","type-page","status-publish","has-post-thumbnail","hentry","latest_post"],"_links":{"self":[{"href":"https:\/\/www.leaplytics.de\/es\/wp-json\/wp\/v2\/pages\/13321","targetHints":{"allow":["GET"]}}],"collection":[{"href":"https:\/\/www.leaplytics.de\/es\/wp-json\/wp\/v2\/pages"}],"about":[{"href":"https:\/\/www.leaplytics.de\/es\/wp-json\/wp\/v2\/types\/page"}],"author":[{"embeddable":true,"href":"https:\/\/www.leaplytics.de\/es\/wp-json\/wp\/v2\/users\/55"}],"replies":[{"embeddable":true,"href":"https:\/\/www.leaplytics.de\/es\/wp-json\/wp\/v2\/comments?post=13321"}],"version-history":[{"count":11,"href":"https:\/\/www.leaplytics.de\/es\/wp-json\/wp\/v2\/pages\/13321\/revisions"}],"predecessor-version":[{"id":13424,"href":"https:\/\/www.leaplytics.de\/es\/wp-json\/wp\/v2\/pages\/13321\/revisions\/13424"}],"wp:featuredmedia":[{"embeddable":true,"href":"https:\/\/www.leaplytics.de\/es\/wp-json\/wp\/v2\/media\/13426"}],"wp:attachment":[{"href":"https:\/\/www.leaplytics.de\/es\/wp-json\/wp\/v2\/media?parent=13321"}],"curies":[{"name":"wp","href":"https:\/\/api.w.org\/{rel}","templated":true}]}}