{"id":1342,"date":"2021-03-02T22:53:22","date_gmt":"2021-03-02T21:53:22","guid":{"rendered":"https:\/\/www.leaplytics.de\/?page_id=1342"},"modified":"2022-06-15T15:04:53","modified_gmt":"2022-06-15T13:04:53","slug":"mapa-de-riesgos-oferta-qliksense","status":"publish","type":"page","link":"https:\/\/www.leaplytics.de\/es\/mapa-de-riesgos-oferta-qliksense\/","title":{"rendered":"Mapa de riesgos de la oferta de Qlik Sense"},"content":{"rendered":"<div class=\"wp-block-image\">\n<figure class=\"aligncenter size-full is-resized\"><img loading=\"lazy\" decoding=\"async\" src=\"https:\/\/www.leaplytics.de\/wp-content\/uploads\/2022\/03\/risk-heatmap-power-bi.png\" alt=\"\" class=\"wp-image-4072\" width=\"283\" height=\"240\" srcset=\"https:\/\/www.leaplytics.de\/wp-content\/uploads\/2022\/03\/risk-heatmap-power-bi.png 566w, https:\/\/www.leaplytics.de\/wp-content\/uploads\/2022\/03\/risk-heatmap-power-bi-300x254.png 300w, https:\/\/www.leaplytics.de\/wp-content\/uploads\/2022\/03\/risk-heatmap-power-bi-71x60.png 71w\" sizes=\"auto, (max-width: 283px) 100vw, 283px\" \/><\/figure><\/div>\n\n\n<div style=\"height:50px\" aria-hidden=\"true\" class=\"wp-block-spacer\"><\/div>\n\n\n\n<div class=\"wp-block-columns alignwide is-layout-flex wp-container-core-columns-is-layout-1 wp-block-columns-is-layout-flex\">\n<div class=\"wp-block-column has-text-color has-background has-link-color wp-elements-4cbab37e52d99c67b95a975d02fd8b03 is-layout-flow wp-block-column-is-layout-flow\" style=\"background-color:#eeeeee;color:#000000;padding-top:2em;padding-right:2em;padding-bottom:2em;padding-left:2em\">\n<h2 class=\"wp-block-heading\" id=\"single\" style=\"font-size:40px\"><strong>Versi\u00f3n GRATUITA<\/strong><\/h2>\n\n\n\n<div style=\"height:10px\" aria-hidden=\"true\" class=\"wp-block-spacer\"><\/div>\n\n\n\n<p class=\"has-normal-font-size\" style=\"line-height:1.5\">La versi\u00f3n GRATUITA de LeapLytics - Risk Heatmap es de uso gratuito con marca de agua y funcionalidad limitada.<\/p>\n\n\n\n<div style=\"height:10px\" aria-hidden=\"true\" class=\"wp-block-spacer\"><\/div>\n\n\n\n<hr class=\"wp-block-separator has-text-color has-css-opacity has-background is-style-wide\" style=\"background-color:#000000;color:#000000\"\/>\n\n\n\n<div style=\"height:10px\" aria-hidden=\"true\" class=\"wp-block-spacer\"><\/div>\n\n\n\n<p><i class=\"fas fa-times\"><\/i> Marca de agua eliminada<\/p>\n\n\n\n<p><i class=\"fas fa-times\"><\/i> Tama\u00f1o de cuadr\u00edcula individual<\/p>\n\n\n\n<p><i class=\"fas fa-times\"><\/i> Combinaci\u00f3n de colores definida por el usuario<\/p>\n\n\n\n<p><i class=\"fas fa-times\"><\/i> Inversor de color<\/p>\n\n\n\n<p><i class=\"fas fa-times\"><\/i> Configuraci\u00f3n de los bordes<\/p>\n\n\n\n<p><i class=\"fas fa-times\"><\/i> Ajustes del eje<\/p>\n\n\n\n<p><i class=\"fas fa-times\"><\/i> Configuraci\u00f3n de los indicadores<\/p>\n\n\n\n<p><i class=\"fas fa-times\"><\/i> Configuraci\u00f3n del texto<\/p>\n\n\n\n<p><i class=\"fas fa-times\"><\/i> Ajustes de color<\/p>\n\n\n\n<p><i class=\"fas fa-times\"><\/i> Navegaciones y acciones<\/p>\n\n\n\n<p><i class=\"fas fa-times\"><\/i> Imprimible*<\/p>\n\n\n\n<div style=\"height:10px\" aria-hidden=\"true\" class=\"wp-block-spacer\"><\/div>\n\n\n\n<div class=\"wp-block-buttons alignfull is-horizontal is-content-justification-center is-layout-flex wp-container-core-buttons-is-layout-1 wp-block-buttons-is-layout-flex\">\n<div class=\"wp-block-button\"><a class=\"wp-block-button__link has-white-color has-text-color\" href=\"https:\/\/developer.qlik.com\/garden\/5fd6531adae7960011eb30ec\" target=\"_blank\" rel=\"noreferrer noopener\">Obtener versi\u00f3n GRATUITA<\/a><\/div>\n<\/div>\n\n\n\n<div style=\"height:20px\" aria-hidden=\"true\" class=\"wp-block-spacer\"><\/div>\n\n\n\n<p class=\"has-text-align-center has-text-color\" style=\"color:#98bd00\"><em><strong>Ya est\u00e1 utilizando la versi\u00f3n GRATUITA de esta extensi\u00f3n. <\/strong><\/em><\/p>\n<\/div>\n\n\n\n<div class=\"wp-block-column has-text-color has-background has-link-color wp-elements-deba5d9a51dfbae959217a0dabf93cd8 is-layout-flow wp-block-column-is-layout-flow\" style=\"background-color:#98bd00;color:#000000;padding-top:2em;padding-right:2em;padding-bottom:2em;padding-left:2em\">\n<h2 class=\"has-black-color has-text-color wp-block-heading\" id=\"family\" style=\"font-size:40px\"><strong>Versi\u00f3n PRO<\/strong><\/h2>\n\n\n\n<div style=\"height:10px\" aria-hidden=\"true\" class=\"wp-block-spacer\"><\/div>\n\n\n\n<p class=\"has-normal-font-size\" style=\"line-height:1.5\">La versi\u00f3n PRO de LeapLytics - Risk Heatmap elimina la marca de agua y todas las restricciones para liberar todo el poder de esta extensi\u00f3n.<\/p>\n\n\n\n<div style=\"height:10px\" aria-hidden=\"true\" class=\"wp-block-spacer\"><\/div>\n\n\n\n<hr class=\"wp-block-separator has-text-color has-black-color has-css-opacity has-black-background-color has-background is-style-wide\"\/>\n\n\n\n<div style=\"height:10px\" aria-hidden=\"true\" class=\"wp-block-spacer\"><\/div>\n\n\n\n<p><i class=\"fas fa-check\"><\/i>  Marca de agua eliminada<\/p>\n\n\n\n<p><i class=\"fas fa-check\"><\/i>  Tama\u00f1o de cuadr\u00edcula individual<\/p>\n\n\n\n<p><i class=\"fas fa-check\"><\/i>  Combinaci\u00f3n de colores definida por el usuario<\/p>\n\n\n\n<p><i class=\"fas fa-check\"><\/i>  Inversor de color<\/p>\n\n\n\n<p><i class=\"fas fa-check\"><\/i>  Configuraci\u00f3n de los bordes<\/p>\n\n\n\n<p><i class=\"fas fa-check\"><\/i>  Ajustes del eje<\/p>\n\n\n\n<p><i class=\"fas fa-check\"><\/i>  Configuraci\u00f3n de los indicadores<\/p>\n\n\n\n<p><i class=\"fas fa-check\"><\/i>  Configuraci\u00f3n del texto<\/p>\n\n\n\n<p><i class=\"fas fa-check\"><\/i>  Ajustes de color<\/p>\n\n\n\n<p><i class=\"fas fa-check\"><\/i>  Navegaciones y acciones<\/p>\n\n\n\n<p><i class=\"fas fa-check\"><\/i>  Imprimible*<\/p>\n\n\n\n<div class=\"wp-block-buttons is-layout-flex wp-block-buttons-is-layout-flex\">\n<div class=\"wp-block-button aligncenter\"><a class=\"wp-block-button__link\" href=\"https:\/\/shop.leaplytics.de\/product\/power-bi-risk-heatmap\/\">Comprar versi\u00f3n PRO<\/a><\/div>\n<\/div>\n\n\n\n<div style=\"height:10px\" aria-hidden=\"true\" class=\"wp-block-spacer\"><\/div>\n\n\n\n<div class=\"wp-block-buttons alignfull is-horizontal is-content-justification-center is-layout-flex wp-container-core-buttons-is-layout-3 wp-block-buttons-is-layout-flex\">\n<div class=\"wp-block-button\"><a class=\"wp-block-button__link has-white-color has-text-color\" href=\"https:\/\/www.leaplytics.de\/es\/mapa-de-riesgos-oferta-qliksense\/?utm_source=risk-heatmap&amp;utm_medium=extension&amp;utm_campaign=modal\/#contact\">Prueba la versi\u00f3n PRO<\/a><\/div>\n<\/div>\n<\/div>\n<\/div>\n\n\n\n<p> * ver <a href=\"https:\/\/community.qlik.com\/t5\/Knowledge\/Qlik-Sense-Enterprise-SaaS-Third-party-extensions-cannot-be\/ta-p\/1755264\">Limitaciones de QlikSense <\/a> <\/p>\n\n\n\n<div style=\"height:50px\" aria-hidden=\"true\" class=\"wp-block-spacer\"><\/div>\n\n\n\n<hr class=\"wp-block-separator has-text-color has-cyan-bluish-gray-color has-css-opacity has-cyan-bluish-gray-background-color has-background\"\/>\n\n\n\n<div style=\"height:50px\" aria-hidden=\"true\" class=\"wp-block-spacer\"><\/div>\n\n\n\n<h2 class=\"wp-block-heading\" id=\"contact\">Probar antes de comprar <\/h2>\n\n\n\n<div style=\"height:10px\" aria-hidden=\"true\" class=\"wp-block-spacer\"><\/div>\n\n\n\n<h4 class=\"wp-block-heading\" id=\"contact\">Solicite ahora su licencia personal de prueba de 2 semanas.<\/h4>\n\n\n\n<div style=\"height:50px\" aria-hidden=\"true\" class=\"wp-block-spacer\"><\/div>\n\n\n\n<div class=\"wpcf7 no-js\" id=\"wpcf7-f8631-o1\" lang=\"de-DE\" dir=\"ltr\" data-wpcf7-id=\"8631\">\n<div class=\"screen-reader-response\"><p role=\"status\" aria-live=\"polite\" aria-atomic=\"true\"><\/p> <ul><\/ul><\/div>\n<form action=\"\/es\/wp-json\/wp\/v2\/pages\/1342#wpcf7-f8631-o1\" method=\"post\" class=\"wpcf7-form init\" aria-label=\"Kontaktformular\" novalidate=\"novalidate\" data-status=\"init\" data-trp-original-action=\"\/es\/wp-json\/wp\/v2\/pages\/1342#wpcf7-f8631-o1\">\n<fieldset class=\"hidden-fields-container\"><input type=\"hidden\" name=\"_wpcf7\" value=\"8631\" \/><input type=\"hidden\" name=\"_wpcf7_version\" value=\"6.1.1\" \/><input type=\"hidden\" name=\"_wpcf7_locale\" value=\"de_DE\" \/><input type=\"hidden\" name=\"_wpcf7_unit_tag\" value=\"wpcf7-f8631-o1\" \/><input type=\"hidden\" name=\"_wpcf7_container_post\" value=\"0\" \/><input type=\"hidden\" name=\"_wpcf7_posted_data_hash\" value=\"\" \/><input type=\"hidden\" name=\"_wpcf7_recaptcha_response\" value=\"\" \/>\n<\/fieldset>\n<p><label> Nombre (*)<br \/>\n<span class=\"wpcf7-form-control-wrap\" data-name=\"first-name\"><input size=\"40\" maxlength=\"400\" class=\"wpcf7-form-control wpcf7-text wpcf7-validates-as-required\" aria-required=\"true\" aria-invalid=\"false\" value=\"\" type=\"text\" name=\"first-name\" \/><\/span><\/label>\n<\/p>\n<p><label> Apellido (*)<br \/>\n<span class=\"wpcf7-form-control-wrap\" data-name=\"your-name\"><input size=\"40\" maxlength=\"400\" class=\"wpcf7-form-control wpcf7-text wpcf7-validates-as-required\" aria-required=\"true\" aria-invalid=\"false\" value=\"\" type=\"text\" name=\"your-name\" \/><\/span> <\/label>\n<\/p>\n<p><label> Correo electr\u00f3nico (*)<br \/>\n<span class=\"wpcf7-form-control-wrap\" data-name=\"your-email\"><input size=\"40\" maxlength=\"400\" class=\"wpcf7-form-control wpcf7-email wpcf7-validates-as-required wpcf7-text wpcf7-validates-as-email\" aria-required=\"true\" aria-invalid=\"false\" value=\"\" type=\"email\" name=\"your-email\" \/><\/span> <\/label>\n<\/p>\n<p><label> Empresa (*)<br \/>\n<span class=\"wpcf7-form-control-wrap\" data-name=\"Company\"><input size=\"40\" maxlength=\"400\" class=\"wpcf7-form-control wpcf7-text wpcf7-validates-as-required\" aria-required=\"true\" aria-invalid=\"false\" value=\"\" type=\"text\" name=\"Company\" \/><\/span> <\/label>\n<\/p>\n<p><label> Su mensaje o comentario<br \/>\n<span class=\"wpcf7-form-control-wrap\" data-name=\"your-message\"><textarea cols=\"40\" rows=\"10\" maxlength=\"2000\" class=\"wpcf7-form-control wpcf7-textarea\" aria-invalid=\"false\" name=\"your-message\"><\/textarea><\/span> <\/label>\n<\/p>\n<p><b>Tenga en cuenta lo siguiente:<\/b> Si lo hace <u>no ver<\/u> el bot\u00f3n \"Enviar\", habr\u00e1 <u>no aceptado<\/u> nuestra pol\u00edtica de privacidad. Por lo tanto, no estamos autorizados a recoger sus datos de esta forma. Escr\u00edbenos en el chat de la derecha o borra tus cookies en el navegador (Ctrl + May\u00fas + Supr) y acepta la pol\u00edtica de privacidad tras recargar la p\u00e1gina.\n<\/p><div class=\"wpcf7-response-output\" aria-hidden=\"true\"><\/div>\n<input type=\"hidden\" name=\"trp-form-language\" value=\"es\"\/><\/form>\n<\/div>","protected":false},"excerpt":{"rendered":"<p>FREE Version The FREE Version of LeapLytics &#8211; Risk Heatmap is free to use with watermark and limited functionality. Watermark removed Individual Grid Size User Defined Color Scheme Color Inverter Border Settings Axis Settings Indicator Settings Text Settings Color Settings Navigations &amp; Actions Printable* You are already using the FREE version of this extension. PRO &hellip; <\/p>","protected":false},"author":1,"featured_media":0,"parent":0,"menu_order":0,"comment_status":"closed","ping_status":"closed","template":"","meta":{"footnotes":""},"class_list":["post-1342","page","type-page","status-publish","hentry","latest_post"],"_links":{"self":[{"href":"https:\/\/www.leaplytics.de\/es\/wp-json\/wp\/v2\/pages\/1342","targetHints":{"allow":["GET"]}}],"collection":[{"href":"https:\/\/www.leaplytics.de\/es\/wp-json\/wp\/v2\/pages"}],"about":[{"href":"https:\/\/www.leaplytics.de\/es\/wp-json\/wp\/v2\/types\/page"}],"author":[{"embeddable":true,"href":"https:\/\/www.leaplytics.de\/es\/wp-json\/wp\/v2\/users\/1"}],"replies":[{"embeddable":true,"href":"https:\/\/www.leaplytics.de\/es\/wp-json\/wp\/v2\/comments?post=1342"}],"version-history":[{"count":0,"href":"https:\/\/www.leaplytics.de\/es\/wp-json\/wp\/v2\/pages\/1342\/revisions"}],"wp:attachment":[{"href":"https:\/\/www.leaplytics.de\/es\/wp-json\/wp\/v2\/media?parent=1342"}],"curies":[{"name":"wp","href":"https:\/\/api.w.org\/{rel}","templated":true}]}}