{"id":13482,"date":"2024-06-03T18:15:40","date_gmt":"2024-06-03T16:15:40","guid":{"rendered":"https:\/\/www.leaplytics.de\/?page_id=13482"},"modified":"2024-06-03T18:15:41","modified_gmt":"2024-06-03T16:15:41","slug":"herramientas-de-gestion-de-riesgos-top-10-que-todo-gestor-de-proyectos-debe-conocer-en-2024","status":"publish","type":"page","link":"https:\/\/www.leaplytics.de\/es\/herramientas-de-gestion-de-riesgos-top-10-que-todo-gestor-de-proyectos-debe-conocer-en-2024\/","title":{"rendered":"Herramientas de gesti\u00f3n de riesgos: las 10 que todo gestor de proyectos debe conocer en 2024"},"content":{"rendered":"<p>Los problemas inesperados, o riesgos, a menudo pueden hacer descarrilar incluso los planes de proyecto mejor trazados. Por eso la gesti\u00f3n eficaz de los riesgos es crucial para todo gestor de proyectos. Con las herramientas y t\u00e9cnicas adecuadas, puede identificar, evaluar y mitigar los riesgos en una fase temprana. Estas son las 10 principales herramientas y t\u00e9cnicas de gesti\u00f3n de riesgos que todo gestor de proyectos debe conocer:<\/p>\n\n\n\n<div class=\"wp-block-columns is-layout-flex wp-container-core-columns-is-layout-1 wp-block-columns-is-layout-flex\">\n<div class=\"wp-block-column is-vertically-aligned-center is-layout-flow wp-block-column-is-layout-flow\" style=\"flex-basis:150px\"><div class=\"wp-block-image wp-duotone-rgb949494-ffffff-1\">\n<figure class=\"aligncenter size-full is-resized\"><img loading=\"lazy\" decoding=\"async\" width=\"640\" height=\"427\" src=\"https:\/\/www.leaplytics.de\/wp-content\/uploads\/2024\/05\/excel-logo-8033473_640.webp\" alt=\"\" class=\"wp-image-13483\" style=\"width:170px\" srcset=\"https:\/\/www.leaplytics.de\/wp-content\/uploads\/2024\/05\/excel-logo-8033473_640.webp 640w, https:\/\/www.leaplytics.de\/wp-content\/uploads\/2024\/05\/excel-logo-8033473_640-300x200.webp 300w, https:\/\/www.leaplytics.de\/wp-content\/uploads\/2024\/05\/excel-logo-8033473_640-90x60.webp 90w\" sizes=\"auto, (max-width: 640px) 100vw, 640px\" \/><\/figure><\/div><\/div>\n\n\n\n<div class=\"wp-block-column is-layout-flow wp-block-column-is-layout-flow\" style=\"flex-basis:66.66%\">\n<p><strong>Microsoft Excel<\/strong><\/p>\n\n\n\n<p>Microsoft Excel es una herramienta fundamental para la gesti\u00f3n de riesgos. Es f\u00e1cil de usar y muy accesible. Excel permite a los gestores de proyectos crear listas detalladas de riesgos potenciales y hacer un seguimiento de su estado a lo largo del ciclo de vida del proyecto. Por ejemplo, se puede utilizar Excel para enumerar todos los riesgos posibles de un proyecto y esbozar estrategias para afrontar cada uno de ellos. Excel despliega todo su potencial cuando trabaja junto con otras potentes herramientas.<\/p>\n<\/div>\n<\/div>\n\n\n\n<div class=\"wp-block-columns is-layout-flex wp-container-core-columns-is-layout-2 wp-block-columns-is-layout-flex\">\n<div class=\"wp-block-column is-vertically-aligned-center is-layout-flow wp-block-column-is-layout-flow\" style=\"flex-basis:150px\"><div class=\"wp-block-image wp-duotone-grayscale\">\n<figure class=\"aligncenter size-full is-resized\"><img loading=\"lazy\" decoding=\"async\" width=\"225\" height=\"300\" src=\"https:\/\/www.leaplytics.de\/wp-content\/uploads\/2024\/05\/power-bi-icon-logo-E1B451ED39-seeklogo.com_.png\" alt=\"\" class=\"wp-image-13484\" style=\"width:76px;height:auto\" srcset=\"https:\/\/www.leaplytics.de\/wp-content\/uploads\/2024\/05\/power-bi-icon-logo-E1B451ED39-seeklogo.com_.png 225w, https:\/\/www.leaplytics.de\/wp-content\/uploads\/2024\/05\/power-bi-icon-logo-E1B451ED39-seeklogo.com_-45x60.png 45w\" sizes=\"auto, (max-width: 225px) 100vw, 225px\" \/><\/figure><\/div><\/div>\n\n\n\n<div class=\"wp-block-column is-layout-flow wp-block-column-is-layout-flow\" style=\"flex-basis:66.66%\">\n<p><strong>Microsoft Power BI<\/strong><\/p>\n\n\n\n<p>Power BI es una potente herramienta de visualizaci\u00f3n de datos que transforma datos complejos en visuales reveladores. Excel y Power BI son la pareja perfecta. Excel le ayuda a almacenar y gestionar sus datos y Power BI le ayuda con informes visuales interactivos. Estos cuadros de mando interactivos ponen de relieve sus riesgos e impactos. Imag\u00ednese utilizar gr\u00e1ficos de colores para mostrar los riesgos de su \u00faltimo proyecto, facilitando a todo el mundo la comprensi\u00f3n y la actuaci\u00f3n.<\/p>\n<\/div>\n<\/div>\n\n\n\n<div class=\"wp-block-columns is-layout-flex wp-container-core-columns-is-layout-3 wp-block-columns-is-layout-flex\">\n<div class=\"wp-block-column is-vertically-aligned-center is-layout-flow wp-block-column-is-layout-flow\" style=\"flex-basis:150px\"><div class=\"wp-block-image wp-duotone-858585-ffffff-2\">\n<figure class=\"aligncenter size-full is-resized\"><img loading=\"lazy\" decoding=\"async\" width=\"96\" height=\"96\" src=\"https:\/\/www.leaplytics.de\/wp-content\/uploads\/2024\/05\/Bild1.svg_.jpg\" alt=\"\" class=\"wp-image-13485\" style=\"width:120px\" srcset=\"https:\/\/www.leaplytics.de\/wp-content\/uploads\/2024\/05\/Bild1.svg_.jpg 96w, https:\/\/www.leaplytics.de\/wp-content\/uploads\/2024\/05\/Bild1.svg_-60x60.jpg 60w\" sizes=\"auto, (max-width: 96px) 100vw, 96px\" \/><\/figure><\/div><\/div>\n\n\n\n<div class=\"wp-block-column is-layout-flow wp-block-column-is-layout-flow\" style=\"flex-basis:66.66%\">\n<p><strong>Registro de riesgos<\/strong><\/p>\n\n\n\n<p>Un registro de riesgos es un documento vital en la gesti\u00f3n de riesgos. Ayuda a los gestores de proyectos a mantener todos los riesgos identificados en un solo lugar. Imag\u00edneselo como un cuaderno exhaustivo donde se documentan todos los posibles problemas y las correspondientes estrategias de mitigaci\u00f3n. As\u00ed se garantiza que los riesgos no se pasen por alto y se controlen continuamente.<\/p>\n<\/div>\n<\/div>\n\n\n\n<div class=\"wp-block-columns is-layout-flex wp-container-core-columns-is-layout-4 wp-block-columns-is-layout-flex\">\n<div class=\"wp-block-column is-vertically-aligned-center is-layout-flow wp-block-column-is-layout-flow\" style=\"flex-basis:150px\"><div class=\"wp-block-image wp-duotone-unset-3\">\n<figure class=\"aligncenter size-full is-resized\"><img loading=\"lazy\" decoding=\"async\" width=\"1827\" height=\"1816\" src=\"https:\/\/www.leaplytics.de\/wp-content\/uploads\/2022\/06\/Axis-Settings.png\" alt=\"\" class=\"wp-image-8460\" style=\"width:110px\" srcset=\"https:\/\/www.leaplytics.de\/wp-content\/uploads\/2022\/06\/Axis-Settings.png 1827w, https:\/\/www.leaplytics.de\/wp-content\/uploads\/2022\/06\/Axis-Settings-300x298.png 300w, https:\/\/www.leaplytics.de\/wp-content\/uploads\/2022\/06\/Axis-Settings-1024x1018.png 1024w, https:\/\/www.leaplytics.de\/wp-content\/uploads\/2022\/06\/Axis-Settings-150x150.png 150w, https:\/\/www.leaplytics.de\/wp-content\/uploads\/2022\/06\/Axis-Settings-768x763.png 768w, https:\/\/www.leaplytics.de\/wp-content\/uploads\/2022\/06\/Axis-Settings-1536x1527.png 1536w, https:\/\/www.leaplytics.de\/wp-content\/uploads\/2022\/06\/Axis-Settings-60x60.png 60w\" sizes=\"auto, (max-width: 1827px) 100vw, 1827px\" \/><\/figure><\/div><\/div>\n\n\n\n<div class=\"wp-block-column is-layout-flow wp-block-column-is-layout-flow\" style=\"flex-basis:66.66%\">\n<p><strong>Matriz de riesgos<\/strong><\/p>\n\n\n\n<p>La matriz de riesgos es una herramienta visual que ayuda a los gestores de proyectos a priorizar los riesgos en funci\u00f3n de su probabilidad e impacto. Al trazar los riesgos en una matriz, puede ver r\u00e1pidamente cu\u00e1les requieren atenci\u00f3n inmediata. La matriz de riesgos es s\u00f3lo uno de los elementos visuales que deber\u00edan formar parte del cuadro de mando de Power BI de todo gestor de riesgos.<\/p>\n<\/div>\n<\/div>\n\n\n\n<div class=\"wp-block-columns is-layout-flex wp-container-core-columns-is-layout-5 wp-block-columns-is-layout-flex\">\n<div class=\"wp-block-column is-vertically-aligned-center is-layout-flow wp-block-column-is-layout-flow\" style=\"flex-basis:150px\"><div class=\"wp-block-image wp-duotone-858585-ffffff-4\">\n<figure class=\"aligncenter size-full is-resized\"><img loading=\"lazy\" decoding=\"async\" width=\"500\" height=\"500\" src=\"https:\/\/www.leaplytics.de\/wp-content\/uploads\/2024\/05\/kisspng-computer-icons-normal-distribution-probability-dis-5adcdc96034e34.1804701715244238300136-removebg-preview.png\" alt=\"\" class=\"wp-image-13487\" style=\"width:110px\" srcset=\"https:\/\/www.leaplytics.de\/wp-content\/uploads\/2024\/05\/kisspng-computer-icons-normal-distribution-probability-dis-5adcdc96034e34.1804701715244238300136-removebg-preview.png 500w, https:\/\/www.leaplytics.de\/wp-content\/uploads\/2024\/05\/kisspng-computer-icons-normal-distribution-probability-dis-5adcdc96034e34.1804701715244238300136-removebg-preview-300x300.png 300w, https:\/\/www.leaplytics.de\/wp-content\/uploads\/2024\/05\/kisspng-computer-icons-normal-distribution-probability-dis-5adcdc96034e34.1804701715244238300136-removebg-preview-150x150.png 150w, https:\/\/www.leaplytics.de\/wp-content\/uploads\/2024\/05\/kisspng-computer-icons-normal-distribution-probability-dis-5adcdc96034e34.1804701715244238300136-removebg-preview-370x370.png 370w, https:\/\/www.leaplytics.de\/wp-content\/uploads\/2024\/05\/kisspng-computer-icons-normal-distribution-probability-dis-5adcdc96034e34.1804701715244238300136-removebg-preview-60x60.png 60w\" sizes=\"auto, (max-width: 500px) 100vw, 500px\" \/><\/figure><\/div><\/div>\n\n\n\n<div class=\"wp-block-column is-layout-flow wp-block-column-is-layout-flow\" style=\"flex-basis:66.66%\">\n<p><strong>Simulaci\u00f3n Monte Carlo<\/strong><\/p>\n\n\n\n<p>La simulaci\u00f3n de Montecarlo es una herramienta m\u00e1s avanzada que utiliza m\u00e9todos estad\u00edsticos para predecir el impacto de los riesgos. Es como tirar los dados muchas veces para ver los resultados m\u00e1s comunes. Esta herramienta le ayuda a anticipar posibles problemas y a planificar en consecuencia. Una simulaci\u00f3n Monte Carlo es especialmente \u00fatil para proyectos complejos con m\u00faltiples variables. Microsoft Excel es la herramienta ideal para realizar una simulaci\u00f3n de Montecarlo.<\/p>\n<\/div>\n<\/div>\n\n\n\n<div class=\"wp-block-columns is-layout-flex wp-container-core-columns-is-layout-6 wp-block-columns-is-layout-flex\">\n<div class=\"wp-block-column is-vertically-aligned-center is-layout-flow wp-block-column-is-layout-flow\" style=\"flex-basis:150px\"><div class=\"wp-block-image wp-duotone-858585-ffffff-5\">\n<figure class=\"aligncenter size-full is-resized\"><img loading=\"lazy\" decoding=\"async\" width=\"256\" height=\"256\" src=\"https:\/\/www.leaplytics.de\/wp-content\/uploads\/2024\/05\/pedigree-1-337562-removebg-preview.png\" alt=\"\" class=\"wp-image-13495\" style=\"width:110px\" srcset=\"https:\/\/www.leaplytics.de\/wp-content\/uploads\/2024\/05\/pedigree-1-337562-removebg-preview.png 256w, https:\/\/www.leaplytics.de\/wp-content\/uploads\/2024\/05\/pedigree-1-337562-removebg-preview-150x150.png 150w, https:\/\/www.leaplytics.de\/wp-content\/uploads\/2024\/05\/pedigree-1-337562-removebg-preview-60x60.png 60w\" sizes=\"auto, (max-width: 256px) 100vw, 256px\" \/><\/figure><\/div><\/div>\n\n\n\n<div class=\"wp-block-column is-layout-flow wp-block-column-is-layout-flow\" style=\"flex-basis:66.66%\">\n<p><strong>PERT (T\u00e9cnica de revisi\u00f3n y evaluaci\u00f3n de programas)<\/strong><\/p>\n\n\n\n<p>El PERT es una t\u00e9cnica que ayuda a los gestores de proyectos a entender c\u00f3mo el tiempo y los riesgos pueden afectar a los calendarios de los proyectos. Al trazar un mapa de todos los pasos y tareas de un proyecto y analizar los posibles retrasos, el PERT proporciona una imagen m\u00e1s clara del calendario del proyecto. Por ejemplo, analizar los riesgos del proyecto y su impacto en la duraci\u00f3n de cada tarea puede ayudarle a minimizar los retrasos del proyecto.<\/p>\n<\/div>\n<\/div>\n\n\n\n<div class=\"wp-block-columns is-layout-flex wp-container-core-columns-is-layout-7 wp-block-columns-is-layout-flex\">\n<div class=\"wp-block-column is-vertically-aligned-center is-layout-flow wp-block-column-is-layout-flow\" style=\"flex-basis:150px\"><div class=\"wp-block-image wp-duotone-858585-ffffff-6\">\n<figure class=\"aligncenter size-full is-resized\"><img loading=\"lazy\" decoding=\"async\" width=\"512\" height=\"512\" src=\"https:\/\/www.leaplytics.de\/wp-content\/uploads\/2024\/05\/4940750.png\" alt=\"\" class=\"wp-image-13489\" style=\"width:110px\" srcset=\"https:\/\/www.leaplytics.de\/wp-content\/uploads\/2024\/05\/4940750.png 512w, https:\/\/www.leaplytics.de\/wp-content\/uploads\/2024\/05\/4940750-300x300.png 300w, https:\/\/www.leaplytics.de\/wp-content\/uploads\/2024\/05\/4940750-150x150.png 150w, https:\/\/www.leaplytics.de\/wp-content\/uploads\/2024\/05\/4940750-370x370.png 370w, https:\/\/www.leaplytics.de\/wp-content\/uploads\/2024\/05\/4940750-60x60.png 60w\" sizes=\"auto, (max-width: 512px) 100vw, 512px\" \/><\/figure><\/div><\/div>\n\n\n\n<div class=\"wp-block-column is-layout-flow wp-block-column-is-layout-flow\" style=\"flex-basis:66.66%\">\n<p><strong>An\u00e1lisis DAFO<\/strong><\/p>\n\n\n\n<p>El an\u00e1lisis DAFO es una herramienta de planificaci\u00f3n estrat\u00e9gica que examina los puntos fuertes, los puntos d\u00e9biles, las oportunidades y las amenazas. Esta visi\u00f3n hol\u00edstica ayuda a los gestores de proyectos a comprender los factores internos y externos que podr\u00edan afectar al proyecto. Es como escanear el entorno empresarial para tomar mejores decisiones.<\/p>\n<\/div>\n<\/div>\n\n\n\n<div class=\"wp-block-columns is-layout-flex wp-container-core-columns-is-layout-8 wp-block-columns-is-layout-flex\">\n<div class=\"wp-block-column is-vertically-aligned-center is-layout-flow wp-block-column-is-layout-flow\" style=\"flex-basis:150px\"><div class=\"wp-block-image wp-duotone-858585-ffffff-7\">\n<figure class=\"aligncenter size-full is-resized\"><img loading=\"lazy\" decoding=\"async\" width=\"512\" height=\"512\" src=\"https:\/\/www.leaplytics.de\/wp-content\/uploads\/2024\/05\/bow_tie_icon_126607.png\" alt=\"\" class=\"wp-image-13490\" style=\"width:110px\" srcset=\"https:\/\/www.leaplytics.de\/wp-content\/uploads\/2024\/05\/bow_tie_icon_126607.png 512w, https:\/\/www.leaplytics.de\/wp-content\/uploads\/2024\/05\/bow_tie_icon_126607-300x300.png 300w, https:\/\/www.leaplytics.de\/wp-content\/uploads\/2024\/05\/bow_tie_icon_126607-150x150.png 150w, https:\/\/www.leaplytics.de\/wp-content\/uploads\/2024\/05\/bow_tie_icon_126607-370x370.png 370w, https:\/\/www.leaplytics.de\/wp-content\/uploads\/2024\/05\/bow_tie_icon_126607-60x60.png 60w\" sizes=\"auto, (max-width: 512px) 100vw, 512px\" \/><\/figure><\/div><\/div>\n\n\n\n<div class=\"wp-block-column is-layout-flow wp-block-column-is-layout-flow\" style=\"flex-basis:66.66%\">\n<p><strong>Diagrama de pajarita<\/strong><\/p>\n\n\n\n<p>El diagrama de Bowtie es una herramienta visual que muestra c\u00f3mo se producen los riesgos y sus efectos. Le ayuda a comprender las causas de los riesgos y c\u00f3mo prevenirlos. Incluir un Diagrama Bowtie en su cuadro de mando de Power BI le ayuda a comprender las fuerzas subyacentes de su cartera de riesgos.<\/p>\n<\/div>\n<\/div>\n\n\n\n<div class=\"wp-block-columns is-layout-flex wp-container-core-columns-is-layout-9 wp-block-columns-is-layout-flex\">\n<div class=\"wp-block-column is-vertically-aligned-center is-layout-flow wp-block-column-is-layout-flow\" style=\"flex-basis:150px\"><div class=\"wp-block-image wp-duotone-858585-ffffff-8\">\n<figure class=\"aligncenter size-full is-resized\"><img loading=\"lazy\" decoding=\"async\" width=\"200\" height=\"200\" src=\"https:\/\/www.leaplytics.de\/wp-content\/uploads\/2024\/05\/3732359-200.png\" alt=\"\" class=\"wp-image-13491\" style=\"width:110px\" srcset=\"https:\/\/www.leaplytics.de\/wp-content\/uploads\/2024\/05\/3732359-200.png 200w, https:\/\/www.leaplytics.de\/wp-content\/uploads\/2024\/05\/3732359-200-150x150.png 150w, https:\/\/www.leaplytics.de\/wp-content\/uploads\/2024\/05\/3732359-200-60x60.png 60w\" sizes=\"auto, (max-width: 200px) 100vw, 200px\" \/><\/figure><\/div><\/div>\n\n\n\n<div class=\"wp-block-column is-layout-flow wp-block-column-is-layout-flow\" style=\"flex-basis:66.66%\">\n<p><strong>Estructura de desglose de riesgos (EDR)<\/strong><\/p>\n\n\n\n<p>El RBS es un marco jer\u00e1rquico que clasifica los riesgos en diferentes grupos. Esta herramienta organizativa ayuda a los gestores de proyectos a identificar y gestionar sistem\u00e1ticamente los riesgos. Por ejemplo, puede categorizar los riesgos en funci\u00f3n de su origen o \u00e1rea de impacto.<\/p>\n<\/div>\n<\/div>\n\n\n\n<div class=\"wp-block-columns is-layout-flex wp-container-core-columns-is-layout-10 wp-block-columns-is-layout-flex\">\n<div class=\"wp-block-column is-vertically-aligned-center is-layout-flow wp-block-column-is-layout-flow\" style=\"flex-basis:150px\"><div class=\"wp-block-image wp-duotone-858585-ffffff-9\">\n<figure class=\"aligncenter size-full is-resized\"><img loading=\"lazy\" decoding=\"async\" width=\"513\" height=\"486\" src=\"https:\/\/www.leaplytics.de\/wp-content\/uploads\/2024\/05\/6272532-middle-removebg-preview.png\" alt=\"\" class=\"wp-image-13493\" style=\"width:110px\" srcset=\"https:\/\/www.leaplytics.de\/wp-content\/uploads\/2024\/05\/6272532-middle-removebg-preview.png 513w, https:\/\/www.leaplytics.de\/wp-content\/uploads\/2024\/05\/6272532-middle-removebg-preview-300x284.png 300w, https:\/\/www.leaplytics.de\/wp-content\/uploads\/2024\/05\/6272532-middle-removebg-preview-63x60.png 63w\" sizes=\"auto, (max-width: 513px) 100vw, 513px\" \/><\/figure><\/div><\/div>\n\n\n\n<div class=\"wp-block-column is-layout-flow wp-block-column-is-layout-flow\" style=\"flex-basis:66.66%\">\n<p><strong>An\u00e1lisis de escenarios<\/strong><\/p>\n\n\n\n<p>El an\u00e1lisis de escenarios ayuda a los gestores de proyectos a planificar diversas situaciones potenciales. Pensando en distintos escenarios, se pueden desarrollar estrategias para abordarlos. Planificar en escenarios te hace consciente no solo del resultado medio, sino tambi\u00e9n de las consecuencias extremas.<\/p>\n<\/div>\n<\/div>\n\n\n\n<h3 class=\"wp-block-heading has-medium-font-size\">Lo m\u00e1s importante<\/h3>\n\n\n\n<p>Estas 10 potentes herramientas ayudan a los gestores de proyectos a ver y gestionar mejor los riesgos. Garantizan que los proyectos se desarrollen sin problemas y terminen bien. Con estas herramientas puede detectar los problemas a tiempo y solucionarlos antes de que se agraven. De este modo, sus proyectos seguir\u00e1n por buen camino.<\/p>","protected":false},"excerpt":{"rendered":"<p>Unexpected problems, or risks, can often derail even the best-laid project plans. This is why effective risk management is crucial for every project manager. With the right tools and techniques, you can identify, assess, and mitigate risks early. Here are the top 10 risk management tools and techniques every project manager should know about: Microsoft &hellip; <\/p>","protected":false},"author":55,"featured_media":0,"parent":0,"menu_order":0,"comment_status":"closed","ping_status":"closed","template":"","meta":{"footnotes":""},"class_list":["post-13482","page","type-page","status-publish","hentry","latest_post"],"_links":{"self":[{"href":"https:\/\/www.leaplytics.de\/es\/wp-json\/wp\/v2\/pages\/13482","targetHints":{"allow":["GET"]}}],"collection":[{"href":"https:\/\/www.leaplytics.de\/es\/wp-json\/wp\/v2\/pages"}],"about":[{"href":"https:\/\/www.leaplytics.de\/es\/wp-json\/wp\/v2\/types\/page"}],"author":[{"embeddable":true,"href":"https:\/\/www.leaplytics.de\/es\/wp-json\/wp\/v2\/users\/55"}],"replies":[{"embeddable":true,"href":"https:\/\/www.leaplytics.de\/es\/wp-json\/wp\/v2\/comments?post=13482"}],"version-history":[{"count":4,"href":"https:\/\/www.leaplytics.de\/es\/wp-json\/wp\/v2\/pages\/13482\/revisions"}],"predecessor-version":[{"id":13499,"href":"https:\/\/www.leaplytics.de\/es\/wp-json\/wp\/v2\/pages\/13482\/revisions\/13499"}],"wp:attachment":[{"href":"https:\/\/www.leaplytics.de\/es\/wp-json\/wp\/v2\/media?parent=13482"}],"curies":[{"name":"wp","href":"https:\/\/api.w.org\/{rel}","templated":true}]}}