{"id":13717,"date":"2025-05-12T15:34:59","date_gmt":"2025-05-12T13:34:59","guid":{"rendered":"https:\/\/www.leaplytics.de\/?page_id=13717"},"modified":"2025-05-12T15:35:01","modified_gmt":"2025-05-12T13:35:01","slug":"testimonios","status":"publish","type":"page","link":"https:\/\/www.leaplytics.de\/es\/testimonios\/","title":{"rendered":"Testimonios"},"content":{"rendered":"<p><em>&#8220;<strong>Llevamos m\u00e1s de un a\u00f1o utilizando la matriz de riesgos y el mapa de calor de LeapLytics en Power BI.<\/strong><br>Se ha convertido en una herramienta indispensable para nuestro equipo. Su dise\u00f1o intuitivo y sus funciones personalizables nos permiten visualizar y priorizar eficazmente los riesgos, lo que nos permite centrarnos en las \u00e1reas m\u00e1s cr\u00edticas. La posibilidad de adaptar la matriz a nuestras necesidades espec\u00edficas ha mejorado significativamente nuestros procesos de evaluaci\u00f3n de riesgos. Recomiendo encarecidamente este plugin a cualquier equipo que busque mejorar sus capacidades de gesti\u00f3n de riesgos dentro de Power BI.\"<\/em> (An\u00f3nimo)<\/p>\n\n\n\n<p><em>&#8220;<strong>Cambio de juego<\/strong> - Esta aplicaci\u00f3n nos ha ahorrado cientos de horas de desarrollo, horas de resoluci\u00f3n de problemas y cualquier otro quebradero de cabeza que conlleva crear una aplicaci\u00f3n desde cero. Esta aplicaci\u00f3n fue muy f\u00e1cil de conectar a una aplicaci\u00f3n que est\u00e1bamos construyendo y tambi\u00e9n es visualmente atractiva y f\u00e1cil de usar. Recomiendo encarecidamente a cualquier persona que quiera ahorrar horas de desarrollo y tiempo para conseguir algo que ya est\u00e1 probado en batalla!\"<\/em> (An\u00f3nimo)<\/p>\n\n\n\n<p><em>\"El visual de la matriz de riesgos en la plataforma Power BI se ha utilizado como un <strong>herramienta estrat\u00e9gica<\/strong> para gestionar las actividades de mantenimiento cr\u00edtico, proporcionando una visualizaci\u00f3n r\u00e1pida y eficaz de los riesgos asociados a cada activo. La matriz mapea visualmente la criticidad del activo en funci\u00f3n de su nivel de impacto y probabilidad de fallo, apoyando directamente la priorizaci\u00f3n de acciones correctivas y preventivas. <br>Esta funci\u00f3n ayuda a identificar los elementos de mantenimiento con mayor relevancia operativa, contribuyendo a una gesti\u00f3n m\u00e1s asertiva de los recursos, equipos y plazos, especialmente en escenarios complejos como paradas o intervenciones de emergencia. Adem\u00e1s, su interfaz interactiva y personalizable permite realizar actualizaciones y simulaciones en tiempo real, con lo que el proceso de toma de decisiones es m\u00e1s r\u00e1pido y est\u00e1 m\u00e1s basado en datos.<br>El uso de este visual tambi\u00e9n refuerza la gobernanza del mantenimiento basada en el riesgo, alineando los esfuerzos t\u00e9cnicos con los objetivos estrat\u00e9gicos de la organizaci\u00f3n en cuanto a fiabilidad y disponibilidad de los activos.\"<\/em> (CENIBRA)<\/p>\n\n\n\n<p><em>&#8220;<strong>Fant\u00e1stico Visual<\/strong> - He estado probando este visual para varios informes y es tan f\u00e1cil de usar, pero tan poderoso. La representaci\u00f3n visual de los riesgos dentro de esta matriz me ha ahorrado incontables horas, ya que puedo dirigir mi atenci\u00f3n a aquellas secciones que est\u00e1n marcadas como de alto impacto. Leaplytics tambi\u00e9n responde muy bien por correo electr\u00f3nico. Recomiendo encarecidamente este plug-in de Leaplytics\".<\/em> (An\u00f3nimo)<\/p>\n\n\n\n<p><em>&#8220;<strong>Antes me gustaban los mapas t\u00e9rmicos, ahora me encantan<\/strong> - A menudo ten\u00eda problemas cuando intentaba idear un mapa de calor. Este tiene un gran poder narrativo y es muy f\u00e1cil de usar\".<\/em> (Rafael de Taranto)<\/p>\n\n\n\n<p><em>&#8220;<strong>Excelente aplicaci\u00f3n<\/strong> - Es una aplicaci\u00f3n imprescindible si trabajas con riesgos. Es f\u00e1cil de configurar y muy adaptable a tus necesidades\".<\/em> (Roy Varghese)<\/p>\n\n\n\n<p><em>&#8220;<strong>Un gran cuadro de mandos para los informes de riesgos<\/strong> - El cuadro de mandos proporciona una excelente visualizaci\u00f3n de los riesgos y lo hemos incorporado a muchos cuadros de mandos de informes de riesgos empresariales. LeapLytics sigue mejorando las caracter\u00edsticas del cuadro de mando, incluida la posibilidad de codificar por colores los puntos. Recomiendo encarecidamente este complemento de la aplicaci\u00f3n de mapa t\u00e9rmico de riesgos para mejorar los cuadros de mando de Power BI. La capacidad de respuesta a las preguntas y el soporte tambi\u00e9n son una ventaja\".<\/em> (Becky Sterrett)<\/p>\n\n\n\n<p><em>&#8220;<strong>Gran mapa de riesgos<\/strong> - La herramienta del mapa de riesgos ha sido muy \u00fatil para comunicar los riesgos de la empresa y los niveles de riesgo a las partes interesadas. F\u00e1cil de usar y muy visual\".<\/em> (An\u00f3nimo)<\/p>\n\n\n\n<p class=\"has-text-align-left\"><em>&#8220;<strong>Esta herramienta es f\u00e1cil de usar<\/strong> y presenta eficazmente las puntuaciones de riesgo en un formato claro y f\u00e1cilmente comprensible\".<\/em> (Scott Nicol)<\/p>\n\n\n\n<p><em>&#8220;<strong>Gran herramienta<\/strong> - Esta herramienta ha sido fundamental en nuestro esfuerzo continuo por racionalizar nuestro proceso de puntuaci\u00f3n de riesgos. Proporciona una gran visual para evaluar r\u00e1pidamente el perfil de riesgo\".<\/em> (An\u00f3nimo)<\/p>\n\n\n\n<p><em>&#8220;<strong>Matriz de riesgos<\/strong> - Me alegr\u00e9 mucho de encontrar esta herramienta y de c\u00f3mo ha funcionado desde el punto de vista de la gesti\u00f3n de riesgos y la elaboraci\u00f3n de informes: es una forma estupenda de visualizar y revisar los registros de riesgos centr\u00e1ndose en los riesgos clave y elevados. El trato con el equipo tambi\u00e9n ha sido fant\u00e1stico, me han proporcionado apoyo y se han comprometido conmigo sobre c\u00f3mo la utilizo y c\u00f3mo mejorar\".<\/em> (An\u00f3nimo)<\/p>\n\n\n\n<p><em>&#8220;<strong>Funciona exactamente como se esperaba y se anunciaba.<\/strong> - Compr\u00e9 una licencia para esta aplicaci\u00f3n hace casi 9 meses, la instal\u00e9 en varios informes que utilizan cientos de personas de todo el mundo y s\u00f3lo he recibido comentarios positivos de los usuarios\".<\/em> (Small, Roy)<\/p>\n\n\n\n<p><em>&#8220;<strong>Una gran herramienta para ver el historial de su matriz de riesgos<\/strong> - Una de las mejores herramientas especiales para gestionar el registro de la matriz de riesgos y mostrarlo de forma profesional Dise\u00f1\u00e9 esta herramienta y la present\u00e9 a la direcci\u00f3n 1- Gran dise\u00f1o 2- Flexibilidad 3- F\u00e1cil de usar 4- Recomiendo aprovecharla En realidad, esto es lo que estaba buscando Gracias, Stefan Preusler Gracias, equipo de LeapLytics GmbH\"<\/em> (\u0645\u062d\u064a\u064a \u0627\u0644\u062f\u064a\u0646)<\/p>\n\n\n\n<p><em>&#8220;<strong>Merece la pena<\/strong> - Todo lo que quer\u00edamos conseguir con una matriz de riesgos, pudimos implementarlo con esta visualizaci\u00f3n. Ha merecido la pena\".<\/em> (An\u00f3nimo)<\/p>\n\n\n\n<p><em>&#8220;<strong>Una gran soluci\u00f3n para los auditores<\/strong> - El objeto visual responde perfectamente a las exigencias y requisitos de una matriz de riesgos para auditores\" (David L\u00f3pez Morales)<\/em><\/p>\n\n\n\n<p><em>&#8220;<strong>Buena visual<\/strong> para apoyar las conversaciones sobre riesgos\".<\/em> (Elleke Bosworth)<\/p>\n\n\n\n<p><em>&#8220;<strong>Gran visual<\/strong> - Buscaba una soluci\u00f3n pr\u00e1ctica para visualizar mis riesgos. Este visual me funciona muy bien y est\u00e1 listo en pocos minutos. La interactividad funciona bien y parece \"de verdad\"\".<\/em> (An\u00f3nimo)<\/p>\n\n\n\n<p><em>&#8220;<strong>Gran herramienta visual de riesgos<\/strong> - Impresionante herramienta para visualizar mapas de calor de riesgos, muy eficaz y de f\u00e1cil acceso\"<\/em> (An\u00f3nimo)<\/p>\n\n\n\n<p><em>&#8220;<strong>Herramienta imprescindible para la gesti\u00f3n de riesgos<\/strong> - Esta herramienta es f\u00e1cil de usar y presenta eficazmente las puntuaciones de riesgo en un formato claro y f\u00e1cilmente comprensible.\"<\/em> (An\u00f3nimo)<\/p>\n\n\n\n<p><em>&#8220;<strong>Herramienta de gesti\u00f3n de riesgos muy \u00fatil<\/strong> - Considero que el mapa de riesgos es muy \u00fatil en nuestro proceso de gesti\u00f3n de riesgos. Ayuda a visualizar el riesgo de forma f\u00e1cil y comprensible tanto para el consejo como para el resto de la empresa. Adem\u00e1s, es f\u00e1cil de usar y enseguida te haces una idea de c\u00f3mo funcionan los ajustes\".<\/em> (An\u00f3nimo)<\/p>\n\n\n\n<p><em>&#8220;<strong>Un peque\u00f1o gran complemento.<\/strong> - Llevamos un a\u00f1o utilizando el mapa de calor de LeapLytics. Es f\u00e1cil de usar, tiene una buena relaci\u00f3n calidad-precio y el aspecto visual es estupendo en nuestro cuadro de mandos de riesgos.\"<\/em> (An\u00f3nimo)<\/p>\n\n\n\n<p><em>&#8220;<strong>Perfecto<\/strong> - Es muy buena, vers\u00e1til y pr\u00e1ctica.\"<\/em> (Cynthia Mercedes Anaya Manrique)<\/p>\n\n\n\n<p><em>&#8220;<strong>Gran visual y respuesta<\/strong> - Nos dio la imagen que necesit\u00e1bamos y la respuesta a nuestras preguntas fue r\u00e1pida y \u00fatil\".<\/em> (An\u00f3nimo)<\/p>\n\n\n\n<p><em>&#8220;<strong>S\u00f3lido <\/strong>- Visual s\u00f3lido\"<\/em> (An\u00f3nimo)<\/p>","protected":false},"excerpt":{"rendered":"<p>\"Llevamos m\u00e1s de un a\u00f1o utilizando la matriz de riesgos y el mapa de calor de LeapLytics en Power BI, que se ha convertido en una herramienta indispensable para nuestro equipo. Su dise\u00f1o intuitivo y sus funciones personalizables nos permiten visualizar y priorizar eficazmente los riesgos, lo que nos permite centrarnos en las \u00e1reas m\u00e1s cr\u00edticas. La capacidad de adaptar la matriz ... <\/p>","protected":false},"author":2,"featured_media":0,"parent":0,"menu_order":0,"comment_status":"closed","ping_status":"closed","template":"","meta":{"footnotes":""},"class_list":["post-13717","page","type-page","status-publish","hentry","latest_post"],"_links":{"self":[{"href":"https:\/\/www.leaplytics.de\/es\/wp-json\/wp\/v2\/pages\/13717","targetHints":{"allow":["GET"]}}],"collection":[{"href":"https:\/\/www.leaplytics.de\/es\/wp-json\/wp\/v2\/pages"}],"about":[{"href":"https:\/\/www.leaplytics.de\/es\/wp-json\/wp\/v2\/types\/page"}],"author":[{"embeddable":true,"href":"https:\/\/www.leaplytics.de\/es\/wp-json\/wp\/v2\/users\/2"}],"replies":[{"embeddable":true,"href":"https:\/\/www.leaplytics.de\/es\/wp-json\/wp\/v2\/comments?post=13717"}],"version-history":[{"count":5,"href":"https:\/\/www.leaplytics.de\/es\/wp-json\/wp\/v2\/pages\/13717\/revisions"}],"predecessor-version":[{"id":13725,"href":"https:\/\/www.leaplytics.de\/es\/wp-json\/wp\/v2\/pages\/13717\/revisions\/13725"}],"wp:attachment":[{"href":"https:\/\/www.leaplytics.de\/es\/wp-json\/wp\/v2\/media?parent=13717"}],"curies":[{"name":"wp","href":"https:\/\/api.w.org\/{rel}","templated":true}]}}