{"id":13808,"date":"2025-07-14T10:32:30","date_gmt":"2025-07-14T08:32:30","guid":{"rendered":"https:\/\/www.leaplytics.de\/?page_id=13808"},"modified":"2025-07-14T10:32:31","modified_gmt":"2025-07-14T08:32:31","slug":"gantt-leaplytics-power-bi","status":"publish","type":"page","link":"https:\/\/www.leaplytics.de\/es\/gantt-leaplytics-power-bi\/","title":{"rendered":"Gantt LeapLytics - Power BI"},"content":{"rendered":"<p>Es muy sencillo. Le permitimos dar vida a los plazos y calendarios de sus proyectos directamente en Power BI. Nuestro diagrama de Gantt visual Leaplytics transforma datos complejos de proyectos en visualizaciones de cronogramas profesionales, interactivas y completas. Visualice los calendarios de proyectos de Microsoft Project, Primavera P6, Jira, Asana y Azure DevOps exactamente como se pretend\u00eda.<\/p>\n<blockquote>\n<p>\"Por fin un diagrama de Gantt que funciona en Power BI. Poder mostrar nuestras l\u00edneas de tiempo del proyecto con dependencias y seguimiento del progreso directamente en nuestros cuadros de mando ejecutivos en lugar de capturas de pantalla est\u00e1ticas ha transformado nuestras presentaciones de proyectos.\"<br \/>- <strong>Johnson M., Director de Inteligencia Empresarial<\/strong> <em>(Sector de la construcci\u00f3n)<\/em><\/p>\n<\/blockquote>\n<h2 id=\"what-s-in-it-for-you-\">\u00bfEn qu\u00e9 le beneficia?<\/h2>\n<p>Desbloquee la visualizaci\u00f3n profesional de proyectos para sus cuadros de mando de Power BI:<\/p>\n<p><strong>Visualice los proyectos con belleza:<\/strong> Transforme datos de proyectos sin procesar de Microsoft Project, Primavera P6, Jira, Asana y Azure DevOps en diagramas de Gantt renderizados profesionalmente.<\/p>\n<p><strong>Elimine el trabajo manual:<\/strong> Se acab\u00f3 exportar capturas de pantalla o crear manualmente diagramas cronol\u00f3gicos. Los datos de tu proyecto se muestran como diagramas de Gantt interactivos.<\/p>\n<p><strong>Impresionar a las partes interesadas:<\/strong> Presentar cuadros de mando de proyectos profesionales que mantengan la credibilidad en reuniones ejecutivas y presentaciones a las partes interesadas.<\/p>\n<p><strong>Ahorre tiempo:<\/strong> Deje de dedicar horas a la creaci\u00f3n manual de cronogramas. Conecta los datos de tu proyecto y observa c\u00f3mo las listas de tareas se transforman en completas visualizaciones de Gantt.<\/p>\n<blockquote>\n<p>\"Antes pas\u00e1bamos 12 horas semanales creando informes de plazos a partir de nuestras herramientas de gesti\u00f3n de proyectos. Ahora, todo se muestra autom\u00e1ticamente como hermosos diagramas de Gantt interactivos. Nuestros informes de estado del proyecto vuelven a tener un aspecto profesional\".<br \/>- <strong>Rodriguez A., Director de An\u00e1lisis<\/strong> <em>(Tecnolog\u00eda sanitaria)<\/em><\/p>\n<\/blockquote>\n<h2 id=\"how-you-can-benefit\">C\u00f3mo puede beneficiarse<\/h2>\n<p>Usuarios que adoptaron nuestro informe visual Leaplytics Gantt Chart:<\/p>\n<p><strong>Eliminadas las pesadillas cronol\u00f3gicas:<\/strong> Se acab\u00f3 la creaci\u00f3n manual de gr\u00e1ficos o las capturas de pantalla de l\u00edneas de tiempo est\u00e1ticas en las presentaciones.<\/p>\n<p><strong>Mayor adopci\u00f3n de los cuadros de mando:<\/strong> Las partes interesadas se implican m\u00e1s con diagramas de Gantt interactivos que pueden explorar y comprender.<\/p>\n<p><strong>Mayor credibilidad profesional:<\/strong> Las presentaciones ejecutivas tienen un aspecto pulido y mantienen su reputaci\u00f3n como profesional de los datos.<\/p>\n<p><strong>Vistas unificadas del proyecto:<\/strong> Visualice los datos de los proyectos de varias plataformas empresariales en un diagrama de Gantt de Power BI interactivo y cohesionado.<\/p>\n<h2 id=\"key-features\">Caracter\u00edsticas principales<\/h2>\n<p><strong>Soporte multiplataforma:<\/strong> Admite Microsoft Project, Primavera P6, Jira, Asana, Azure DevOps y cualquier dato tabular de proyectos.<\/p>\n<p><strong>Motor de l\u00ednea de tiempo avanzado:<\/strong><\/p>\n<ul>\n<li>Posicionamiento inteligente de tareas y escalado de fechas<\/li>\n<li>Gesti\u00f3n jer\u00e1rquica inteligente de tareas para proyectos complejos<\/li>\n<\/ul>\n<p><strong>Visualizaci\u00f3n profesional de proyectos:<\/strong> <\/p>\n<ul>\n<li>Presenta barras de tareas, dependencias, hitos y seguimiento del progreso adecuados que respetan los temas de Power BI.<\/li>\n<li>Navegaci\u00f3n cronol\u00f3gica interactiva con funciones de zoom y desplazamiento<\/li>\n<\/ul>\n<p><strong>Caracter\u00edsticas del proyecto empresarial:<\/strong><\/p>\n<ul>\n<li>Dependencias de tareas con flechas de relaci\u00f3n<\/li>\n<li>Seguimiento del progreso y estado de finalizaci\u00f3n<\/li>\n<li>Visualizaci\u00f3n de la asignaci\u00f3n de recursos<\/li>\n<li>An\u00e1lisis del camino cr\u00edtico<\/li>\n<\/ul>\n<p><strong>Rendimiento optimizado:<\/strong> Representaci\u00f3n eficaz de grandes conjuntos de datos de proyectos con m\u00e1s de 1.000 tareas y complejas redes de dependencias.<\/p>\n<p><strong>Integraci\u00f3n perfecta con Power BI:<\/strong> Funciona como cualquier otro visual de Power BI, respetando filtros, slicers y filtros cruzados.<\/p>\n<p><strong>Configuraci\u00f3n intuitiva:<\/strong> Panel de formato sencillo con selecciones desplegables para campos de tareas, fechas y opciones de visualizaci\u00f3n.<\/p>\n<p><strong>Preparado para la empresa:<\/strong> S\u00f3lido sistema de licencias dise\u00f1ado para la implantaci\u00f3n en empresas con funciones avanzadas de gesti\u00f3n de proyectos.<\/p>\n<h2 id=\"your-team-will-thank-you\">Su equipo se lo agradecer\u00e1<\/h2>\n<p><em>\u00bfCansado de las capturas de pantalla est\u00e1ticas de los proyectos en las presentaciones ejecutivas?<\/em> \u00bfAlguna vez ha tenido problemas para explicar el estado de un proyecto utilizando aburridos informes en forma de tabla cuando sus interlocutores necesitan ver los plazos? El diagrama de Gantt de Leaplytics es la soluci\u00f3n que estaba esperando. Es el elemento visual que, como profesionales de la gesti\u00f3n de proyectos, siempre deseamos que existiera cuando intentamos comunicar el estado de un proyecto de forma eficaz.<\/p>\n<blockquote>\n<p>\"Poder mostrar nuestros sprints de Azure DevOps y las dependencias del proyecto con una visualizaci\u00f3n Gantt adecuada ha revolucionado la forma en que presentamos el estado del proyecto a los ejecutivos. La l\u00ednea de tiempo es interactiva y la configuraci\u00f3n fue incre\u00edblemente f\u00e1cil\".<br \/>- <strong>Chen L., Analista jefe de datos<\/strong> <em>(Desarrollo de software)<\/em><\/p>\n<\/blockquote>\n<h2 id=\"letter-from-the-ceo\">Carta del Director General<\/h2>\n<p>Hola a todos.<\/p>\n<p>Soy Stefan, CEO de LeapLytics.<\/p>\n<p>La visualizaci\u00f3n de proyectos en Power BI ha sido un punto de dolor persistente durante a\u00f1os. Las organizaciones invierten mucho en plataformas como Microsoft Project, Primavera P6, Jira y Azure DevOps para gestionar complejos calendarios y dependencias de proyectos. Pero cuando esos datos del proyecto entran en Power BI, se convierten en tablas ilegibles o requieren la creaci\u00f3n manual de gr\u00e1ficos.<\/p>\n<p>Esta desconexi\u00f3n entre las sofisticadas herramientas de gesti\u00f3n de proyectos y los informes b\u00e1sicos de proyectos de Power BI ha frustrado a innumerables gestores de proyectos en presentaciones ejecutivas. Socava la credibilidad y hace que las valiosas perspectivas de los proyectos sean pr\u00e1cticamente invisibles en los cuadros de mando.<\/p>\n<p>Los sistemas visuales de BI tradicionales simplemente no se dise\u00f1aron para la compleja realidad de la gesti\u00f3n de proyectos moderna, en la que las tareas tienen dependencias, seguimiento del progreso, asignaci\u00f3n de recursos y limitaciones de tiempo. Ah\u00ed es donde empieza la frustraci\u00f3n.<\/p>\n<p>Nuestro diagrama de Gantt visual de Leaplytics para Power BI resuelve este problema fundamental. Creemos que los datos del proyecto deben comunicarse de forma clara y profesional en todas partes, incluidos los paneles de Power BI.<\/p>\n<p>Se trata de preservar la inversi\u00f3n realizada en la planificaci\u00f3n de proyectos sofisticados y presentarlos con la claridad visual que esperan las partes interesadas. Hemos dise\u00f1ado este visual para manejar la complejidad de los datos reales de los proyectos sin complicar la configuraci\u00f3n.<\/p>\n<p>Esta es nuestra contribuci\u00f3n a la eliminaci\u00f3n de la pesadilla de visualizaci\u00f3n de proyectos que ha asolado a los usuarios de Power BI durante demasiado tiempo.<\/p>\n<p>Saludos cordiales,<br \/><strong>Stefan Preusler<\/strong><br \/>Cofundador y Consejero Delegado, LeapLytics GmbH<\/p>\n<hr>\n<h2 id=\"ready-to-transform-your-project-visualization-\">\u00bfEst\u00e1 listo para transformar la visualizaci\u00f3n de sus proyectos?<\/h2>\n<p><a href=\"https:\/\/www.leaplytics.de\/es\/\"><strong>Solicitar una licencia de prueba<\/strong><\/a><\/p>\n<h2 id=\"getting-started\">Primeros pasos<\/h2>\n<p>\u00bfHa obtenido la licencia o simplemente quiere saber m\u00e1s?<br \/>Haga clic a continuaci\u00f3n para acceder a nuestra completa gu\u00eda:<\/p>\n<p><a href=\"https:\/\/www.leaplytics.de\/es\/getting-started-gantt-chart-power-bi\/?utm_source=extension&amp;utm_medium=power-bi&amp;utm_campaign=gantt-chart\"><strong>Primeros pasos - Leaplytics Gantt Chart Visual para Power BI<\/strong><\/a><\/p>\n<hr>\n<p><em>Transforme los datos de su proyecto en visualizaciones cronol\u00f3gicas profesionales que las partes interesadas realmente entiendan.<\/em> <\/p>","protected":false},"excerpt":{"rendered":"<p>It&#39;s straightforward. We empower you to bring your project timelines and schedules to life directly within Power BI. Our Leaplytics Gantt Chart visual transforms complex project data into professional, interactive, and comprehensive timeline visualizations. Display project schedules from Microsoft Project, Primavera P6, Jira, Asana, and Azure DevOps exactly as intended. &quot;Finally, a Gantt chart that &hellip; <\/p>","protected":false},"author":2,"featured_media":0,"parent":0,"menu_order":0,"comment_status":"closed","ping_status":"closed","template":"","meta":{"footnotes":""},"class_list":["post-13808","page","type-page","status-publish","hentry","latest_post"],"_links":{"self":[{"href":"https:\/\/www.leaplytics.de\/es\/wp-json\/wp\/v2\/pages\/13808","targetHints":{"allow":["GET"]}}],"collection":[{"href":"https:\/\/www.leaplytics.de\/es\/wp-json\/wp\/v2\/pages"}],"about":[{"href":"https:\/\/www.leaplytics.de\/es\/wp-json\/wp\/v2\/types\/page"}],"author":[{"embeddable":true,"href":"https:\/\/www.leaplytics.de\/es\/wp-json\/wp\/v2\/users\/2"}],"replies":[{"embeddable":true,"href":"https:\/\/www.leaplytics.de\/es\/wp-json\/wp\/v2\/comments?post=13808"}],"version-history":[{"count":1,"href":"https:\/\/www.leaplytics.de\/es\/wp-json\/wp\/v2\/pages\/13808\/revisions"}],"predecessor-version":[{"id":13809,"href":"https:\/\/www.leaplytics.de\/es\/wp-json\/wp\/v2\/pages\/13808\/revisions\/13809"}],"wp:attachment":[{"href":"https:\/\/www.leaplytics.de\/es\/wp-json\/wp\/v2\/media?parent=13808"}],"curies":[{"name":"wp","href":"https:\/\/api.w.org\/{rel}","templated":true}]}}