{"id":13813,"date":"2025-07-14T10:52:57","date_gmt":"2025-07-14T08:52:57","guid":{"rendered":"https:\/\/www.leaplytics.de\/?page_id=13813"},"modified":"2025-11-08T21:23:14","modified_gmt":"2025-11-08T20:23:14","slug":"introduccion-a-gantt","status":"publish","type":"page","link":"https:\/\/www.leaplytics.de\/es\/introduccion-a-gantt\/","title":{"rendered":"Primeros pasos - Gantt"},"content":{"rendered":"<p><a href=\"#minimum-requirement\">Requisitos m\u00ednimos<\/a> | <a href=\"#license\">Licencia<\/a> |\u00a0<a href=\"#features\">Caracter\u00edsticas<\/a> | <a href=\"#zoom-pan\">Zoom y panor\u00e1mica<\/a> | <a href=\"#filter\">Filtro<\/a> | <a href=\"#troubleshooting\">Soluci\u00f3n de problemas<\/a><\/p>\n\n<p>Equipos de todos los sectores utilizan el diagrama de Gantt de LeapLytics para visualizar los plazos, las dependencias, los hitos, las jerarqu\u00edas y las asignaciones de recursos de los proyectos directamente en Power BI. La visualizaci\u00f3n es r\u00e1pida y est\u00e1 dise\u00f1ada para la elaboraci\u00f3n de informes empresariales. Con funciones como el zoom din\u00e1mico, la visualizaci\u00f3n de la ruta cr\u00edtica, el estilo personalizable de la l\u00ednea de tiempo, las flechas de dependencia, los tipos de hitos, las l\u00edneas de base y el soporte completo de jerarqu\u00edas, los usuarios obtienen una visi\u00f3n general inmediata y fiable de cada proyecto.<\/p>\n\n<p><div class=\"wp-block-image\">\n<figure class=\"aligncenter size-large\"><img loading=\"lazy\" decoding=\"async\" width=\"1024\" height=\"466\" src=\"https:\/\/www.leaplytics.de\/wp-content\/uploads\/2025\/11\/resource-1024x466.png\" alt=\"\" class=\"wp-image-14108\" srcset=\"https:\/\/www.leaplytics.de\/wp-content\/uploads\/2025\/11\/resource-1024x466.png 1024w, https:\/\/www.leaplytics.de\/wp-content\/uploads\/2025\/11\/resource-300x137.png 300w, https:\/\/www.leaplytics.de\/wp-content\/uploads\/2025\/11\/resource-768x350.png 768w, https:\/\/www.leaplytics.de\/wp-content\/uploads\/2025\/11\/resource-18x8.png 18w, https:\/\/www.leaplytics.de\/wp-content\/uploads\/2025\/11\/resource-132x60.png 132w, https:\/\/www.leaplytics.de\/wp-content\/uploads\/2025\/11\/resource.png 1463w\" sizes=\"auto, (max-width: 1024px) 100vw, 1024px\" \/><\/figure><\/div><\/p>\n\n<p>Si los datos de su proyecto est\u00e1n disponibles, puede configurar y poner en funcionamiento completamente el diagrama de Gantt de LeapLytics en <strong>menos de 5 minutos<\/strong>. Tendr\u00e1 un Gantt en funcionamiento que incluir\u00e1 tareas, fechas, dependencias, hitos y formato, listo para su presentaci\u00f3n, an\u00e1lisis e informaci\u00f3n a las partes interesadas.<\/p>\n\n\n\n<h3 class=\"wp-block-heading\" id=\"enhanced-data-model-structure\">Requisitos m\u00ednimos<\/h3>\n\n\n<p><div class=\"wp-block-image\">\n<figure class=\"aligncenter size-large\"><img decoding=\"async\" src=\"https:\/\/www.leaplytics.de\/wp-content\/uploads\/2025\/11\/minimum-requirement-arrows.png\" alt=\"\" class=\"wp-image-14108\"\/><\/figure><\/div><\/p>\n\n\n<blockquote class=\"wp-block-quote is-layout-flow wp-block-quote-is-layout-flow\">\n<p><strong>\u26a0\ufe0f Importante:<\/strong> Sus datos deben seguir una estructura tabular en la que cada fila represente una tarea y las columnas contengan las propiedades de la tarea.<\/p>\n<\/blockquote>\n\n\n<p>El visual requiere s\u00f3lo un conjunto m\u00ednimo de campos para producir una l\u00ednea de tiempo totalmente funcional.  Cada tarea debe incluir un <strong>ID de tarea<\/strong>un texto legible <strong>Nombre de la tarea<\/strong>y un par de fechas que definen su duraci\u00f3n.\nEstas fechas pueden ser <strong>Planificado<\/strong>, <strong>Actual<\/strong>o <strong>Estimaci\u00f3n<\/strong>-el visual detecta autom\u00e1ticamente el tipo de datos que le proporcionas y ajusta la l\u00ednea de tiempo en consecuencia. Gracias a esta flexibilidad, el diagrama de Gantt puede representar cronogramas sencillos de s\u00f3lo planificaci\u00f3n, cronogramas completos de proyectos, etc. <strong>plan-versus-actual<\/strong> comparaciones, o escenarios avanzados que combinan <strong>previsto<\/strong>, <strong>actual<\/strong>y <strong>estimado<\/strong> l\u00edneas temporales en paralelo.<\/p>\n\n<p><div class=\"wp-block-image\">\n<figure class=\"aligncenter size-large\"><img decoding=\"async\" src=\"https:\/\/www.leaplytics.de\/wp-content\/uploads\/2025\/11\/minimum-requirement-data-fields.png\" alt=\"\" class=\"wp-image-14108\"\/><\/figure><\/div><\/p>\n\n<p>Dado que el visual interpreta los tipos de fecha por s\u00ed mismo, puede suministrar los campos que ya contengan los datos de su proyecto. Si incluye los tres (<strong>Planificado<\/strong>, <strong>Actual<\/strong>, <strong>Estimaci\u00f3n<\/strong>), el Gantt muestra todas las barras correspondientes. Si s\u00f3lo proporciona un \u00fanico conjunto de fechas, se muestra una \u00fanica barra cronol\u00f3gica. \n<strong>Campos de duraci\u00f3n<\/strong> tambi\u00e9n pueden utilizarse en lugar de las fechas finales; cuando tanto la duraci\u00f3n como la fecha final est\u00e1n presentes,\nel valor de la duraci\u00f3n tiene prioridad. Todos los campos de fecha deben estar en un formato <strong>Formato de fecha y hora compatible con Power BI<\/strong> \npara garantizar una representaci\u00f3n correcta.\n<\/p>\n\n\n<pre class=\"wp-block-code\"><code>\n  -- =====================================================\n  -- REQUIRED FIELDS (Datos m\u00ednimos necesarios)\n  -- =====================================================\n  'TASK-001' AS Task ID, -- Identificador \u00fanico\n  'Requirements Analysis' AS Task Name, -- Nombre a mostrar\n  '2025-01-01' AS Planned\/Estimated\/Actual Start Date, -- Fecha de inicio\n  2025-01-15' AS Planned\/Estimated\/Actual End Date, -- Fecha de finalizaci\u00f3n\n\n  -- ===== ESCENARIOS DE DATOS SOPORTADOS =====\n  -- El visual detecta autom\u00e1ticamente los datos que usted proporciona:\n  --\n  -- 1. Plan-Only (Baseline):        S\u00f3lo fecha de inicio prevista + fecha de finalizaci\u00f3n prevista\n  -- 2. S\u00f3lo reales (As-Built):      S\u00f3lo fecha de inicio real + fecha de finalizaci\u00f3n real\n  -- 3. Plan vs Real: Fechas tanto planificadas como reales (muestra ambas barras)\n  -- 4. Plan + Estimado:            Fechas planificadas + estimadas (muestra barra planificada + estimaci\u00f3n fina)\n  -- 5. Real + Estimado:          Fechas reales + estimadas (muestra barra real + estimaci\u00f3n fina)\n  -- 6. Plan + Real + Estimado:   Los tres tipos de fechas (muestra las tres barras de calendario)\n  -- 7. S\u00f3lo estimado:              S\u00f3lo fecha de inicio estimada + fecha de finalizaci\u00f3n estimada\n  --\n  -- ===== NOTAS =====\n  -- - Los campos de duraci\u00f3n son opcionales y anulan los correspondientes campos EndDate cuando ambos se proporcionan\n  -- - Los campos de fecha deben tener un formato de fecha y hora reconocido por PowerBI\n<\/code><\/pre>\n\n\n<figure class=\"wp-block-image size-large is-resized\"><\/figure>\n\n\n<hr class=\"wp-block-separator has-alpha-channel-opacity\"\/>\n\n\n\n<h3 class=\"wp-block-heading\" id=\"license\">Licencia<\/h3>\n\n\n\n<figure class=\"wp-block-image size-large\"><img loading=\"lazy\" decoding=\"async\" width=\"1024\" height=\"453\" src=\"https:\/\/www.leaplytics.de\/wp-content\/uploads\/2025\/11\/license-1024x453.png\" alt=\"Licencia\" class=\"wp-image-14175\" srcset=\"https:\/\/www.leaplytics.de\/wp-content\/uploads\/2025\/11\/license-1024x453.png 1024w, https:\/\/www.leaplytics.de\/wp-content\/uploads\/2025\/11\/license-300x133.png 300w, https:\/\/www.leaplytics.de\/wp-content\/uploads\/2025\/11\/license-768x340.png 768w, https:\/\/www.leaplytics.de\/wp-content\/uploads\/2025\/11\/license-1536x680.png 1536w, https:\/\/www.leaplytics.de\/wp-content\/uploads\/2025\/11\/license-18x8.png 18w, https:\/\/www.leaplytics.de\/wp-content\/uploads\/2025\/11\/license-136x60.png 136w, https:\/\/www.leaplytics.de\/wp-content\/uploads\/2025\/11\/license.png 1687w\" sizes=\"auto, (max-width: 1024px) 100vw, 1024px\" \/><\/figure>\n\n\n<p>Copia tu c\u00f3digo de licencia y p\u00e9galo en el campo Licencia pulsando CTRL+V. Si a\u00fan no dispone de una licencia de prueba, puede solicitar una \n<a href=\"https:\/\/www.leaplytics.de\/es\/power-bi-gantt-intentelo-ahora\/\" style=\"text-decoration: underline;\">aqu\u00ed<\/a>.<\/p>\n\n\n<hr class=\"wp-block-separator has-alpha-channel-opacity\"\/>\n\n\n\n<h3 class=\"wp-block-heading\" id=\"features\">Caracter\u00edsticas<\/h3>\n\n\n<p>El diagrama de Gantt de LeapLytics proporciona una visualizaci\u00f3n de proyectos de nivel empresarial con caracter\u00edsticas como <strong>jerarqu\u00edas de tareas<\/strong>, <strong>seguimiento del progreso<\/strong>, <strong>asignaci\u00f3n de recursos<\/strong>, <strong>dependencias<\/strong>, <strong>hitos<\/strong>y <strong>navegaci\u00f3n cronol\u00f3gica flexible<\/strong> que van desde el nivel de detalle al minuto hasta vistas a lo largo de una d\u00e9cada. Interpreta autom\u00e1ticamente <strong>Planificado<\/strong>, <strong>Actual<\/strong>y <strong>Estimaci\u00f3n<\/strong> fechas, muestra barras cronol\u00f3gicas coincidentes y ofrece <strong>estilismo<\/strong> y <strong>l\u00ednea de base<\/strong> garantizando una generaci\u00f3n de informes profesional y de alta claridad directamente en Power BI.<\/p>\n\n<p> Si sus datos est\u00e1n disponibles, puede configurar un Gantt totalmente funcional -incluyendo tareas, fechas, dependencias, hitos, formato y navegaci\u00f3n- en <strong>5 minutos<\/strong>. La visualizaci\u00f3n se adapta instant\u00e1neamente a los campos que proporcione, lo que permite una configuraci\u00f3n r\u00e1pida con el m\u00ednimo esfuerzo y ofrece una l\u00ednea de tiempo lista para usar a equipos, gestores y partes interesadas.<\/p>\n\n\n<h4 class=\"wp-block-heading\">Jerarqu\u00eda<\/h4>\n\n\n<p><div class=\"wp-block-image\">\n<figure class=\"aligncenter size-large\"><img decoding=\"async\" src=\"https:\/\/www.leaplytics.de\/wp-content\/uploads\/2025\/11\/hierarchy-arrow.png\" alt=\"\" class=\"wp-image-14095\"\/><\/figure><\/div><\/p>\n\n<p>En <strong>Jerarqu\u00eda<\/strong> le permite estructurar su proyecto en tareas principales y secundarias, creando un desglose del trabajo claro e intuitivo. Al asignar a cada tarea un <strong>ID de tarea principal<\/strong>El diagrama de Gantt crea autom\u00e1ticamente niveles anidados que reflejan la verdadera estructura del proyecto.  Esto permite una visibilidad ascendente, grupos plegables y una visi\u00f3n limpia de proyectos complejos, ayudando a los equipos a comprender las fases, los paquetes de trabajo y las subtareas detalladas de un vistazo.<\/p>\n\n\n<pre class=\"wp-block-code\"><code>\n    'PROJ-001' AS ParentTaskID, -- Tarea padre para la jerarqu\u00eda\n  -- ===== NOTAS =====\n  -- - Jerarqu\u00eda: ID de la tarea padre\n<\/code><\/pre>\n\n\n<div class=\"wp-block-image\">\n<figure class=\"aligncenter size-large\"><img decoding=\"async\" src=\"https:\/\/www.leaplytics.de\/wp-content\/uploads\/2025\/11\/hiearchy-table.png\" alt=\"\" class=\"wp-image-14095\"\/><\/figure><\/div>\n\n\n<hr class=\"wp-block-separator has-alpha-channel-opacity\"\/>\n\n\n\n<h4 class=\"wp-block-heading\">Progreso<\/h4>\n\n\n<p><div class=\"wp-block-image\">\n<figure class=\"aligncenter size-large\"><img decoding=\"async\" src=\"https:\/\/www.leaplytics.de\/wp-content\/uploads\/2025\/11\/progress-arrows.png\" alt=\"\" class=\"wp-image-14100\"\/><\/figure><\/div><\/p>\n\n<p>En <strong>Progreso<\/strong> le permite realizar un seguimiento de la finalizaci\u00f3n de la tarea directamente dentro del diagrama de Gantt. Al proporcionar un valor porcentual entre <strong>0<\/strong> y <strong>100<\/strong>La visualizaci\u00f3n muestra claramente el grado de avance de cada tarea, lo que permite conocer de inmediato el estado del proyecto. Tanto si una tarea no se ha iniciado como si se ha completado parcialmente o totalmente, los indicadores de progreso ayudan a los equipos y a las partes interesadas a supervisar la ejecuci\u00f3n e identificar las \u00e1reas que pueden requerir atenci\u00f3n.\n<\/p>\n\n\n<pre class=\"wp-block-code\"><code>\n  -- =====================================================\n  -- PROGRESO\n  -- =====================================================\n  65 AS Progreso, -- Finalizaci\u00f3n % (0-100)\n  -- ===== NOTAS =====\n  -- - Progreso: 0 = no iniciado, 100 = completo\n<\/code><\/pre>\n\n\n<p><div class=\"wp-block-image\">\n<figure class=\"aligncenter size-large\"><img decoding=\"async\" src=\"https:\/\/www.leaplytics.de\/wp-content\/uploads\/2025\/11\/progress-data-fields.png\" alt=\"\" class=\"wp-image-14100\"\/><\/figure><\/div><\/p>\n\n\n<hr class=\"wp-block-separator has-alpha-channel-opacity\"\/>\n\n\n\n<h4 class=\"wp-block-heading\" id=\"enhanced-data-model-structure\">Recursos<\/h4>\n\n\n<p><div class=\"wp-block-image\">\n<figure class=\"aligncenter size-large\"><img decoding=\"async\" src=\"https:\/\/www.leaplytics.de\/wp-content\/uploads\/2025\/11\/resource-overview.png\" alt=\"\" class=\"wp-image-14108\"\/><\/figure><\/div><\/p>\n\n<p>En <strong>Recursos<\/strong> le permite asignar una o varias personas, equipos o funciones a una tarea. Al proporcionar un nombre -o un <strong>lista separada por comas<\/strong> para m\u00faltiples recursos, el diagrama de Gantt muestra claramente qui\u00e9n es responsable de cada actividad. Esto ayuda a los equipos a comprender la distribuci\u00f3n de la carga de trabajo, identificar posibles cuellos de botella y mejorar la coordinaci\u00f3n entre tareas paralelas. Las asignaciones de recursos se muestran directamente junto a la l\u00ednea de tiempo para una claridad inmediata.\n<\/p>\n\n\n<pre class=\"wp-block-code\"><code>\n    'John Smith, Jane Doe' AS Resource, -- Separados por comas para m\u00faltiples\n  -- ===== NOTAS =====\n  -- - M\u00faltiples recursos: valores separados por comas en un solo campo\n<\/code><\/pre>\n\n\n<p><div class=\"wp-block-image\">\n<figure class=\"aligncenter size-large\"><img decoding=\"async\" src=\"https:\/\/www.leaplytics.de\/wp-content\/uploads\/2025\/11\/resource-arrows.png\" alt=\"\" class=\"wp-image-14108\"\/><\/figure><\/div><\/p>\n\n\n<hr class=\"wp-block-separator has-alpha-channel-opacity\"\/>\n\n\n\n<h4 class=\"wp-block-heading\" id=\"enhanced-data-model-structure\">Predecesores<\/h4>\n\n\n<p><div class=\"wp-block-image\">\n<figure class=\"aligncenter size-large\"><img decoding=\"async\" src=\"https:\/\/www.leaplytics.de\/wp-content\/uploads\/2025\/11\/predecessors-arrows.png\" alt=\"\" class=\"wp-image-14116\"\/><\/figure><\/div><\/p>\n\n<p>En <strong>Predecesores<\/strong> define las dependencias de las tareas enumerando uno o m\u00e1s ID de tareas precedentes. Al proporcionar un <strong>lista separada por comas<\/strong> de las tareas predecesoras, el diagrama de Gantt traza autom\u00e1ticamente l\u00edneas de dependencia entre el final y el inicio, haciendo claramente visible el flujo l\u00f3gico de su proyecto. Esto ayuda a los equipos a comprender la secuenciaci\u00f3n, identificar retrasos y mantener un calendario de proyecto realista y conectado.\n<\/p>\n\n\n<pre class=\"wp-block-code\"><code>\n    'TASK-005, TASK-007' AS Predecessors -- IDs de predecesores separados por comas\n  -- ===== NOTAS =====\n  -- - Predecesores: IDs de tareas separadas por comas para dependencias de final a inicio\n<\/code><\/pre>\n\n\n<p><div class=\"wp-block-image\">\n<figure class=\"aligncenter size-large\"><img decoding=\"async\" src=\"https:\/\/www.leaplytics.de\/wp-content\/uploads\/2025\/11\/predecessors-data-fields.png\" alt=\"\" class=\"wp-image-14116\"\/><\/figure><\/div><\/p>\n\n\n<hr class=\"wp-block-separator has-alpha-channel-opacity\"\/>\n\n\n\n<h3 class=\"wp-block-heading\" id=\"zoom-pan\">Zoom y panor\u00e1mica<\/h3>\n\n<p><div class=\"wp-block-image\">\n<figure class=\"aligncenter size-large\"><img decoding=\"async\" src=\"https:\/\/www.leaplytics.de\/wp-content\/uploads\/2025\/11\/zoom.gif\" alt=\"\" class=\"wp-image-14116\"\/><\/figure><\/div><\/p>\n\n<p>Puedes navegar f\u00e1cilmente por la l\u00ednea de tiempo utilizando los controles de zoom y panor\u00e1mica incorporados. Mantenga pulsado <strong>ALT<\/strong> y utilizar el <strong>rueda del rat\u00f3n<\/strong> para acercar o alejar la imagen, o utilice un <strong>gesto de pellizcar con dos dedos<\/strong> en dispositivos m\u00f3viles. Para desplazarse, mantenga pulsada la tecla <strong>bot\u00f3n izquierdo del rat\u00f3n<\/strong> y arrastre el gr\u00e1fico a izquierda o derecha, o simplemente coloque el dedo en la pantalla y mu\u00e9valo para explorar la l\u00ednea de tiempo en el m\u00f3vil. El visual lo soporta todo, desde un <strong>visi\u00f3n minuto a minuto de un solo d\u00eda<\/strong> a un <strong>visi\u00f3n de alto nivel de proyectos que abarcan m\u00e1s de 10 a\u00f1os<\/strong>.\n<\/p>\n\n\n<h3 class=\"wp-block-heading\" id=\"troubleshooting\">Soluci\u00f3n de problemas<\/h3>\n\n\n\n<h4 class=\"wp-block-heading\" id=\"-cross-filtering-problems-\">Problemas de filtrado cruzado<\/h4>\n\n\n\n<p><strong>La selecci\u00f3n no funciona con otros visuales:<\/strong><\/p>\n\n\n\n<ul class=\"wp-block-list\">\n<li>\u2705 Verificar que el mapeo de datos categ\u00f3ricos est\u00e1 correctamente configurado.<\/li>\n\n\n\n<li>\u2705 Comprobar la configuraci\u00f3n de filtrado cruzado de PowerBI para el visual.<\/li>\n\n\n\n<li>\u2705 Garantizar que el campo TaskID se utiliza de forma coherente en todos los visuales.<\/li>\n\n\n\n<li>\u2705 Funcionalidad de selecci\u00f3n de pruebas con informe simplificado.<\/li>\n<\/ul>\n\n\n\n<p><strong>Resaltar no responder:<\/strong><\/p>\n\n\n\n<ul class=\"wp-block-list\">\n<li>\u2705 Comprobar estructura de datos de resalte en mapeo categ\u00f3rico.<\/li>\n\n\n\n<li>\u2705 Verificar la integraci\u00f3n del gestor de selecci\u00f3n PowerBI.<\/li>\n\n\n\n<li>\u2705 Prueba con la tabla visual de PowerBI para confirmar que el filtrado cruzado funciona.<\/li>\n\n\n\n<li>\u2705 Revisar la generaci\u00f3n de ID de selecci\u00f3n para datos de tareas<\/li>\n<\/ul>\n\n\n\n<h4 class=\"wp-block-heading\" id=\"-data-mapping-problems-\">Problemas de asignaci\u00f3n de datos<\/h4>\n\n\n\n<p><strong>Campos no reconocidos:<\/strong><\/p>\n\n\n\n<ul class=\"wp-block-list\">\n<li>\u2705 Comprobar que los tipos de datos de los campos coinciden con los formatos previstos (fechas, n\u00fameros, texto).<\/li>\n\n\n\n<li>\u2705 Verificar que la asignaci\u00f3n de campos en el panel Datos coincide con los nombres de las columnas.<\/li>\n\n\n\n<li>\u2705 Garantizar que las columnas calculadas est\u00e9n correctamente definidas en el modelo de datos.<\/li>\n\n\n\n<li>\u2705 Prueba con un conjunto de datos sencillo para aislar los problemas de mapeo de campos.<\/li>\n<\/ul>\n\n\n\n<p><strong>No se muestra el progreso\/estado:<\/strong><\/p>\n\n\n\n<ul class=\"wp-block-list\">\n<li>\u2705 El campo Verificar progreso contiene valores num\u00e9ricos entre 0-100<\/li>\n\n\n\n<li>\u2705 El campo Comprobar estado contiene los valores de estado esperados<\/li>\n\n\n\n<li>\u2705 Aseg\u00farese de que las barras de progreso est\u00e1n activadas en el panel de formato.<\/li>\n\n\n\n<li>\u2705 Prueba con datos de muestra que contienen varios valores de progreso.<\/li>\n<\/ul>\n\n\n\n<h4 class=\"wp-block-heading\" id=\"-hierarchical-structure-issues-\">Cuestiones de estructura jer\u00e1rquica<\/h4>\n\n\n\n<p><strong>Las relaciones entre padres e hijos no funcionan:<\/strong><\/p>\n\n\n\n<ul class=\"wp-block-list\">\n<li>\u2705 Verificar que el campo ParentTask contiene TaskIDs v\u00e1lidos para las tareas padre.<\/li>\n\n\n\n<li>\u2705 Comprobar si hay referencias circulares padre-hijo.<\/li>\n\n\n\n<li>\u2705 Garantizar que los niveles jer\u00e1rquicos no superen los l\u00edmites razonables.<\/li>\n\n\n\n<li>\u2705 Probar la funcionalidad de expandir\/contraer con una jerarqu\u00eda simple.<\/li>\n<\/ul>\n\n\n\n<p><strong>C\u00e1lculos de rollup incorrectos:<\/strong><\/p>\n\n\n\n<ul class=\"wp-block-list\">\n<li>\u2705 Comprueba la configuraci\u00f3n del rollup en los ajustes del panel de formato<\/li>\n\n\n\n<li>\u2705 Verificar que los datos de las tareas del ni\u00f1o son completos y exactos.<\/li>\n\n\n\n<li>\u2705 Probar la l\u00f3gica del rollup con casos de prueba conocidos.<\/li>\n\n\n\n<li>\u2705 Revisar la l\u00f3gica de c\u00e1lculo de fechas para los tramos de tareas padre.<\/li>\n<\/ul>\n\n\n\n<hr class=\"wp-block-separator has-alpha-channel-opacity\"\/>\n\n\n\n<h3 class=\"wp-block-heading\" id=\"-advanced-best-practices\">Buenas pr\u00e1cticas avanzadas<\/h3>\n\n\n\n<ul class=\"wp-block-list\">\n<li><strong>Calidad de los datos<\/strong>: Validar todas las fechas, asegurarse de que los TaskIDs son \u00fanicos, comprobar las referencias de dependencia.<\/li>\n\n\n\n<li><strong>Optimizaci\u00f3n del rendimiento<\/strong>: Limitar el tama\u00f1o del conjunto de datos, utilizar tipos de datos adecuados, optimizar los c\u00e1lculos DAX<\/li>\n\n\n\n<li><strong>Dise\u00f1o jer\u00e1rquico<\/strong>: Planificar relaciones l\u00f3gicas padre-hijo, evitar el anidamiento profundo, mantener una estructura clara.<\/li>\n\n\n\n<li><strong>Modelizaci\u00f3n de dependencias<\/strong>: Establezca dependencias realistas, evite las referencias circulares y utilice tiempos de retardo adecuados.<\/li>\n\n\n\n<li><strong>Estrategia de pruebas<\/strong>: Pruebas con datos de muestra, validaci\u00f3n de todas las funciones, pruebas de rendimiento con grandes conjuntos de datos<\/li>\n<\/ul>\n\n\n\n<h4 class=\"wp-block-heading\" id=\"-visual-configuration-best-practices-\"><strong>Mejores pr\u00e1cticas de configuraci\u00f3n visual<\/strong> \u2728<\/h4>\n\n\n\n<ul class=\"wp-block-list\">\n<li><strong>Escala temporal<\/strong>: Elija el nivel de zoom predeterminado adecuado, configure intervalos de fechas razonables, active el escalado adaptativo<\/li>\n\n\n\n<li><strong>Estrategia de color<\/strong>: Utilice esquemas de color coherentes, asigne colores a atributos de datos significativos y garantice la accesibilidad.<\/li>\n\n\n\n<li><strong>Optimizaci\u00f3n del dise\u00f1o<\/strong>: Configure la altura adecuada de las barras de tareas, optimice la posici\u00f3n del texto y equilibre la densidad de la informaci\u00f3n.<\/li>\n\n\n\n<li><strong>Dise\u00f1o interactivo<\/strong>: Permite una navegaci\u00f3n intuitiva, proporciona informaci\u00f3n visual clara y es compatible con la interacci\u00f3n t\u00e1ctil y con el rat\u00f3n.<\/li>\n<\/ul>\n\n\n\n\n<h4 class=\"wp-block-heading\" id=\"supported-data-sources-reference\">Referencia de fuentes de datos compatibles<\/h4>\n\n\n\n<figure class=\"wp-block-table\"><table class=\"has-fixed-layout\"><thead><tr><th><strong>Fuente de datos<\/strong><\/th><th><strong>Plataforma<\/strong><\/th><th><strong>Estado<\/strong><\/th><th><strong>Campos clave<\/strong><\/th><th><strong>Notas de integraci\u00f3n<\/strong><\/th><\/tr><\/thead><tbody><tr><td><strong>Proyecto Microsoft<\/strong><\/td><td>MS Project<\/td><td>\u2705 Primaria<\/td><td>ID de tarea, Nombre, Inicio, Fin, Dependencias<\/td><td>Exportar como Excel o conectarse a trav\u00e9s de Project Online<\/td><\/tr><tr><td><strong>Primavera P6<\/strong><\/td><td>Oracle<\/td><td>\u2705 Primaria<\/td><td>ID de actividad, nombre, inicio, fin, predecesores<\/td><td>Exportaci\u00f3n como Excel o importaci\u00f3n XML<\/td><\/tr><tr><td><strong>Azure DevOps<\/strong><\/td><td>Microsoft<\/td><td>\u2705 Primaria<\/td><td>ID del elemento de trabajo, t\u00edtulo, fecha de inicio, fecha objetivo<\/td><td>Conexi\u00f3n directa a la API o exportaci\u00f3n<\/td><\/tr><tr><td><strong>Jira<\/strong><\/td><td>Atlassian<\/td><td>\u2705 Primaria<\/td><td>Clave de emisi\u00f3n, Resumen, Fecha de vencimiento, Enlaces<\/td><td>Exportaci\u00f3n o integraci\u00f3n API<\/td><\/tr><tr><td><strong>Excel\/CSV<\/strong><\/td><td>General<\/td><td>\u2705 Primaria<\/td><td>Campos personalizados asignados a los requisitos de Gantt<\/td><td>Importaci\u00f3n directa de PowerBI<\/td><\/tr><tr><td><strong>Asana<\/strong><\/td><td>Asana<\/td><td>\u2705 Secundaria<\/td><td>ID de tarea, Nombre, Fecha de inicio, Fecha de vencimiento<\/td><td>Exportar como CSV<\/td><\/tr><tr><td><strong>Mesas a medida<\/strong><\/td><td>Base de datos<\/td><td>\u2705 Secundaria<\/td><td>Esquema definido por el usuario que coincide con el modelo Gantt<\/td><td>Conexi\u00f3n directa a la base de datos<\/td><\/tr><\/tbody><\/table><\/figure>\n\n\n\n<p>Este completo visual transforma datos complejos de proyectos en hermosos diagramas de Gantt interactivos que mantienen la calidad profesional y soportan sofisticados flujos de trabajo de gesti\u00f3n de proyectos directamente en los cuadros de mando de PowerBI. Por fin, las partes interesadas ver\u00e1n los plazos de los proyectos tal y como deben mostrarse: de forma clara, interactiva y con un formato profesional.<\/p>","protected":false},"excerpt":{"rendered":"<p>Minimum Requirements | License |\u00a0Features | Zoom &amp; Pan | Filter | Troubleshooting Teams across industries use the LeapLytics Gantt Chart to visualize project timelines, dependencies, milestones, hierarchies, and resource allocations directly inside Power BI. The visual is fast, and built for enterprise-grade reporting. With features such as dynamic zooming, critical path display, customizable timeline &hellip; <\/p>","protected":false},"author":2,"featured_media":0,"parent":0,"menu_order":0,"comment_status":"closed","ping_status":"closed","template":"","meta":{"footnotes":""},"class_list":["post-13813","page","type-page","status-publish","hentry","latest_post"],"_links":{"self":[{"href":"https:\/\/www.leaplytics.de\/es\/wp-json\/wp\/v2\/pages\/13813","targetHints":{"allow":["GET"]}}],"collection":[{"href":"https:\/\/www.leaplytics.de\/es\/wp-json\/wp\/v2\/pages"}],"about":[{"href":"https:\/\/www.leaplytics.de\/es\/wp-json\/wp\/v2\/types\/page"}],"author":[{"embeddable":true,"href":"https:\/\/www.leaplytics.de\/es\/wp-json\/wp\/v2\/users\/2"}],"replies":[{"embeddable":true,"href":"https:\/\/www.leaplytics.de\/es\/wp-json\/wp\/v2\/comments?post=13813"}],"version-history":[{"count":124,"href":"https:\/\/www.leaplytics.de\/es\/wp-json\/wp\/v2\/pages\/13813\/revisions"}],"predecessor-version":[{"id":14246,"href":"https:\/\/www.leaplytics.de\/es\/wp-json\/wp\/v2\/pages\/13813\/revisions\/14246"}],"wp:attachment":[{"href":"https:\/\/www.leaplytics.de\/es\/wp-json\/wp\/v2\/media?parent=13813"}],"curies":[{"name":"wp","href":"https:\/\/api.w.org\/{rel}","templated":true}]}}