{"id":14333,"date":"2025-12-12T23:50:46","date_gmt":"2025-12-12T22:50:46","guid":{"rendered":"https:\/\/www.leaplytics.de\/?page_id=14333"},"modified":"2025-12-12T23:52:36","modified_gmt":"2025-12-12T22:52:36","slug":"inteligencia-artificial-chatbot","status":"publish","type":"page","link":"https:\/\/www.leaplytics.de\/es\/inteligencia-artificial-chatbot\/","title":{"rendered":"Inteligencia artificial Chatbot"},"content":{"rendered":"<p>La mayor\u00eda de los sitios web est\u00e1n muertos fuera de hora. Los visitantes llegan. Tienen preguntas. Nadie responde. Se van.<\/p>\n<p>Un chatbot de IA cambia eso. Habla con todos los visitantes. Responde a las preguntas al instante. Nunca se toma un descanso. Nunca se cansa. Nunca olvida lo que hace su empresa.<\/p>\n<p>Esto no es ciencia ficci\u00f3n. Es una herramienta que funciona ahora mismo.<\/p>\n\n\n<hr class=\"wp-block-separator has-alpha-channel-opacity\"\/>\n\n\n\n<h2 class=\"wp-block-heading\">El problema<\/h2>\n\n\n<p>La gente visita su sitio web con preguntas. Preguntas sencillas. \"\u00bfQu\u00e9 ofrecen?\" \"\u00bfCu\u00e1nto cuesta? \"\u00bfC\u00f3mo empiezo?\"<\/p>\n<p>Sin un chatbot, ocurren dos cosas:<\/p>\n<p><strong>Opci\u00f3n 1:<\/strong> Buscan en su sitio. Hacen clic. Se frustran. Se van.<\/p>\n<p><strong>Opci\u00f3n 2:<\/strong> Env\u00edan un correo electr\u00f3nico. Esperan. Quiz\u00e1 usted responda en unas horas. Tal vez un d\u00eda. Para entonces, ya han pasado p\u00e1gina.<\/p>\n<p>Cada pregunta sin respuesta es una oportunidad perdida. Cada respuesta lenta enfr\u00eda a un cliente potencial.<\/p>\n\n\n<hr class=\"wp-block-separator has-alpha-channel-opacity\"\/>\n\n\n\n<h3 class=\"wp-block-heading\">Qu\u00e9 hace el chatbot de IA<\/h3>\n\n\n<p>Est\u00e1 en su sitio web. Espera a los visitantes. Cuando alguien escribe una pregunta, responde inmediatamente.<\/p>\n<p><strong>Conoce tu negocio.<\/strong><br \/>\nEl chatbot aprende de tus documentos, tus preguntas frecuentes, la informaci\u00f3n de tus productos. S\u00f3lo responde con la informaci\u00f3n que usted le proporciona. Nada de adivinanzas. No se inventa nada.<\/p>\n<p><strong>Entiende el contexto.<\/strong><br \/>\n\u00bfHaces una pregunta de seguimiento? Recuerda de qu\u00e9 hab\u00e9is hablado. La conversaci\u00f3n fluye con naturalidad.<\/p>\n<p><strong>Responde con precisi\u00f3n.<\/strong><br \/>\nCada respuesta procede de tu base de conocimientos. Si la respuesta no est\u00e1 ah\u00ed, lo dice. A continuaci\u00f3n, ofrece al visitante la posibilidad de ponerse en contacto con una persona real.<\/p>\n<p><strong>Capta pistas.<\/strong><br \/>\nCuando alguien necesita ayuda humana, el chatbot recoge su correo electr\u00f3nico. Su equipo hace el seguimiento. No se pierde ning\u00fan contacto.<\/p>\n<p><strong>Lo registra todo.<\/strong><br \/>\nCada conversaci\u00f3n se guarda. Usted ve lo que preguntan los clientes. Aprendes lo que necesitan. Mejora con el tiempo.<\/p>\n\n\n<hr class=\"wp-block-separator has-alpha-channel-opacity\"\/>\n\n\n\n<h3 class=\"wp-block-heading\">Lo que obtiene<\/h3>\n\n\n\n<h5 class=\"wp-block-heading\">Disponibilidad 24\/7<\/h5>\n\n\n<p>Su chatbot nunca duerme. Fines de semana, vacaciones, a las 3 de la ma\u00f1ana... siempre est\u00e1 ah\u00ed. Los visitantes obtienen respuestas cuando las necesitan. No cuando usted est\u00e1 disponible.<\/p>\n\n\n<h5 class=\"wp-block-heading\">Respuestas instant\u00e1neas<\/h5>\n\n\n<p>Sin esperas. Nada de \"nos pondremos en contacto con usted\". Las preguntas se responden en segundos. Las respuestas r\u00e1pidas atraen a los visitantes. Los visitantes interesados se convierten en clientes.<\/p>\n\n\n<h5 class=\"wp-block-heading\">Calidad constante<\/h5>\n\n\n<p>Todas las respuestas son correctas. Siempre. No hay d\u00edas malos. Sin errores de comunicaci\u00f3n. Nada de \"depende de con qui\u00e9n hables\". El chatbot ofrece la misma respuesta de calidad al visitante 1 y al visitante 1.000.<\/p>\n\n\n<h5 class=\"wp-block-heading\">Su equipo recupera tiempo<\/h5>\n\n\n<p>Las preguntas repetitivas consumen horas. \"\u00bfCu\u00e1l es su precio?\" \"\u00bfC\u00f3mo me registro? \"\u00bfOfrecen pruebas?\" El chatbot se encarga de ellas. Su equipo se centra en las conversaciones que realmente necesitan un humano.<\/p>\n\n\n<h5 class=\"wp-block-heading\">Informaci\u00f3n real sobre los clientes<\/h5>\n\n\n<p>Cada conversaci\u00f3n es un dato. \u00bfQu\u00e9 es lo que m\u00e1s preguntan los visitantes? \u00bfD\u00f3nde se atascan? \u00bfQu\u00e9 quieren que usted no ofrece? El chatbot se lo muestra. No necesita encuestas.<\/p>\n\n\n<hr class=\"wp-block-separator has-alpha-channel-opacity\"\/>\n\n\n\n<h3 class=\"wp-block-heading\">C\u00f3mo funciona<\/h3>\n\n\n<p>El proceso es sencillo:<\/p>\n<p><strong>T\u00fa aportas los conocimientos.<\/strong> \u2192 Sube documentos, preguntas frecuentes, informaci\u00f3n sobre productos. Lo que quieras que el chatbot sepa.<\/p>\n<p><strong>La IA lo aprende.<\/strong> \u2192 El sistema procesa tus contenidos y los almacena en un formato que permite realizar b\u00fasquedas.<\/p>\n<p><strong>Un visitante hace una pregunta.<\/strong> \u2192 Teclean en el widget de chat de tu web.<\/p>\n<p><strong>La IA encuentra la respuesta.<\/strong> \u2192 Busca en tu base de conocimientos, encuentra informaci\u00f3n relevante y elabora una respuesta.<\/p>\n<p><strong>El visitante recibe ayuda.<\/strong> \u2192 Instant\u00e1neamente. Con precisi\u00f3n. Sin esperar a un humano.<\/p>\n<p><strong>Aprendes y mejoras.<\/strong> \u2192 Revisar conversaciones. A\u00f1adir nuevos contenidos. El chatbot se vuelve m\u00e1s inteligente con el tiempo.<\/p>\n\n\n<hr class=\"wp-block-separator has-alpha-channel-opacity\"\/>\n\n\n\n<h3 class=\"wp-block-heading\">A qui\u00e9n va dirigido<\/h3>\n\n\n<p>Esto sirve para cualquier negocio en el que los visitantes tengan preguntas:<\/p>\n<ul>\n<li><strong>Empresas de software<\/strong> - Responder a preguntas sobre el producto. Explicar las caracter\u00edsticas. Guiar a los usuarios hacia el plan adecuado.<\/li>\n<li><strong>Empresas de servicios<\/strong> - Describa lo que ofrece. Explique su proceso. Cualifique a los clientes potenciales antes de que llamen.<\/li>\n<li><strong>Comercio electr\u00f3nico<\/strong> - Ayudar a los clientes a encontrar los productos. Responda a las preguntas sobre env\u00edos. Reduzca el abandono de carritos.<\/li>\n<li><strong>Servicios profesionales<\/strong> - Explique su experiencia. Responda a preguntas jur\u00eddicas, financieras o t\u00e9cnicas habituales.<\/li>\n<li><strong>Equipos internos<\/strong> - Bots de RRHH para preguntas de los empleados. Bots de TI para problemas t\u00e9cnicos comunes. Bots de formaci\u00f3n para la incorporaci\u00f3n.<\/li>\n<\/ul>\n<p>Si la gente te hace las mismas preguntas una y otra vez, un chatbot puede responderlas en su lugar.<\/p>\n\n\n<hr class=\"wp-block-separator has-alpha-channel-opacity\"\/>\n\n\n\n<h3 class=\"wp-block-heading\">Lo que lo hace diferente<\/h3>\n\n\n<p>Los antiguos chatbots eran frustrantes. Segu\u00edan guiones. No entend\u00edan preguntas reales. Enfadaban a la gente.<\/p>\n<p>Esto es diferente.<\/p>\n<p>La IA moderna entiende el lenguaje. Lee tu pregunta. Entiende lo que quieres decir. Encuentra la respuesta correcta. Responde como lo har\u00eda una persona servicial.<\/p>\n<p>Y s\u00f3lo utiliza la informaci\u00f3n que t\u00fa le das. Nada de alucinaciones. Ni respuestas aleatorias. S\u00f3lo respuestas precisas de tu propia base de conocimientos.<\/p>\n\n\n<hr class=\"wp-block-separator has-alpha-channel-opacity\"\/>\n\n\n\n<h3 class=\"wp-block-heading\">El valor real<\/h3>\n\n\n<p>Piensa en las matem\u00e1ticas.<\/p>\n<p>\u00bfCu\u00e1ntas horas pasa su equipo respondiendo a preguntas repetitivas? \u00bfCu\u00e1ntos clientes potenciales se enfr\u00edan porque no pudo responder con la suficiente rapidez? \u00bfCu\u00e1ntos visitantes abandonan su sitio sin obtener la ayuda que necesitaban?<\/p>\n<p>Un chatbot soluciona las tres cosas. Responde al instante. Funciona las 24 horas del d\u00eda. Nunca pierde un mensaje.<\/p>\n<p>El resultado: M\u00e1s clientes potenciales captados. Respuestas m\u00e1s r\u00e1pidas. Visitantes m\u00e1s felices. Y su equipo haciendo un trabajo que realmente necesita un cerebro humano.<\/p>\n\n\n<hr class=\"wp-block-separator has-alpha-channel-opacity\"\/>\n\n\n\n<h3 class=\"wp-block-heading\">\u00bfListo para empezar?<\/h3>\n\n\n<p>No tienes por qu\u00e9 resolverlo solo.<\/p>\n<p>Creamos chatbots de IA que funcionan. Configuramos el sistema. Lo entrenamos con su contenido. Nos aseguramos de que responde a las preguntas de la forma que usted desea.<\/p>\n<p>Obtendr\u00e1 un chatbot que conoce su negocio, ayuda a sus visitantes y libera a su equipo.<\/p>\n<p><a href=\"https:\/\/www.leaplytics.de\/es\/kontakt\/\">Hable con nosotros<\/a><\/p>\n<p><a href=\"https:\/\/www.leaplytics.de\/es\/inteligencia-artificial\/\">M\u00e1s informaci\u00f3n sobre nuestros servicios de IA<\/a><\/p>","protected":false},"excerpt":{"rendered":"<p>La mayor\u00eda de los sitios web est\u00e1n muertos fuera de hora. Los visitantes llegan. Tienen preguntas. Nadie responde. Se van. Un chatbot de inteligencia artificial cambia eso. Habla con cada visitante. Responde a las preguntas al instante. Nunca se toma un descanso. Nunca se cansa. Nunca olvida lo que hace su empresa. Esto no es ciencia ficci\u00f3n. Es una herramienta que funciona ... <\/p>","protected":false},"author":2,"featured_media":0,"parent":0,"menu_order":0,"comment_status":"closed","ping_status":"closed","template":"","meta":{"footnotes":""},"class_list":["post-14333","page","type-page","status-publish","hentry","latest_post"],"_links":{"self":[{"href":"https:\/\/www.leaplytics.de\/es\/wp-json\/wp\/v2\/pages\/14333","targetHints":{"allow":["GET"]}}],"collection":[{"href":"https:\/\/www.leaplytics.de\/es\/wp-json\/wp\/v2\/pages"}],"about":[{"href":"https:\/\/www.leaplytics.de\/es\/wp-json\/wp\/v2\/types\/page"}],"author":[{"embeddable":true,"href":"https:\/\/www.leaplytics.de\/es\/wp-json\/wp\/v2\/users\/2"}],"replies":[{"embeddable":true,"href":"https:\/\/www.leaplytics.de\/es\/wp-json\/wp\/v2\/comments?post=14333"}],"version-history":[{"count":3,"href":"https:\/\/www.leaplytics.de\/es\/wp-json\/wp\/v2\/pages\/14333\/revisions"}],"predecessor-version":[{"id":14340,"href":"https:\/\/www.leaplytics.de\/es\/wp-json\/wp\/v2\/pages\/14333\/revisions\/14340"}],"wp:attachment":[{"href":"https:\/\/www.leaplytics.de\/es\/wp-json\/wp\/v2\/media?parent=14333"}],"curies":[{"name":"wp","href":"https:\/\/api.w.org\/{rel}","templated":true}]}}