{"id":14381,"date":"2025-12-18T23:30:11","date_gmt":"2025-12-18T22:30:11","guid":{"rendered":"https:\/\/www.leaplytics.de\/?page_id=14381"},"modified":"2025-12-19T01:53:47","modified_gmt":"2025-12-19T00:53:47","slug":"derecho-legal-ai","status":"publish","type":"page","link":"https:\/\/www.leaplytics.de\/es\/derecho-legal-ai\/","title":{"rendered":"Legal \/ Derecho AI"},"content":{"rendered":"<h2>Su equipo jur\u00eddico tiene demasiado trabajo. La IA puede ayudarle.<\/h2>\n\n<p>El trabajo jur\u00eddico es trabajo de texto. Contratos. Documentos. Correos electr\u00f3nicos. Investigaciones. Comprobaciones de cumplimiento.<\/p>\n<p>La mayor\u00eda sigue patrones. Encuentre la cl\u00e1usula. Compruebe el riesgo. Compara las versiones. Vuelva a responder a la misma pregunta.<\/p>\n<p>La IA est\u00e1 hecha para esto. Lee m\u00e1s r\u00e1pido que cualquier humano. Nunca se cansa. Nunca se pierde una l\u00ednea de la p\u00e1gina 47.<\/p>\n<p>Esto no sustituye a los abogados. Los hace m\u00e1s r\u00e1pidos. Se ocupa de la rutina para que su equipo pueda centrarse en lo que realmente necesita un cerebro humano.<\/p>\n\n\n<hr class=\"wp-block-separator has-alpha-channel-opacity\"\/>\n\n\n\n<h3 class=\"wp-block-heading\">La realidad del trabajo jur\u00eddico en la actualidad<\/h3>\n\n\n<p>Los equipos jur\u00eddicos se ahogan. M\u00e1s contratos. M\u00e1s normativas. M\u00e1s presi\u00f3n para actuar con rapidez.<\/p>\n<p>Los asociados dedican horas a tareas que no requieren a\u00f1os de estudio del Derecho. Los socios revisan documentos cuando deber\u00edan estar asesorando a los clientes. Los abogados internos se apresuran con los contratos porque siempre hay otro esperando.<\/p>\n<p>El trabajo se acumula. Los plazos se ajustan. Las cosas se pasan por alto.<\/p>\n<p>No porque la gente no sea buena en su trabajo. Porque simplemente hay demasiado texto y poco tiempo.<\/p>\n\n\n<hr class=\"wp-block-separator has-alpha-channel-opacity\"\/>\n\n\n\n<h3 class=\"wp-block-heading\">Donde la IA marca la diferencia<\/h3>\n\n\n<p>La IA funciona mejor cuando hay mucho texto y patrones claros. El trabajo jur\u00eddico tiene ambas cosas.<\/p>\n<p>He aqu\u00ed cinco \u00e1reas en las que la IA ofrece resultados reales, no exageraciones, sino ahorro de tiempo y detecci\u00f3n de riesgos.<\/p>\n\n\n<hr class=\"wp-block-separator has-alpha-channel-opacity\"\/>\n\n\n\n<h4 class=\"wp-block-heading\">1. Revisi\u00f3n del contrato<\/h4>\n\n\n<p>Los contratos son la columna vertebral de las empresas. Tambi\u00e9n son un enorme sumidero de tiempo.<\/p>\n<p>Hay que revisar todos los contratos. Hay que comprobar cada cl\u00e1usula. Hay que se\u00f1alar cada desviaci\u00f3n de la norma. Multipl\u00edquelo por cientos de contratos al a\u00f1o.<\/p>\n\n\n<h5 class=\"wp-block-heading\">Qu\u00e9 hace la IA<\/h5>\n\n\n<p><strong>Busca y extrae cl\u00e1usulas clave.<\/strong><br \/>\nDuraci\u00f3n. Rescisi\u00f3n. Responsabilidad civil. Jurisdicci\u00f3n. Confidencialidad. La IA los extrae autom\u00e1ticamente. Se acab\u00f3 el buscar por las p\u00e1ginas.<\/p>\n\n<p><strong>Se\u00f1ala los riesgos.<\/strong><br \/>\nLa IA conoce tu libro de jugadas est\u00e1ndar. Cuando algo se desv\u00eda, lo destaca. \"Esta cl\u00e1usula de responsabilidad es m\u00e1s amplia que la est\u00e1ndar\". \"Este plazo de rescisi\u00f3n es m\u00e1s corto de lo habitual\".<\/p>\n\n<p><strong>Manchas que faltan piezas.<\/strong><br \/>\n\u00bfNo hay cl\u00e1usula de confidencialidad? \u00bfNo hay limitaci\u00f3n de responsabilidad? La IA se da cuenta de lo que no hay.<\/p>\n\n<p><strong>Compara versiones.<\/strong><br \/>\nLas l\u00edneas rojas son confusas. La IA explica qu\u00e9 ha cambiado realmente entre versiones. En lenguaje sencillo.<\/p>\n\n<p><strong>Redacta res\u00famenes.<\/strong><br \/>\nTodos los contratos tienen un resumen. T\u00e9rminos clave. Riesgos clave. Lo que importa. Una p\u00e1gina en lugar de cincuenta.<\/p>\n\n\n<h5 class=\"wp-block-heading\">Lo que esto significa para usted<\/h5>\n\n\n<ul>\n<li><strong>Para los responsables de la toma de decisiones:<\/strong> Ciclos de negociaci\u00f3n m\u00e1s r\u00e1pidos. Menos cuellos de botella. Menor coste por contrato revisado.<\/li>\n<li><strong>Para abogados:<\/strong> C\u00e9ntrese en el 10-20% que necesita su experiencia. S\u00e1ltate el 80% que has visto cientos de veces.<\/li>\n<li><strong>Para el negocio:<\/strong> Los contratos est\u00e1ndar se revisan autom\u00e1ticamente a la primera. Los complejos reciben m\u00e1s atenci\u00f3n, m\u00e1s r\u00e1pido.<\/li>\n<\/ul>\n\n<p><a href=\"https:\/\/www.leaplytics.de\/es\/revision-de-contratos-ai\/\">M\u00e1s informaci\u00f3n sobre AI for Contract Review \u2192<\/a><\/p>\n\n\n<hr class=\"wp-block-separator has-alpha-channel-opacity\"\/>\n\n\n\n<h4 class=\"wp-block-heading\">2. Revisi\u00f3n de documentos en litigios e investigaciones<\/h4>\n\n\n<p>Los pleitos y las investigaciones implican documentos. Miles de ellos. A veces millones.<\/p>\n<p>Correos electr\u00f3nicos. PDFs. Registros de chat. Archivos adjuntos. Todos necesitan revisi\u00f3n. Todos necesitan clasificaci\u00f3n. Todo bajo presi\u00f3n de plazos.<\/p>\n\n\n<h5 class=\"wp-block-heading\">Qu\u00e9 hace la IA<\/h5>\n\n\n<p><strong>Clasifica la pertinencia autom\u00e1ticamente.<\/strong><br \/>\nRelevante. No pertinente. Necesita revisi\u00f3n. La IA ordena el mont\u00f3n antes de que empiecen los humanos.<\/p>\n\n<p><strong>Agrupaciones por temas.<\/strong><br \/>\n\u00bfQu\u00e9 correos electr\u00f3nicos van juntos? \u00bfQu\u00e9 conversaciones tratan el mismo tema? La IA los agrupa para que los revisores vean el panorama completo.<\/p>\n\n<p><strong>Encuentra contenido sensible.<\/strong><br \/>\nPosibles problemas de cumplimiento. Datos personales. Comunicaciones privilegiadas. Palabras clave importantes. La IA las marca para que las revise un humano.<\/p>\n\n<p><strong>Prioriza lo que los humanos ven primero.<\/strong><br \/>\nNo todos los documentos son iguales. La IA sugiere cu\u00e1les necesitan atenci\u00f3n inmediata.<\/p>\n\n<p><strong>Resume hilos largos.<\/strong><br \/>\nUna cadena de 50 correos se convierte en un resumen de un p\u00e1rrafo. Los revisores entienden r\u00e1pido el contexto.<\/p>\n\n\n<h5 class=\"wp-block-heading\">Lo que esto significa para usted<\/h5>\n\n\n<ul>\n<li><strong>Para los responsables de la toma de decisiones:<\/strong> Disminuyen los costes de descubrimiento. Los casos se resuelven m\u00e1s r\u00e1pido. El presupuesto se mantiene bajo control.<\/li>\n<li><strong>Para abogados:<\/strong> Revise los documentos que importan. Evite el ruido. Encuentre m\u00e1s r\u00e1pido la aguja en el pajar.<\/li>\n<li><strong>Para el cumplimiento:<\/strong> Mejor documentaci\u00f3n de lo que se revis\u00f3 y por qu\u00e9. Proceso defendible.<\/li>\n<\/ul>\n\n<p><a href=\"https:\/\/www.leaplytics.de\/es\/revision-de-documentos-investigacion-de-litigios-ai\/\">M\u00e1s informaci\u00f3n sobre la IA para la revisi\u00f3n de documentos y el eDiscovery \u2192...<\/a><\/p>\n\n\n<hr class=\"wp-block-separator has-alpha-channel-opacity\"\/>\n\n\n\n<h4 class=\"wp-block-heading\">3. Investigaci\u00f3n y redacci\u00f3n jur\u00eddicas<\/h4>\n\n\n<p>La investigaci\u00f3n lleva tiempo. Encontrar casos relevantes. Comprender la normativa. Construir argumentos. Y luego redactarlo todo con la estructura adecuada.<\/p>\n<p>La mayor parte sigue patrones. La IA puede encargarse del primer borrador.<\/p>\n\n\n<h5 class=\"wp-block-heading\">Qu\u00e9 hace la IA<\/h5>\n\n\n<p><strong>Encuentra fuentes relevantes.<\/strong><br \/>\nLeyes. Decisiones judiciales. Directrices. Precedentes. La IA te da un punto de partida en lugar de una p\u00e1gina en blanco.<\/p>\n\n<p><strong>Sugiere la estructura del documento.<\/strong><br \/>\nBreves. Memorandos. Opiniones. Existen formatos est\u00e1ndar. La IA te propone un esquema en funci\u00f3n de lo que est\u00e9s escribiendo.<\/p>\n\n<p><strong>Redacta textos est\u00e1ndar.<\/strong><br \/>\nCl\u00e1usulas. Cartas de presentaci\u00f3n. Secciones repetitivas. La IA redacta la primera versi\u00f3n. T\u00fa la perfeccionas.<\/p>\n\n<p><strong>Traduce el lenguaje jur\u00eddico al lenguaje llano.<\/strong><br \/>\n\u00bfUn cliente necesita entender una decisi\u00f3n judicial? La IA la resume sin jerga.<\/p>\n\n<p><strong>Muestra ambos lados.<\/strong><br \/>\nArgumentos a favor. Argumentos en contra. La IA te ayuda a ver el panorama completo antes de comprometerte con una postura.<\/p>\n\n\n<h5 class=\"wp-block-heading\">Lo que esto significa para usted<\/h5>\n\n\n<ul>\n<li><strong>Para los responsables de la toma de decisiones:<\/strong> Los abogados junior son m\u00e1s productivos. Los abogados s\u00e9nior se centran en la estrategia, no en la redacci\u00f3n.<\/li>\n<li><strong>Para abogados:<\/strong> Comience con un borrador en lugar de una p\u00e1gina en blanco. Reduce el tiempo de investigaci\u00f3n en un 30-60%.<\/li>\n<li><strong>Para los clientes:<\/strong> Mayor rapidez. Comunicaci\u00f3n m\u00e1s clara. Mejor relaci\u00f3n calidad-precio.<\/li>\n<\/ul>\n\n<p><em>Importante: la IA es aqu\u00ed un copiloto, no un piloto autom\u00e1tico. Un humano siempre revisa y asume la responsabilidad del trabajo final.<\/em><\/p>\n\n<p><a href=\"https:\/\/www.leaplytics.de\/es\/investigacion-juridica-redaccion-ai\/\">M\u00e1s informaci\u00f3n sobre AI for Legal Research &amp; Drafting \u2192 IA para investigaci\u00f3n y redacci\u00f3n jur\u00eddica<\/a><\/p>\n\n\n<hr class=\"wp-block-separator has-alpha-channel-opacity\"\/>\n\n\n\n<h4 class=\"wp-block-heading\">4. Admisi\u00f3n de clientes y gesti\u00f3n de casos<\/h4>\n\n\n<p>Constantemente llegan nuevos asuntos. Correos electr\u00f3nicos. Llamadas. Formularios web. Hay que entenderlos, clasificarlos y enviarlos a la persona adecuada.<\/p>\n<p>Cuando hay mucho trabajo, esto se rompe. Las consultas esperan. La informaci\u00f3n se pierde. Los clientes potenciales se van.<\/p>\n\n\n<h5 class=\"wp-block-heading\">Qu\u00e9 hace la IA<\/h5>\n\n\n<p><strong>Clasifica las solicitudes entrantes.<\/strong><br \/>\nDerecho laboral. Inmobiliario. Mercantil. Litigios. La IA lee el mensaje y sabe de qu\u00e9 se trata.<\/p>\n\n<p><strong>Eval\u00faa la urgencia.<\/strong><br \/>\n\u00bfSe menciona el plazo? \u00bfCuesti\u00f3n de prescripci\u00f3n? La IA se\u00f1ala los asuntos sensibles al tiempo.<\/p>\n\n<p><strong>Responde autom\u00e1ticamente a las preguntas est\u00e1ndar.<\/strong><br \/>\n\"\u00bfQu\u00e9 documentos necesito?\" \"\u00bfC\u00f3mo funciona la primera reuni\u00f3n?\" \"\u00bfCu\u00e1les son sus honorarios?\" Respuestas instant\u00e1neas, 24 horas al d\u00eda, 7 d\u00edas a la semana.<\/p>\n\n<p><strong>Informaci\u00f3n sobre casos de estructuras.<\/strong><br \/>\nDatos del cliente. Parte contraria. Cronolog\u00eda. Datos clave. La IA lo organiza todo en un formato limpio antes de que un abogado ni siquiera lo mire.<\/p>\n\n<p><strong>Crea una visi\u00f3n unificada.<\/strong><br \/>\nTanto si alguien env\u00eda un correo electr\u00f3nico, llama por tel\u00e9fono o rellena un formulario, toda la informaci\u00f3n acaba en un \u00fanico lugar, debidamente organizada.<\/p>\n\n\n<h5 class=\"wp-block-heading\">Lo que esto significa para usted<\/h5>\n\n\n<ul>\n<li><strong>Para los responsables de la toma de decisiones:<\/strong> Mayor conversi\u00f3n de consulta a cliente. Tiempos de respuesta m\u00e1s r\u00e1pidos. Menos gastos administrativos.<\/li>\n<li><strong>Para abogados:<\/strong> Organice los expedientes de los casos, no los correos electr\u00f3nicos dispersos. Dedica tiempo al trabajo jur\u00eddico, no a ordenar.<\/li>\n<li><strong>Para clientes potenciales:<\/strong> Respuestas r\u00e1pidas. Pasos siguientes claros. Experiencia profesional desde el primer contacto.<\/li>\n<\/ul>\n\n<p><a href=\"https:\/\/www.leaplytics.de\/es\/admision-de-clientes-gestion-de-casos-ai\/\">M\u00e1s informaci\u00f3n sobre la IA para la admisi\u00f3n de clientes y la gesti\u00f3n de casos \u2192<\/a><\/p>\n\n\n<hr class=\"wp-block-separator has-alpha-channel-opacity\"\/>\n\n\n\n<h4 class=\"wp-block-heading\">5. Cumplimiento y control de pol\u00edticas<\/h4>\n\n\n<p>Hay normas por todas partes. Leyes. Reglamentos sectoriales. Pol\u00edticas internas. GDPR. Normas del sector. Directrices de la empresa.<\/p>\n<p>Estar al d\u00eda es un trabajo a tiempo completo. Perderse algo puede salir caro.<\/p>\n\n\n<h5 class=\"wp-block-heading\">Qu\u00e9 hace la IA<\/h5>\n\n\n<p><strong>Comprobaci\u00f3n de la conformidad de los documentos con las normas.<\/strong><br \/>\n\"\u00bfCumple este contrato la normativa X?\" \"\u00bfCumple esta pol\u00edtica Y requisito?\". La IA compara el texto con las normas y encuentra lagunas.<\/p>\n\n<p><strong>Verifica el contenido requerido.<\/strong><br \/>\n\u00bfFalta alg\u00fan elemento del GDPR en el aviso de privacidad? \u00bfLas condiciones de servicio no incluyen informaci\u00f3n obligatoria? La IA detecta lo que falta.<\/p>\n\n<p><strong>Supervisa los cambios normativos.<\/strong><br \/>\n\u00bfSe ha aprobado una nueva ley? \u00bfSe actualiza la normativa? La IA rastrea los cambios y se\u00f1ala lo que afecta a su empresa.<\/p>\n\n<p><strong>Sugiere actualizaciones.<\/strong><br \/>\nCuando las normas cambian, la IA propone una nueva redacci\u00f3n. T\u00fa lo revisas y lo apruebas.<\/p>\n\n\n<h5 class=\"wp-block-heading\">Lo que esto significa para usted<\/h5>\n\n\n<ul>\n<li><strong>Para los responsables de la toma de decisiones:<\/strong> Menor riesgo de incumplimiento. Controles documentados. Procesos listos para la auditor\u00eda.<\/li>\n<li><strong>Para abogados y equipos de cumplimiento:<\/strong> Comprobaci\u00f3n sistem\u00e1tica en lugar de esperar que no se te haya pasado algo por alto. Pruebas de que ha revisado.<\/li>\n<li><strong>Para el negocio:<\/strong> Cumpla la normativa sin ahogarse en revisiones manuales.<\/li>\n<\/ul>\n\n<p><a href=\"https:\/\/www.leaplytics.de\/es\/comprobacion-de-la-politica-de-cumplimiento-ai\/\">M\u00e1s informaci\u00f3n sobre AI for Compliance &amp; Policy Checking \u2192 Control de la conformidad y las pol\u00edticas.<\/a><\/p>\n\n\n<hr class=\"wp-block-separator has-alpha-channel-opacity\"\/>\n\n\n\n<h3 class=\"wp-block-heading\">Lo que la IA no har\u00e1<\/h3>\n\n\n<p>Seamos claros sobre los l\u00edmites.<\/p>\n<p>La IA no sustituye a los abogados. No toma decisiones. No aprueba el asesoramiento. No se ocupa de las conversaciones delicadas con los clientes ni de los argumentos jur\u00eddicos creativos.<\/p>\n<p>Se encarga de la rutina. La lectura. La clasificaci\u00f3n. El primer borrador. La comparaci\u00f3n.<\/p>\n<p>Sus abogados siguen pensando. Solo que lo hacen m\u00e1s r\u00e1pido porque el trabajo preliminar ya est\u00e1 hecho.<\/p>\n\n\n<hr class=\"wp-block-separator has-alpha-channel-opacity\"\/>\n\n\n\n<h3 class=\"wp-block-heading\">Lo esencial<\/h3>\n\n\n<p>Los equipos jur\u00eddicos que utilizan bien la IA no trabajan menos. Trabajan de forma diferente.<\/p>\n<p>En lugar de leer cada p\u00e1gina, revisan lo que importa. En lugar de redactar desde cero, perfeccionan un punto de partida. En lugar de clasificar manualmente, se centran en el an\u00e1lisis.<\/p>\n<p>El resultado:<\/p>\n<ul>\n<li>Mayor rapidez en la tramitaci\u00f3n de contratos y asuntos<\/li>\n<li>Menos riesgos y plazos incumplidos<\/li>\n<li>Menor coste por asunto<\/li>\n<li>Abogados que trabajan para lo que realmente necesitan sus conocimientos<\/li>\n<li>Mejor servicio al cliente<\/li>\n<\/ul>\n<p>No se trata de sustituir a su equipo. Se trata de hacerlos m\u00e1s eficaces.<\/p>\n\n\n<hr class=\"wp-block-separator has-alpha-channel-opacity\"\/>\n\n\n\n<h3 class=\"wp-block-heading\">\u00bfListo para ver lo que es posible?<\/h3>\n\n\n<p>Cada equipo jur\u00eddico es diferente. Sus contratos no son como los de los dem\u00e1s. Sus procesos tienen sus propias peculiaridades. Sus prioridades dependen de su negocio.<\/p>\n<p>No vendemos soluciones \u00fanicas. Analizamos su trabajo espec\u00edfico. Identificamos d\u00f3nde puede ayudar realmente la IA. Creamos sistemas que se adaptan a su flujo de trabajo.<\/p>\n<p>Sin exageraciones. Sin promesas que no podamos cumplir. Solo IA pr\u00e1ctica que hace que su equipo sea m\u00e1s eficaz.<p>\n\n<p><a href=\"https:\/\/www.leaplytics.de\/es\/kontakt\/\">Hablemos de su trabajo jur\u00eddico<\/a><p>\n\n<p><a href=\"https:\/\/www.leaplytics.de\/es\/inteligencia-artificial\/\">Ver todos los servicios de IA<\/a><p>","protected":false},"excerpt":{"rendered":"<p>Su equipo jur\u00eddico tiene demasiado trabajo. La IA puede ayudar. El trabajo jur\u00eddico es trabajo de texto. Contratos. Documentos. Correos electr\u00f3nicos. Investigaciones. Comprobaciones de cumplimiento. La mayor parte sigue patrones. Encontrar la cl\u00e1usula. Comprobar el riesgo. Compare las versiones. Vuelva a responder a la misma pregunta. La IA est\u00e1 hecha para esto. Lee m\u00e1s r\u00e1pido que cualquier humano. Nunca se cansa. ... <\/p>","protected":false},"author":2,"featured_media":0,"parent":0,"menu_order":0,"comment_status":"closed","ping_status":"closed","template":"","meta":{"footnotes":""},"class_list":["post-14381","page","type-page","status-publish","hentry","latest_post"],"_links":{"self":[{"href":"https:\/\/www.leaplytics.de\/es\/wp-json\/wp\/v2\/pages\/14381","targetHints":{"allow":["GET"]}}],"collection":[{"href":"https:\/\/www.leaplytics.de\/es\/wp-json\/wp\/v2\/pages"}],"about":[{"href":"https:\/\/www.leaplytics.de\/es\/wp-json\/wp\/v2\/types\/page"}],"author":[{"embeddable":true,"href":"https:\/\/www.leaplytics.de\/es\/wp-json\/wp\/v2\/users\/2"}],"replies":[{"embeddable":true,"href":"https:\/\/www.leaplytics.de\/es\/wp-json\/wp\/v2\/comments?post=14381"}],"version-history":[{"count":7,"href":"https:\/\/www.leaplytics.de\/es\/wp-json\/wp\/v2\/pages\/14381\/revisions"}],"predecessor-version":[{"id":14475,"href":"https:\/\/www.leaplytics.de\/es\/wp-json\/wp\/v2\/pages\/14381\/revisions\/14475"}],"wp:attachment":[{"href":"https:\/\/www.leaplytics.de\/es\/wp-json\/wp\/v2\/media?parent=14381"}],"curies":[{"name":"wp","href":"https:\/\/api.w.org\/{rel}","templated":true}]}}