{"id":14402,"date":"2025-12-18T23:52:33","date_gmt":"2025-12-18T22:52:33","guid":{"rendered":"https:\/\/www.leaplytics.de\/?page_id=14402"},"modified":"2025-12-19T01:57:41","modified_gmt":"2025-12-19T00:57:41","slug":"marketing-ventas-ai","status":"publish","type":"page","link":"https:\/\/www.leaplytics.de\/es\/marketing-ventas-ai\/","title":{"rendered":"Marketing \/ Ventas AI"},"content":{"rendered":"<h2>Su equipo de marketing y ventas tiene demasiado trabajo. La IA puede ayudarle.<\/h2>\n\n<p>El trabajo de marketing y ventas es trabajo de personas. Contactos. Clientes potenciales. Clientes. Campa\u00f1as. Mensajes. Una presi\u00f3n constante para encontrar, convencer y retener a los compradores.<\/p>\n<p>La mayor\u00eda sigue patrones. Anotar la pista. Escribir el correo electr\u00f3nico. Segmentar la lista. Actualizar el CRM. Volver a hacer el seguimiento.<\/p>\n<p>La IA est\u00e1 hecha para esto. Analiza m\u00e1s r\u00e1pido que cualquier ser humano. Nunca se olvida de hacer un seguimiento. Nunca env\u00eda el mensaje equivocado al segmento equivocado.<\/p>\n<p>Esto no sustituye a su equipo de marketing y ventas. Los agiliza. Se ocupa de la rutina para que su personal pueda centrarse en las relaciones y la estrategia.<\/p>\n\n\n<hr class=\"wp-block-separator has-alpha-channel-opacity\"\/>\n\n\n\n<h3 class=\"wp-block-heading\">La realidad del trabajo de marketing y ventas en la actualidad<\/h3>\n\n\n<p>Los equipos de marketing y ventas no dan abasto. M\u00e1s canales. M\u00e1s competencia. Mayores expectativas. Presupuestos m\u00e1s ajustados.<\/p>\n<p>Los vendedores dedican horas a contenidos que quiz\u00e1 no lleguen a buen puerto. Los representantes de ventas persiguen clientes potenciales que no van a ninguna parte. Los datos se almacenan en los sistemas, pero nadie tiene tiempo de analizarlos.<\/p>\n<p>Los buenos clientes potenciales se enfr\u00edan porque el seguimiento ha tardado demasiado. Las campa\u00f1as se ejecutan sin un ROI claro. Todo el mundo est\u00e1 ocupado, pero los resultados no se corresponden con el esfuerzo.<\/p>\n<p>No porque la gente no sea buena en su trabajo. Porque simplemente hay demasiado que hacer y pocas horas.<\/p>\n\n\n<hr class=\"wp-block-separator has-alpha-channel-opacity\"\/>\n\n\n\n<h3 class=\"wp-block-heading\">Donde la IA marca la diferencia<\/h3>\n\n\n<p>La IA funciona mejor cuando hay datos y patrones. El marketing y las ventas tienen ambas cosas.<\/p>\n<p>He aqu\u00ed cinco \u00e1reas en las que la IA ofrece resultados reales, no exageraciones, sino un impacto real en los ingresos y un ahorro de tiempo.<\/p>\n\n\n<hr class=\"wp-block-separator has-alpha-channel-opacity\"\/>\n\n\n\n<h4 class=\"wp-block-heading\">1. Generaci\u00f3n y cualificaci\u00f3n de clientes potenciales<\/h4>\n\n\n<p>No todos los clientes potenciales son iguales. Algunos comprar\u00e1n. La mayor\u00eda no. Averiguar cu\u00e1l es cu\u00e1l lleva tiempo, tiempo que podr\u00eda dedicarse a vender.<\/p>\n<p>Mientras tanto, los buenos clientes potenciales se escapan porque no captaron la atenci\u00f3n lo suficientemente r\u00e1pido.<\/p>\n\n\n<h5 class=\"wp-block-heading\">Qu\u00e9 hace la IA<\/h5>\n\n\n<p><strong>Puntuaci\u00f3n autom\u00e1tica de clientes potenciales.<\/strong><br \/>\nBas\u00e1ndose en el comportamiento, los datos demogr\u00e1ficos y los patrones hist\u00f3ricos, la IA clasifica los clientes potenciales con m\u00e1s probabilidades de comprar. Los clientes potenciales emergen inmediatamente.<\/p>\n\n<p><strong>Identifica las se\u00f1ales de compra.<\/strong><br \/>\nVisitas al sitio web. Descargas de contenidos. Participaci\u00f3n por correo electr\u00f3nico. La IA se da cuenta cuando el comportamiento de alguien dice \"listo para comprar\".<\/p>\n\n<p><strong>Cualifica a los clientes potenciales con preguntas.<\/strong><br \/>\nChatbots y formularios que hacen las preguntas adecuadas. La IA recopila informaci\u00f3n de cualificaci\u00f3n antes de que intervenga un humano.<\/p>\n\n<p><strong>Enriquece los datos de plomo.<\/strong><br \/>\nTama\u00f1o de la empresa. Sector. Cargo. La IA completa la informaci\u00f3n que falta para que sepas con qui\u00e9n est\u00e1s hablando.<\/p>\n\n<p><strong>Dirige las pistas a la persona adecuada.<\/strong><br \/>\n\u00bfPlomo de empresa? Va a ventas a empresas. \u00bfPeque\u00f1a empresa? A otro equipo. La IA asigna autom\u00e1ticamente los clientes potenciales a los representantes.<\/p>\n\n\n<h5 class=\"wp-block-heading\">Lo que esto significa para usted<\/h5>\n\n\n<ul>\n<li><strong>Para directores de ventas:<\/strong> Los representantes dedican tiempo a los clientes potenciales que se convierten. Mayores tasas de \u00e9xito. Ciclos de ventas m\u00e1s cortos.<\/li>\n<li><strong>Para representantes de ventas:<\/strong> Deje de adivinar a qui\u00e9n llamar. Trabaje con los clientes potenciales con m\u00e1s probabilidades de cerrar. Menos tiempo en callejones sin salida.<\/li>\n<li><strong>Para el negocio:<\/strong> Respuesta m\u00e1s r\u00e1pida a los clientes potenciales. Mejores tasas de conversi\u00f3n. Menor coste por adquisici\u00f3n.<\/li>\n<\/ul>\n\n<p><a href=\"https:\/\/www.leaplytics.de\/es\/generacion-de-prospectos-cualificacion-ai\/\">M\u00e1s informaci\u00f3n sobre IA para la generaci\u00f3n y cualificaci\u00f3n de clientes potenciales \u2192<\/a><\/p>\n\n\n<hr class=\"wp-block-separator has-alpha-channel-opacity\"\/>\n\n\n\n<h4 class=\"wp-block-heading\">2. Creaci\u00f3n y personalizaci\u00f3n de contenidos<\/h4>\n\n\n<p>El contenido alimenta la m\u00e1quina. Correos electr\u00f3nicos. Anuncios. Mensajes sociales. P\u00e1ginas de destino. Descripciones de productos. Todo el mundo necesita m\u00e1s contenido, m\u00e1s r\u00e1pido.<\/p>\n<p>Y los contenidos gen\u00e9ricos ya no funcionan. La gente espera mensajes que les resulten relevantes.<\/p>\n\n\n<h5 class=\"wp-block-heading\">Qu\u00e9 hace la IA<\/h5>\n\n\n<p><strong>Redacta contenidos con rapidez.<\/strong><br \/>\nMensajes de correo electr\u00f3nico. Variantes de anuncios. Mensajes sociales. Descripciones de productos. La IA redacta los primeros borradores en segundos. T\u00fa editas y perfeccionas.<\/p>\n\n<p><strong>Crea variaciones a escala.<\/strong><br \/>\n\u00bfNecesita 10 versiones para pruebas A\/B? \u00bfDiferentes \u00e1ngulos para diferentes segmentos? La IA genera opciones r\u00e1pidamente.<\/p>\n\n<p><strong>Personaliza los mensajes.<\/strong><br \/>\nDiferentes textos para diferentes sectores. Diferentes puntos de dolor para diferentes funciones. La IA adapta los mensajes a los segmentos autom\u00e1ticamente.<\/p>\n\n<p><strong>Optimiza las l\u00edneas de asunto y los titulares.<\/strong><br \/>\nBas\u00e1ndose en lo que ha funcionado antes, la IA sugiere textos con m\u00e1s probabilidades de obtener aperturas y clics.<\/p>\n\n<p><strong>Mantiene la voz de la marca.<\/strong><br \/>\nEntrena a la IA en tu estilo. Aprende tu tono y mantiene la coherencia del contenido.<\/p>\n\n\n<h5 class=\"wp-block-heading\">Lo que esto significa para usted<\/h5>\n\n\n<ul>\n<li><strong>Para los OCM:<\/strong> M\u00e1s producci\u00f3n de contenidos sin m\u00e1s personal. Campa\u00f1as m\u00e1s r\u00e1pidas. Una voz de marca coherente a gran escala.<\/li>\n<li><strong>Para los vendedores:<\/strong> Empiece con borradores en lugar de p\u00e1ginas en blanco. Dedica tiempo a la estrategia, no a escribir la quincuag\u00e9sima variaci\u00f3n del correo electr\u00f3nico.<\/li>\n<li><strong>Para el negocio:<\/strong> Mensajes que resuenan. Mayor compromiso. Mejor conversi\u00f3n.<\/li>\n<\/ul>\n\n<p><em>Importante: la IA redacta el contenido, pero el mensaje sigue siendo de los humanos. Revisa todo antes de que salga.<\/em><\/p>\n\n<p><a href=\"https:\/\/www.leaplytics.de\/es\/creacion-de-contenidos-personalizacion-ai\/\">M\u00e1s informaci\u00f3n sobre IA para la creaci\u00f3n y personalizaci\u00f3n de contenido \u2192<\/a><\/p>\n\n\n<hr class=\"wp-block-separator has-alpha-channel-opacity\"\/>\n\n\n\n<h4 class=\"wp-block-heading\">3. Informaci\u00f3n y segmentaci\u00f3n de clientes<\/h4>\n\n\n<p>Tiene datos de clientes. Muchos. Historial de compras. Comportamiento. Datos demogr\u00e1ficos. Interacciones.<\/p>\n<p>Pero, \u00bfconvertir los datos en informaci\u00f3n? Eso requiere an\u00e1lisis. \u00bfY una segmentaci\u00f3n inteligente? Eso requiere a\u00fan m\u00e1s.<\/p>\n\n\n<h5 class=\"wp-block-heading\">Qu\u00e9 hace la IA<\/h5>\n\n\n<p><strong>Analiza el comportamiento de los clientes.<\/strong><br \/>\n\u00bfQu\u00e9 hacen los clientes antes de comprar? \u00bfAntes de darse de baja? La IA encuentra patrones en los datos de comportamiento.<\/p>\n\n<p><strong>Crea segmentos inteligentes.<\/strong><br \/>\nNo s\u00f3lo segmentos demogr\u00e1ficos, sino tambi\u00e9n de comportamiento. Clientes de alto valor. Clientes de riesgo. Clientes potenciales listos para comprar. La IA agrupa a las personas por lo que realmente hacen.<\/p>\n\n<p><strong>Predice la rotaci\u00f3n.<\/strong><br \/>\n\u00bfQu\u00e9 clientes tienen m\u00e1s probabilidades de marcharse? La IA detecta se\u00f1ales de advertencia para que puedas actuar antes de que se vayan.<\/p>\n\n<p><strong>Calcula el valor de vida \u00fatil.<\/strong><br \/>\n\u00bfQu\u00e9 clientes valen m\u00e1s con el tiempo? La IA punt\u00faa el valor para que sepas d\u00f3nde invertir.<\/p>\n\n<p><strong>Identifica oportunidades de venta cruzada.<\/strong><br \/>\nBas\u00e1ndose en los patrones de compra, la IA sugiere qu\u00e9 productos recomendar a qu\u00e9 clientes.<\/p>\n\n\n<h5 class=\"wp-block-heading\">Lo que esto significa para usted<\/h5>\n\n\n<ul>\n<li><strong>Para los OCM:<\/strong> El gasto en marketing va a parar a las personas adecuadas. Mejor ROI. Decisiones basadas en datos en lugar de conjeturas.<\/li>\n<li><strong>Para los vendedores:<\/strong> Segmentos que realmente importan. Campa\u00f1as orientadas al comportamiento, no solo a la demograf\u00eda.<\/li>\n<li><strong>Para el negocio:<\/strong> Conserve m\u00e1s clientes. Venda m\u00e1s a los clientes existentes. Entender qu\u00e9 impulsa los ingresos.<\/li>\n<\/ul>\n\n<p><a href=\"https:\/\/www.leaplytics.de\/es\/conocimiento-del-cliente-segmentacion-ai\/\">M\u00e1s informaci\u00f3n sobre AI for Customer Insights &amp; Segmentation \u2192 Inteligencia artificial para la segmentaci\u00f3n de clientes.<\/a><\/p>\n\n\n<hr class=\"wp-block-separator has-alpha-channel-opacity\"\/>\n\n\n\n<h4 class=\"wp-block-heading\">4. Previsi\u00f3n de ventas<\/h4>\n\n\n<p>La previsi\u00f3n de ventas es en parte ciencia y en parte ilusi\u00f3n. Los representantes son optimistas. Los acuerdos fracasan. Las previsiones cambian cada semana.<\/p>\n<p>Mientras tanto, los directivos pasan horas en CRM intentando averiguar qu\u00e9 es lo que realmente se va a cerrar.<\/p>\n\n\n<h5 class=\"wp-block-heading\">Qu\u00e9 hace la IA<\/h5>\n\n\n<p><strong>Las puntuaciones reparten probabilidades.<\/strong><br \/>\nBas\u00e1ndose en las caracter\u00edsticas de las operaciones y en patrones hist\u00f3ricos, la IA predice qu\u00e9 operaciones se cerrar\u00e1n realmente. No son datos intuitivos.<\/p>\n\n<p><strong>Identifica las operaciones de riesgo.<\/strong><br \/>\n\u00bfNo ha habido actividad en dos semanas? \u00bfLa parte interesada se ha callado? La IA se\u00f1ala los acuerdos que necesitan atenci\u00f3n antes de que mueran.<\/p>\n\n<p><strong>Mejora la precisi\u00f3n de las previsiones.<\/strong><br \/>\nLa IA examina los datos de la cartera de pedidos y las tasas hist\u00f3ricas de cierre. Te da una previsi\u00f3n basada en patrones, no en promesas.<\/p>\n\n<p><strong>Sugiere las mejores acciones siguientes.<\/strong><br \/>\n\u00bfA qui\u00e9n debe llamar hoy el representante? \u00bfQu\u00e9 acuerdo necesita un seguimiento? La IA prioriza las actividades que hacen avanzar los acuerdos.<\/p>\n\n<p><strong>Analiza los patrones de victorias y derrotas.<\/strong><br \/>\n\u00bfPor qu\u00e9 se cierran los tratos? \u00bfPor qu\u00e9 se pierden? La IA encuentra patrones en tus victorias y derrotas para que puedas repetir lo que funciona.<\/p>\n\n\n<h5 class=\"wp-block-heading\">Lo que esto significa para usted<\/h5>\n\n\n<ul>\n<li><strong>Para directores de ventas:<\/strong> Previsiones fiables. Visibilidad del estado de los proyectos. Asesoramiento basado en datos.<\/li>\n<li><strong>Para representantes de ventas:<\/strong> Saber en qu\u00e9 operaciones centrarse. Prioridades claras. Menos tiempo actualizando el CRM, m\u00e1s tiempo vendiendo.<\/li>\n<li><strong>Para el negocio:<\/strong> Ingresos previsibles. Mejor planificaci\u00f3n. Menos sorpresas al final del trimestre.<\/li>\n<\/ul>\n\n<p><a href=\"https:\/\/www.leaplytics.de\/es\/prevision-de-la-cartera-de-ventas-ai\/\">M\u00e1s informaci\u00f3n sobre AI for Sales Pipeline &amp; Forecasting \u2192 Previsi\u00f3n de ventas<\/a><\/p>\n\n\n<hr class=\"wp-block-separator has-alpha-channel-opacity\"\/>\n\n\n\n<h4 class=\"wp-block-heading\">5. Gesti\u00f3n y optimizaci\u00f3n de campa\u00f1as<\/h4>\n\n\n<p>Campa\u00f1as en todos los canales. Correo electr\u00f3nico. Social. Anuncios de pago. Contenidos. Eventos. Cada uno tiene m\u00e9tricas. Cada uno necesita optimizaci\u00f3n.<\/p>\n<p>Averiguar qu\u00e9 funciona y por qu\u00e9 requiere tiempo del que nadie dispone.<\/p>\n\n\n<h5 class=\"wp-block-heading\">Qu\u00e9 hace la IA<\/h5>\n\n\n<p><strong>Realiza un seguimiento del rendimiento en todos los canales.<\/strong><br \/>\nTodas sus campa\u00f1as. Todas sus m\u00e9tricas. Una sola visi\u00f3n. La IA consolida los datos para que veas el panorama completo.<\/p>\n\n<p><strong>Identifica lo que funciona.<\/strong><br \/>\n\u00bfQu\u00e9 campa\u00f1as generan ingresos? \u00bfQu\u00e9 canales funcionan mejor para qu\u00e9 segmentos? La IA conecta la actividad de marketing con los resultados.<\/p>\n\n<p><strong>Optimiza la asignaci\u00f3n presupuestaria.<\/strong><br \/>\nGastar m\u00e1s donde funciona. Menos donde no. La IA sugiere c\u00f3mo modificar el presupuesto para mejorar el ROI.<\/p>\n\n<p><strong>Predice el rendimiento de la campa\u00f1a.<\/strong><br \/>\nAntes del lanzamiento, la IA calcula los resultados bas\u00e1ndose en campa\u00f1as anteriores similares. Menos sorpresas.<\/p>\n\n<p><strong>Automatiza las optimizaciones rutinarias.<\/strong><br \/>\nPonga en pausa los anuncios de bajo rendimiento. Ajuste las ofertas. Modificar el presupuesto. La IA gestiona los ajustes t\u00e1cticos autom\u00e1ticamente.<\/p>\n\n\n<h5 class=\"wp-block-heading\">Lo que esto significa para usted<\/h5>\n\n\n<ul>\n<li><strong>Para los OCM:<\/strong> Rentabilidad clara del gasto en marketing. Decisiones presupuestarias basadas en datos. Justificar la inversi\u00f3n con cifras.<\/li>\n<li><strong>Para los vendedores:<\/strong> Deje de adivinar lo que funciona. Optimice m\u00e1s r\u00e1pido. Dedique tiempo a la estrategia, no a las hojas de c\u00e1lculo.<\/li>\n<li><strong>Para el negocio:<\/strong> M\u00e1s ingresos por d\u00f3lar de marketing. Crecimiento eficaz. Campa\u00f1as que realmente funcionan.<\/li>\n<\/ul>\n\n<p><em>Importante: la IA optimiza bas\u00e1ndose en datos, pero el criterio de marketing sigue siendo importante. La IA no conoce tu estrategia de marca, sino t\u00fa.<\/em><\/p>\n\n<p><a href=\"https:\/\/www.leaplytics.de\/es\/gestion-de-campanas-optimizacion-ai\/\">M\u00e1s informaci\u00f3n sobre IA para gesti\u00f3n y optimizaci\u00f3n de campa\u00f1as \u2192<\/a><\/p>\n\n\n<hr class=\"wp-block-separator has-alpha-channel-opacity\"\/>\n\n\n\n<h3 class=\"wp-block-heading\">Lo que la IA no har\u00e1<\/h3>\n\n\n<p>Seamos claros sobre los l\u00edmites.<\/p>\n<p>La IA no sustituye a los profesionales de marketing y ventas. No crea relaciones. No negocia acuerdos complejos. No crea su estrategia de marca ni se ocupa del cliente molesto que necesita un toque humano.<\/p>\n<p>Se encarga de la rutina. La puntuaci\u00f3n. La redacci\u00f3n. El an\u00e1lisis. La optimizaci\u00f3n.<\/p>\n<p>Su equipo sigue pensando. Solo que lo hacen m\u00e1s r\u00e1pido, porque los datos est\u00e1n listos y el trabajo pesado ya est\u00e1 hecho.<\/p>\n\n\n<hr class=\"wp-block-separator has-alpha-channel-opacity\"\/>\n\n\n\n<h3 class=\"wp-block-heading\">Lo esencial<\/h3>\n\n\n<p>Los equipos de marketing y ventas que utilizan bien la IA no trabajan menos. Trabajan de forma diferente.<\/p>\n<p>En lugar de adivinar a qu\u00e9 clientes potenciales llamar, trabajan con los mejores. En lugar de escribir cada correo electr\u00f3nico desde cero, perfeccionan los borradores. En lugar de preguntarse qu\u00e9 funciona, lo ven en los datos.<\/p>\n<p>El resultado:<\/p>\n<ul>\n<li>Mayores tasas de conversi\u00f3n<\/li>\n<li>Ciclos de venta m\u00e1s cortos<\/li>\n<li>Mejor retorno de la inversi\u00f3n en marketing<\/li>\n<li>Profesionales de ventas y marketing que realizan un trabajo que realmente necesita de su experiencia<\/li>\n<li>Crecimiento de los ingresos sin aumento proporcional de los efectivos<\/li>\n<\/ul>\n<p>No se trata de sustituir a su equipo. Se trata de hacerlos m\u00e1s eficaces.<\/p>\n\n\n<hr class=\"wp-block-separator has-alpha-channel-opacity\"\/>\n\n\n\n<h3 class=\"wp-block-heading\">\u00bfListo para ver lo que es posible?<\/h3>\n\n\n<p>Cada equipo de marketing y ventas es diferente. Tu embudo no es como el de los dem\u00e1s. Tus clientes tienen sus propios patrones. Tus prioridades dependen de tu negocio.<\/p>\n<p>No vendemos soluciones \u00fanicas. Analizamos sus retos espec\u00edficos. Identificamos d\u00f3nde puede ayudar realmente la IA. Creamos sistemas que se adaptan a su proceso.<\/p>\n<p>Sin exageraciones. Sin promesas que no podamos cumplir. Solo IA pr\u00e1ctica que te ayuda a crecer.<\/p>\n\n<p><a href=\"https:\/\/www.leaplytics.de\/es\/kontakt\/\">Hablemos de marketing y ventas<\/a><\/p>\n\n<p><a href=\"https:\/\/www.leaplytics.de\/es\/inteligencia-artificial\/\">Ver todos los servicios de IA<\/a><\/p>","protected":false},"excerpt":{"rendered":"<p>Your Marketing &#038; Sales Team Has Too Much Work. AI Can Help. Marketing and sales work is people work. Leads. Prospects. Customers. Campaigns. Messages. A constant push to find, convince, and keep buyers. Most of it follows patterns. Score the lead. Write the email. Segment the list. Update the CRM. Follow up again. AI is &hellip; <\/p>","protected":false},"author":2,"featured_media":0,"parent":0,"menu_order":0,"comment_status":"closed","ping_status":"closed","template":"","meta":{"footnotes":""},"class_list":["post-14402","page","type-page","status-publish","hentry","latest_post"],"_links":{"self":[{"href":"https:\/\/www.leaplytics.de\/es\/wp-json\/wp\/v2\/pages\/14402","targetHints":{"allow":["GET"]}}],"collection":[{"href":"https:\/\/www.leaplytics.de\/es\/wp-json\/wp\/v2\/pages"}],"about":[{"href":"https:\/\/www.leaplytics.de\/es\/wp-json\/wp\/v2\/types\/page"}],"author":[{"embeddable":true,"href":"https:\/\/www.leaplytics.de\/es\/wp-json\/wp\/v2\/users\/2"}],"replies":[{"embeddable":true,"href":"https:\/\/www.leaplytics.de\/es\/wp-json\/wp\/v2\/comments?post=14402"}],"version-history":[{"count":3,"href":"https:\/\/www.leaplytics.de\/es\/wp-json\/wp\/v2\/pages\/14402\/revisions"}],"predecessor-version":[{"id":14492,"href":"https:\/\/www.leaplytics.de\/es\/wp-json\/wp\/v2\/pages\/14402\/revisions\/14492"}],"wp:attachment":[{"href":"https:\/\/www.leaplytics.de\/es\/wp-json\/wp\/v2\/media?parent=14402"}],"curies":[{"name":"wp","href":"https:\/\/api.w.org\/{rel}","templated":true}]}}