{"id":14411,"date":"2025-12-18T23:54:38","date_gmt":"2025-12-18T22:54:38","guid":{"rendered":"https:\/\/www.leaplytics.de\/?page_id=14411"},"modified":"2025-12-19T02:12:42","modified_gmt":"2025-12-19T01:12:42","slug":"contratacion-publica-ai","status":"publish","type":"page","link":"https:\/\/www.leaplytics.de\/es\/contratacion-publica-ai\/","title":{"rendered":"Contrataci\u00f3n \/ Adquisici\u00f3n AI"},"content":{"rendered":"<h2>Su equipo de compras tiene demasiado trabajo. La IA puede ayudarle.<\/h2>\n\n<p>El trabajo de aprovisionamiento es trabajo de contrataci\u00f3n. Proveedores. Contratos. Pedidos. Aprobaciones. Seguimiento del gasto. Un ciclo constante de b\u00fasqueda, compra y gesti\u00f3n.<\/p>\n<p>La mayor\u00eda sigue patrones. Encontrar un proveedor. Obtener presupuestos. Tramitar el pedido. Comprobar la factura. Renovar el contrato. Repetir.<\/p>\n<p>La IA est\u00e1 hecha para esto. Analiza a los proveedores m\u00e1s r\u00e1pido que cualquier humano. Nunca se olvida de renovar un contrato. Detecta oportunidades de ahorro en datos que nadie tiene tiempo de revisar.<\/p>\n<p>Esto no sustituye a su equipo de compras. Los agiliza. Se ocupa de la rutina para que su personal pueda centrarse en la contrataci\u00f3n estrat\u00e9gica y las relaciones.<\/p>\n\n\n<hr class=\"wp-block-separator has-alpha-channel-opacity\"\/>\n\n\n\n<h3 class=\"wp-block-heading\">La realidad de la contrataci\u00f3n p\u00fablica en la actualidad<\/h3>\n\n\n<p>Los equipos de contrataci\u00f3n no dan abasto. M\u00e1s proveedores. M\u00e1s requisitos de conformidad. M\u00e1s presi\u00f3n para reducir costes. Menos tiempo para ser estrat\u00e9gicos.<\/p>\n<p>Los compradores dedican horas al trabajo transaccional en lugar de negociar mejores acuerdos. Los contratos se renuevan a hurtadillas. Los datos de gastos se almacenan en los sistemas, pero nadie los analiza. El gasto inconstante se produce porque el proceso es demasiado lento.<\/p>\n<p>Se pierden oportunidades de ahorro. Los riesgos de los proveedores pasan desapercibidos. Todo el mundo est\u00e1 ocupado procesando, no optimizando.<\/p>\n<p>No porque la gente no sea buena en su trabajo. Simplemente porque hay demasiado trabajo transaccional y poco tiempo para la estrategia.<\/p>\n\n\n<hr class=\"wp-block-separator has-alpha-channel-opacity\"\/>\n\n\n\n<h3 class=\"wp-block-heading\">Donde la IA marca la diferencia<\/h3>\n\n\n<p>La IA funciona mejor cuando hay datos y patrones. La contrataci\u00f3n dispone de ambos.<\/p>\n<p>He aqu\u00ed cinco \u00e1reas en las que la IA ofrece resultados reales, no exageraciones, sino ahorros reales y tiempo recuperado.<\/p>\n\n\n<hr class=\"wp-block-separator has-alpha-channel-opacity\"\/>\n\n\n\n<h4 class=\"wp-block-heading\">1. Descubrimiento y evaluaci\u00f3n de proveedores<\/h4>\n\n\n<p>Encontrar buenos proveedores lleva tiempo. Investigar opciones. Comprobar las cualificaciones. Evaluar los riesgos. Obtener presupuestos.<\/p>\n<p>\u00bfY seguir con los mismos proveedores porque \"siempre los hemos utilizado\"? Eso es dejar dinero sobre la mesa.<\/p>\n\n\n<h5 class=\"wp-block-heading\">Qu\u00e9 hace la IA<\/h5>\n\n\n<p><strong>Identifica posibles proveedores.<\/strong><br \/>\nEn funci\u00f3n de sus necesidades, la IA busca y le sugiere proveedores que quiz\u00e1 no haya encontrado. Nuevas opciones para mejores ofertas.<\/p>\n\n<p><strong>Eval\u00faa el riesgo de los proveedores.<\/strong><br \/>\nEstabilidad financiera. Historial de cumplimiento. Noticias y reputaci\u00f3n. La IA recopila informaci\u00f3n y se\u00f1ala los riesgos potenciales.<\/p>\n\n<p><strong>Calificaciones de los proveedores.<\/strong><br \/>\nCertificaciones. Capacidades. Historial. La IA eval\u00faa autom\u00e1ticamente a los proveedores seg\u00fan sus criterios.<\/p>\n\n<p><strong>Compara las cotizaciones de forma inteligente.<\/strong><br \/>\nNo s\u00f3lo precio-coste total. Condiciones. Indicadores de calidad. La IA le ayuda a comparar manzanas con manzanas.<\/p>\n\n<p><strong>Supervisa la informaci\u00f3n sobre el mercado.<\/strong><br \/>\nEvoluci\u00f3n de los precios. Condiciones de la oferta. Cambios en el sector. La IA rastrea los factores del mercado que afectan a sus decisiones de aprovisionamiento.<\/p>\n\n\n<h5 class=\"wp-block-heading\">Lo que esto significa para usted<\/h5>\n\n\n<ul>\n<li><strong>Para los CPO:<\/strong> Mejor selecci\u00f3n de proveedores. Menor riesgo. Precios m\u00e1s competitivos. Aprovisionamiento estrat\u00e9gico en lugar de compra reactiva.<\/li>\n<li><strong>Para responsables de compras:<\/strong> Evaluaci\u00f3n m\u00e1s r\u00e1pida de los proveedores. Confianza en la elecci\u00f3n del proveedor. Tiempo para negociar en lugar de investigar.<\/li>\n<li><strong>Para el negocio:<\/strong> Mejores proveedores. Mejores precios. Menos interrupciones del suministro.<\/li>\n<\/ul>\n\n<p><a href=\"https:\/\/www.leaplytics.de\/es\/descubrimiento-de-proveedores-evaluacion-ai\/\">M\u00e1s informaci\u00f3n sobre AI for Supplier Discovery &amp; Evaluation \u2192 B\u00fasqueda y evaluaci\u00f3n de proveedores.<\/a><\/p>\n\n\n<hr class=\"wp-block-separator has-alpha-channel-opacity\"\/>\n\n\n\n<h4 class=\"wp-block-heading\">2. Solicitudes de compra y pedidos<\/h4>\n\n\n<p>Los pedidos fluyen constantemente. Solicitudes de todos los departamentos. Aprobaciones que tramitar. Pedidos que crear. Confirmaciones que seguir.<\/p>\n<p>Cuando el proceso es lento, la gente lo elude. Se producen gastos inconstantes. El cumplimiento se resiente.<\/p>\n\n\n<h5 class=\"wp-block-heading\">Qu\u00e9 hace la IA<\/h5>\n\n\n<p><strong>Tramita las solicitudes de forma autom\u00e1tica.<\/strong><br \/>\n\u00bfSolicitud est\u00e1ndar? La IA valida, env\u00eda para aprobaci\u00f3n y crea el pedido. No hay manipulaci\u00f3n manual para los pedidos rutinarios.<\/p>\n\n<p><strong>Enruta las aprobaciones de forma inteligente.<\/strong><br \/>\nEn funci\u00f3n del importe, la categor\u00eda y la pol\u00edtica, la IA env\u00eda las solicitudes a los aprobadores adecuados. No hay confusi\u00f3n sobre qui\u00e9n aprueba qu\u00e9.<\/p>\n\n<p><strong>Sugiere proveedores preferentes.<\/strong><br \/>\nPara las compras habituales, la IA recomienda los proveedores contratados con las mejores condiciones. Cumplimiento integrado.<\/p>\n\n<p><strong>Valida contra contratos.<\/strong><br \/>\n\u00bfEs correcto este precio? \u00bfEstamos utilizando las condiciones acordadas? La IA coteja los pedidos con las condiciones contractuales.<\/p>\n\n<p><strong>Seguimiento del estado de los pedidos.<\/strong><br \/>\n\u00bfD\u00f3nde est\u00e1 mi pedido? \u00bfCu\u00e1ndo llegar\u00e1? La IA supervisa el estado y se\u00f1ala los retrasos de forma proactiva.<\/p>\n\n\n<h5 class=\"wp-block-heading\">Lo que esto significa para usted<\/h5>\n\n\n<ul>\n<li><strong>Para los CPO:<\/strong> Mayor cumplimiento de los contratos. Menos gastos inconstantes. Ciclos de contrataci\u00f3n m\u00e1s r\u00e1pidos.<\/li>\n<li><strong>Para los compradores:<\/strong> Deje de procesar manualmente los pedidos rutinarios. C\u00e9ntrese en las compras complejas que requieren experiencia.<\/li>\n<li><strong>Para los solicitantes:<\/strong> Pedidos m\u00e1s r\u00e1pidos. Estado claro. Proceso sencillo que la gente sigue de verdad.<\/li>\n<\/ul>\n\n<p><a href=\"https:\/\/www.leaplytics.de\/es\/solicitud-de-pedido-pedido-ai\/\">Obtenga m\u00e1s informaci\u00f3n sobre AI for Purchase Requisition &amp; Ordering \u2192 Solicitudes de compra y pedidos.<\/a><\/p>\n\n\n<hr class=\"wp-block-separator has-alpha-channel-opacity\"\/>\n\n\n\n<h4 class=\"wp-block-heading\">3. Gesti\u00f3n de contratos<\/h4>\n\n\n<p>Los contratos se acumulan. Acuerdos con proveedores. Contratos de servicios. Acuerdos de licencia. Cada uno con t\u00e9rminos, fechas y obligaciones diferentes.<\/p>\n<p>Las renovaciones se pierden. Las condiciones se olvidan. Nadie sabe lo que realmente hemos acordado.<\/p>\n\n\n<h5 class=\"wp-block-heading\">Qu\u00e9 hace la IA<\/h5>\n\n\n<p><strong>Extrae autom\u00e1ticamente los t\u00e9rminos clave.<\/strong><br \/>\nPrecios. Vol\u00famenes. Cl\u00e1usulas de rescisi\u00f3n. Fechas de renovaci\u00f3n. La IA lee los contratos y extrae lo que importa.<\/p>\n\n<p><strong>Registra las fechas de renovaci\u00f3n.<\/strong><br \/>\n\u00bfSe acerca la renovaci\u00f3n autom\u00e1tica? \u00bfSe acaba el plazo de rescisi\u00f3n? La IA te avisa antes de que venzan los plazos.<\/p>\n\n<p><strong>Compara las condiciones contractuales.<\/strong><br \/>\n\u00bfC\u00f3mo se compara este contrato con otros? \u00bfCon los est\u00e1ndares del mercado? La IA destaca las desviaciones.<\/p>\n\n<p><strong>Supervisa el cumplimiento de las condiciones.<\/strong><br \/>\n\u00bfCumplimos los compromisos de volumen? \u00bfEl proveedor cumple los acuerdos de nivel de servicio? La IA realiza un seguimiento del cumplimiento de los contratos.<\/p>\n\n<p><strong>Sugiere puntos de negociaci\u00f3n.<\/strong><br \/>\nBas\u00e1ndose en el an\u00e1lisis de los contratos y en los datos del mercado, la IA identifica las condiciones que deben rechazarse durante la renovaci\u00f3n.<\/p>\n\n\n<h5 class=\"wp-block-heading\">Lo que esto significa para usted<\/h5>\n\n\n<ul>\n<li><strong>Para los CPO:<\/strong> No se pierden renovaciones. Mejor posici\u00f3n negociadora. Visibilidad de las obligaciones contractuales.<\/li>\n<li><strong>Para responsables de compras:<\/strong> Sepa qu\u00e9 contienen sus contratos sin leer cada p\u00e1gina. Prep\u00e1rese para las renovaciones con datos.<\/li>\n<li><strong>Para el negocio:<\/strong> Mejores condiciones contractuales. Responsabilidad de los proveedores. No se deja dinero sobre la mesa.<\/li>\n<\/ul>\n\n<p><a href=\"https:\/\/www.leaplytics.de\/es\/gestion-de-contratos-ai\/\">M\u00e1s informaci\u00f3n sobre IA para la gesti\u00f3n de contratos \u2192<\/a><\/p>\n\n\n<hr class=\"wp-block-separator has-alpha-channel-opacity\"\/>\n\n\n\n<h4 class=\"wp-block-heading\">4. An\u00e1lisis y optimizaci\u00f3n del gasto<\/h4>\n\n\n<p>Gastas dinero en todas partes. Pero, \u00bfd\u00f3nde exactamente? \u00bfCon qu\u00e9 proveedores? \u00bfEn qu\u00e9 condiciones? \u00bfA qu\u00e9 precios en comparaci\u00f3n con el mercado?<\/p>\n<p>Sin visibilidad, no se puede optimizar. \u00bfY analizar el gasto manualmente? Es un proyecto para el que nadie tiene tiempo.<\/p>\n\n\n<h5 class=\"wp-block-heading\">Qu\u00e9 hace la IA<\/h5>\n\n\n<p><strong>Categoriza los gastos autom\u00e1ticamente.<\/strong><br \/>\nCada transacci\u00f3n clasificada. Por categor\u00eda. Por proveedor. Por departamento. Datos limpios sin etiquetado manual.<\/p>\n\n<p><strong>Identifica oportunidades de ahorro.<\/strong><br \/>\nVariaciones de precio para el mismo art\u00edculo. Proveedores que cobran m\u00e1s que otros. Posibilidades de consolidaci\u00f3n de vol\u00famenes. La IA encuentra el dinero.<\/p>\n\n<p><strong>Detecta el gasto inconformista.<\/strong><br \/>\nCompras fuera de contrato. Proveedores no preferentes. Infracciones de las pol\u00edticas. La IA detecta los gastos no conformes.<\/p>\n\n<p><strong>Comparaci\u00f3n con el mercado.<\/strong><br \/>\n\u00bfEstamos pagando demasiado? \u00bfC\u00f3mo se comparan nuestros precios? La IA proporciona contexto para su gasto.<\/p>\n\n<p><strong>Previsi\u00f3n del gasto futuro.<\/strong><br \/>\nBas\u00e1ndose en patrones y compromisos, la IA proyecta lo que gastar\u00e1. Mejor presupuestaci\u00f3n.<\/p>\n\n\n<h5 class=\"wp-block-heading\">Lo que esto significa para usted<\/h5>\n\n\n<ul>\n<li><strong>Para los CPO:<\/strong> Visibilidad clara del gasto. Oportunidades de ahorro cuantificadas. Datos para impulsar las negociaciones.<\/li>\n<li><strong>Para responsables de compras:<\/strong> Sepa ad\u00f3nde va el dinero sin elaborar informes. C\u00e9ntrese en las categor\u00edas de mayor impacto.<\/li>\n<li><strong>Para las finanzas:<\/strong> Mayor precisi\u00f3n presupuestaria. Inversiones en compras justificadas. Ahorros documentados.<\/li>\n<\/ul>\n\n<p><a href=\"https:\/\/www.leaplytics.de\/es\/analisis-del-gasto-optimizacion-ai\/\">M\u00e1s informaci\u00f3n sobre la IA para el an\u00e1lisis y la optimizaci\u00f3n de gastos \u2192<\/a><\/p>\n\n\n<hr class=\"wp-block-separator has-alpha-channel-opacity\"\/>\n\n\n\n<h4 class=\"wp-block-heading\">5. Rendimiento de los proveedores y gesti\u00f3n de riesgos<\/h4>\n\n\n<p>Usted depende de los proveedores. Cuando ellos fallan, usted falla. Retraso en las entregas. Problemas de calidad. Problemas financieros. Incumplimientos.<\/p>\n<p>\u00bfSupervisar manualmente a todos los proveedores? Imposible. \u00bfPero ignorar los riesgos? Peligroso.<\/p>\n\n\n<h5 class=\"wp-block-heading\">Qu\u00e9 hace la IA<\/h5>\n\n\n<p><strong>Supervisa el rendimiento de los proveedores.<\/strong><br \/>\nCumplimiento de plazos. M\u00e9tricas de calidad. Capacidad de respuesta. La IA realiza un seguimiento continuo de los datos de rendimiento.<\/p>\n\n<p><strong>Punt\u00faa las relaciones con los proveedores.<\/strong><br \/>\nBas\u00e1ndose en el rendimiento, el riesgo y el valor, la IA califica a los proveedores. Vea qui\u00e9n cumple y qui\u00e9n no.<\/p>\n\n<p><strong>Detecta se\u00f1ales de riesgo.<\/strong><br \/>\n\u00bfProblemas financieros? \u00bfNoticias negativas? \u00bfProblemas de cumplimiento? La IA vigila las se\u00f1ales externas y te alerta a tiempo.<\/p>\n\n<p><strong>Predecir las interrupciones del suministro.<\/strong><br \/>\nBas\u00e1ndose en patrones y factores externos, la IA se\u00f1ala a los proveedores susceptibles de tener problemas.<\/p>\n\n<p><strong>Seguimiento del estado de cumplimiento.<\/strong><br \/>\n\u00bfCertificaciones vigentes? \u00bfSeguro v\u00e1lido? \u00bfEst\u00e1n archivados los documentos requeridos? La IA controla y avisa cuando los documentos caducan.<\/p>\n\n\n<h5 class=\"wp-block-heading\">Lo que esto significa para usted<\/h5>\n\n\n<ul>\n<li><strong>Para los CPO:<\/strong> Gesti\u00f3n proactiva de riesgos. Responsabilidad del proveedor con datos. Cadena de suministro protegida.<\/li>\n<li><strong>Para responsables de compras:<\/strong> Saber qu\u00e9 proveedores vigilar. Pruebas para conversaciones dif\u00edciles con proveedores.<\/li>\n<li><strong>Para el negocio:<\/strong> Menos interrupciones del suministro. Mejor calidad de los proveedores. Menor exposici\u00f3n al riesgo.<\/li>\n<\/ul>\n\n<p><em>Importante: La IA proporciona visibilidad y an\u00e1lisis, pero la gesti\u00f3n de las relaciones con los proveedores sigue necesitando el criterio humano. Las decisiones estrat\u00e9gicas sobre las asociaciones siguen correspondiendo a su equipo.<\/em><\/p>\n\n<p><a href=\"https:\/\/www.leaplytics.de\/es\/gestion-del-riesgo-de-rendimiento-del-proveedor-ai\/\">M\u00e1s informaci\u00f3n sobre IA para el rendimiento de proveedores y la gesti\u00f3n de riesgos \u2192<\/a><\/p>\n\n\n<hr class=\"wp-block-separator has-alpha-channel-opacity\"\/>\n\n\n\n<h3 class=\"wp-block-heading\">Lo que la IA no har\u00e1<\/h3>\n\n\n<p>Seamos claros sobre los l\u00edmites.<\/p>\n<p>La IA no sustituye a los profesionales de la contrataci\u00f3n. No negocia acuerdos complejos. No gestiona las relaciones estrat\u00e9gicas con los proveedores. No hace juicios de valor sobre compensaciones entre precio, calidad y riesgo.<\/p>\n<p>Se encarga de la rutina. La investigaci\u00f3n. El an\u00e1lisis. El seguimiento. El procesamiento de las transacciones.<\/p>\n<p>Su equipo de compras sigue haciendo el trabajo estrat\u00e9gico. Solo que lo hacen mejor porque disponen de datos y tiempo.<\/p>\n\n\n<hr class=\"wp-block-separator has-alpha-channel-opacity\"\/>\n\n\n\n<h3 class=\"wp-block-heading\">Lo esencial<\/h3>\n\n\n<p>Los equipos de contrataci\u00f3n que utilizan bien la IA no trabajan menos. Trabajan de forma diferente.<\/p>\n<p>En lugar de procesar pedidos, negocian mejores acuerdos. En lugar de buscar datos, analizan y act\u00faan. En lugar de reaccionar ante los problemas de los proveedores, los previenen.<\/p>\n<p>El resultado:<\/p>\n<ul>\n<li>Ahorros reales identificados y captados<\/li>\n<li>Ciclos de contrataci\u00f3n m\u00e1s r\u00e1pidos<\/li>\n<li>Menor riesgo para los proveedores<\/li>\n<li>Profesionales de la contrataci\u00f3n que realizan trabajos que realmente necesitan su experiencia<\/li>\n<li>Aprovisionamiento estrat\u00e9gico en lugar de compra transaccional<\/li>\n<\/ul>\n<p>No se trata de sustituir a su equipo. Se trata de hacerlos m\u00e1s eficaces.<\/p>\n\n\n<hr class=\"wp-block-separator has-alpha-channel-opacity\"\/>\n\n\n\n<h3 class=\"wp-block-heading\">\u00bfListo para ver lo que es posible?<\/h3>\n\n\n<p>Cada equipo de compras es diferente. Sus categor\u00edas no son como las de los dem\u00e1s. Su base de proveedores tiene sus propias caracter\u00edsticas. Sus prioridades dependen de su negocio.<\/p>\n<p>No vendemos soluciones \u00fanicas. Analizamos sus retos espec\u00edficos en materia de compras. Identificamos d\u00f3nde puede ayudar realmente la IA. Creamos sistemas que se adaptan a su forma de trabajar.<\/p>\n<p>Sin exageraciones. Sin promesas que no podamos cumplir. Solo IA pr\u00e1ctica que hace que su equipo de compras sea m\u00e1s eficaz.<\/p>\n\n<p><a href=\"https:\/\/www.leaplytics.de\/es\/kontakt\/\">Hablemos de sus operaciones de adquisici\u00f3n<\/a><\/p>\n\n<p><a href=\"https:\/\/www.leaplytics.de\/es\/inteligencia-artificial\/\">Ver todos los servicios de IA<\/a><\/p>","protected":false},"excerpt":{"rendered":"<p>Your Procurement Team Has Too Much Work. AI Can Help. Procurement work is sourcing work. Suppliers. Contracts. Orders. Approvals. Spend tracking. A constant cycle of finding, buying, and managing. Most of it follows patterns. Find a supplier. Get quotes. Process the order. Check the invoice. Renew the contract. Repeat. AI is built for this. It &hellip; <\/p>","protected":false},"author":2,"featured_media":0,"parent":0,"menu_order":0,"comment_status":"closed","ping_status":"closed","template":"","meta":{"footnotes":""},"class_list":["post-14411","page","type-page","status-publish","hentry","latest_post"],"_links":{"self":[{"href":"https:\/\/www.leaplytics.de\/es\/wp-json\/wp\/v2\/pages\/14411","targetHints":{"allow":["GET"]}}],"collection":[{"href":"https:\/\/www.leaplytics.de\/es\/wp-json\/wp\/v2\/pages"}],"about":[{"href":"https:\/\/www.leaplytics.de\/es\/wp-json\/wp\/v2\/types\/page"}],"author":[{"embeddable":true,"href":"https:\/\/www.leaplytics.de\/es\/wp-json\/wp\/v2\/users\/2"}],"replies":[{"embeddable":true,"href":"https:\/\/www.leaplytics.de\/es\/wp-json\/wp\/v2\/comments?post=14411"}],"version-history":[{"count":3,"href":"https:\/\/www.leaplytics.de\/es\/wp-json\/wp\/v2\/pages\/14411\/revisions"}],"predecessor-version":[{"id":14525,"href":"https:\/\/www.leaplytics.de\/es\/wp-json\/wp\/v2\/pages\/14411\/revisions\/14525"}],"wp:attachment":[{"href":"https:\/\/www.leaplytics.de\/es\/wp-json\/wp\/v2\/media?parent=14411"}],"curies":[{"name":"wp","href":"https:\/\/api.w.org\/{rel}","templated":true}]}}