{"id":14429,"date":"2025-12-19T01:30:35","date_gmt":"2025-12-19T00:30:35","guid":{"rendered":"https:\/\/www.leaplytics.de\/?page_id=14429"},"modified":"2025-12-19T01:30:36","modified_gmt":"2025-12-19T00:30:36","slug":"procesamiento-de-documentos-financieros-ai","status":"publish","type":"page","link":"https:\/\/www.leaplytics.de\/es\/procesamiento-de-documentos-financieros-ai\/","title":{"rendered":"IA de procesamiento de documentos financieros"},"content":{"rendered":"<h2>IA para el procesamiento de documentos financieros: Deje de escribir. Empiece a analizar.<\/h2>\n\n<p>Su equipo financiero procesa cientos o miles de documentos cada mes. Facturas. Recibos. Extractos bancarios. Informes de gastos. \u00d3rdenes de compra. Contratos.<\/p>\n<p>Alguien tiene que leerlos todos. Extraer los datos. Introducirlos en el sistema. Comprobar que son correctos. Cotejarlos con otros documentos. Archivarlos correctamente.<\/p>\n<p>Eso no es trabajo financiero. Eso es entrada de datos. Pero lleva horas cada d\u00eda.<\/p>\n<p>La IA lee documentos m\u00e1s r\u00e1pido que cualquier humano. Extrae datos sin errores tipogr\u00e1ficos. Nunca se cansa en el documento 473. Y trabaja 24 horas al d\u00eda, 7 d\u00edas a la semana.<\/p>\n<p>No se trata de sustituir a su equipo. Se trata de liberarles del procesamiento de documentos para que puedan realizar el verdadero trabajo contable.<\/p>\n\n\n<hr class=\"wp-block-separator has-alpha-channel-opacity\"\/>\n\n\n\n<h3 class=\"wp-block-heading\">El problema de los documentos en las finanzas<\/h3>\n\n\n<p>Los documentos llegan en todos los formatos imaginables:<\/p>\n<ul>\n<li>Archivos adjuntos de correo electr\u00f3nico de cientos de proveedores diferentes<\/li>\n<li>Documentos en papel escaneados de su sala de correo<\/li>\n<li>Fotos de los recibos de los empleados<\/li>\n<li>PDF que en realidad son im\u00e1genes, no texto para b\u00fasquedas<\/li>\n<li>Declaraciones de varias p\u00e1ginas con tablas y partidas<\/li>\n<li>Notas manuscritas en los albaranes de entrega<\/li>\n<\/ul>\n\n<p>Cada proveedor da un formato distinto a las facturas. Cada banco tiene su propia presentaci\u00f3n de extractos. Cada empleado fotograf\u00eda los recibos desde un \u00e1ngulo diferente.<\/p>\n<p>Tu equipo tiene que encargarse de todo. Extraiga la informaci\u00f3n clave. Introd\u00fazcala en su ERP o sistema contable. Aseg\u00farate de que no se pierda nada.<\/p>\n<p>No es un trabajo dif\u00edcil. S\u00f3lo requiere mucho tiempo. Y cuando aumenta el volumen, se necesita m\u00e1s gente o se trabaja m\u00e1s horas.<\/p>\n\n\n<hr class=\"wp-block-separator has-alpha-channel-opacity\"\/>\n\n\n\n<h3 class=\"wp-block-heading\">Qu\u00e9 aporta la IA al tratamiento de documentos<\/h3>\n\n\n\n<h4 class=\"wp-block-heading\">Lee cualquier formato de documento<\/h4>\n\n\n<p>La IA no necesita plantillas. No necesita datos estructurados. Lee:<\/p>\n<ul>\n<li><strong>PDF:<\/strong> Tanto texto como im\u00e1genes escaneadas<\/li>\n<li><strong>Im\u00e1genes:<\/strong> JPEG, PNG, TIFF desde cualquier fuente<\/li>\n<li><strong>Correos electr\u00f3nicos:<\/strong> Cuerpo del texto, archivos adjuntos, firmas<\/li>\n<li><strong>Fotos:<\/strong> Incluso recibos borrosos de tel\u00e9fonos<\/li>\n<li><strong>Documentos de varias p\u00e1ginas:<\/strong> Declaraciones con decenas de p\u00e1ginas<\/li>\n<\/ul>\n\n<p>Maneja diferentes idiomas. Diferentes monedas. Diferentes formatos de fecha. Diferentes dise\u00f1os de documentos.<\/p>\n<p>\u00bfSu proveedor cambia de modelo de factura? La IA se adapta autom\u00e1ticamente. No es necesario reprogramar.<\/p>\n\n\n<h4 class=\"wp-block-heading\">Extrae exactamente lo que necesita<\/h4>\n\n\n<p>Para las facturas, la IA tira:<\/p>\n<ul>\n<li>Nombre y direcci\u00f3n del vendedor<\/li>\n<li>N\u00famero y fecha de la factura<\/li>\n<li>Vencimiento y condiciones de pago<\/li>\n<li>Partidas con descripciones e importes<\/li>\n<li>Subtotales, impuestos, importe total<\/li>\n<li>N\u00fameros de pedido, si se hace referencia a ellos<\/li>\n<li>Datos bancarios para el pago<\/li>\n<\/ul>\n\n<p>Para los recibos, extrae:<\/p>\n<ul>\n<li>Nombre y ubicaci\u00f3n del comerciante<\/li>\n<li>Fecha y hora<\/li>\n<li>Importe total<\/li>\n<li>Importe del impuesto<\/li>\n<li>Forma de pago<\/li>\n<li>Compras detalladas<\/li>\n<\/ul>\n\n<p>Para los extractos bancarios, se pone:<\/p>\n<ul>\n<li>N\u00famero de cuenta<\/li>\n<li>Per\u00edodo de declaraci\u00f3n<\/li>\n<li>Saldos iniciales y finales<\/li>\n<li>Cada transacci\u00f3n con fecha, descripci\u00f3n e importe<\/li>\n<li>Comisiones e intereses<\/li>\n<\/ul>\n\n<p>La IA no se limita a encontrar texto. Entiende lo que significan los datos. Conoce la diferencia entre un n\u00famero de factura y un n\u00famero de pedido. Entre un subtotal y un total. Entre un d\u00e9bito y un cr\u00e9dito.<\/p>\n\n\n<h4 class=\"wp-block-heading\">Valida los datos autom\u00e1ticamente<\/h4>\n\n\n<p>La IA no se limita a extraer y seguir adelante. Lo comprueba:<\/p>\n\n<p><strong>Precisi\u00f3n matem\u00e1tica:<\/strong><br \/>\n\u00bfLas partidas suman el subtotal? \u00bfEs el subtotal m\u00e1s los impuestos igual al total? Si no es as\u00ed, marca el documento.<\/p>\n\n<p><strong>Cotejo de datos maestros:<\/strong><br \/>\n\u00bfEst\u00e1 este proveedor en su sistema? \u00bfCoincide la direcci\u00f3n? \u00bfEs correcto el n\u00famero de cuenta? Los proveedores desconocidos se marcan para su revisi\u00f3n.<\/p>\n\n<p><strong>Validaci\u00f3n de referencia:<\/strong><br \/>\n\u00bfExiste ese n\u00famero de pedido? \u00bfEs para este proveedor? \u00bfCoincide el importe? Las discrepancias activan alertas.<\/p>\n\n<p><strong>Detecci\u00f3n de duplicados:<\/strong><br \/>\n\u00bfSe ha presentado antes esta factura? \u00bfMismo proveedor, mismo importe, misma fecha? La IA detecta los intentos de pago duplicados.<\/p>\n\n<p><strong>Controles de razonabilidad:<\/strong><br \/>\n\u00bfEs esta cantidad m\u00e1s alta de lo normal para este proveedor? \u00bfHa vencido ya la fecha de pago? \u00bfHay algo inusual? La IA se\u00f1ala los valores at\u00edpicos.<\/p>\n\n<p>Nada pasa sin validaci\u00f3n. Tu equipo solo ver\u00e1 los documentos que hayan superado todas las comprobaciones o que necesiten un juicio humano espec\u00edfico.<\/p>\n\n\n<h4 class=\"wp-block-heading\">Enruta los documentos de forma inteligente<\/h4>\n\n\n<p>Una vez procesados, los documentos deben ir al lugar correcto:<\/p>\n\n<p><strong>Ruta de aprobaci\u00f3n:<\/strong><br \/>\n\u00bfGastos de marketing? Va al director de marketing. \u00bfM\u00e1s de $5.000? Al director. \u00bfGastos de capital? Va al director financiero. La IA conoce tu matriz de aprobaci\u00f3n.<\/p>\n\n<p><strong>Asignaci\u00f3n de departamentos:<\/strong><br \/>\nEn funci\u00f3n de los c\u00f3digos GL, los centros de coste o el contenido del documento, la IA se dirige al departamento adecuado para su codificaci\u00f3n y aprobaci\u00f3n.<\/p>\n\n<p><strong>Gesti\u00f3n de excepciones:<\/strong><br \/>\n\u00bfValidaci\u00f3n fallida? Pasa a la cola de especialistas AP. \u00bfNuevo proveedor? Va a compras. \u00bfImporte inusual? Al controlador. Cada tipo de excepci\u00f3n tiene su propio camino.<\/p>\n\n<p><strong>Clasificaci\u00f3n prioritaria:<\/strong><br \/>\n\u00bfDescuento por pronto pago? Alta prioridad. \u00bfFactura vencida? Alta prioridad. \u00bfPlazos est\u00e1ndar de 30 d\u00edas? Cola normal. La IA prioriza lo importante.<\/p>\n\n<p>Se acabaron los documentos en el correo electr\u00f3nico de una persona a la espera de una clasificaci\u00f3n manual. Todo fluye autom\u00e1ticamente a donde tiene que ir.<\/p>\n\n\n<h4 class=\"wp-block-heading\">Creaci\u00f3n autom\u00e1tica de registros de auditor\u00eda<\/h4>\n\n\n<p>La IA registra cada documento:<\/p>\n<ul>\n<li>Cuando se recibi\u00f3<\/li>\n<li>Qu\u00e9 datos se extrajeron<\/li>\n<li>Qu\u00e9 validaciones se han realizado<\/li>\n<li>Lo que ha aprobado o suspendido<\/li>\n<li>Qui\u00e9n revis\u00f3 las excepciones<\/li>\n<li>Qu\u00e9 decisiones se tomaron<\/li>\n<li>Cuando se contabiliz\u00f3 en el sistema<\/li>\n<\/ul>\n\n<p>Documentaci\u00f3n completa. Sin necesidad de registro manual. Todo listo para la revisi\u00f3n de auditor\u00eda.<\/p>\n\n\n<hr class=\"wp-block-separator has-alpha-channel-opacity\"\/>\n\n\n\n<h3 class=\"wp-block-heading\">Lo que esto significa para usted<\/h3>\n\n\n\n<h4 class=\"wp-block-heading\">Para directores financieros<\/h4>\n\n\n<p><strong>Menor coste por transacci\u00f3n:<\/strong><br \/>\nProcesar una factura manualmente cuesta $10-$30 en funci\u00f3n de la complejidad. Con IA, baja a $2-$5. A escala, esto se acumula r\u00e1pidamente.<\/p>\n\n<p><strong>Gestionar el crecimiento sin aumentar los efectivos:<\/strong><br \/>\n\u00bfSu empresa duplica el volumen de transacciones? La IA escala al instante. Sin contrataciones. Sin formaci\u00f3n. Sin tiempo de incorporaci\u00f3n.<\/p>\n\n<p><strong>Ciclos m\u00e1s r\u00e1pidos:<\/strong><br \/>\nLos documentos se tramitan el mismo d\u00eda en lugar de permanecer en cola durante d\u00edas. Descuentos de pago m\u00e1s tempranos. Mejor visibilidad del flujo de caja.<\/p>\n\n<p><strong>Mejor calidad de los datos:<\/strong><br \/>\nSin errores tipogr\u00e1ficos. No faltan campos. Sin n\u00fameros transpuestos. Datos m\u00e1s limpios significa mejores informes y menos correcciones.<\/p>\n\n<p><strong>Visibilidad en tiempo real:<\/strong><br \/>\nVea exactamente lo que est\u00e1 en tr\u00e1mite. \u00bfCu\u00e1ntas facturas esperan aprobaci\u00f3n? \u00bfCu\u00e1l es el pasivo total? Se acab\u00f3 el seguimiento en hojas de c\u00e1lculo.<\/p>\n\n\n<h4 class=\"wp-block-heading\">Para equipos AP\/AR<\/h4>\n\n\n<p><strong>Deja de introducir datos:<\/strong><br \/>\nSe acab\u00f3 teclear a partir de PDF. Se acab\u00f3 comprobar dos veces los n\u00fameros. La IA se encarga de la extracci\u00f3n. Usted se encarga de las excepciones y las decisiones.<\/p>\n\n<p><strong>Centrarse en la resoluci\u00f3n de problemas:<\/strong><br \/>\nEn lugar de procesar 50 facturas est\u00e1ndar, usted se encarga de las 5 que necesitan juicio. Disputas de proveedores. Falta de pedidos. Preguntas sobre precios. Lo interesante.<\/p>\n\n<p><strong>Menos estr\u00e9s repetitivo:<\/strong><br \/>\nTeclear cientos de facturas provoca un verdadero esfuerzo f\u00edsico. La IA no sufre t\u00fanel carpiano. Su equipo se mantiene m\u00e1s sano.<\/p>\n\n<p><strong>Gestiona f\u00e1cilmente los periodos punta:<\/strong><br \/>\n\u00bfSubid\u00f3n de fin de mes? \u00bfFin de trimestre? La IA no se ralentiza. No se necesitan horas extra. No hay que estresarse por el mont\u00f3n.<\/p>\n\n<p><strong>Respuestas m\u00e1s r\u00e1pidas de los proveedores:<\/strong><br \/>\n\"\u00bfD\u00f3nde est\u00e1 mi pago?\" Puedes responder al instante porque todo est\u00e1 en el sistema. Nada de buscar en el correo electr\u00f3nico o en montones de papeles.<\/p>\n\n\n<h4 class=\"wp-block-heading\">Para toda la empresa<\/h4>\n\n\n<p><strong>Menos sanciones por retraso en los pagos:<\/strong><br \/>\nDocumentos procesados m\u00e1s r\u00e1pido significa pagos realizados a tiempo. Se acabaron los recargos por retraso $50 porque una factura haya estado en el correo electr\u00f3nico durante una semana.<\/p>\n\n<p><strong>M\u00e1s descuentos por pronto pago:<\/strong><br \/>\nLos t\u00e9rminos \"2\/10 neto 30\" significan un ahorro real. La IA procesa lo suficientemente r\u00e1pido como para captar esos descuentos.<\/p>\n\n<p><strong>Mejores relaciones con los proveedores:<\/strong><br \/>\nUna tramitaci\u00f3n coherente y puntual le convierte en un mejor cliente. Los proveedores aprecian la previsibilidad.<\/p>\n\n<p><strong>Reembolsos m\u00e1s r\u00e1pidos a los empleados:<\/strong><br \/>\nInformes de gastos procesados en d\u00edas, no en semanas. Empleados m\u00e1s felices que no est\u00e1n esperando su dinero.<\/p>\n\n\n<hr class=\"wp-block-separator has-alpha-channel-opacity\"\/>\n\n\n\n<h3 class=\"wp-block-heading\">Escenarios comunes de tratamiento de documentos<\/h3>\n\n\n\n<h4 class=\"wp-block-heading\">Tramitaci\u00f3n de facturas<\/h4>\n\n\n<p>La factura llega por correo electr\u00f3nico. La IA:<\/p>\n<ol>\n<li>Extrae todos los datos de las facturas en cuesti\u00f3n de segundos<\/li>\n<li>Comprobaci\u00f3n del proveedor con respecto a la lista maestra<\/li>\n<li>Coincide con PO si existe<\/li>\n<li>Valida importes y c\u00e1lculos<\/li>\n<li>V\u00edas de aprobaci\u00f3n en funci\u00f3n del importe y el departamento<\/li>\n<li>Crea una entrada AP en su sistema<\/li>\n<li>Notifica al aprobador a trav\u00e9s de su m\u00e9todo preferido<\/li>\n<\/ol>\n\n<p>Tiempo total: Menos de un minuto. Intervenci\u00f3n humana: S\u00f3lo decisi\u00f3n de aprobaci\u00f3n.<\/p>\n\n\n<h4 class=\"wp-block-heading\">Procesamiento de informes de gastos<\/h4>\n\n\n<p>El empleado presenta un informe de gastos con 12 recibos. La IA:<\/p>\n<ol>\n<li>Lee todos los recibos, incluidas las fotos de papel arrugado<\/li>\n<li>Extrae comerciante, fecha, importe de cada<\/li>\n<li>Comprobaci\u00f3n de la pol\u00edtica de la empresa (l\u00edmites de importe, categor\u00edas permitidas)<\/li>\n<li>Se\u00f1ala cualquier elemento fuera de la pol\u00edtica<\/li>\n<li>Rellena autom\u00e1ticamente el informe de gastos<\/li>\n<li>Se env\u00eda al director para su aprobaci\u00f3n<\/li>\n<li>Colas para el pago de reembolsos<\/li>\n<\/ol>\n\n<p>El empleado no teclea nada. El gestor ve un resumen limpio con todos los recibos adjuntos. El reembolso es m\u00e1s r\u00e1pido.<\/p>\n\n\n<h4 class=\"wp-block-heading\">Conciliaci\u00f3n de extractos<\/h4>\n\n\n<p>Llega el extracto bancario mensual. La IA:<\/p>\n<ol>\n<li>Extrae cada transacci\u00f3n del extracto<\/li>\n<li>Coincide con las transacciones de su sistema<\/li>\n<li>Identifica los elementos no coincidentes en ambos lados<\/li>\n<li>Se\u00f1ala transacciones inusuales (importes elevados, beneficiarios desconocidos)<\/li>\n<li>Crea un informe de conciliaci\u00f3n que muestra lo que coincide y lo que no.<\/li>\n<li>Presenta excepciones para revisi\u00f3n humana<\/li>\n<\/ol>\n\n<p>Lo que antes llevaba horas, ahora lleva minutos. Su equipo se centra s\u00f3lo en los elementos que no coinciden autom\u00e1ticamente.<\/p>\n\n\n<hr class=\"wp-block-separator has-alpha-channel-opacity\"\/>\n\n\n\n<h3 class=\"wp-block-heading\">Lo que la IA no puede hacer<\/h3>\n\n\n<p>Seamos sinceros sobre las limitaciones:<\/p>\n\n<p><strong>No puede manejar situaciones verdaderamente \u00fanicas:<\/strong><br \/>\n\u00bfFacturas est\u00e1ndar? Perfectas. \u00bfPero ese acuerdo de licencia puntual con condiciones de pago inusuales? Sigue necesitando una revisi\u00f3n humana.<\/p>\n\n<p><strong>No puede juzgar:<\/strong><br \/>\n\u00bfDebemos pagar esta factura en litigio? \u00bfMerece la pena mantener esta relaci\u00f3n con el proveedor? Son decisiones empresariales, no de procesamiento.<\/p>\n\n<p><strong>No puede leer documentos completamente destruidos:<\/strong><br \/>\nSi un humano no puede distinguir los n\u00fameros, la IA tampoco. Los documentos en mal estado siguen necesitando la intervenci\u00f3n humana.<\/p>\n\n<p><strong>No puede manejar acuerdos verbales:<\/strong><br \/>\n\"Les dije que pagar\u00edamos el viernes\" s\u00f3lo importa si est\u00e1 documentado. La IA trabaja con lo que est\u00e1 escrito, no con lo que se dijo.<\/p>\n\n<p><strong>Necesita datos claros para extraerlos:<\/strong><br \/>\nSi falta informaci\u00f3n cr\u00edtica en el documento, la IA la marcar\u00e1 pero no podr\u00e1 inventar los datos. Alguien tiene que encontrar el n\u00famero de factura que falta.<\/p>\n\n<p>La IA gestiona los procesos rutinarios con brillantez. Todo lo dem\u00e1s sigue necesitando la experiencia de tu equipo.<\/p>\n\n\n<hr class=\"wp-block-separator has-alpha-channel-opacity\"\/>\n\n\n\n<h3 class=\"wp-block-heading\">Primeros pasos<\/h3>\n\n\n<p>La IA de procesamiento de documentos funciona mejor cuando empiezas concentrado:<\/p>\n\n<p><strong>Elija primero un tipo de documento:<\/strong><br \/>\nNo intente automatizarlo todo a la vez. Empiece por el tipo de documento de mayor volumen. Por lo general, facturas o recibos de gastos.<\/p>\n\n<p><strong>Empiece con los datos m\u00e1s limpios:<\/strong><br \/>\nLos principales proveedores con un formato coherente son los m\u00e1s f\u00e1ciles. Primero hay que ganar, y luego ampliar a documentos m\u00e1s variables.<\/p>\n\n<p><strong>Al principio, mant\u00e9n a los humanos informados:<\/strong><br \/>\nDeja que la IA procese, pero haz que tu equipo lo revise todo al principio. Genere confianza en el sistema. Afina las reglas de validaci\u00f3n.<\/p>\n\n<p><strong>Mida el ahorro de tiempo:<\/strong><br \/>\nControle el tiempo de procesamiento antes y despu\u00e9s. Mida los porcentajes de error. Documente la mejora. Esto demuestra el valor.<\/p>\n\n<p><strong>Ampliar gradualmente:<\/strong><br \/>\nCuando un tipo de documento funcione bien, a\u00f1ada otro. Construya sus capacidades de procesamiento automatizado con el tiempo.<\/p>\n\n<p>No se trata de todo o nada. Se puede empezar poco a poco, demostrar el valor y luego ampliar.<\/p>\n\n\n<hr class=\"wp-block-separator has-alpha-channel-opacity\"\/>\n\n\n\n<h3 class=\"wp-block-heading\">\u00bfEst\u00e1 listo para dejar de procesar documentos manualmente?<\/h3>\n\n\n<p>Cada departamento financiero tiene diferentes vol\u00famenes de documentos, formatos y flujos de trabajo. Las soluciones est\u00e1ndar no funcionan.<\/p>\n<p>Examinamos sus documentos reales. Sus sistemas. Sus procesos de aprobaci\u00f3n. Sus necesidades de gesti\u00f3n de excepciones.<\/p>\n<p>A continuaci\u00f3n, creamos un procesamiento de documentos basado en IA que se adapta a su forma de trabajar. No a la teor\u00eda. Ni plantillas gen\u00e9ricas. Sus flujos de trabajo espec\u00edficos.<\/p>\n<p>Empezamos poco a poco. Demostrar que funciona. Luego nos expandimos. Sin grandes inversiones iniciales. Sin interrumpir las operaciones en curso.<\/p>\n\n<p><strong><a href=\"https:\/\/www.leaplytics.de\/es\/kontakt\/\">H\u00e1blenos de su procesamiento de documentos<\/a><\/strong><\/p>\n\n<p><a href=\"https:\/\/www.leaplytics.de\/es\/finanzas-ai\/\">Volver a Finanzas AI Overview<\/a><\/p>","protected":false},"excerpt":{"rendered":"<p>AI for Financial Document Processing: Stop Typing. Start Analyzing. Your finance team processes hundreds or thousands of documents every month. Invoices. Receipts. Bank statements. Expense reports. Purchase orders. Contracts. Someone has to read every one. Extract the data. Type it into your system. Check it&#8217;s correct. Match it to other documents. File it properly. That&#8217;s &hellip; <\/p>","protected":false},"author":2,"featured_media":0,"parent":0,"menu_order":0,"comment_status":"closed","ping_status":"closed","template":"","meta":{"footnotes":""},"class_list":["post-14429","page","type-page","status-publish","hentry","latest_post"],"_links":{"self":[{"href":"https:\/\/www.leaplytics.de\/es\/wp-json\/wp\/v2\/pages\/14429","targetHints":{"allow":["GET"]}}],"collection":[{"href":"https:\/\/www.leaplytics.de\/es\/wp-json\/wp\/v2\/pages"}],"about":[{"href":"https:\/\/www.leaplytics.de\/es\/wp-json\/wp\/v2\/types\/page"}],"author":[{"embeddable":true,"href":"https:\/\/www.leaplytics.de\/es\/wp-json\/wp\/v2\/users\/2"}],"replies":[{"embeddable":true,"href":"https:\/\/www.leaplytics.de\/es\/wp-json\/wp\/v2\/comments?post=14429"}],"version-history":[{"count":1,"href":"https:\/\/www.leaplytics.de\/es\/wp-json\/wp\/v2\/pages\/14429\/revisions"}],"predecessor-version":[{"id":14430,"href":"https:\/\/www.leaplytics.de\/es\/wp-json\/wp\/v2\/pages\/14429\/revisions\/14430"}],"wp:attachment":[{"href":"https:\/\/www.leaplytics.de\/es\/wp-json\/wp\/v2\/media?parent=14429"}],"curies":[{"name":"wp","href":"https:\/\/api.w.org\/{rel}","templated":true}]}}