{"id":14432,"date":"2025-12-19T01:31:10","date_gmt":"2025-12-19T00:31:10","guid":{"rendered":"https:\/\/www.leaplytics.de\/?page_id=14432"},"modified":"2025-12-19T01:31:11","modified_gmt":"2025-12-19T00:31:11","slug":"planificacion-financiera-prevision-ai","status":"publish","type":"page","link":"https:\/\/www.leaplytics.de\/es\/planificacion-financiera-prevision-ai\/","title":{"rendered":"Planificaci\u00f3n financiera y previsi\u00f3n AI"},"content":{"rendered":"<h2>IA para la planificaci\u00f3n y previsi\u00f3n financieras: Menos mec\u00e1nica y m\u00e1s estrategia<\/h2>\n\n<p>La planificaci\u00f3n financiera es eterna. Recoge las aportaciones de todos los departamentos. Construir el modelo presupuestario. Consolidarlo todo. Comprobar errores e incoherencias. Ejecutar escenarios. Pres\u00e9ntelo a la direcci\u00f3n. Obtenga opiniones. Revisar. Repetir.<\/p>\n<p>Para cuando termines, los supuestos habr\u00e1n cambiado.<\/p>\n<p>La previsi\u00f3n es el mismo ciclo, s\u00f3lo que m\u00e1s frecuente. Actualizar el modelo. Explicar las desviaciones con respecto al plan. Ajustar las previsiones. Presente los resultados. Una y otra vez.<\/p>\n<p>La mayor parte del tiempo se dedica a la mec\u00e1nica. Recopilaci\u00f3n de datos. Consolidaci\u00f3n de hojas de c\u00e1lculo. Actualizaci\u00f3n de f\u00f3rmulas. Correcci\u00f3n de enlaces rotos. Reformatear para la presentaci\u00f3n.<\/p>\n<p>El trabajo valioso es pensar en el negocio. \u00bfCu\u00e1les son los factores clave? \u00bfQu\u00e9 podr\u00eda cambiar? \u00bfPara qu\u00e9 escenarios debemos prepararnos? \u00bfC\u00f3mo asignar los recursos?<\/p>\n<p>La IA no se encarga del pensamiento estrat\u00e9gico. Se encarga de la mec\u00e1nica. La recopilaci\u00f3n de datos. La consolidaci\u00f3n. La construcci\u00f3n del escenario. El primer borrador.<\/p>\n<p>Tu equipo se centra en la estrategia y el juicio. La IA se encarga de las hojas de c\u00e1lculo.<\/p>\n\n\n<hr class=\"wp-block-separator has-alpha-channel-opacity\"\/>\n\n\n\n<h3 class=\"wp-block-heading\">El problema de la planificaci\u00f3n y la previsi\u00f3n<\/h3>\n\n\n<p>La planificaci\u00f3n y la previsi\u00f3n son esenciales. Pero tambi\u00e9n consumen mucho tiempo.<\/p>\n\n<p><strong>El ciclo presupuestario anual:<\/strong><\/p>\n<ul>\n<li>Comienza meses antes de fin de a\u00f1o<\/li>\n<li>Cada departamento elabora su presupuesto en su propia hoja de c\u00e1lculo<\/li>\n<li>Finanzas recopila y consolida todas las aportaciones<\/li>\n<li>Detecta errores, incoherencias e hip\u00f3tesis poco realistas<\/li>\n<li>Se devuelve a los departamentos para correcciones<\/li>\n<li>Se consolida de nuevo<\/li>\n<li>El liderazgo quiere escenarios diferentes<\/li>\n<li>Reconstrucci\u00f3n para cada escenario<\/li>\n<li>Por fin se aprueba en diciembre un presupuesto que empieza en enero<\/li>\n<\/ul>\n\n<p><strong>Previsiones mensuales o trimestrales:<\/strong><\/p>\n<ul>\n<li>Actualizar los datos reales del per\u00edodo m\u00e1s reciente<\/li>\n<li>Ajustar las previsiones en funci\u00f3n de las tendencias recientes<\/li>\n<li>Recoger aportaciones actualizadas de las unidades de negocio<\/li>\n<li>Consolidar y comprobar la razonabilidad<\/li>\n<li>Calcular las desviaciones con respecto a las previsiones y el presupuesto anteriores<\/li>\n<li>Escribir comentarios explicando los cambios<\/li>\n<li>Presentar a la direcci\u00f3n<\/li>\n<li>Plantean preguntas que requieren m\u00e1s an\u00e1lisis<\/li>\n<li>Repeticiones de ciclo<\/li>\n<\/ul>\n\n<p><strong>Planificaci\u00f3n de escenarios ad hoc:<\/strong><br \/>\n\"\u00bfY si las ventas crecen 5% en lugar de 10%? \u00bfY si nos expandimos a Canad\u00e1? \u00bfY si los costes aumentan 15%? \u00bfPuedes plantear esos escenarios?\"<\/p>\n\n<p>Cada escenario supone horas de trabajo. Ajustar supuestos. Recalcular todo. Comprobaci\u00f3n de errores. Para cuando termines, la direcci\u00f3n querr\u00e1 ver diferentes escenarios.<\/p>\n\n<p>El resultado: Los equipos de FP&amp;A dedican 80% de su tiempo a la mec\u00e1nica y 20% al an\u00e1lisis. Deber\u00eda ser al rev\u00e9s.<\/p>\n\n\n<hr class=\"wp-block-separator has-alpha-channel-opacity\"\/>\n\n\n\n<h3 class=\"wp-block-heading\">Qu\u00e9 aporta la IA a la planificaci\u00f3n y la previsi\u00f3n<\/h3>\n\n\n\n<h4 class=\"wp-block-heading\">An\u00e1lisis de patrones hist\u00f3ricos<\/h4>\n\n\n<p>Antes de predecir el futuro, hay que entender el pasado. La IA destaca en el reconocimiento de patrones.<\/p>\n\n<p><strong>Identificaci\u00f3n de tendencias:<\/strong><br \/>\n\u00bfCu\u00e1l es la tasa de crecimiento subyacente una vez eliminado el ruido? La IA separa la se\u00f1al del ruido. Crecimiento real frente a eventos puntuales.<\/p>\n\n<p><strong>Detecci\u00f3n de estacionalidad:<\/strong><br \/>\nEl cuarto trimestre siempre es fuerte. Julio siempre es lento. La IA cuantifica los patrones estacionales para que las previsiones los reflejen.<\/p>\n\n<p><strong>An\u00e1lisis de correlaci\u00f3n:<\/strong><br \/>\nCuando las ventas aumentan 10%, \u00bfqu\u00e9 ocurre con los gastos de env\u00edo? Cuando aumenta la plantilla, \u00bfc\u00f3mo cambian los gastos de oficina? La IA encuentra relaciones entre los impulsores.<\/p>\n\n<p><strong>Identificaci\u00f3n del conductor:<\/strong><br \/>\n\u00bfQu\u00e9 impulsa realmente los ingresos? \u00bfLa combinaci\u00f3n de productos? \u00bfLos precios? \u00bfel volumen? \u00bfLas condiciones del mercado? La IA analiza qu\u00e9 factores son los m\u00e1s importantes.<\/p>\n\n<p><strong>Identificaci\u00f3n de anomal\u00edas:<\/strong><br \/>\nEse enorme repunte en el 2T del a\u00f1o pasado fue un pedido \u00fanico de un cliente. No lo utilices para predecir el segundo trimestre de este a\u00f1o. La IA identifica qu\u00e9 puntos de datos hist\u00f3ricos son representativos y cu\u00e1les son valores at\u00edpicos.<\/p>\n\n<p>Este an\u00e1lisis sol\u00eda llevar d\u00edas de indagaci\u00f3n en los datos. La IA lo hace en minutos y te muestra lo que importa.<\/p>\n\n\n<h4 class=\"wp-block-heading\">Creaci\u00f3n autom\u00e1tica de previsiones<\/h4>\n\n\n<p>Una vez comprendidos los patrones, la IA elabora previsiones iniciales:<\/p>\n\n<p><strong>Previsi\u00f3n estad\u00edstica:<\/strong><br \/>\nBas\u00e1ndose en las tendencias hist\u00f3ricas, la estacionalidad y las tasas de crecimiento, la IA proyecta periodos futuros. Esta es la l\u00ednea de base.<\/p>\n\n<p><strong>Previsiones basadas en los conductores:<\/strong><br \/>\nUsted proporciona los conductores. \"Vamos a contratar a 10 personas el pr\u00f3ximo trimestre. Vamos a lanzarnos en dos nuevos estados\". La IA calcula el impacto bas\u00e1ndose en las relaciones hist\u00f3ricas.<\/p>\n\n<p><strong>M\u00faltiples m\u00e9todos combinados:<\/strong><br \/>\nLa IA no se basa en un \u00fanico m\u00e9todo de previsi\u00f3n. Utiliza m\u00faltiples enfoques y los sopesa en funci\u00f3n de los que han sido m\u00e1s precisos hist\u00f3ricamente.<\/p>\n\n<p><strong>Intervalos de confianza:<\/strong><br \/>\nNo s\u00f3lo una cifra. \"Los ingresos ser\u00e1n de $10-12M con 80% de confianza, lo m\u00e1s probable $11M\". Esto muestra la gama de posibles resultados.<\/p>\n\n<p><strong>Actualizaciones autom\u00e1ticas:<\/strong><br \/>\nA medida que llegan los resultados reales, la IA actualiza las previsiones autom\u00e1ticamente. No hay que esperar a final de mes para revisarlas. Previsi\u00f3n continua.<\/p>\n\n<p>Sigue revisando y ajustando. Pero se parte de una base s\u00f3lida en lugar de una hoja de c\u00e1lculo en blanco.<\/p>\n\n\n<h4 class=\"wp-block-heading\">Consolida los planes autom\u00e1ticamente<\/h4>\n\n\n<p>La pesadilla presupuestaria: recoger y consolidar las aportaciones de todos.<\/p>\n\n<p>La IA ayuda:<\/p>\n\n<p><strong>Plantillas coherentes:<\/strong><br \/>\nTodos utilizan el mismo formato y las mismas definiciones. La IA impone la coherencia.<\/p>\n\n<p><strong>Consolidaci\u00f3n autom\u00e1tica:<\/strong><br \/>\nA medida que los departamentos env\u00edan datos, la IA los consolida autom\u00e1ticamente. Sin copiar y pegar manualmente. Sin f\u00f3rmulas rotas.<\/p>\n\n<p><strong>Comprobaci\u00f3n de errores:<\/strong><br \/>\nEl plan de personal del Departamento A no coincide con el plan de RRHH. La hip\u00f3tesis de ingresos del Departamento B no coincide con el plan de Ventas. La IA detecta las incoherencias inmediatamente.<\/p>\n\n<p><strong>Controles de razonabilidad:<\/strong><br \/>\nEl presupuesto de marketing sube 300% sin explicaci\u00f3n. Probablemente se trata de una errata. El plan de personal incluye 50 nuevas contrataciones, pero el plan de instalaciones no incluye m\u00e1s espacio. Esto no funciona. La IA se\u00f1ala los problemas antes de que los descubras manualmente.<\/p>\n\n<p><strong>Control de versiones:<\/strong><br \/>\nSe acab\u00f3 \"Presupuesto_final_v7_FINAL_revisado.xlsx\". La IA hace un seguimiento autom\u00e1tico de las versiones. Todo el mundo trabaja a partir de la versi\u00f3n actual.<\/p>\n\n<p>Resultado: La consolidaci\u00f3n que tardaba d\u00edas ahora tarda horas. M\u00e1s tiempo para detectar problemas antes de enviarlos y menos para solucionarlos despu\u00e9s.<\/p>\n\n\n<h4 class=\"wp-block-heading\">Ejecuta escenarios al instante<\/h4>\n\n\n<p>La direcci\u00f3n quiere ver diferentes escenarios. Antes de la IA: horas de trabajo cada uno. Con IA: minutos.<\/p>\n\n<p><strong>Cambio de par\u00e1metros:<\/strong><br \/>\n\"Mu\u00e9strame 5%, 10% y 15% de crecimiento de ingresos\". La IA recalcula todo al instante para cada escenario.<\/p>\n\n<p><strong>Cambios de conductor:<\/strong><br \/>\n\"\u00bfY si contratamos a 20 personas en lugar de 10? \u00bfY si abrimos dos nuevos locales?\". La IA calcula autom\u00e1ticamente todas las repercusiones posteriores.<\/p>\n\n<p><strong>An\u00e1lisis de sensibilidad:<\/strong><br \/>\n\u00bfCu\u00e1les son los supuestos m\u00e1s importantes? La IA le muestra qu\u00e9 variables tienen mayor impacto en los resultados. Centra el debate en lo que realmente mueve la aguja.<\/p>\n\n<p><strong>Escenarios de riesgo:<\/strong><br \/>\nEl mejor caso, el caso esperado, el peor caso. La IA construye los tres y muestra el abanico de posibilidades.<\/p>\n\n<p><strong>Resultados ponderados en funci\u00f3n de la probabilidad:<\/strong><br \/>\nNo s\u00f3lo \"aqu\u00ed hay tres escenarios\". Sino \"hay una probabilidad 20% del mejor caso, 60% del caso esperado, 20% del peor caso\". M\u00e1s \u00fatil para la toma de decisiones.<\/p>\n\n<p>Cuando los escenarios son r\u00e1pidos, se exploran m\u00e1s opciones. Las mejores decisiones surgen de considerar m\u00e1s posibilidades.<\/p>\n\n\n<h4 class=\"wp-block-heading\">Explica autom\u00e1ticamente las desviaciones<\/h4>\n\n\n<p>Los resultados reales han sido distintos de los previstos. \u00bfQu\u00e9 ha cambiado?<\/p>\n\n<p>La IA analiza:<\/p>\n\n<p><strong>An\u00e1lisis de varianza de conductores:<\/strong><br \/>\n\"Preve\u00edamos unos ingresos de $10M, pero logramos $11M. La variaci\u00f3n se debe a: el volumen sube 8% (+$800K), los precios suben 2% (+$200K), el impacto del mix es neutro\".<\/p>\n\n<p>No s\u00f3lo \"superamos en $1M las previsiones\". Sino exactamente por qu\u00e9.<\/p>\n\n<p><strong>Explicaciones en cascada:<\/strong><br \/>\nEmpezar con la previsi\u00f3n. A\u00f1ada el impacto de cada impulsor. Termine con la realidad. Cascada visual que muestra c\u00f3mo se ha llegado del plan a la realidad.<\/p>\n\n<p><strong>Generaci\u00f3n de comentarios:<\/strong><br \/>\nLa IA redacta el primer borrador: \"Los ingresos superaron las previsiones en 10%, impulsados principalmente por una demanda m\u00e1s fuerte de lo esperado en la regi\u00f3n sudeste y unos valores medios de los pedidos m\u00e1s elevados.\"<\/p>\n\n<p>Revisas y perfeccionas. Pero no empiezas de cero.<\/p>\n\n<p><strong>Impacto hacia delante:<\/strong><br \/>\nEsta desviaci\u00f3n sugiere que debe ajustarse la previsi\u00f3n para el resto del a\u00f1o. La IA sugiere revisar las previsiones en funci\u00f3n de lo ocurrido realmente.<\/p>\n\n<p>El an\u00e1lisis de varianza que llevaba horas ahora se realiza en minutos. M\u00e1s tiempo para comprender las implicaciones y menos para calcular las diferencias.<\/p>\n\n\n<h4 class=\"wp-block-heading\">Mejora con el tiempo<\/h4>\n\n\n<p>La IA aprende de la experiencia.<\/p>\n\n<p><strong>Seguimiento de la precisi\u00f3n de las previsiones:<\/strong><br \/>\n\u00bfQu\u00e9 m\u00e9todos de previsi\u00f3n fueron m\u00e1s precisos? \u00bfQu\u00e9 hip\u00f3tesis eran realistas y cu\u00e1les optimistas? La IA rastrea lo que funcion\u00f3.<\/p>\n\n<p><strong>Detecci\u00f3n de sesgos:<\/strong><br \/>\nVentas siempre hace previsiones optimistas. Operaciones siempre tiene margen en sus estimaciones. La IA detecta los sesgos y los ajusta.<\/p>\n\n<p><strong>Perfeccionamiento del modelo:<\/strong><br \/>\nA medida que se acumulan m\u00e1s datos, la IA perfecciona su comprensi\u00f3n de las relaciones y los impulsores. Las previsiones mejoran con el tiempo.<\/p>\n\n<p><strong>Prueba de suposici\u00f3n:<\/strong><br \/>\n\"Supon\u00edamos que el aumento de precio de 5% no tendr\u00eda impacto en el volumen. En realidad, el volumen cay\u00f3 3%\". La IA lo capta y mejora la modelizaci\u00f3n de escenarios futuros.<\/p>\n\n<p>Su proceso de previsi\u00f3n se vuelve m\u00e1s inteligente en cada ciclo.<\/p>\n\n\n<hr class=\"wp-block-separator has-alpha-channel-opacity\"\/>\n\n\n\n<h3 class=\"wp-block-heading\">Lo que esto significa para usted<\/h3>\n\n\n\n<h4 class=\"wp-block-heading\">Para directores financieros<\/h4>\n\n\n<p><strong>Mejores previsiones:<\/strong><br \/>\nProyecciones m\u00e1s precisas porque se basan en un an\u00e1lisis exhaustivo de las pautas y los factores determinantes, no en meras corazonadas y simples tendencias.<\/p>\n\n<p><strong>Ciclos de planificaci\u00f3n m\u00e1s r\u00e1pidos:<\/strong><br \/>\nEl presupuesto anual que tardaba tres meses ahora tarda seis semanas. La previsi\u00f3n mensual que tardaba una semana ahora tarda dos d\u00edas. M\u00e1s ciclos significan m\u00e1s oportunidades de ajuste.<\/p>\n\n<p><strong>M\u00e1s exploraci\u00f3n de escenarios:<\/strong><br \/>\nCuando los escenarios son r\u00e1pidos, se exploran m\u00e1s posibilidades antes de asumir compromisos. Se toman mejores decisiones al considerar m\u00e1s opciones.<\/p>\n\n<p><strong>Mejores debates estrat\u00e9gicos:<\/strong><br \/>\nMenos tiempo de reuni\u00f3n para debatir si los c\u00e1lculos son correctos. M\u00e1s tiempo debatiendo la estrategia y la asignaci\u00f3n de recursos.<\/p>\n\n<p><strong>Planificaci\u00f3n continua:<\/strong><br \/>\nEn lugar de presupuestos anuales que quedan desfasados en febrero, actualizaci\u00f3n continua basada en la realidad. El plan sigue siendo relevante todo el a\u00f1o.<\/p>\n\n\n<h4 class=\"wp-block-heading\">Para los equipos de FP&amp;A<\/h4>\n\n\n<p><strong>Deja de ser mec\u00e1nico de hojas de c\u00e1lculo:<\/strong><br \/>\nMenos tiempo consolidando y comprobando errores. M\u00e1s tiempo analizando y asesorando.<\/p>\n\n<p><strong>Centrarse en el juicio y la estrategia:<\/strong><br \/>\nLa IA se encarga de \"cu\u00e1nto\". T\u00fa te encargas de \"si esto es realista\" y \"qu\u00e9 debemos hacer al respecto\".<\/p>\n\n<p><strong>Responde m\u00e1s r\u00e1pido a las preguntas:<\/strong><br \/>\nLos an\u00e1lisis ad hoc que tardaban d\u00edas ahora tardan horas. Sea receptivo en vez de decir \"d\u00e9jeme que le llame la semana que viene\".<\/p>\n\n<p><strong>Mejor asociaci\u00f3n empresarial:<\/strong><br \/>\nCuando puede modelizar r\u00e1pidamente distintas opciones, ayuda a los directivos a tomar mejores decisiones. Te conviertes en asesor estrat\u00e9gico en lugar de recopilador de datos.<\/p>\n\n<p><strong>Haz un trabajo que sea realmente interesante:<\/strong><br \/>\nUsted no entr\u00f3 en FP&amp;A para consolidar hojas de c\u00e1lculo. Quer\u00edas ayudar a impulsar la estrategia empresarial. La IA te permite centrarte en eso.<\/p>\n\n\n<h4 class=\"wp-block-heading\">Para l\u00edderes empresariales<\/h4>\n\n\n<p><strong>Mejor visibilidad del futuro:<\/strong><br \/>\nPrevisiones que reflejen la realidad. Gama clara de posibles resultados. Confianza en las cifras.<\/p>\n\n<p><strong>Respuestas m\u00e1s r\u00e1pidas a preguntas del tipo \"qu\u00e9 pasar\u00eda si...\":<\/strong><br \/>\nNo espere d\u00edas para analizar el escenario. Explore las opciones en la misma reuni\u00f3n.<\/p>\n\n<p><strong>Mejor asignaci\u00f3n de recursos:<\/strong><br \/>\nCuando se puede ver r\u00e1pidamente el impacto financiero de las distintas opciones, se toman mejores decisiones sobre los recursos.<\/p>\n\n<p><strong>Menos tiempo en las reuniones presupuestarias:<\/strong><br \/>\nM\u00e1s tiempo dirigiendo el negocio, menos tiempo debatiendo los detalles de la hoja de c\u00e1lculo.<\/p>\n\n\n<hr class=\"wp-block-separator has-alpha-channel-opacity\"\/>\n\n\n\n<h3 class=\"wp-block-heading\">Escenarios comunes de planificaci\u00f3n y previsi\u00f3n<\/h3>\n\n\n\n<h4 class=\"wp-block-heading\">Actualizaci\u00f3n mensual de las previsiones<\/h4>\n\n\n<p>El mes acaba de cerrarse. Es hora de actualizar las previsiones.<\/p>\n\n<p>La IA:<\/p>\n<ol>\n<li>Obtiene autom\u00e1ticamente los resultados reales<\/li>\n<li>Calcula la desviaci\u00f3n con respecto a la previsi\u00f3n anterior<\/li>\n<li>Identifica los factores de variaci\u00f3n<\/li>\n<li>Actualiza las previsiones de los meses restantes bas\u00e1ndose en las tendencias recientes<\/li>\n<li>Genera comentarios sobre las desviaciones<\/li>\n<li>Crea un paquete de previsiones actualizado<\/li>\n<li>Se\u00f1ala las \u00e1reas en las que deben reconsiderarse los supuestos<\/li>\n<\/ol>\n\n<p>Revisiones de los analistas de FP&amp;A. Realiza ajustes cuando el conocimiento del negocio sugiere hip\u00f3tesis diferentes de las que indican las tendencias. Aprueba la previsi\u00f3n actualizada. Tiempo total: Dos horas en lugar de dos d\u00edas.<\/p>\n\n\n<h4 class=\"wp-block-heading\">Planificaci\u00f3n estrat\u00e9gica<\/h4>\n\n\n<p>El director financiero pregunta: \"Estamos considerando la adquisici\u00f3n de un competidor. Puede modelizar el impacto financiero en diferentes escenarios de integraci\u00f3n?\".<\/p>\n\n<p>La IA:<\/p>\n<ol>\n<li>El analista presenta hip\u00f3tesis clave (ingresos, costes, calendario, sinergias)<\/li>\n<li>La IA construye un modelo financiero para cada escenario<\/li>\n<li>C\u00e1lculo de finanzas pro forma, ratios, impacto del flujo de caja<\/li>\n<li>Muestra el punto de equilibrio y la rentabilidad de cada escenario<\/li>\n<li>Genera un resumen comparativo<\/li>\n<li>Crea an\u00e1lisis de sensibilidad que muestran cu\u00e1les son los supuestos m\u00e1s importantes<\/li>\n<\/ol>\n\n<p>Tiempo total: Tres horas en lugar de tres d\u00edas. La decisi\u00f3n puede tomarse esta semana en lugar del mes que viene.<\/p>\n\n\n<h4 class=\"wp-block-heading\">Consolidaci\u00f3n presupuestaria anual<\/h4>\n\n\n<p>Todos los departamentos han presentado aportaciones presupuestarias. Es hora de consolidar.<\/p>\n\n<p>La IA:<\/p>\n<ol>\n<li>Consolida autom\u00e1ticamente todos los env\u00edos de los departamentos<\/li>\n<li>15 incoherencias: la plantilla no coincide con los planes de RR.HH. y los departamentos, las hip\u00f3tesis de ingresos difieren del plan de ventas, las solicitudes de capex no coinciden con el plan de infraestructura de TI...<\/li>\n<li>Env\u00eda preguntas espec\u00edficas a cada departamento<\/li>\n<li>Recibe correcciones<\/li>\n<li>Reconsolidaci\u00f3n con correcciones<\/li>\n<li>Genera un paquete presupuestario completo con p\u00e9rdidas y ganancias, balance y flujo de caja.<\/li>\n<li>Elabora an\u00e1lisis de desviaciones con respecto al a\u00f1o anterior y a los objetivos iniciales<\/li>\n<\/ol>\n\n<p>El director de FP&amp;A revisa el presupuesto consolidado. Debate con el Director Financiero. Se presenta a la direcci\u00f3n. La consolidaci\u00f3n que tardaba dos semanas ahora tarda dos d\u00edas.<\/p>\n\n\n<hr class=\"wp-block-separator has-alpha-channel-opacity\"\/>\n\n\n\n<h3 class=\"wp-block-heading\">Lo que la IA no puede hacer<\/h3>\n\n\n<p>La IA es potente para planificar la mec\u00e1nica. Pero el futuro es incierto y requiere juicio humano.<\/p>\n\n<p><strong>No puede predecir lo impredecible:<\/strong><br \/>\nEntra un nuevo competidor en el mercado. Un cliente clave quiebra. Una pandemia lo paraliza todo. Las previsiones de la IA se basan en patrones. Los acontecimientos verdaderamente sin precedentes no est\u00e1n en los patrones.<\/p>\n\n<p><strong>No puede tomar decisiones estrat\u00e9gicas:<\/strong><br \/>\n\u00bfDebemos expandirnos a nuevos mercados? \u00bfInvertimos en I+D o en ventas? La IA puede modelizar el impacto financiero de cada elecci\u00f3n. La elecci\u00f3n en s\u00ed requiere una estrategia empresarial.<\/p>\n\n<p><strong>No puede evaluar el realismo de los supuestos:<\/strong><br \/>\nVentas quiere suponer un crecimiento de 50%. \u00bfEs realista dadas las condiciones del mercado, la competencia y la capacidad? Eso requiere criterio empresarial, no matem\u00e1ticas.<\/p>\n\n<p><strong>No puede dar cuenta de la acci\u00f3n de la direcci\u00f3n:<\/strong><br \/>\nLas previsiones indican que no alcanzar\u00e1s los objetivos. As\u00ed que toma medidas. Recortar costes, aumentar las ventas, ajustar la estrategia. La IA no puede predecir qu\u00e9 medidas tomar\u00e1 ni su eficacia.<\/p>\n\n<p><strong>No puede sustituir a la negociaci\u00f3n:<\/strong><br \/>\nLos presupuestos implican la negociaci\u00f3n entre los departamentos y la direcci\u00f3n. Los recursos son limitados. Las prioridades entran en conflicto. La IA puede aportar informaci\u00f3n a estos debates, pero no resolverlos.<\/p>\n\n<p><strong>No puede garantizar la precisi\u00f3n:<\/strong><br \/>\nNinguna previsi\u00f3n es perfecta. La IA mejora la precisi\u00f3n, pero no elimina la incertidumbre. El futuro sigue siendo incierto.<\/p>\n\n<p>La IA maneja la mec\u00e1nica anal\u00edtica con brillantez. El juicio empresarial, la estrategia y la toma de decisiones siguen siendo obra humana.<\/p>\n\n\n<hr class=\"wp-block-separator has-alpha-channel-opacity\"\/>\n\n\n\n<h3 class=\"wp-block-heading\">Primeros pasos<\/h3>\n\n\n<p>Empiece por su proceso de planificaci\u00f3n m\u00e1s doloroso:<\/p>\n\n<p><strong>Elige primero una previsi\u00f3n:<\/strong><br \/>\n\u00bfPrevisi\u00f3n mensual de ingresos? \u00bfPlanificaci\u00f3n de personal? \u00bfPresupuesto de Capex? Elija uno que sea importante y est\u00e9 basado en datos.<\/p>\n\n<p><strong>Limpie sus datos hist\u00f3ricos:<\/strong><br \/>\nLa IA aprende del historial. Aseg\u00farese de que sus datos hist\u00f3ricos est\u00e1n limpios y clasificados correctamente. El tiempo invertido aqu\u00ed merece la pena.<\/p>\n\n<p><strong>Comience con el an\u00e1lisis de patrones:<\/strong><br \/>\nAntes de automatizar la previsi\u00f3n, haga que la IA analice sus patrones hist\u00f3ricos. Aprenda qu\u00e9 impulsa su negocio. Esto genera confianza y conocimiento.<\/p>\n\n<p><strong>Elaborar previsiones de referencia:<\/strong><br \/>\nDeja que la IA cree previsiones estad\u00edsticas. Comp\u00e1relas con su m\u00e9todo actual. Perfecciona el m\u00e9todo hasta que la precisi\u00f3n sea comparable o mejor.<\/p>\n\n<p><strong>A\u00f1ade tu juicio:<\/strong><br \/>\nLa l\u00ednea de base de la IA m\u00e1s sus conocimientos empresariales equivalen a una mejor previsi\u00f3n. Nunca conf\u00edes solo en la IA sin una revisi\u00f3n.<\/p>\n\n<p><strong>Medir la precisi\u00f3n:<\/strong><br \/>\nRealice un seguimiento de las previsiones frente a la realidad. Medir las mejoras a lo largo del tiempo. Documente d\u00f3nde a\u00f1ade valor la IA.<\/p>\n\n<p><strong>Ampliar gradualmente:<\/strong><br \/>\n\u00bfUn pron\u00f3stico funciona bien? A\u00f1ada otra. A continuaci\u00f3n, a\u00f1ada capacidades de escenario. Despu\u00e9s, automatizaci\u00f3n de la consolidaci\u00f3n. Construya capacidades con el tiempo.<\/p>\n\n<p>La planificaci\u00f3n no se transforma de la noche a la ma\u00f1ana. Empiece centrado. Demuestre su valor. Ampl\u00ede.<\/p>\n\n\n<hr class=\"wp-block-separator has-alpha-channel-opacity\"\/>\n\n\n\n<h3 class=\"wp-block-heading\">\u00bfPreparado para dedicar menos tiempo a la planificaci\u00f3n mec\u00e1nica?<\/h3>\n\n\n<p>Cada empresa tiene procesos de planificaci\u00f3n diferentes. Diferentes impulsores. Sistemas diferentes. Diferente complejidad.<\/p>\n<p>No vendemos plantillas gen\u00e9ricas de planificaci\u00f3n. Nos fijamos en sus procesos espec\u00edficos. Sus datos. Sus necesidades.<\/p>\n<p>A continuaci\u00f3n, creamos una planificaci\u00f3n basada en IA que se adapta a su forma de trabajar. El mismo rigor. Los mismos controles. Pero m\u00e1s r\u00e1pido y automatizado.<\/p>\n<p>Empezamos por un \u00e1rea. Demostrar que mejora la precisi\u00f3n y ahorra tiempo. Despu\u00e9s, ampliamos. Automatizaci\u00f3n pr\u00e1ctica de la planificaci\u00f3n que hace que su equipo sea m\u00e1s estrat\u00e9gico.<\/p>\n\n<p><strong><a href=\"https:\/\/www.leaplytics.de\/es\/kontakt\/\">Hable con nosotros sobre su proceso de planificaci\u00f3n<\/a><\/strong><\/p>\n\n<p><a href=\"https:\/\/www.leaplytics.de\/es\/finanzas-ai\/\">Volver a Finanzas AI Overview<\/a><\/p>","protected":false},"excerpt":{"rendered":"<p>AI for Financial Planning &#038; Forecasting: Less Mechanics, More Strategy Financial planning takes forever. Collect inputs from every department. Build the budget model. Consolidate everything. Check for errors and inconsistencies. Run scenarios. Present to leadership. Get feedback. Revise. Repeat. By the time you finish, the assumptions have changed. Forecasting is the same cycle, just more &hellip; <\/p>","protected":false},"author":2,"featured_media":0,"parent":0,"menu_order":0,"comment_status":"closed","ping_status":"closed","template":"","meta":{"footnotes":""},"class_list":["post-14432","page","type-page","status-publish","hentry","latest_post"],"_links":{"self":[{"href":"https:\/\/www.leaplytics.de\/es\/wp-json\/wp\/v2\/pages\/14432","targetHints":{"allow":["GET"]}}],"collection":[{"href":"https:\/\/www.leaplytics.de\/es\/wp-json\/wp\/v2\/pages"}],"about":[{"href":"https:\/\/www.leaplytics.de\/es\/wp-json\/wp\/v2\/types\/page"}],"author":[{"embeddable":true,"href":"https:\/\/www.leaplytics.de\/es\/wp-json\/wp\/v2\/users\/2"}],"replies":[{"embeddable":true,"href":"https:\/\/www.leaplytics.de\/es\/wp-json\/wp\/v2\/comments?post=14432"}],"version-history":[{"count":1,"href":"https:\/\/www.leaplytics.de\/es\/wp-json\/wp\/v2\/pages\/14432\/revisions"}],"predecessor-version":[{"id":14433,"href":"https:\/\/www.leaplytics.de\/es\/wp-json\/wp\/v2\/pages\/14432\/revisions\/14433"}],"wp:attachment":[{"href":"https:\/\/www.leaplytics.de\/es\/wp-json\/wp\/v2\/media?parent=14432"}],"curies":[{"name":"wp","href":"https:\/\/api.w.org\/{rel}","templated":true}]}}