{"id":14435,"date":"2025-12-19T01:31:37","date_gmt":"2025-12-19T00:31:37","guid":{"rendered":"https:\/\/www.leaplytics.de\/?page_id=14435"},"modified":"2025-12-19T01:31:38","modified_gmt":"2025-12-19T00:31:38","slug":"analisis-de-informes-financieros-ai","status":"publish","type":"page","link":"https:\/\/www.leaplytics.de\/es\/analisis-de-informes-financieros-ai\/","title":{"rendered":"Informes y an\u00e1lisis financieros AI"},"content":{"rendered":"<h2>IA para informes y an\u00e1lisis financieros: Menos montaje y m\u00e1s conocimiento<\/h2>\n\n<p>Los informes financieros son esenciales. As\u00ed se sabe lo que ha pasado. As\u00ed es como la direcci\u00f3n toma decisiones. As\u00ed es como el Consejo eval\u00faa el rendimiento.<\/p>\n<p>Tambi\u00e9n es incre\u00edblemente repetitivo.<\/p>\n<p>Extraiga datos de cinco sistemas diferentes. Exporta a Excel. Limpiarlos. Calcula las desviaciones. Construye las mismas tablas que el mes pasado. Formatea todo. Escribe el comentario explicando lo que ha cambiado. Comprueba todas las f\u00f3rmulas. Env\u00edalo. Luego alguien hace una pregunta de seguimiento y tienes que volver a hacerlo todo.<\/p>\n<p>El contenido cambia. La estructura no. El an\u00e1lisis es valioso. El montaje es s\u00f3lo trabajo.<\/p>\n<p>La IA no sustituye al an\u00e1lisis financiero. Hace la parte del montaje. La recopilaci\u00f3n de datos. El c\u00e1lculo. El primer borrador. Para que su equipo pueda centrarse en lo que significan realmente las cifras.<\/p>\n\n\n<hr class=\"wp-block-separator has-alpha-channel-opacity\"\/>\n\n\n\n<h3 class=\"wp-block-heading\">El problema de los informes<\/h3>\n\n\n<p>Los equipos financieros dedican mucho tiempo a la mec\u00e1nica de elaboraci\u00f3n de informes:<\/p>\n\n<p><strong>Los datos viven en todas partes:<\/strong><br \/>\nIngresos en el ERP. M\u00e9tricas de clientes en el CRM. Plantilla en HRIS. El gasto en marketing en su propio sistema. Los an\u00e1lisis web en otra herramienta. Las operaciones de ventas mantienen hojas de c\u00e1lculo separadas.<\/p>\n\n<p><strong>Recogida manual de datos:<\/strong><br \/>\nCon\u00e9ctese a cada sistema. Exporta los datos correctos. Copia y pega en tu hoja de c\u00e1lculo maestra. Espero que no se te haya escapado nada. Espero que los formatos coincidan. Espero que nadie haya cambiado los nombres de las columnas.<\/p>\n\n<p><strong>C\u00e1lculos repetitivos:<\/strong><br \/>\nPresupuesto vs. real. Mes a mes. A\u00f1o tras a\u00f1o. Tendencias trimestrales. Las mismas f\u00f3rmulas. Cifras diferentes. Cada periodo.<\/p>\n\n<p><strong>An\u00e1lisis de varianza manual:<\/strong><br \/>\n\u00bfPor qu\u00e9 suben los ingresos 8%? Indaga en los datos. Mezcla de productos. Mezcla geogr\u00e1fica. Cambios de precios. Cambios de volumen. Luego lo escribes. Cada mes.<\/p>\n\n<p><strong>Formato y presentaci\u00f3n:<\/strong><br \/>\nLos n\u00fameros tienen que estar bien. Las tablas deben tener el mismo formato. Gr\u00e1ficos en las p\u00e1ginas correctas. Encabezados y pies de p\u00e1gina correctos. Diapositivas de PowerPoint actualizadas.<\/p>\n\n<p><strong>Dolores de cabeza por el control de versiones:<\/strong><br \/>\nEnv\u00edas v1. Alguien encuentra un error. Env\u00edas la v2. Alguien quiere cortes diferentes. Env\u00edas la v3. Ahora hay tres versiones dando vueltas.<\/p>\n\n<p>Cuando terminas el informe, est\u00e1s agotado. Y a\u00fan no has hecho ning\u00fan an\u00e1lisis. S\u00f3lo has recopilado informaci\u00f3n.<\/p>\n\n\n<hr class=\"wp-block-separator has-alpha-channel-opacity\"\/>\n\n\n\n<h3 class=\"wp-block-heading\">Qu\u00e9 aporta la IA a los informes y an\u00e1lisis<\/h3>\n\n\n\n<h4 class=\"wp-block-heading\">Obtiene datos de todas partes autom\u00e1ticamente<\/h4>\n\n\n<p>La IA se conecta a todos tus sistemas:<\/p>\n<ul>\n<li>Sistemas ERP (SAP, Oracle, NetSuite, Dynamics, etc.)<\/li>\n<li>Sistemas CRM (Salesforce, HubSpot, etc.)<\/li>\n<li>Almacenes de datos y bases de datos<\/li>\n<li>Hojas de c\u00e1lculo y unidades compartidas<\/li>\n<li>Almacenamiento en la nube y herramientas de colaboraci\u00f3n<\/li>\n<li>Fuentes de datos de terceros<\/li>\n<\/ul>\n\n<p>Se acab\u00f3 el iniciar sesi\u00f3n y exportar. Se acab\u00f3 el copiar y pegar. La IA recupera exactamente lo que necesitas, cuando lo necesitas.<\/p>\n\n<p>Maneja diferentes formatos de datos autom\u00e1ticamente. \u00bfFechas en distintos formatos? \u00bfDiferentes monedas? \u00bfDiferentes unidades de medida? La IA lo normaliza todo para que funcione en conjunto.<\/p>\n\n<p>\u00bfDatos actualizados? La IA se actualiza autom\u00e1ticamente. Se acabaron las advertencias de que \"este informe utiliza datos a fecha de...\" porque usted los extrajo manualmente el martes por la ma\u00f1ana.<\/p>\n\n\n<h4 class=\"wp-block-heading\">Calcula todo al instante<\/h4>\n\n\n<p>Los c\u00e1lculos financieros est\u00e1ndar que tardan minutos manualmente se realizan en segundos:<\/p>\n\n<p><strong>C\u00e1lculo de desviaciones:<\/strong><\/p>\n<ul>\n<li>Presupuesto vs. real (d\u00f3lares y porcentaje)<\/li>\n<li>Previsi\u00f3n vs. real<\/li>\n<li>Comparaciones de periodos anteriores<\/li>\n<li>Comparaciones de a\u00f1os anteriores<\/li>\n<li>Desviaci\u00f3n del plan con respecto al acumulado del a\u00f1o hasta la fecha<\/li>\n<\/ul>\n\n<p><strong>An\u00e1lisis de tendencias:<\/strong><\/p>\n<ul>\n<li>Tasas de crecimiento intermensuales<\/li>\n<li>Tendencias trimestrales<\/li>\n<li>Medias m\u00f3viles<\/li>\n<li>Ajustes de estacionalidad<\/li>\n<li>C\u00e1lculo de la cadencia<\/li>\n<\/ul>\n\n<p><strong>An\u00e1lisis de ratios:<\/strong><\/p>\n<ul>\n<li>M\u00e1rgenes (bruto, de explotaci\u00f3n, neto)<\/li>\n<li>M\u00e9tricas de rentabilidad (ROA, ROE, ROIC)<\/li>\n<li>Ratios de eficiencia (rotaci\u00f3n de activos, rotaci\u00f3n de existencias)<\/li>\n<li>Ratios de liquidez (ratio corriente, ratio r\u00e1pido)<\/li>\n<li>KPI personalizados espec\u00edficos para su empresa<\/li>\n<\/ul>\n\n<p>La IA no se limita a calcular. Tambi\u00e9n se ocupa de los molestos casos extremos. \u00bfDivisi\u00f3n por cero? \u00bfFalta de datos? \u00bfCambios estructurales en el plan contable? Los gestiona de forma inteligente en lugar de romperlos.<\/p>\n\n\n<h4 class=\"wp-block-heading\">Explica qu\u00e9 ha cambiado<\/h4>\n\n\n<p>Aqu\u00ed es donde la IA se vuelve interesante. No se limita a mostrar cifras. Las explica.<\/p>\n\n<p><strong>Comentario autom\u00e1tico de las desviaciones:<\/strong><br \/>\n\"Los ingresos aumentaron $2,3M (12%) en comparaci\u00f3n con el mes anterior, impulsados por el crecimiento de 15% en el Producto X ($1,8M) y 8% en el Producto Y ($0,6M), parcialmente compensados por el descenso de 3% en el Producto Z ($0,1M).\"<\/p>\n\n<p>La IA escribe el primer borrador. T\u00fa lo revisas, lo perfeccionas y le a\u00f1ades contexto. Pero no partes de una p\u00e1gina en blanco.<\/p>\n\n<p><strong>Identificaci\u00f3n del conductor:<\/strong><br \/>\nLa IA no se limita a decir que los ingresos han aumentado. Identifica por qu\u00e9:<\/p>\n<ul>\n<li>Variaciones de volumen frente a variaciones de precios<\/li>\n<li>Cambios en la combinaci\u00f3n de productos<\/li>\n<li>Resultados geogr\u00e1ficos<\/li>\n<li>Cambios en el segmento de clientes<\/li>\n<li>Estacionalidad frente a crecimiento real<\/li>\n<\/ul>\n\n<p>Cuantifica la contribuci\u00f3n de cada impulsor. \"Volumen 8% m\u00e1s, precios 3% m\u00e1s, impacto del mix +1%\". Ahora ya sabes lo que realmente movi\u00f3 la aguja.<\/p>\n\n<p><strong>Res\u00famenes en lenguaje natural:<\/strong><br \/>\nEn lugar de obligar a los ejecutivos a leer tablas, la IA redacta res\u00famenes ejecutivos en un lenguaje sencillo. \"Hemos superado el plan en 5% este mes, principalmente debido a una demanda m\u00e1s fuerte de lo esperado en la regi\u00f3n noreste\".<\/p>\n\n\n<h4 class=\"wp-block-heading\">Manchas Patrones y anomal\u00edas<\/h4>\n\n\n<p>El ser humano es un gran analista. Los humanos son terribles comprobando miles de puntos de datos en busca de patrones.<\/p>\n\n<p>La IA es lo contrario.<\/p>\n\n<p><strong>Detecci\u00f3n de tendencias:<\/strong><br \/>\nEl margen bruto ha disminuido tres meses seguidos. Peque\u00f1as ca\u00eddas cada mes. F\u00e1cil de pasar por alto individualmente. La IA detecta la tendencia y la se\u00f1ala.<\/p>\n\n<p><strong>Detecci\u00f3n de anomal\u00edas:<\/strong><br \/>\nEl gasto en marketing en la oficina de Dallas es 40% m\u00e1s alto de lo normal. Podr\u00eda ser leg\u00edtimo. Podr\u00eda ser un error. En cualquier caso, merece la pena comprobarlo. La IA lo marca.<\/p>\n\n<p><strong>An\u00e1lisis de correlaci\u00f3n:<\/strong><br \/>\nCuando aumentan las ventas, los gastos de env\u00edo suelen aumentar proporcionalmente. Este mes no ha sido as\u00ed. \u00bfPor qu\u00e9 no? La IA se da cuenta y lo cuestiona.<\/p>\n\n<p><strong>Control de umbrales:<\/strong><br \/>\nCualquier cuenta superior a $50K necesita la revisi\u00f3n del CFO. Cualquier desviaci\u00f3n superior a 10% requiere una explicaci\u00f3n. Cualquier margen negativo requiere una investigaci\u00f3n. La IA vigila continuamente y alerta cuando se cruzan los umbrales.<\/p>\n\n<p>Su equipo no puede comprobar manualmente cada partida cada mes. La IA s\u00ed puede. Te llama la atenci\u00f3n sobre las cosas importantes en lugar de dejar que se escondan en enormes conjuntos de datos.<\/p>\n\n\n<h4 class=\"wp-block-heading\">Generaci\u00f3n autom\u00e1tica de informes<\/h4>\n\n\n<p>Una vez que la IA conoce su formato de informe est\u00e1ndar, los crea autom\u00e1ticamente:<\/p>\n\n<p><strong>Paquetes financieros mensuales:<\/strong><br \/>\nCuenta de resultados, balance, flujo de caja, comentario de desviaciones, cuadro de mando de KPI. El mismo formato cada mes. Cifras actualizadas autom\u00e1ticamente.<\/p>\n\n<p><strong>Paquetes de la Junta:<\/strong><br \/>\nResumen ejecutivo, m\u00e9tricas clave, rendimiento del segmento, riesgos y oportunidades. Generados autom\u00e1ticamente, listos para su revisi\u00f3n y perfeccionamiento.<\/p>\n\n<p><strong>Informes de los departamentos:<\/strong><br \/>\nCada departamento tiene su propia cuenta de resultados y m\u00e9tricas. Se generan a partir de la misma fuente de datos. Definiciones coherentes. Sin divisi\u00f3n manual.<\/p>\n\n<p><strong>Vistas personalizadas:<\/strong><br \/>\nVentas quiere ver los ingresos por regi\u00f3n. Operaciones quiere ver los costes por centro. Marketing quiere el ROI por canal. La IA crea cada vista a partir de los mismos datos subyacentes.<\/p>\n\n<p>La IA genera el primer borrador. T\u00fa lo revisas. A\u00f1ade contexto. Ajusta lo que sea necesario. Pero no est\u00e1s construyendo desde cero cada vez.<\/p>\n\n\n<h4 class=\"wp-block-heading\">Responde r\u00e1pidamente a preguntas ad hoc<\/h4>\n\n\n<p>La reuni\u00f3n de la junta directiva es dentro de 30 minutos. Alguien pregunta: \"\u00bfCu\u00e1l es la tendencia de nuestros ingresos en el Medio Oeste para el Producto X en los \u00faltimos 6 trimestres?\"<\/p>\n\n<p>Antes de la IA: P\u00e1nico. Exportar datos. Filtrar. Calcular. Construir un gr\u00e1fico r\u00e1pido. Espero que est\u00e9 bien.<\/p>\n\n<p>Con IA: Haz la pregunta. Obtenga la respuesta en segundos. Comprueba que parece razonable. Mu\u00e9strala a la junta.<\/p>\n\n<p>La IA puede trocear tus datos financieros como le pidas:<\/p>\n<ul>\n<li>Por producto, regi\u00f3n, cliente, canal y periodo.<\/li>\n<li>Con cualquier m\u00e9trica que defina<\/li>\n<li>En tablas, gr\u00e1ficos o narraciones<\/li>\n<li>Exportaci\u00f3n a cualquier formato que necesite<\/li>\n<\/ul>\n\n<p>Ad hoc ya no significa horas de trabajo. Significa preguntas diferentes, misma velocidad.<\/p>\n\n\n<hr class=\"wp-block-separator has-alpha-channel-opacity\"\/>\n\n\n\n<h3 class=\"wp-block-heading\">Lo que esto significa para usted<\/h3>\n\n\n\n<h4 class=\"wp-block-heading\">Para directores financieros<\/h4>\n\n\n<p><strong>Ciclos de cierre m\u00e1s r\u00e1pidos:<\/strong><br \/>\nCuando el montaje de informes es autom\u00e1tico, se cierra m\u00e1s r\u00e1pido. Dos d\u00edas de cierre en lugar de cinco. Misma calidad, menos tiempo.<\/p>\n\n<p><strong>M\u00e1s tiempo para el trabajo estrat\u00e9gico:<\/strong><br \/>\nSu equipo dedica menos tiempo a elaborar informes y m\u00e1s a entender lo que significan. M\u00e1s tiempo en preguntas del tipo \"deber\u00edamos\" en lugar de \"cu\u00e1nto\".<\/p>\n\n<p><strong>Mejor apoyo a la toma de decisiones:<\/strong><br \/>\nCuando se puede responder a las preguntas en minutos en lugar de horas, los l\u00edderes toman decisiones con mejor informaci\u00f3n. Menos conjeturas y m\u00e1s datos.<\/p>\n\n<p><strong>Informes coherentes:<\/strong><br \/>\nSiempre las mismas definiciones. Siempre los mismos c\u00e1lculos. Se acabaron los momentos de \"espera, \u00bfc\u00f3mo calculamos esto el mes pasado?<\/p>\n\n<p><strong>Auditor\u00edas m\u00e1s f\u00e1ciles:<\/strong><br \/>\nLos auditores quieren entender sus cifras. Cuando los informes se generan autom\u00e1ticamente a partir de fuentes de datos verificadas con c\u00e1lculos documentados, es mucho m\u00e1s f\u00e1cil explicarlos y respaldarlos.<\/p>\n\n\n<h4 class=\"wp-block-heading\">Para controladores y gestores contables<\/h4>\n\n\n<p><strong>Dejar de reconstruir los mismos informes:<\/strong><br \/>\nLos paquetes de fin de mes que tardaban dos d\u00edas ahora tardan dos horas. La mayor parte es revisi\u00f3n, no montaje.<\/p>\n\n<p><strong>Detecte los errores antes de que salgan:<\/strong><br \/>\nLa IA marca cosas que no tienen sentido. Tendencias inusuales. C\u00e1lculos err\u00f3neos. Datos que faltan. Usted soluciona los problemas antes de que nadie los vea.<\/p>\n\n<p><strong>Gestione las solicitudes de informes sin que cunda el p\u00e1nico:<\/strong><br \/>\n\"\u00bfPuedes sacar los ingresos por regi\u00f3n de los \u00faltimos tres a\u00f1os por trimestre?\" Antes era un proyecto. Ahora son cinco minutos.<\/p>\n\n<p><strong>C\u00e9ntrate en explicar, no en calcular:<\/strong><br \/>\nTu trabajo consiste en ayudar a la gente a entender los n\u00fameros. Cuando la IA hace los c\u00e1lculos, tienes tiempo para explicar lo que est\u00e1 pasando.<\/p>\n\n\n<h4 class=\"wp-block-heading\">Para analistas financieros<\/h4>\n\n\n<p><strong>Obtenga informaci\u00f3n m\u00e1s r\u00e1pidamente:<\/strong><br \/>\nDeja de dedicar 80% de tu tiempo a manejar datos y 20% al an\u00e1lisis. Invierte esa proporci\u00f3n. La IA procesa. T\u00fa analizas.<\/p>\n\n<p><strong>Explora m\u00e1s escenarios:<\/strong><br \/>\nCuando se pueden realizar an\u00e1lisis en minutos en lugar de horas, se exploran m\u00e1s opciones. M\u00e1s escenarios hipot\u00e9ticos. Se profundiza en patrones interesantes.<\/p>\n\n<p><strong>Haz un trabajo en el que realmente utilices tus habilidades:<\/strong><br \/>\nNo te dedicaste a las finanzas para copiar y pegar datos. Entr\u00f3 en finanzas para comprender el rendimiento empresarial. La IA te permite centrarte en eso.<\/p>\n\n<p><strong>Convi\u00e9rtase en un mejor socio comercial:<\/strong><br \/>\nCuando puede responder r\u00e1pidamente a las preguntas con buenos datos, se convierte en la persona con la que todo el mundo quiere hablar. Ayudar\u00e1 a tomar decisiones en lugar de limitarse a informar de los resultados.<\/p>\n\n\n<hr class=\"wp-block-separator has-alpha-channel-opacity\"\/>\n\n\n\n<h3 class=\"wp-block-heading\">Escenarios comunes de presentaci\u00f3n de informes<\/h3>\n\n\n\n<h4 class=\"wp-block-heading\">Informes de cierre de mes<\/h4>\n\n\n<p>El cierre est\u00e1 hecho. Los libros est\u00e1n cerrados. Ahora comienzan los informes.<\/p>\n\n<p>La IA autom\u00e1ticamente:<\/p>\n<ol>\n<li>Extrae las cifras finales de su ERP<\/li>\n<li>Calcula todas las desviaciones con respecto al presupuesto y a per\u00edodos anteriores<\/li>\n<li>Genera estados de p\u00e9rdidas y ganancias, balances y flujos de caja est\u00e1ndar.<\/li>\n<li>Elabora comentarios sobre las variaciones explicando los principales movimientos<\/li>\n<li>Construye cuadros de mando de KPI con gr\u00e1ficos y tendencias<\/li>\n<li>Formatea todo seg\u00fan tus plantillas<\/li>\n<li>Distribuye los informes a las personas adecuadas<\/li>\n<\/ol>\n\n<p>Su controlador revisa el paquete. A\u00f1ade contexto sobre cuestiones espec\u00edficas. Ajusta los comentarios cuando es necesario. Aprueba la distribuci\u00f3n. Tiempo total: 90 minutos en lugar de dos d\u00edas.<\/p>\n\n\n<h4 class=\"wp-block-heading\">Preparaci\u00f3n de la reuni\u00f3n del Consejo<\/h4>\n\n\n<p>El consejo se re\u00fane trimestralmente. Quieren ver los resultados, las tendencias y las perspectivas.<\/p>\n\n<p>La IA crea:<\/p>\n<ul>\n<li>Resumen con los puntos m\u00e1s destacados<\/li>\n<li>Cuenta de resultados trimestral con an\u00e1lisis de desviaciones<\/li>\n<li>Resultados en lo que va de a\u00f1o<\/li>\n<li>M\u00e9tricas clave y tendencias de los KPI<\/li>\n<li>Desglose de los resultados por segmentos<\/li>\n<li>Resumen de tesorer\u00eda y balance<\/li>\n<li>Gr\u00e1ficos de tendencias y comparaciones<\/li>\n<\/ul>\n\n<p>Su Director Financiero revisa el borrador. A\u00f1ade comentarios estrat\u00e9gicos. Ajusta el \u00e9nfasis en determinados puntos. Prepara temas de debate. Pero el montaje de los datos ya est\u00e1 hecho.<\/p>\n\n\n<h4 class=\"wp-block-heading\">Solicitud de an\u00e1lisis ad hoc<\/h4>\n\n\n<p>Su director general pregunta: \"Me preocupa nuestro margen en la regi\u00f3n occidental. Puede mostrarme la tendencia del margen bruto por regi\u00f3n en los \u00faltimos 8 trimestres, y desglosar los 5 principales productos de cada regi\u00f3n?\".<\/p>\n\n<p>La IA:<\/p>\n<ol>\n<li>Extrae los ingresos y el COGS por regi\u00f3n, producto y trimestre<\/li>\n<li>Calcula el margen bruto de cada combinaci\u00f3n<\/li>\n<li>Identifica los 5 productos m\u00e1s vendidos por regi\u00f3n<\/li>\n<li>Crea gr\u00e1ficos de tendencias que muestran el movimiento de los m\u00e1rgenes<\/li>\n<li>Genera una tabla resumen con las m\u00e9tricas clave<\/li>\n<li>El margen de la regi\u00f3n occidental disminuye 3 puntos, debido principalmente a la presi\u00f3n sobre los precios del producto X.<\/li>\n<\/ol>\n\n<p>Tiempo total: 5 minutos. Lo revisas, compruebas que tiene sentido y se lo env\u00edas al director general. An\u00e1lisis realizado antes incluso de que empiece la reuni\u00f3n.<\/p>\n\n\n<hr class=\"wp-block-separator has-alpha-channel-opacity\"\/>\n\n\n\n<h3 class=\"wp-block-heading\">Lo que la IA no puede hacer<\/h3>\n\n\n<p>La IA es potente para informar, pero tiene l\u00edmites claros:<\/p>\n\n<p><strong>No puede juzgar la presentaci\u00f3n:<\/strong><br \/>\n\u00bfDebemos plantear esta cuesti\u00f3n a la Junta o no? Es una decisi\u00f3n estrat\u00e9gica. La IA te muestra los datos. T\u00fa decides qu\u00e9 destacar.<\/p>\n\n<p><strong>No puede explicar el contexto fuera de los datos:<\/strong><br \/>\n\"Los ingresos han bajado porque nuestro mayor cliente ha sufrido un incendio\" requiere conocimientos ajenos a sus sistemas. La IA no puede saberlo a menos que alguien se lo diga.<\/p>\n\n<p><strong>No puede determinar lo que importa:<\/strong><br \/>\nUna desviaci\u00f3n de 2% puede ser enorme en una partida y carecer de sentido en otra. La IA puede marcar desviaciones, pero t\u00fa decides qu\u00e9 es importante.<\/p>\n\n<p><strong>No puede manejar tipos de an\u00e1lisis completamente nuevos:<\/strong><br \/>\n\u00bfInformes est\u00e1ndar? Perfecto. \u00bfAlgo que nunca has analizado de una forma nueva? Necesitar\u00e1s guiarlo.<\/p>\n\n<p><strong>No puede garantizar la calidad de los datos:<\/strong><br \/>\nSi se introducen datos err\u00f3neos en el ERP, se obtienen datos err\u00f3neos en los informes. Sigue aplic\u00e1ndose el principio de \"basura entrante, basura saliente\". La IA puede detectar anomal\u00edas, pero no puede corregir los datos de origen err\u00f3neos.<\/p>\n\n<p>La IA se encarga del trabajo mec\u00e1nico de forma brillante. El pensamiento estrat\u00e9gico, el contexto empresarial y el juicio siguen requiriendo humanos.<\/p>\n\n\n<hr class=\"wp-block-separator has-alpha-channel-opacity\"\/>\n\n\n\n<h3 class=\"wp-block-heading\">Primeros pasos<\/h3>\n\n\n<p>Empiece por su proceso de elaboraci\u00f3n de informes m\u00e1s doloroso:<\/p>\n\n<p><strong>Elige primero un informe:<\/strong><br \/>\n\u00bfSu paquete de gesti\u00f3n mensual? \u00bfInforme del Consejo? \u00bfInformes de los departamentos? Elija el que le lleve m\u00e1s tiempo o el que se produzca con m\u00e1s frecuencia.<\/p>\n\n<p><strong>Documente el proceso actual:<\/strong><br \/>\n\u00bfDe d\u00f3nde proceden los datos? \u00bfQu\u00e9 c\u00e1lculos se hacen? \u00bfQu\u00e9 formato espera la gente? Comprender el estado actual es esencial.<\/p>\n\n<p><strong>Comience con la automatizaci\u00f3n de la recopilaci\u00f3n de datos:<\/strong><br \/>\nAntes de que la IA escriba comentarios, haz que extraiga datos autom\u00e1ticamente. Demuestra que funciona correctamente.<\/p>\n\n<p><strong>A\u00f1ade c\u00e1lculos a continuaci\u00f3n:<\/strong><br \/>\nUna vez que los datos fluyan con fiabilidad, automatice los c\u00e1lculos est\u00e1ndar. Compruebe que coinciden con sus c\u00e1lculos manuales.<\/p>\n\n<p><strong>A continuaci\u00f3n, a\u00f1ada la generaci\u00f3n de narrativa:<\/strong><br \/>\nUna vez que los n\u00fameros sean correctos, deja que la IA redacte los comentarios. Revisa cada palabra al principio. Aumenta la confianza con el tiempo.<\/p>\n\n<p><strong>Mida el ahorro de tiempo:<\/strong><br \/>\nRegistre el tiempo que tardaron los informes antes y despu\u00e9s. Documente la mejora. Util\u00edzalo para justificar la ampliaci\u00f3n a m\u00e1s informes.<\/p>\n\n<p>No es necesario automatizarlo todo a la vez. Empiece con un informe. Demuestre su valor. A partir de ah\u00ed, ampl\u00edelo.<\/p>\n\n\n<hr class=\"wp-block-separator has-alpha-channel-opacity\"\/>\n\n\n\n<h3 class=\"wp-block-heading\">\u00bfPreparado para dedicar menos tiempo a crear informes?<\/h3>\n\n\n<p>Cada empresa tiene necesidades de informaci\u00f3n diferentes. Diferentes sistemas. Formatos diferentes. Diferentes audiencias.<\/p>\n<p>No vendemos plantillas gen\u00e9ricas de informes. Estudiamos sus informes espec\u00edficos. Sus fuentes de datos. Sus necesidades.<\/p>\n<p>A continuaci\u00f3n, creamos informes basados en IA que funcionan exactamente como usted necesita. Los mismos resultados que produce ahora. Una fracci\u00f3n del tiempo.<\/p>\n<p>Empezamos con un informe. Demostrar que funciona. Luego ampliamos. Sin proyectos de transformaci\u00f3n masiva. S\u00f3lo automatizaci\u00f3n pr\u00e1ctica que ahorra tiempo a su equipo.<\/p>\n\n<p><strong><a href=\"https:\/\/www.leaplytics.de\/es\/kontakt\/\">H\u00e1blenos de su proceso de elaboraci\u00f3n de informes<\/a><\/strong><\/p>\n\n<p><a href=\"https:\/\/www.leaplytics.de\/es\/finanzas-ai\/\">Volver a Finanzas AI Overview<\/a><\/p>","protected":false},"excerpt":{"rendered":"<p>AI for Financial Reporting &#038; Analysis: Less Assembly, More Insight Financial reporting is essential. It&#8217;s how you know what happened. It&#8217;s how leadership makes decisions. It&#8217;s how the board evaluates performance. It&#8217;s also incredibly repetitive. Pull data from five different systems. Export to Excel. Clean it up. Calculate variances. Build the same tables you built &hellip; <\/p>","protected":false},"author":2,"featured_media":0,"parent":0,"menu_order":0,"comment_status":"closed","ping_status":"closed","template":"","meta":{"footnotes":""},"class_list":["post-14435","page","type-page","status-publish","hentry","latest_post"],"_links":{"self":[{"href":"https:\/\/www.leaplytics.de\/es\/wp-json\/wp\/v2\/pages\/14435","targetHints":{"allow":["GET"]}}],"collection":[{"href":"https:\/\/www.leaplytics.de\/es\/wp-json\/wp\/v2\/pages"}],"about":[{"href":"https:\/\/www.leaplytics.de\/es\/wp-json\/wp\/v2\/types\/page"}],"author":[{"embeddable":true,"href":"https:\/\/www.leaplytics.de\/es\/wp-json\/wp\/v2\/users\/2"}],"replies":[{"embeddable":true,"href":"https:\/\/www.leaplytics.de\/es\/wp-json\/wp\/v2\/comments?post=14435"}],"version-history":[{"count":1,"href":"https:\/\/www.leaplytics.de\/es\/wp-json\/wp\/v2\/pages\/14435\/revisions"}],"predecessor-version":[{"id":14436,"href":"https:\/\/www.leaplytics.de\/es\/wp-json\/wp\/v2\/pages\/14435\/revisions\/14436"}],"wp:attachment":[{"href":"https:\/\/www.leaplytics.de\/es\/wp-json\/wp\/v2\/media?parent=14435"}],"curies":[{"name":"wp","href":"https:\/\/api.w.org\/{rel}","templated":true}]}}