{"id":14442,"date":"2025-12-19T01:44:53","date_gmt":"2025-12-19T00:44:53","guid":{"rendered":"https:\/\/www.leaplytics.de\/?page_id=14442"},"modified":"2025-12-19T01:44:54","modified_gmt":"2025-12-19T00:44:54","slug":"administracion-de-rrhh-cumplimiento-ai","status":"publish","type":"page","link":"https:\/\/www.leaplytics.de\/es\/administracion-de-rrhh-cumplimiento-ai\/","title":{"rendered":"Administraci\u00f3n de RRHH y Cumplimiento AI"},"content":{"rendered":"<h2>IA para la administraci\u00f3n y el cumplimiento de RRHH: Deje de preocuparse por las auditor\u00edas<\/h2>\n\n<p>RRHH funciona con documentos y normas. Contratos de empleados. Certificados de formaci\u00f3n. Reconocimientos de pol\u00edticas. Formularios I-9. Verificaciones de antecedentes. Planes de mejora del rendimiento. Cada empleado tiene un expediente. Cada expediente tiene requisitos.<\/p>\n<p>\u00bfSe ha perdido algo? Eso es una violaci\u00f3n de cumplimiento. Auditor\u00eda fallida. Posible demanda. Multa cara.<\/p>\n<p>Llevar la cuenta manualmente es imposible. Las hojas de c\u00e1lculo se estropean. La gente se olvida. Los requisitos cambian. Los Estados tienen normas diferentes. Las certificaciones caducan. La formaci\u00f3n se retrasa.<\/p>\n<p>RRHH dedica much\u00edsimo tiempo al seguimiento y la persecuci\u00f3n. \"\u00bfHa firmado todo el mundo el manual actualizado?\". \"\u00bfEst\u00e1n al d\u00eda todos los permisos de manipulaci\u00f3n de alimentos? \"\u00bfQu\u00e9 empleados deben recibir formaci\u00f3n sobre acoso?<\/p>\n<p>La IA se encarga de esto. Rastrea cada documento. Supervisa cada requisito. Se\u00f1ala todas las lagunas. Env\u00eda recordatorios. Genera todos los informes. Autom\u00e1ticamente.<\/p>\n<p>Su equipo deja de perseguir papeleo y jugar a la defensiva. Las auditor\u00edas se simplifican. El cumplimiento de las normativas se vuelve manejable. El riesgo disminuye.<\/p>\n\n\n<hr class=\"wp-block-separator has-alpha-channel-opacity\"\/>\n\n\n\n<h3 class=\"wp-block-heading\">Por qu\u00e9 la administraci\u00f3n de RRHH es tan estresante<\/h3>\n\n\n<p>La administraci\u00f3n de RRHH es un trabajo de detalle. Si te saltas un detalle, hay consecuencias.<\/p>\n<p>Todo empleado necesita ciertos documentos. Contrato de trabajo. Formularios fiscales. Verificaci\u00f3n I-9. Verificaci\u00f3n de antecedentes. Reconocimientos de pol\u00edticas. Descripci\u00f3n del puesto. Certificaciones, si son necesarias. Registros de formaci\u00f3n.<\/p>\n<p>No basta con que existan: deben ser actuales. Completos. Debidamente archivados. Accesibles cuando se necesiten. Conservados durante periodos espec\u00edficos en funci\u00f3n de la normativa.<\/p>\n<p>En una empresa peque\u00f1a, una sola persona puede encargarse de ello. \u00bfEn una empresa en crecimiento? Imposible. Demasiados empleados. Demasiados requisitos. Demasiados cambios.<\/p>\n<p>Los documentos viven en diferentes lugares. Algunos en el HRIS. Algunos en el correo electr\u00f3nico. Algunos en unidades compartidas. Otros en los archivos de los directivos. Encontrar lo que necesitas durante una auditor\u00eda es una pesadilla.<\/p>\n<p>Los requisitos de cumplimiento cambian constantemente. \u00bfNueva legislaci\u00f3n laboral? Actualice las pol\u00edticas. \u00bfNuevo requisito de certificaci\u00f3n? Realice un seguimiento. \u00bfNuevo mandato de formaci\u00f3n? As\u00edgnela. \u00bfQui\u00e9n se encarga de todo esto? Normalmente un director de RRHH abrumado con una hoja de c\u00e1lculo.<\/p>\n<p>Luego est\u00e1n los vencimientos. Las certificaciones caducan. Las comprobaciones de antecedentes caducan. La formaci\u00f3n caduca. Si no se detectan, se incumple la normativa. \u00bfC\u00f3mo se detectan? Seguimiento manual. Recordatorios en el calendario. Espero que no se te pase nada.<\/p>\n<p>Las auditor\u00edas inducen al p\u00e1nico. \"Ens\u00e9\u00f1ame los I-9 de todos los empleados contratados en los \u00faltimos tres a\u00f1os\". \u00bfPuede encontrarlos todos? \u00bfEst\u00e1n completos? \u00bfEst\u00e1n correctamente cumplimentados? Si no, aqu\u00ed vienen las multas.<\/p>\n<p>Esto no es un problema porque RRHH haga mal su trabajo. Es un problema porque el seguimiento manual no es escalable. La IA lo soluciona.<\/p>\n\n\n<hr class=\"wp-block-separator has-alpha-channel-opacity\"\/>\n\n\n\n<h3 class=\"wp-block-heading\">Qu\u00e9 aporta la IA a la administraci\u00f3n de RRHH<\/h3>\n\n\n<p>La IA no sustituye a los administradores de RRHH. Elimina el estr\u00e9s constante de hacer un seguimiento manual de todo. He aqu\u00ed c\u00f3mo.<\/p>\n\n\n<h4 class=\"wp-block-heading\">Organizaci\u00f3n de documentos que realmente funciona<\/h4>\n\n\n<p>La IA organiza autom\u00e1ticamente todos los documentos de los empleados.<\/p>\n<p>El documento llega: lo carga el empleado, lo env\u00eda el jefe, lo escanea RRHH, se env\u00eda por correo electr\u00f3nico. La IA lo ingiere. Lo lee. Entiende de qu\u00e9 se trata. Lo archiva en el registro de empleado correcto, en la categor\u00eda correcta.<\/p>\n<p>\u00bfContrato de trabajo? Archivado en contratos. \u00bfCertificado de formaci\u00f3n? Archivado en desarrollo con fecha de finalizaci\u00f3n extra\u00edda. \u00bfReconocimiento de la pol\u00edtica? Archivado bajo cumplimiento con fecha de firma capturada.<\/p>\n<p>La IA extrae datos clave: fechas, nombres, n\u00fameros de certificaci\u00f3n, fechas de caducidad, firmas. Esto permite realizar b\u00fasquedas y elaborar informes.<\/p>\n<p>\u00bfNecesita encontrar a todos los empleados cuyos permisos de manipulador de alimentos caducan en los pr\u00f3ximos 30 d\u00edas? La b\u00fasqueda dura tres segundos. \u00bfNecesita sacar todas las evaluaciones de rendimiento de 2023? Al instante. \u00bfNecesita mostrar los I-9 de un periodo de contrataci\u00f3n concreto? Listo de inmediato.<\/p>\n<p>Se acab\u00f3 rebuscar en las carpetas. Se acab\u00f3 el \"s\u00e9 que tenemos ese documento en alguna parte\". Todo est\u00e1 organizado, se pueden hacer b\u00fasquedas y se puede acceder a \u00e9l al instante.<\/p>\n<p>Esto tambi\u00e9n detecta problemas. Avisos de AI: \"A este I-9 le falta la firma de la Secci\u00f3n 2\". \"Este contrato no tiene fecha de inicio\". \"Esta carga de certificaci\u00f3n es ilegible\". Lo marca inmediatamente para que RRHH pueda arreglarlo mientras a\u00fan hay tiempo.<\/p>\n\n\n<h4 class=\"wp-block-heading\">Seguimiento de los requisitos de conformidad<\/h4>\n\n\n<p>Diferentes funciones tienen diferentes requisitos. Cada lugar tiene una normativa diferente. Llevar la cuenta manualmente es un trabajo a tiempo completo.<\/p>\n<p>La IA lo rastrea todo autom\u00e1ticamente.<\/p>\n<p>Usted configura las reglas una vez: \"Todos los empleados de California necesitan formaci\u00f3n en prevenci\u00f3n del acoso sexual cada 2 a\u00f1os\". \"Todos los conductores necesitan que se compruebe anualmente la validez de sus permisos\". \"Todos los directivos necesitan formaci\u00f3n documentada sobre gesti\u00f3n del rendimiento en los 90 d\u00edas siguientes al ascenso\".<\/p>\n<p>La IA supervisa el cumplimiento de todos los requisitos por parte de cada empleado.<\/p>\n<p>Sabe: \"El permiso de manipulador de alimentos de este empleado caduca en 45 d\u00edas\". \"Este encargado no ha completado la formaci\u00f3n requerida en el plazo de 90 d\u00edas\". \"La verificaci\u00f3n de antecedentes de este contratista es m\u00e1s antigua de lo que permite la pol\u00edtica\".<\/p>\n<p>Alerta antes de que las cosas se retrasen. No el d\u00eda del vencimiento, cuando ya es demasiado tarde. 60 d\u00edas antes. 30 d\u00edas antes. 14 d\u00edas antes. Escala los recordatorios hasta que est\u00e9 solucionado.<\/p>\n<p>Hace un seguimiento de lo que se ha completado: \"23 empleados han completado el reconocimiento del manual actualizado. 7 pendientes\". Puedes ver exactamente qui\u00e9n tiene que hacer qu\u00e9.<\/p>\n<p>Durante las auditor\u00edas, puede demostrar el cumplimiento al instante. \"Mu\u00e9streme que todos los empleados han completado la formaci\u00f3n requerida\". Listo. Saque el informe. Aqu\u00ed est\u00e1, con las fechas de finalizaci\u00f3n y los certificados.<\/p>\n\n\n<h4 class=\"wp-block-heading\">Supervisi\u00f3n de los cambios reglamentarios<\/h4>\n\n\n<p>La legislaci\u00f3n laboral cambia constantemente. Nuevos requisitos. Normativa actualizada. Diferentes normas en diferentes jurisdicciones.<\/p>\n<p>\u00bfC\u00f3mo te mantienes al d\u00eda? Normalmente no lo haces, hasta que surge algo en una auditor\u00eda o un abogado lo se\u00f1ala.<\/p>\n<p>La IA supervisa los cambios normativos relevantes para su empresa.<\/p>\n<p>Realiza un seguimiento de las actualizaciones de la legislaci\u00f3n laboral en sus ubicaciones. Identifica los cambios que afectan a sus pol\u00edticas o pr\u00e1cticas. Le avisa: \"La nueva ley de California exige la divulgaci\u00f3n del rango salarial en las ofertas de empleo a partir del 1 de enero\".<\/p>\n<p>No ofrece asesoramiento jur\u00eddico, para eso sigue necesitando un abogado. Pero te da informaci\u00f3n para que puedas actuar de forma proactiva en lugar de que te pille desprevenido.<\/p>\n<p>Esto es especialmente valioso para las empresas de varios estados o internacionales. Las normativas de cada lugar son diferentes. \u00bfIntentar hacer un seguimiento manual de todas ellas? Imposible. La IA lo hace autom\u00e1ticamente.<\/p>\n\n\n<h4 class=\"wp-block-heading\">Generaci\u00f3n de informes de RRHH<\/h4>\n\n\n<p>Los informes son constantes en RRHH. Informes de recuento de personal. An\u00e1lisis de rotaci\u00f3n. M\u00e9tricas de diversidad. Estado de cumplimiento. Finalizaci\u00f3n de la formaci\u00f3n. Tiempo de contrataci\u00f3n. Coste por contrataci\u00f3n. Inscripci\u00f3n en beneficios.<\/p>\n<p>Cada informe requiere extraer datos de los sistemas. Limpiarlos. Calcular m\u00e9tricas. Darles formato. Esto lleva horas. Cuando terminas, los datos ya est\u00e1n obsoletos.<\/p>\n<p>La IA genera informes autom\u00e1ticamente.<\/p>\n<p>Usted define lo que necesita una vez. La IA extrae los datos. Calcula las m\u00e9tricas. Genera el informe. Seg\u00fan lo programado: semanal, mensual, trimestral, lo que necesite.<\/p>\n<p>\u00bfInforme de recuento cada lunes por la ma\u00f1ana? Autom\u00e1ticamente. \u00bfAn\u00e1lisis de rotaci\u00f3n al final de cada mes? Se genera sin que nadie lo toque. \u00bfPanel de control del cumplimiento actualizado a diario? Siempre al d\u00eda.<\/p>\n<p>Los informes son precisos porque no hay introducci\u00f3n manual de datos. Son puntuales porque est\u00e1n automatizados. Y RRHH no pasa horas cre\u00e1ndolos cada vez.<\/p>\n<p>Cuando los ejecutivos o los miembros del consejo de administraci\u00f3n quieren m\u00e9tricas de RR.HH., usted las tiene listas. No un \"d\u00e9jame que lo prepare y te lo cuento en una semana\". Simplemente \"aqu\u00ed est\u00e1n\".<\/p>\n\n\n<h4 class=\"wp-block-heading\">Auditor\u00eda de la documentaci\u00f3n y detecci\u00f3n de lagunas<\/h4>\n\n\n<p>\u00bfEst\u00e1n completos todos los expedientes de los empleados? \u00bfSe obtienen las firmas necesarias? \u00bfSe conservan correctamente los documentos?<\/p>\n<p>Comprobarlo manualmente es tedioso. Tendr\u00edas que revisar todos los expedientes de los empleados. Comprobar cada requisito. Marcar todas las lagunas. La mayor\u00eda de las empresas no lo hacen hasta que se anuncia una auditor\u00eda. Entonces entra el p\u00e1nico.<\/p>\n<p>AI audita continuamente la documentaci\u00f3n.<\/p>\n<p>Comprueba que todos los expedientes de los empleados cumplen los requisitos. Se\u00f1ala las lagunas: \"A 15 empleados les faltan cartas de oferta firmadas\". \"8 empleados tienen certificados de formaci\u00f3n que expiran en los pr\u00f3ximos 30 d\u00edas\". \"A 3 expedientes les falta el I-9 Secci\u00f3n 2\".<\/p>\n<p>Prioriza los problemas por riesgo. \u00bfFalta el I-9? Alto riesgo, marcar inmediatamente. \u00bfNo se ha escaneado una revisi\u00f3n de rendimiento antigua? Riesgo bajo, a\u00f1adir a la lista de limpieza.<\/p>\n<p>En lugar de sentir p\u00e1nico ante las auditor\u00edas, tendr\u00e1 visibilidad continua. Puede ver: \"La documentaci\u00f3n de los empleados est\u00e1 94% completa. Aqu\u00ed est\u00e1n las 6% que faltan\". Y puede resolverlas sistem\u00e1ticamente.<\/p>\n<p>Cuando se produce una auditor\u00eda real, est\u00e1s preparado. Los archivos est\u00e1n completos. La documentaci\u00f3n est\u00e1 al d\u00eda. Todo est\u00e1 localizable. Las auditor\u00edas pasan de ser estresantes a rutinarias.<\/p>\n\n\n<hr class=\"wp-block-separator has-alpha-channel-opacity\"\/>\n\n\n\n<h3 class=\"wp-block-heading\">Lo que esto significa para usted<\/h3>\n\n\n\n<h4 class=\"wp-block-heading\">Para directores de RRHH y responsables de personal<\/h4>\n\n\n<ul>\n<li><strong>Registros listos para la auditor\u00eda.<\/strong> En cualquier momento. Sin p\u00e1nico. Los archivos est\u00e1n completos y organizados. La documentaci\u00f3n se encuentra al instante.<\/li>\n<li><strong>Menor riesgo de cumplimiento.<\/strong> La supervisi\u00f3n continua detecta las lagunas antes de que se conviertan en infracciones. Nada se escapa.<\/li>\n<li><strong>Clara visibilidad de las m\u00e9tricas de RR.HH.<\/strong> Informes generados autom\u00e1ticamente. Siempre actualizados. Sin extracci\u00f3n manual de datos.<\/li>\n<li><strong>Reducci\u00f3n de los gastos administrativos.<\/strong> Menos tiempo en el archivo y seguimiento de documentos. M\u00e1s tiempo para el trabajo estrat\u00e9gico de RRHH.<\/li>\n<li><strong>Duerme mejor.<\/strong> En serio. Cuando sabes que se controla el cumplimiento de la normativa y que los documentos est\u00e1n organizados, el estr\u00e9s disminuye dr\u00e1sticamente.<\/li>\n<li><strong>Escalabilidad.<\/strong> \u00bfLa empresa duplica su tama\u00f1o? La IA se encarga. Misma calidad de documentaci\u00f3n y seguimiento del cumplimiento.<\/li>\n<\/ul>\n\n\n<h4 class=\"wp-block-heading\">Para gestores y administradores de RRHH<\/h4>\n\n\n<ul>\n<li><strong>Deje de buscar documentos.<\/strong> Todo est\u00e1 organizado y permite realizar b\u00fasquedas. Encuentre lo que necesita en segundos.<\/li>\n<li><strong>Conf\u00ede en que se realiza un seguimiento del cumplimiento.<\/strong> El sistema lo supervisa todo. Recibe alertas sobre lo que necesita atenci\u00f3n, no preocupaciones constantes.<\/li>\n<li><strong>Menos tiempo en la introducci\u00f3n manual de datos.<\/strong> Documentos procesados autom\u00e1ticamente. Extracci\u00f3n autom\u00e1tica de datos. Reducci\u00f3n dr\u00e1stica de los errores.<\/li>\n<li><strong>C\u00e9ntrese en las personas, no en el papeleo.<\/strong> La carga administrativa disminuye. Puedes dedicarte al trabajo real de RRHH, no a la interminable b\u00fasqueda de documentos.<\/li>\n<li><strong>Se acab\u00f3 el p\u00e1nico previo a la auditor\u00eda.<\/strong> Los archivos est\u00e1n siempre listos. La documentaci\u00f3n siempre est\u00e1 actualizada. Las auditor\u00edas se convierten en rutina.<\/li>\n<\/ul>\n\n\n<h4 class=\"wp-block-heading\">Para las empresas<\/h4>\n\n\n<ul>\n<li><strong>Reducci\u00f3n del riesgo legal.<\/strong> Seguimiento adecuado del cumplimiento. Documentaci\u00f3n completa. Menor probabilidad de infracciones y multas.<\/li>\n<li><strong>Documentaci\u00f3n adecuada en los litigios.<\/strong> Si hay una disputa entre empleados o un problema legal, tienes la documentaci\u00f3n. Completa y organizada.<\/li>\n<li><strong>Pruebas de buenas pr\u00e1cticas.<\/strong> En litigios o auditor\u00edas, puede demostrar que hizo las cosas bien. Registros claros. Procesos adecuados.<\/li>\n<li><strong>Mejores datos de RRHH para la toma de decisiones.<\/strong> M\u00e9tricas precisas sobre plantilla, rotaci\u00f3n, diversidad y formaci\u00f3n. Tome decisiones basadas en datos, no en conjeturas.<\/li>\n<li><strong>Uso eficiente de los recursos de RRHH.<\/strong> Menos tiempo en administraci\u00f3n significa m\u00e1s tiempo en programas que realmente desarrollen el talento y mejoren la cultura.<\/li>\n<\/ul>\n\n\n<hr class=\"wp-block-separator has-alpha-channel-opacity\"\/>\n\n\n\n<h3 class=\"wp-block-heading\">Lo que la IA no har\u00e1<\/h3>\n\n\n<p>Seamos claros sobre lo que la IA no puede manejar.<\/p>\n<p>La IA no proporciona asesoramiento jur\u00eddico. Puede rastrear requisitos y detectar lagunas, pero no puede decirte c\u00f3mo interpretar normativas complejas. Para eso sigue necesitando un asesor jur\u00eddico.<\/p>\n<p>La IA no juzga las pol\u00edticas de RRHH. \u00bfDeber\u00edas prorrogar el contrato de trabajo de alguien? Esa es una decisi\u00f3n empresarial, no una decisi\u00f3n de la IA. La IA s\u00f3lo se asegura de que la documentaci\u00f3n se gestiona correctamente una vez que usted lo decide.<\/p>\n<p>La IA no puede arreglar los malos procesos. Si su proceso de documentaci\u00f3n de RR.HH. est\u00e1 fundamentalmente roto -documentos dispersos por todas partes, sin procedimientos coherentes, sin requisitos claros- la IA no lo arreglar\u00e1 por arte de magia. Primero hay que establecer procesos adecuados. Despu\u00e9s, la IA hace que esos procesos sean escalables y fiables.<\/p>\n<p>Y la IA sigue necesitando supervisi\u00f3n humana. Puede avisar de que falta un documento, pero alguien tiene que hacer un seguimiento y conseguirlo. Puede alertar de que la formaci\u00f3n est\u00e1 pendiente, pero alguien tiene que asegurarse de que el empleado la complete.<\/p>\n<p>La IA se encarga del seguimiento y la organizaci\u00f3n. Los humanos se encargan del juicio y el seguimiento.<\/p>\n\n\n<hr class=\"wp-block-separator has-alpha-channel-opacity\"\/>\n\n\n\n<h3 class=\"wp-block-heading\">Impacto en el mundo real<\/h3>\n\n\n<p>\u00bfC\u00f3mo se ve esto en la pr\u00e1ctica?<\/p>\n<p>Una empresa en crecimiento implementa la IA para la administraci\u00f3n de RRHH. Antes: RRHH dedicaba entre 15 y 20 horas semanales a la organizaci\u00f3n de documentos, el seguimiento del cumplimiento y la elaboraci\u00f3n de informes. Despu\u00e9s: 3-5 horas. Esto supone un ahorro de 10-15 horas semanales. B\u00e1sicamente, medio ETC.<\/p>\n<p>Durante una auditor\u00eda inesperada del DOL, est\u00e1n preparados. Obtenci\u00f3n de I-9 completos en cuesti\u00f3n de minutos. Los registros de formaci\u00f3n se producen inmediatamente. El auditor comenta lo organizados que est\u00e1n sus registros. No se detectan infracciones. Ninguna multa.<\/p>\n<p>Las lagunas de cumplimiento pasan de ser \"docenas que probablemente desconocemos\" a \"tres asuntos pendientes marcados por el sistema, que ya se est\u00e1n abordando\".<\/p>\n<p>\u00bfInformes de RRHH cuya elaboraci\u00f3n sol\u00eda llevar un d\u00eda entero? Se generan autom\u00e1ticamente. Los ejecutivos obtienen su cuadro de mando mensual de RR.HH. sin que RR.HH. tenga que dedicar tiempo a crearlo.<\/p>\n<p>La cumplimentaci\u00f3n de la documentaci\u00f3n de las nuevas contrataciones mejora de 85% (demasiadas cosas se quedan en el tintero) a 98% (el sistema hace un seguimiento y lo recuerda hasta que est\u00e1 hecho).<\/p>\n<p>Esto no es hipot\u00e9tico. Esto es lo que ocurre cuando la IA gestiona adecuadamente la administraci\u00f3n de RRHH.<\/p>\n\n\n<hr class=\"wp-block-separator has-alpha-channel-opacity\"\/>\n\n\n\n<h3 class=\"wp-block-heading\">Primeros pasos<\/h3>\n\n\n<p>No es necesario automatizar todo a la vez. Empieza por tu punto m\u00e1s problem\u00e1tico.<\/p>\n<p>Para la mayor\u00eda de las empresas, eso es la organizaci\u00f3n de documentos. Lo primero es organizar los documentos y facilitar las b\u00fasquedas. S\u00f3lo eso ya aporta un valor enorme.<\/p>\n<p>O tal vez sea el seguimiento del cumplimiento. Elija un requisito cr\u00edtico -certificaciones, formaci\u00f3n, I-9- y haga que AI lo controle. Demuestre su valor. Despu\u00e9s, ampl\u00edelo.<\/p>\n<p>O quiz\u00e1 sea la elaboraci\u00f3n de informes. Automatice primero los informes que m\u00e1s tiempo consumen. Demuestre que funciona. Luego a\u00f1ada m\u00e1s.<\/p>\n<p>Elige una pieza. P\u00f3ngala en pr\u00e1ctica. Mida el tiempo ahorrado y el riesgo reducido. A continuaci\u00f3n, ampl\u00edela sistem\u00e1ticamente.<\/p>\n<p>La administraci\u00f3n de RRHH de cada empresa es diferente. Sus documentos tienen determinados formatos. Sus requisitos de cumplimiento son espec\u00edficos de su sector y sus ubicaciones. Sus necesidades de informaci\u00f3n son exclusivas de su empresa.<\/p>\n<p>Por eso, la IA para la gesti\u00f3n de RRHH no es una soluci\u00f3n \u00fanica. Debe configurarse en funci\u00f3n de sus necesidades reales. Sus flujos de trabajo reales. Sus documentos y sistemas reales.<\/p>\n\n\n<hr class=\"wp-block-separator has-alpha-channel-opacity\"\/>\n\n\n\n<h3 class=\"wp-block-heading\">Lo esencial<\/h3>\n\n\n<p>La administraci\u00f3n de RRHH no es glamurosa. Pero es fundamental. Una mala administraci\u00f3n conlleva incumplimientos, riesgos legales, auditor\u00edas fallidas y p\u00e9rdida de tiempo.<\/p>\n<p>La IA no elimina la administraci\u00f3n de RRHH. La hace manejable. Los documentos se organizan autom\u00e1ticamente. Seguimiento continuo del cumplimiento. Las lagunas se detectan antes de que se conviertan en problemas. Informes generados sin esfuerzo manual.<\/p>\n<p>El resultado: menos riesgos, menos estr\u00e9s, m\u00e1s tiempo para el trabajo estrat\u00e9gico y confianza en que las cosas se gestionan correctamente.<\/p>\n<p>No es una exageraci\u00f3n. Eso es lo que la IA hace por la administraci\u00f3n de RRHH cuando se aplica correctamente.<\/p>\n\n\n<hr class=\"wp-block-separator has-alpha-channel-opacity\"\/>\n\n\n\n<h3 class=\"wp-block-heading\">\u00bfEst\u00e1 preparado para dejar de preocuparse por el cumplimiento de la normativa de RRHH?<\/h3>\n\n\n<p>No vendemos sistemas gen\u00e9ricos de gesti\u00f3n de documentos. Nos fijamos en sus requisitos de cumplimiento espec\u00edficos. Sus tipos de documentos. Sus necesidades de informaci\u00f3n. Sus \u00e1reas de riesgo.<\/p>\n<p>A continuaci\u00f3n, creamos una IA que se adapte a sus retos reales de administraci\u00f3n de RRHH. No se trata de un sistema gen\u00e9rico, sino de uno configurado para el funcionamiento real de su empresa.<\/p>\n<p>Sin exageraciones. Sin exageraciones. Solo IA pr\u00e1ctica que hace que la administraci\u00f3n de RRHH sea menos estresante y m\u00e1s fiable.<\/p>\n\n<p><a href=\"https:\/\/www.leaplytics.de\/es\/kontakt\/\">Hablemos de sus retos en la administraci\u00f3n de RRHH<\/a><\/p>\n\n<p><a href=\"https:\/\/www.leaplytics.de\/es\/recursos-humanos-ai\/\">Volver a Soluciones de IA para RRHH<\/a><\/p>","protected":false},"excerpt":{"rendered":"<p>AI for HR Administration &#038; Compliance: Stop Worrying About Audits HR runs on documents and rules. Employee contracts. Training certifications. Policy acknowledgments. I-9 forms. Background checks. Performance improvement plans. Every employee has a file. Every file has requirements. Miss something? That&#8217;s a compliance violation. Failed audit. Potential lawsuit. Expensive fine. Keeping track manually is impossible. &hellip; <\/p>","protected":false},"author":2,"featured_media":0,"parent":0,"menu_order":0,"comment_status":"closed","ping_status":"closed","template":"","meta":{"footnotes":""},"class_list":["post-14442","page","type-page","status-publish","hentry","latest_post"],"_links":{"self":[{"href":"https:\/\/www.leaplytics.de\/es\/wp-json\/wp\/v2\/pages\/14442","targetHints":{"allow":["GET"]}}],"collection":[{"href":"https:\/\/www.leaplytics.de\/es\/wp-json\/wp\/v2\/pages"}],"about":[{"href":"https:\/\/www.leaplytics.de\/es\/wp-json\/wp\/v2\/types\/page"}],"author":[{"embeddable":true,"href":"https:\/\/www.leaplytics.de\/es\/wp-json\/wp\/v2\/users\/2"}],"replies":[{"embeddable":true,"href":"https:\/\/www.leaplytics.de\/es\/wp-json\/wp\/v2\/comments?post=14442"}],"version-history":[{"count":1,"href":"https:\/\/www.leaplytics.de\/es\/wp-json\/wp\/v2\/pages\/14442\/revisions"}],"predecessor-version":[{"id":14447,"href":"https:\/\/www.leaplytics.de\/es\/wp-json\/wp\/v2\/pages\/14442\/revisions\/14447"}],"wp:attachment":[{"href":"https:\/\/www.leaplytics.de\/es\/wp-json\/wp\/v2\/media?parent=14442"}],"curies":[{"name":"wp","href":"https:\/\/api.w.org\/{rel}","templated":true}]}}