{"id":14462,"date":"2025-12-19T01:51:26","date_gmt":"2025-12-19T00:51:26","guid":{"rendered":"https:\/\/www.leaplytics.de\/?page_id=14462"},"modified":"2025-12-19T01:51:26","modified_gmt":"2025-12-19T00:51:26","slug":"revision-de-documentos-investigacion-de-litigios-ai","status":"publish","type":"page","link":"https:\/\/www.leaplytics.de\/es\/revision-de-documentos-investigacion-de-litigios-ai\/","title":{"rendered":"Revisi\u00f3n de documentos Litigios e investigaciones AI"},"content":{"rendered":"<h2>IA para la revisi\u00f3n de documentos en litigios e investigaciones: Encuentre la aguja sin leer cada trozo de heno<\/h2>\n\n<p>Los casos judiciales implican documentos. Miles de ellos. A veces millones.<\/p>\n<p>Correos electr\u00f3nicos. Archivos adjuntos. PDFs. Registros de chat. Mensajes de texto. Presentaciones. Hojas de c\u00e1lculo. Fotos con texto. Contratos. Notas de reuniones.<\/p>\n<p>Todo necesita revisi\u00f3n. Todo necesita clasificaci\u00f3n. Relevante o no. Privilegiado o no. Sensible o no. Documento caliente o ruido.<\/p>\n<p>Esto es eDiscovery. Es esencial. Es alucinante. Y es caro.<\/p>\n<p>La IA cambia las matem\u00e1ticas. Lo lee todo. Ordena el mont\u00f3n. Encuentra patrones. Marca lo que importa. Resume los hilos.<\/p>\n<p>Sus revisores se centran en los documentos que realmente necesitan un juicio humano. El caso avanza m\u00e1s r\u00e1pido. Los costes siguen siendo manejables.<\/p>\n\n\n<hr class=\"wp-block-separator has-alpha-channel-opacity\"\/>\n\n\n\n<h3 class=\"wp-block-heading\">El problema de la revisi\u00f3n de documentos<\/h3>\n\n\n<p>Los litigios modernos generan enormes vol\u00famenes de documentos. Un caso de tama\u00f1o medio: 50.000 documentos. Un caso grande: millones.<\/p>\n<p>Todo documento necesita ojos. \u00bfEs relevante para el caso? \u00bfContiene informaci\u00f3n privilegiada? \u00bfResponde a las solicitudes de presentaci\u00f3n de pruebas? \u00bfContiene pruebas irrefutables?<\/p>\n\n<p>El enfoque tradicional:<\/p>\n<ul>\n<li>Contratar a un equipo de abogados especializados en contratos<\/li>\n<li>Crear protocolos de revisi\u00f3n<\/li>\n<li>Formar a los revisores sobre lo que deben buscar<\/li>\n<li>Revisar los documentos uno por uno<\/li>\n<li>Codifique cada documento (relevante\/no relevante, privilegiado\/no privilegiado, etc.)<\/li>\n<li>Control de calidad de una muestra<\/li>\n<li>Repetir durante miles de horas<\/li>\n<\/ul>\n\n<p>Coste: $50-150 por hora y revisor. Tiempo: Semanas o meses. Calidad: Depende del cansancio y la atenci\u00f3n del revisor.<\/p>\n<p>\u00bfOlvidas algo importante? El caso podr\u00eda perderse. \u00bfIncluyes algo confidencial? Acabas de renunciar al privilegio.<\/p>\n<p>Hay mucho en juego. El volumen es aplastante. Los plazos son ajustados.<\/p>\n\n\n<hr class=\"wp-block-separator has-alpha-channel-opacity\"\/>\n\n\n\n<h3 class=\"wp-block-heading\">Qu\u00e9 aporta la IA a la revisi\u00f3n de documentos<\/h3>\n\n\n<p>La IA no se cansa. No se aburre. Lee cada palabra de cada documento y aplica una l\u00f3gica coherente.<\/p>\n<p>Esto es lo que ocurre en realidad:<\/p>\n\n\n<h4 class=\"wp-block-heading\">1. Clasificaci\u00f3n autom\u00e1tica de la relevancia<\/h4>\n\n\n<p>La IA lee el resumen del caso y los protocolos de revisi\u00f3n. Despu\u00e9s lee todos los documentos.<\/p>\n<p>Para cada documento, predice:<\/p>\n<ul>\n<li>Relevante o no para el caso<\/li>\n<li>Nivel de confianza (alto, medio, bajo)<\/li>\n<li>Temas principales<\/li>\n<li>Por qu\u00e9 puede ser relevante<\/li>\n<\/ul>\n\n<p>No es perfecto. Pero 80-90% precisa en llamadas de relevancia directas. Eso significa que 80% de los documentos pueden clasificarse con seguridad antes de que un revisor humano ni siquiera los mire.<\/p>\n<p>Los revisores se centran en los 20% en los que realmente se necesita juicio. O controlen el trabajo de la IA en documentos de alta confianza.<\/p>\n\n\n<h4 class=\"wp-block-heading\">2. Agrupaci\u00f3n tem\u00e1tica<\/h4>\n\n\n<p>Los documentos no existen aislados. Forman parte de conversaciones. Forman parte de proyectos. Forman parte de decisiones.<\/p>\n<p>La IA agrupa documentos relacionados:<\/p>\n<ul>\n<li>Todos los correos electr\u00f3nicos en un hilo<\/li>\n<li>Todos los documentos sobre el mismo tema<\/li>\n<li>Todas las comunicaciones entre las mismas personas<\/li>\n<li>Todos los documentos de la misma \u00e9poca sobre el mismo acontecimiento<\/li>\n<\/ul>\n\n<p>Los revisores ven los documentos en su contexto. Comprenden el panorama completo. Detectan conexiones que se pasar\u00edan por alto revisando los documentos uno por uno en orden aleatorio.<\/p>\n\n\n<h4 class=\"wp-block-heading\">3. Detecci\u00f3n de contenidos sensibles<\/h4>\n\n\n<p>Algunos documentos requieren una atenci\u00f3n especial:<\/p>\n<ul>\n<li>Comunicaciones potencialmente privilegiadas (a\/del abogado, asesoramiento jur\u00eddico)<\/li>\n<li>Datos personales (nombres, SSN, informaci\u00f3n sanitaria, datos financieros)<\/li>\n<li>Informaci\u00f3n comercial confidencial<\/li>\n<li>Documentos candentes (pruebas de irregularidades o hechos clave)<\/li>\n<li>Se\u00f1ales de alarma<\/li>\n<\/ul>\n\n<p>La IA los marca autom\u00e1ticamente. Los documentos con privilegios se revisan por separado. Los datos personales se se\u00f1alan para su redacci\u00f3n. Los documentos conflictivos se remiten a revisores veteranos.<\/p>\n<p>Nada se escapa porque un revisor menor no haya reconocido su importancia.<\/p>\n\n\n<h4 class=\"wp-block-heading\">4. Priorizaci\u00f3n inteligente<\/h4>\n\n\n<p>No todos los documentos son igual de importantes. La IA te ayuda a revisar en el orden correcto:<\/p>\n<ul>\n<li>Confianza de alta relevancia en primer lugar<\/li>\n<li>Documentos de los principales custodios en primer lugar<\/li>\n<li>Documentos de periodos cr\u00edticos en primer lugar<\/li>\n<li>Documentos marcados como potencialmente calientes primero<\/li>\n<li>Documentos de contenido sensible en primer lugar<\/li>\n<\/ul>\n\n<p>Encuentras lo importante antes. Entiendes mejor el caso, m\u00e1s r\u00e1pido. Tomar\u00e1 mejores decisiones estrat\u00e9gicas.<\/p>\n\n\n<h4 class=\"wp-block-heading\">5. Resumen del hilo de correo electr\u00f3nico<\/h4>\n\n\n<p>Los hilos de correo electr\u00f3nico se alargan. 20, 50, 100 mensajes. Muchos \"gracias\", \"ver m\u00e1s abajo\" y reenv\u00edos.<\/p>\n<p>La IA lee todo el hilo y crea un resumen:<\/p>\n<ul>\n<li>Qui\u00e9nes participan<\/li>\n<li>Lo que se debate<\/li>\n<li>Principales decisiones o compromisos adoptados<\/li>\n<li>Preguntas abiertas o puntos de acci\u00f3n<\/li>\n<li>Cronolog\u00eda de los acontecimientos<\/li>\n<\/ul>\n\n<p>Los revisores comprenden el contexto en 30 segundos en lugar de 10 minutos. Aumentan la pertinencia de las decisiones.<\/p>\n\n\n<h4 class=\"wp-block-heading\">6. B\u00fasqueda de conceptos y revisi\u00f3n asistida por tecnolog\u00eda (TAR)<\/h4>\n\n\n<p>B\u00fasqueda tradicional: Encontrar documentos que contengan \"incumplimiento de contrato\".<\/p>\n<p>Problema: Los documentos pertinentes pueden decir \"viol\u00f3 el acuerdo\" o \"no cumpli\u00f3 con sus obligaciones\".<\/p>\n\n<p>B\u00fasqueda de conceptos AI: Encuentre documentos sobre infracciones contractuales, independientemente de la redacci\u00f3n exacta.<\/p>\n<p>Entiende el significado, no s\u00f3lo las palabras clave. Encuentra documentos que se perder\u00edan con la b\u00fasqueda tradicional.<\/p>\n\n<p>El TAR va m\u00e1s all\u00e1: Usted revisa un conjunto inicial de documentos. La IA aprende lo que usted considera relevante. A continuaci\u00f3n, predice la relevancia de los documentos restantes. La retroalimentaci\u00f3n continua la hace m\u00e1s precisa.<\/p>\n\n\n<hr class=\"wp-block-separator has-alpha-channel-opacity\"\/>\n\n\n\n<h3 class=\"wp-block-heading\">Lo que esto significa para usted<\/h3>\n\n\n\n<h4 class=\"wp-block-heading\">Para los responsables de la toma de decisiones<\/h4>\n\n\n<p><strong>Los costes de descubrimiento bajan 40-70%.<\/strong><br \/>\nMenos horas facturadas por los revisores contratados. Una revisi\u00f3n m\u00e1s r\u00e1pida implica menos gastos de gesti\u00f3n del proyecto. Una mejor orientaci\u00f3n implica menos sobreproducci\u00f3n.<\/p>\n\n<p><strong>Los casos se resuelven m\u00e1s r\u00e1pido.<\/strong><br \/>\nEntienda mejor el caso, antes. Encuentre antes las pruebas clave. Tomar decisiones informadas m\u00e1s r\u00e1pidamente. Responder m\u00e1s r\u00e1pido a la presentaci\u00f3n de pruebas.<\/p>\n\n<p><strong>Previsibilidad presupuestaria.<\/strong><br \/>\nLos costes de la IA son fijos. Usted sabe lo que costar\u00e1 la primera revisi\u00f3n. No hay sorpresas por el aumento de las horas de revisi\u00f3n.<\/p>\n\n<p><strong>Mejores decisiones estrat\u00e9gicas.<\/strong><br \/>\nSi encuentra pronto los documentos importantes y comprende mejor el caso, tomar\u00e1 decisiones m\u00e1s inteligentes sobre la conciliaci\u00f3n, la presentaci\u00f3n de mociones y la estrategia para el juicio.<\/p>\n\n\n<h4 class=\"wp-block-heading\">Para abogados<\/h4>\n\n\n<p><strong>Centrarse en la revisi\u00f3n de alto valor.<\/strong><br \/>\nDeja que la IA se encargue de los documentos obviamente irrelevantes. T\u00fa c\u00e9ntrate en los documentos que necesitan un juicio jur\u00eddico.<\/p>\n\n<p><strong>Encuentra la aguja m\u00e1s r\u00e1pido.<\/strong><br \/>\nLa priorizaci\u00f3n y la agrupaci\u00f3n le ayudan a identificar los documentos clave en una fase temprana. Construir\u00e1s tu caso m\u00e1s r\u00e1pido.<\/p>\n\n<p><strong>Mejor protecci\u00f3n de privilegios.<\/strong><br \/>\nLa identificaci\u00f3n autom\u00e1tica de documentos potencialmente privilegiados. Menos riesgos de renuncia al privilegio.<\/p>\n\n<p><strong>Proceso defendible.<\/strong><br \/>\nCada decisi\u00f3n se registra. Cada predicci\u00f3n queda documentada. Puede defender su proceso de revisi\u00f3n si se le cuestiona.<\/p>\n\n\n<h4 class=\"wp-block-heading\">Para Cumplimiento e Investigaciones<\/h4>\n\n\n<p><strong>Investigaciones internas m\u00e1s r\u00e1pidas.<\/strong><br \/>\nCuando surge un problema, la IA le ayuda a revisar r\u00e1pidamente las comunicaciones pertinentes. Comprender\u00e1s m\u00e1s r\u00e1pido lo que ha pasado.<\/p>\n\n<p><strong>Mejor documentaci\u00f3n.<\/strong><br \/>\nRegistro claro de lo que se revis\u00f3, lo que se descubri\u00f3 y las decisiones que se tomaron. Listos para la auditor\u00eda desde el primer d\u00eda.<\/p>\n\n<p><strong>Manchas de los primeros n\u00fameros.<\/strong><br \/>\nLa IA se\u00f1ala posibles problemas de cumplimiento en todo el conjunto de documentos. Se observan patrones de comportamiento preocupantes.<\/p>\n\n\n<hr class=\"wp-block-separator has-alpha-channel-opacity\"\/>\n\n\n\n<h3 class=\"wp-block-heading\">Ejemplo real: Conflicto laboral<\/h3>\n\n\n<p>Un empleado presenta una demanda por despido improcedente y acoso. El descubrimiento incluye 3 a\u00f1os de correos electr\u00f3nicos, registros de chat y documentos de recursos humanos. 80.000 documentos en total.<\/p>\n\n<p><strong>Sin IA:<\/strong><\/p>\n<ul>\n<li>Equipo de revisi\u00f3n: 5 abogados contratados<\/li>\n<li>Plazo de revisi\u00f3n: 6 semanas<\/li>\n<li>Primer documento caliente encontrado: Semana 4<\/li>\n<li>Coste total de la revisi\u00f3n: $120.000<\/li>\n<li>Documentos revisados innecesariamente: Alrededor de 50.000 documentos claramente irrelevantes.<\/li>\n<\/ul>\n\n<p><strong>Con IA:<\/strong><\/p>\n<ul>\n<li>AI preclasifica los documentos (2 horas de procesamiento)<\/li>\n<li>40.000 documentos clasificados como claramente no pertinentes (confianza alta)<\/li>\n<li>25.000 documentos marcados como probablemente relevantes o poco claros<\/li>\n<li>15.000 documentos marcados como potencialmente sensibles (privilege, hot docs)<\/li>\n<li>Documentos urgentes priorizados en la cola de revisi\u00f3n<\/li>\n<li>Equipo de revisi\u00f3n: 2 abogados + 2 revisores de contratos<\/li>\n<li>Tiempo de revisi\u00f3n: 2,5 semanas<\/li>\n<li>Primer documento caliente encontrado: D\u00eda 3<\/li>\n<li>Coste total: $45.000<\/li>\n<li>Mejor comprensi\u00f3n del caso, discusi\u00f3n m\u00e1s temprana del acuerdo<\/li>\n<\/ul>\n\n<p>Misma calidad. Ahorro de costes 60%. Resoluci\u00f3n m\u00e1s r\u00e1pida.<\/p>\n\n\n<hr class=\"wp-block-separator has-alpha-channel-opacity\"\/>\n\n\n\n<h3 class=\"wp-block-heading\">Lo que la IA no hace<\/h3>\n\n\n<p>Seamos sinceros sobre las limitaciones.<\/p>\n\n<p><strong>La IA no entiende las complejas llamadas de privilegio legal.<\/strong><br \/>\nSe\u00f1ala los documentos que podr\u00edan ser confidenciales. El abogado sigue siendo quien determina el secreto profesional.<\/p>\n\n<p><strong>La IA no sustituye a los revisores humanos.<\/strong><br \/>\nReduce el volumen que tienen que revisar. Les ayuda a tomar mejores decisiones. Siguen revisando y tomando las decisiones finales.<\/p>\n\n<p><strong>La IA no maneja a la perfecci\u00f3n los casos novedosos.<\/strong><br \/>\n\u00bfDisputas est\u00e1ndar (empleo, contratos, propiedad intelectual)? Excelente. \u00bfTeor\u00edas jur\u00eddicas sin precedentes y sin datos de formaci\u00f3n? Menos \u00fatil.<\/p>\n\n<p><strong>La IA necesita informaci\u00f3n para mejorar.<\/strong><br \/>\nCuanto m\u00e1s revises y corrijas sus predicciones, m\u00e1s preciso ser\u00e1. No se trata de fijar y olvidarse.<\/p>\n\n<p><strong>La IA no toma decisiones estrat\u00e9gicas.<\/strong><br \/>\nTe dice lo que hay en los documentos. T\u00fa decides lo que significa para el caso.<\/p>\n\n<p>La IA es una herramienta poderosa. No sustituye a los litigantes experimentados.<\/p>\n\n\n<hr class=\"wp-block-separator has-alpha-channel-opacity\"\/>\n\n\n\n<h3 class=\"wp-block-heading\">C\u00f3mo empezar<\/h3>\n\n\n<p><strong>1. Identificar un caso piloto.<\/strong><br \/>\nElija un caso con un volumen de documentos significativo (m\u00e1s de 10.000 documentos), pero no su litigio m\u00e1s complejo. Los tipos de litigio est\u00e1ndar funcionan mejor.<\/p>\n\n<p><strong>2. Defina claramente los criterios de revisi\u00f3n.<\/strong><br \/>\n\u00bfQu\u00e9 hace que un documento sea relevante? \u00bfQu\u00e9 busca? Cuanto m\u00e1s claros sean sus criterios, mejor funcionar\u00e1 la IA.<\/p>\n\n<p><strong>3. Empezar con un conjunto de semillas.<\/strong><br \/>\nRevisar manualmente entre 500 y 1.000 documentos. Codif\u00edquelos. La IA aprende de tus decisiones.<\/p>\n\n<p><strong>4. Dejemos que AI clasifique el resto.<\/strong><br \/>\nLa IA predice la relevancia de los documentos restantes bas\u00e1ndose en lo que ha aprendido.<\/p>\n\n<p><strong>5. Revisi\u00f3n con asistencia de AI.<\/strong><br \/>\nConc\u00e9ntrese en los documentos de alta prioridad. Control de calidad de una muestra de clasificaciones AI. Proporcione retroalimentaci\u00f3n.<\/p>\n\n<p><strong>6. Afinar y ampliar.<\/strong><br \/>\nLa IA mejora con la retroalimentaci\u00f3n. Aplica las lecciones aprendidas al siguiente caso.<\/p>\n\n\n<hr class=\"wp-block-separator has-alpha-channel-opacity\"\/>\n\n\n\n<h3 class=\"wp-block-heading\">Preguntas frecuentes<\/h3>\n\n\n<p><strong>\u00bfAceptan los tribunales la revisi\u00f3n asistida por IA?<\/strong><br \/>\nS\u00ed. Los tribunales han aprobado repetidamente el TAR y la revisi\u00f3n asistida por IA. Ahora es una pr\u00e1ctica habitual en litigios complejos.<\/p>\n\n<p><strong>\u00bfY la revisi\u00f3n de privilegios?<\/strong><br \/>\nLa IA puede marcar documentos potencialmente confidenciales, pero el abogado debe tomar la decisi\u00f3n final. La mayor\u00eda de los equipos utilizan la IA para la primera selecci\u00f3n.<\/p>\n\n<p><strong>\u00bfPuede gestionar distintos tipos de archivos?<\/strong><br \/>\nS\u00ed. Correos electr\u00f3nicos, PDF, documentos de Word, Excel, im\u00e1genes con texto (OCR), registros de chat y mucho m\u00e1s. Si se puede extraer texto, la IA puede analizarlo.<\/p>\n\n<p><strong>\u00bfY las lenguas extranjeras?<\/strong><br \/>\nLa IA puede manejar varios idiomas. La precisi\u00f3n var\u00eda seg\u00fan el idioma. El ingl\u00e9s, el espa\u00f1ol, el franc\u00e9s y el alem\u00e1n funcionan mejor.<\/p>\n\n<p><strong>\u00bfC\u00f3mo se garantiza la calidad?<\/strong><br \/>\nMuestreo de control de calidad. Retroalimentaci\u00f3n continua. Validaci\u00f3n frente a un conjunto de control. Mismas pr\u00e1cticas de garant\u00eda de calidad que en la revisi\u00f3n tradicional.<\/p>\n\n<p><strong>\u00bfY la seguridad de los datos?<\/strong><br \/>\nTrabajamos con su plataforma de eDiscovery existente o la implantamos en su entorno seguro. Sus documentos permanecen bajo su control.<\/p>\n\n\n<hr class=\"wp-block-separator has-alpha-channel-opacity\"\/>\n\n\n\n<h3 class=\"wp-block-heading\">Lo esencial<\/h3>\n\n\n<p>La revisi\u00f3n de documentos no tiene por qu\u00e9 ser una p\u00e9rdida de tiempo y dinero.<\/p>\n<p>La IA se encarga de la primera pasada. Ordena la pila. Encuentra patrones. Marca lo que importa. Sus revisores se centran en los documentos que necesitan un juicio humano.<\/p>\n<p>El resultado es una resoluci\u00f3n m\u00e1s r\u00e1pida de los casos, menores costes de descubrimiento, mejores decisiones estrat\u00e9gicas y revisores que realizan un trabajo que realmente requiere experiencia.<\/p>\n<p>Nada de magia. Solo automatizaci\u00f3n pr\u00e1ctica que hace que los litigios sean m\u00e1s eficientes.<\/p>\n\n\n<hr class=\"wp-block-separator has-alpha-channel-opacity\"\/>\n\n\n\n<h3 class=\"wp-block-heading\">\u00bfPreparado para reducir los costes de descubrimiento?<\/h3>\n\n\n<p>Cada caso es diferente. Diferentes tipos de documentos. Cuestiones diferentes. Diferentes protocolos de revisi\u00f3n.<\/p>\n<p>No vendemos soluciones \u00fanicas. Examinamos sus casos concretos y sus retos de descubrimiento. Identificamos d\u00f3nde la IA aporta m\u00e1s valor. Creamos un flujo de trabajo que se adapte a su proceso.<\/p>\n<p>Hablemos de sus retos en la revisi\u00f3n de documentos y de d\u00f3nde la IA puede tener un impacto real.<\/p>\n\n<p><a href=\"https:\/\/www.leaplytics.de\/es\/kontakt\/\">Analice sus necesidades de revisi\u00f3n de documentos<\/a><\/p>\n\n<p><a href=\"https:\/\/www.leaplytics.de\/es\/derecho-legal-ai\/\">Volver a Visi\u00f3n general de la IA jur\u00eddica<\/a><\/p>","protected":false},"excerpt":{"rendered":"<p>AI for Document Review in Litigation &#038; Investigations: Find the Needle Without Reading Every Piece of Hay Legal cases mean documents. Thousands of them. Sometimes millions. Emails. Attachments. PDFs. Chat logs. Text messages. Presentations. Spreadsheets. Photos with text. Contracts. Meeting notes. All of it needs review. All of it needs classification. Relevant or not. Privileged &hellip; <\/p>","protected":false},"author":2,"featured_media":0,"parent":0,"menu_order":0,"comment_status":"closed","ping_status":"closed","template":"","meta":{"footnotes":""},"class_list":["post-14462","page","type-page","status-publish","hentry","latest_post"],"_links":{"self":[{"href":"https:\/\/www.leaplytics.de\/es\/wp-json\/wp\/v2\/pages\/14462","targetHints":{"allow":["GET"]}}],"collection":[{"href":"https:\/\/www.leaplytics.de\/es\/wp-json\/wp\/v2\/pages"}],"about":[{"href":"https:\/\/www.leaplytics.de\/es\/wp-json\/wp\/v2\/types\/page"}],"author":[{"embeddable":true,"href":"https:\/\/www.leaplytics.de\/es\/wp-json\/wp\/v2\/users\/2"}],"replies":[{"embeddable":true,"href":"https:\/\/www.leaplytics.de\/es\/wp-json\/wp\/v2\/comments?post=14462"}],"version-history":[{"count":1,"href":"https:\/\/www.leaplytics.de\/es\/wp-json\/wp\/v2\/pages\/14462\/revisions"}],"predecessor-version":[{"id":14471,"href":"https:\/\/www.leaplytics.de\/es\/wp-json\/wp\/v2\/pages\/14462\/revisions\/14471"}],"wp:attachment":[{"href":"https:\/\/www.leaplytics.de\/es\/wp-json\/wp\/v2\/media?parent=14462"}],"curies":[{"name":"wp","href":"https:\/\/api.w.org\/{rel}","templated":true}]}}