{"id":14476,"date":"2025-12-19T01:55:43","date_gmt":"2025-12-19T00:55:43","guid":{"rendered":"https:\/\/www.leaplytics.de\/?page_id=14476"},"modified":"2025-12-19T01:55:44","modified_gmt":"2025-12-19T00:55:44","slug":"gestion-de-campanas-optimizacion-ai","status":"publish","type":"page","link":"https:\/\/www.leaplytics.de\/es\/gestion-de-campanas-optimizacion-ai\/","title":{"rendered":"Gesti\u00f3n y optimizaci\u00f3n de campa\u00f1as AI"},"content":{"rendered":"<h2>IA para la gesti\u00f3n y optimizaci\u00f3n de campa\u00f1as: Deje de adivinar lo que funciona<\/h2>\n\n<p>Su equipo de marketing realiza campa\u00f1as a trav\u00e9s de distintos canales. Correo electr\u00f3nico. B\u00fasqueda de pago. Anuncios sociales. Contenido. Display. Eventos. Seminarios web.<\/p>\n<p>Cada canal tiene su propia plataforma. Sus propias m\u00e9tricas. Su propio panel de control. Y de alguna manera se supone que tienes que averiguar qu\u00e9 campa\u00f1as generan realmente ingresos y cu\u00e1les est\u00e1n malgastando el presupuesto.<\/p>\n<p>Para cuando analizas el rendimiento del mes pasado, este ya ha transcurrido la mitad. Est\u00e1s optimizando las campa\u00f1as de ayer mientras las de hoy funcionan con el piloto autom\u00e1tico.<\/p>\n<p>La IA hace un seguimiento de todo en tiempo real. Identifica lo que funciona y lo que no. Optimiza el presupuesto autom\u00e1ticamente. Predice el rendimiento de la campa\u00f1a antes de lanzarla. Su gasto en marketing va donde genera beneficios, no donde siempre ha ido.<\/p>\n\n\n<hr class=\"wp-block-separator has-alpha-channel-opacity\"\/>\n\n\n\n<h3 class=\"wp-block-heading\">El problema: demasiadas campa\u00f1as y poca informaci\u00f3n<\/h3>\n\n\n<p>Realiza 20 campa\u00f1as este mes. Conoce los clics y las impresiones. Conoce el coste por clic. Puede que incluso conozca las conversiones.<\/p>\n<p>\u00bfPero sabe qu\u00e9 campa\u00f1as generaron ingresos reales? \u00bfQu\u00e9 clientes proceden de d\u00f3nde? \u00bfQu\u00e9 canales funcionan juntos? \u00bfCu\u00e1les est\u00e1n malgastando dinero?<\/p>\n<p>La mayor\u00eda de los equipos no lo hacen. Porque unir los datos de Google Ads, Facebook, la plataforma de correo electr\u00f3nico, el CRM y las herramientas de an\u00e1lisis lleva horas. Para cuando se tiene una visi\u00f3n completa, la campa\u00f1a ha terminado.<\/p>\n<p>As\u00ed que tomas decisiones basadas en datos incompletos. O m\u00e9tricas aproximadas. O en lo que funcion\u00f3 la \u00faltima vez. Y te preguntas por qu\u00e9 es dif\u00edcil demostrar el ROI del marketing.<\/p>\n\n\n<hr class=\"wp-block-separator has-alpha-channel-opacity\"\/>\n\n\n\n<h3 class=\"wp-block-heading\">Qu\u00e9 aporta la IA a la gesti\u00f3n de campa\u00f1as<\/h3>\n\n\n<p>La IA consolida los datos de las campa\u00f1as en todos los canales. Realiza un seguimiento del rendimiento para obtener resultados reales. Optimiza autom\u00e1ticamente. Le ayuda a gastar de forma m\u00e1s inteligente.<\/p>\n\n\n<h4 class=\"wp-block-heading\">Seguimiento multicanal del rendimiento<\/h4>\n\n\n<p>Todas sus campa\u00f1as. Todos sus canales. Una sola vista.<\/p>\n<p>La IA extrae datos de:\n<ul>\n<li>B\u00fasqueda de pago (Google, Bing)<\/li>\n<li>Anuncios sociales (Facebook, LinkedIn, Instagram, Twitter)<\/li>\n<li>Marketing por correo electr\u00f3nico<\/li>\n<li>Publicidad gr\u00e1fica<\/li>\n<li>Marketing de contenidos<\/li>\n<li>Eventos y seminarios web<\/li>\n<li>Social org\u00e1nico<\/li>\n<li>SEO y b\u00fasqueda org\u00e1nica<\/li>\n<\/ul>\n<\/p>\n\n<p>Seguimiento de todas las campa\u00f1as en un \u00fanico lugar. Las mismas m\u00e9tricas. Los mismos plazos. Se acabaron los saltos entre plataformas intentando comparar manzanas con naranjas.<\/p>\n<p>Usted ve la imagen completa. \u00bfQu\u00e9 canales generan tr\u00e1fico? \u00bfCu\u00e1les generan conversiones? \u00bfCu\u00e1les generan ingresos? No s\u00f3lo esta campa\u00f1a, sino las tendencias a lo largo del tiempo.<\/p>\n\n\n<h4 class=\"wp-block-heading\">Atribuci\u00f3n y conexi\u00f3n de ingresos<\/h4>\n\n\n<p>La pregunta m\u00e1s dif\u00edcil en marketing: \u00bfqu\u00e9 campa\u00f1as generaron realmente ingresos?<\/p>\n<p>La IA rastrea los recorridos de los clientes:\n<ul>\n<li>Primer punto de contacto (\u00bfc\u00f3mo le han encontrado?)<\/li>\n<li>Toques intermedios (\u00bfqu\u00e9 los mantuvo comprometidos?)<\/li>\n<li>\u00daltimo toque (\u00bfqu\u00e9 les hizo convertirse?)<\/li>\n<li>Todos los puntos de contacto que influyeron en la decisi\u00f3n<\/li>\n<\/ul>\n<\/p>\n\n<p>Conecta la actividad de marketing con los ingresos cerrados. No s\u00f3lo clientes potenciales o conversiones, sino d\u00f3lares reales.<\/p>\n<p>Usted ve qu\u00e9 campa\u00f1as generan pipeline. Cu\u00e1les generan ganancias r\u00e1pidas. Cu\u00e1les ayudan a otros canales. Cu\u00e1les se llevan el m\u00e9rito del trabajo realizado por otros canales.<\/p>\n<p>La atribuci\u00f3n no es perfecta. Los clientes no siguen caminos definidos. Pero la atribuci\u00f3n por IA es mucho mejor que el \u00faltimo clic o las suposiciones.<\/p>\n\n\n<h4 class=\"wp-block-heading\">Recomendaciones para optimizar el presupuesto<\/h4>\n\n\n<p>Tienes $50K para gastar este trimestre. \u00bfC\u00f3mo debe asignarlo?<\/p>\n<p>La IA analiza el rendimiento:\n<ul>\n<li>\u00bfQu\u00e9 canales tienen mejor ROI?<\/li>\n<li>\u00bfCu\u00e1les son las campa\u00f1as con peores resultados?<\/li>\n<li>\u00bfD\u00f3nde se ha sobrepasado el presupuesto (se podr\u00eda gastar m\u00e1s eficazmente)?<\/li>\n<li>\u00bfEn qu\u00e9 punto est\u00e1 disminuyendo el rendimiento (gastando demasiado)?<\/li>\n<\/ul>\n<\/p>\n\n<p>Recomienda cambios presupuestarios:\n<ul>\n<li>\"Los anuncios de LinkedIn triplican el ROI de Facebook. Trasladar 30% del presupuesto social all\u00ed\".<\/li>\n<li>\"Email nurture convierte a un ritmo alto pero alcanza los l\u00edmites de la lista. Invertir en lead gen\".<\/li>\n<li>\"B\u00fasqueda de pago al m\u00e1ximo en palabras clave de alta intenci\u00f3n. No a\u00f1adas m\u00e1s presupuesto ah\u00ed\".<\/li>\n<\/ul>\n<\/p>\n\n<p>Sigues tomando las decisiones. Pero las tomas bas\u00e1ndote en datos de rendimiento, no en sentimientos.<\/p>\n\n\n<h4 class=\"wp-block-heading\">Optimizaci\u00f3n autom\u00e1tica de campa\u00f1as<\/h4>\n\n\n<p>Algunas optimizaciones no necesitan decisiones humanas. Basta con que sean r\u00e1pidas.<\/p>\n<p>La IA se encarga de los ajustes t\u00e1cticos autom\u00e1ticamente:\n<ul>\n<li>Ponga en pausa los anuncios de bajo rendimiento<\/li>\n<li>Aumentar las pujas por palabras clave de alta conversi\u00f3n<\/li>\n<li>Reducir las pujas en las palabras clave que generan clics pero no conversiones<\/li>\n<li>Desplazar el presupuesto de los conjuntos de anuncios de bajo rendimiento a los de alto rendimiento<\/li>\n<li>Ajuste los tiempos de env\u00edo de los correos electr\u00f3nicos en funci\u00f3n de los patrones de tasa de apertura<\/li>\n<li>Aumentar el gasto en campa\u00f1as que cumplan los objetivos de eficiencia<\/li>\n<\/ul>\n<\/p>\n\n<p>Estos ajustes se producen en tiempo real. No d\u00edas despu\u00e9s, cuando se revisa el rendimiento. La IA optimiza mientras se ejecutan las campa\u00f1as.<\/p>\n<p>T\u00fa estableces las reglas y los guardarra\u00edles. La IA las ejecuta. T\u00fa revisas y ajustas las reglas en funci\u00f3n de los resultados.<\/p>\n\n\n<h4 class=\"wp-block-heading\">Predicci\u00f3n del rendimiento de la campa\u00f1a<\/h4>\n\n\n<p>Antes de lanzar una campa\u00f1a, \u00bfno le gustar\u00eda saber cu\u00e1l ser\u00e1 su rendimiento?<\/p>\n<p>La IA predice los resultados bas\u00e1ndose en:\n<ul>\n<li>Campa\u00f1as anteriores similares (audiencia, canal, mensaje, oferta)<\/li>\n<li>Condiciones actuales del mercado y estacionalidad<\/li>\n<li>Tama\u00f1o y caracter\u00edsticas de la audiencia<\/li>\n<li>Elementos creativos (asunto, texto del anuncio, im\u00e1genes)<\/li>\n<\/ul>\n<\/p>\n\n<p>Estima: \"Basado en campa\u00f1as similares, esperar 18-24K impresiones, 2,3-2,8% CTR, 140-180 conversiones, $48-$62 CPA\".<\/p>\n<p>No son predicciones perfectas. Pero es mejor que lanzarse a ciegas. Si el rendimiento previsto no se ajusta a sus objetivos, aj\u00fastelo antes de gastar el presupuesto.<\/p>\n\n\n<h4 class=\"wp-block-heading\">Detecci\u00f3n de la fatiga del p\u00fablico<\/h4>\n\n\n<p>\u00bfCu\u00e1ntas veces se puede mostrar el mismo anuncio a las mismas personas antes de que se desconecten?<\/p>\n<p>La IA vigila las se\u00f1ales de fatiga:\n<ul>\n<li>CTR decreciente a lo largo del tiempo con la misma audiencia<\/li>\n<li>El \u00edndice de conversi\u00f3n desciende aunque se mantienen los clics<\/li>\n<li>Frecuencia demasiado alta (la misma persona ve el anuncio m\u00e1s de 10 veces)<\/li>\n<li>Aumento de la participaci\u00f3n negativa (ocultar anuncio, darse de baja, marcar como spam)<\/li>\n<\/ul>\n<\/p>\n\n<p>Cuando aparece la fatiga, la IA lo detecta. Es hora de renovar la creatividad, cambiar el mensaje o dar un respiro al p\u00fablico.<\/p>\n<p>Evita que queme a sus mejores audiencias con un exceso de marketing.<\/p>\n\n\n<h4 class=\"wp-block-heading\">Evaluaci\u00f3n comparativa de la competencia<\/h4>\n\n\n<p>\u00bfSu rendimiento es bueno o malo? Es dif\u00edcil saberlo sin contexto.<\/p>\n<p>La IA compara tus m\u00e9tricas con:\n<ul>\n<li>Su propio rendimiento hist\u00f3rico<\/li>\n<li>Puntos de referencia del sector<\/li>\n<li>Empresas similares<\/li>\n<li>Panorama competitivo (donde sea visible)<\/li>\n<\/ul>\n<\/p>\n\n<p>Ver\u00e1s: \"Tu CTR en LinkedIn es de 1,8%. La media del sector es de 0,9%. Tu rendimiento es bueno. Pero tu tasa de conversi\u00f3n es de 2,1% frente a la media del sector de 3,5%. El problema est\u00e1 en tu p\u00e1gina de destino o en tu oferta, no en tus anuncios\".<\/p>\n<p>Ese contexto te ayuda a saber d\u00f3nde optimizar. No pierdas el tiempo mejorando lo que ya es bueno. Arregla lo que realmente est\u00e1 roto.<\/p>\n\n\n<hr class=\"wp-block-separator has-alpha-channel-opacity\"\/>\n\n\n\n<h3 class=\"wp-block-heading\">Lo que esto significa para usted<\/h3>\n\n\n\n<h4 class=\"wp-block-heading\">Para las OCM<\/h4>\n\n\n<p>Un claro retorno de la inversi\u00f3n en marketing. Sabe qu\u00e9 campa\u00f1as generan ingresos. Sabe d\u00f3nde invertir m\u00e1s y d\u00f3nde recortar.<\/p>\n<p>Decisiones presupuestarias basadas en datos, no en pol\u00edtica. Cuando los dirigentes preguntan \"\u00bfPor qu\u00e9 gastamos en esto?\", tienen cifras.<\/p>\n<p>Ciclos de optimizaci\u00f3n m\u00e1s r\u00e1pidos. No espere hasta el final del trimestre para revisar el rendimiento. La IA optimiza continuamente mientras se ejecutan las campa\u00f1as.<\/p>\n<p>Inversi\u00f3n en marketing justificable. Cuando se puede relacionar el gasto con los ingresos, es m\u00e1s f\u00e1cil que se apruebe el presupuesto. El marketing deja de ser un centro de costes y empieza a ser un motor de crecimiento.<\/p>\n\n\n<h4 class=\"wp-block-heading\">Para directores de marketing<\/h4>\n\n\n<p>Una sola vista de todas las campa\u00f1as. Deje de iniciar sesi\u00f3n en 7 plataformas diferentes para ver lo que est\u00e1 sucediendo. Un panel de control, todos tus datos.<\/p>\n<p>Sabes lo que funciona en tiempo real. No semanas despu\u00e9s. Puedes hacer ajustes r\u00e1pidamente cuando algo no funciona.<\/p>\n<p>Menos tiempo en informes, m\u00e1s tiempo en estrategia. La IA genera los informes de rendimiento. Usted los analiza y decide qu\u00e9 hacer con ellos.<\/p>\n<p>Se hacen m\u00e1s pruebas porque la optimizaci\u00f3n es m\u00e1s f\u00e1cil. M\u00e1s pruebas significan un mejor aprendizaje sobre lo que resuena con su audiencia.<\/p>\n\n\n<h4 class=\"wp-block-heading\">Para las empresas<\/h4>\n\n\n<p>Mayor retorno de la inversi\u00f3n en marketing. El presupuesto se destina a canales y campa\u00f1as que funcionan. Menos gasto in\u00fatil en campa\u00f1as de bajo rendimiento.<\/p>\n<p>Costes de captaci\u00f3n de clientes m\u00e1s predecibles. Cuando se conoce el rendimiento esperado, se puede planificar el crecimiento con mayor precisi\u00f3n.<\/p>\n<p>Ampliaci\u00f3n eficaz. Cuando encuentre campa\u00f1as que funcionen, podr\u00e1 ampliarlas con confianza. Cuando dejan de funcionar, lo detectas r\u00e1pidamente.<\/p>\n\n\n<hr class=\"wp-block-separator has-alpha-channel-opacity\"\/>\n\n\n\n<h3 class=\"wp-block-heading\">Ejemplos reales de IA para la optimizaci\u00f3n de campa\u00f1as<\/h3>\n\n\n\n<h4 class=\"wp-block-heading\">Ejemplo 1: Empresa de comercio electr\u00f3nico<\/h4>\n\n\n<p>Un minorista en l\u00ednea public\u00f3 anuncios en Facebook, Google e Instagram. Gast\u00f3 $200K\/mes. No pudo determinar qu\u00e9 plataforma generaba ventas reales o solo clics.<\/p>\n<p><strong>Lo que ha cambiado:<\/strong> La IA rastre\u00f3 el recorrido del cliente desde el primer clic en el anuncio hasta la compra. Conect\u00f3 el gasto publicitario con los ingresos por canal.<\/p>\n<p><strong>Resultado:<\/strong> Descubrimos que Instagram generaba notoriedad, pero rara vez conversiones en el \u00faltimo clic. La b\u00fasqueda en Google generaba conversiones en el embudo inferior. Se modific\u00f3 la asignaci\u00f3n presupuestaria: menos Instagram y m\u00e1s Google. Mismo gasto total, 27% m\u00e1s de ingresos.<\/p>\n\n\n<h4 class=\"wp-block-heading\">Ejemplo 2: Empresa B2B SaaS<\/h4>\n\n\n<p>Una empresa de SaaS publicaba anuncios en LinkedIn, pero los gestionaba manualmente. Comprobaba el rendimiento una vez a la semana y hac\u00eda ajustes los viernes.<\/p>\n<p><strong>Lo que ha cambiado:<\/strong> La IA supervisaba las campa\u00f1as continuamente. Detuvo autom\u00e1ticamente los anuncios de bajo rendimiento. Cambi\u00f3 el presupuesto a los de mayor rendimiento en tiempo real.<\/p>\n<p><strong>Resultado:<\/strong> El coste por cliente potencial se redujo en 34% porque los clientes de bajo rendimiento se pusieron en pausa inmediatamente en lugar de estar funcionando toda la semana. El presupuesto se destin\u00f3 a los ganadores de forma continua, no solo despu\u00e9s de las revisiones de los viernes.<\/p>\n\n\n<h4 class=\"wp-block-heading\">Ejemplo 3: Empresa de servicios profesionales<\/h4>\n\n\n<p>Una consultora gastaba en marketing de contenidos, eventos y anuncios de pago. La direcci\u00f3n cuestion\u00f3 el retorno de la inversi\u00f3n en marketing. El director de marketing no pod\u00eda demostrar qu\u00e9 actividades generaban nuevos clientes.<\/p>\n<p><strong>Lo que ha cambiado:<\/strong> La IA realiz\u00f3 un seguimiento de todos los contactos de marketing hasta que se cerraron los contratos. Conect\u00f3 las descargas de contenidos, la asistencia a eventos y los clics en anuncios con los contratos firmados.<\/p>\n<p><strong>Resultado:<\/strong> Demostr\u00f3 que los contenidos y los eventos ten\u00edan un ROI 3 veces superior al de los anuncios de pago. Aumento del presupuesto para contenidos y eventos. Reducci\u00f3n de los canales de pago de bajo rendimiento. El ROI global de marketing mejor\u00f3 45%.<\/p>\n\n\n<hr class=\"wp-block-separator has-alpha-channel-opacity\"\/>\n\n\n\n<h3 class=\"wp-block-heading\">Lo que la IA no har\u00e1<\/h3>\n\n\n<p>Seamos sinceros sobre los l\u00edmites.<\/p>\n<p>La IA no crea su estrategia de marketing. No conoce tu posicionamiento, tu marca o lo que te diferencia. Eso es trabajo humano.<\/p>\n<p>La IA no puede arreglar las malas campa\u00f1as. Si su oferta no es convincente, o su creatividad es d\u00e9bil, o su orientaci\u00f3n no es correcta, la IA le dir\u00e1 que no est\u00e1 funcionando, pero no har\u00e1 que funcione. Sigues necesitando buenos fundamentos de marketing.<\/p>\n<p>La optimizaci\u00f3n de la IA funciona dentro de los par\u00e1metros que usted establezca. Si s\u00f3lo se prueban peque\u00f1as variaciones, s\u00f3lo se obtienen mejoras incrementales. Los grandes avances siguen requiriendo creatividad humana y pensamiento estrat\u00e9gico.<\/p>\n<p>Y la atribuci\u00f3n nunca es perfecta. Los clientes no siguen caminos lineales. Algunos puntos de contacto no pueden rastrearse (boca a boca, conversaciones fuera de l\u00ednea, redes sociales oscuras). La IA ofrece la mejor visi\u00f3n posible, pero no es completa.<\/p>\n\n\n<hr class=\"wp-block-separator has-alpha-channel-opacity\"\/>\n\n\n\n<h3 class=\"wp-block-heading\">C\u00f3mo empezar<\/h3>\n\n\n<p>No intente optimizar todo a la vez. Empieza por donde veas el mayor impacto:\n<ul>\n<li><strong>Empiece por consolidar los datos.<\/strong> Conecte sus plataformas de campa\u00f1a. Obtenga todos los datos en un solo lugar. El mero hecho de verlo todo junto revela nuevas perspectivas.<\/li>\n<li><strong>Seguimiento de un canal de extremo a extremo.<\/strong> Elija su canal de mayor gasto. Realice un seguimiento desde la impresi\u00f3n hasta los ingresos. Vea c\u00f3mo es realmente el rendimiento del embudo completo.<\/li>\n<li><strong>Pruebe la optimizaci\u00f3n automatizada en una campa\u00f1a.<\/strong> Deje que la IA optimice una campa\u00f1a de prueba. Compare el rendimiento con el control optimizado manualmente. Mida la diferencia.<\/li>\n<li><strong>Analizar un trimestre hist\u00f3ricamente.<\/strong> Alimentar la IA con datos de campa\u00f1as anteriores. Preg\u00fantese \"\u00bfQu\u00e9 deber\u00edamos haber hecho de forma diferente?\". Aprenda de los patrones que se le pasaron por alto.<\/li>\n<li><strong>Configura alertas de rendimiento.<\/strong> Deje que la IA le notifique cuando las campa\u00f1as superen o no alcancen los umbrales. Detecte los problemas r\u00e1pidamente.<\/li>\n<\/ul>\n<\/p>\n\n<p>Empiece poco a poco. Demuestre su valor. Ampl\u00ede a m\u00e1s canales y campa\u00f1as a medida que vea resultados.<\/p>\n\n\n<hr class=\"wp-block-separator has-alpha-channel-opacity\"\/>\n\n\n\n<h3 class=\"wp-block-heading\">Lo esencial<\/h3>\n\n\n<p>La optimizaci\u00f3n de campa\u00f1as es el reconocimiento de patrones a escala. \u00bfQu\u00e9 mensajes funcionan? \u00bfQu\u00e9 audiencias responden? \u00bfCu\u00e1l es el mejor momento? \u00bfQu\u00e9 canales generan resultados?<\/p>\n<p>Los humanos no pueden supervisar docenas de campa\u00f1as en m\u00faltiples canales en tiempo real. La IA s\u00ed puede.<\/p>\n<p>Su equipo de marketing sigue definiendo la estrategia. Sigue creando campa\u00f1as. Siguen tomando grandes decisiones sobre posicionamiento y asignaci\u00f3n de presupuestos.<\/p>\n<p>Pero no van a ciegas. Disponen de datos sobre lo que funciona y lo que no, en tiempo real, no semanas despu\u00e9s. Optimizan continuamente en lugar de trimestralmente.<\/p>\n<p>Esto significa menos gasto in\u00fatil, mayor retorno de la inversi\u00f3n y un marketing que realmente impulsa el crecimiento.<\/p>\n\n\n<hr class=\"wp-block-separator has-alpha-channel-opacity\"\/>\n\n\n\n<h3 class=\"wp-block-heading\">\u00bfDesea mejorar el retorno de la inversi\u00f3n en marketing?<\/h3>\n\n\n<p>Cada empresa tiene campa\u00f1as diferentes. Diferentes canales. Diferentes formas de medir el \u00e9xito.<\/p>\n<p>No vendemos herramientas gen\u00e9ricas para campa\u00f1as. Analizamos su marketing mix. Identificamos d\u00f3nde la IA puede mejorar realmente el rendimiento. Conectamos sus datos para que tenga una visi\u00f3n completa.<\/p>\n<p>A continuaci\u00f3n, establecemos una optimizaci\u00f3n que funcione para su equipo y sus canales. Obtendr\u00e1 un mejor rendimiento sin cambiar su forma de trabajar.<\/p>\n<p>Sin exageraciones. Sin promesas de que la IA multiplicar\u00e1 por 10 sus resultados de la noche a la ma\u00f1ana. Solo mejores datos, una optimizaci\u00f3n m\u00e1s r\u00e1pida y un gasto en marketing que vaya all\u00ed donde funciona.<\/p>\n\n<p><a href=\"https:\/\/www.leaplytics.de\/es\/kontakt\/\">Hablemos de sus campa\u00f1as de marketing<\/a><\/p>\n\n<p><a href=\"https:\/\/www.leaplytics.de\/es\/marketing-ventas-ai\/\">Volver a Marketing y ventas AI<\/a><\/p>","protected":false},"excerpt":{"rendered":"<p>AI for Campaign Management &#038; Optimization: Stop Guessing What Works Your marketing team runs campaigns across channels. Email. Paid search. Social ads. Content. Display. Events. Webinars. Each channel has its own platform. Its own metrics. Its own dashboard. And somehow you&#8217;re supposed to figure out which campaigns actually drive revenue and which are wasting budget. &hellip; <\/p>","protected":false},"author":2,"featured_media":0,"parent":0,"menu_order":0,"comment_status":"closed","ping_status":"closed","template":"","meta":{"footnotes":""},"class_list":["post-14476","page","type-page","status-publish","hentry","latest_post"],"_links":{"self":[{"href":"https:\/\/www.leaplytics.de\/es\/wp-json\/wp\/v2\/pages\/14476","targetHints":{"allow":["GET"]}}],"collection":[{"href":"https:\/\/www.leaplytics.de\/es\/wp-json\/wp\/v2\/pages"}],"about":[{"href":"https:\/\/www.leaplytics.de\/es\/wp-json\/wp\/v2\/types\/page"}],"author":[{"embeddable":true,"href":"https:\/\/www.leaplytics.de\/es\/wp-json\/wp\/v2\/users\/2"}],"replies":[{"embeddable":true,"href":"https:\/\/www.leaplytics.de\/es\/wp-json\/wp\/v2\/comments?post=14476"}],"version-history":[{"count":1,"href":"https:\/\/www.leaplytics.de\/es\/wp-json\/wp\/v2\/pages\/14476\/revisions"}],"predecessor-version":[{"id":14490,"href":"https:\/\/www.leaplytics.de\/es\/wp-json\/wp\/v2\/pages\/14476\/revisions\/14490"}],"wp:attachment":[{"href":"https:\/\/www.leaplytics.de\/es\/wp-json\/wp\/v2\/media?parent=14476"}],"curies":[{"name":"wp","href":"https:\/\/api.w.org\/{rel}","templated":true}]}}