{"id":14479,"date":"2025-12-19T01:55:07","date_gmt":"2025-12-19T00:55:07","guid":{"rendered":"https:\/\/www.leaplytics.de\/?page_id=14479"},"modified":"2025-12-19T01:55:08","modified_gmt":"2025-12-19T00:55:08","slug":"generacion-de-prospectos-cualificacion-ai","status":"publish","type":"page","link":"https:\/\/www.leaplytics.de\/es\/generacion-de-prospectos-cualificacion-ai\/","title":{"rendered":"Generaci\u00f3n y cualificaci\u00f3n de clientes potenciales"},"content":{"rendered":"<h2>IA para la generaci\u00f3n y cualificaci\u00f3n de clientes potenciales: Deje de perseguir callejones sin salida<\/h2>\n\n<p>Su equipo de ventas pierde demasiado tiempo con clientes potenciales que nunca comprar\u00e1n. No porque sean malos vendedores. Porque nadie puede distinguir un cliente potencial caliente de uno fr\u00edo hasta que ya ha invertido el tiempo.<\/p>\n<p>Mientras tanto, \u00bflas pistas que realmente se cerrar\u00edan? Est\u00e1n esperando. Y esperar demasiado significa que se van a otro sitio.<\/p>\n<p>La IA lo soluciona. Punt\u00faa cada cliente potencial. Detecta se\u00f1ales de compra. Dirige los clientes potenciales adecuados a los representantes adecuados. Califica a los clientes potenciales antes de que un humano coja el tel\u00e9fono.<\/p>\n<p>No es magia. Es reconocimiento de patrones a escala. Y significa que tu equipo de ventas invierte su tiempo en lo que importa.<\/p>\n\n\n<hr class=\"wp-block-separator has-alpha-channel-opacity\"\/>\n\n\n\n<h3 class=\"wp-block-heading\">El problema: los buenos contactos se pierden, los malos hacen perder el tiempo<\/h3>\n\n\n<p>Todas las pistas tienen el mismo aspecto en la cola. Un nombre. Un correo electr\u00f3nico. Tal vez una empresa. Algunos datos de formulario.<\/p>\n<p>Los comerciales hacen sus mejores conjeturas sobre a qui\u00e9n llamar primero. A veces aciertan. A menudo no.<\/p>\n<p>Los clientes potenciales se enfr\u00edan porque nadie sab\u00eda que lo eran. Los representantes dedican horas a clientes potenciales que nunca van a comprar. El pipeline parece lleno, pero las tasas de conversi\u00f3n siguen siendo bajas.<\/p>\n<p>No porque las pistas sean malas. Porque nadie sabe cu\u00e1les son buenas hasta que es demasiado tarde.<\/p>\n\n\n<hr class=\"wp-block-separator has-alpha-channel-opacity\"\/>\n\n\n\n<h3 class=\"wp-block-heading\">Qu\u00e9 aporta la IA a la generaci\u00f3n y cualificaci\u00f3n de clientes potenciales<\/h3>\n\n\n<p>La IA no se limita a recopilar clientes potenciales. Le dice cu\u00e1les son importantes. He aqu\u00ed c\u00f3mo:<\/p>\n\n\n<h4 class=\"wp-block-heading\">Calificaci\u00f3n autom\u00e1tica de clientes potenciales<\/h4>\n\n\n<p>La IA examina cada cliente potencial y le asigna una puntuaci\u00f3n en funci\u00f3n de:\n<ul>\n<li>Datos demogr\u00e1ficos: Tama\u00f1o de la empresa, sector, funci\u00f3n, ubicaci\u00f3n<\/li>\n<li>Comportamiento: Qu\u00e9 p\u00e1ginas han visitado, qu\u00e9 han descargado, cu\u00e1nto tiempo han estado conectados...<\/li>\n<li>Datos de la empresa: Ingresos, n\u00famero de empleados, pila tecnol\u00f3gica<\/li>\n<li>Patrones hist\u00f3ricos: \u00bfC\u00f3mo eran los clientes potenciales que se convert\u00edan?<\/li>\n<\/ul>\n<\/p>\n\n<p>Las puntuaciones altas salen a la superficie inmediatamente. Sus representantes los ven primero. Se acab\u00f3 rebuscar en las listas hasta encontrar a alguien a quien merezca la pena llamar.<\/p>\n\n\n<h4 class=\"wp-block-heading\">Detecci\u00f3n de se\u00f1ales de compra<\/h4>\n\n\n<p>La gente muestra intenci\u00f3n antes de comprar. La IA est\u00e1 atenta a las se\u00f1ales:\n<ul>\n<li>M\u00faltiples visitas a las p\u00e1ginas de precios<\/li>\n<li>Descargas de gu\u00edas de comparaci\u00f3n de productos<\/li>\n<li>Repetidas aperturas de correo electr\u00f3nico<\/li>\n<li>Tiempo dedicado a estudios de casos o calculadoras de ROI<\/li>\n<li>Compromiso de LinkedIn con su empresa<\/li>\n<\/ul>\n<\/p>\n\n<p>Cuando el comportamiento de alguien dice \"Estoy listo\", la IA lo marca. Tu representante llama cuando el cliente potencial est\u00e1 caliente. No tres d\u00edas despu\u00e9s, cuando ya han hablado con tu competidor.<\/p>\n\n\n<h4 class=\"wp-block-heading\">Preguntas de cualificaci\u00f3n automatizadas<\/h4>\n\n\n<p>No todos los clientes potenciales necesitan una llamada de ventas inmediata. Algunos necesitan primero una cualificaci\u00f3n.<\/p>\n<p>Los chatbots y formularios basados en IA hacen las preguntas que importan:\n<ul>\n<li>\u00bfQu\u00e9 problema intenta resolver?<\/li>\n<li>\u00bfCu\u00e1l es su calendario?<\/li>\n<li>\u00bfQui\u00e9n m\u00e1s participa en la decisi\u00f3n?<\/li>\n<li>\u00bfCu\u00e1l es su presupuesto?<\/li>\n<\/ul>\n<\/p>\n\n<p>La IA recopila las respuestas. Cuando un cliente potencial llega al departamento de ventas, ya sabe si est\u00e1 cualificado. Se acabaron las llamadas de descubrimiento con personas que no tienen presupuesto.<\/p>\n\n\n<h4 class=\"wp-block-heading\">Enriquecimiento de datos de plomo<\/h4>\n\n\n<p>Un cliente potencial env\u00eda una direcci\u00f3n de correo electr\u00f3nico. Y ya est\u00e1. \u00bfY ahora qu\u00e9?<\/p>\n<p>La IA rellena los huecos:\n<ul>\n<li>Nombre completo y cargo<\/li>\n<li>Ingresos y tama\u00f1o de la empresa<\/li>\n<li>Industria y subsector<\/li>\n<li>Tecnolog\u00edas que utilizan<\/li>\n<li>Perfiles sociales<\/li>\n<li>Noticias recientes de la empresa<\/li>\n<\/ul>\n<\/p>\n\n<p>Tu representante no va a ciegas. Sabe a qui\u00e9n est\u00e1 llamando y qu\u00e9 puede importarle. La conversaci\u00f3n empieza de forma m\u00e1s inteligente.<\/p>\n\n\n<h4 class=\"wp-block-heading\">Enrutamiento inteligente de clientes potenciales<\/h4>\n\n\n<p>Diferentes clientes potenciales necesitan diferentes representantes. Los negocios de empresas van a vendedores de empresas. Los clientes potenciales de pymes van a otra parte. Los territorios geogr\u00e1ficos importan. La experiencia en el sector importa.<\/p>\n<p>La IA traza rutas autom\u00e1ticamente:\n<ul>\n<li>\u00bfDirecci\u00f3n de la empresa? Va al representante senior.<\/li>\n<li>\u00bfPeque\u00f1a empresa? Asignado al equipo de PYME.<\/li>\n<li>\u00bfHuso horario europeo? El representante europeo lo consigue.<\/li>\n<li>\u00bfUna empresa sanitaria? Va al representante que sabe de sanidad.<\/li>\n<\/ul>\n<\/p>\n\n<p>Sin clasificaci\u00f3n manual. No hay clientes potenciales en una cola general. Cada contacto llega inmediatamente a la persona adecuada.<\/p>\n\n\n<hr class=\"wp-block-separator has-alpha-channel-opacity\"\/>\n\n\n\n<h3 class=\"wp-block-heading\">Lo que esto significa para usted<\/h3>\n\n\n\n<h4 class=\"wp-block-heading\">Para Directores Comerciales<\/h4>\n\n\n<p>Su equipo trabaja primero con los mejores clientes potenciales. Las tasas de \u00e9xito aumentan porque los representantes no pierden el tiempo con clientes potenciales que nunca comprar\u00e1n.<\/p>\n<p>Los ciclos de ventas se acortan porque los clientes potenciales reciben atenci\u00f3n inmediata. La precisi\u00f3n de las previsiones mejora porque se trabaja con pipeline cualificado, no con ilusiones.<\/p>\n<p>Podr\u00e1 ver qu\u00e9 fuentes de clientes potenciales convierten realmente. El gasto en marketing se destina a canales que generan oportunidades reales, no solo formularios.<\/p>\n\n\n<h4 class=\"wp-block-heading\">Para representantes de ventas<\/h4>\n\n\n<p>Se acab\u00f3 adivinar a qui\u00e9n llamar. La IA le dice qui\u00e9n es el m\u00e1s atractivo. Usted se centra en los clientes potenciales con m\u00e1s probabilidades de cerrar.<\/p>\n<p>Acudes a las llamadas preparado. Conoces la empresa. Conoces el problema. Conoces las se\u00f1ales de compra. Menos tiempo investigando, m\u00e1s tiempo vendiendo.<\/p>\n<p>Dejas de perder horas en callejones sin salida. Tu tiempo se dedica a conversaciones que realmente avanzan.<\/p>\n\n\n<h4 class=\"wp-block-heading\">Para las empresas<\/h4>\n\n\n<p>Tiempos de respuesta m\u00e1s r\u00e1pidos. Cuando alguien est\u00e1 listo para comprar, le llama usted primero, no el competidor que fue m\u00e1s lento.<\/p>\n<p>Mayores tasas de conversi\u00f3n porque los clientes potenciales cualificados obtienen conversaciones cualificadas. Menor coste por adquisici\u00f3n porque su equipo deja de perder el tiempo con candidatos inadecuados.<\/p>\n<p>Generaci\u00f3n de clientes potenciales escalable. Puede gestionar m\u00e1s llamadas entrantes sin necesidad de m\u00e1s personal.<\/p>\n\n\n<hr class=\"wp-block-separator has-alpha-channel-opacity\"\/>\n\n\n\n<h3 class=\"wp-block-heading\">Ejemplos reales de IA para la cualificaci\u00f3n de clientes potenciales<\/h3>\n\n\n\n<h4 class=\"wp-block-heading\">Ejemplo 1: Empresa SaaS<\/h4>\n\n\n<p>Una empresa B2B SaaS recib\u00eda 500 solicitudes de demostraci\u00f3n al mes. El equipo de ventas no pod\u00eda atenderlas todas con calidad. Muchas de ellas eran de poca calidad o no estaban cualificadas en absoluto.<\/p>\n<p><strong>Lo que ha cambiado:<\/strong> La IA puntu\u00f3 a cada cliente potencial en funci\u00f3n del tama\u00f1o de la empresa, la funci\u00f3n y el comportamiento en el sitio web. Los 15% superiores recibieron llamadas de ventas inmediatas. Los 40% intermedios recibieron un chatbot de cualificaci\u00f3n. Los 45% inferiores recibieron correos electr\u00f3nicos de nutrici\u00f3n.<\/p>\n<p><strong>Resultado:<\/strong> La tasa de cierre de demostraciones aument\u00f3 40% porque los representantes se centraron en clientes potenciales cualificados. El equipo de ventas gestion\u00f3 el mismo volumen sin aumentar el personal.<\/p>\n\n\n<h4 class=\"wp-block-heading\">Ejemplo 2: Empresa manufacturera<\/h4>\n\n\n<p>Una empresa manufacturera ten\u00eda un proceso de ventas complejo. Las operaciones requer\u00edan la participaci\u00f3n de varias partes interesadas. Los clientes potenciales del sitio web rara vez ten\u00edan toda la informaci\u00f3n necesaria.<\/p>\n<p><strong>Lo que ha cambiado:<\/strong> El chatbot de inteligencia artificial formula preguntas de cualificaci\u00f3n antes de pasar a ventas. \u00bfGama de presupuesto? \u00bfCalendario? \u00bfQui\u00e9n m\u00e1s est\u00e1 involucrado? Los clientes potenciales llegaban con todo el contexto.<\/p>\n<p><strong>Resultado:<\/strong> Las llamadas de descubrimiento se acortaron 30% porque la informaci\u00f3n b\u00e1sica ya estaba recopilada. El ciclo de ventas se redujo una media de 3 semanas.<\/p>\n\n\n<h4 class=\"wp-block-heading\">Ejemplo 3: Empresa de servicios profesionales<\/h4>\n\n\n<p>Una consultora ten\u00eda socios que se ocupaban de la captaci\u00f3n de clientes potenciales. Expertos muy bien pagados que se dedican a patalear. No hay un proceso de cualificaci\u00f3n coherente.<\/p>\n<p><strong>Lo que ha cambiado:<\/strong> La IA puntu\u00f3 los clientes potenciales en funci\u00f3n del perfil de la empresa y los datos enriquecidos. S\u00f3lo los clientes potenciales que superaban el umbral llegaban a los socios. El resto se enviaba al personal subalterno.<\/p>\n<p><strong>Resultado:<\/strong> Liberaci\u00f3n de tiempo de los socios para dedicarlo a clientes potenciales y de alto valor. La tasa de captaci\u00f3n de clientes potenciales gestionados por socios aument\u00f3 25%.<\/p>\n\n\n<hr class=\"wp-block-separator has-alpha-channel-opacity\"\/>\n\n\n\n<h3 class=\"wp-block-heading\">Lo que la IA no har\u00e1<\/h3>\n\n\n<p>Seamos sinceros sobre los l\u00edmites.<\/p>\n<p>La IA no mantendr\u00e1 la conversaci\u00f3n de descubrimiento. No construir\u00e1 la relaci\u00f3n. No leer\u00e1 la sala en una llamada y se adaptar\u00e1 en funci\u00f3n del tono y el lenguaje corporal.<\/p>\n<p>La IA no puede sustituir al criterio de ventas. Si la puntuaci\u00f3n de un cliente potencial es baja, pero su representante sabe que la empresa es perfecta por otros motivos, debe llamarle de todos modos. La IA proporciona datos, no \u00f3rdenes.<\/p>\n<p>La puntuaci\u00f3n de la IA mejora con el tiempo, pero necesita informaci\u00f3n. Si tu equipo cierra operaciones que la IA ha puntuado bajo, d\u00edselo al sistema. Aprende de las correcciones.<\/p>\n<p>Y la IA no arreglar\u00e1 un proceso roto. Si su producto no encaja en el mercado, o su precio es incorrecto, o su propuesta de valor no resuena, ninguna IA lo solucionar\u00e1. Primero hay que arreglar los fundamentos.<\/p>\n\n\n<hr class=\"wp-block-separator has-alpha-channel-opacity\"\/>\n\n\n\n<h3 class=\"wp-block-heading\">C\u00f3mo empezar<\/h3>\n\n\n<p>No es necesario revisar todo a la vez. Empieza poco a poco:\n<ul>\n<li><strong>Empieza por marcar.<\/strong> Aplique un sistema b\u00e1sico de puntuaci\u00f3n de clientes potenciales basado en sus datos actuales. Comprueba si los clientes potenciales con mayor puntuaci\u00f3n se convierten mejor.<\/li>\n<li><strong>A\u00f1ade enriquecimiento.<\/strong> Deje de hacer que los representantes investiguen manualmente cada cliente potencial. Deja que la IA rellene los datos de la empresa autom\u00e1ticamente.<\/li>\n<li><strong>Pruebe la cualificaci\u00f3n del chatbot.<\/strong> Ejec\u00fatelo con una fuente de clientes potenciales. Comprueba si los leads cualificados convierten mejor que los no cualificados.<\/li>\n<li><strong>Refinar las reglas de enrutamiento.<\/strong> Aseg\u00farese de que los clientes potenciales adecuados llegan a los representantes adecuados de forma coherente.<\/li>\n<li><strong>Medir y ajustar.<\/strong> Realice un seguimiento de las tasas de conversi\u00f3n por puntuaci\u00f3n. Ajuste el modelo en funci\u00f3n de lo que realmente se cierra.<\/li>\n<\/ul>\n<\/p>\n\n<p>El objetivo no es la perfecci\u00f3n. Es mejor que adivinar. Y mejor que adivinar significa cerrar m\u00e1s tratos.<\/p>\n\n\n<hr class=\"wp-block-separator has-alpha-channel-opacity\"\/>\n\n\n\n<h3 class=\"wp-block-heading\">Lo esencial<\/h3>\n\n\n<p>La generaci\u00f3n y cualificaci\u00f3n de clientes potenciales es el reconocimiento de patrones. \u00bfQu\u00e9 clientes potenciales compran? \u00bfQu\u00e9 hacen antes de comprar? \u00bfQu\u00e9 caracter\u00edsticas predicen la conversi\u00f3n?<\/p>\n<p>Los humanos no pueden ver patrones en miles de pistas. La IA s\u00ed.<\/p>\n<p>Su equipo de ventas sigue vendiendo. Simplemente dejan de perder el tiempo con clientes potenciales que no se van a cerrar. Se centran en los que s\u00ed lo har\u00e1n.<\/p>\n<p>Esto significa mayores tasas de \u00e9xito, ciclos de ventas m\u00e1s cortos y m\u00e1s ingresos por representante. No porque trabajen m\u00e1s. Sino porque trabajan de forma m\u00e1s inteligente.<\/p>\n\n\n<hr class=\"wp-block-separator has-alpha-channel-opacity\"\/>\n\n\n\n<h3 class=\"wp-block-heading\">\u00bfQuiere puntuar mejor a sus clientes potenciales?<\/h3>\n\n\n<p>Cada equipo de ventas tiene diferentes fuentes de clientes potenciales. Diferentes criterios de cualificaci\u00f3n. Diferentes procesos de venta.<\/p>\n<p>No vendemos lead scoring gen\u00e9rico. Analizamos sus datos. Identificamos qu\u00e9 se\u00f1ales predicen realmente la conversi\u00f3n en su negocio. Construimos modelos de scoring que se ajustan a su realidad.<\/p>\n<p>A continuaci\u00f3n, lo conectamos a su CRM y a sus fuentes de clientes potenciales. Su equipo ve las puntuaciones inmediatamente. Los clientes potenciales afloran autom\u00e1ticamente. Los callejones sin salida dejan de perder el tiempo.<\/p>\n<p>Sin exageraciones. Sin promesas que no podamos cumplir. Solo clientes potenciales que se cierran m\u00e1s r\u00e1pido porque su equipo sabe a qui\u00e9n llamar.<\/p>\n\n<p><a href=\"https:\/\/www.leaplytics.de\/es\/kontakt\/\">Hablemos de la cualificaci\u00f3n de sus clientes potenciales<\/a><\/p>\n\n<p><a href=\"https:\/\/www.leaplytics.de\/es\/marketing-ventas-ai\/\">Volver a Marketing y ventas AI<\/a><\/p>","protected":false},"excerpt":{"rendered":"<p>IA para la generaci\u00f3n y cualificaci\u00f3n de clientes potenciales: Deje de perseguir callejones sin salida Su equipo de ventas pierde demasiado tiempo con clientes potenciales que nunca comprar\u00e1n. No porque se les d\u00e9 mal vender. Porque nadie puede distinguir un cliente potencial caliente de uno fr\u00edo hasta que ya han invertido el tiempo. Mientras tanto, \u00bflos clientes potenciales que realmente cerrar\u00edan? Est\u00e1n esperando. ... <\/p>","protected":false},"author":2,"featured_media":0,"parent":0,"menu_order":0,"comment_status":"closed","ping_status":"closed","template":"","meta":{"footnotes":""},"class_list":["post-14479","page","type-page","status-publish","hentry","latest_post"],"_links":{"self":[{"href":"https:\/\/www.leaplytics.de\/es\/wp-json\/wp\/v2\/pages\/14479","targetHints":{"allow":["GET"]}}],"collection":[{"href":"https:\/\/www.leaplytics.de\/es\/wp-json\/wp\/v2\/pages"}],"about":[{"href":"https:\/\/www.leaplytics.de\/es\/wp-json\/wp\/v2\/types\/page"}],"author":[{"embeddable":true,"href":"https:\/\/www.leaplytics.de\/es\/wp-json\/wp\/v2\/users\/2"}],"replies":[{"embeddable":true,"href":"https:\/\/www.leaplytics.de\/es\/wp-json\/wp\/v2\/comments?post=14479"}],"version-history":[{"count":1,"href":"https:\/\/www.leaplytics.de\/es\/wp-json\/wp\/v2\/pages\/14479\/revisions"}],"predecessor-version":[{"id":14484,"href":"https:\/\/www.leaplytics.de\/es\/wp-json\/wp\/v2\/pages\/14479\/revisions\/14484"}],"wp:attachment":[{"href":"https:\/\/www.leaplytics.de\/es\/wp-json\/wp\/v2\/media?parent=14479"}],"curies":[{"name":"wp","href":"https:\/\/api.w.org\/{rel}","templated":true}]}}