{"id":14511,"date":"2025-12-19T02:02:31","date_gmt":"2025-12-19T01:02:31","guid":{"rendered":"https:\/\/www.leaplytics.de\/?page_id=14511"},"modified":"2025-12-19T02:02:32","modified_gmt":"2025-12-19T01:02:32","slug":"solicitud-de-pedido-pedido-ai","status":"publish","type":"page","link":"https:\/\/www.leaplytics.de\/es\/solicitud-de-pedido-pedido-ai\/","title":{"rendered":"Solicitudes de compra y pedidos AI"},"content":{"rendered":"<h2>IA para solicitudes de compra y pedidos: Acelerar el proceso de compra<\/h2>\n\n<p>Las solicitudes de compra y los pedidos deber\u00edan ser sencillos. Alguien necesita algo. Lo solicita. Se aprueba. El pedido sale. Hecho.<\/p>\n<p>Pero no es sencillo. Las solicitudes se almacenan en bandejas de entrada a la espera de aprobaci\u00f3n. Los compradores procesan manualmente los pedidos rutinarios. La gente no sabe a qu\u00e9 proveedor recurrir. Los pedidos van a proveedores no contratados porque el proceso de aprobaci\u00f3n es demasiado lento.<\/p>\n<p>\u00bfCu\u00e1l es el resultado? Equipos de contrataci\u00f3n enterrados en el trabajo transaccional. Gasto inconstante porque la gente se salta el sistema. Fuga de contratos porque los pedidos no se ajustan a las condiciones negociadas.<\/p>\n<p>AI lo soluciona. Procesa autom\u00e1ticamente las solicitudes est\u00e1ndar. Dirige las aprobaciones de forma inteligente. Garantiza que los pedidos se ajusten a las condiciones contractuales. Hace que el proceso sea tan r\u00e1pido que la gente realmente lo utiliza.<\/p>\n\n\n<hr class=\"wp-block-separator has-alpha-channel-opacity\"\/>\n\n\n\n<h3 class=\"wp-block-heading\">Por qu\u00e9 son lentos los procesos de pago<\/h3>\n\n\n<p>Los procesos de solicitud de pedidos no funcionan en la mayor\u00eda de las empresas. No porque los equipos de compras hagan mal su trabajo. Sino porque el proceso requiere demasiado trabajo manual.<\/p>\n<p>Alguien presenta una solicitud. Un comprador tiene que revisarla. Comprobar si se ajusta a la pol\u00edtica. Determinar qui\u00e9n debe aprobarla. Remitirla a la persona adecuada. Esperar la aprobaci\u00f3n. A continuaci\u00f3n, crear manualmente una orden de compra. Seleccione un proveedor. Vuelva a introducir todos los datos.<\/p>\n<p>Para pedidos est\u00e1ndar y rutinarios. Siempre.<\/p>\n<p>Los compradores pasan horas procesando solicitudes que siguen los mismos patrones. Material de oficina. Componentes est\u00e1ndar. Servicios recurrentes. Pedidos que no requieren experiencia humana, pero que la obtienen de todos modos porque el proceso requiere manipulaci\u00f3n manual.<\/p>\n<p>Cuando el proceso es lento, la gente lo evita. Compran directamente a los proveedores. Utilizan tarjetas de cr\u00e9dito personales. Se saltan las aprobaciones. El gasto inconstante no es malintencionado: es gente que intenta hacer su trabajo.<\/p>\n<p>Y las compras pierden el control. Los proveedores contratados no obtienen el volumen prometido. Las condiciones negociadas no se utilizan. La visibilidad del gasto desaparece.<\/p>\n\n\n<hr class=\"wp-block-separator has-alpha-channel-opacity\"\/>\n\n\n\n<h3 class=\"wp-block-heading\">Qu\u00e9 hace AI por las solicitudes de compra y los pedidos<\/h3>\n\n\n<p>La IA no s\u00f3lo acelera el proceso de solicitud. Lo hace inteligente. He aqu\u00ed c\u00f3mo.<\/p>\n\n\n<h4 class=\"wp-block-heading\">Procesamiento autom\u00e1tico de solicitudes<\/h4>\n\n\n<p>La IA recibe una solicitud. Analiza lo que se solicita.<\/p>\n<p>\u00bfEs un art\u00edculo est\u00e1ndar? La IA lo reconoce de pedidos anteriores. Valida la solicitud con respecto a la pol\u00edtica. Comprueba la disponibilidad presupuestaria. Confirma que la informaci\u00f3n requerida est\u00e1 completa.<\/p>\n<p>Si todo es correcto, la IA lo env\u00eda autom\u00e1ticamente para su aprobaci\u00f3n. No es necesaria la intervenci\u00f3n del comprador para las solicitudes rutinarias.<\/p>\n<p>Si algo va mal, la IA se\u00f1ala problemas espec\u00edficos:<\/p>\n<ul>\n<li>Falta el centro de costes o el c\u00f3digo GL<\/li>\n<li>Superaci\u00f3n del umbral presupuestario que requiere aprobaci\u00f3n especial<\/li>\n<li>El art\u00edculo no coincide con las categor\u00edas aprobadas<\/li>\n<li>Documentaci\u00f3n requerida no adjuntada<\/li>\n<li>Especificaciones poco claras que necesitan aclaraci\u00f3n<\/li>\n<\/ul>\n<p>El solicitante recibe inmediatamente una respuesta clara. No un rechazo gen\u00e9rico. Problemas concretos que hay que solucionar.<\/p>\n<p>Las solicitudes est\u00e1ndar fluyen por el sistema en cuesti\u00f3n de minutos. Las solicitudes complejas se env\u00edan a los compradores con informaci\u00f3n contextual sobre lo que hay que revisar.<\/p>\n\n\n<h4 class=\"wp-block-heading\">Rutas de aprobaci\u00f3n inteligentes<\/h4>\n\n\n<p>Los flujos de aprobaci\u00f3n son complejos. Diferentes aprobadores para diferentes importes. Diferentes rutas para diferentes categor\u00edas. Diferentes normas para diferentes departamentos.<\/p>\n<p>La gente se confunde. Las solicitudes van al aprobador equivocado. Se devuelven. Se retrasan mientras la gente averigua qui\u00e9n debe aprobarlas.<\/p>\n<p>La IA conoce las normas de aprobaci\u00f3n:<\/p>\n<ul>\n<li><strong>Enrutamiento basado en el importe:<\/strong> Menos de $1.000 va a un aprobador. M\u00e1s de $10.000 requiere una aprobaci\u00f3n adicional.<\/li>\n<li><strong>Enrutamiento basado en categor\u00edas:<\/strong> Las compras de TI necesitan la aprobaci\u00f3n de TI. Los bienes de equipo requieren una revisi\u00f3n financiera.<\/li>\n<li><strong>Normas del departamento:<\/strong> Los distintos departamentos tienen diferentes niveles de delegaci\u00f3n y cadenas de aprobaci\u00f3n.<\/li>\n<li><strong>Excepciones pol\u00edticas:<\/strong> Art\u00edculos fuera de cat\u00e1logo. Proveedores no contratados. Requisitos especiales de homologaci\u00f3n.<\/li>\n<li><strong>L\u00f3gica de sustituci\u00f3n:<\/strong> \u00bfAprobador principal no disponible? Dir\u00edjase autom\u00e1ticamente al suplente designado.<\/li>\n<\/ul>\n<p>Cada solicitud llega a la persona adecuada a la primera. Sin confusiones. Sin retrasos mientras se comprueba qui\u00e9n debe aprobar qu\u00e9.<\/p>\n<p>\u00bfY los aprobadores? Obtienen el contexto con cada solicitud. Qu\u00e9 se pide. Por qu\u00e9. Estado del presupuesto. Cumplimiento del contrato. Si se trata de algo rutinario o que requiere un examen minucioso. Pueden aprobar r\u00e1pidamente cuando proceda.<\/p>\n\n\n<h4 class=\"wp-block-heading\">Sugiere proveedores preferentes<\/h4>\n\n\n<p>Alguien solicita material de oficina. \u00bfA qu\u00e9 proveedor debe dirigirse?<\/p>\n<p>Su empresa tiene tres proveedores de material de oficina contratados. Cada uno tiene precios diferentes para art\u00edculos diferentes. Diferentes plazos de entrega. Pedidos m\u00ednimos diferentes.<\/p>\n<p>Los compradores lo saben. Han negociado los contratos. Pero los solicitantes no lo saben. Y los compradores no quieren buscar manualmente qu\u00e9 proveedor es el mejor para cada pedido.<\/p>\n<p>La IA recomienda proveedores autom\u00e1ticamente:<\/p>\n<ul>\n<li><strong>El mejor precio:<\/strong> Compara los precios contratados entre proveedores para los art\u00edculos solicitados.<\/li>\n<li><strong>Velocidad de entrega:<\/strong> Factores de urgencia y plazos de entrega de los proveedores.<\/li>\n<li><strong>Oportunidad de consolidaci\u00f3n:<\/strong> Si hay otros pedidos abiertos, sugiere combinarlos para cumplir los requisitos de pedido m\u00ednimo.<\/li>\n<li><strong>Cumplimiento de los contratos:<\/strong> Da prioridad a los proveedores con los que tiene compromisos de volumen que cumplir.<\/li>\n<li><strong>Resultados anteriores:<\/strong> Considera la fiabilidad de la entrega y el historial de calidad.<\/li>\n<\/ul>\n<p>La orden de compra va al proveedor que le ofrece el mejor valor. No al azar. No a quienquiera que conozca el solicitante. Al proveedor contratado con las mejores condiciones para ese pedido concreto.<\/p>\n<p>Aumenta el cumplimiento de los contratos. Las condiciones negociadas se utilizan realmente. Los proveedores cumplen sus compromisos de volumen porque los pedidos fluyen donde deben.<\/p>\n\n\n<h4 class=\"wp-block-heading\">Validaci\u00f3n de pedidos con respecto a los contratos<\/h4>\n\n\n<p>Los contratos se negocian por una raz\u00f3n. Mejores precios. Condiciones acordadas. Descuentos por volumen. Pero si los pedidos no se ajustan a las condiciones del contrato, se pierden las ventajas.<\/p>\n<p>La IA valida cada pedido en funci\u00f3n de las condiciones contractuales:<\/p>\n<ul>\n<li><strong>Validaci\u00f3n de precios:<\/strong> \u00bfEs \u00e9ste el precio contratado? Si no es as\u00ed, m\u00e1rquelo y explique la diferencia.<\/li>\n<li><strong>Cumplimiento de plazos:<\/strong> \u00bfHacemos los pedidos dentro de las cantidades m\u00ednimas\/m\u00e1ximas acordadas?<\/li>\n<li><strong>Verificaci\u00f3n de descuentos:<\/strong> \u00bfSe aplican los descuentos contratados? \u00bfSe han calculado correctamente los descuentos por volumen?<\/li>\n<li><strong>Producto a juego:<\/strong> \u00bfSe trata de un art\u00edculo contratado o de un sustituto similar a otro precio?<\/li>\n<li><strong>Condiciones de pago:<\/strong> \u00bfUtilizamos las condiciones de pago negociadas o condiciones diferentes?<\/li>\n<\/ul>\n<p>Si un pedido no coincide con el contrato, la IA lo marca antes de que salga el pedido.<\/p>\n<p>Puede que el precio sea superior al contratado. Puede que el proveedor haya retirado \"accidentalmente\" un descuento. Tal vez alguien est\u00e1 pidiendo un art\u00edculo no contratado cuando existe una alternativa contratada.<\/p>\n<p>Se detecta antes de pagar. No durante la conciliaci\u00f3n de facturas, cuando ya es demasiado tarde.<\/p>\n<p>No se trata de desconfiar de los proveedores. Se trata de garantizar que las condiciones que negociaste se aplican realmente a cada pedido.<\/p>\n\n\n<h4 class=\"wp-block-heading\">Seguimiento proactivo del estado de los pedidos<\/h4>\n\n\n<p>Salen los pedidos. Entonces empiezan las preguntas. \"\u00bfD\u00f3nde est\u00e1 mi pedido?\" \"\u00bfCu\u00e1ndo llegar\u00e1?\" \"\u00bfMe lo ha confirmado el proveedor?\"<\/p>\n<p>Los compradores se hacen estas preguntas constantemente. Comprueban los sistemas. Llaman a los proveedores. Env\u00edan correos electr\u00f3nicos. Las actualizaciones de estado son un trabajo a tiempo completo.<\/p>\n<p>La IA supervisa autom\u00e1ticamente el estado de los pedidos:<\/p>\n<ul>\n<li><strong>Confirmaci\u00f3n del proveedor:<\/strong> \u00bfAcept\u00f3 el proveedor el pedido? \u00bfHa aceptado la fecha de entrega? \u00bfHa se\u00f1alado alguna discrepancia?<\/li>\n<li><strong>Seguimiento de la producci\u00f3n\/env\u00edo:<\/strong> \u00bfVa el pedido seg\u00fan lo previsto? \u00bfSe ha enviado? \u00bfEst\u00e1 en tr\u00e1nsito?<\/li>\n<li><strong>Seguimiento de la entrega:<\/strong> Se acerca la fecha de entrega prevista. \u00bfHa llegado? \u00bfSe ha recibido en el inventario?<\/li>\n<li><strong>Alertas de excepci\u00f3n:<\/strong> Retrasos. Pedidos pendientes. Problemas de calidad se\u00f1alados en la recepci\u00f3n. Discrepancias de cantidad.<\/li>\n<li><strong>Comunicaci\u00f3n proactiva:<\/strong> Actualiza autom\u00e1ticamente a los solicitantes. S\u00f3lo pasa a los compradores cuando es necesario intervenir.<\/li>\n<\/ul>\n<p>Los solicitantes reciben actualizaciones de estado sin preguntar. Los compradores se centran en las excepciones, no en las comprobaciones rutinarias de estado.<\/p>\n<p>\u00bfUn pedido se retrasa? La IA avisa al solicitante y al comprador antes de que alguien tenga que preguntar. Proporciona contexto: por qu\u00e9 se ha retrasado, nueva fecha prevista, si existen alternativas.<\/p>\n<p>Los problemas se abordan de forma proactiva. No se descubren cuando alguien pregunta: \"Oye, \u00bfd\u00f3nde est\u00e1 el pedido que hice hace tres semanas?\".<\/p>\n\n\n<hr class=\"wp-block-separator has-alpha-channel-opacity\"\/>\n\n\n\n<h3 class=\"wp-block-heading\">Lo que esto significa para usted<\/h3>\n\n\n\n<h4 class=\"wp-block-heading\">Para directores de compras<\/h4>\n\n\n<p>Usted obtiene el control y la visibilidad de todo el proceso de compra a pedido.<\/p>\n<ul>\n<li><strong>Mayor cumplimiento de los contratos:<\/strong> Los pedidos llegan a los proveedores contratados. Se utilizan las condiciones negociadas. Se cumplen los compromisos de volumen.<\/li>\n<li><strong>Menos gasto inconformista:<\/strong> Cuando el proceso aprobado es r\u00e1pido, la gente lo utiliza en lugar de eludirlo.<\/li>\n<li><strong>Ciclos de contrataci\u00f3n m\u00e1s r\u00e1pidos:<\/strong> Los pedidos est\u00e1ndar se procesan en minutos, no en d\u00edas. Las necesidades de las empresas se satisfacen m\u00e1s r\u00e1pido.<\/li>\n<li><strong>Mejor asignaci\u00f3n de recursos:<\/strong> Los compradores trabajan en compras y negociaciones complejas, no en la tramitaci\u00f3n rutinaria de pedidos.<\/li>\n<li><strong>Visibilidad del gasto:<\/strong> Todos los pedidos fluyen a trav\u00e9s del sistema. Visibilidad completa de lo que se compra y a qui\u00e9n.<\/li>\n<\/ul>\n\n\n<h4 class=\"wp-block-heading\">Para responsables de compras y compradores<\/h4>\n\n\n<p>Dejas de ser un centro de tramitaci\u00f3n de solicitudes y te conviertes en una funci\u00f3n estrat\u00e9gica.<\/p>\n<ul>\n<li><strong>Dejar de procesar pedidos rutinarios:<\/strong> Las solicitudes est\u00e1ndar fluyen autom\u00e1ticamente. Usted se ocupa s\u00f3lo de lo que necesita experiencia.<\/li>\n<li><strong>Centrarse en las compras complejas:<\/strong> Tiempo de negociaci\u00f3n. Gesti\u00f3n de las relaciones con los proveedores. Aprovisionamiento estrat\u00e9gico.<\/li>\n<li><strong>Mejor utilizaci\u00f3n de los contratos:<\/strong> Los pedidos se env\u00edan autom\u00e1ticamente a los proveedores adecuados en las condiciones adecuadas.<\/li>\n<li><strong>Menos comprobaci\u00f3n de estado:<\/strong> El seguimiento automatizado se ocupa de las cuestiones rutinarias. Usted se centra en las excepciones.<\/li>\n<li><strong>Carga de trabajo clara:<\/strong> Sepa qu\u00e9 necesita su atenci\u00f3n. Lo que es rutinario se gestiona autom\u00e1ticamente.<\/li>\n<\/ul>\n\n\n<h4 class=\"wp-block-heading\">Para solicitantes y usuarios empresariales<\/h4>\n\n\n<p>Obtendr\u00e1 lo que necesita, m\u00e1s r\u00e1pido y con menos complicaciones.<\/p>\n<ul>\n<li><strong>Pedidos m\u00e1s r\u00e1pidos:<\/strong> Solicitudes est\u00e1ndar aprobadas y pedidas en cuesti\u00f3n de minutos. Se acabaron los d\u00edas de espera para art\u00edculos rutinarios.<\/li>\n<li><strong>Estado limpio:<\/strong> Sepa d\u00f3nde est\u00e1 su pedido sin preguntar. Actualizaciones proactivas sobre la entrega.<\/li>\n<li><strong>Proceso sencillo:<\/strong> Orientaci\u00f3n clara sobre lo que se necesita. Informaci\u00f3n inmediata si algo va mal.<\/li>\n<li><strong>Mejor servicio:<\/strong> Proveedores preferentes sugeridos autom\u00e1ticamente. Mejores plazos y condiciones de entrega.<\/li>\n<li><strong>Se acabaron las soluciones provisionales:<\/strong> El proceso de aprobaci\u00f3n es lo suficientemente r\u00e1pido como para no tener que pasarlo por alto.<\/li>\n<\/ul>\n\n\n<hr class=\"wp-block-separator has-alpha-channel-opacity\"\/>\n\n\n\n<h3 class=\"wp-block-heading\">Lo que la IA no har\u00e1<\/h3>\n\n\n<p>Dejemos claro lo que no es.<\/p>\n<p>La IA no aprueba las compras. Las aprueban los humanos. La IA s\u00f3lo dirige las solicitudes al aprobador adecuado con la informaci\u00f3n correcta.<\/p>\n<p>La IA no sustituye al criterio del comprador en las compras complejas. Nuevos proveedores. Art\u00edculos no est\u00e1ndar. Bienes de equipo. Compras estrat\u00e9gicas. Estas requieren experiencia humana.<\/p>\n<p>La IA no elimina todo el trabajo manual. Algunas solicitudes son complejas. Algunos pedidos necesitan un tratamiento especial. Algunas situaciones requieren un juicio humano sobre el riesgo, la calidad o la selecci\u00f3n de proveedores.<\/p>\n<p>Lo que hace la IA es ocuparse de la rutina. Los pedidos est\u00e1ndar que siguen patrones. El 80% de las solicitudes que no necesitan experiencia humana, pero que hist\u00f3ricamente la han tenido de todos modos porque el proceso requer\u00eda manipulaci\u00f3n manual.<\/p>\n<p>Sus compradores siguen tomando decisiones. Solo toman decisiones sobre cosas que realmente necesitan su experiencia.<\/p>\n\n\n<hr class=\"wp-block-separator has-alpha-channel-opacity\"\/>\n\n\n\n<h3 class=\"wp-block-heading\">Resultados reales de la IA de pedidos y solicitudes<\/h3>\n\n\n<p>Esto es lo que ocurre en la pr\u00e1ctica:<\/p>\n\n<p><strong>70-80% de solicitudes procesadas autom\u00e1ticamente:<\/strong> Los pedidos est\u00e1ndar fluyen sin intervenci\u00f3n del comprador. Los compradores se centran en los 20-30% que necesitan experiencia.<\/p>\n\n<p><strong>Reducci\u00f3n de la duraci\u00f3n del ciclo de aprobaci\u00f3n en 50-70%:<\/strong> Las solicitudes llegan inmediatamente a la persona adecuada. Sin confusiones, sin retrasos, sin idas y venidas.<\/p>\n\n<p><strong>Aumenta el cumplimiento del contrato 15-30%:<\/strong> Los pedidos fluyen autom\u00e1ticamente a los proveedores contratados en las condiciones contratadas. Disminuye el gasto inconstante.<\/p>\n\n<p><strong>Capacidad de compra liberada:<\/strong> Horas diarias recuperadas de la tramitaci\u00f3n rutinaria de pedidos. Tiempo reasignado a la contrataci\u00f3n estrat\u00e9gica y las negociaciones.<\/p>\n\n<p><strong>Mejor experiencia de usuario:<\/strong> Lo suficientemente r\u00e1pido como para que la gente utilice el sistema en lugar de buscar soluciones. Una mayor adopci\u00f3n significa una mejor visibilidad del gasto.<\/p>\n\n<p>No se trata de reducir el personal de compras. Se trata de dejar que Compras realice un trabajo m\u00e1s estrat\u00e9gico con los mismos recursos.<\/p>\n\n\n<hr class=\"wp-block-separator has-alpha-channel-opacity\"\/>\n\n\n\n<h3 class=\"wp-block-heading\">\u00bfEst\u00e1 listo para acelerar su proceso de compra?<\/h3>\n\n\n<p>El proceso de solicitud y pedido de cada empresa es diferente. Sus flujos de trabajo de aprobaci\u00f3n reflejan su estructura organizativa. Su base de proveedores tiene caracter\u00edsticas \u00fanicas. Sus categor\u00edas tienen requisitos diferentes.<\/p>\n<p>No vendemos automatizaci\u00f3n de compras gen\u00e9rica. Analizamos su proceso espec\u00edfico de solicitud de pedido. Identificamos qu\u00e9 pedidos pueden automatizarse y cu\u00e1les requieren conocimientos humanos. Creamos sistemas que se adaptan al funcionamiento real de su organizaci\u00f3n.<\/p>\n<p>No prometemos que todo vaya a estar automatizado. Solo una IA pr\u00e1ctica que gestione los pedidos rutinarios para que sus compradores puedan centrarse en las compras estrat\u00e9gicas.<\/p>\n\n<p><a href=\"https:\/\/www.leaplytics.de\/es\/kontakt\/\">Hablemos de su proceso de solicitud de pedidos<\/a><\/p>\n\n<p><a href=\"https:\/\/www.leaplytics.de\/es\/contratacion-publica-ai\/\">Volver Abastecimiento y adquisiciones AI<\/a><\/p>","protected":false},"excerpt":{"rendered":"<p>AI for Purchase Requisition &#038; Ordering: Speed Up the Buying Process Purchase requisitions and ordering should be simple. Someone needs something. They request it. It gets approved. The order goes out. Done. But it&#8217;s not simple. Requisitions sit in inboxes waiting for approval. Buyers manually process routine orders. People don&#8217;t know which supplier to use. &hellip; <\/p>","protected":false},"author":2,"featured_media":0,"parent":0,"menu_order":0,"comment_status":"closed","ping_status":"closed","template":"","meta":{"footnotes":""},"class_list":["post-14511","page","type-page","status-publish","hentry","latest_post"],"_links":{"self":[{"href":"https:\/\/www.leaplytics.de\/es\/wp-json\/wp\/v2\/pages\/14511","targetHints":{"allow":["GET"]}}],"collection":[{"href":"https:\/\/www.leaplytics.de\/es\/wp-json\/wp\/v2\/pages"}],"about":[{"href":"https:\/\/www.leaplytics.de\/es\/wp-json\/wp\/v2\/types\/page"}],"author":[{"embeddable":true,"href":"https:\/\/www.leaplytics.de\/es\/wp-json\/wp\/v2\/users\/2"}],"replies":[{"embeddable":true,"href":"https:\/\/www.leaplytics.de\/es\/wp-json\/wp\/v2\/comments?post=14511"}],"version-history":[{"count":1,"href":"https:\/\/www.leaplytics.de\/es\/wp-json\/wp\/v2\/pages\/14511\/revisions"}],"predecessor-version":[{"id":14518,"href":"https:\/\/www.leaplytics.de\/es\/wp-json\/wp\/v2\/pages\/14511\/revisions\/14518"}],"wp:attachment":[{"href":"https:\/\/www.leaplytics.de\/es\/wp-json\/wp\/v2\/media?parent=14511"}],"curies":[{"name":"wp","href":"https:\/\/api.w.org\/{rel}","templated":true}]}}