{"id":1785,"date":"2021-04-30T00:16:19","date_gmt":"2021-04-29T22:16:19","guid":{"rendered":"https:\/\/www.leaplytics.de\/?page_id=1785"},"modified":"2024-10-29T13:47:21","modified_gmt":"2024-10-29T12:47:21","slug":"suite-de-gestion-de-proyectos-para-qliksense","status":"publish","type":"page","link":"https:\/\/www.leaplytics.de\/es\/portada\/extensiones-qlik-sense\/suite-de-gestion-de-proyectos-para-qliksense\/","title":{"rendered":"Suite de Gesti\u00f3n de Proyectos para Qlik Sense"},"content":{"rendered":"<p>\u00a1Desh\u00e1gase de los parches insuficientes y poco maduros para la gesti\u00f3n de proyectos en Qlik Sense con LeapLytics Project Management Suite!<\/p>\n\n\n\n<p>La Suite de Gesti\u00f3n de Proyectos para Qlik Sense incluye todo lo que necesita para crear un informe completo del estado de la gesti\u00f3n de proyectos. Incluye 3 visualizaciones \u00fanicas: Sem\u00e1foro, Matriz de Riesgos y Cronograma. Adem\u00e1s, obtendr\u00e1 los complementos necesarios para dise\u00f1ar su cuadro de mando de gesti\u00f3n de proyectos. Las extensiones muestran un alto rendimiento, un alto nivel de madurez y facilidad de uso, as\u00ed como flexibilidad para adaptarse a sus necesidades individuales.<\/p>\n\n\n\n<p>La Suite incluye Add-Ons relevantes que realmente mejoran la creaci\u00f3n de un cuadro de mando de gesti\u00f3n de proyectos. Los Trazos Divisores pueden estructurar el cuadro de mando en \u00e1reas para guiar al usuario con el m\u00e1ximo rendimiento. El Visor de Madurez aporta m\u00e1s claridad sobre las etapas o fases del proyecto. La Extensi\u00f3n de Logotipo de Empresa transfiere el logotipo individual de su empresa a un objeto QlikSense utilizable. La conversi\u00f3n de su logotipo es gratuita.<\/p>\n\n\n\n<p>La Suite tambi\u00e9n viene con una integraci\u00f3n de paquetes f\u00e1cil de usar con el fin de ver las extensiones de gesti\u00f3n de proyectos de un vistazo. Las extensiones muestran una gu\u00eda de usuario armonizada a trav\u00e9s de la configuraci\u00f3n, as\u00ed como un manejo intuitivo sin experiencia de codificaci\u00f3n. La amplia documentaci\u00f3n con casos de uso relacionados con el negocio complementa la facilidad de uso. Las frecuentes y s\u00f3lidas versiones mantienen su caso de uso actualizado.<\/p>\n\n\n\n<h3 class=\"wp-block-heading\">Contenidos de Project Management Suite para Qlik Sense<\/h3>\n\n\n\n<p>Abra la documentaci\u00f3n oficial haciendo clic en la imagen. <\/p>\n\n\n\n<div class=\"wp-block-columns is-layout-flex wp-container-core-columns-is-layout-1 wp-block-columns-is-layout-flex\">\n<div class=\"wp-block-column is-layout-flow wp-block-column-is-layout-flow\">\n<h4 class=\"wp-block-heading\"><strong>Sem\u00e1foro<\/strong><\/h4>\n<\/div>\n\n\n\n<div class=\"wp-block-column is-layout-flow wp-block-column-is-layout-flow\">\n<h4 class=\"wp-block-heading\"><strong>Mapa de riesgos<\/strong><\/h4>\n<\/div>\n\n\n\n<div class=\"wp-block-column is-layout-flow wp-block-column-is-layout-flow\">\n<h4 class=\"wp-block-heading\"><strong>Cronolog\u00eda<\/strong><\/h4>\n<\/div>\n\n\n\n<div class=\"wp-block-column is-layout-flow wp-block-column-is-layout-flow\">\n<h4 class=\"wp-block-heading\"><strong>Aceleradores<\/strong><\/h4>\n<\/div>\n<\/div>\n\n\n\n<div class=\"wp-block-columns is-layout-flex wp-container-core-columns-is-layout-2 wp-block-columns-is-layout-flex\">\n<div class=\"wp-block-column is-layout-flow wp-block-column-is-layout-flow\">\n<figure class=\"wp-block-image size-full\"><img loading=\"lazy\" decoding=\"async\" width=\"287\" height=\"300\" src=\"https:\/\/www.leaplytics.de\/wp-content\/uploads\/2021\/11\/TrafficLight300pixel.png\" alt=\"\" class=\"wp-image-2361\" title=\"Suite de gesti\u00f3n de proyectos Sem\u00e1foro\" srcset=\"https:\/\/www.leaplytics.de\/wp-content\/uploads\/2021\/11\/TrafficLight300pixel.png 287w, https:\/\/www.leaplytics.de\/wp-content\/uploads\/2021\/11\/TrafficLight300pixel-57x60.png 57w\" sizes=\"auto, (max-width: 287px) 100vw, 287px\" \/><\/figure>\n<\/div>\n\n\n\n<div class=\"wp-block-column is-layout-flow wp-block-column-is-layout-flow\">\n<figure class=\"wp-block-image size-full\"><img loading=\"lazy\" decoding=\"async\" width=\"287\" height=\"300\" src=\"https:\/\/www.leaplytics.de\/wp-content\/uploads\/2021\/11\/RiskHeatmap-Kasten-Blau_300pixel.png\" alt=\"\" class=\"wp-image-2363\" title=\"Mapa de riesgos del paquete de gesti\u00f3n de proyectos\" srcset=\"https:\/\/www.leaplytics.de\/wp-content\/uploads\/2021\/11\/RiskHeatmap-Kasten-Blau_300pixel.png 287w, https:\/\/www.leaplytics.de\/wp-content\/uploads\/2021\/11\/RiskHeatmap-Kasten-Blau_300pixel-57x60.png 57w\" sizes=\"auto, (max-width: 287px) 100vw, 287px\" \/><\/figure>\n<\/div>\n\n\n\n<div class=\"wp-block-column is-vertically-aligned-center is-layout-flow wp-block-column-is-layout-flow\"><div class=\"wp-block-image\">\n<figure class=\"aligncenter size-full\"><img loading=\"lazy\" decoding=\"async\" width=\"287\" height=\"300\" src=\"https:\/\/www.leaplytics.de\/wp-content\/uploads\/2021\/11\/TIMELINE_300pixel.png\" alt=\"\" class=\"wp-image-2364\" title=\"Vista de hitos de Project Management Suite\" srcset=\"https:\/\/www.leaplytics.de\/wp-content\/uploads\/2021\/11\/TIMELINE_300pixel.png 287w, https:\/\/www.leaplytics.de\/wp-content\/uploads\/2021\/11\/TIMELINE_300pixel-57x60.png 57w\" sizes=\"auto, (max-width: 287px) 100vw, 287px\" \/><\/figure><\/div><\/div>\n\n\n\n<div class=\"wp-block-column is-layout-flow wp-block-column-is-layout-flow\">\n<figure class=\"wp-block-image size-full\"><img loading=\"lazy\" decoding=\"async\" width=\"567\" height=\"593\" src=\"https:\/\/www.leaplytics.de\/wp-content\/uploads\/2021\/11\/Accelerators_1_300pixel.png\" alt=\"\" class=\"wp-image-2365\" title=\"Acelerador de la Suite de Gesti\u00f3n de Proyectos\" srcset=\"https:\/\/www.leaplytics.de\/wp-content\/uploads\/2021\/11\/Accelerators_1_300pixel.png 567w, https:\/\/www.leaplytics.de\/wp-content\/uploads\/2021\/11\/Accelerators_1_300pixel-287x300.png 287w, https:\/\/www.leaplytics.de\/wp-content\/uploads\/2021\/11\/Accelerators_1_300pixel-57x60.png 57w\" sizes=\"auto, (max-width: 567px) 100vw, 567px\" \/><\/figure>\n<\/div>\n<\/div>\n\n\n\n<div class=\"wp-block-columns is-layout-flex wp-container-core-columns-is-layout-3 wp-block-columns-is-layout-flex\">\n<div class=\"wp-block-column is-layout-flow wp-block-column-is-layout-flow\">\n<h6 class=\"wp-block-heading\">Borrar indicaci\u00f3n de estado<\/h6>\n\n\n\n<h6 class=\"wp-block-heading\">Gamas flexibles para todo tipo de unidades<\/h6>\n\n\n\n<h6 class=\"wp-block-heading\">Aspecto individual y facilidad de uso<\/h6>\n<\/div>\n\n\n\n<div class=\"wp-block-column is-layout-flow wp-block-column-is-layout-flow\">\n<h6 class=\"wp-block-heading\">Perfiles de riesgo completos<\/h6>\n\n\n\n<h6 class=\"wp-block-heading\">Parrilla estable y sencilla para 2 categor\u00edas<\/h6>\n\n\n\n<h6 class=\"wp-block-heading\">Diferentes conjuntos de campos y codificaci\u00f3n por colores<\/h6>\n<\/div>\n\n\n\n<div class=\"wp-block-column is-layout-flow wp-block-column-is-layout-flow\">\n<h6 class=\"wp-block-heading\">Visualizaci\u00f3n de hitos en funci\u00f3n del tiempo<\/h6>\n\n\n\n<h6 class=\"wp-block-heading\">Escalado autom\u00e1tico de la l\u00ednea de tiempo con inicio y fin<\/h6>\n\n\n\n<h6 class=\"wp-block-heading\">Descripciones flexibles y colores de desviaci\u00f3n<\/h6>\n<\/div>\n\n\n\n<div class=\"wp-block-column is-layout-flow wp-block-column-is-layout-flow\">\n<h6 class=\"wp-block-heading\">Complementos de rendimiento<\/h6>\n\n\n\n<h6 class=\"wp-block-heading\">Logotipo individual de la empresa<\/h6>\n\n\n\n<h6 class=\"wp-block-heading\">Vista de madurez para muchos casos de uso<\/h6>\n<\/div>\n<\/div>\n\n\n\n<hr class=\"wp-block-separator has-css-opacity\"\/>\n\n\n\n<p>Suscr\u00edbase aqu\u00ed para recibir actualizaciones y comunicados exclusivos: <a href=\"https:\/\/www.leaplytics.de\/es\/subscribe_product\/\"><strong>Suscripci\u00f3n<\/strong><\/a><\/p>\n\n\n\n<div class=\"wp-block-columns are-vertically-aligned-center is-layout-flex wp-container-core-columns-is-layout-4 wp-block-columns-is-layout-flex\">\n<div class=\"wp-block-column is-vertically-aligned-center is-layout-flow wp-block-column-is-layout-flow\" style=\"flex-basis:100%\">\n<p><\/p>\n<\/div>\n<\/div>\n\n\n\n<p><\/p>","protected":false},"excerpt":{"rendered":"<p>Obtenga una visi\u00f3n n\u00edtida de sus perfiles de riesgo con Risk Heatmap para QilkSense. La extensi\u00f3n est\u00e1 construida para visualizar perfiles, que se miden en una matriz de dos KPIs y diferentes categor\u00edas. Es capaz de visualizar m\u00faltiples indicadores (hasta 4 en la versi\u00f3n gratuita) por campo. Varios ajustes como un cambio f\u00e1cil entre una matriz de 3\u00d73 y 5\u00d75 campos, ajustes de bordes y texto adaptan esta extensi\u00f3n a sus necesidades de informaci\u00f3n. <\/p>\n<p>Esta extensi\u00f3n tambi\u00e9n se puede utilizar para controlar e indicar umbrales para todo tipo de medidas f\u00edsicas, indicadores de calidad y divergencias en general. Con esto, se puede aplicar a un amplio n\u00famero de casos de uso, que se producen diferentes negocios.<\/p>","protected":false},"author":1,"featured_media":0,"parent":227,"menu_order":1,"comment_status":"closed","ping_status":"closed","template":"","meta":{"footnotes":""},"class_list":["post-1785","page","type-page","status-publish","hentry","latest_post"],"_links":{"self":[{"href":"https:\/\/www.leaplytics.de\/es\/wp-json\/wp\/v2\/pages\/1785","targetHints":{"allow":["GET"]}}],"collection":[{"href":"https:\/\/www.leaplytics.de\/es\/wp-json\/wp\/v2\/pages"}],"about":[{"href":"https:\/\/www.leaplytics.de\/es\/wp-json\/wp\/v2\/types\/page"}],"author":[{"embeddable":true,"href":"https:\/\/www.leaplytics.de\/es\/wp-json\/wp\/v2\/users\/1"}],"replies":[{"embeddable":true,"href":"https:\/\/www.leaplytics.de\/es\/wp-json\/wp\/v2\/comments?post=1785"}],"version-history":[{"count":3,"href":"https:\/\/www.leaplytics.de\/es\/wp-json\/wp\/v2\/pages\/1785\/revisions"}],"predecessor-version":[{"id":13665,"href":"https:\/\/www.leaplytics.de\/es\/wp-json\/wp\/v2\/pages\/1785\/revisions\/13665"}],"up":[{"embeddable":true,"href":"https:\/\/www.leaplytics.de\/es\/wp-json\/wp\/v2\/pages\/227"}],"wp:attachment":[{"href":"https:\/\/www.leaplytics.de\/es\/wp-json\/wp\/v2\/media?parent=1785"}],"curies":[{"name":"wp","href":"https:\/\/api.w.org\/{rel}","templated":true}]}}