{"id":23,"date":"2020-10-13T23:19:51","date_gmt":"2020-10-13T21:19:51","guid":{"rendered":"https:\/\/www.blytics.de\/?page_id=23"},"modified":"2025-04-15T20:00:36","modified_gmt":"2025-04-15T18:00:36","slug":"acerca-de","status":"publish","type":"page","link":"https:\/\/www.leaplytics.de\/es\/acerca-de\/","title":{"rendered":"Los or\u00edgenes de LeapLytics"},"content":{"rendered":"<p>Esta es una historia sobre dos amigos de Frankfurt, Alemania. Era el a\u00f1o 2020. Hab\u00edamos estado trabajando en varias funciones de proyecto, como jefe de proyecto, PMO estrat\u00e9gica y operativa. Y nos dimos cuenta de que no ten\u00edamos a mano una soluci\u00f3n real de informes y an\u00e1lisis de gesti\u00f3n de proyectos que se ajustara a las necesidades de varias funciones de gesti\u00f3n de proyectos. Por lo tanto, empezamos a saltar la gesti\u00f3n de proyectos con nuevas ideas para soluciones anal\u00edticas.<\/p>\n\n\n\n<p>Creamos LeapLytics con la visi\u00f3n de dar vida a los an\u00e1lisis relacionados con la gesti\u00f3n de proyectos. Desde el principio, estaba claro que un reporting integrado no pod\u00eda realizarse con soluciones de reporting independientes, sino con un enfoque integrado. La elaboraci\u00f3n de informes de proyectos deber\u00eda ser posible con soluciones ya existentes en empresas y grupos.<\/p>\n\n\n\n<p>Hoy en d\u00eda, LeapLytics es sin\u00f3nimo de soluciones frescas e innovadoras para la elaboraci\u00f3n de informes, que se adaptan a diferentes niveles de integraci\u00f3n: desde extensiones para integrar en sus cuadros de mando, pasando por cuadros de mando listos para usar para determinados casos de uso, hasta consultor\u00eda individual para la elaboraci\u00f3n de informes y el modelado de datos.<\/p>\n\n\n\n<p>Como fundadores, queremos ofrecer soluciones profesionales de elaboraci\u00f3n de informes dentro de su enfoque de productos y consultor\u00eda.<\/p>\n\n\n\n<figure class=\"wp-block-gallery has-nested-images columns-default is-cropped wp-block-gallery-1 is-layout-flex wp-block-gallery-is-layout-flex\">\n<figure class=\"wp-block-image size-large\"><a href=\"https:\/\/www.linkedin.com\/in\/stefanpreusler\/\"><img loading=\"lazy\" decoding=\"async\" width=\"768\" height=\"1024\" data-id=\"480\" src=\"https:\/\/www.leaplytics.de\/wp-content\/uploads\/2020\/11\/stefan-v2-2-768x1024.jpeg\" alt=\"\" class=\"wp-image-480\" srcset=\"https:\/\/www.leaplytics.de\/wp-content\/uploads\/2020\/11\/stefan-v2-2-768x1024.jpeg 768w, https:\/\/www.leaplytics.de\/wp-content\/uploads\/2020\/11\/stefan-v2-2-scaled-600x800.jpeg 600w, https:\/\/www.leaplytics.de\/wp-content\/uploads\/2020\/11\/stefan-v2-2-225x300.jpeg 225w, https:\/\/www.leaplytics.de\/wp-content\/uploads\/2020\/11\/stefan-v2-2-1152x1536.jpeg 1152w, https:\/\/www.leaplytics.de\/wp-content\/uploads\/2020\/11\/stefan-v2-2-1536x2048.jpeg 1536w, https:\/\/www.leaplytics.de\/wp-content\/uploads\/2020\/11\/stefan-v2-2-45x60.jpeg 45w, https:\/\/www.leaplytics.de\/wp-content\/uploads\/2020\/11\/stefan-v2-2-scaled.jpeg 1920w\" sizes=\"auto, (max-width: 768px) 100vw, 768px\" \/><\/a><figcaption class=\"wp-element-caption\">Stefan Preusler<\/figcaption><\/figure>\n\n\n\n<figure class=\"wp-block-image size-large\"><a href=\"https:\/\/www.linkedin.com\/in\/dominik-galsheimer-3233461b9\/\"><img loading=\"lazy\" decoding=\"async\" width=\"851\" height=\"1024\" data-id=\"488\" src=\"https:\/\/www.leaplytics.de\/wp-content\/uploads\/2020\/11\/Dominik_About-scaled-e1604523139831-851x1024.jpg\" alt=\"\" class=\"wp-image-488\" srcset=\"https:\/\/www.leaplytics.de\/wp-content\/uploads\/2020\/11\/Dominik_About-scaled-e1604523139831-851x1024.jpg 851w, https:\/\/www.leaplytics.de\/wp-content\/uploads\/2020\/11\/Dominik_About-scaled-e1604523139831-600x722.jpg 600w, https:\/\/www.leaplytics.de\/wp-content\/uploads\/2020\/11\/Dominik_About-scaled-e1604523139831-249x300.jpg 249w, https:\/\/www.leaplytics.de\/wp-content\/uploads\/2020\/11\/Dominik_About-scaled-e1604523139831-768x924.jpg 768w, https:\/\/www.leaplytics.de\/wp-content\/uploads\/2020\/11\/Dominik_About-scaled-e1604523139831-1277x1536.jpg 1277w, https:\/\/www.leaplytics.de\/wp-content\/uploads\/2020\/11\/Dominik_About-scaled-e1604523139831-1702x2048.jpg 1702w, https:\/\/www.leaplytics.de\/wp-content\/uploads\/2020\/11\/Dominik_About-scaled-e1604523139831-50x60.jpg 50w, https:\/\/www.leaplytics.de\/wp-content\/uploads\/2020\/11\/Dominik_About-scaled-e1604523139831.jpg 1920w\" sizes=\"auto, (max-width: 851px) 100vw, 851px\" \/><\/a><figcaption class=\"wp-element-caption\">Dominik Galsheimer<\/figcaption><\/figure>\n<\/figure>","protected":false},"excerpt":{"rendered":"<p>LeapLytics es sin\u00f3nimo de soluciones frescas e innovadoras para la elaboraci\u00f3n de informes, que se adaptan a diferentes niveles de integraci\u00f3n<\/p>","protected":false},"author":1,"featured_media":3395,"parent":0,"menu_order":0,"comment_status":"closed","ping_status":"closed","template":"","meta":{"footnotes":""},"class_list":["post-23","page","type-page","status-publish","has-post-thumbnail","hentry","latest_post"],"_links":{"self":[{"href":"https:\/\/www.leaplytics.de\/es\/wp-json\/wp\/v2\/pages\/23","targetHints":{"allow":["GET"]}}],"collection":[{"href":"https:\/\/www.leaplytics.de\/es\/wp-json\/wp\/v2\/pages"}],"about":[{"href":"https:\/\/www.leaplytics.de\/es\/wp-json\/wp\/v2\/types\/page"}],"author":[{"embeddable":true,"href":"https:\/\/www.leaplytics.de\/es\/wp-json\/wp\/v2\/users\/1"}],"replies":[{"embeddable":true,"href":"https:\/\/www.leaplytics.de\/es\/wp-json\/wp\/v2\/comments?post=23"}],"version-history":[{"count":15,"href":"https:\/\/www.leaplytics.de\/es\/wp-json\/wp\/v2\/pages\/23\/revisions"}],"predecessor-version":[{"id":13709,"href":"https:\/\/www.leaplytics.de\/es\/wp-json\/wp\/v2\/pages\/23\/revisions\/13709"}],"wp:featuredmedia":[{"embeddable":true,"href":"https:\/\/www.leaplytics.de\/es\/wp-json\/wp\/v2\/media\/3395"}],"wp:attachment":[{"href":"https:\/\/www.leaplytics.de\/es\/wp-json\/wp\/v2\/media?parent=23"}],"curies":[{"name":"wp","href":"https:\/\/api.w.org\/{rel}","templated":true}]}}