{"id":2301,"date":"2021-09-10T23:49:33","date_gmt":"2021-09-10T21:49:33","guid":{"rendered":"https:\/\/www.leaplytics.de\/?page_id=2301"},"modified":"2022-05-08T00:34:51","modified_gmt":"2022-05-07T22:34:51","slug":"gestion-de-proyectos-visualizaciones-personalizadas-microsoft-powerbi","status":"publish","type":"page","link":"https:\/\/www.leaplytics.de\/es\/portada\/gestion-de-proyectos-visualizaciones-personalizadas-microsoft-powerbi\/","title":{"rendered":"Visualizaciones personalizadas de gesti\u00f3n de proyectos para Microsoft Power BI"},"content":{"rendered":"<p><strong>Eficaces y relacionados con la empresa<\/strong> es la marca comercial de LeapLytics y el valor a\u00f1adido de nuestras soluciones.<\/p>\n<p>Nuestros visuales personalizados de gesti\u00f3n de proyectos para Microsoft Power BI est\u00e1n aprobados oficialmente por Microsoft e incorporan sus soluciones individuales. Utilice las diferentes posibilidades para mejorar su cuadro de mando e implementar sus ideas. Las extensiones siguen una estructura clara y se construyen con el foco puesto en el usuario para que sea lo m\u00e1s intuitivo posible sin renunciar a funcionalidades importantes.<\/p>\n<p>Por lo tanto, una documentaci\u00f3n exhaustiva con una descripci\u00f3n detallada de los posibles casos de uso acelera la utilizaci\u00f3n y la aplicaci\u00f3n.<\/p>\n<p>A continuaci\u00f3n encontrar\u00e1 las im\u00e1genes disponibles y podr\u00e1 explorar su funcionalidad haciendo clic en ellas.<\/p>\n<p>\u00a0<\/p>\n\n\n<div class=\"wp-block-media-text alignwide is-stacked-on-mobile\" style=\"grid-template-columns:43% auto\"><figure class=\"wp-block-media-text__media\"><a href=\"https:\/\/www.leaplytics.de\/es\/portada\/project-management-visuals-ms-powerbi\/visuales-de-semaforo-para-power-bi\/\"><img loading=\"lazy\" decoding=\"async\" width=\"287\" height=\"300\" src=\"https:\/\/www.leaplytics.de\/wp-content\/uploads\/2021\/11\/TrafficLight300pixel.png\" alt=\"\" class=\"wp-image-2361 size-full\" srcset=\"https:\/\/www.leaplytics.de\/wp-content\/uploads\/2021\/11\/TrafficLight300pixel.png 287w, https:\/\/www.leaplytics.de\/wp-content\/uploads\/2021\/11\/TrafficLight300pixel-57x60.png 57w\" sizes=\"auto, (max-width: 287px) 100vw, 287px\" \/><\/a><\/figure><div class=\"wp-block-media-text__content\">\n<p class=\"has-large-font-size\">Sem\u00e1foro visual personalizado<\/p>\n<\/div><\/div>\n\n\n\n<p><\/p>","protected":false},"excerpt":{"rendered":"<p>Eficacia y relaci\u00f3n con el negocio es la marca registrada de LeapLytics y el valor a\u00f1adido de nuestras soluciones.\u00a0<\/p>","protected":false},"author":1,"featured_media":0,"parent":111,"menu_order":0,"comment_status":"closed","ping_status":"closed","template":"","meta":{"footnotes":""},"class_list":["post-2301","page","type-page","status-publish","hentry","latest_post"],"_links":{"self":[{"href":"https:\/\/www.leaplytics.de\/es\/wp-json\/wp\/v2\/pages\/2301","targetHints":{"allow":["GET"]}}],"collection":[{"href":"https:\/\/www.leaplytics.de\/es\/wp-json\/wp\/v2\/pages"}],"about":[{"href":"https:\/\/www.leaplytics.de\/es\/wp-json\/wp\/v2\/types\/page"}],"author":[{"embeddable":true,"href":"https:\/\/www.leaplytics.de\/es\/wp-json\/wp\/v2\/users\/1"}],"replies":[{"embeddable":true,"href":"https:\/\/www.leaplytics.de\/es\/wp-json\/wp\/v2\/comments?post=2301"}],"version-history":[{"count":0,"href":"https:\/\/www.leaplytics.de\/es\/wp-json\/wp\/v2\/pages\/2301\/revisions"}],"up":[{"embeddable":true,"href":"https:\/\/www.leaplytics.de\/es\/wp-json\/wp\/v2\/pages\/111"}],"wp:attachment":[{"href":"https:\/\/www.leaplytics.de\/es\/wp-json\/wp\/v2\/media?parent=2301"}],"curies":[{"name":"wp","href":"https:\/\/api.w.org\/{rel}","templated":true}]}}