{"id":368,"date":"2020-10-20T21:17:49","date_gmt":"2020-10-20T19:17:49","guid":{"rendered":"https:\/\/www.leaplytics.de\/?page_id=368"},"modified":"2020-10-20T21:32:37","modified_gmt":"2020-10-20T19:32:37","slug":"imprimir","status":"publish","type":"page","link":"https:\/\/www.leaplytics.de\/es\/imprimir\/","title":{"rendered":"Pie de imprenta"},"content":{"rendered":"<p>Angaben gem\u00e4\u00df \u00a7 5 TMG<\/p><p>LeapLytics GmbH<br \/>Stefan Preusler y Dominik Galsheimer<br \/>Teutonenweg 18<br \/>63128 Dietzenbach<br \/>Deutschland<br \/><\/p><p><b>Vertreten durch:<\/b> Stefan Preusler y Dominik Galsheimer<br \/><\/p><p><b>Contacto:<\/b><br\/>E-Mail: <img decoding=\"async\" class=\"dsgvoaio_emailpng\" src=\"https:\/\/www.leaplytics.de\/wp-content\/dsgvo-all-in-one-wp-pro\/sserdaliame.png\"><br\/><\/p><p><b>Registereintrag:<\/b><br\/>Registergericht: Amtsgericht Offenbach am Main<br\/>N\u00famero de registro: HRB 53774<br\/><\/p><p><b>Umsatzsteuer-ID:<\/b> DE344747402<\/p><b>Haftungsausschluss<\/b><br \/><b>Haftung f\u00fcr Links:<\/b><p>Nuestra oferta contiene enlaces a sitios web externos, sobre cuyos contenidos no tenemos ninguna influencia. Por lo tanto, no podemos ofrecer ning\u00fan tipo de compensaci\u00f3n por estos servicios gratuitos. El \u00fanico responsable de las p\u00e1ginas enlazadas es el propietario de las mismas. Las p\u00e1ginas enlazadas est\u00e1n sujetas, en el momento de la conexi\u00f3n, a posibles restricciones de la legislaci\u00f3n. En el momento de la conexi\u00f3n no se reconoc\u00edan los contenidos jur\u00eddicos. Sin embargo, no es posible realizar un control permanente de las p\u00e1ginas enlazadas sin que se produzcan consecuencias negativas para la protecci\u00f3n de los derechos. En caso de que se produzcan violaciones de los derechos de propiedad intelectual, nos comprometemos a mantener los enlaces correspondientes.<\/p><b>Haftung f\u00fcr Inhalt:<\/b><p>Los contenidos de nuestras p\u00e1ginas han sido elaborados con la m\u00e1xima precisi\u00f3n. No obstante, no asumimos ninguna responsabilidad por la exactitud, integridad y actualidad de las im\u00e1genes. Como distribuidores, de conformidad con el art\u00edculo 7, apartado 1, de la TMG, nos comprometemos a respetar las disposiciones generales relativas a los contenidos propios de estas p\u00e1ginas. No obstante, de conformidad con los art\u00edculos 8 a 10 de la TMG, como distribuidores no estamos obligados a facilitar informaci\u00f3n confidencial ni a aceptar condiciones que afecten a la privacidad. Las restricciones relativas a la obtenci\u00f3n o al uso de informaci\u00f3n contraria a los principios generales no est\u00e1n permitidas. Sin embargo, s\u00f3lo es posible una indemnizaci\u00f3n de este tipo en el momento en que se conoce una infracci\u00f3n legal grave. Nos reservamos el derecho de modificar esta informaci\u00f3n en cualquier momento.<\/p><b>Urheberrecht<\/b><br \/><p>Los contenidos y obras redactados por los redactores de estas p\u00e1ginas se ajustan al Derecho de propiedad intelectual alem\u00e1n. La publicaci\u00f3n, edici\u00f3n, modificaci\u00f3n y cualquier tipo de valoraci\u00f3n dentro de los l\u00edmites de la Ley de Propiedad Intelectual est\u00e1n sujetos a la responsabilidad legal de los autores y editores. Las descargas y copias de esta p\u00e1gina est\u00e1n destinadas exclusivamente al uso privado y no comercial. Si los contenidos de esta p\u00e1gina no han sido creados por el usuario, se aplicar\u00e1n los derechos de autor correspondientes. Adem\u00e1s, las entradas escritas se clasifican como tales. Si, a pesar de todo, le preocupa una posible violaci\u00f3n de los derechos de autor, le remitimos a la siguiente informaci\u00f3n. En caso de que se produzcan cambios en los derechos, le informaremos de ello inmediatamente.<\/p>","protected":false},"excerpt":{"rendered":"","protected":false},"author":1,"featured_media":0,"parent":0,"menu_order":0,"comment_status":"closed","ping_status":"closed","template":"","meta":{"footnotes":""},"class_list":["post-368","page","type-page","status-publish","hentry","latest_post"],"_links":{"self":[{"href":"https:\/\/www.leaplytics.de\/es\/wp-json\/wp\/v2\/pages\/368","targetHints":{"allow":["GET"]}}],"collection":[{"href":"https:\/\/www.leaplytics.de\/es\/wp-json\/wp\/v2\/pages"}],"about":[{"href":"https:\/\/www.leaplytics.de\/es\/wp-json\/wp\/v2\/types\/page"}],"author":[{"embeddable":true,"href":"https:\/\/www.leaplytics.de\/es\/wp-json\/wp\/v2\/users\/1"}],"replies":[{"embeddable":true,"href":"https:\/\/www.leaplytics.de\/es\/wp-json\/wp\/v2\/comments?post=368"}],"version-history":[{"count":0,"href":"https:\/\/www.leaplytics.de\/es\/wp-json\/wp\/v2\/pages\/368\/revisions"}],"wp:attachment":[{"href":"https:\/\/www.leaplytics.de\/es\/wp-json\/wp\/v2\/media?parent=368"}],"curies":[{"name":"wp","href":"https:\/\/api.w.org\/{rel}","templated":true}]}}