{"id":699,"date":"2020-12-07T20:33:50","date_gmt":"2020-12-07T19:33:50","guid":{"rendered":"https:\/\/www.leaplytics.de\/?page_id=699"},"modified":"2024-11-04T10:02:48","modified_gmt":"2024-11-04T09:02:48","slug":"ampliacion-de-la-matriz-de-riesgo-para-qliksense","status":"publish","type":"page","link":"https:\/\/www.leaplytics.de\/es\/portada\/extensiones-qlik-sense\/ampliacion-de-la-matriz-de-riesgo-para-qliksense\/","title":{"rendered":"Extensi\u00f3n de Matriz de Riesgo para Qlik Sense"},"content":{"rendered":"<p>Obtenga una visi\u00f3n n\u00edtida de sus perfiles de riesgo con Risk Matrix \/ Heatmap para Qlik Sense. Esta extensi\u00f3n est\u00e1 dise\u00f1ada para visualizar perfiles, que se miden en una matriz de dos KPI y diferentes categor\u00edas. Es capaz de visualizar m\u00faltiples indicadores por campo. Puede seleccionar libre y din\u00e1micamente todas las expresiones entre una matriz de 3\u00d73 y 5\u00d75. Varios ajustes como colores personalizados, borde flexible y ajustes de texto adaptan esta extensi\u00f3n a sus necesidades de informaci\u00f3n.<\/p>\n\n\n\n<div style=\"height:10px\" aria-hidden=\"true\" class=\"wp-block-spacer\"><\/div>\n\n\n<div class=\"wp-block-image\">\n<figure class=\"aligncenter size-large\"><img loading=\"lazy\" decoding=\"async\" width=\"1024\" height=\"576\" src=\"https:\/\/www.leaplytics.de\/wp-content\/uploads\/2022\/04\/First_Slice_Risk_Map_QlikSense_stone-1024x576.png\" alt=\"\" class=\"wp-image-6471\" srcset=\"https:\/\/www.leaplytics.de\/wp-content\/uploads\/2022\/04\/First_Slice_Risk_Map_QlikSense_stone-1024x576.png 1024w, https:\/\/www.leaplytics.de\/wp-content\/uploads\/2022\/04\/First_Slice_Risk_Map_QlikSense_stone-300x169.png 300w, https:\/\/www.leaplytics.de\/wp-content\/uploads\/2022\/04\/First_Slice_Risk_Map_QlikSense_stone-768x432.png 768w, https:\/\/www.leaplytics.de\/wp-content\/uploads\/2022\/04\/First_Slice_Risk_Map_QlikSense_stone-107x60.png 107w, https:\/\/www.leaplytics.de\/wp-content\/uploads\/2022\/04\/First_Slice_Risk_Map_QlikSense_stone.png 1140w\" sizes=\"auto, (max-width: 1024px) 100vw, 1024px\" \/><\/figure><\/div>\n\n\n<div style=\"height:100px\" aria-hidden=\"true\" class=\"wp-block-spacer\"><\/div>\n\n\n\n<h3 class=\"wp-block-heading has-text-align-center\">\u00a1Cons\u00edguelo ya!<\/h3>\n\n\n\n<div style=\"height:50px\" aria-hidden=\"true\" class=\"wp-block-spacer\"><\/div>\n\n\n\n<div class=\"wp-block-columns alignwide is-layout-flex wp-container-core-columns-is-layout-1 wp-block-columns-is-layout-flex\">\n<div class=\"wp-block-column has-text-color has-background has-link-color wp-elements-dfea0d1df7d7210c16180380cb297c35 is-layout-flow wp-block-column-is-layout-flow\" style=\"color:#000000;background-color:#eeeeee;padding-top:2em;padding-right:2em;padding-bottom:2em;padding-left:2em\">\n<h2 class=\"wp-block-heading\" id=\"single\" style=\"font-size:40px\"><strong>Versi\u00f3n GRATUITA<\/strong><\/h2>\n\n\n\n<div style=\"height:10px\" aria-hidden=\"true\" class=\"wp-block-spacer\"><\/div>\n\n\n\n<p class=\"has-normal-font-size\" style=\"line-height:1.5\">La Versi\u00f3n GRATUITA de LeapLytics - Matriz de Riesgo es de uso gratuito durante cuatro semanas en cualquier servidor y en cualquier empresa. Pruebe ahora si nuestra soluci\u00f3n responde a sus necesidades.<\/p>\n\n\n\n<div style=\"height:10px\" aria-hidden=\"true\" class=\"wp-block-spacer\"><\/div>\n\n\n\n<hr class=\"wp-block-separator has-text-color has-css-opacity has-background is-style-wide\" style=\"background-color:#000000;color:#000000\"\/>\n\n\n\n<div style=\"height:10px\" aria-hidden=\"true\" class=\"wp-block-spacer\"><\/div>\n\n\n\n<p><i class=\"fas fa-check\"><\/i> Marca de agua eliminada<\/p>\n\n\n\n<p><i class=\"fas fa-check\"><\/i> Tama\u00f1o de cuadr\u00edcula individual<\/p>\n\n\n\n<p><i class=\"fas fa-check\"><\/i> Combinaci\u00f3n de colores definida por el usuario<\/p>\n\n\n\n<p><i class=\"fas fa-check\"><\/i> Inversor de color<\/p>\n\n\n\n<p><i class=\"fas fa-check\"><\/i> Configuraci\u00f3n de los bordes<\/p>\n\n\n\n<p><i class=\"fas fa-check\"><\/i> Ajustes del eje<\/p>\n\n\n\n<p><i class=\"fas fa-check\"><\/i> Configuraci\u00f3n de los indicadores<\/p>\n\n\n\n<p><i class=\"fas fa-check\"><\/i> Configuraci\u00f3n del texto<\/p>\n\n\n\n<p><i class=\"fas fa-check\"><\/i> Ajustes de color<\/p>\n\n\n\n<p><i class=\"fas fa-check\"><\/i> Navegaciones y acciones<\/p>\n\n\n\n<p><i class=\"fas fa-check\"><\/i> Imprimible*<\/p>\n\n\n\n<div class=\"wp-block-buttons alignfull is-horizontal is-content-justification-center is-layout-flex wp-container-core-buttons-is-layout-1 wp-block-buttons-is-layout-flex\">\n<div class=\"wp-block-button\"><a class=\"wp-block-button__link has-white-color has-text-color wp-element-button\" href=\"https:\/\/developer.qlik.com\/garden\/5fd6531adae7960011eb30ec\" target=\"_blank\" rel=\"noreferrer noopener\">Obtener versi\u00f3n GRATUITA<\/a><\/div>\n<\/div>\n<\/div>\n\n\n\n<div class=\"wp-block-column has-text-color has-background has-link-color wp-elements-6ae2b82b5852519cfb4d42d032a83f17 is-layout-flow wp-block-column-is-layout-flow\" style=\"color:#000000;background-color:#98bd00;padding-top:2em;padding-right:2em;padding-bottom:2em;padding-left:2em\">\n<h2 class=\"wp-block-heading\" id=\"family\" style=\"font-size:40px\"><strong>Versi\u00f3n PRO<\/strong><\/h2>\n\n\n\n<div style=\"height:10px\" aria-hidden=\"true\" class=\"wp-block-spacer\"><\/div>\n\n\n\n<p class=\"has-normal-font-size\" style=\"line-height:1.5\">La versi\u00f3n PRO de LeapLytics - Risk Matrix libera toda la potencia de este visual. Una licencia por servidor y empresa - Un precio por a\u00f1o.<\/p>\n\n\n\n<div style=\"height:10px\" aria-hidden=\"true\" class=\"wp-block-spacer\"><\/div>\n\n\n\n<hr class=\"wp-block-separator has-text-color has-black-color has-css-opacity has-black-background-color has-background is-style-wide\"\/>\n\n\n\n<div style=\"height:10px\" aria-hidden=\"true\" class=\"wp-block-spacer\"><\/div>\n\n\n\n<p><i class=\"fas fa-check\"><\/i>  Marca de agua eliminada<\/p>\n\n\n\n<p><i class=\"fas fa-check\"><\/i>  Tama\u00f1o de cuadr\u00edcula individual<\/p>\n\n\n\n<p><i class=\"fas fa-check\"><\/i>  Combinaci\u00f3n de colores definida por el usuario<\/p>\n\n\n\n<p><i class=\"fas fa-check\"><\/i>  Inversor de color<\/p>\n\n\n\n<p><i class=\"fas fa-check\"><\/i>  Configuraci\u00f3n de los bordes<\/p>\n\n\n\n<p><i class=\"fas fa-check\"><\/i>  Ajustes del eje<\/p>\n\n\n\n<p><i class=\"fas fa-check\"><\/i>  Configuraci\u00f3n de los indicadores<\/p>\n\n\n\n<p><i class=\"fas fa-check\"><\/i>  Configuraci\u00f3n del texto<\/p>\n\n\n\n<p><i class=\"fas fa-check\"><\/i>  Ajustes de color<\/p>\n\n\n\n<p><i class=\"fas fa-check\"><\/i>  Navegaciones y acciones<\/p>\n\n\n\n<p><i class=\"fas fa-check\"><\/i>  Imprimible*<\/p>\n\n\n\n<div class=\"wp-block-buttons alignfull is-horizontal is-content-justification-center is-layout-flex wp-container-core-buttons-is-layout-2 wp-block-buttons-is-layout-flex\">\n<div class=\"wp-block-button\"><a class=\"wp-block-button__link has-white-color has-text-color wp-element-button\" href=\"https:\/\/shop.leaplytics.de\/product\/power-bi-risk-heatmap\/\">Obtener versi\u00f3n PRO<\/a><\/div>\n<\/div>\n<\/div>\n<\/div>\n\n\n\n<p>* ver <a href=\"https:\/\/community.qlik.com\/t5\/Knowledge\/Qlik-Sense-Enterprise-SaaS-Third-party-extensions-cannot-be\/ta-p\/1755264\">Limitaciones de QlikSense <\/a><\/p>\n\n\n\n<div style=\"height:100px\" aria-hidden=\"true\" class=\"wp-block-spacer\"><\/div>\n\n\n\n<h3 class=\"wp-block-heading has-text-align-center\">Documentaci\u00f3n<\/h3>\n\n\n\n<div style=\"height:50px\" aria-hidden=\"true\" class=\"wp-block-spacer\"><\/div>\n\n\n<div class=\"_df_book df-lite\" id=\"df_726\"  _slug=\"risk-heatmap\" data-title=\"risk-heatmap\" wpoptions=\"true\" thumb=\"https:\/\/www.leaplytics.de\/wp-content\/uploads\/2020\/12\/Risk-Map-picture.jpg\" thumbtype=\"\" ><\/div><script class=\"df-shortcode-script\" nowprocket type=\"application\/javascript\">window.option_df_726 = {\"outline\":[],\"autoEnableOutline\":\"false\",\"autoEnableThumbnail\":\"false\",\"overwritePDFOutline\":\"false\",\"backgroundImage\":\"https:\\\/\\\/www.leaplytics.de\\\/wp-content\\\/uploads\\\/2020\\\/10\\\/mathew-schwartz-sb7RUrRMaC4-unsplash-scaled.jpg\",\"direction\":\"1\",\"pageSize\":\"0\",\"source\":\"https:\\\/\\\/www.leaplytics.de\\\/wp-content\\\/uploads\\\/2022\\\/02\\\/Risk-Heatmap-Qlik-Sense-User-Documentation_Pro_1.4.0.0.pdf\",\"wpOptions\":\"true\"}; if(window.DFLIP && window.DFLIP.parseBooks){window.DFLIP.parseBooks();}<\/script>\n\n\n\n<div style=\"height:50px\" aria-hidden=\"true\" class=\"wp-block-spacer\"><\/div>\n\n\n\n<div class=\"wp-block-buttons is-content-justification-center is-layout-flex wp-container-core-buttons-is-layout-3 wp-block-buttons-is-layout-flex\">\n<div class=\"wp-block-button\"><a class=\"wp-block-button__link wp-element-button\" href=\"https:\/\/www.leaplytics.de\/wp-content\/uploads\/2022\/02\/Risk-Heatmap-Qlik-Sense-User-Documentation_Pro_1.4.0.0.pdf\" target=\"_blank\" rel=\"noreferrer noopener\">Descargar documentaci\u00f3n<\/a><\/div>\n<\/div>\n\n\n\n<div style=\"height:50px\" aria-hidden=\"true\" class=\"wp-block-spacer\"><\/div>\n\n\n\n<p>Suscr\u00edbase aqu\u00ed para recibir actualizaciones y comunicados exclusivos: <a href=\"https:\/\/www.leaplytics.de\/es\/subscribe_product\/\">Suscripci\u00f3n<\/a><\/p>\n\n\n\n<hr class=\"wp-block-separator has-css-opacity is-style-default\"\/>\n\n\n\n<h2 class=\"wp-block-heading\" id=\"introduction-risk-heatmap-extension-for-qlik-sense\">Introducci\u00f3n Extensi\u00f3n de Matriz de Riesgo para Qlik Sense<\/h2>\n\n\n\n<p>Obtenga una visi\u00f3n n\u00edtida de sus perfiles de riesgo con Risk Matrix para Qlik Sense. La extensi\u00f3n est\u00e1 dise\u00f1ada para visualizar perfiles, que se miden en una matriz de dos KPI y diferentes categor\u00edas. Es capaz de visualizar m\u00faltiples indicadores por campo. Puede seleccionar libre y din\u00e1micamente todas las expresiones entre una matriz de 3\u00d73 y 5\u00d75. Varios ajustes como colores personalizados, borde flexible y ajustes de texto adaptan esta extensi\u00f3n a sus necesidades de informaci\u00f3n.<\/p>\n\n\n<div class=\"wp-block-image is-style-default\">\n<figure class=\"alignright size-full\"><img loading=\"lazy\" decoding=\"async\" width=\"912\" height=\"775\" src=\"https:\/\/www.leaplytics.de\/wp-content\/uploads\/2022\/02\/settings.gif\" alt=\"Mapa de riesgos para Qlik Sense\" class=\"wp-image-3060\"\/><figcaption class=\"wp-element-caption\">Amplia gama de opciones de ajuste<\/figcaption><\/figure><\/div>\n\n\n<p>Esta extensi\u00f3n tambi\u00e9n se puede utilizar para controlar e indicar umbrales para todo tipo de medidas f\u00edsicas, indicadores de calidad y divergencias en general. Con esto, se puede aplicar a un amplio n\u00famero de casos de uso, que se producen diferentes negocios. El siguiente listado muestra una selecci\u00f3n de posibles casos de uso, que ya han sido implementados:<\/p>\n\n\n\n<p><strong>Gesti\u00f3n de proyectos<\/strong>: Visualice los perfiles de riesgos y oportunidades de un proyecto, programa o cartera.<\/p>\n\n\n\n<p><strong>TI<\/strong>: Indique las aplicaciones que se encuentran en estado verde, amarillo o rojo (rendimiento, salud).<\/p>\n\n\n\n<hr class=\"wp-block-separator has-css-opacity\"\/>\n\n\n\n<h3 class=\"wp-block-heading\" id=\"getting-started-with-our-risk-heatmap-for-qlik-sense\">Introducci\u00f3n a nuestra Matriz de Riesgos para Qlik Sense<\/h3>\n\n\n<p>Abrir <a href=\"https:\/\/www.qlik.com\/de-de\/products\/qlik-sense\" target=\"_blank\" rel=\"noopener\">Qlik Sense<\/a> y la aplicaci\u00f3n correspondiente, en la que desea utilizar la extensi\u00f3n \"Matriz de riesgos\". Abra su hoja de c\u00e1lculo en modo edici\u00f3n y encontrar\u00e1 la extensi\u00f3n dentro de la secci\u00f3n \"Objetos personalizados\". Arrastre y suelte la extensi\u00f3n en cualquier \u00e1rea de su tablero (<em>Puede cambiar la apariencia de la extensi\u00f3n m\u00e1s adelante en la configuraci\u00f3n avanzada).<\/em><\/p>\n\n<div class=\"wp-block-image\">\n<figure class=\"alignright size-full\"><img decoding=\"async\" src=\"https:\/\/www.leaplytics.de\/wp-content\/uploads\/2022\/02\/drag-drop.gif\" alt=\"Ajustes iniciales y configuraci\u00f3n para Risk Heatmap Qlik Sense\" class=\"wp-image-3060\"\/><figcaption class=\"wp-element-caption\">Amplia gama de opciones de ajuste<\/figcaption><\/figure><\/div>\n\n<p>Una vez que haya colocado una instancia de la extensi\u00f3n en su panel de control, aparecer\u00e1 el siguiente panel de propiedades en la parte derecha. El panel de propiedades se divide en las siguientes secciones:\u00a0 \u00a0 \u00a0 \u00a0 \u00a0 \u00a0 \u00a0 \u00a0 \u00a0 \u00a0 \u00a0 \u00a0 \u00a0 \u00a0 \u00a0 \u00a0 \u00a0 \u00a0 \u00a0 \u00a0 \u00a0 \u00a0 \u00a0 \u00a0 \u00a0 \u00a0 \u00a0 \u00a0 \u00a0 \u00a0 \u00a0 \u00a0 \u00a0 \u00a0 \u00a0 \u00a0 \u00a0 \u00a0 \u00a0 \u00a0 \u00a0 \u00a0 \u00a0 \u00a0 \u00a0 \u00a0 \u00a0\u00a0<\/p>\n<ul>\n<li>Medidas<\/li>\n<li>Dimensiones<\/li>\n<li>Rangos (disposici\u00f3n general de la matriz)<\/li>\n<li>Configuraci\u00f3n de la rejilla (todo lo que hay dentro de la matriz)<\/li>\n<li>Ajustes del eje (todo alrededor de la matriz)<\/li>\n<li>Configuraci\u00f3n del indicador (todo lo relativo a la matriz-contenido)<\/li>\n<li>Acerca de \u00a0\u00a0\u00a0\u00a0\u00a0\u00a0\u00a0\u00a0\u00a0\u00a0\u00a0\u00a0\u00a0\u00a0 \u00a0\u00a0\u00a0\u00a0\u00a0\u00a0\u00a0\u00a0\u00a0\u00a0\u00a0\u00a0\u00a0\u00a0\u00a0\u00a0\u00a0\u00a0\u00a0\u00a0\u00a0\u00a0\u00a0\u00a0\u00a0\u00a0\u00a0\u00a0\u00a0<\/li>\n<\/ul>\n<p>A continuaci\u00f3n, aprender\u00e1 a utilizar la extensi\u00f3n \"Matriz de riesgos\" de LeapLytics y a personalizarla seg\u00fan sus necesidades utilizando correctamente las propiedades.\u00a0 \u00a0<\/p>\n\n\n<hr class=\"wp-block-separator has-css-opacity\"\/>\n\n\n\n<h3 class=\"wp-block-heading\" id=\"measures\">Medidas<\/h3>\n\n\n<div class=\"wp-block-image\">\n<figure class=\"alignright size-large is-resized\"><img loading=\"lazy\" decoding=\"async\" width=\"245\" height=\"329\" src=\"https:\/\/www.leaplytics.de\/wp-content\/uploads\/2020\/11\/measures.png\" alt=\"Descripci\u00f3n de la medida para Risk Heatmap Qlik Sense\" class=\"wp-image-512\" style=\"width:236px;height:317px\" srcset=\"https:\/\/www.leaplytics.de\/wp-content\/uploads\/2020\/11\/measures.png 245w, https:\/\/www.leaplytics.de\/wp-content\/uploads\/2020\/11\/measures-223x300.png 223w, https:\/\/www.leaplytics.de\/wp-content\/uploads\/2020\/11\/measures-45x60.png 45w\" sizes=\"auto, (max-width: 245px) 100vw, 245px\" \/><\/figure><\/div>\n\n<p>La medida define el valor para los dos KPI relevantes de la matriz. El primer KPI define el KPI del eje X y el segundo KPI define el KPI del eje Y. Pueden conmutarse individualmente. La matriz espera valores entre 1 y 5 (matriz de 5 campos) o entre 1 y 3 (matriz de 3 campos). Tambi\u00e9n son posibles los decimales, si son \u00fatiles. Los valores pueden tomarse directamente del modelo de datos, si un sistema previo ya captura y calcula el rango. Si el modelo de datos incluye cualquier tipo de unidades, las categor\u00edas pueden crearse individualmente en el formulario.<\/p>\n<p>Puedes a\u00f1adir una medida como \u00e9sta:<\/p>\n<ul>\n<li>Haga clic en el bot\u00f3n \"A\u00f1adir medida\" del panel de propiedades, en la secci\u00f3n \"Medida\", o en el bot\u00f3n \"A\u00f1adir medida\" de la ventana de ampliaci\u00f3n del panel de control.<\/li>\n<li>Elija una medida de la lista desplegable y haga clic en ella<\/li>\n<li>(Opcional): Elija la agregaci\u00f3n adecuada a sus necesidades (Suma, Avg, Min, Max, etc.) o defina una f\u00f3rmula individual.<\/li>\n<\/ul>\n<p>A la hora de utilizar f\u00f3rmulas individuales, pueden tomarse como orientaci\u00f3n los siguientes ejemplos:<\/p>\n\n\n<figure class=\"wp-block-image size-large\"><img loading=\"lazy\" decoding=\"async\" width=\"744\" height=\"255\" src=\"https:\/\/www.leaplytics.de\/wp-content\/uploads\/2020\/12\/heatmap_use_cases.png\" alt=\"\" class=\"wp-image-749\" srcset=\"https:\/\/www.leaplytics.de\/wp-content\/uploads\/2020\/12\/heatmap_use_cases.png 744w, https:\/\/www.leaplytics.de\/wp-content\/uploads\/2020\/12\/heatmap_use_cases-600x206.png 600w, https:\/\/www.leaplytics.de\/wp-content\/uploads\/2020\/12\/heatmap_use_cases-300x103.png 300w, https:\/\/www.leaplytics.de\/wp-content\/uploads\/2020\/12\/heatmap_use_cases-175x60.png 175w\" sizes=\"auto, (max-width: 744px) 100vw, 744px\" \/><\/figure>\n\n\n\n<hr class=\"wp-block-separator has-css-opacity\"\/>\n\n\n\n<h3 class=\"wp-block-heading\" id=\"dimensions\">Dimensiones<\/h3>\n\n\n<p>Utilice la dimensi\u00f3n para dar un nombre llamativo a los indicadores. Puede ser, por ejemplo, un ID o un nombre corto (1-2 palabras). No se recomiendan nombres o descripciones m\u00e1s largos, ya que el espacio de la propia matriz es limitado.<\/p>\n\n\n<hr class=\"wp-block-separator has-css-opacity\"\/>\n\n\n\n<h3 class=\"wp-block-heading\" id=\"advanced-settings\">Configuraci\u00f3n avanzada<\/h3>\n\n\n\n<p>Dentro de los Ajustes de Matriz puede hacer varias selecciones.<\/p>\n\n\n\n<p><strong>Ajustes de matriz: <\/strong>En primer lugar, puede fijar la relaci\u00f3n de aspecto. Esto mantiene la visualizaci\u00f3n en un estado cuadrado. Adem\u00e1s, puede fijar el tama\u00f1o de la direcci\u00f3n x e y individualmente utilizando el control deslizante. Si tus datos est\u00e1n fuera de estos rangos, obtendr\u00e1s una pista visual en la extensi\u00f3n. Adem\u00e1s, puede invertir los colores con un solo clic. Por \u00faltimo, puede definir la anchura del borde o desactivarlo por completo.<\/p>\n\n\n\n<p><strong>Ajustes de cuadr\u00edcula<\/strong>: Utilice la Configuraci\u00f3n de la cuadr\u00edcula para configurar la propia matriz, por ejemplo, el tama\u00f1o o la configuraci\u00f3n de los bordes. Tambi\u00e9n puede invertir el c\u00f3digo de colores, de forma que una categor\u00eda superior tenga el color \"verde\" y una categor\u00eda inferior se convierta en rojo. Tambi\u00e9n es posible desactivar la tabla con valores detallados.<\/p>\n\n\n\n<p><strong>Ajustes del eje:<\/strong> Los ajustes del eje le permiten configurar el marco seg\u00fan sus necesidades. Puede decidir desactivar los textos, el eje o la indicaci\u00f3n alta\/baja.<\/p>\n\n\n\n<p><strong>Configuraci\u00f3n de los indicadores:<\/strong> Utilice los ajustes del indicador para cambiar el tama\u00f1o y la apariencia de los indicadores en la cuadr\u00edcula.<\/p>\n\n\n<div class=\"wp-block-image\">\n<figure class=\"aligncenter size-full\"><img loading=\"lazy\" decoding=\"async\" width=\"912\" height=\"775\" src=\"https:\/\/www.leaplytics.de\/wp-content\/uploads\/2022\/02\/settings.gif\" alt=\"Varios Ajustes para el Mapa de Riesgo Qlik Sense\" class=\"wp-image-3060\"\/><\/figure><\/div>\n\n\n<hr class=\"wp-block-separator has-css-opacity\"\/>\n\n\n\n<h3 class=\"wp-block-heading\" id=\"navigation-action\">Navegaci\u00f3n y acci\u00f3n<\/h3>\n\n\n\n<p>Puede aplicar Navegaci\u00f3n y Acciones a su extensi\u00f3n para navegar a Hojas Qlik Sense, sitios web, etc. Puede activar \"Acciones\" con el bot\u00f3n correspondiente. \"Matriz de Riesgo\" admite dos tipos de navegaci\u00f3n diferentes:<\/p>\n\n\n\n<ul class=\"wp-block-list\">\n<li><strong>Bot\u00f3n:<\/strong> Elija \"Bot\u00f3n\" para a\u00f1adir un bot\u00f3n debajo del icono de su sem\u00e1foro. Puede renombrar el bot\u00f3n utilizando el campo \"Texto del Bot\u00f3n\". Introduzca una URL de un sitio web o de una Hoja de Qlik Sense a la que desee navegar*. Puede abrir la URL en la misma ventana o en una pesta\u00f1a aparte utilizando la casilla \"Abrir en la misma ventana\".<\/li>\n<\/ul>\n\n\n\n<ul class=\"wp-block-list\">\n<li><strong>Objeto:<\/strong> Como alternativa, puede elegir \"Objeto\" para hacer que todo el objeto sea clicable (<em>El campo \"Texto del bot\u00f3n\" se ocultar\u00e1<\/em>). Introduzca una URL de un sitio web o de una Hoja de Qlik Sense a la que desee navegar*. Puede abrir la URL en la misma ventana o en una pesta\u00f1a aparte utilizando la casilla de verificaci\u00f3n \"Abrir en la misma ventana\".<\/li>\n<\/ul>\n\n\n\n<p>*Las URL siempre tienen que empezar por \"http:\/\/www.\" o \"https:\/\/www.\"<\/p>\n\n\n<div class=\"wp-block-image\">\n<figure class=\"aligncenter size-large\"><img loading=\"lazy\" decoding=\"async\" width=\"246\" height=\"464\" src=\"https:\/\/www.leaplytics.de\/wp-content\/uploads\/2021\/04\/Milestone_navigation-1.jpg\" alt=\"Ajustes de Navegaci\u00f3n y Acciones para Risk Heatmap Qlik Sense\" class=\"wp-image-1739\" srcset=\"https:\/\/www.leaplytics.de\/wp-content\/uploads\/2021\/04\/Milestone_navigation-1.jpg 246w, https:\/\/www.leaplytics.de\/wp-content\/uploads\/2021\/04\/Milestone_navigation-1-159x300.jpg 159w, https:\/\/www.leaplytics.de\/wp-content\/uploads\/2021\/04\/Milestone_navigation-1-32x60.jpg 32w\" sizes=\"auto, (max-width: 246px) 100vw, 246px\" \/><\/figure><\/div>\n\n\n<hr class=\"wp-block-separator has-css-opacity\"\/>\n\n\n<h3>Acerca de nuestra Matriz de Riesgos para Qlik Sense<\/h3>\n\n\n<\/p>\n<p>Esta extensi\u00f3n de Qlik Sense ha sido desarrollada por <a href=\"https:\/\/www.leaplytics.de\/es\/\">LeapLytics<\/a>. La secci\u00f3n Acerca de muestra informaci\u00f3n sobre esta extensi\u00f3n.<\/p>\n<p>\n\n\n\n<\/p>\n<p><strong>Versi\u00f3n:<\/strong> Muestra la versi\u00f3n instalada de esta extensi\u00f3n<\/p>\n<p>\n\n\n\n<\/p>\n<p><strong>Licencia v\u00e1lida hasta:<\/strong> Muestra la fecha de caducidad de la licencia<\/p>\n<p>\n\n\n\n<\/p>\n<p><strong>Licencia v\u00e1lida en el servidor:<\/strong> Muestra en qu\u00e9 ID de servidor se puede utilizar esta extensi\u00f3n\n\n\n\n<hr class=\"wp-block-separator has-css-opacity\"\/>\n\n\n<h3>Historial de versiones<\/h3>\n\n\n<figure class=\"wp-block-table is-style-stripes\"><table><tbody><tr><td class=\"has-text-align-center\" data-align=\"center\"><strong>Versi\u00f3n<\/strong><\/td><td class=\"has-text-align-center\" data-align=\"center\"><strong>Fecha<\/strong><\/td><td class=\"has-text-align-left\" data-align=\"left\"><strong>Contenido<\/strong><\/td><\/tr><tr><td class=\"has-text-align-center\" data-align=\"center\">1.4<\/td><td class=\"has-text-align-center\" data-align=\"center\">14.02.2022<\/td><td class=\"has-text-align-left\" data-align=\"left\">Nuevo uso de la API<\/td><\/tr><tr><td class=\"has-text-align-center\" data-align=\"center\">1.3<\/td><td class=\"has-text-align-center\" data-align=\"center\">13.12.2021<\/td><td class=\"has-text-align-left\" data-align=\"left\">Actualizaci\u00f3n de la matriz de riesgos<\/td><\/tr><tr><td class=\"has-text-align-center\" data-align=\"center\">1.2<\/td><td class=\"has-text-align-center\" data-align=\"center\">26.04.2021<\/td><td class=\"has-text-align-left\" data-align=\"left\">Navegaci\u00f3n y acciones a\u00f1adidas,<br>M\u00e1s de 9 riesgos<br>tabla de indicadores desplazable<\/td><\/tr><tr><td class=\"has-text-align-center\" data-align=\"center\">1.1<\/td><td class=\"has-text-align-center\" data-align=\"center\">28.01.2021<\/td><td class=\"has-text-align-left\" data-align=\"left\">Suscripci\u00f3n<br>funcionalidad para<br>actualizaciones de versiones &amp;<br>panel de propiedades mejoradas<\/td><\/tr><tr><td class=\"has-text-align-center\" data-align=\"center\">1.0<\/td><td class=\"has-text-align-center\" data-align=\"center\">13.11.2020<\/td><td class=\"has-text-align-left\" data-align=\"left\">Versi\u00f3n inicial<\/td><\/tr><\/tbody><\/table><\/figure>\n\n\n\n<hr class=\"wp-block-separator has-css-opacity\"\/>\n\n\n\n<p><\/p>\n\n\n\n<div class=\"wp-block-columns are-vertically-aligned-center is-layout-flex wp-container-core-columns-is-layout-2 wp-block-columns-is-layout-flex\">\n<div class=\"wp-block-column is-vertically-aligned-center is-layout-flow wp-block-column-is-layout-flow\" style=\"flex-basis:100%\">\n<p><\/p>\n<\/div>\n<\/div>\n\n\n\n<p><\/p>","protected":false},"excerpt":{"rendered":"<p>Obtenga una visi\u00f3n n\u00edtida de sus perfiles de riesgo con Risk Heatmap para QilkSense. La extensi\u00f3n est\u00e1 construida para visualizar perfiles, que se miden en una matriz de dos KPIs y diferentes categor\u00edas. Es capaz de visualizar m\u00faltiples indicadores (hasta 4 en la versi\u00f3n gratuita) por campo. Varios ajustes como un cambio f\u00e1cil entre una matriz de 3\u00d73 y 5\u00d75 campos, ajustes de bordes y texto adaptan esta extensi\u00f3n a sus necesidades de informaci\u00f3n. <\/p>\n<p>Esta extensi\u00f3n tambi\u00e9n se puede utilizar para controlar e indicar umbrales para todo tipo de medidas f\u00edsicas, indicadores de calidad y divergencias en general. Con esto, se puede aplicar a un amplio n\u00famero de casos de uso, que se producen diferentes negocios.<\/p>","protected":false},"author":1,"featured_media":0,"parent":227,"menu_order":1,"comment_status":"closed","ping_status":"closed","template":"","meta":{"footnotes":""},"class_list":["post-699","page","type-page","status-publish","hentry","latest_post"],"_links":{"self":[{"href":"https:\/\/www.leaplytics.de\/es\/wp-json\/wp\/v2\/pages\/699","targetHints":{"allow":["GET"]}}],"collection":[{"href":"https:\/\/www.leaplytics.de\/es\/wp-json\/wp\/v2\/pages"}],"about":[{"href":"https:\/\/www.leaplytics.de\/es\/wp-json\/wp\/v2\/types\/page"}],"author":[{"embeddable":true,"href":"https:\/\/www.leaplytics.de\/es\/wp-json\/wp\/v2\/users\/1"}],"replies":[{"embeddable":true,"href":"https:\/\/www.leaplytics.de\/es\/wp-json\/wp\/v2\/comments?post=699"}],"version-history":[{"count":5,"href":"https:\/\/www.leaplytics.de\/es\/wp-json\/wp\/v2\/pages\/699\/revisions"}],"predecessor-version":[{"id":13676,"href":"https:\/\/www.leaplytics.de\/es\/wp-json\/wp\/v2\/pages\/699\/revisions\/13676"}],"up":[{"embeddable":true,"href":"https:\/\/www.leaplytics.de\/es\/wp-json\/wp\/v2\/pages\/227"}],"wp:attachment":[{"href":"https:\/\/www.leaplytics.de\/es\/wp-json\/wp\/v2\/media?parent=699"}],"curies":[{"name":"wp","href":"https:\/\/api.w.org\/{rel}","templated":true}]}}