{"id":799,"date":"2021-01-04T21:52:31","date_gmt":"2021-01-04T20:52:31","guid":{"rendered":"https:\/\/www.leaplytics.de\/?page_id=799"},"modified":"2024-11-04T09:23:33","modified_gmt":"2024-11-04T08:23:33","slug":"cuadro-de-mandos-de-gestion-de-proyectos-qlik-sense","status":"publish","type":"page","link":"https:\/\/www.leaplytics.de\/es\/portada\/cuadro-de-mandos-de-gestion-de-proyectos-qlik-sense\/","title":{"rendered":"Cuadro de mando de gesti\u00f3n de proyectos Qlik Sense"},"content":{"rendered":"<h2 class=\"wp-block-heading\" id=\"dashboard\">Cuadro de mandos<\/h2>\n\n\n\n<p>El Cuadro de Mando de Gesti\u00f3n de Proyectos Qlik Sense sigue una regla sencilla: <strong>mostrar la informaci\u00f3n correcta del proyecto en la agregaci\u00f3n adecuada a las personas responsables de un solo vistazo, permiti\u00e9ndoles tomar las decisiones correctas<\/strong>. <\/p>\n\n\n\n<p>En el entorno de un proyecto, hay diferentes partes interesadas, que tienen distintas necesidades de informaci\u00f3n y cada una con un nivel de detalle diferente. Los siguientes ejemplos muestran los dos opuestos m\u00e1s comunes.  <\/p>\n\n\n\n<p><strong>Nivel de cartera:<\/strong> Hay gestores de carteras que deben asegurarse de que se da prioridad a los proyectos adecuados con los recursos adecuados. Hay que identificar los cuellos de botella y gestionar los proyectos.<\/p>\n\n\n\n<p><strong>Nivel del proyecto: <\/strong>Los directores de proyecto necesitan obtener el nivel m\u00e1s bajo de informaci\u00f3n para tener a mano todas las variables de direcci\u00f3n. Por otro lado, los patrocinadores, los miembros del consejo de administraci\u00f3n y los directores ejecutivos necesitan recibir la informaci\u00f3n esencial para tomar las decisiones correctas en la direcci\u00f3n general del proyecto.<\/p>\n\n\n\n<p>LeapLytics Advanced Project Management Reporting se asegura de que todos los requisitos de informaci\u00f3n sean posibles, independientemente del tipo de parte interesada o del nivel de agregaci\u00f3n. A trav\u00e9s del proceso de informaci\u00f3n integrativa, toda la informaci\u00f3n se recoge en el nivel m\u00e1s bajo y se agrega a la necesidad de todos los posibles destinatarios.<\/p>\n\n\n\n<p>He aqu\u00ed dos ejemplos de informes de estado de un proyecto, que pueden realizarse con nuestra LeapLytics Extension Suite para QlikSense. Los cuadros de mando utilizan un modelo de datos subyacente que sigue las normas PMI para la gesti\u00f3n de proyectos. Con ello, los proyectos de toda la empresa pueden ser reportados de forma armonizada, eficiente y f\u00e1cil de usar.<\/p>\n\n\n\n<h2 class=\"wp-block-heading\" id=\"project-status-report-qlik-sense\">Informe de situaci\u00f3n del proyecto Qlik Sense<\/h2>\n\n\n\n<p>El informe b\u00e1sico de estado de proyecto es un ejemplo de Cuadro de Mando de Gesti\u00f3n de Proyectos Qlik Sense y permite al usuario seleccionar un proyecto dedicado as\u00ed como la fecha del informe. Obtiene toda la informaci\u00f3n necesaria presentada en un dise\u00f1o de tres columnas con datos maestros relevantes en la cabecera. Las principales caracter\u00edsticas son <a href=\"https:\/\/www.leaplytics.de\/es\/extensions\/traffic-light\/\">Sem\u00e1foro<\/a> y el <a href=\"https:\/\/www.leaplytics.de\/es\/extensions\/extension-del-mapa-de-riesgos-para-qliksense\/\">Matriz de riesgos<\/a>.<\/p>\n\n\n\n<figure class=\"wp-block-image size-large\"><img loading=\"lazy\" decoding=\"async\" width=\"1024\" height=\"600\" src=\"https:\/\/www.leaplytics.de\/wp-content\/uploads\/2021\/11\/Laptop-with-Dashboard-Page2-1024x600.png\" alt=\"\" class=\"wp-image-2407\" srcset=\"https:\/\/www.leaplytics.de\/wp-content\/uploads\/2021\/11\/Laptop-with-Dashboard-Page2-1024x600.png 1024w, https:\/\/www.leaplytics.de\/wp-content\/uploads\/2021\/11\/Laptop-with-Dashboard-Page2-300x176.png 300w, https:\/\/www.leaplytics.de\/wp-content\/uploads\/2021\/11\/Laptop-with-Dashboard-Page2-768x450.png 768w, https:\/\/www.leaplytics.de\/wp-content\/uploads\/2021\/11\/Laptop-with-Dashboard-Page2-1536x901.png 1536w, https:\/\/www.leaplytics.de\/wp-content\/uploads\/2021\/11\/Laptop-with-Dashboard-Page2-2048x1201.png 2048w, https:\/\/www.leaplytics.de\/wp-content\/uploads\/2021\/11\/Laptop-with-Dashboard-Page2-102x60.png 102w\" sizes=\"auto, (max-width: 1024px) 100vw, 1024px\" \/><figcaption class=\"wp-element-caption\">Cuadro de mando de gesti\u00f3n de proyectos Qlik Sense<\/figcaption><\/figure>\n\n\n\n<p>Una variante del informe b\u00e1sico de estado del proyecto inclina el dise\u00f1o hacia una vista horizontal y a\u00f1ade la vista de hitos como caracter\u00edstica principal para obtener una visi\u00f3n general de los hitos relevantes y su objetivo de consecuci\u00f3n.<\/p>\n\n\n\n<figure class=\"wp-block-image size-large\"><img loading=\"lazy\" decoding=\"async\" width=\"1024\" height=\"602\" src=\"https:\/\/www.leaplytics.de\/wp-content\/uploads\/2021\/11\/Laptop-with-Dashboard-Page3-1024x602.png\" alt=\"\" class=\"wp-image-2408\" srcset=\"https:\/\/www.leaplytics.de\/wp-content\/uploads\/2021\/11\/Laptop-with-Dashboard-Page3-1024x602.png 1024w, https:\/\/www.leaplytics.de\/wp-content\/uploads\/2021\/11\/Laptop-with-Dashboard-Page3-300x176.png 300w, https:\/\/www.leaplytics.de\/wp-content\/uploads\/2021\/11\/Laptop-with-Dashboard-Page3-768x451.png 768w, https:\/\/www.leaplytics.de\/wp-content\/uploads\/2021\/11\/Laptop-with-Dashboard-Page3-1536x903.png 1536w, https:\/\/www.leaplytics.de\/wp-content\/uploads\/2021\/11\/Laptop-with-Dashboard-Page3-2048x1204.png 2048w, https:\/\/www.leaplytics.de\/wp-content\/uploads\/2021\/11\/Laptop-with-Dashboard-Page3-102x60.png 102w\" sizes=\"auto, (max-width: 1024px) 100vw, 1024px\" \/><figcaption class=\"wp-element-caption\">Cuadro de mando de gesti\u00f3n de proyectos Qlik Sense<\/figcaption><\/figure>\n\n\n\n<p>Nuestra extensi\u00f3n tambi\u00e9n puede utilizarse en los cuadros de mando generales de las carteras.<\/p>\n\n\n\n<figure class=\"wp-block-image size-large\"><img loading=\"lazy\" decoding=\"async\" width=\"1024\" height=\"599\" src=\"https:\/\/www.leaplytics.de\/wp-content\/uploads\/2021\/11\/Laptop-with-Dashboard-Page1-1024x599.png\" alt=\"\" class=\"wp-image-2406\" srcset=\"https:\/\/www.leaplytics.de\/wp-content\/uploads\/2021\/11\/Laptop-with-Dashboard-Page1-1024x599.png 1024w, https:\/\/www.leaplytics.de\/wp-content\/uploads\/2021\/11\/Laptop-with-Dashboard-Page1-300x175.png 300w, https:\/\/www.leaplytics.de\/wp-content\/uploads\/2021\/11\/Laptop-with-Dashboard-Page1-768x449.png 768w, https:\/\/www.leaplytics.de\/wp-content\/uploads\/2021\/11\/Laptop-with-Dashboard-Page1-1536x898.png 1536w, https:\/\/www.leaplytics.de\/wp-content\/uploads\/2021\/11\/Laptop-with-Dashboard-Page1-2048x1198.png 2048w, https:\/\/www.leaplytics.de\/wp-content\/uploads\/2021\/11\/Laptop-with-Dashboard-Page1-103x60.png 103w\" sizes=\"auto, (max-width: 1024px) 100vw, 1024px\" \/><figcaption class=\"wp-element-caption\">Cuadro de mando de la cartera de proyectos Qlik Sense<\/figcaption><\/figure>\n\n\n\n<p>Si tiene curiosidad por saber qu\u00e9 significar\u00eda esto para su entorno de gesti\u00f3n de proyectos, estaremos encantados de concertar una llamada con usted. En este caso o si tiene preguntas sobre los detalles, la implementaci\u00f3n y la informaci\u00f3n sobre precios, h\u00e1ganoslo saber y nos pondremos en contacto con usted en breve:<\/p>\n\n\n<div class=\"wpforms-container wpforms-container-full\" id=\"wpforms-10645\"><form id=\"wpforms-form-10645\" class=\"wpforms-validate wpforms-form wpforms-ajax-form\" data-formid=\"10645\" method=\"post\" enctype=\"multipart\/form-data\" action=\"\/es\/wp-json\/wp\/v2\/pages\/799\" data-token=\"28f3ef07fd5c71083e51fe95017e2f15\" data-token-time=\"1775881649\" data-trp-original-action=\"\/es\/wp-json\/wp\/v2\/pages\/799\"><noscript class=\"wpforms-error-noscript\">Por favor, active JavaScript en su navegador para completar este formulario.<\/noscript><div class=\"wpforms-field-container\"><div id=\"wpforms-10645-field_0-container\" class=\"wpforms-field wpforms-field-name\" data-field-id=\"0\"><label class=\"wpforms-field-label\">Nombre <span class=\"wpforms-required-label\">*<\/span><\/label><div class=\"wpforms-field-row wpforms-field-medium\"><div class=\"wpforms-field-row-block wpforms-first wpforms-one-half\"><input type=\"text\" id=\"wpforms-10645-field_0\" class=\"wpforms-field-name-first wpforms-field-required\" name=\"wpforms[fields][0][first]\" required><label for=\"wpforms-10645-field_0\" class=\"wpforms-field-sublabel after\">Nombre<\/label><\/div><div class=\"wpforms-field-row-block wpforms-one-half\"><input type=\"text\" id=\"wpforms-10645-field_0-last\" class=\"wpforms-field-name-last wpforms-field-required\" name=\"wpforms[fields][0][last]\" required><label for=\"wpforms-10645-field_0-last\" class=\"wpforms-field-sublabel after\">Apellidos<\/label><\/div><\/div><\/div><div id=\"wpforms-10645-field_1-container\" class=\"wpforms-field wpforms-field-email\" data-field-id=\"1\"><label class=\"wpforms-field-label\" for=\"wpforms-10645-field_1\">Correo electr\u00f3nico <span class=\"wpforms-required-label\">*<\/span><\/label><input type=\"email\" id=\"wpforms-10645-field_1\" class=\"wpforms-field-medium wpforms-field-required\" data-rule-restricted-email=\"1\" name=\"wpforms[fields][1]\" spellcheck=\"false\" required><\/div><div id=\"wpforms-10645-field_3-container\" class=\"wpforms-field wpforms-field-text\" data-field-id=\"3\"><label class=\"wpforms-field-label\" for=\"wpforms-10645-field_3\">Empresa <span class=\"wpforms-required-label\">*<\/span><\/label><input type=\"text\" id=\"wpforms-10645-field_3\" class=\"wpforms-field-medium wpforms-field-required\" name=\"wpforms[fields][3]\" required><\/div><div id=\"wpforms-10645-field_2-container\" class=\"wpforms-field wpforms-field-textarea\" data-field-id=\"2\"><label class=\"wpforms-field-label\" for=\"wpforms-10645-field_2\">Comentario o mensaje<\/label><textarea id=\"wpforms-10645-field_2\" class=\"wpforms-field-medium\" name=\"wpforms[fields][2]\" ><\/textarea><\/div><div id=\"wpforms-10645-field_4-container\" class=\"wpforms-field wpforms-field-gdpr-checkbox\" data-field-id=\"4\"><label class=\"wpforms-field-label\">Acuerdo GDPR <span class=\"wpforms-required-label\">*<\/span><\/label><ul id=\"wpforms-10645-field_4\" class=\"wpforms-field-required\"><li class=\"choice-1\"><input type=\"checkbox\" id=\"wpforms-10645-field_4_1\" name=\"wpforms[fields][4][]\" value=\"I consent to having this website store my submitted information so they can respond to my inquiry.\" required><label class=\"wpforms-field-label-inline\" for=\"wpforms-10645-field_4_1\">Doy mi consentimiento para que este sitio web almacene la informaci\u00f3n que he enviado para que puedan responder a mi consulta.<\/label><\/li><\/ul><\/div><\/div><!-- .wpforms-field-container --><div class=\"wpforms-recaptcha-container wpforms-is-recaptcha wpforms-is-recaptcha-type-v3\" ><input type=\"hidden\" name=\"wpforms[recaptcha]\" value=\"\"><\/div><div class=\"wpforms-submit-container\" ><input type=\"hidden\" name=\"wpforms[id]\" value=\"10645\"><input type=\"hidden\" name=\"page_title\" value=\"\"><input type=\"hidden\" name=\"page_url\" value=\"https:\/\/www.leaplytics.de\/es\/wp-json\/wp\/v2\/pages\/799\"><input type=\"hidden\" name=\"url_referer\" value=\"\"><button type=\"submit\" name=\"wpforms[submit]\" id=\"wpforms-submit-10645\" class=\"wpforms-submit\" data-alt-text=\"Sending...\" data-submit-text=\"Submit\" aria-live=\"assertive\" value=\"wpforms-submit\">Enviar<\/button><img loading=\"lazy\" decoding=\"async\" src=\"https:\/\/www.leaplytics.de\/wp-content\/plugins\/wpforms-lite\/assets\/images\/submit-spin.svg\" class=\"wpforms-submit-spinner\" style=\"display: none;\" width=\"26\" height=\"26\" alt=\"Cargando\"><\/div><input type=\"hidden\" name=\"trp-form-language\" value=\"es\"\/><\/form><\/div>  <!-- .wpforms-container -->","protected":false},"excerpt":{"rendered":"<p>El Cuadro de Mando de Gesti\u00f3n de Proyectos Qlik Sense sigue una regla simple: mostrar la informaci\u00f3n correcta del proyecto en la agregaci\u00f3n correcta a las personas responsables de un solo vistazo, permiti\u00e9ndoles tomar las decisiones correctas. En el entorno de un proyecto, hay diferentes partes interesadas, que tienen diferentes necesidades de informaci\u00f3n y cada una con un nivel de detalle diferente. La ... <\/p>","protected":false},"author":1,"featured_media":0,"parent":111,"menu_order":0,"comment_status":"closed","ping_status":"closed","template":"","meta":{"footnotes":""},"class_list":["post-799","page","type-page","status-publish","hentry","latest_post"],"_links":{"self":[{"href":"https:\/\/www.leaplytics.de\/es\/wp-json\/wp\/v2\/pages\/799","targetHints":{"allow":["GET"]}}],"collection":[{"href":"https:\/\/www.leaplytics.de\/es\/wp-json\/wp\/v2\/pages"}],"about":[{"href":"https:\/\/www.leaplytics.de\/es\/wp-json\/wp\/v2\/types\/page"}],"author":[{"embeddable":true,"href":"https:\/\/www.leaplytics.de\/es\/wp-json\/wp\/v2\/users\/1"}],"replies":[{"embeddable":true,"href":"https:\/\/www.leaplytics.de\/es\/wp-json\/wp\/v2\/comments?post=799"}],"version-history":[{"count":3,"href":"https:\/\/www.leaplytics.de\/es\/wp-json\/wp\/v2\/pages\/799\/revisions"}],"predecessor-version":[{"id":13668,"href":"https:\/\/www.leaplytics.de\/es\/wp-json\/wp\/v2\/pages\/799\/revisions\/13668"}],"up":[{"embeddable":true,"href":"https:\/\/www.leaplytics.de\/es\/wp-json\/wp\/v2\/pages\/111"}],"wp:attachment":[{"href":"https:\/\/www.leaplytics.de\/es\/wp-json\/wp\/v2\/media?parent=799"}],"curies":[{"name":"wp","href":"https:\/\/api.w.org\/{rel}","templated":true}]}}