{"id":9298,"date":"2022-08-01T18:12:55","date_gmt":"2022-08-01T16:12:55","guid":{"rendered":"https:\/\/www.leaplytics.de\/?page_id=9298"},"modified":"2024-10-29T10:26:15","modified_gmt":"2024-10-29T09:26:15","slug":"puesta-en-marcha-semaforo-power-bi","status":"publish","type":"page","link":"https:\/\/www.leaplytics.de\/es\/puesta-en-marcha-semaforo-power-bi\/","title":{"rendered":"C\u00f3mo empezar - Sem\u00e1foro"},"content":{"rendered":"<p>\u00bfAcaba de descubrir el visual Sem\u00e1foro en Power BI y se pregunta cu\u00e1les son los siguientes pasos?<\/p>\n\n\n\n<p>Entonces has venido al lugar adecuado. En nuestra gu\u00eda paso a paso, con el apoyo de nuestros tutoriales en v\u00eddeo, le guiaremos a trav\u00e9s de la configuraci\u00f3n y personalizaci\u00f3n de nuestro visual.<\/p>\n\n\n\n<div style=\"height:40px\" aria-hidden=\"true\" class=\"wp-block-spacer\"><\/div>\n\n\n\n<h3 class=\"wp-block-heading\">1. Descargue el visual<\/h3>\n\n\n\n<figure class=\"wp-block-embed is-type-video is-provider-youtube wp-block-embed-youtube wp-embed-aspect-16-9 wp-has-aspect-ratio\"><div class=\"wp-block-embed__wrapper\">\n<iframe loading=\"lazy\" title=\"Descargar tutorial - LeapLytics Traffic Light para Power BI\" width=\"770\" height=\"433\" src=\"https:\/\/www.youtube.com\/embed\/_u8gc4RcyO0?feature=oembed\" frameborder=\"0\" allow=\"accelerometer; autoplay; clipboard-write; encrypted-media; gyroscope; picture-in-picture; web-share\" referrerpolicy=\"strict-origin-when-cross-origin\" allowfullscreen><\/iframe>\n<\/div><figcaption class=\"wp-element-caption\">El primer paso es, por supuesto, descargar el Traffic Light visual desde Microsoft AppSource. En nuestro v\u00eddeo explicamos todo el proceso de descarga en 1 minuto.<\/figcaption><\/figure>\n\n\n\n<div style=\"height:40px\" aria-hidden=\"true\" class=\"wp-block-spacer\"><\/div>\n\n\n\n<h3 class=\"wp-block-heading\">2. Prepare sus datos<\/h3>\n\n\n\n<div class=\"wp-block-columns is-layout-flex wp-container-core-columns-is-layout-1 wp-block-columns-is-layout-flex\">\n<div class=\"wp-block-column is-layout-flow wp-block-column-is-layout-flow\"><div class=\"wp-block-image\">\n<figure class=\"alignleft size-full is-resized\"><img loading=\"lazy\" decoding=\"async\" width=\"2285\" height=\"1538\" src=\"https:\/\/www.leaplytics.de\/wp-content\/uploads\/2024\/08\/data-preparation.png\" alt=\"\" class=\"wp-image-13550\" style=\"width:389px;height:auto\" srcset=\"https:\/\/www.leaplytics.de\/wp-content\/uploads\/2024\/08\/data-preparation.png 2285w, https:\/\/www.leaplytics.de\/wp-content\/uploads\/2024\/08\/data-preparation-300x202.png 300w, https:\/\/www.leaplytics.de\/wp-content\/uploads\/2024\/08\/data-preparation-1024x689.png 1024w, https:\/\/www.leaplytics.de\/wp-content\/uploads\/2024\/08\/data-preparation-768x517.png 768w, https:\/\/www.leaplytics.de\/wp-content\/uploads\/2024\/08\/data-preparation-1536x1034.png 1536w, https:\/\/www.leaplytics.de\/wp-content\/uploads\/2024\/08\/data-preparation-2048x1378.png 2048w, https:\/\/www.leaplytics.de\/wp-content\/uploads\/2024\/08\/data-preparation-89x60.png 89w\" sizes=\"auto, (max-width: 2285px) 100vw, 2285px\" \/><\/figure><\/div><\/div>\n\n\n\n<div class=\"wp-block-column is-layout-flow wp-block-column-is-layout-flow\">\n<p>Nuestro Sem\u00e1foro requiere valores num\u00e9ricos, porcentuales o de tiempo (por ejemplo, fecha) para establecer rangos para cada color de sem\u00e1foro.<\/p>\n\n\n\n<p>Aseg\u00farese de ajustar sus datos de inter\u00e9s a uno de los formatos de datos admitidos.<\/p>\n<\/div>\n<\/div>\n\n\n\n<div style=\"height:40px\" aria-hidden=\"true\" class=\"wp-block-spacer\"><\/div>\n\n\n\n<h3 class=\"wp-block-heading\">3. Importaci\u00f3n de datos y licencias<\/h3>\n\n\n\n<figure class=\"wp-block-embed is-type-video is-provider-youtube wp-block-embed-youtube wp-embed-aspect-16-9 wp-has-aspect-ratio\"><div class=\"wp-block-embed__wrapper\">\n<iframe loading=\"lazy\" title=\"Importaci\u00f3n de datos y activaci\u00f3n de licencia - LeapLytics Traffic Light para Power BI\" width=\"770\" height=\"433\" src=\"https:\/\/www.youtube.com\/embed\/S1HhF9H03K0?feature=oembed\" frameborder=\"0\" allow=\"accelerometer; autoplay; clipboard-write; encrypted-media; gyroscope; picture-in-picture; web-share\" referrerpolicy=\"strict-origin-when-cross-origin\" allowfullscreen><\/iframe>\n<\/div><figcaption class=\"wp-element-caption\">Una vez que hemos preparado nuestros datos, es hora de importarlos a Power BI. En este v\u00eddeo, te ayudamos a importar tus datos y a activar tu c\u00f3digo de licencia.<\/figcaption><\/figure>\n\n\n<div class=\"wp-block-image\">\n<figure class=\"alignleft size-full is-resized\"><img loading=\"lazy\" decoding=\"async\" width=\"964\" height=\"1875\" src=\"https:\/\/www.leaplytics.de\/wp-content\/uploads\/2024\/08\/datalicense.png\" alt=\"\" class=\"wp-image-13551\" style=\"width:204px;height:auto\" srcset=\"https:\/\/www.leaplytics.de\/wp-content\/uploads\/2024\/08\/datalicense.png 964w, https:\/\/www.leaplytics.de\/wp-content\/uploads\/2024\/08\/datalicense-154x300.png 154w, https:\/\/www.leaplytics.de\/wp-content\/uploads\/2024\/08\/datalicense-526x1024.png 526w, https:\/\/www.leaplytics.de\/wp-content\/uploads\/2024\/08\/datalicense-768x1494.png 768w, https:\/\/www.leaplytics.de\/wp-content\/uploads\/2024\/08\/datalicense-790x1536.png 790w, https:\/\/www.leaplytics.de\/wp-content\/uploads\/2024\/08\/datalicense-31x60.png 31w\" sizes=\"auto, (max-width: 964px) 100vw, 964px\" \/><\/figure><\/div>\n\n\n<p>Para importar sus datos, haga clic en \"Obtener datos\" en el panel de datos y seleccione la fuente de datos correspondiente, por ejemplo, un libro de Excel.<\/p>\n\n\n\n<p><\/p>\n\n\n\n<p>En el siguiente paso, seleccione el visual de la lista de visuales para a\u00f1adirlo a su informe de Power BI. Ahora, haz clic en \"Formatear tu visual\" en visualizaciones y elige la secci\u00f3n \"licencia\".<\/p>\n\n\n\n<p>Aqu\u00ed puede insertar simplemente su c\u00f3digo de licencia mediante CTRL + V.<\/p>\n\n\n\n<div style=\"height:40px\" aria-hidden=\"true\" class=\"wp-block-spacer\"><\/div>\n\n\n\n<h3 class=\"wp-block-heading\">4. Configuraci\u00f3n visual<\/h3>\n\n\n\n<figure class=\"wp-block-embed is-type-video is-provider-youtube wp-block-embed-youtube wp-embed-aspect-16-9 wp-has-aspect-ratio\"><div class=\"wp-block-embed__wrapper\">\n<iframe loading=\"lazy\" title=\"Configuraci\u00f3n visual - LeapLytics Traffic Light para Power BI\" width=\"770\" height=\"433\" src=\"https:\/\/www.youtube.com\/embed\/rY4INTDBFAA?feature=oembed\" frameborder=\"0\" allow=\"accelerometer; autoplay; clipboard-write; encrypted-media; gyroscope; picture-in-picture; web-share\" referrerpolicy=\"strict-origin-when-cross-origin\" allowfullscreen><\/iframe>\n<\/div><figcaption class=\"wp-element-caption\">A continuaci\u00f3n, tenemos que a\u00f1adir nuestros datos al visual. A continuaci\u00f3n te explicamos paso a paso c\u00f3mo a\u00f1adir los datos al visual y c\u00f3mo definir los rangos de datos en consecuencia.<\/figcaption><\/figure>\n\n\n\n<div class=\"wp-block-columns is-layout-flex wp-container-core-columns-is-layout-2 wp-block-columns-is-layout-flex\">\n<div class=\"wp-block-column is-layout-flow wp-block-column-is-layout-flow\" style=\"flex-basis:33.33%\"><div class=\"wp-block-image\">\n<figure class=\"alignleft size-full is-resized\"><img loading=\"lazy\" decoding=\"async\" width=\"1019\" height=\"1675\" src=\"https:\/\/www.leaplytics.de\/wp-content\/uploads\/2024\/08\/measure.png\" alt=\"\" class=\"wp-image-13554\" style=\"width:204px;height:auto\" srcset=\"https:\/\/www.leaplytics.de\/wp-content\/uploads\/2024\/08\/measure.png 1019w, https:\/\/www.leaplytics.de\/wp-content\/uploads\/2024\/08\/measure-183x300.png 183w, https:\/\/www.leaplytics.de\/wp-content\/uploads\/2024\/08\/measure-623x1024.png 623w, https:\/\/www.leaplytics.de\/wp-content\/uploads\/2024\/08\/measure-768x1262.png 768w, https:\/\/www.leaplytics.de\/wp-content\/uploads\/2024\/08\/measure-934x1536.png 934w, https:\/\/www.leaplytics.de\/wp-content\/uploads\/2024\/08\/measure-37x60.png 37w\" sizes=\"auto, (max-width: 1019px) 100vw, 1019px\" \/><\/figure><\/div><\/div>\n\n\n\n<div class=\"wp-block-column is-layout-flow wp-block-column-is-layout-flow\" style=\"flex-basis:66.66%\">\n<p>Seleccione la medida que le interese en la secci\u00f3n \"Datos\" haciendo clic sobre ella o arrastr\u00e1ndola al campo \"Medida\" del visual.<\/p>\n\n\n\n<p><strong>Opcional: <\/strong>Haciendo clic en el desplegable, puede elegir la agregaci\u00f3n adecuada a sus necesidades (Suma, Media, etc.).<\/p>\n\n\n\n<p>Cuando se utilizan formatos de tiempo, hay que asegurarse de que el formato est\u00e1 ajustado de acuerdo con el formato de la medida seleccionada.<\/p>\n<\/div>\n<\/div>\n\n\n\n<div style=\"height:40px\" aria-hidden=\"true\" class=\"wp-block-spacer\"><\/div>\n\n\n\n<h3 class=\"wp-block-heading\">5. Ajuste de rangos<\/h3>\n\n\n<div class=\"wp-block-image\">\n<figure class=\"alignleft size-full\"><img loading=\"lazy\" decoding=\"async\" width=\"185\" height=\"377\" src=\"https:\/\/www.leaplytics.de\/wp-content\/uploads\/2024\/08\/ranges.png\" alt=\"\" class=\"wp-image-13553\" srcset=\"https:\/\/www.leaplytics.de\/wp-content\/uploads\/2024\/08\/ranges.png 185w, https:\/\/www.leaplytics.de\/wp-content\/uploads\/2024\/08\/ranges-147x300.png 147w, https:\/\/www.leaplytics.de\/wp-content\/uploads\/2024\/08\/ranges-29x60.png 29w\" sizes=\"auto, (max-width: 185px) 100vw, 185px\" \/><\/figure><\/div>\n\n\n<p>A continuaci\u00f3n, para que tu visual \"Sem\u00e1foro\" funcione correctamente, tienes que definir los rangos para mostrar los colores de las luces. En la secci\u00f3n \"Rangos\", dentro de \"Crea tu visual\", puedes definir los valores m\u00ednimo y m\u00e1ximo del color correspondiente*.<\/p>\n\n\n\n<p>Cuando se selecciona una fecha o una medida de intervalo en la secci\u00f3n de medidas, es necesario definir los intervalos de acuerdo con el formato de tiempo seleccionado en la secci\u00f3n de formato de tiempo.<\/p>\n\n\n\n<p><em>*El M\u00ednimo Amarillo y el M\u00e1ximo Amarillo est\u00e1n desactivados, si se selecciona \"Sistema de Dos Luces\".<\/em><\/p>\n\n\n\n<div style=\"height:40px\" aria-hidden=\"true\" class=\"wp-block-spacer\"><\/div>\n\n\n\n<h3 class=\"wp-block-heading\">6. Personaliza tu dise\u00f1o favorito<\/h3>\n\n\n\n<figure class=\"wp-block-embed is-type-video is-provider-youtube wp-block-embed-youtube wp-embed-aspect-16-9 wp-has-aspect-ratio\"><div class=\"wp-block-embed__wrapper\">\n<iframe loading=\"lazy\" title=\"Ajustes de dise\u00f1o personalizados - LeapLytics Traffic Light para Power BI\" width=\"770\" height=\"433\" src=\"https:\/\/www.youtube.com\/embed\/GpFtfzbQ_OE?feature=oembed\" frameborder=\"0\" allow=\"accelerometer; autoplay; clipboard-write; encrypted-media; gyroscope; picture-in-picture; web-share\" referrerpolicy=\"strict-origin-when-cross-origin\" allowfullscreen><\/iframe>\n<\/div><figcaption class=\"wp-element-caption\">Nuestro visual le ofrece una amplia gama de opciones de personalizaci\u00f3n. Echa un vistazo a nuestro tutorial de v\u00eddeo de arriba, para aprender a personalizar el Sem\u00e1foro a sus preferencias individuales.<\/figcaption><\/figure>\n\n\n<div class=\"wp-block-image\">\n<figure class=\"alignleft size-full is-resized\"><img loading=\"lazy\" decoding=\"async\" width=\"538\" height=\"1697\" src=\"https:\/\/www.leaplytics.de\/wp-content\/uploads\/2024\/08\/formats.png\" alt=\"\" class=\"wp-image-13552\" style=\"width:198px;height:auto\" srcset=\"https:\/\/www.leaplytics.de\/wp-content\/uploads\/2024\/08\/formats.png 538w, https:\/\/www.leaplytics.de\/wp-content\/uploads\/2024\/08\/formats-95x300.png 95w, https:\/\/www.leaplytics.de\/wp-content\/uploads\/2024\/08\/formats-325x1024.png 325w, https:\/\/www.leaplytics.de\/wp-content\/uploads\/2024\/08\/formats-487x1536.png 487w, https:\/\/www.leaplytics.de\/wp-content\/uploads\/2024\/08\/formats-19x60.png 19w\" sizes=\"auto, (max-width: 538px) 100vw, 538px\" \/><\/figure><\/div>\n\n\n<p>En un \u00faltimo paso, podemos personalizar el visual a un dise\u00f1o individual. Al hacer clic en \"Formatear su visual\" en visualizaciones, ver\u00e1 el siguiente panel.<\/p>\n\n\n\n<p>Aqu\u00ed puedes adaptar todas las opciones de formato eligiendo tu dise\u00f1o favorito. <\/p>\n\n\n\n<p>Las instrucciones sobre cada opci\u00f3n de formato, se pueden encontrar en nuestro video tutorial de arriba.<\/p>\n\n\n\n<div style=\"height:40px\" aria-hidden=\"true\" class=\"wp-block-spacer\"><\/div>\n\n\n\n<p>Perfecto, ya est\u00e1 listo para utilizar nuestro Sem\u00e1foro y mejorar sus informes.<\/p>\n\n\n\n<div style=\"height:40px\" aria-hidden=\"true\" class=\"wp-block-spacer\"><\/div>\n\n\n\n<div class=\"wp-block-buttons is-layout-flex wp-block-buttons-is-layout-flex\">\n<div class=\"wp-block-button\"><a class=\"wp-block-button__link has-background wp-element-button\" href=\"https:\/\/www.leaplytics.de\/es\/portada\/gestion-de-proyectos-visualizaciones-personalizadas-microsoft-powerbi\/mapa-de-riesgos-visual-personalizado-para-power-bi\/\" style=\"background-color:#44546a\">\u00bfQuiere mejorar a\u00fan m\u00e1s sus informes? Eche un vistazo a nuestra matriz de riesgos para Power BI.<\/a><\/div>\n<\/div>","protected":false},"excerpt":{"rendered":"<p>\u00bfAcaba de descubrir el visual Sem\u00e1foro en Power BI y se pregunta cu\u00e1les son los siguientes pasos? Entonces ha llegado al lugar adecuado. En nuestra gu\u00eda paso a paso, apoyada por nuestros tutoriales en v\u00eddeo, le guiaremos a trav\u00e9s de la configuraci\u00f3n y personalizaci\u00f3n de nuestro visual. 1. 1. Descarga el visual Prepara ... <\/p>","protected":false},"author":2,"featured_media":0,"parent":0,"menu_order":0,"comment_status":"closed","ping_status":"closed","template":"","meta":{"footnotes":""},"class_list":["post-9298","page","type-page","status-publish","hentry","latest_post"],"_links":{"self":[{"href":"https:\/\/www.leaplytics.de\/es\/wp-json\/wp\/v2\/pages\/9298","targetHints":{"allow":["GET"]}}],"collection":[{"href":"https:\/\/www.leaplytics.de\/es\/wp-json\/wp\/v2\/pages"}],"about":[{"href":"https:\/\/www.leaplytics.de\/es\/wp-json\/wp\/v2\/types\/page"}],"author":[{"embeddable":true,"href":"https:\/\/www.leaplytics.de\/es\/wp-json\/wp\/v2\/users\/2"}],"replies":[{"embeddable":true,"href":"https:\/\/www.leaplytics.de\/es\/wp-json\/wp\/v2\/comments?post=9298"}],"version-history":[{"count":11,"href":"https:\/\/www.leaplytics.de\/es\/wp-json\/wp\/v2\/pages\/9298\/revisions"}],"predecessor-version":[{"id":13635,"href":"https:\/\/www.leaplytics.de\/es\/wp-json\/wp\/v2\/pages\/9298\/revisions\/13635"}],"wp:attachment":[{"href":"https:\/\/www.leaplytics.de\/es\/wp-json\/wp\/v2\/media?parent=9298"}],"curies":[{"name":"wp","href":"https:\/\/api.w.org\/{rel}","templated":true}]}}