{"id":9526,"date":"2022-09-08T20:29:04","date_gmt":"2022-09-08T18:29:04","guid":{"rendered":"https:\/\/www.leaplytics.de\/?page_id=9526"},"modified":"2024-05-21T13:00:58","modified_gmt":"2024-05-21T11:00:58","slug":"matriz-de-riesgo-heatmap-power-bi-trial","status":"publish","type":"page","link":"https:\/\/www.leaplytics.de\/es\/matriz-de-riesgo-heatmap-power-bi-trial\/","title":{"rendered":"Matriz de riesgos \/ mapa de calor de Power BI - \u00a1Pru\u00e9belo ahora!"},"content":{"rendered":"<h3 class=\"wp-block-heading\">La pieza que le faltaba a su gesti\u00f3n de riesgos<\/h3>\n\n\n\n<figure class=\"wp-block-image size-full\"><img loading=\"lazy\" decoding=\"async\" width=\"152\" height=\"37\" src=\"https:\/\/www.leaplytics.de\/wp-content\/uploads\/2022\/05\/PBI-Certified.png\" alt=\"\" class=\"wp-image-8358\" srcset=\"https:\/\/www.leaplytics.de\/wp-content\/uploads\/2022\/05\/PBI-Certified.png 152w, https:\/\/www.leaplytics.de\/wp-content\/uploads\/2022\/05\/PBI-Certified-150x37.png 150w\" sizes=\"auto, (max-width: 152px) 100vw, 152px\" \/><\/figure>\n\n\n\n<p>Es f\u00e1cil: rellene el siguiente formulario y le enviaremos una licencia de prueba gratuita de cuatro semanas.<\/p>\n\n\n<div class=\"wpforms-container wpforms-container-full\" id=\"wpforms-10592\"><form id=\"wpforms-form-10592\" class=\"wpforms-validate wpforms-form wpforms-ajax-form\" data-formid=\"10592\" method=\"post\" enctype=\"multipart\/form-data\" action=\"\/es\/wp-json\/wp\/v2\/pages\/9526\" data-token=\"93e31137e329d7940839fcaafb5f94cb\" data-token-time=\"1776963698\" data-trp-original-action=\"\/es\/wp-json\/wp\/v2\/pages\/9526\"><noscript class=\"wpforms-error-noscript\">Por favor, active JavaScript en su navegador para completar este formulario.<\/noscript><div class=\"wpforms-field-container\"><div id=\"wpforms-10592-field_0-container\" class=\"wpforms-field wpforms-field-name\" data-field-id=\"0\"><label class=\"wpforms-field-label\">Nombre <span class=\"wpforms-required-label\">*<\/span><\/label><div class=\"wpforms-field-row wpforms-field-medium\"><div class=\"wpforms-field-row-block wpforms-first wpforms-one-half\"><input type=\"text\" id=\"wpforms-10592-field_0\" class=\"wpforms-field-name-first wpforms-field-required\" name=\"wpforms[fields][0][first]\" required><label for=\"wpforms-10592-field_0\" class=\"wpforms-field-sublabel after\">Nombre<\/label><\/div><div class=\"wpforms-field-row-block wpforms-one-half\"><input type=\"text\" id=\"wpforms-10592-field_0-last\" class=\"wpforms-field-name-last wpforms-field-required\" name=\"wpforms[fields][0][last]\" required><label for=\"wpforms-10592-field_0-last\" class=\"wpforms-field-sublabel after\">Apellidos<\/label><\/div><\/div><\/div><div id=\"wpforms-10592-field_1-container\" class=\"wpforms-field wpforms-field-email\" data-field-id=\"1\"><label class=\"wpforms-field-label\" for=\"wpforms-10592-field_1\">Correo electr\u00f3nico profesional <span class=\"wpforms-required-label\">*<\/span><\/label><input type=\"email\" id=\"wpforms-10592-field_1\" class=\"wpforms-field-medium wpforms-field-required\" data-rule-restricted-email=\"1\" name=\"wpforms[fields][1]\" spellcheck=\"false\" required><\/div><div id=\"wpforms-10592-field_4-container\" class=\"wpforms-field wpforms-field-text\" data-field-id=\"4\"><label class=\"wpforms-field-label\" for=\"wpforms-10592-field_4\">Empresa <span class=\"wpforms-required-label\">*<\/span><\/label><input type=\"text\" id=\"wpforms-10592-field_4\" class=\"wpforms-field-medium wpforms-field-required\" name=\"wpforms[fields][4]\" required><\/div><div id=\"wpforms-10592-field_3-container\" class=\"wpforms-field wpforms-field-gdpr-checkbox\" data-field-id=\"3\"><label class=\"wpforms-field-label\">Acuerdo GDPR <span class=\"wpforms-required-label\">*<\/span><\/label><ul id=\"wpforms-10592-field_3\" class=\"wpforms-field-required\"><li class=\"choice-1\"><input type=\"checkbox\" id=\"wpforms-10592-field_3_1\" name=\"wpforms[fields][3][]\" value=\"I consent to having this website store my submitted information so they can respond to my inquiry.\" required><label class=\"wpforms-field-label-inline\" for=\"wpforms-10592-field_3_1\">Doy mi consentimiento para que este sitio web almacene la informaci\u00f3n que he enviado para que puedan responder a mi consulta.<\/label><\/li><\/ul><\/div><\/div><!-- .wpforms-field-container --><div class=\"wpforms-recaptcha-container wpforms-is-recaptcha wpforms-is-recaptcha-type-v3\" ><input type=\"hidden\" name=\"wpforms[recaptcha]\" value=\"\"><\/div><div class=\"wpforms-submit-container\" ><input type=\"hidden\" name=\"wpforms[id]\" value=\"10592\"><input type=\"hidden\" name=\"page_title\" value=\"\"><input type=\"hidden\" name=\"page_url\" value=\"https:\/\/www.leaplytics.de\/es\/wp-json\/wp\/v2\/pages\/9526\"><input type=\"hidden\" name=\"url_referer\" value=\"\"><button type=\"submit\" name=\"wpforms[submit]\" id=\"wpforms-submit-10592\" class=\"wpforms-submit\" data-alt-text=\"Sending...\" data-submit-text=\"Submit\" aria-live=\"assertive\" value=\"wpforms-submit\">Enviar<\/button><img loading=\"lazy\" decoding=\"async\" src=\"https:\/\/www.leaplytics.de\/wp-content\/plugins\/wpforms-lite\/assets\/images\/submit-spin.svg\" class=\"wpforms-submit-spinner\" style=\"display: none;\" width=\"26\" height=\"26\" alt=\"Cargando\"><\/div><input type=\"hidden\" name=\"trp-form-language\" value=\"es\"\/><\/form><\/div>  <!-- .wpforms-container -->\n\n\n\n<div style=\"height:27px\" aria-hidden=\"true\" class=\"wp-block-spacer\"><\/div>\n\n\n\n<h3 class=\"wp-block-heading\">De confianza de:<\/h3>\n\n\n<div class=\"wp-block-image\">\n<figure class=\"aligncenter size-medium is-resized\"><a href=\"https:\/\/www.railbaltica.org\/\" target=\"_blank\" rel=\"noreferrer noopener nofollow\"><img loading=\"lazy\" decoding=\"async\" width=\"300\" height=\"225\" src=\"https:\/\/www.leaplytics.de\/wp-content\/uploads\/2024\/05\/rb-logo-300x225.png\" alt=\"\" class=\"wp-image-13461\" style=\"width:300px\" srcset=\"https:\/\/www.leaplytics.de\/wp-content\/uploads\/2024\/05\/rb-logo-300x225.png 300w, https:\/\/www.leaplytics.de\/wp-content\/uploads\/2024\/05\/rb-logo-1024x768.png 1024w, https:\/\/www.leaplytics.de\/wp-content\/uploads\/2024\/05\/rb-logo-768x576.png 768w, https:\/\/www.leaplytics.de\/wp-content\/uploads\/2024\/05\/rb-logo-80x60.png 80w, https:\/\/www.leaplytics.de\/wp-content\/uploads\/2024\/05\/rb-logo.png 1200w\" sizes=\"auto, (max-width: 300px) 100vw, 300px\" \/><\/a><\/figure><\/div>\n\n\n<p><em>\"Una herramienta excelente para visualizar y garantizar una visi\u00f3n hol\u00edstica de la cartera de riesgos. La posibilidad de personalizar los colores, los umbrales y la matriz de riesgos es ideal: f\u00e1cil de configurar y ofrece la oportunidad de utilizar la soluci\u00f3n para diferentes niveles de riesgos (empresa, proyecto, programa, etc.). La nueva funci\u00f3n de visualizar el cambio en las posiciones de riesgo individuales en el mapa de calor es perfecta para la elaboraci\u00f3n de informes, ya que el cambio preciso en la probabilidad o el impacto es claramente comprensible incluso para los no profesionales de la gesti\u00f3n de riesgos, lo que les permite seguir los cambios.\"<\/em> <a href=\"https:\/\/www.railbaltica.org\/\" target=\"_blank\" rel=\"noreferrer noopener nofollow\">Ferrocarril B\u00e1ltico<\/a><\/p>\n\n\n\n<h3 class=\"wp-block-heading\">Carta del Director General<\/h3>\n\n\n\n<blockquote class=\"wp-block-quote is-layout-flow wp-block-quote-is-layout-flow\">\n<div class=\"wp-block-columns is-layout-flex wp-container-core-columns-is-layout-1 wp-block-columns-is-layout-flex\">\n<div class=\"wp-block-column is-layout-flow wp-block-column-is-layout-flow\" style=\"flex-basis:100%\">\n<h3 class=\"wp-block-heading has-text-align-left\"><img loading=\"lazy\" decoding=\"async\" width=\"150\" height=\"150\" class=\"wp-image-10452\" style=\"width: 150px;\" src=\"https:\/\/www.leaplytics.de\/wp-content\/uploads\/2023\/01\/stefan-profile.png\" alt=\"\" srcset=\"https:\/\/www.leaplytics.de\/wp-content\/uploads\/2023\/01\/stefan-profile.png 612w, https:\/\/www.leaplytics.de\/wp-content\/uploads\/2023\/01\/stefan-profile-300x300.png 300w, https:\/\/www.leaplytics.de\/wp-content\/uploads\/2023\/01\/stefan-profile-150x150.png 150w, https:\/\/www.leaplytics.de\/wp-content\/uploads\/2023\/01\/stefan-profile-370x370.png 370w, https:\/\/www.leaplytics.de\/wp-content\/uploads\/2023\/01\/stefan-profile-60x60.png 60w\" sizes=\"auto, (max-width: 150px) 100vw, 150px\" \/>Nuestra soluci\u00f3n para profesionales<\/h3>\n<\/div>\n<\/div>\n\n\n\n<p class=\"has-text-align-left\">Hola a todos.<br><br>Soy Stefan, CEO de LeapLytics.<br><br>Esta es la matriz de riesgos que siempre hemos buscado nosotros mismos. Y ahora queremos compartirla con ustedes.<br><br>Es estupendo disponer de una matriz de riesgos que te ayude a comprender las amenazas y las oportunidades. Porque antes, empezabas a ver riesgos que no esperabas de fuentes que no ve\u00edas. Perd\u00edas el control sobre la comprensi\u00f3n de tu panorama de riesgos. Una avalancha de datos lo desordenaba todo.<\/p>\n\n\n\n<p class=\"has-text-align-left\"><br>Aqu\u00ed es donde podemos ayudarle. Empezamos a desarrollar la Matriz de Riesgos en 2020. Desde entonces, hemos a\u00f1adido muchas funciones nuevas. Al hacerlo, nos hemos centrado en los usuarios. El formato condicional fue una idea de una empresa italiana. La petici\u00f3n de una presentaci\u00f3n de los riesgos basada en el tiempo vino de un cliente de Australia. Nuestra comunidad de clientes es lo que nos enorgullece. Pero tambi\u00e9n lo que nos impulsa a mejorar nuestra matriz de riesgos.<br><br>Una matriz de riesgos no debe sentirse como una carga. Algo en lo que te retrasas. Algo que se elimina, no que se aprecia. En lugar de deleitarse con ella, hay que lidiar con ella. Por el contrario, deber\u00edan ser fiables. E informativos. Deben facilitarle a usted y a sus equipos la alineaci\u00f3n de sus acciones. Para que prosperen.<br><br>Buenas noticias: la magia sigue ah\u00ed. Est\u00e1 oculta, enterrada bajo una mara\u00f1a de trucos y soluciones insatisfactorias. Tu salpicadero merece una limpieza. Una renovaci\u00f3n. Modernizado para la forma en que gestionamos los riesgos hoy en d\u00eda. Con nuestra soluci\u00f3n Risk Matrix, lo hemos conseguido. Es un rehacer, un replanteamiento, una reintroducci\u00f3n simplificada y potente de la gesti\u00f3n de riesgos.<br><br>Un nuevo comienzo, como debe ser.<\/p>\n\n\n\n<p><br>Que tenga un buen d\u00eda,<br>Stefan<br><br>Cofundador y Consejero Delegado, LeapLytics GmbH<\/p>\n<\/blockquote>\n\n\n<div class=\"wp-block-image\">\n<figure class=\"aligncenter size-large\"><img loading=\"lazy\" decoding=\"async\" width=\"1024\" height=\"576\" src=\"https:\/\/www.leaplytics.de\/wp-content\/uploads\/2022\/04\/First_Slice_Risk_Map_PowerBI-1024x576.png\" alt=\"\" class=\"wp-image-6585\" srcset=\"https:\/\/www.leaplytics.de\/wp-content\/uploads\/2022\/04\/First_Slice_Risk_Map_PowerBI-1024x576.png 1024w, https:\/\/www.leaplytics.de\/wp-content\/uploads\/2022\/04\/First_Slice_Risk_Map_PowerBI-300x169.png 300w, https:\/\/www.leaplytics.de\/wp-content\/uploads\/2022\/04\/First_Slice_Risk_Map_PowerBI-768x432.png 768w, https:\/\/www.leaplytics.de\/wp-content\/uploads\/2022\/04\/First_Slice_Risk_Map_PowerBI-107x60.png 107w, https:\/\/www.leaplytics.de\/wp-content\/uploads\/2022\/04\/First_Slice_Risk_Map_PowerBI.png 1140w\" sizes=\"auto, (max-width: 1024px) 100vw, 1024px\" \/><\/figure><\/div>\n\n\n<div style=\"height:29px\" aria-hidden=\"true\" class=\"wp-block-spacer\"><\/div>\n\n\n\n<blockquote class=\"wp-block-quote has-text-align-left is-layout-flow wp-block-quote-is-layout-flow\">\n<p>Merece la pena<\/p>\n<cite>\"Todo lo que quer\u00edamos conseguir con una matriz de riesgos, pudimos implementarlo con esta visualizaci\u00f3n. Merece la pena\". - <a href=\"https:\/\/appsource.microsoft.com\/en-us\/product\/power-bi-visuals\/leaplyticsgmbh1633373694058.leaplytics_risk_heatmap?tab=Reviews\" target=\"_blank\" rel=\"noreferrer noopener\">Valoraci\u00f3n de Microsoft AppSource Review: <img loading=\"lazy\" decoding=\"async\" width=\"89\" height=\"14\" class=\"wp-image-13274\" style=\"width: 89px;\" src=\"https:\/\/www.leaplytics.de\/wp-content\/uploads\/2024\/04\/stars.png\" alt=\"\"><\/a><\/cite><\/blockquote>\n\n\n\n<h3 class=\"wp-block-heading\">\u00bfQu\u00e9 obtendr\u00e9?<\/h3>\n\n\n\n<i class=\"fa-solid fa-key\"><\/i> Prueba de cuatro semanas <b>Clave de licencia<\/b>\n<br><br>\n<i class=\"fa-solid fa-eye\"><\/i> Configuraci\u00f3n visual <b>Tutorial<\/b>\n<br><br>\n<i class=\"fas fa-directions\"><\/i> <b>C\u00f3mo hacerlo<\/b> Gu\u00edas en YouTube\n<br><br>\n<i class=\"fa-solid fa-question\"><\/i> Preguntas frecuentes (<b>Preguntas frecuentes<\/b>)\n\n\n\n<div style=\"height:29px\" aria-hidden=\"true\" class=\"wp-block-spacer\"><\/div>\n\n\n\n<h3 class=\"wp-block-heading\">\u00bfPor qu\u00e9 deber\u00eda probar su visual?<\/h3>\n\n\n\n<p>Nuestra matriz de riesgos LeapLytics es la <strong>s\u00f3lo<\/strong> matriz de riesgos capaz de representar cada riesgo como una entidad individual. Ofrece una funcionalidad en la que se puede hacer clic y permite ver un examen detallado a trav\u00e9s de un tooltip. Adem\u00e1s, es el \u00fanico elemento visual de Power BI que permite a los usuarios acceder a informaci\u00f3n detallada sobre riesgos mediante un simple desglose de un riesgo espec\u00edfico.<\/p>\n\n\n\n<ul class=\"wp-block-list\">\n<li><strong>Sin suscripci\u00f3n<\/strong>: Simplemente d\u00e9jelo caducar. <strong>No le cobraremos nada.<\/strong><\/li>\n<\/ul>\n\n\n\n<figure class=\"wp-block-embed is-type-video is-provider-youtube wp-block-embed-youtube wp-embed-aspect-16-9 wp-has-aspect-ratio\"><div class=\"wp-block-embed__wrapper\" align=\"center\">\n<iframe loading=\"lazy\" title=\"Matriz de riesgos \/ mapa de calor de Power BI LeapLytics Visual\" width=\"770\" height=\"433\" src=\"https:\/\/www.youtube.com\/embed\/SsN0lgNJX6A?feature=oembed\" frameborder=\"0\" allow=\"accelerometer; autoplay; clipboard-write; encrypted-media; gyroscope; picture-in-picture; web-share\" referrerpolicy=\"strict-origin-when-cross-origin\" allowfullscreen><\/iframe>\n<\/div><\/figure>\n\n\n\n<div style=\"height:55px\" aria-hidden=\"true\" class=\"wp-block-spacer\"><\/div>\n\n\n\n<blockquote class=\"wp-block-quote is-layout-flow wp-block-quote-is-layout-flow\">\n<p>Funciona exactamente como se esperaba y se anunciaba.<\/p>\n\n\n\n<h3 class=\"wp-block-heading\"><\/h3>\n<cite>\"Compr\u00e9 una licencia para esta aplicaci\u00f3n hace casi 9 meses, la instal\u00e9 en varios informes que utilizan cientos de personas de todo el mundo y s\u00f3lo he recibido comentarios positivos de los usuarios.\" - <a href=\"https:\/\/appsource.microsoft.com\/en-us\/product\/power-bi-visuals\/leaplyticsgmbh1633373694058.leaplytics_risk_heatmap?tab=Reviews\" target=\"_blank\" rel=\"noreferrer noopener\">Valoraci\u00f3n de Microsoft AppSource Review: <img loading=\"lazy\" decoding=\"async\" width=\"89\" height=\"14\" class=\"wp-image-13274\" style=\"width: 89px;\" src=\"https:\/\/www.leaplytics.de\/wp-content\/uploads\/2024\/04\/stars.png\" alt=\"\"><\/a><\/cite><\/blockquote>\n\n\n\n<p>\u00bfLe interesa? En menos de cinco minutos recibir\u00e1 un correo electr\u00f3nico con su licencia personal de prueba de cuatro semanas.<\/p>\n\n\n<div class=\"wpforms-container wpforms-container-full\" id=\"wpforms-10592\"><form id=\"wpforms-form-10592\" class=\"wpforms-validate wpforms-form wpforms-ajax-form\" data-formid=\"10592\" method=\"post\" enctype=\"multipart\/form-data\" action=\"\/es\/wp-json\/wp\/v2\/pages\/9526\" data-token=\"93e31137e329d7940839fcaafb5f94cb\" data-token-time=\"1776963698\" data-trp-original-action=\"\/es\/wp-json\/wp\/v2\/pages\/9526\"><noscript class=\"wpforms-error-noscript\">Por favor, active JavaScript en su navegador para completar este formulario.<\/noscript><div class=\"wpforms-field-container\"><div id=\"wpforms-10592-field_0-container\" class=\"wpforms-field wpforms-field-name\" data-field-id=\"0\"><label class=\"wpforms-field-label\">Nombre <span class=\"wpforms-required-label\">*<\/span><\/label><div class=\"wpforms-field-row wpforms-field-medium\"><div class=\"wpforms-field-row-block wpforms-first wpforms-one-half\"><input type=\"text\" id=\"wpforms-10592-field_0\" class=\"wpforms-field-name-first wpforms-field-required\" name=\"wpforms[fields][0][first]\" required><label for=\"wpforms-10592-field_0\" class=\"wpforms-field-sublabel after\">Nombre<\/label><\/div><div class=\"wpforms-field-row-block wpforms-one-half\"><input type=\"text\" id=\"wpforms-10592-field_0-last\" class=\"wpforms-field-name-last wpforms-field-required\" name=\"wpforms[fields][0][last]\" required><label for=\"wpforms-10592-field_0-last\" class=\"wpforms-field-sublabel after\">Apellidos<\/label><\/div><\/div><\/div><div id=\"wpforms-10592-field_1-container\" class=\"wpforms-field wpforms-field-email\" data-field-id=\"1\"><label class=\"wpforms-field-label\" for=\"wpforms-10592-field_1\">Correo electr\u00f3nico profesional <span class=\"wpforms-required-label\">*<\/span><\/label><input type=\"email\" id=\"wpforms-10592-field_1\" class=\"wpforms-field-medium wpforms-field-required\" data-rule-restricted-email=\"1\" name=\"wpforms[fields][1]\" spellcheck=\"false\" required><\/div><div id=\"wpforms-10592-field_4-container\" class=\"wpforms-field wpforms-field-text\" data-field-id=\"4\"><label class=\"wpforms-field-label\" for=\"wpforms-10592-field_4\">Empresa <span class=\"wpforms-required-label\">*<\/span><\/label><input type=\"text\" id=\"wpforms-10592-field_4\" class=\"wpforms-field-medium wpforms-field-required\" name=\"wpforms[fields][4]\" required><\/div><div id=\"wpforms-10592-field_3-container\" class=\"wpforms-field wpforms-field-gdpr-checkbox\" data-field-id=\"3\"><label class=\"wpforms-field-label\">Acuerdo GDPR <span class=\"wpforms-required-label\">*<\/span><\/label><ul id=\"wpforms-10592-field_3\" class=\"wpforms-field-required\"><li class=\"choice-1\"><input type=\"checkbox\" id=\"wpforms-10592-field_3_1\" name=\"wpforms[fields][3][]\" value=\"I consent to having this website store my submitted information so they can respond to my inquiry.\" required><label class=\"wpforms-field-label-inline\" for=\"wpforms-10592-field_3_1\">Doy mi consentimiento para que este sitio web almacene la informaci\u00f3n que he enviado para que puedan responder a mi consulta.<\/label><\/li><\/ul><\/div><\/div><!-- .wpforms-field-container --><div class=\"wpforms-recaptcha-container wpforms-is-recaptcha wpforms-is-recaptcha-type-v3\" ><input type=\"hidden\" name=\"wpforms[recaptcha]\" value=\"\"><\/div><div class=\"wpforms-submit-container\" ><input type=\"hidden\" name=\"wpforms[id]\" value=\"10592\"><input type=\"hidden\" name=\"page_title\" value=\"\"><input type=\"hidden\" name=\"page_url\" value=\"https:\/\/www.leaplytics.de\/es\/wp-json\/wp\/v2\/pages\/9526\"><input type=\"hidden\" name=\"url_referer\" value=\"\"><button type=\"submit\" name=\"wpforms[submit]\" id=\"wpforms-submit-10592\" class=\"wpforms-submit\" data-alt-text=\"Sending...\" data-submit-text=\"Submit\" aria-live=\"assertive\" value=\"wpforms-submit\">Enviar<\/button><img loading=\"lazy\" decoding=\"async\" src=\"https:\/\/www.leaplytics.de\/wp-content\/plugins\/wpforms-lite\/assets\/images\/submit-spin.svg\" class=\"wpforms-submit-spinner\" style=\"display: none;\" width=\"26\" height=\"26\" alt=\"Cargando\"><\/div><input type=\"hidden\" name=\"trp-form-language\" value=\"es\"\/><\/form><\/div>  <!-- .wpforms-container -->","protected":false},"excerpt":{"rendered":"<p>La pieza del puzzle que faltaba para su gesti\u00f3n de riesgos Es f\u00e1cil: rellene el siguiente formulario y le enviaremos una licencia de prueba gratuita de cuatro semanas. Trusted By: \"Una herramienta excelente para visualizar y garantizar una visi\u00f3n hol\u00edstica de la cartera de riesgos. La posibilidad de personalizar los colores, los umbrales y la matriz de riesgos es ideal: f\u00e1cil de configurar... <\/p>","protected":false},"author":2,"featured_media":0,"parent":0,"menu_order":0,"comment_status":"closed","ping_status":"closed","template":"","meta":{"footnotes":""},"class_list":["post-9526","page","type-page","status-publish","hentry","latest_post"],"_links":{"self":[{"href":"https:\/\/www.leaplytics.de\/es\/wp-json\/wp\/v2\/pages\/9526","targetHints":{"allow":["GET"]}}],"collection":[{"href":"https:\/\/www.leaplytics.de\/es\/wp-json\/wp\/v2\/pages"}],"about":[{"href":"https:\/\/www.leaplytics.de\/es\/wp-json\/wp\/v2\/types\/page"}],"author":[{"embeddable":true,"href":"https:\/\/www.leaplytics.de\/es\/wp-json\/wp\/v2\/users\/2"}],"replies":[{"embeddable":true,"href":"https:\/\/www.leaplytics.de\/es\/wp-json\/wp\/v2\/comments?post=9526"}],"version-history":[{"count":51,"href":"https:\/\/www.leaplytics.de\/es\/wp-json\/wp\/v2\/pages\/9526\/revisions"}],"predecessor-version":[{"id":13475,"href":"https:\/\/www.leaplytics.de\/es\/wp-json\/wp\/v2\/pages\/9526\/revisions\/13475"}],"wp:attachment":[{"href":"https:\/\/www.leaplytics.de\/es\/wp-json\/wp\/v2\/media?parent=9526"}],"curies":[{"name":"wp","href":"https:\/\/api.w.org\/{rel}","templated":true}]}}