{"id":11926,"date":"2023-07-18T10:22:34","date_gmt":"2023-07-18T08:22:34","guid":{"rendered":"https:\/\/www.leaplytics.de\/?page_id=11926"},"modified":"2024-10-29T12:39:50","modified_gmt":"2024-10-29T11:39:50","slug":"markdown-viewer-visual-for-power-bi","status":"publish","type":"page","link":"https:\/\/www.leaplytics.de\/fi\/markdown-viewer-visual-for-power-bi\/","title":{"rendered":"Markdown Viewer Visual for Power BI"},"content":{"rendered":"<p>Esittelyss\u00e4 Markdown-to-HTML Custom Visual for Power BI: Kerro tietojesi tarina t\u00e4ysimittaisella tekstieditorilla datan kojelaudassa! Nosta merkitykselliset tiedot esiin muotoillun tekstin avulla datan visualisointikokemuksessasi!<\/p>\n\n\n\n<p>Olemme innoissamme voidessamme esitell\u00e4 mullistavan ratkaisun, jonka avulla Power BI:n k\u00e4ytt\u00e4j\u00e4t voivat integroida saumattomasti kauniisti muotoiltua teksti\u00e4 raportteihinsa ja kojelautoihinsa.<\/p>\n\n\n\n<h3 class=\"wp-block-heading has-text-align-left\">Edut<\/h3>\n\n\n\n<h5 class=\"wp-block-heading\">Vapauta Markdownin teho<\/h5>\n\n\n\n<p>Laajasti hyv\u00e4ksytyn merkint\u00e4kielen ja yksinkertaisten ja ilmaisuvoimaisten tekstin muotoiluominaisuuksien avulla voit luoda otsikoita, luetteloita, linkkej\u00e4 ja muita muotoiltuja tekstielementtej\u00e4 suoraan datan visualisointien viereen!<\/p>\n\n\n\n<h5 class=\"wp-block-heading\">Luo vaikuttavia visuaalisia kertomuksia<\/h5>\n\n\n\n<p>Markdown-to-HTML Custom Visual -ohjelman avulla voit luoda kiehtovia kertomuksia datatarinaan yhdist\u00e4m\u00e4ll\u00e4 saumattomasti runsaasti muotoiltua teksti\u00e4 visualisointeihisi. Voit tarjota yksityiskohtaisia selityksi\u00e4, n\u00e4kemyksi\u00e4 ja tukidokumentteja suoraan datasi rinnalla, mik\u00e4 lis\u00e4\u00e4 viestisi selkeytt\u00e4 ja vaikuttavuutta.<\/p>\n\n\n\n<h5 class=\"wp-block-heading\">Virtaviivaistettu integrointi<\/h5>\n\n\n\n<p>R\u00e4\u00e4t\u00e4l\u00f6ity visuaalinen aineistomme integroituu saumattomasti Power BI -ymp\u00e4rist\u00f6\u00f6si, mik\u00e4 takaa k\u00e4ytt\u00e4j\u00e4yst\u00e4v\u00e4llisen k\u00e4ytt\u00f6kokemuksen. Sy\u00f6t\u00e4 vain Markdown-koodisi tai yhdist\u00e4 Markdown-sis\u00e4lt\u00f6\u00e4 sis\u00e4lt\u00e4v\u00e4\u00e4n tietol\u00e4hteeseen, ja visuaalimme hoitaa loput.<\/p>\n\n\n\n<h5 class=\"wp-block-heading\">Mukauta vastaamaan tyyli\u00e4si<\/h5>\n\n\n\n<p>Markdown-to-HTML Custom Visual tarjoaa laajat muokkausmahdollisuudet ainutlaatuisen br\u00e4ndi-identiteettisi tuomiseen. R\u00e4\u00e4t\u00e4l\u00f6i visuaalisen ilmeen, kuten fontit, v\u00e4rit ja taustat, vastaamaan br\u00e4ndi\u00e4nne tai raporttiteemaanne, jotta organisaationne identiteetti voidaan esitt\u00e4\u00e4 yhten\u00e4isesti ja ammattimaisesti.<\/p>\n\n\n\n<h5 class=\"wp-block-heading\">Yhteisty\u00f6n ja tiedon jakamisen edist\u00e4minen<\/h5>\n\n\n\n<p>Edist\u00e4 yhteisty\u00f6t\u00e4, tiedon jakamista ja virtaviivaistettuja ty\u00f6nkulkuja organisaatiossasi t\u00e4m\u00e4n suositun yhteisty\u00f6- ja tiedonjakomuodon avulla.<\/p>\n\n\n\n<p>Paranna datan visualisointipeli\u00e4si Markdown-to-HTML Custom Visual for Power BI:n avulla. Esit\u00e4 oivalluksesi ja analyysisi visuaalisesti upealla ja mukaansatempaavalla tavalla, joka vangitsee yleis\u00f6si. Olitpa sitten data-analyytikko, liike-el\u00e4m\u00e4n ammattilainen tai johtaja, t\u00e4m\u00e4 visuaali on suunniteltu auttamaan sinua viestim\u00e4\u00e4n monimutkaisia ideoita vaivattomasti ja tekem\u00e4\u00e4n pysyv\u00e4n vaikutuksen.<\/p>\n\n\n\n<p>Oletko valmis muuttamaan Power BI -raporttejasi ja kojelautojasi? Lataa Markdown-to-HTML Custom Visual jo t\u00e4n\u00e4\u00e4n ja avaa dynaamisten tekstinmuotoilumahdollisuuksien maailma.<\/p>\n\n\n\n<p><em>Tehosta tietoesityksi\u00e4si visuaalisen estetiikan ja informatiivisen sis\u00e4ll\u00f6n t\u00e4ydellisell\u00e4 yhdistelm\u00e4ll\u00e4. Koe datan tarinankerronnan tulevaisuus Markdownin ja Power BI:n avulla.<\/em><\/p>\n\n\n\n<p><\/p>\n\n\n\n<h3 class=\"wp-block-heading\">Pyyd\u00e4 kokeilulisenssi<\/h3>\n\n\n<div class=\"wpforms-container wpforms-container-full\" id=\"wpforms-11888\"><form id=\"wpforms-form-11888\" class=\"wpforms-validate wpforms-form wpforms-ajax-form\" data-formid=\"11888\" method=\"post\" enctype=\"multipart\/form-data\" action=\"\/fi\/wp-json\/wp\/v2\/pages\/11926\" data-token=\"4bf2b0bae7515d952fde7607c4e40d0b\" data-token-time=\"1775988225\" data-trp-original-action=\"\/fi\/wp-json\/wp\/v2\/pages\/11926\"><noscript class=\"wpforms-error-noscript\">Ota JavaScript k\u00e4ytt\u00f6\u00f6n selaimessasi t\u00e4ytt\u00e4\u00e4ksesi t\u00e4m\u00e4n lomakkeen.<\/noscript><div class=\"wpforms-field-container\"><div id=\"wpforms-11888-field_0-container\" class=\"wpforms-field wpforms-field-name\" data-field-id=\"0\"><label class=\"wpforms-field-label\">Nimi <span class=\"wpforms-required-label\">*<\/span><\/label><div class=\"wpforms-field-row wpforms-field-medium\"><div class=\"wpforms-field-row-block wpforms-first wpforms-one-half\"><input type=\"text\" id=\"wpforms-11888-field_0\" class=\"wpforms-field-name-first wpforms-field-required\" name=\"wpforms[fields][0][first]\" required><label for=\"wpforms-11888-field_0\" class=\"wpforms-field-sublabel after\">Ensimm\u00e4inen<\/label><\/div><div class=\"wpforms-field-row-block wpforms-one-half\"><input type=\"text\" id=\"wpforms-11888-field_0-last\" class=\"wpforms-field-name-last wpforms-field-required\" name=\"wpforms[fields][0][last]\" required><label for=\"wpforms-11888-field_0-last\" class=\"wpforms-field-sublabel after\">Viimeinen<\/label><\/div><\/div><\/div><div id=\"wpforms-11888-field_1-container\" class=\"wpforms-field wpforms-field-email\" data-field-id=\"1\"><label class=\"wpforms-field-label\" for=\"wpforms-11888-field_1\">Yrityksen s\u00e4hk\u00f6postiosoite <span class=\"wpforms-required-label\">*<\/span><\/label><input type=\"email\" id=\"wpforms-11888-field_1\" class=\"wpforms-field-medium wpforms-field-required\" data-rule-restricted-email=\"1\" name=\"wpforms[fields][1]\" spellcheck=\"false\" required><\/div><div id=\"wpforms-11888-field_4-container\" class=\"wpforms-field wpforms-field-text\" data-field-id=\"4\"><label class=\"wpforms-field-label\" for=\"wpforms-11888-field_4\">Yritys <span class=\"wpforms-required-label\">*<\/span><\/label><input type=\"text\" id=\"wpforms-11888-field_4\" class=\"wpforms-field-medium wpforms-field-required\" name=\"wpforms[fields][4]\" required><\/div><div id=\"wpforms-11888-field_3-container\" class=\"wpforms-field wpforms-field-gdpr-checkbox\" data-field-id=\"3\"><label class=\"wpforms-field-label\">GDPR-sopimus <span class=\"wpforms-required-label\">*<\/span><\/label><ul id=\"wpforms-11888-field_3\" class=\"wpforms-field-required\"><li class=\"choice-1\"><input type=\"checkbox\" id=\"wpforms-11888-field_3_1\" name=\"wpforms[fields][3][]\" value=\"I consent to having this website store my submitted information so they can respond to my inquiry.\" required><label class=\"wpforms-field-label-inline\" for=\"wpforms-11888-field_3_1\">Annan suostumukseni siihen, ett\u00e4 t\u00e4m\u00e4 verkkosivusto tallentaa l\u00e4hett\u00e4m\u00e4ni tiedot, jotta se voi vastata kyselyyni.<\/label><\/li><\/ul><\/div><\/div><!-- .wpforms-field-container --><div class=\"wpforms-recaptcha-container wpforms-is-recaptcha wpforms-is-recaptcha-type-v3\" ><input type=\"hidden\" name=\"wpforms[recaptcha]\" value=\"\"><\/div><div class=\"wpforms-submit-container\" ><input type=\"hidden\" name=\"wpforms[id]\" value=\"11888\"><input type=\"hidden\" name=\"page_title\" value=\"\"><input type=\"hidden\" name=\"page_url\" value=\"https:\/\/www.leaplytics.de\/fi\/wp-json\/wp\/v2\/pages\/11926\"><input type=\"hidden\" name=\"url_referer\" value=\"\"><button type=\"submit\" name=\"wpforms[submit]\" id=\"wpforms-submit-11888\" class=\"wpforms-submit\" data-alt-text=\"Sending...\" data-submit-text=\"Submit\" aria-live=\"assertive\" value=\"wpforms-submit\">L\u00e4het\u00e4<\/button><img loading=\"lazy\" decoding=\"async\" src=\"https:\/\/www.leaplytics.de\/wp-content\/plugins\/wpforms-lite\/assets\/images\/submit-spin.svg\" class=\"wpforms-submit-spinner\" style=\"display: none;\" width=\"26\" height=\"26\" alt=\"Ladataan\"><\/div><input type=\"hidden\" name=\"trp-form-language\" value=\"fi\"\/><\/form><\/div>  <!-- .wpforms-container -->\n\n\n\n<div style=\"height:50px\" aria-hidden=\"true\" class=\"wp-block-spacer\"><\/div>\n\n\n\n<h3 class=\"wp-block-heading has-text-align-left\" id=\"tutorial\">Aloittaminen<\/h3>\n\n\n\n<p><em>Miten voin aloittaa?<\/em> Pyyd\u00e4 kokeilulisenssi yll\u00e4. Ent\u00e4 kun olet saanut lisenssikoodin? Napsauta alla olevaa linkki\u00e4 aloittaaksesi opetusohjelmamme.<\/p>\n\n\n\n<figure class=\"wp-block-embed is-type-wp-embed is-provider-leaplytics wp-block-embed-leaplytics\"><div class=\"wp-block-embed__wrapper\">\n<blockquote class=\"wp-embedded-content\" data-secret=\"IL8vEweSWi\"><a href=\"https:\/\/www.leaplytics.de\/fi\/alkuun-markdown-viewer-power-bi\/\">Aloittaminen - Markdown Viewer<\/a><\/blockquote><iframe loading=\"lazy\" class=\"wp-embedded-content\" sandbox=\"allow-scripts\" security=\"restricted\" style=\"position: absolute; clip: rect(1px, 1px, 1px, 1px);\" title=\"&quot;Aloittaminen - Markdown Viewer&quot; - LeapLytics\" src=\"https:\/\/www.leaplytics.de\/getting-started-markdown-viewer-power-bi\/embed\/#?secret=huMdA44Ho4#?secret=IL8vEweSWi\" data-secret=\"IL8vEweSWi\" width=\"600\" height=\"338\" frameborder=\"0\" marginwidth=\"0\" marginheight=\"0\" scrolling=\"no\"><\/iframe>\n<\/div><\/figure>","protected":false},"excerpt":{"rendered":"<p>Esittelyss\u00e4 Markdown-to-HTML Custom Visual for Power BI: Kerro datatarinasi t\u00e4ysimittaisella tekstieditorilla datan kojelaudassa! Nosta merkitykselliset tiedot esiin muotoillun tekstin avulla datan visualisointikokemuksessasi! Olemme innoissamme voidessamme esitell\u00e4 pelillisesti mullistavan ratkaisun, joka antaa Power BI -k\u00e4ytt\u00e4jille mahdollisuuden integroida saumattomasti kauniisti muotoiltua teksti\u00e4 raportteihinsa ja ... <\/p>","protected":false},"author":2,"featured_media":0,"parent":0,"menu_order":0,"comment_status":"closed","ping_status":"closed","template":"","meta":{"footnotes":""},"class_list":["post-11926","page","type-page","status-publish","hentry","latest_post"],"_links":{"self":[{"href":"https:\/\/www.leaplytics.de\/fi\/wp-json\/wp\/v2\/pages\/11926","targetHints":{"allow":["GET"]}}],"collection":[{"href":"https:\/\/www.leaplytics.de\/fi\/wp-json\/wp\/v2\/pages"}],"about":[{"href":"https:\/\/www.leaplytics.de\/fi\/wp-json\/wp\/v2\/types\/page"}],"author":[{"embeddable":true,"href":"https:\/\/www.leaplytics.de\/fi\/wp-json\/wp\/v2\/users\/2"}],"replies":[{"embeddable":true,"href":"https:\/\/www.leaplytics.de\/fi\/wp-json\/wp\/v2\/comments?post=11926"}],"version-history":[{"count":3,"href":"https:\/\/www.leaplytics.de\/fi\/wp-json\/wp\/v2\/pages\/11926\/revisions"}],"predecessor-version":[{"id":13652,"href":"https:\/\/www.leaplytics.de\/fi\/wp-json\/wp\/v2\/pages\/11926\/revisions\/13652"}],"wp:attachment":[{"href":"https:\/\/www.leaplytics.de\/fi\/wp-json\/wp\/v2\/media?parent=11926"}],"curies":[{"name":"wp","href":"https:\/\/api.w.org\/{rel}","templated":true}]}}