{"id":12086,"date":"2023-08-02T17:05:19","date_gmt":"2023-08-02T15:05:19","guid":{"rendered":"https:\/\/www.leaplytics.de\/?page_id=12086"},"modified":"2023-08-06T14:32:15","modified_gmt":"2023-08-06T12:32:15","slug":"qlikview-siirtyminen-power-bihen","status":"publish","type":"page","link":"https:\/\/www.leaplytics.de\/fi\/qlikview-siirtyminen-power-bihen\/","title":{"rendered":"QlikView-siirtyminen Power BI:hen - l\u00e4hestymistapamme"},"content":{"rendered":"<p>K\u00e4yt\u00e4tk\u00f6 t\u00e4ll\u00e4 hetkell\u00e4 QlikViewta, mutta harkitsetko siirtymist\u00e4 Power BI:hen?  Me LeapLyticsill\u00e4 olemme erikoistuneet tarjoamaan asiantuntevia siirtym\u00e4palveluja, joiden avulla voit siirty\u00e4 saumattomasti QlikView:st\u00e4 Power BI:hen. Ammattitaitoisista ammattilaisista koostuvalla tiimill\u00e4mme on laaja kokemus t\u00e4llaisten siirtymisten hoitamisesta, mik\u00e4 takaa sujuvan ja tehokkaan prosessin organisaatiollesi.<\/p>\n\n\n\n<h3 class=\"wp-block-heading\"><strong>Miksi siirty\u00e4 QlikViewista Power BI:hen?<\/strong><\/h3>\n\n\n\n<p>Kun business intelligence -teknologiat kehittyv\u00e4t jatkuvasti, organisaatiot kokevat usein eduksi p\u00e4ivitt\u00e4\u00e4 nykyaikaisempiin ja vankempiin alustoihin, kuten Power BI:hen. Seuraavassa on muutamia pakottavia syit\u00e4 harkita siirtymist\u00e4 QlikViewista Power BI:hen:<\/p>\n\n\n\n<ol class=\"wp-block-list\">\n<li><strong>Parannettu tietojen visualisointi:<\/strong> Power BI tarjoaa laajan valikoiman visualisointivaihtoehtoja, joiden avulla voit esitt\u00e4\u00e4 tietoja oivaltavammin ja interaktiivisemmin ja antaa p\u00e4\u00e4t\u00f6ksentekij\u00f6ille paremmat tiedot.<\/li>\n\n\n\n<li><strong>Integrointi Microsoftin ekosysteemiin:<\/strong> Jos organisaatiossasi k\u00e4ytet\u00e4\u00e4n jo Microsoftin ty\u00f6kaluja, kuten Exceli\u00e4, SharePointia tai Office 365:t\u00e4, Power BI integroituu saumattomasti n\u00e4ihin alustoihin ja tehostaa ty\u00f6nkulkuasi.<\/li>\n\n\n\n<li><strong>Skaalautuvuus ja suorituskyky:<\/strong> Kun tietotarpeesi kasvavat, Power BI pystyy k\u00e4sittelem\u00e4\u00e4n suuria tietokokonaisuuksia ja monimutkaisia kyselyj\u00e4 huomattavan tehokkaasti ja nopeasti.<\/li>\n\n\n\n<li><strong>Pilviominaisuudet:<\/strong> Power BI:n pilviominaisuuksien avulla voit helposti jakaa raportteja ja tehd\u00e4 yhteisty\u00f6t\u00e4 kollegoiden kanssa, mik\u00e4 varmistaa kriittisten tietojen reaaliaikaisen saatavuuden.<\/li>\n\n\n\n<li><strong>S\u00e4\u00e4nn\u00f6lliset p\u00e4ivitykset ja tuki:<\/strong> Microsoft p\u00e4ivitt\u00e4\u00e4 ja parantaa Power BI:t\u00e4 usein, mik\u00e4 varmistaa, ett\u00e4 k\u00e4yt\u00f6ss\u00e4si on uusimmat ominaisuudet ja parannukset.<\/li>\n<\/ol>\n\n\n\n<h3 class=\"wp-block-heading\"><strong>Huomioita onnistuneeseen QlikView to Power BI siirtymiseen<\/strong><\/h3>\n\n\n\n<p>Siirtyminen yhdest\u00e4 business intelligence -alustasta toiseen voi olla monimutkainen teht\u00e4v\u00e4. Onnistuneen siirtymisen varmistamiseksi on t\u00e4rke\u00e4\u00e4 ottaa huomioon seuraavat keskeiset seikat:<\/p>\n\n\n\n<ol class=\"wp-block-list\">\n<li><strong>Tietojen arviointi:<\/strong> Analysoi olemassa olevat QlikView-tietosi m\u00e4\u00e4ritt\u00e4\u00e4ksesi niiden rakenteen, laadun ja siirrett\u00e4vyyden. Tunnista mahdolliset tietojen puhdistus- ja muunnosvaatimukset.<\/li>\n\n\n\n<li><strong>Kartoitusrekisterit, raportit ja kojelaudat:<\/strong> Tutustu perusteellisesti nykyisiin QlikView-tietovarastoihin, raportteihin ja kojelautoihin. Luo kartoitussuunnitelma n\u00e4iden visualisointien toistamiseksi Power BI:ss\u00e4 hy\u00f6dynt\u00e4en samalla sen ainutlaatuisia ominaisuuksia.<\/li>\n\n\n\n<li><strong>Tietojen mallintaminen Power BI:ss\u00e4:<\/strong> Suunnittele Power BI:ss\u00e4 tehokas tietomalli, joka vastaa liiketoimintasi vaatimuksia ja optimoi suorituskyvyn.<\/li>\n\n\n\n<li><strong>Turvallisuus ja k\u00e4ytt\u00f6oikeudet:<\/strong> M\u00e4\u00e4rit\u00e4 Power BI:n tietoturvaroolit ja -oikeudet, jotta tietojen k\u00e4ytt\u00f6oikeuksia voidaan hallita ja rajoittaa asianmukaisesti.<\/li>\n\n\n\n<li><strong>K\u00e4ytt\u00e4jien koulutus ja k\u00e4ytt\u00f6\u00f6notto:<\/strong> Valmista tiimisi siirtymiseen tarjoamalla kattavaa koulutusta Power BI:n ominaisuuksista ja toiminnallisuuksista.<\/li>\n\n\n\n<li><strong>Testaus ja laadunvarmistus:<\/strong> Suorita perusteellinen testaus mahdollisten ongelmien tunnistamiseksi ja ratkaisemiseksi ennen ratkaisun k\u00e4ytt\u00f6\u00f6nottoa.<\/li>\n\n\n\n<li><strong>Siirtymisen j\u00e4lkeinen tuki:<\/strong> Tarjoa jatkuvaa tukea siirtymisen j\u00e4lkeisiin haasteisiin vastaamiseksi ja auta k\u00e4ytt\u00e4ji\u00e4 ottamaan Power BI:n ominaisuudet t\u00e4ysin k\u00e4ytt\u00f6\u00f6n.<\/li>\n<\/ol>\n\n\n\n<h3 class=\"wp-block-heading\"><strong>Miksi LeapLytics QlikView:st\u00e4 Power BI:hen siirtymist\u00e4 varten?<\/strong><\/h3>\n\n\n\n<p>LeapLyticsill\u00e4 olemme ylpeit\u00e4 asiakaskeskeisest\u00e4 l\u00e4hestymistavasta ja syv\u00e4llisest\u00e4 QlikView- ja Power BI -ymm\u00e4rryksest\u00e4. Asiantuntijatiimill\u00e4mme on tarvittavat taidot ja tiedot, jotta siirtym\u00e4prosessi sujuu saumattomasti ja liiketoimintasi h\u00e4iri\u00f6t j\u00e4\u00e4v\u00e4t mahdollisimman v\u00e4h\u00e4isiksi. Kun valitset meid\u00e4t, hy\u00f6dyt seuraavista:<\/p>\n\n\n\n<ul class=\"wp-block-list\">\n<li><strong>Kokemus ja asiantuntemus:<\/strong> Kokeneet ammattilaisemme ovat toteuttaneet menestyksekk\u00e4\u00e4sti lukuisia QlikView:n siirtoja Power BI:hen, joten he ovat taitavia k\u00e4sittelem\u00e4\u00e4n kaikki mahdolliset ongelmatilanteet.<\/li>\n\n\n\n<li><strong>R\u00e4\u00e4t\u00e4l\u00f6idyt ratkaisut:<\/strong> Ymm\u00e4rr\u00e4mme, ett\u00e4 jokaisen organisaation tarpeet ovat ainutlaatuisia. Siksi tarjoamme yksil\u00f6llisi\u00e4 migraatiostrategioita, jotka vastaavat erityisvaatimuksiasi.<\/li>\n\n\n\n<li><strong>Tietoturva:<\/strong> Asetamme arkaluonteisten tietojesi turvallisuuden etusijalle ja noudatamme alan parhaita k\u00e4yt\u00e4nt\u00f6j\u00e4 tietojen suojaamiseksi migraation aikana ja sen j\u00e4lkeen.<\/li>\n\n\n\n<li><strong>Jatkuva tuki:<\/strong> Sitoutumisemme menestykseesi ulottuu siirtym\u00e4prosessin ulkopuolelle. Tarjoamme jatkuvaa tukea, jotta voimme vastata kaikkiin huolenaiheisiin ja auttaa Power BI:n k\u00e4ytt\u00f6\u00f6notossa.<\/li>\n<\/ul>\n\n\n\n<p>LeapLytics on luotettava kumppanisi, jonka avulla siirtyminen QlikView:st\u00e4 Power BI:hen on mahdollisimman saumatonta. Ota meihin yhteytt\u00e4 jo t\u00e4n\u00e4\u00e4n, niin saat lis\u00e4tietoja siirtym\u00e4palveluistamme ja otat ensimm\u00e4isen askeleen kohti tietojesi todellisen potentiaalin vapauttamista.<\/p>\n\n\n\n<h4 class=\"wp-block-heading\"><strong>Ota meihin yhteytt\u00e4 t\u00e4n\u00e4\u00e4n<\/strong><\/h4>\n\n\n\n<p>Onko sinulla kysytt\u00e4v\u00e4\u00e4 QlikViewista Power BI:hen siirtymisest\u00e4 tai oletko kiinnostunut palveluistamme? \u00c4l\u00e4 ep\u00e4r\u00f6i ottaa yhteytt\u00e4 meihin konsultaatiota varten. Olemme t\u00e4\u00e4ll\u00e4 auttamassa sinua sujuvassa ja onnistuneessa siirtymisess\u00e4 Power BI:hen. Ota yhteytt\u00e4 asiantuntijoihimme ja <a href=\"https:\/\/www.leaplytics.de\/fi\/kontakt\/\"><strong>L\u00e4het\u00e4 meille viesti<\/strong><\/a>.<\/p>\n\n\n\n<p>(<em>Ota meihin yhteytt\u00e4, vaikka tarvitsisitkin opastusta liiketoimintatiedon, data-analytiikan tai visualisoinnin eri osa-alueilla. Tiimimme on hyvin varustautunut auttamaan sinua erilaisissa dataan liittyviss\u00e4 pyrkimyksiss\u00e4.<\/em>)<\/p>","protected":false},"excerpt":{"rendered":"<p>K\u00e4yt\u00e4tk\u00f6 t\u00e4ll\u00e4 hetkell\u00e4 QlikViewta, mutta harkitsetko siirtymist\u00e4 Power BI:hen? Me LeapLyticsill\u00e4 olemme erikoistuneet tarjoamaan asiantuntevia siirtym\u00e4palveluja, joiden avulla voit siirty\u00e4 saumattomasti QlikView:st\u00e4 Power BI:hen. Ammattitaitoisista ammattilaisista koostuvalla tiimill\u00e4mme on laaja kokemus t\u00e4llaisten siirtymisten hoitamisesta, mik\u00e4 takaa sujuvan ja tehokkaan prosessin organisaatiollesi. Miksi siirty\u00e4 ... <\/p>","protected":false},"author":2,"featured_media":0,"parent":0,"menu_order":0,"comment_status":"closed","ping_status":"closed","template":"","meta":{"footnotes":""},"class_list":["post-12086","page","type-page","status-publish","hentry","latest_post"],"_links":{"self":[{"href":"https:\/\/www.leaplytics.de\/fi\/wp-json\/wp\/v2\/pages\/12086","targetHints":{"allow":["GET"]}}],"collection":[{"href":"https:\/\/www.leaplytics.de\/fi\/wp-json\/wp\/v2\/pages"}],"about":[{"href":"https:\/\/www.leaplytics.de\/fi\/wp-json\/wp\/v2\/types\/page"}],"author":[{"embeddable":true,"href":"https:\/\/www.leaplytics.de\/fi\/wp-json\/wp\/v2\/users\/2"}],"replies":[{"embeddable":true,"href":"https:\/\/www.leaplytics.de\/fi\/wp-json\/wp\/v2\/comments?post=12086"}],"version-history":[{"count":0,"href":"https:\/\/www.leaplytics.de\/fi\/wp-json\/wp\/v2\/pages\/12086\/revisions"}],"wp:attachment":[{"href":"https:\/\/www.leaplytics.de\/fi\/wp-json\/wp\/v2\/media?parent=12086"}],"curies":[{"name":"wp","href":"https:\/\/api.w.org\/{rel}","templated":true}]}}