{"id":12944,"date":"2023-12-18T23:03:40","date_gmt":"2023-12-18T22:03:40","guid":{"rendered":"https:\/\/www.leaplytics.de\/?page_id=12944"},"modified":"2023-12-18T23:03:40","modified_gmt":"2023-12-18T22:03:40","slug":"ehs-riskienhallinta-power-bi-kaivos-ja-oljyteollisuudelle","status":"publish","type":"page","link":"https:\/\/www.leaplytics.de\/fi\/ehs-riskienhallinta-power-bi-kaivos-ja-oljyteollisuudelle\/","title":{"rendered":"EHS-riskienhallinta Power BI kaivos- ja \u00f6ljyteollisuudelle ja \u00f6ljyteollisuudelle"},"content":{"rendered":"<h3 class=\"wp-block-heading\">Johdanto<\/h3>\n\n\n\n<p>Kaivostoiminnan ja \u00f6ljyn kaltaiset teollisuudenalat ovat ratkaisevan t\u00e4rkeit\u00e4 maailmantaloudelle, sill\u00e4 ne toimittavat resursseja ja energiaa. Ymp\u00e4rist\u00f6-, terveys- ja turvallisuusriskeihin liittyy kuitenkin haasteita. Yritykset pit\u00e4v\u00e4t nyky\u00e4\u00e4n vankkaa EHS-riskien hallintaa menestyksen perustekij\u00e4n\u00e4. T\u00e4ss\u00e4 artikkelissa tarkastellaan, miten Power BI Risk Matrix voi parantaa EHS-riskien hallintaa.<\/p>\n\n\n\n<h3 class=\"wp-block-heading\"><strong>EHS-riskienhallinnan ymm\u00e4rt\u00e4minen<\/strong><\/h3>\n\n\n\n<p>Kaivos- ja \u00f6ljyalalla suurimmat huolenaiheet ovat ymp\u00e4rist\u00f6-, terveys- ja turvallisuusriskit. N\u00e4it\u00e4 ovat elinymp\u00e4rist\u00f6n h\u00e4iri\u00f6t, saastuminen, onnettomuudet ja oikeudelliset kysymykset. Tiukka EHS-riskien hallinta on elint\u00e4rke\u00e4\u00e4 kest\u00e4v\u00e4n ja menestyksekk\u00e4\u00e4n toiminnan kannalta.<\/p>\n\n\n\n<h3 class=\"wp-block-heading\"><strong>Power BI:n riskimatriisi<\/strong><\/h3>\n\n\n\n<p>Riskimatriisi on vahva ty\u00f6kalu EHS-riskien k\u00e4sittelyyn Power BI:n avulla. N\u00e4in se auttaa:<\/p>\n\n\n\n<ol class=\"wp-block-list\">\n<li><strong>Riskien tunnistaminen:<\/strong> Ker\u00e4\u00e4 tietoja havaitakseen turvallisuus-, vaatimustenmukaisuus- tai terveysriskej\u00e4.<\/li>\n\n\n\n<li><strong>Visualisointi:<\/strong> Luokittelee riskit ja auttaa p\u00e4\u00e4t\u00f6ksentekij\u00f6it\u00e4 n\u00e4kem\u00e4\u00e4n kiireelliset asiat.<\/li>\n\n\n\n<li><strong>Suorituskyvyn seuranta:<\/strong> Pit\u00e4\u00e4 EHS-tiedot ajan tasalla ennakoivaa riskienhallintaa varten.<\/li>\n\n\n\n<li><strong>Vuorovaikutteiset kojelaudat: <\/strong>N\u00e4yt\u00e4 reaaliaikaiset riskimittarit, vaaratilanteet ja trendit, jotta suorituskyvyn seuranta on helpompaa.<\/li>\n<\/ol>\n\n\n\n<div class=\"wp-block-buttons is-layout-flex wp-block-buttons-is-layout-flex\" id=\"https:\/\/www.leaplytics.de\/frontpage\/project-management-custom-visuals-microsoft-powerbi\/risk-heatmap-custom-visual-for-power-bi\/\">\n<div class=\"wp-block-button has-custom-width wp-block-button__width-75 has-custom-font-size is-style-fill\" style=\"font-size:18px\"><a class=\"wp-block-button__link has-background wp-element-button\" href=\"https:\/\/www.leaplytics.de\/fi\/etusivu\/projektinhallinta-mukautetut-visualisoinnit-microsoft-powerbi\/riskin-lampokartta-mukautettu-visuaalinen-teho-bi\/\" style=\"background-color:#22316d\" rel=\"https:\/\/www.leaplytics.de\/frontpage\/project-management-custom-visuals-microsoft-powerbi\/risk-heatmap-custom-visual-for-power-bi\/\">Tutustu Power BI:n mukautettuun visuaaliseen riskimatriisiin t\u00e4\u00e4lt\u00e4!<\/a><\/div>\n<\/div>\n\n\n\n<p><\/p>\n\n\n\n<h3 class=\"wp-block-heading\"><strong>Suorituskyvyn parantaminen EHS-riskienhallinnan avulla<\/strong><\/h3>\n\n\n\n<p>Tehokas EHS-riskienhallinta parantaa suorituskyky\u00e4:<\/p>\n\n\n\n<ul class=\"wp-block-list\">\n<li><strong>Toiminnallinen tehokkuus:<\/strong> V\u00e4hent\u00e4\u00e4 onnettomuuksia, laitevikoja ja ymp\u00e4rist\u00f6vahinkoja. T\u00e4m\u00e4 parantaa tehokkuutta ja v\u00e4hent\u00e4\u00e4 seisokkiaikoja.<\/li>\n\n\n\n<li><strong>Kustannuss\u00e4\u00e4st\u00f6t:<\/strong> Minimoi vaaratilanteet, v\u00e4hent\u00e4\u00e4 sakkoja, oikeudenk\u00e4yntikuluja ja puhdistuskustannuksia.<\/li>\n\n\n\n<li><strong>Kest\u00e4v\u00e4 kehitys ja maine:<\/strong> Osoittaa sitoutumista kest\u00e4v\u00e4\u00e4n kehitykseen. T\u00e4m\u00e4 parantaa mainetta ja houkuttelee sijoittajia ja asiakkaita.<\/li>\n\n\n\n<li><strong>Vaatimustenmukaisuus:<\/strong> Noudattaa EHS-s\u00e4\u00e4nt\u00f6j\u00e4, yll\u00e4pit\u00e4\u00e4 hyvi\u00e4 suhteita s\u00e4\u00e4ntelyviranomaisiin ja v\u00e4ltt\u00e4\u00e4 seuraamuksia.<\/li>\n\n\n\n<li><strong>Ty\u00f6ntekij\u00f6iden hyvinvointi:<\/strong> Asettaa ty\u00f6nantajan turvallisuuden ja terveyden etusijalle. N\u00e4in parannetaan motivaatiota ja tuottavuutta, v\u00e4hennet\u00e4\u00e4n vaihtuvuutta ja poissaoloja.<\/li>\n<\/ul>\n\n\n\n<h3 class=\"wp-block-heading\"><strong>P\u00e4\u00e4telm\u00e4<\/strong><\/h3>\n\n\n\n<p>EHS-riskien hallinta on elint\u00e4rke\u00e4\u00e4 erinomaisen toiminnan kannalta. Power BI:n riskimatriisimme on loistava ty\u00f6kalu riskien tehokkaaseen hallintaan. EHS-riskien hallinta auttaa yrityksi\u00e4 suoriutumaan paremmin ja v\u00e4hent\u00e4m\u00e4\u00e4n kustannuksia. Se auttaa niit\u00e4 my\u00f6s noudattamaan s\u00e4\u00e4nn\u00f6ksi\u00e4 ja rakentamaan kest\u00e4v\u00e4n kehityksen ja turvallisuuden kulttuuria. Nykyp\u00e4iv\u00e4n haasteiden kohtaamisessa EHS-riskien hallinta Power BI:n avulla on avain menestykseen.<\/p>","protected":false},"excerpt":{"rendered":"<p>Johdanto Kaivostoiminnan ja \u00f6ljyn kaltaiset teollisuudenalat ovat ratkaisevan t\u00e4rkeit\u00e4 maailmantaloudelle, sill\u00e4 ne toimittavat luonnonvaroja ja energiaa. Ymp\u00e4rist\u00f6-, terveys- ja turvallisuusriskeihin liittyy kuitenkin haasteita. Yritykset pit\u00e4v\u00e4t nyky\u00e4\u00e4n vankkaa EHS-riskien hallintaa menestyksen perustekij\u00e4n\u00e4. T\u00e4ss\u00e4 artikkelissa tarkastellaan, miten Power BI Risk Matrix voi parantaa EHS-riskien hallintaa. EHS-riskien ymm\u00e4rt\u00e4minen ... <\/p>","protected":false},"author":55,"featured_media":12952,"parent":0,"menu_order":0,"comment_status":"closed","ping_status":"closed","template":"","meta":{"footnotes":""},"class_list":["post-12944","page","type-page","status-publish","has-post-thumbnail","hentry","latest_post"],"_links":{"self":[{"href":"https:\/\/www.leaplytics.de\/fi\/wp-json\/wp\/v2\/pages\/12944","targetHints":{"allow":["GET"]}}],"collection":[{"href":"https:\/\/www.leaplytics.de\/fi\/wp-json\/wp\/v2\/pages"}],"about":[{"href":"https:\/\/www.leaplytics.de\/fi\/wp-json\/wp\/v2\/types\/page"}],"author":[{"embeddable":true,"href":"https:\/\/www.leaplytics.de\/fi\/wp-json\/wp\/v2\/users\/55"}],"replies":[{"embeddable":true,"href":"https:\/\/www.leaplytics.de\/fi\/wp-json\/wp\/v2\/comments?post=12944"}],"version-history":[{"count":0,"href":"https:\/\/www.leaplytics.de\/fi\/wp-json\/wp\/v2\/pages\/12944\/revisions"}],"wp:featuredmedia":[{"embeddable":true,"href":"https:\/\/www.leaplytics.de\/fi\/wp-json\/wp\/v2\/media\/12952"}],"wp:attachment":[{"href":"https:\/\/www.leaplytics.de\/fi\/wp-json\/wp\/v2\/media?parent=12944"}],"curies":[{"name":"wp","href":"https:\/\/api.w.org\/{rel}","templated":true}]}}