{"id":12961,"date":"2023-12-18T23:03:43","date_gmt":"2023-12-18T22:03:43","guid":{"rendered":"https:\/\/www.leaplytics.de\/?page_id=12961"},"modified":"2024-01-02T12:05:32","modified_gmt":"2024-01-02T11:05:32","slug":"power-bi-vaarojen-tunnistaminen-ilmailualan-risteilyliikenteessa","status":"publish","type":"page","link":"https:\/\/www.leaplytics.de\/fi\/power-bi-vaarojen-tunnistaminen-ilmailualan-risteilyliikenteessa\/","title":{"rendered":"Power BI: Vaarojen tunnistaminen ilmailu-, risteily- ja kuljetusaloilla"},"content":{"rendered":"<h2 class=\"wp-block-heading has-medium-font-size\"><strong>Johdanto<\/strong><\/h2>\n\n\n\n<p>Ilmailussa, risteilyaluksilla ja liikenteess\u00e4 vaarojen tunnistaminen ja riskinhallinta ovat ratkaisevan t\u00e4rkeit\u00e4. Power BI:n riskimatriisi on arvokas v\u00e4line t\u00e4h\u00e4n tarkoitukseen.<\/p>\n\n\n\n<p>Ty\u00f6kalu on erinomainen vaarojen tunnistamisessa ja tietojen esitt\u00e4misen yksinkertaistamisessa nopeaa tunnistamista varten. T\u00e4m\u00e4 kyky mahdollistaa v\u00e4litt\u00f6m\u00e4t toimet, mik\u00e4 parantaa toiminnan turvallisuutta.<\/p>\n\n\n\n<h2 class=\"wp-block-heading has-medium-font-size\"><strong>Navigointi ilmailun vaaratilanteissa<\/strong><\/h2>\n\n\n\n<p>Ilmailussa yleisi\u00e4 vaaratekij\u00f6it\u00e4 ovat esimerkiksi kiitorataongelmat tai lintujen iskut. Keskeisiin suorituskykyindikaattoreihin kuuluvat l\u00e4helt\u00e4 piti -tilanteiden esiintymistiheys ja turvallisuuskoulutuksen tehokkuus. Esimerkiksi viestint\u00e4j\u00e4rjestelm\u00e4n luotettavuus on ratkaisevan t\u00e4rke\u00e4\u00e4.<\/p>\n\n\n\n<h2 class=\"wp-block-heading has-medium-font-size\"><strong>Risteilytoiminnan turvallisuuden varmistaminen<\/strong><\/h2>\n\n\n\n<p>Risteilyill\u00e4 vaarat voivat liitty\u00e4 laivojen t\u00f6rm\u00e4yksiin tai terveydellisiin h\u00e4t\u00e4tilanteisiin. T\u00e4rkeimpiin suorituskykyindikaattoreihin kuuluvat h\u00e4t\u00e4tilanteisiin reagointiaikojen ja riitt\u00e4vien l\u00e4\u00e4kint\u00e4tarvikkeiden seuranta. Matkustajien turvallisuuden varmistaminen on siis avainasemassa.<\/p>\n\n\n\n<h2 class=\"wp-block-heading has-medium-font-size\"><strong>Kuljetustoiminnan turvaaminen<\/strong><\/h2>\n\n\n\n<p>Kuljetusalalla vaaroja voivat olla esimerkiksi onnettomuudet tai toimitusketjun h\u00e4iri\u00f6t. Keskeisi\u00e4 suorituskykyindikaattoreita ovat onnettomuusasteet, kunnossapitoaikataulujen noudattaminen ja varasuunnitelmien tehokkuus. Esimerkiksi kuljettajien koulutusohjelmien tehokkuuden seuranta on olennaisen t\u00e4rke\u00e4\u00e4.<\/p>\n\n\n\n<h2 class=\"wp-block-heading has-medium-font-size\"><strong>Power BI:n riskimatriisi<\/strong><\/h2>\n\n\n\n<p>Riskimatriisi tarkentaa riskienhallintaa seuraavasti:<\/p>\n\n\n\n<p><strong>Todenn\u00e4k\u00f6isyysakseli:<\/strong> T\u00e4ll\u00e4 akselilla tarkastellaan riskin toteutumisen todenn\u00e4k\u00f6isyytt\u00e4 pienest\u00e4 suureen. Se auttaa ymm\u00e4rt\u00e4m\u00e4\u00e4n mahdollisten riskien todenn\u00e4k\u00f6isyytt\u00e4 n\u00e4ill\u00e4 aloilla.<\/p>\n\n\n\n<p><strong>Iskuakseli:<\/strong> T\u00e4ll\u00e4 akselilla tarkastellaan, kuinka vakava riski voi olla, ja se luokitellaan alhaiseksi, keskitasoiseksi tai korkeaksi. Se auttaa ilmailu-, risteily- ja kuljetusalan organisaatioita analysoimaan, kuinka paljon haittaa riski voi aiheuttaa.<\/p>\n\n\n\n<p>Kullekin riskille annetaan pistem\u00e4\u00e4r\u00e4 yhdist\u00e4m\u00e4ll\u00e4 todenn\u00e4k\u00f6isyys ja vaikutus. T\u00e4m\u00e4 auttaa asettamaan riskit paremmuusj\u00e4rjestykseen niiden vakavuuden perusteella. Korkean prioriteetin riskien hallitseminen varhaisessa vaiheessa minimoi uhkia ja toimintah\u00e4iri\u00f6it\u00e4.<\/p>\n\n\n\n<p>Riskimatriisin avulla n\u00e4iden alojen organisaatiot voivat:<\/p>\n\n\n\n<ol class=\"wp-block-list\">\n<li><strong>Luo kojelautoja:<\/strong> Tee reaaliaikaisia koontin\u00e4ytt\u00f6j\u00e4, joista n\u00e4kyv\u00e4t turvallisuusmittarit, vaaratilanteet ja suuntaukset. N\u00e4in riskienhallintap\u00e4\u00e4llik\u00f6iden on helppo n\u00e4hd\u00e4, miten turvallisuus edistyy.<\/li>\n\n\n\n<li><strong>Riskitietojen visualisointi:<\/strong> K\u00e4yt\u00e4 taulukoita ja kaavioita riskimatriisin riskipisteiden esitt\u00e4miseen. T\u00e4m\u00e4 auttaa ymm\u00e4rt\u00e4m\u00e4\u00e4n, kuinka vakavia tunnistetut riskit ovat.<\/li>\n\n\n\n<li><strong>Seuranta:<\/strong> Tarkista Power BI:n avulla, t\u00e4yt\u00e4tk\u00f6 turvallisuusm\u00e4\u00e4r\u00e4ykset. L\u00f6yd\u00e4 my\u00f6s alat, joilla tarvitaan lis\u00e4\u00e4 turvallisuustoimenpiteit\u00e4 ilmailussa, risteilyaluksilla ja kuljetuksissa.<\/li>\n\n\n\n<li><strong>Tunnista trendit: <\/strong>Tutustu riskitietoihin. Riskimatriisin avulla voit ymm\u00e4rt\u00e4\u00e4 onnettomuuksien syit\u00e4 ja tunnistaa meneill\u00e4\u00e4n olevat turvallisuusongelmat. T\u00e4m\u00e4 mahdollistaa tietoon perustuvan p\u00e4\u00e4t\u00f6ksenteon jatkuvaa turvallisuuden parantamista varten.<\/li>\n<\/ol>\n\n\n\n<div class=\"wp-block-buttons is-layout-flex wp-block-buttons-is-layout-flex\">\n<div class=\"wp-block-button has-custom-font-size\" style=\"font-size:18px\"><a class=\"wp-block-button__link has-background wp-element-button\" href=\"https:\/\/www.leaplytics.de\/fi\/etusivu\/projektinhallinta-mukautetut-visualisoinnit-microsoft-powerbi\/riskin-lampokartta-mukautettu-visuaalinen-teho-bi\/\" style=\"background-color:#22316d\" rel=\"https:\/\/www.leaplytics.de\/frontpage\/project-management-custom-visuals-microsoft-powerbi\/risk-heatmap-custom-visual-for-power-bi\/\">Tutustu Power BI:n mukautettuun visuaaliseen riskimatriisiin t\u00e4\u00e4lt\u00e4!<\/a><\/div>\n<\/div>\n\n\n\n<figure class=\"wp-block-image size-full\"><img loading=\"lazy\" decoding=\"async\" width=\"1024\" height=\"576\" src=\"https:\/\/www.leaplytics.de\/wp-content\/uploads\/2023\/12\/Risk-Matrix.jpg\" alt=\"\" class=\"wp-image-12965\" srcset=\"https:\/\/www.leaplytics.de\/wp-content\/uploads\/2023\/12\/Risk-Matrix.jpg 1024w, https:\/\/www.leaplytics.de\/wp-content\/uploads\/2023\/12\/Risk-Matrix-300x169.jpg 300w, https:\/\/www.leaplytics.de\/wp-content\/uploads\/2023\/12\/Risk-Matrix-768x432.jpg 768w, https:\/\/www.leaplytics.de\/wp-content\/uploads\/2023\/12\/Risk-Matrix-107x60.jpg 107w\" sizes=\"auto, (max-width: 1024px) 100vw, 1024px\" \/><\/figure>\n\n\n\n<h2 class=\"wp-block-heading has-medium-font-size\"><strong>P\u00e4\u00e4telm\u00e4<\/strong><\/h2>\n\n\n\n<p>Power BI:n riskimatriisi antaa arvokasta tietoa riskimaisemista. Se auttaa kohdentamaan resursseja ja parantamaan turvallisuutta. Ty\u00f6kalu antaa ammattilaisille mahdollisuuden tehd\u00e4 tietoon perustuvia p\u00e4\u00e4t\u00f6ksi\u00e4 ja hallita riskej\u00e4.<\/p>\n\n\n\n<p>Riskimatriisi on merkitt\u00e4v\u00e4 apuv\u00e4line ilmailu-, risteily- ja kuljetusalalla. Se tekee riskien tunnistamisesta ja hallinnasta helpompaa ja tehokkaampaa. N\u00e4in yritykset voivat yll\u00e4pit\u00e4\u00e4 turvallista ja sujuvaa toimintaa n\u00e4ill\u00e4 elint\u00e4rkeill\u00e4 aloilla.<\/p>","protected":false},"excerpt":{"rendered":"<p>Johdanto Ilmailussa, risteilyaluksilla ja liikenteess\u00e4 vaarojen tunnistaminen ja riskinhallinta ovat ratkaisevan t\u00e4rkeit\u00e4. Power BI:n riskimatriisi on arvokas v\u00e4line t\u00e4h\u00e4n tarkoitukseen. Ty\u00f6kalu on erinomainen vaarojen tunnistamisessa ja tietojen esitt\u00e4misen yksinkertaistamisessa nopean tunnistamisen mahdollistamiseksi. T\u00e4m\u00e4 kyky mahdollistaa v\u00e4litt\u00f6m\u00e4t toimet, mik\u00e4 parantaa toiminnan turvallisuutta. Navigointi ilmailun vaaratilanteissa Ilmailussa yleiset ... <\/p>","protected":false},"author":55,"featured_media":12962,"parent":0,"menu_order":0,"comment_status":"closed","ping_status":"closed","template":"","meta":{"footnotes":""},"class_list":["post-12961","page","type-page","status-publish","has-post-thumbnail","hentry","latest_post"],"_links":{"self":[{"href":"https:\/\/www.leaplytics.de\/fi\/wp-json\/wp\/v2\/pages\/12961","targetHints":{"allow":["GET"]}}],"collection":[{"href":"https:\/\/www.leaplytics.de\/fi\/wp-json\/wp\/v2\/pages"}],"about":[{"href":"https:\/\/www.leaplytics.de\/fi\/wp-json\/wp\/v2\/types\/page"}],"author":[{"embeddable":true,"href":"https:\/\/www.leaplytics.de\/fi\/wp-json\/wp\/v2\/users\/55"}],"replies":[{"embeddable":true,"href":"https:\/\/www.leaplytics.de\/fi\/wp-json\/wp\/v2\/comments?post=12961"}],"version-history":[{"count":0,"href":"https:\/\/www.leaplytics.de\/fi\/wp-json\/wp\/v2\/pages\/12961\/revisions"}],"wp:featuredmedia":[{"embeddable":true,"href":"https:\/\/www.leaplytics.de\/fi\/wp-json\/wp\/v2\/media\/12962"}],"wp:attachment":[{"href":"https:\/\/www.leaplytics.de\/fi\/wp-json\/wp\/v2\/media?parent=12961"}],"curies":[{"name":"wp","href":"https:\/\/api.w.org\/{rel}","templated":true}]}}