{"id":13004,"date":"2023-12-18T23:06:58","date_gmt":"2023-12-18T22:06:58","guid":{"rendered":"https:\/\/www.leaplytics.de\/?page_id=13004"},"modified":"2024-04-09T20:48:32","modified_gmt":"2024-04-09T18:48:32","slug":"power-bi-aiheet","status":"publish","type":"page","link":"https:\/\/www.leaplytics.de\/fi\/power-bi-aiheet\/","title":{"rendered":"Power BI Aiheet"},"content":{"rendered":"<p><a href=\"https:\/\/www.leaplytics.de\/fi\/ehs-riskienhallinta-power-bi-kaivos-ja-oljyteollisuudelle\/\">EHS-riskien hallinta Power BI:ss\u00e4<\/a><\/p>\n\n\n\n<p><a href=\"https:\/\/www.leaplytics.de\/fi\/power-bi-vaarojen-tunnistaminen-ilmailualan-risteilyliikenteessa\/\">Vaarojen tunnistaminen ilmailu-, risteily- ja kuljetusaloilla Power BI:ss\u00e4<\/a><\/p>\n\n\n\n<p><a href=\"https:\/\/www.leaplytics.de\/fi\/osha-riskimatriisi-power-bi\/\">OSHA-riskimatriisi Power BI:ss\u00e4<\/a><\/p>\n\n\n\n<p><a href=\"https:\/\/www.leaplytics.de\/fi\/esg-riskimatriisi-microsoft-power-bin-avulla\/\">ESG-riskimatriisi Power BI:ss\u00e4<\/a><\/p>\n\n\n\n<p><a href=\"https:\/\/www.leaplytics.de\/fi\/toimittajan-laadunvarmistuksen-hallinta-power-bin-avulla\/\">Toimittajien laadunvarmistus \/ hallinta Power BI:n avulla<\/a><\/p>\n\n\n\n<p><a href=\"https:\/\/www.leaplytics.de\/fi\/power-bi-kyberturvallisuusriskien-hallinta\/\">Power BI: Kyberturvallisuusriskien hallinta<\/a><\/p>\n\n\n\n<p><a href=\"https:\/\/www.leaplytics.de\/fi\/power-bi-rahoitusriskien-hallinta\/\">Power BI: Rahoitusriskien hallinta rahoituspalvelualalla<\/a><\/p>\n\n\n\n<p><a href=\"https:\/\/www.leaplytics.de\/fi\/anna-power-bin-parantaa-projektinhallintaasi\/\">Anna Power BI:n parantaa projektinhallintaa<\/a><\/p>\n\n\n\n<p><a href=\"https:\/\/www.leaplytics.de\/fi\/text-viewer-visuals-for-power-bi\/\">Tekstin katseluohjelman visuaalit Power BI:lle<\/a><\/p>\n\n\n\n<p><a href=\"https:\/\/www.leaplytics.de\/fi\/power-bi-alalla-tarjoutuvien-mahdollisuuksien-matriisi\/\">Power BI:n mahdollisuuksien matriisi<\/a><\/p>","protected":false},"excerpt":{"rendered":"<p>EHS-riskien hallinta Power BI:ss\u00e4 Vaarojen tunnistaminen ilmailu-, risteily- ja kuljetusaloilla Power BI:ss\u00e4 OSHA-riskimatriisi Power BI:ss\u00e4 ESG-riskimatriisi Power BI:ss\u00e4 Toimittajien laadunvarmistus \/ -hallinta Power BI:ll\u00e4 Power BI: Kyberturvallisuusriskien hallinta Power BI: Rahoitusriskien hallinta rahoituspalvelualalla Let Power BI ... <\/p>","protected":false},"author":2,"featured_media":0,"parent":0,"menu_order":0,"comment_status":"closed","ping_status":"closed","template":"","meta":{"footnotes":""},"class_list":["post-13004","page","type-page","status-publish","hentry","latest_post"],"_links":{"self":[{"href":"https:\/\/www.leaplytics.de\/fi\/wp-json\/wp\/v2\/pages\/13004","targetHints":{"allow":["GET"]}}],"collection":[{"href":"https:\/\/www.leaplytics.de\/fi\/wp-json\/wp\/v2\/pages"}],"about":[{"href":"https:\/\/www.leaplytics.de\/fi\/wp-json\/wp\/v2\/types\/page"}],"author":[{"embeddable":true,"href":"https:\/\/www.leaplytics.de\/fi\/wp-json\/wp\/v2\/users\/2"}],"replies":[{"embeddable":true,"href":"https:\/\/www.leaplytics.de\/fi\/wp-json\/wp\/v2\/comments?post=13004"}],"version-history":[{"count":4,"href":"https:\/\/www.leaplytics.de\/fi\/wp-json\/wp\/v2\/pages\/13004\/revisions"}],"predecessor-version":[{"id":13338,"href":"https:\/\/www.leaplytics.de\/fi\/wp-json\/wp\/v2\/pages\/13004\/revisions\/13338"}],"wp:attachment":[{"href":"https:\/\/www.leaplytics.de\/fi\/wp-json\/wp\/v2\/media?parent=13004"}],"curies":[{"name":"wp","href":"https:\/\/api.w.org\/{rel}","templated":true}]}}