{"id":13065,"date":"2024-01-02T13:16:49","date_gmt":"2024-01-02T12:16:49","guid":{"rendered":"https:\/\/www.leaplytics.de\/?page_id=13065"},"modified":"2024-01-02T13:16:50","modified_gmt":"2024-01-02T12:16:50","slug":"power-bi-kyberturvallisuusriskien-hallinta","status":"publish","type":"page","link":"https:\/\/www.leaplytics.de\/fi\/power-bi-kyberturvallisuusriskien-hallinta\/","title":{"rendered":"Power BI: Kyberturvallisuusriskien hallinta"},"content":{"rendered":"<h3 class=\"wp-block-heading has-medium-font-size\">Johdanto<\/h3>\n\n\n\n<p>Nykyp\u00e4iv\u00e4n nopeatempoisessa digitaalisessa maailmassa kyberturvallisuusriskien hallinta on ratkaisevan t\u00e4rke\u00e4\u00e4. T\u00e4ss\u00e4 artikkelissa tarkastellaan kyberturvallisuusriskien hallintaan liittyvi\u00e4 keskeisi\u00e4 n\u00e4kemyksi\u00e4. Korostamme, ett\u00e4 organisaatioiden on otettava riskienhallintastrategiat k\u00e4ytt\u00f6\u00f6n Power BI:ss\u00e4.<\/p>\n\n\n\n<h3 class=\"wp-block-heading has-medium-font-size\">Kyberturvallisuusstrategioiden ymm\u00e4rt\u00e4minen ja optimointi<\/h3>\n\n\n\n<p>Organisaatiot investoivat maailmanlaajuisesti kyberturvallisuusaloitteisiin riskien v\u00e4hent\u00e4miseksi ja kustannusten pienent\u00e4miseksi est\u00e4m\u00e4ll\u00e4 tietomurtoja ja suunnittelemattomia k\u00e4ytt\u00f6katkoksia. Olennaista on ymm\u00e4rt\u00e4\u00e4, millaisia riskej\u00e4 on olemassa. N\u00e4in yritykset voivat r\u00e4\u00e4t\u00e4l\u00f6id\u00e4 tehokkaita riskinhallintastrategioita.<\/p>\n\n\n\n<p><strong>Vaihe 1 - Yksityiskohtainen riskiluokitus: <\/strong><br>Tehokas riskienhallinta edellytt\u00e4\u00e4 riskien t\u00e4sm\u00e4llist\u00e4 luokittelua. T\u00e4m\u00e4 yksityiskohtainen l\u00e4hestymistapa antaa organisaatioille mahdollisuuden tunnistaa ja luokitella mahdolliset uhat.<\/p>\n\n\n\n<p><strong>Vaihe 2 - Ennakoiva riskien havaitseminen: <\/strong><br>Ennakoiva l\u00e4hestymistapa riskien havaitsemiseen on ratkaisevan t\u00e4rke\u00e4\u00e4. Organisaatioiden on tunnistettava mahdolliset uhat ennen niiden laajenemista, mik\u00e4 parantaa tietoturvavalmiutta.<\/p>\n\n\n\n<p><strong>Vaihe 3 - Tehokas riskinhallinta: <\/strong><br>Tehokkaassa riskien v\u00e4hent\u00e4misess\u00e4 arvioidaan riskej\u00e4 todenn\u00e4k\u00f6isyyden ja vaikutusten perusteella. Resurssien asianmukainen kohdentaminen minimoi tapahtumien todenn\u00e4k\u00f6isyyden ja optimoi riskienhallinnan.<\/p>\n\n\n\n<h3 class=\"wp-block-heading has-medium-font-size\">Keskeiset suorituskykyindikaattorit (KPI) kyberturvallisuudessa<\/h3>\n\n\n\n<p>Avainindikaattoreiden sis\u00e4llytt\u00e4minen kyberturvallisuusriskien hallintaan tarjoaa k\u00e4ytt\u00f6kelpoista tietoa:<\/p>\n\n\n\n<ul class=\"wp-block-list\">\n<li> Nopea reagointi onnettomuuksiin: V\u00e4lit\u00f6n toiminta ongelman ilmetess\u00e4 on avainasemassa, jotta asiat pysyv\u00e4t hallinnassa. (KPI: <strong>Vasteaika<\/strong>)<\/li>\n<\/ul>\n\n\n\n<ul class=\"wp-block-list\">\n<li> Haavoittuvuuksien havaitseminen: Digitaalisen turvallisuuden parantaminen: Heikkojen kohtien nopea tunnistaminen ja ratkaiseminen takaavat paremman digitaalisen turvallisuuden. (KPI: <strong>Tunnistetut riskit<\/strong>\/mitigated)<\/li>\n<\/ul>\n\n\n\n<ul class=\"wp-block-list\">\n<li>Riskiratkaisujen tarkistaminen: Riskinhallintasuunnitelmien tehokkuuden seuranta takaa jatkuvan parantamisen. (KPI: <strong>Tapahtuneet riskit<\/strong>, [taloudellinen] riskivaikutus)<\/li>\n<\/ul>\n\n\n\n<h3 class=\"wp-block-heading has-medium-font-size\">Power BI:n riskimatriisi<\/h3>\n\n\n\n<figure class=\"wp-block-image size-full\"><img loading=\"lazy\" decoding=\"async\" width=\"1024\" height=\"576\" src=\"https:\/\/www.leaplytics.de\/wp-content\/uploads\/2024\/01\/Risk-Matrix.jpg\" alt=\"\" class=\"wp-image-13066\" srcset=\"https:\/\/www.leaplytics.de\/wp-content\/uploads\/2024\/01\/Risk-Matrix.jpg 1024w, https:\/\/www.leaplytics.de\/wp-content\/uploads\/2024\/01\/Risk-Matrix-300x169.jpg 300w, https:\/\/www.leaplytics.de\/wp-content\/uploads\/2024\/01\/Risk-Matrix-768x432.jpg 768w, https:\/\/www.leaplytics.de\/wp-content\/uploads\/2024\/01\/Risk-Matrix-107x60.jpg 107w\" sizes=\"auto, (max-width: 1024px) 100vw, 1024px\" \/><\/figure>\n\n\n\n<p>Miten Power BI:n riskimatriisi arvioi riskej\u00e4:<\/p>\n\n\n\n<p>Riskin todenn\u00e4k\u00f6isyyden ja mahdollisen vaikutuksen ymm\u00e4rt\u00e4minen auttaa luomaan riskipistetaulukon.  Yhdist\u00e4m\u00e4ll\u00e4 n\u00e4m\u00e4 ulottuvuudet organisaatiot voivat asettaa vakavat riskit t\u00e4rkeysj\u00e4rjestykseen.<\/p>\n\n\n\n<p>Power BI:n riskimatriisin muodossa tarjoamme seuraavat ratkaisut:<\/p>\n\n\n\n<ul class=\"wp-block-list\">\n<li> Reaaliaikaiset kojelaudat: Voimme luoda kojelautoja, jotka n\u00e4ytt\u00e4v\u00e4t turvallisuustiedot reaaliajassa. N\u00e4in tied\u00e4mme, kuinka turvallisia asiat ovat milloin tahansa.<\/li>\n<\/ul>\n\n\n\n<ul class=\"wp-block-list\">\n<li>Riskitietojen visualisointi: Matriisi ja integroidut kuvaajat n\u00e4ytt\u00e4v\u00e4t riskimittarit. N\u00e4in kaikkien on helppo ymm\u00e4rt\u00e4\u00e4, kuinka vakavia riskit ovat.<\/li>\n<\/ul>\n\n\n\n<ul class=\"wp-block-list\">\n<li> Suuntausten seuranta ja tunnistaminen: Riskimatriisin avulla voimme tarkistaa, noudatammeko turvallisuuss\u00e4\u00e4nt\u00f6j\u00e4. Se auttaa meit\u00e4 l\u00f6yt\u00e4m\u00e4\u00e4n alueet, joilla tarvitaan lis\u00e4\u00e4 turvatoimenpiteit\u00e4, ja ymm\u00e4rt\u00e4m\u00e4\u00e4n suuntauksia turvallisuuden parantamiseksi.<\/li>\n<\/ul>\n\n\n\n<div class=\"wp-block-buttons is-layout-flex wp-block-buttons-is-layout-flex\">\n<div class=\"wp-block-button has-custom-font-size\" style=\"font-size:18px\"><a class=\"wp-block-button__link has-background wp-element-button\" href=\"https:\/\/www.leaplytics.de\/fi\/etusivu\/projektinhallinta-mukautetut-visualisoinnit-microsoft-powerbi\/riskin-lampokartta-mukautettu-visuaalinen-teho-bi\/\" style=\"background-color:#22316d\" rel=\"https:\/\/www.leaplytics.de\/frontpage\/project-management-custom-visuals-microsoft-powerbi\/risk-heatmap-custom-visual-for-power-bi\/\">Tutustu Power BI:n mukautettuun visuaaliseen riskimatriisiin t\u00e4\u00e4lt\u00e4!<\/a><\/div>\n<\/div>\n\n\n\n<p><\/p>\n\n\n\n<h3 class=\"wp-block-heading has-medium-font-size\">P\u00e4\u00e4telm\u00e4<\/h3>\n\n\n\n<p>Kehittyvien digitaalisten uhkien edess\u00e4 organisaatiot tarvitsevat optimaalisia riskinhallintastrategioita. Riskien ulottuvuuksien ymm\u00e4rt\u00e4minen on v\u00e4ltt\u00e4m\u00e4t\u00f6nt\u00e4. Ennakoivan l\u00e4hestymistavan omaksuminen uhkien lievent\u00e4miseksi vahvistaa yritysten kyberturvallisuutta. Painopiste on prosessien yksinkertaistamisessa, jotta kyberturvallisuutta voidaan l\u00e4hesty\u00e4 \u00e4lykk\u00e4\u00e4sti ja tehokkaasti.<\/p>","protected":false},"excerpt":{"rendered":"<p>Johdanto Nykyisess\u00e4 nopeatempoisessa digitaalisessa maailmassa kyberturvallisuusriskien hallinta on ratkaisevan t\u00e4rke\u00e4\u00e4. T\u00e4ss\u00e4 artikkelissa tarkastellaan kyberturvallisuusriskien hallintaan liittyvi\u00e4 keskeisi\u00e4 n\u00e4kemyksi\u00e4. Korostamme, ett\u00e4 organisaatioiden on otettava k\u00e4ytt\u00f6\u00f6n riskienhallintastrategioita Power BI:ss\u00e4. Kyberturvallisuusstrategioiden ymm\u00e4rt\u00e4minen ja optimointi Organisaatiot investoivat maailmanlaajuisesti kyberturvallisuusaloitteisiin riskien lievent\u00e4miseksi ja kustannusten v\u00e4hent\u00e4miseksi est\u00e4m\u00e4ll\u00e4 tietojen ... <\/p>","protected":false},"author":55,"featured_media":13070,"parent":0,"menu_order":0,"comment_status":"closed","ping_status":"closed","template":"","meta":{"footnotes":""},"class_list":["post-13065","page","type-page","status-publish","has-post-thumbnail","hentry","latest_post"],"_links":{"self":[{"href":"https:\/\/www.leaplytics.de\/fi\/wp-json\/wp\/v2\/pages\/13065","targetHints":{"allow":["GET"]}}],"collection":[{"href":"https:\/\/www.leaplytics.de\/fi\/wp-json\/wp\/v2\/pages"}],"about":[{"href":"https:\/\/www.leaplytics.de\/fi\/wp-json\/wp\/v2\/types\/page"}],"author":[{"embeddable":true,"href":"https:\/\/www.leaplytics.de\/fi\/wp-json\/wp\/v2\/users\/55"}],"replies":[{"embeddable":true,"href":"https:\/\/www.leaplytics.de\/fi\/wp-json\/wp\/v2\/comments?post=13065"}],"version-history":[{"count":0,"href":"https:\/\/www.leaplytics.de\/fi\/wp-json\/wp\/v2\/pages\/13065\/revisions"}],"wp:featuredmedia":[{"embeddable":true,"href":"https:\/\/www.leaplytics.de\/fi\/wp-json\/wp\/v2\/media\/13070"}],"wp:attachment":[{"href":"https:\/\/www.leaplytics.de\/fi\/wp-json\/wp\/v2\/media?parent=13065"}],"curies":[{"name":"wp","href":"https:\/\/api.w.org\/{rel}","templated":true}]}}