{"id":13092,"date":"2024-01-22T11:56:36","date_gmt":"2024-01-22T10:56:36","guid":{"rendered":"https:\/\/www.leaplytics.de\/?page_id=13092"},"modified":"2024-01-22T11:59:33","modified_gmt":"2024-01-22T10:59:33","slug":"power-bi-rahoitusriskien-hallinta","status":"publish","type":"page","link":"https:\/\/www.leaplytics.de\/fi\/power-bi-rahoitusriskien-hallinta\/","title":{"rendered":"Power BI: Rahoitusriskien hallinta rahoituspalvelualalla"},"content":{"rendered":"<h2 class=\"wp-block-heading has-medium-font-size\">Johdanto<\/h2>\n\n\n\n<p>Riskienhallinta on rahoitusalalla ratkaisevan t\u00e4rke\u00e4\u00e4 jatkuvan ep\u00e4varmuuden vuoksi. Asiantuntijoiden on tunnistettava ja k\u00e4sitelt\u00e4v\u00e4 kriittisi\u00e4 tekij\u00f6it\u00e4 vakauden, s\u00e4\u00e4nt\u00f6jen noudattamisen ja kasvun kannalta. T\u00e4ss\u00e4 artikkelissa tarkastellaan riskienhallintaa rahoitusalalla ja korostetaan tietojen visualisointia Power BI:n riskimatriisin avulla parempaa p\u00e4\u00e4t\u00f6ksentekoa varten.<\/p>\n\n\n\n<h2 class=\"wp-block-heading has-medium-font-size\">Rahoituspalvelujen riskienhallinnan keskeiset tekij\u00e4t<\/h2>\n\n\n\n<p style=\"font-size:18px\">1.&nbsp;&nbsp;&nbsp;&nbsp;&nbsp; <strong>Lains\u00e4\u00e4d\u00e4nn\u00f6n noudattaminen<\/strong>:<\/p>\n\n\n\n<p>S\u00e4\u00e4ntelyvaatimusten noudattaminen on rahoituspalvelujen riskienhallinnan kulmakivi. Basel III:n, Dodd-Frankin ja MiFID II:n kaltaisissa s\u00e4\u00e4nn\u00f6ksiss\u00e4 asetetaan tiukat ohjeet vakauden varmistamiseksi ja sidosryhmien suojelemiseksi. Rahoituslaitosten on pysytt\u00e4v\u00e4 ajan tasalla kehittyvist\u00e4 s\u00e4\u00e4d\u00f6ksist\u00e4 ja otettava k\u00e4ytt\u00f6\u00f6n vankat vaatimustenmukaisuustoimenpiteet.<\/p>\n\n\n\n<ul class=\"wp-block-list\">\n<li><strong>KPI:<\/strong> Vaatimustenmukaisuuspisteet<\/li>\n<\/ul>\n\n\n\n<ul class=\"wp-block-list\">\n<li><strong>Selitys:<\/strong> T\u00e4m\u00e4 suorituskykyindikaattori mittaa, miten laitos noudattaa s\u00e4\u00e4ntelyvaatimuksia. Korkeampi pistem\u00e4\u00e4r\u00e4 merkitsee parempaa vaatimustenmukaisuutta.<\/li>\n<\/ul>\n\n\n\n<p style=\"font-size:18px\">2.&nbsp;&nbsp;&nbsp;&nbsp;&nbsp; <strong>Luottoriski<\/strong>:<\/p>\n\n\n\n<p>Luottoriski on luontainen osa rahoitusalaa, ja sen hallinta on v\u00e4ltt\u00e4m\u00e4t\u00f6nt\u00e4. Lainanottajien luottokelpoisuuden analysointi, luottoriskien seuranta ja huolellisten luotonantok\u00e4yt\u00e4nt\u00f6jen toteuttaminen ovat elint\u00e4rkeit\u00e4 luottoriskin pienent\u00e4miseksi.<\/p>\n\n\n\n<ul class=\"wp-block-list\">\n<li><strong>KPI:<\/strong> Oletustodenn\u00e4k\u00f6isyys Luokitus\/indeksi<\/li>\n<\/ul>\n\n\n\n<ul class=\"wp-block-list\">\n<li><strong>Selitys:<\/strong> Maksukyvytt\u00f6myyden todenn\u00e4k\u00f6isyysluokitus\/indeksi kuvastaa lainanottajien lainojen maksukyvytt\u00f6myyden todenn\u00e4k\u00f6isyytt\u00e4. Alhaisempi luokitus\/indeksi on toivottava, sill\u00e4 se osoittaa alhaisempaa luottoriski\u00e4.<\/li>\n<\/ul>\n\n\n\n<p style=\"font-size:18px\">3.&nbsp;&nbsp;&nbsp;&nbsp;&nbsp; <strong>Markkinariski<\/strong>:<\/p>\n\n\n\n<p>Korkojen, valuuttakurssien ja hy\u00f6dykkeiden hintojen vaihtelut aiheuttavat haasteita rahoituslaitoksille. Markkinariskille altistumista arvioivien riskimallien k\u00e4ytt\u00f6\u00f6notto on v\u00e4ltt\u00e4m\u00e4t\u00f6nt\u00e4. Stressitestiskenaariot voivat auttaa tunnistamaan mahdolliset haavoittuvuudet.<\/p>\n\n\n\n<ul class=\"wp-block-list\">\n<li><strong>KPI:<\/strong> Markkinoiden volatiliteetti-indeksi<\/li>\n<\/ul>\n\n\n\n<ul class=\"wp-block-list\">\n<li><strong>Selitys:<\/strong> Markkinoiden volatiliteetti-indeksi osoittaa rahoitusmarkkinoiden ennustamattomuuden tason. Korkeampi indeksi viittaa suurempaan markkinariskiin.<\/li>\n<\/ul>\n\n\n\n<p style=\"font-size:18px\">4.&nbsp;&nbsp;&nbsp;&nbsp;&nbsp; <strong>Operatiivinen riski<\/strong>:<\/p>\n\n\n\n<p>Toiminnan h\u00e4iri\u00f6t, kyberturvallisuusuhat <a href=\"https:\/\/www.leaplytics.de\/fi\/power-bi-kyberturvallisuusriskien-hallinta\/\"><mark style=\"background-color:rgba(0, 0, 0, 0)\" class=\"has-inline-color has-vivid-cyan-blue-color\">(klikkaa t\u00e4st\u00e4 ja tutustu artikkeliin kyberturvallisuusriskien hallinnasta).<\/mark><\/a>, ja sis\u00e4isten prosessien ep\u00e4onnistumiset voivat vaikuttaa rahoituspalveluihin. Kattavien riskikehysten kehitt\u00e4minen, s\u00e4\u00e4nn\u00f6llisten tarkastusten tekeminen ja kyberturvallisuustoimenpiteiden seuranta ovat ratkaisevan t\u00e4rkeit\u00e4. N\u00e4m\u00e4 toimet auttavat operatiivisen riskin hallinnassa.<\/p>\n\n\n\n<ul class=\"wp-block-list\">\n<li><strong>KPI:<\/strong> Toiminnallisen joustavuuden pisteet<\/li>\n<\/ul>\n\n\n\n<ul class=\"wp-block-list\">\n<li><strong>Selitys:<\/strong> Operatiivisen sietokyvyn pistem\u00e4\u00e4r\u00e4ll\u00e4 arvioidaan laitoksen kyky\u00e4 kest\u00e4\u00e4 toiminnallisia h\u00e4iri\u00f6it\u00e4 ja toipua niist\u00e4. Korkeampi pistem\u00e4\u00e4r\u00e4 merkitsee suurempaa operatiivista joustavuutta.<\/li>\n<\/ul>\n\n\n\n<p style=\"font-size:18px\">5.&nbsp;&nbsp;&nbsp;&nbsp;&nbsp; <strong>Likviditeettiriski<\/strong>:<\/p>\n\n\n\n<p>Riitt\u00e4v\u00e4n likviditeetin varmistaminen lyhytaikaisten velvoitteiden t\u00e4ytt\u00e4miseksi on olennaisen t\u00e4rke\u00e4\u00e4. Laitoksilla on oltava varautumissuunnitelmat, niiden on teht\u00e4v\u00e4 stressitestej\u00e4 likviditeettiasemiensa suhteen ja niiden on s\u00e4ilytett\u00e4v\u00e4 tasapaino lyhyen ja pitk\u00e4n aikav\u00e4lin varojen v\u00e4lill\u00e4.<\/p>\n\n\n\n<ul class=\"wp-block-list\">\n<li><strong>KPI:<\/strong> Maksuvalmiusaste<\/li>\n<\/ul>\n\n\n\n<ul class=\"wp-block-list\">\n<li><strong>Selitys:<\/strong> Maksuvalmiusaste mittaa laitoksen kyky\u00e4 kattaa lyhytaikaiset velvoitteet likvideill\u00e4 varoilla. Korkeampi suhdeluku kertoo paremmasta maksuvalmiusasemasta.<\/li>\n<\/ul>\n\n\n\n<h2 class=\"wp-block-heading has-medium-font-size\">Tietojen visualisointi Power BI:n riskimatriisin avulla<\/h2>\n\n\n\n<p>Power BI:n riskimatriisi on tehokas visuaalinen ty\u00f6kalu, jonka avulla riskienhallinta voi arvioida, priorisoida ja tiedottaa riskeist\u00e4. Matriisi mahdollistaa riskien luokittelun niiden todenn\u00e4k\u00f6isyyden ja vaikutusten perusteella. Laajojen ominaisuuksiensa ansiosta riskimatriisi mahdollistaa kattavan ja moniulotteisen n\u00e4kym\u00e4n riskimaisemaan.<\/p>\n\n\n\n<figure class=\"wp-block-image size-full\"><img loading=\"lazy\" decoding=\"async\" width=\"1024\" height=\"576\" src=\"https:\/\/www.leaplytics.de\/wp-content\/uploads\/2024\/01\/Risk-Matrix.jpg\" alt=\"\" class=\"wp-image-13066\" srcset=\"https:\/\/www.leaplytics.de\/wp-content\/uploads\/2024\/01\/Risk-Matrix.jpg 1024w, https:\/\/www.leaplytics.de\/wp-content\/uploads\/2024\/01\/Risk-Matrix-300x169.jpg 300w, https:\/\/www.leaplytics.de\/wp-content\/uploads\/2024\/01\/Risk-Matrix-768x432.jpg 768w, https:\/\/www.leaplytics.de\/wp-content\/uploads\/2024\/01\/Risk-Matrix-107x60.jpg 107w\" sizes=\"auto, (max-width: 1024px) 100vw, 1024px\" \/><\/figure>\n\n\n\n<div class=\"wp-block-buttons is-content-justification-center is-layout-flex wp-container-core-buttons-is-layout-1 wp-block-buttons-is-layout-flex\">\n<div class=\"wp-block-button has-custom-font-size\" style=\"font-size:18px\"><a class=\"wp-block-button__link has-background wp-element-button\" href=\"https:\/\/www.leaplytics.de\/fi\/etusivu\/projektinhallinta-mukautetut-visualisoinnit-microsoft-powerbi\/riskin-lampokartta-mukautettu-visuaalinen-teho-bi\/\" style=\"background-color:#22316d\">Tutustu Power BI:n mukautettuun visuaaliseen riskimatriisiin t\u00e4\u00e4lt\u00e4!<\/a><\/div>\n<\/div>\n\n\n\n<p><\/p>\n\n\n\n<h2 class=\"wp-block-heading has-medium-font-size\">Haasteet ja mahdollisuudet<\/h2>\n\n\n\n<p><strong>Haasteet<\/strong>:<\/p>\n\n\n\n<ul class=\"wp-block-list\">\n<li><strong>Tietojen laatu ja integrointi<\/strong>: Eri l\u00e4hteist\u00e4 per\u00e4isin olevien tietojen tarkkuuden ja luotettavuuden varmistaminen voi olla haastavaa. Tietojen integrointi Power BI:hen vaatii huolellista huomiota tietojen eheyden yll\u00e4pit\u00e4miseksi.<\/li>\n\n\n\n<li><strong>Sidosryhm\u00e4viestint\u00e4<\/strong>: Riskitiedon v\u00e4litt\u00e4minen sidosryhmille on ratkaisevan t\u00e4rke\u00e4\u00e4. Haasteena on monimutkaisten tietojen esitt\u00e4minen ymm\u00e4rrett\u00e4v\u00e4ss\u00e4 muodossa.<\/li>\n<\/ul>\n\n\n\n<p><strong>Mahdollisuudet<\/strong>:<\/p>\n\n\n\n<ul class=\"wp-block-list\">\n<li><strong>Ennakoiva analytiikka<\/strong>: Ennustavan analytiikan k\u00e4ytt\u00f6 Power BI:ss\u00e4 tunnistaa mahdolliset riskit ennen kuin ne tapahtuvat. T\u00e4m\u00e4 auttaa hallitsemaan riskej\u00e4 ajoissa.<\/li>\n\n\n\n<li><strong>Reaaliaikainen seuranta<\/strong>: Power BI mahdollistaa keskeisten riski-indikaattoreiden reaaliaikaisen seurannan. T\u00e4m\u00e4 mahdollistaa joustavan reagoinnin esiin nouseviin riskeihin.<\/li>\n<\/ul>\n\n\n\n<p><strong>Haasteisiin vastaaminen riskinhallinnan avulla<\/strong><\/p>\n\n\n\n<ul class=\"wp-block-list\">\n<li><strong>Tietohallinnon luominen<\/strong>: Vankkojen tiedonhallintak\u00e4yt\u00e4nt\u00f6jen k\u00e4ytt\u00f6\u00f6notto varmistaa tietojen laadun ja eheyden. T\u00e4m\u00e4 parantaa riskinarviointien luotettavuutta.<\/li>\n\n\n\n<li><strong>Sidosryhmien koulutus<\/strong>: Koulutuksen antaminen riskitietojen tulkinnasta ja Power BI -ty\u00f6kalujen hy\u00f6dynt\u00e4misest\u00e4 tietoon perustuvaan p\u00e4\u00e4t\u00f6ksentekoon.<\/li>\n<\/ul>\n\n\n\n<h2 class=\"wp-block-heading has-medium-font-size\">P\u00e4\u00e4telm\u00e4<\/h2>\n\n\n\n<p>Dynaamisella rahoituspalvelualalla tehokas riskienhallinta on avainasemassa. Power BI:n riskimatriisin kaltaisten ty\u00f6kalujen hy\u00f6dynt\u00e4minen parantaa p\u00e4\u00e4t\u00f6ksentekoa. Se auttaa navigoimaan haasteissa ja tarttumaan mahdollisuuksiin. Tietojen laadun parantaminen, sidosryhm\u00e4viestinn\u00e4n tehostaminen ja kehittyneen analytiikan hy\u00f6dynt\u00e4minen ovat ratkaisevia vaiheita. Ottamalla n\u00e4m\u00e4 strategiat k\u00e4ytt\u00f6\u00f6n rahoituslaitokset voivat rakentaa kest\u00e4vyytt\u00e4 ja varmistaa kest\u00e4v\u00e4n kasvun.<\/p>","protected":false},"excerpt":{"rendered":"<p>Johdanto Riskienhallinta on rahoitusalalla ratkaisevan t\u00e4rke\u00e4\u00e4 jatkuvan ep\u00e4varmuuden vuoksi. Asiantuntijoiden on tunnistettava ja k\u00e4sitelt\u00e4v\u00e4 kriittisi\u00e4 tekij\u00f6it\u00e4 vakauden, s\u00e4\u00e4nt\u00f6jen noudattamisen ja kasvun kannalta. T\u00e4ss\u00e4 artikkelissa tarkastellaan riskienhallintaa rahoitusalalla ja korostetaan tietojen visualisointia Power BI:n riskimatriisin avulla parempaa p\u00e4\u00e4t\u00f6ksentekoa varten. Rahoituspalvelujen riskienhallinnan ratkaisevat tekij\u00e4t 1.      S\u00e4\u00e4ntelyn noudattaminen: S\u00e4\u00e4ntelyn noudattaminen ... <\/p>","protected":false},"author":55,"featured_media":13094,"parent":0,"menu_order":0,"comment_status":"closed","ping_status":"closed","template":"","meta":{"footnotes":""},"class_list":["post-13092","page","type-page","status-publish","has-post-thumbnail","hentry","latest_post"],"_links":{"self":[{"href":"https:\/\/www.leaplytics.de\/fi\/wp-json\/wp\/v2\/pages\/13092","targetHints":{"allow":["GET"]}}],"collection":[{"href":"https:\/\/www.leaplytics.de\/fi\/wp-json\/wp\/v2\/pages"}],"about":[{"href":"https:\/\/www.leaplytics.de\/fi\/wp-json\/wp\/v2\/types\/page"}],"author":[{"embeddable":true,"href":"https:\/\/www.leaplytics.de\/fi\/wp-json\/wp\/v2\/users\/55"}],"replies":[{"embeddable":true,"href":"https:\/\/www.leaplytics.de\/fi\/wp-json\/wp\/v2\/comments?post=13092"}],"version-history":[{"count":6,"href":"https:\/\/www.leaplytics.de\/fi\/wp-json\/wp\/v2\/pages\/13092\/revisions"}],"predecessor-version":[{"id":13102,"href":"https:\/\/www.leaplytics.de\/fi\/wp-json\/wp\/v2\/pages\/13092\/revisions\/13102"}],"wp:featuredmedia":[{"embeddable":true,"href":"https:\/\/www.leaplytics.de\/fi\/wp-json\/wp\/v2\/media\/13094"}],"wp:attachment":[{"href":"https:\/\/www.leaplytics.de\/fi\/wp-json\/wp\/v2\/media?parent=13092"}],"curies":[{"name":"wp","href":"https:\/\/api.w.org\/{rel}","templated":true}]}}