{"id":13103,"date":"2024-01-22T16:06:43","date_gmt":"2024-01-22T15:06:43","guid":{"rendered":"https:\/\/www.leaplytics.de\/?page_id=13103"},"modified":"2024-01-22T16:06:43","modified_gmt":"2024-01-22T15:06:43","slug":"muutosloki-power-bi-riskimatriisi","status":"publish","type":"page","link":"https:\/\/www.leaplytics.de\/fi\/muutosloki-power-bi-riskimatriisi\/","title":{"rendered":"Changelog - Power BI Riskimatriisi"},"content":{"rendered":"<p>09\/23 - Mukautetut laattojen v\u00e4rit: Verkkok\u00e4ytt\u00f6liittym\u00e4 on nyt saatavilla verkossa osoitteessa <a href=\"https:\/\/www.leaplytics.de\/fi\/custom-colors\/\" target=\"_blank\" rel=\"noreferrer noopener\">https:\/\/www.leaplytics.de\/custom-colors\/<\/a>.<\/p>\n\n\n\n<p>07\/23 - Ehdollinen muotoilu: Muokkaa riskien v\u00e4ri\u00e4 tiettyjen ehtojen perusteella (esim. osasto, prioriteetti tai tila).<\/p>\n\n\n\n<p>06\/23 - Axis Labels: Lis\u00e4tty tuki erikoismerkeille.<\/p>\n\n\n\n<p>05\/23 - Riskien enimm\u00e4ism\u00e4\u00e4r\u00e4 laattaa kohti: Lis\u00e4tty 100:aan.<\/p>\n\n\n\n<p>05\/23 - Saatavilla useita riskivalikoimia.<\/p>\n\n\n\n<p>03\/23 - Poraamalla riskien optimointiin: Napsauta riski\u00e4 hiiren kakkospainikkeella siirty\u00e4ksesi tietylle sivulle.<\/p>","protected":false},"excerpt":{"rendered":"<p>09\/23 &#8211; Custom Tile Colors: The web interface is now available online at https:\/\/www.leaplytics.de\/custom-colors\/. 07\/23 &#8211; Conditional formatting: Customize the color of risks based on certain conditions (e.g. department, priority or status) 06\/23 &#8211; Axis Labels: Support for special characters has been added. 05\/23 &#8211; Maximum Number of Risks per Tile: Increased to 100. 05\/23 &hellip; <\/p>","protected":false},"author":2,"featured_media":0,"parent":0,"menu_order":0,"comment_status":"closed","ping_status":"closed","template":"","meta":{"footnotes":""},"class_list":["post-13103","page","type-page","status-publish","hentry","latest_post"],"_links":{"self":[{"href":"https:\/\/www.leaplytics.de\/fi\/wp-json\/wp\/v2\/pages\/13103","targetHints":{"allow":["GET"]}}],"collection":[{"href":"https:\/\/www.leaplytics.de\/fi\/wp-json\/wp\/v2\/pages"}],"about":[{"href":"https:\/\/www.leaplytics.de\/fi\/wp-json\/wp\/v2\/types\/page"}],"author":[{"embeddable":true,"href":"https:\/\/www.leaplytics.de\/fi\/wp-json\/wp\/v2\/users\/2"}],"replies":[{"embeddable":true,"href":"https:\/\/www.leaplytics.de\/fi\/wp-json\/wp\/v2\/comments?post=13103"}],"version-history":[{"count":2,"href":"https:\/\/www.leaplytics.de\/fi\/wp-json\/wp\/v2\/pages\/13103\/revisions"}],"predecessor-version":[{"id":13441,"href":"https:\/\/www.leaplytics.de\/fi\/wp-json\/wp\/v2\/pages\/13103\/revisions\/13441"}],"wp:attachment":[{"href":"https:\/\/www.leaplytics.de\/fi\/wp-json\/wp\/v2\/media?parent=13103"}],"curies":[{"name":"wp","href":"https:\/\/api.w.org\/{rel}","templated":true}]}}