{"id":13130,"date":"2024-02-19T14:11:39","date_gmt":"2024-02-19T13:11:39","guid":{"rendered":"https:\/\/www.leaplytics.de\/?page_id=13130"},"modified":"2024-02-20T10:03:59","modified_gmt":"2024-02-20T09:03:59","slug":"anna-power-bin-parantaa-projektinhallintaasi","status":"publish","type":"page","link":"https:\/\/www.leaplytics.de\/fi\/anna-power-bin-parantaa-projektinhallintaasi\/","title":{"rendered":"Anna Power BI:n parantaa projektinhallintaa"},"content":{"rendered":"<p>Dynaamisessa projektinhallinnassa, jossa tarkkuus ja ennakointi ovat ensiarvoisen t\u00e4rkeit\u00e4, teknologian hy\u00f6dynt\u00e4minen on ratkaisevan t\u00e4rke\u00e4\u00e4. Microsoft Power BI on noussut pelimuutokseksi. Power BI tarjoaa projektip\u00e4\u00e4llik\u00f6ille dynaamisen alustan, jolla he voivat tehostaa p\u00e4\u00e4t\u00f6ksentekoprosessejaan.<\/p>\n\n\n\n<p>T\u00e4ss\u00e4 kattavassa oppaassa selvit\u00e4mme, miten Power BI voi parantaa jokaista vaihetta.<sup>1 <\/sup>projektinhallinta. Puhumme tehokkaan projektinhallinnan kojelaudan perusasioista.<\/p>\n\n\n\n<h3 class=\"wp-block-heading\" style=\"font-size:30px\">Hankkeen suunnitteluvaihe<\/h3>\n\n\n\n<p class=\"has-medium-font-size\">1. <strong>M\u00e4\u00e4rittele todellinen ongelma:<\/strong><\/p>\n\n\n\n<p>Ennen kuin aloitat projektin, on t\u00e4rke\u00e4\u00e4 m\u00e4\u00e4ritell\u00e4 ongelma, jota yrit\u00e4t ratkaista. Power BI auttaa t\u00e4ss\u00e4 analysoimalla historiatietoja, tunnistamalla malleja ja paljastamalla taustalla olevia ongelmia. Visualisoi aiempien projektien onnistumis- ja ep\u00e4onnistumistekij\u00e4t, jotta voit tehd\u00e4 tietoon perustuvia p\u00e4\u00e4t\u00f6ksi\u00e4.<\/p>\n\n\n\n<p class=\"has-medium-font-size\">2. <strong>Tunnista sidosryhm\u00e4t:<\/strong><\/p>\n\n\n\n<p>Power BI:n ominaisuudet ulottuvat my\u00f6s sidosryhmien hallintaan. Luo visualisointeja, jotka korostavat eri toimintoja tai henkil\u00f6it\u00e4, joihin projekti vaikuttaa. K\u00e4yt\u00e4 vuorovaikutteisia organisaatiokaavioita heid\u00e4n panoksensa ja odotuksensa esittelemiseen. N\u00e4in varmistamme yhdenmukaisuuden alusta alkaen.<\/p>\n\n\n\n<p class=\"has-medium-font-size\">3. <strong>M\u00e4\u00e4rittele hankkeen tavoitteet:<\/strong><\/p>\n\n\n\n<p>Selkeiden ja hallittavissa olevien tavoitteiden laatiminen on haasteellista. Sidosryhmien odotukset ja tavoitteet saattavat my\u00f6s muuttua hankkeen aikana. Power BI:n joustavuuden ansiosta voit mukauttaa tavoitteita sit\u00e4 mukaa, kun ker\u00e4\u00e4t lis\u00e4\u00e4 tietoa. Voit esimerkiksi luoda visuaalisia esityksi\u00e4, jotka p\u00e4ivitt\u00e4v\u00e4t tavoitteita reaaliaikaisten tietojen perusteella.<\/p>\n\n\n\n<p class=\"has-medium-font-size\">4. <strong>M\u00e4\u00e4rit\u00e4 laajuus, resurssit ja t\u00e4rkeimm\u00e4t teht\u00e4v\u00e4t:<\/strong><\/p>\n\n\n\n<p>Visualisoi projektin laajuus ja teht\u00e4v\u00e4t, arvioi aikataulut ja kustannukset. T\u00e4m\u00e4 auttaa varmistamaan, ett\u00e4 sinulla on selke\u00e4 k\u00e4sitys resurssitarpeista. K\u00e4yt\u00e4 Power BI:t\u00e4 monimutkaisten toimintojen pilkkomiseen ty\u00f6njakorakenteen (Work Breakdown Structure, WBS) avulla.<\/p>\n\n\n\n<p class=\"has-medium-font-size\">5. <strong>Valmistaudu kompromisseihin:<\/strong><\/p>\n\n\n\n<p>Power BI auttaa luomaan tasapainon ajan, kustannusten ja laadun v\u00e4lille. Integroimalla tietosi voit luoda visuaalisia n\u00e4kymi\u00e4, jotka osoittavat, miten n\u00e4iden muuttujien vaihtelut vaikuttavat projektin tuloksiin. T\u00e4m\u00e4 avoimuus helpottaa tietoon perustuvaa p\u00e4\u00e4t\u00f6ksentekoa ja sidosryhmien mukauttamista.<\/p>\n\n\n\n<h3 class=\"wp-block-heading\" style=\"font-size:30px\">Hankkeen rakentamisvaihe<\/h3>\n\n\n\n<p class=\"has-medium-font-size\">6. <strong>Kokoa tiimisi:<\/strong><\/p>\n\n\n\n<p>Hy\u00f6dynn\u00e4 Power BI:t\u00e4 tarvittavien taitojen arvioimiseksi ja tiimin kokoonpanon visualisoimiseksi. K\u00e4yt\u00e4 visuaalisia n\u00e4kymi\u00e4 osaamisvajeiden tunnistamiseen, koulutuksen suunnitteluun ja tiimin varustamiseen menestyst\u00e4 varten.<\/p>\n\n\n\n<p class=\"has-medium-font-size\">7. <strong>Suunnitelma Toimeksiannot:<\/strong><\/p>\n\n\n\n<p>Luo visuaalista materiaalia, joka helpottaa avointa viestint\u00e4\u00e4 tiimin sis\u00e4ll\u00e4. Visualisoi teht\u00e4v\u00e4t, vaadittavat taidot ja yksil\u00f6lliset taidot ja varmista yhten\u00e4inen tiimidynamiikka.<\/p>\n\n\n\n<p class=\"has-medium-font-size\">8. <strong>Luo aikataulu:<\/strong><\/p>\n\n\n\n<p>Power BI:n ominaisuudet ulottuvat Gantt-kaavioiden avulla my\u00f6s projektien aikatauluttamiseen. Kehit\u00e4 visualisointeja, jotka havainnollistavat aikatauluja, tunnistavat kriittiset polut ja noudattavat kiinteit\u00e4 m\u00e4\u00e4r\u00e4aikoja. Yll\u00e4pid\u00e4 realistista aikataulua rajoitusten puitteissa.<\/p>\n\n\n\n<p class=\"has-medium-font-size\">9. <strong>Pid\u00e4 aloituskokous:<\/strong><\/p>\n\n\n\n<p>Useimmat Power BI:n visuaaliset esitykset voidaan vied\u00e4 MS PowerPointiin. K\u00e4yt\u00e4 aloituskokouksessa Power BI -visualisointeja projektisuunnitelman, tavoitteiden ja aikataulun selitt\u00e4miseen. Rohkaise tiimin j\u00e4seni\u00e4 antamaan panoksensa, mik\u00e4 edist\u00e4\u00e4 yhteisty\u00f6t\u00e4 ja yhteist\u00e4 ymm\u00e4rryst\u00e4.<\/p>\n\n\n\n<p class=\"has-medium-font-size\">10. <strong>Kehit\u00e4 budjetti:<\/strong><\/p>\n\n\n\n<p>K\u00e4yt\u00e4 Power BI:t\u00e4 kattavan budjetin luomiseen. Visualisoi kustannukset eri kategorioissa, pyyd\u00e4 sidosryhmien panosta ja s\u00e4ilyt\u00e4 joustavuus budjettirajoitusten puitteissa.<\/p>\n\n\n\n<h3 class=\"wp-block-heading\" style=\"font-size:30px\">Hankkeen toteutusvaihe<\/h3>\n\n\n\n<p class=\"has-medium-font-size\">11. <strong>Prosessin ja talousarvion seuranta ja valvonta:<\/strong><\/p>\n\n\n\n<p>Asenna Power BI:hen projektin seurannan visuaalisia n\u00e4kymi\u00e4, kuten Power BI:n riskimatriisi. Riskien visualisointi projektin edistymisen rinnalla mahdollistaa kokonaisvaltaisen n\u00e4kemyksen mahdollisista haasteista. N\u00e4in:<\/p>\n\n\n\n<p><strong>Riskien vaikutusten ja todenn\u00e4k\u00f6isyyden arviointi:<\/strong> Power BI:n riskimatriisi auttaa arvioimaan kunkin riskin vaikutusta ja todenn\u00e4k\u00f6isyytt\u00e4. K\u00e4yt\u00e4 v\u00e4rikoodattuja soluja riskien vakavuuden esitt\u00e4miseen. T\u00e4m\u00e4 mahdollistaa vaikutuksiltaan suurten alueiden nopean tunnistamisen.<\/p>\n\n\n\n<p><strong>Reaaliaikainen budjetin seuranta:<\/strong> Yhdist\u00e4 budjetinseurannan visualisointi riskimatriisiin. M\u00e4\u00e4rit\u00e4 budjettivaikutukset kullekin tunnistetulle riskille, jolloin saat kattavan yleiskuvan mahdollisista taloudellisista vaikutuksista. Riskien kehittyess\u00e4 budjettin\u00e4yt\u00f6t p\u00e4ivittyv\u00e4t reaaliaikaisesti, mik\u00e4 takaa tarkan talousseurannan.<\/p>\n\n\n\n<p><strong>Poraus yksityiskohtaista analyysia varten:<\/strong> Edist\u00e4 riskimatriisin k\u00e4ytt\u00f6\u00e4 porautumistoiminnoilla. Tiettyyn riskiin syventyminen voi sis\u00e4lt\u00e4\u00e4 yksityiskohtaisen analyysin, jossa esitet\u00e4\u00e4n asiaankuuluvat taloudelliset vaikutukset ja vaaditut lievent\u00e4misstrategiat.<\/p>\n\n\n\n<div class=\"wp-block-buttons is-layout-flex wp-block-buttons-is-layout-flex\">\n<div class=\"wp-block-button has-custom-font-size\" style=\"font-size:18px\"><a class=\"wp-block-button__link has-background wp-element-button\" href=\"https:\/\/www.leaplytics.de\/fi\/etusivu\/projektinhallinta-mukautetut-visualisoinnit-microsoft-powerbi\/riskin-lampokartta-mukautettu-visuaalinen-teho-bi\/\" style=\"background-color:#22316d\">Tutustu Power BI:n mukautettuun visuaaliseen riskimatriisiin t\u00e4\u00e4lt\u00e4!<\/a><\/div>\n<\/div>\n\n\n\n<p><\/p>\n\n\n\n<p class=\"has-medium-font-size\">12. <strong>Joustava reagointi muutoksiin:<\/strong><\/p>\n\n\n\n<p>Power BI:n reaaliaikaiset dataominaisuudet antavat sinulle mahdollisuuden reagoida nopeasti muutoksiin. Visualisoi tiedot mahdollisten ongelmien tunnistamiseksi, mik\u00e4 mahdollistaa ennakoivan p\u00e4\u00e4t\u00f6ksenteon ja kurssikorjaukset.<\/p>\n\n\n\n<p class=\"has-medium-font-size\">13. <strong>Raportti edistymisest\u00e4:<\/strong><\/p>\n\n\n\n<p>Luo sidosryhmille visuaalista aineistoa s\u00e4\u00e4nn\u00f6llisten p\u00e4ivitysten ja tilanneraporttien laatimiseksi. Visualisointien vienti PowerPointiin tekee s\u00e4\u00e4nn\u00f6llisist\u00e4 tilakokouksista helppoa. Power BI:n avulla voit mukauttaa raportteja sidosryhmien mieltymysten mukaan, mik\u00e4 edist\u00e4\u00e4 avoimuutta ja luottamusta.<\/p>\n\n\n\n<p class=\"has-medium-font-size\">14. <strong>Pid\u00e4 viikoittaisia tiimikokouksia:<\/strong><\/p>\n\n\n\n<p>K\u00e4yt\u00e4 Power BI:t\u00e4 tiimikokousten j\u00e4sent\u00e4miseen keskeisten tunnuslukujen ymp\u00e4rille. Visualisoi suorituskykytiedot, keskustele tavoitteista ja juhli onnistumisia. Ty\u00f6kalu auttaa keskittym\u00e4\u00e4n olennaisiin toimintoihin ja pit\u00e4\u00e4 tiimin yhten\u00e4isen\u00e4.<\/p>\n\n\n\n<p class=\"has-medium-font-size\">15. <strong>Hallitse ongelmia:<\/strong><\/p>\n\n\n\n<p>Power BI:n visuaaliset esitykset voivat auttaa tunnistamaan ja hallitsemaan esiin tulevia ongelmia. Tarkkaile tiimin dynamiikkaa ja projektin mittareita, jotta voit puuttua ongelmiin ennen kuin ne eskaloituvat. Riskimatriisi auttaa t\u00e4ss\u00e4 yhteydess\u00e4 seuraamaan ja k\u00e4sittelem\u00e4\u00e4n riskej\u00e4, jotta voidaan ehk\u00e4ist\u00e4 haitalliset seuraukset.<\/p>\n\n\n\n<h3 class=\"wp-block-heading\" style=\"font-size:30px\">Hankkeen p\u00e4\u00e4tt\u00e4misvaihe<\/h3>\n\n\n\n<p class=\"has-medium-font-size\">16. <strong>Arvioi hankkeen suorituskyky\u00e4:<\/strong><\/p>\n\n\n\n<p>Vertaa Power BI:n avulla projektin edistymist\u00e4 alun perin m\u00e4\u00e4riteltyyn laajuuteen. Visualisoi suorituskykymittareita, jotta voit aloittaa keskustelut sidosryhmien kanssa projektin loppuunsaattamisesta ja onnistumisesta. Vertaa my\u00f6s projektin mittareita aiempiin projektin onnistumisiin tai ep\u00e4onnistumisiin.<\/p>\n\n\n\n<p class=\"has-medium-font-size\">17. <strong>Sulje projekti:<\/strong><\/p>\n\n\n\n<p>Visualisoi projektin loppuun saattamiseen liittyv\u00e4t vaiheet. Power BI auttaa dokumentoimaan ja viestim\u00e4\u00e4n projektin p\u00e4\u00e4tt\u00e4misprosesseista. N\u00e4in varmistamme toimitusten sujuvan siirtymisen.<\/p>\n\n\n\n<h3 class=\"wp-block-heading\" style=\"font-size:30px\">J\u00e4lkiarviointi<\/h3>\n\n\n\n<p>Integroi Power BI kuhunkin projektin vaiheeseen ja luo kattava ja dynaaminen projektin kojelauta. Kaikki visuaaliset havainnot eiv\u00e4t ole v\u00e4ltt\u00e4m\u00e4tt\u00f6mi\u00e4, mutta Power BI:n soveltaminen auttaa sinua pysym\u00e4\u00e4n projektin ajan tasalla jokaisessa vaiheessa. Anna tiimillesi vaikutusvaltaa k\u00e4ytt\u00f6kelpoisten oivallusten avulla, edist\u00e4 yhteisty\u00f6t\u00e4 ja navigoi projektinhallinnan monimutkaisissa asioissa. Projektin onnistuminen ei ole en\u00e4\u00e4 vain tavoite, vaan Power BI:n avulla se on visualisoitu matka.<\/p>\n\n\n\n<p><\/p>\n\n\n\n<hr class=\"wp-block-separator has-alpha-channel-opacity\"\/>\n\n\n\n<p class=\"has-small-font-size\"><sup>1<\/sup> T\u00e4ss\u00e4 artikkelissa esitetyt projektin vaiheet perustuvat seuraavaan artikkeliin: <a href=\"https:\/\/hbr.org\/2016\/11\/the-four-phases-of-project-management\">Harvard Business Review. (2016, 3. marraskuuta). <em>Projektinhallinnan nelj\u00e4 vaihetta<\/em>.<\/a><\/p>","protected":false},"excerpt":{"rendered":"<p>Dynaamisessa projektinhallinnassa, jossa tarkkuus ja ennakointi ovat ensiarvoisen t\u00e4rkeit\u00e4, teknologian hy\u00f6dynt\u00e4minen on ratkaisevan t\u00e4rke\u00e4\u00e4. Microsoft Power BI on noussut pelimuutokseksi. Power BI tarjoaa projektip\u00e4\u00e4llik\u00f6ille dynaamisen alustan, jolla he voivat tehostaa p\u00e4\u00e4t\u00f6ksentekoprosessejaan. T\u00e4ss\u00e4 kattavassa oppaassa selvit\u00e4mme, miten Power BI voi tasoittaa projektin jokaista vaihetta1 ... <\/p>","protected":false},"author":55,"featured_media":13133,"parent":0,"menu_order":0,"comment_status":"closed","ping_status":"closed","template":"","meta":{"footnotes":"[]"},"class_list":["post-13130","page","type-page","status-publish","has-post-thumbnail","hentry","latest_post"],"_links":{"self":[{"href":"https:\/\/www.leaplytics.de\/fi\/wp-json\/wp\/v2\/pages\/13130","targetHints":{"allow":["GET"]}}],"collection":[{"href":"https:\/\/www.leaplytics.de\/fi\/wp-json\/wp\/v2\/pages"}],"about":[{"href":"https:\/\/www.leaplytics.de\/fi\/wp-json\/wp\/v2\/types\/page"}],"author":[{"embeddable":true,"href":"https:\/\/www.leaplytics.de\/fi\/wp-json\/wp\/v2\/users\/55"}],"replies":[{"embeddable":true,"href":"https:\/\/www.leaplytics.de\/fi\/wp-json\/wp\/v2\/comments?post=13130"}],"version-history":[{"count":7,"href":"https:\/\/www.leaplytics.de\/fi\/wp-json\/wp\/v2\/pages\/13130\/revisions"}],"predecessor-version":[{"id":13144,"href":"https:\/\/www.leaplytics.de\/fi\/wp-json\/wp\/v2\/pages\/13130\/revisions\/13144"}],"wp:featuredmedia":[{"embeddable":true,"href":"https:\/\/www.leaplytics.de\/fi\/wp-json\/wp\/v2\/media\/13133"}],"wp:attachment":[{"href":"https:\/\/www.leaplytics.de\/fi\/wp-json\/wp\/v2\/media?parent=13130"}],"curies":[{"name":"wp","href":"https:\/\/api.w.org\/{rel}","templated":true}]}}