{"id":13230,"date":"2024-03-27T20:23:24","date_gmt":"2024-03-27T19:23:24","guid":{"rendered":"https:\/\/www.leaplytics.de\/?page_id=13230"},"modified":"2024-04-02T15:49:15","modified_gmt":"2024-04-02T13:49:15","slug":"power-bi-projektin-esimerkkeja","status":"publish","type":"page","link":"https:\/\/www.leaplytics.de\/fi\/power-bi-projektin-esimerkkeja\/","title":{"rendered":"Esimerkkej\u00e4 Power BI -hankkeista"},"content":{"rendered":"<p>K\u00e4yt\u00e4 live-demoamme tutustuaksesi riskien l\u00e4mp\u00f6karttaan Case-tapauksessa:<\/p>\n\n\n\n<iframe loading=\"lazy\" title=\"Showcase Risk Dashboard\" width=\"1200\" height=\"800\" src=\"https:\/\/app.powerbi.com\/view?r=eyJrIjoiMjRkZmJlNDItNTk0NS00NzlkLTk1ZWYtOWE3ZGZlZWFkZTFjIiwidCI6IjI1NjBmMDA5LTE4YzYtNDgyMC1iYmM1LTRjNDhhZjFkZjNmYSJ9&#038;pageName=ReportSectionb99542000e063cf0a9b0\"\nframeborder=\"0\" allowfullscreen=\"true\"><\/iframe>","protected":false},"excerpt":{"rendered":"<p>K\u00e4yt\u00e4 live-demoamme tutustuaksesi riskien l\u00e4mp\u00f6karttaan Case-tapauksessa:<\/p>","protected":false},"author":1,"featured_media":0,"parent":0,"menu_order":0,"comment_status":"closed","ping_status":"closed","template":"","meta":{"footnotes":""},"class_list":["post-13230","page","type-page","status-publish","hentry","latest_post"],"_links":{"self":[{"href":"https:\/\/www.leaplytics.de\/fi\/wp-json\/wp\/v2\/pages\/13230","targetHints":{"allow":["GET"]}}],"collection":[{"href":"https:\/\/www.leaplytics.de\/fi\/wp-json\/wp\/v2\/pages"}],"about":[{"href":"https:\/\/www.leaplytics.de\/fi\/wp-json\/wp\/v2\/types\/page"}],"author":[{"embeddable":true,"href":"https:\/\/www.leaplytics.de\/fi\/wp-json\/wp\/v2\/users\/1"}],"replies":[{"embeddable":true,"href":"https:\/\/www.leaplytics.de\/fi\/wp-json\/wp\/v2\/comments?post=13230"}],"version-history":[{"count":2,"href":"https:\/\/www.leaplytics.de\/fi\/wp-json\/wp\/v2\/pages\/13230\/revisions"}],"predecessor-version":[{"id":13233,"href":"https:\/\/www.leaplytics.de\/fi\/wp-json\/wp\/v2\/pages\/13230\/revisions\/13233"}],"wp:attachment":[{"href":"https:\/\/www.leaplytics.de\/fi\/wp-json\/wp\/v2\/media?parent=13230"}],"curies":[{"name":"wp","href":"https:\/\/api.w.org\/{rel}","templated":true}]}}