{"id":13321,"date":"2024-04-09T20:47:19","date_gmt":"2024-04-09T18:47:19","guid":{"rendered":"https:\/\/www.leaplytics.de\/?page_id=13321"},"modified":"2024-04-17T15:17:27","modified_gmt":"2024-04-17T13:17:27","slug":"power-bi-alalla-tarjoutuvien-mahdollisuuksien-matriisi","status":"publish","type":"page","link":"https:\/\/www.leaplytics.de\/fi\/power-bi-alalla-tarjoutuvien-mahdollisuuksien-matriisi\/","title":{"rendered":"Power BI:n mahdollisuuksien matriisi - hy\u00f6dynn\u00e4 kilpailuetusi vapauttamiseksi"},"content":{"rendered":"<p>Projekti- ja riskienhallinnassa mahdollisuuksien hy\u00f6dynt\u00e4minen on yht\u00e4 t\u00e4rke\u00e4\u00e4 kuin riskien lievent\u00e4minen. Muokkaamalla riskimatriisimme Power BI:n visualisointia varten voimme muuntaa sen mahdollisuuksien matriisiksi. T\u00e4m\u00e4 l\u00e4hestymistapa mahdollistaa kilpailuetua tuottavien mahdollisuuksien tunnistamisen ja hy\u00f6dynt\u00e4misen.<\/p>\n\n\n\n<figure class=\"wp-block-embed is-type-video is-provider-youtube wp-block-embed-youtube wp-embed-aspect-16-9 wp-has-aspect-ratio\"><div class=\"wp-block-embed__wrapper\">\n<iframe loading=\"lazy\" title=\"Power BI:n mahdollisuuksien matriisi - LeapLytics\" width=\"770\" height=\"433\" src=\"https:\/\/www.youtube.com\/embed\/VzEAOzIjrZY?feature=oembed\" frameborder=\"0\" allow=\"accelerometer; autoplay; clipboard-write; encrypted-media; gyroscope; picture-in-picture; web-share\" referrerpolicy=\"strict-origin-when-cross-origin\" allowfullscreen><\/iframe>\n<\/div><figcaption class=\"wp-element-caption\">YouTube-videollamme esittelemme, miten Power BI:ss\u00e4 perustetaan Opportunity Matrix.<\/figcaption><\/figure>\n\n\n\n<h3 class=\"wp-block-heading has-medium-font-size\"><strong>Miksi mahdollisuuksien hallinnalla on merkityst\u00e4<\/strong><\/h3>\n\n\n\n<p>Mahdollisuuksien hallinta on olennaisen t\u00e4rke\u00e4\u00e4 yrityksille, jotka pyrkiv\u00e4t kest\u00e4v\u00e4\u00e4n kasvuun ja kilpailuetuun. Kyse on mahdollisuuksien tunnistamisesta ja niihin tarttumisesta. Organisaatiot voivat hy\u00f6dynt\u00e4\u00e4 markkinatrendej\u00e4, innovaatioita ja kehittyv\u00e4\u00e4 teknologiaa. Se mahdollistaa my\u00f6s tuotteiden ja palvelujen laadun jatkuvan parantamisen. Lis\u00e4ksi tehokas mahdollisuuksien hallinta antaa yrityksille mahdollisuuden pysy\u00e4 kilpailijoiden edell\u00e4. Sopeutuminen asiakkaiden muuttuviin tarpeisiin ja mieltymyksiin on ratkaisevan t\u00e4rke\u00e4\u00e4.<\/p>\n\n\n\n<h3 class=\"wp-block-heading has-medium-font-size\"><strong>Mahdollisuuksien tunnistaminen eri l\u00e4hteist\u00e4<\/strong><\/h3>\n\n\n\n<p>Mahdollisuuksien tunnistamiseksi meid\u00e4n on hy\u00f6dynnett\u00e4v\u00e4 kaikkia tuntemiamme l\u00e4hteit\u00e4.<\/p>\n\n\n\n<div class=\"wp-block-columns is-layout-flex wp-container-core-columns-is-layout-1 wp-block-columns-is-layout-flex\">\n<div class=\"wp-block-column is-layout-flow wp-block-column-is-layout-flow\" style=\"flex-basis:2%\">\n<p><strong>1.<\/strong><\/p>\n<\/div>\n\n\n\n<div class=\"wp-block-column is-layout-flow wp-block-column-is-layout-flow\" style=\"flex-basis:98%\">\n<p><strong>Arvioi kilpailutilanne:<\/strong> Liiketoimintaymp\u00e4rist\u00f6n arvioinnissa on kyse kilpailijoiden vahvuuksien, heikkouksien, markkina-aseman ja strategioiden analysoinnista. Vertailuanalyysi tai SWOT-analyysi voivat olla tehokkaita v\u00e4lineit\u00e4. Kilpailijoiden parhaiden k\u00e4yt\u00e4nt\u00f6jen ymm\u00e4rt\u00e4minen voi paljastaa potentiaalisia mahdollisuuksia.<\/p>\n<\/div>\n<\/div>\n\n\n\n<div class=\"wp-block-columns is-layout-flex wp-container-core-columns-is-layout-2 wp-block-columns-is-layout-flex\">\n<div class=\"wp-block-column is-layout-flow wp-block-column-is-layout-flow\" style=\"flex-basis:2%\">\n<p><strong>2.<\/strong><\/p>\n<\/div>\n\n\n\n<div class=\"wp-block-column is-layout-flow wp-block-column-is-layout-flow\" style=\"flex-basis:98%\">\n<p><strong>Ymm\u00e4rr\u00e4 asiakkaiden tarpeet etuk\u00e4teen: <\/strong>Pysy ajan tasalla markkinasuuntauksista, kuluttajien k\u00e4ytt\u00e4ytymisest\u00e4 ja uusista mieltymyksist\u00e4. Markkinatutkimus, asiakaspalaute ja ostotottumusten analysointi auttavat ennakoimaan asiakkaiden tarpeita.<\/p>\n<\/div>\n<\/div>\n\n\n\n<div class=\"wp-block-columns is-layout-flex wp-container-core-columns-is-layout-3 wp-block-columns-is-layout-flex\">\n<div class=\"wp-block-column is-layout-flow wp-block-column-is-layout-flow\" style=\"flex-basis:2%\">\n<p><strong>3.<\/strong><\/p>\n<\/div>\n\n\n\n<div class=\"wp-block-column is-layout-flow wp-block-column-is-layout-flow\" style=\"flex-basis:98%\">\n<p><strong>Rohkaise innovointia ja asenna tiedonjakok\u00e4yt\u00e4nt\u00f6j\u00e4:<\/strong> Edistet\u00e4\u00e4n innovaatiokulttuuria ja luovuutta. Eri alojen ihmisten saattaminen yhteen voi olla merkitt\u00e4v\u00e4 tekij\u00e4 tiedon jakamisessa. T\u00e4m\u00e4 voi johtaa innovatiivisempiin ideoihin, jotka syntyv\u00e4t uudenlaisen ajattelun kautta.<\/p>\n<\/div>\n<\/div>\n\n\n\n<div class=\"wp-block-columns is-layout-flex wp-container-core-columns-is-layout-4 wp-block-columns-is-layout-flex\">\n<div class=\"wp-block-column is-layout-flow wp-block-column-is-layout-flow\" style=\"flex-basis:2%\">\n<p><strong>4.<\/strong><\/p>\n<\/div>\n\n\n\n<div class=\"wp-block-column is-layout-flow wp-block-column-is-layout-flow\" style=\"flex-basis:98%\">\n<p><strong>Tunnista l\u00f6ys\u00e4ily ja etsi juurisyyt:<\/strong> Slack viittaa organisaation vajaak\u00e4yt\u00f6ss\u00e4 oleviin resursseihin, prosesseihin tai kykyihin. Tavoitteena on tunnistaa l\u00f6ys\u00e4t alueet ja tutkia niiden perimm\u00e4iset syyt. N\u00e4in voit paljastaa piilossa olevia optimointi- ja parannusmahdollisuuksia. Tunnistamisstrategioina voivat toimia prosessitarkastukset ja ty\u00f6ntekij\u00f6iden palaute.<\/p>\n<\/div>\n<\/div>\n\n\n\n<div class=\"wp-block-columns is-layout-flex wp-container-core-columns-is-layout-5 wp-block-columns-is-layout-flex\">\n<div class=\"wp-block-column is-layout-flow wp-block-column-is-layout-flow\" style=\"flex-basis:2%\">\n<p><strong>5.<\/strong><\/p>\n<\/div>\n\n\n\n<div class=\"wp-block-column is-layout-flow wp-block-column-is-layout-flow\" style=\"flex-basis:98%\">\n<p><strong>\u00c4l\u00e4 unohda riskej\u00e4si, sill\u00e4 ne voivat peitt\u00e4\u00e4 mahdollisuuksia: <\/strong>Riskit n\u00e4hd\u00e4\u00e4n yleens\u00e4 liiketoimintaan kohdistuvina mahdollisina uhkina. Ne voivat kuitenkin paljastaa my\u00f6s piilotettuja mahdollisuuksia. Analysoimalla ja hallitsemalla riskej\u00e4 voit k\u00e4\u00e4nt\u00e4\u00e4 osan niist\u00e4 mahdollisuuksiksi. Esimerkiksi kiinte\u00e4t kyberturvallisuusuhat voivat johtaa asiakkaiden luottamuksen ja uskollisuuden lis\u00e4\u00e4ntymiseen.<\/p>\n<\/div>\n<\/div>\n\n\n\n<div class=\"wp-block-columns is-layout-flex wp-container-core-columns-is-layout-6 wp-block-columns-is-layout-flex\">\n<div class=\"wp-block-column is-layout-flow wp-block-column-is-layout-flow\" style=\"flex-basis:2%\">\n<p><strong>6.<\/strong><\/p>\n<\/div>\n\n\n\n<div class=\"wp-block-column is-layout-flow wp-block-column-is-layout-flow\" style=\"flex-basis:98%\">\n<p><strong>Ryhdy toimialasi kest\u00e4v\u00e4n kehityksen edell\u00e4k\u00e4vij\u00e4ksi:<\/strong> Kest\u00e4v\u00e4n kehityksen omaksuminen voi avata uusia mahdollisuuksia innovointiin, kustannuss\u00e4\u00e4st\u00f6ihin ja erottautumiseen. Selvit\u00e4, miten voit v\u00e4hent\u00e4\u00e4 p\u00e4\u00e4st\u00f6j\u00e4si ja optimoida resurssien k\u00e4ytt\u00f6\u00e4. Tuloksena on kustannuss\u00e4\u00e4st\u00f6j\u00e4, asiakasuskollisuutta ja br\u00e4ndin maineen paranemista.<\/p>\n<\/div>\n<\/div>\n\n\n\n<h3 class=\"wp-block-heading has-medium-font-size\"><strong>Mahdollisuuksien hallinnan edut<\/strong><\/h3>\n\n\n\n<p>Tehokkaasta mahdollisuuksien hallinnasta on monia etuja. Niit\u00e4 ovat muun muassa kannattavuuden parantuminen, parempi markkina-asema, parempi asiakastyytyv\u00e4isyys ja kest\u00e4v\u00e4 liiketoiminnan kasvu. Tunnistamalla ja hy\u00f6dynt\u00e4m\u00e4ll\u00e4 mahdollisuuksia ennakoivasti organisaatiot voivat edist\u00e4\u00e4 innovointia. Ne edist\u00e4v\u00e4t jatkuvan parantamisen kulttuuria ja maksimoivat kilpailuetunsa.<\/p>\n\n\n\n<h3 class=\"wp-block-heading has-medium-font-size\"><strong>Mahdollisuusmatriisin ymm\u00e4rt\u00e4minen<\/strong><\/h3>\n\n\n\n<p>Mahdollisuuksien matriisi on pohjimmiltaan samanlainen kuin tuttu riskimatriisi. Mahdollisten mahdollisuuksien arviointi niiden todenn\u00e4k\u00f6isyyden ja vaikutusten perusteella. Matriisi helpottaa mahdollisuuksien havaitsemista, arviointia ja hallintaa. Organisaatioiden ohjaaminen kohti parempaa suorituskyky\u00e4 ja kasvua on ensisijainen tavoite.<\/p>\n\n\n\n<div class=\"wp-block-columns is-layout-flex wp-container-core-columns-is-layout-7 wp-block-columns-is-layout-flex\">\n<div class=\"wp-block-column is-vertically-aligned-center is-layout-flow wp-block-column-is-layout-flow\" style=\"flex-basis:150px\">\n<figure class=\"wp-block-image size-full is-resized\"><img loading=\"lazy\" decoding=\"async\" width=\"255\" height=\"259\" src=\"https:\/\/www.leaplytics.de\/wp-content\/uploads\/2024\/04\/Bild3.jpg\" alt=\"\" class=\"wp-image-13324\" style=\"width:100px\" srcset=\"https:\/\/www.leaplytics.de\/wp-content\/uploads\/2024\/04\/Bild3.jpg 255w, https:\/\/www.leaplytics.de\/wp-content\/uploads\/2024\/04\/Bild3-59x60.jpg 59w\" sizes=\"auto, (max-width: 255px) 100vw, 255px\" \/><\/figure>\n<\/div>\n\n\n\n<div class=\"wp-block-column is-layout-flow wp-block-column-is-layout-flow\" style=\"flex-basis:66.66%\">\n<p><strong>Tooltip-vaihtoehto hiiren yli<\/strong><\/p>\n\n\n\n<p>Yksityiskohtaiset tiedot saat n\u00e4kyviin nostamalla hiiren kursorin tietopisteiden yl\u00e4puolelle. Sen avulla k\u00e4ytt\u00e4j\u00e4t voivat syventy\u00e4 tiettyihin mahdollisuuksiin. T\u00e4m\u00e4 ominaisuus parantaa p\u00e4\u00e4t\u00f6ksentekoa tarjoamalla kattavia tietoja yhdell\u00e4 silm\u00e4yksell\u00e4.<\/p>\n<\/div>\n<\/div>\n\n\n\n<div class=\"wp-block-columns is-layout-flex wp-container-core-columns-is-layout-8 wp-block-columns-is-layout-flex\">\n<div class=\"wp-block-column is-vertically-aligned-center is-layout-flow wp-block-column-is-layout-flow\" style=\"flex-basis:150px\">\n<figure class=\"wp-block-image size-large is-resized\"><img loading=\"lazy\" decoding=\"async\" width=\"1024\" height=\"1024\" src=\"https:\/\/www.leaplytics.de\/wp-content\/uploads\/2022\/06\/Indicator-Settings-1024x1024.png\" alt=\"\" class=\"wp-image-8461\" style=\"width:128px;height:auto\" srcset=\"https:\/\/www.leaplytics.de\/wp-content\/uploads\/2022\/06\/Indicator-Settings-1024x1024.png 1024w, https:\/\/www.leaplytics.de\/wp-content\/uploads\/2022\/06\/Indicator-Settings-300x300.png 300w, https:\/\/www.leaplytics.de\/wp-content\/uploads\/2022\/06\/Indicator-Settings-150x150.png 150w, https:\/\/www.leaplytics.de\/wp-content\/uploads\/2022\/06\/Indicator-Settings-768x768.png 768w, https:\/\/www.leaplytics.de\/wp-content\/uploads\/2022\/06\/Indicator-Settings-1536x1536.png 1536w, https:\/\/www.leaplytics.de\/wp-content\/uploads\/2022\/06\/Indicator-Settings-370x370.png 370w, https:\/\/www.leaplytics.de\/wp-content\/uploads\/2022\/06\/Indicator-Settings-60x60.png 60w, https:\/\/www.leaplytics.de\/wp-content\/uploads\/2022\/06\/Indicator-Settings.png 1854w\" sizes=\"auto, (max-width: 1024px) 100vw, 1024px\" \/><\/figure>\n<\/div>\n\n\n\n<div class=\"wp-block-column is-layout-flow wp-block-column-is-layout-flow\">\n<p class=\"has-medium-font-size\"><strong>Ehdollinen muotoilu<\/strong><\/p>\n\n\n\n<p>K\u00e4yt\u00e4 ehdollisia muotoilus\u00e4\u00e4nt\u00f6j\u00e4 merkitt\u00e4vien mahdollisuuksien korostamiseen ennalta m\u00e4\u00e4ritettyjen kriteerien perusteella. T\u00e4m\u00e4 ominaisuus parantaa n\u00e4kyvyytt\u00e4 ja priorisoi strategisen suunnittelun ja toteutuksen kannalta k\u00e4ytt\u00f6kelpoisia oivalluksia. Lis\u00e4ksi ehdollinen muotoilu voi laajentaa matriisia toisella ulottuvuudella. Esimerkiksi arvioimalla kunkin tilaisuuden toteutettavuutta v\u00e4rikoodien avulla. Eri v\u00e4ris\u00e4vyt voivat edustaa toteutettavuuden eri tasoja. Sidosryhm\u00e4t saavat n\u00e4in arvokasta tietoa kunkin mahdollisuuden toteutettavuudesta.<\/p>\n<\/div>\n<\/div>\n\n\n\n<div class=\"wp-block-columns is-layout-flex wp-container-core-columns-is-layout-9 wp-block-columns-is-layout-flex\">\n<div class=\"wp-block-column is-vertically-aligned-center is-layout-flow wp-block-column-is-layout-flow\" style=\"flex-basis:150px\">\n<figure class=\"wp-block-image size-full is-resized\"><img loading=\"lazy\" decoding=\"async\" width=\"355\" height=\"218\" src=\"https:\/\/www.leaplytics.de\/wp-content\/uploads\/2024\/04\/Bild2.jpg\" alt=\"\" class=\"wp-image-13323\" style=\"width:128px\" srcset=\"https:\/\/www.leaplytics.de\/wp-content\/uploads\/2024\/04\/Bild2.jpg 355w, https:\/\/www.leaplytics.de\/wp-content\/uploads\/2024\/04\/Bild2-300x184.jpg 300w, https:\/\/www.leaplytics.de\/wp-content\/uploads\/2024\/04\/Bild2-98x60.jpg 98w\" sizes=\"auto, (max-width: 355px) 100vw, 355px\" \/><\/figure>\n<\/div>\n\n\n\n<div class=\"wp-block-column is-layout-flow wp-block-column-is-layout-flow\" style=\"flex-basis:66.66%\">\n<p><strong>Drill-through-vaihtoehto lis\u00e4\u00e4 tietoa<\/strong><\/p>\n\n\n\n<p>Siirry tietokerrosten l\u00e4pi porautumisominaisuuden avulla. Sen avulla k\u00e4ytt\u00e4j\u00e4t voivat tutkia kuhunkin mahdollisuuteen vaikuttavia taustatekij\u00f6it\u00e4. T\u00e4m\u00e4 syv\u00e4luotaustoiminto edist\u00e4\u00e4 mahdollisten tekij\u00f6iden ja vaikutusten perusteellista ymm\u00e4rt\u00e4mist\u00e4.<\/p>\n<\/div>\n<\/div>\n\n\n\n<div class=\"wp-block-columns is-layout-flex wp-container-core-columns-is-layout-10 wp-block-columns-is-layout-flex\">\n<div class=\"wp-block-column is-vertically-aligned-center is-layout-flow wp-block-column-is-layout-flow\" style=\"flex-basis:150px\">\n<figure class=\"wp-block-image size-large is-resized\"><img loading=\"lazy\" decoding=\"async\" width=\"1024\" height=\"1024\" src=\"https:\/\/www.leaplytics.de\/wp-content\/uploads\/2022\/05\/Color-Settings-1024x1024.png\" alt=\"\" class=\"wp-image-7710\" style=\"width:128px\" srcset=\"https:\/\/www.leaplytics.de\/wp-content\/uploads\/2022\/05\/Color-Settings-1024x1024.png 1024w, https:\/\/www.leaplytics.de\/wp-content\/uploads\/2022\/05\/Color-Settings-300x300.png 300w, https:\/\/www.leaplytics.de\/wp-content\/uploads\/2022\/05\/Color-Settings-150x150.png 150w, https:\/\/www.leaplytics.de\/wp-content\/uploads\/2022\/05\/Color-Settings-768x768.png 768w, https:\/\/www.leaplytics.de\/wp-content\/uploads\/2022\/05\/Color-Settings-1536x1536.png 1536w, https:\/\/www.leaplytics.de\/wp-content\/uploads\/2022\/05\/Color-Settings-2048x2048.png 2048w, https:\/\/www.leaplytics.de\/wp-content\/uploads\/2022\/05\/Color-Settings-370x370.png 370w, https:\/\/www.leaplytics.de\/wp-content\/uploads\/2022\/05\/Color-Settings-60x60.png 60w, https:\/\/www.leaplytics.de\/wp-content\/uploads\/2022\/05\/Color-Settings-600x600.png 600w, https:\/\/www.leaplytics.de\/wp-content\/uploads\/2022\/05\/Color-Settings-100x100.png 100w\" sizes=\"auto, (max-width: 1024px) 100vw, 1024px\" \/><\/figure>\n<\/div>\n\n\n\n<div class=\"wp-block-column is-layout-flow wp-block-column-is-layout-flow\" style=\"flex-basis:66.66%\">\n<p><strong>Mukautettu v\u00e4risuunnittelu<\/strong><\/p>\n\n\n\n<p>Muokkaa matriisia yksil\u00f6llisesti mukautetuilla v\u00e4rimaailmoilla. T\u00e4m\u00e4 lis\u00e4\u00e4 selkeytt\u00e4 ja mahdollistaa mukauttamisen yksil\u00f6llisiin tarpeisiin.<\/p>\n<\/div>\n<\/div>\n\n\n\n<div class=\"wp-block-columns is-layout-flex wp-container-core-columns-is-layout-11 wp-block-columns-is-layout-flex\">\n<div class=\"wp-block-column is-vertically-aligned-center is-layout-flow wp-block-column-is-layout-flow\" style=\"flex-basis:150px\">\n<figure class=\"wp-block-image size-large\"><img loading=\"lazy\" decoding=\"async\" width=\"1024\" height=\"1018\" src=\"https:\/\/www.leaplytics.de\/wp-content\/uploads\/2022\/06\/Axis-Settings-1024x1018.png\" alt=\"\" class=\"wp-image-8460\" srcset=\"https:\/\/www.leaplytics.de\/wp-content\/uploads\/2022\/06\/Axis-Settings-1024x1018.png 1024w, https:\/\/www.leaplytics.de\/wp-content\/uploads\/2022\/06\/Axis-Settings-300x298.png 300w, https:\/\/www.leaplytics.de\/wp-content\/uploads\/2022\/06\/Axis-Settings-150x150.png 150w, https:\/\/www.leaplytics.de\/wp-content\/uploads\/2022\/06\/Axis-Settings-768x763.png 768w, https:\/\/www.leaplytics.de\/wp-content\/uploads\/2022\/06\/Axis-Settings-1536x1527.png 1536w, https:\/\/www.leaplytics.de\/wp-content\/uploads\/2022\/06\/Axis-Settings-60x60.png 60w, https:\/\/www.leaplytics.de\/wp-content\/uploads\/2022\/06\/Axis-Settings.png 1827w\" sizes=\"auto, (max-width: 1024px) 100vw, 1024px\" \/><\/figure>\n<\/div>\n\n\n\n<div class=\"wp-block-column is-layout-flow wp-block-column-is-layout-flow\" style=\"flex-basis:66.66%\">\n<p><strong>Mukautettavat ruudukon, akselin ja indikaattorin asetukset<\/strong><\/p>\n\n\n\n<p>R\u00e4\u00e4t\u00e4l\u00f6i matriisiasetelma organisaation mieltymysten ja erityisten projektivaatimusten mukaan. S\u00e4\u00e4d\u00e4 ruudukkoviivoja, akselien merkint\u00f6j\u00e4 ja indikaattorimerkkej\u00e4 luettavuuden ja selkeyden optimoimiseksi.<\/p>\n<\/div>\n<\/div>\n\n\n\n<div class=\"wp-block-buttons is-layout-flex wp-block-buttons-is-layout-flex\">\n<div class=\"wp-block-button has-custom-font-size\" style=\"font-size:18px\"><a class=\"wp-block-button__link has-background wp-element-button\" href=\"https:\/\/www.leaplytics.de\/fi\/etusivu\/projektinhallinta-mukautetut-visualisoinnit-microsoft-powerbi\/riskin-lampokartta-mukautettu-visuaalinen-teho-bi\/\" style=\"background-color:#22316d\">Klikkaa t\u00e4st\u00e4 p\u00e4\u00e4st\u00e4ksesi Power BI:n mukautettuun visuaaliseen riskimatriisiin!<\/a><\/div>\n<\/div>\n\n\n\n<figure class=\"wp-block-image size-full\"><img loading=\"lazy\" decoding=\"async\" width=\"152\" height=\"37\" src=\"https:\/\/www.leaplytics.de\/wp-content\/uploads\/2022\/05\/PBI-Certified.png\" alt=\"\" class=\"wp-image-8358\" srcset=\"https:\/\/www.leaplytics.de\/wp-content\/uploads\/2022\/05\/PBI-Certified.png 152w, https:\/\/www.leaplytics.de\/wp-content\/uploads\/2022\/05\/PBI-Certified-150x37.png 150w\" sizes=\"auto, (max-width: 152px) 100vw, 152px\" \/><\/figure>\n\n\n\n<p><\/p>\n\n\n\n<h3 class=\"wp-block-heading has-medium-font-size\"><strong>Kilpailuedun avaaminen<\/strong><\/h3>\n\n\n\n<p>Yritykset saavat strategista etuly\u00f6ntiasemaa nykyp\u00e4iv\u00e4n markkinoilla k\u00e4ytt\u00e4m\u00e4ll\u00e4 Opportunity Matrixia. Mahdollisuuksien ennakoiva tunnistaminen ja hallinta edist\u00e4v\u00e4t innovointia, kasvua ja kest\u00e4v\u00e4\u00e4 etua. Power BI:n Opportunity Matrixin avulla yritykset voivat hallita mahdollisuuksia intuitiivisten ominaisuuksien avulla.<\/p>\n\n\n\n<h3 class=\"wp-block-heading has-medium-font-size\"><strong>P\u00e4\u00e4telm\u00e4<\/strong><\/h3>\n\n\n\n<p>Mahdollisuuksien matriisi on tehokas ty\u00f6kalu strategiseen p\u00e4\u00e4t\u00f6ksentekoon. Se auttaa organisaatioita saavuttamaan kest\u00e4v\u00e4n kilpailuedun. Vankkojen ominaisuuksiensa ansiosta se varustaa organisaatiot menestym\u00e4\u00e4n kilpailluilla markkinoilla. Ota se k\u00e4ytt\u00f6\u00f6n kasvun ja innovaation edist\u00e4miseksi ja piilossa olevan potentiaalin vapauttamiseksi.<\/p>","protected":false},"excerpt":{"rendered":"<p>Projekti- ja riskienhallinnassa mahdollisuuksien hy\u00f6dynt\u00e4minen on yht\u00e4 t\u00e4rke\u00e4\u00e4 kuin riskien v\u00e4hent\u00e4minen. Muokkaamalla riskimatriisimme Power BI:n visualisointia varten voimme muuntaa sen mahdollisuuksien matriisiksi. T\u00e4m\u00e4 l\u00e4hestymistapa mahdollistaa kilpailuetua tuottavien mahdollisuuksien tunnistamisen ja hy\u00f6dynt\u00e4misen. Miksi mahdollisuuksien hallinnalla on merkityst\u00e4 Mahdollisuuksien hallinta on olennaista yrityksille, jotka pyrkiv\u00e4t ... <\/p>","protected":false},"author":55,"featured_media":13426,"parent":0,"menu_order":0,"comment_status":"closed","ping_status":"closed","template":"","meta":{"footnotes":""},"class_list":["post-13321","page","type-page","status-publish","has-post-thumbnail","hentry","latest_post"],"_links":{"self":[{"href":"https:\/\/www.leaplytics.de\/fi\/wp-json\/wp\/v2\/pages\/13321","targetHints":{"allow":["GET"]}}],"collection":[{"href":"https:\/\/www.leaplytics.de\/fi\/wp-json\/wp\/v2\/pages"}],"about":[{"href":"https:\/\/www.leaplytics.de\/fi\/wp-json\/wp\/v2\/types\/page"}],"author":[{"embeddable":true,"href":"https:\/\/www.leaplytics.de\/fi\/wp-json\/wp\/v2\/users\/55"}],"replies":[{"embeddable":true,"href":"https:\/\/www.leaplytics.de\/fi\/wp-json\/wp\/v2\/comments?post=13321"}],"version-history":[{"count":11,"href":"https:\/\/www.leaplytics.de\/fi\/wp-json\/wp\/v2\/pages\/13321\/revisions"}],"predecessor-version":[{"id":13424,"href":"https:\/\/www.leaplytics.de\/fi\/wp-json\/wp\/v2\/pages\/13321\/revisions\/13424"}],"wp:featuredmedia":[{"embeddable":true,"href":"https:\/\/www.leaplytics.de\/fi\/wp-json\/wp\/v2\/media\/13426"}],"wp:attachment":[{"href":"https:\/\/www.leaplytics.de\/fi\/wp-json\/wp\/v2\/media?parent=13321"}],"curies":[{"name":"wp","href":"https:\/\/api.w.org\/{rel}","templated":true}]}}