{"id":1342,"date":"2021-03-02T22:53:22","date_gmt":"2021-03-02T21:53:22","guid":{"rendered":"https:\/\/www.leaplytics.de\/?page_id=1342"},"modified":"2022-06-15T15:04:53","modified_gmt":"2022-06-15T13:04:53","slug":"riskien-lampokartta-qliksense-tarjonta","status":"publish","type":"page","link":"https:\/\/www.leaplytics.de\/fi\/riskien-lampokartta-qliksense-tarjonta\/","title":{"rendered":"Riskien l\u00e4mp\u00f6kartta Qlik Sense -tarjous"},"content":{"rendered":"<div class=\"wp-block-image\">\n<figure class=\"aligncenter size-full is-resized\"><img loading=\"lazy\" decoding=\"async\" src=\"https:\/\/www.leaplytics.de\/wp-content\/uploads\/2022\/03\/risk-heatmap-power-bi.png\" alt=\"\" class=\"wp-image-4072\" width=\"283\" height=\"240\" srcset=\"https:\/\/www.leaplytics.de\/wp-content\/uploads\/2022\/03\/risk-heatmap-power-bi.png 566w, https:\/\/www.leaplytics.de\/wp-content\/uploads\/2022\/03\/risk-heatmap-power-bi-300x254.png 300w, https:\/\/www.leaplytics.de\/wp-content\/uploads\/2022\/03\/risk-heatmap-power-bi-71x60.png 71w\" sizes=\"auto, (max-width: 283px) 100vw, 283px\" \/><\/figure><\/div>\n\n\n<div style=\"height:50px\" aria-hidden=\"true\" class=\"wp-block-spacer\"><\/div>\n\n\n\n<div class=\"wp-block-columns alignwide is-layout-flex wp-container-core-columns-is-layout-1 wp-block-columns-is-layout-flex\">\n<div class=\"wp-block-column has-text-color has-background has-link-color wp-elements-4cbab37e52d99c67b95a975d02fd8b03 is-layout-flow wp-block-column-is-layout-flow\" style=\"background-color:#eeeeee;color:#000000;padding-top:2em;padding-right:2em;padding-bottom:2em;padding-left:2em\">\n<h2 class=\"wp-block-heading\" id=\"single\" style=\"font-size:40px\"><strong>ILMAINEN versio<\/strong><\/h2>\n\n\n\n<div style=\"height:10px\" aria-hidden=\"true\" class=\"wp-block-spacer\"><\/div>\n\n\n\n<p class=\"has-normal-font-size\" style=\"line-height:1.5\">LeapLytics - Risk Heatmap -ohjelman ILMAINEN versio on vapaasti k\u00e4ytett\u00e4viss\u00e4 vesileimalla ja rajoitetuilla toiminnoilla.<\/p>\n\n\n\n<div style=\"height:10px\" aria-hidden=\"true\" class=\"wp-block-spacer\"><\/div>\n\n\n\n<hr class=\"wp-block-separator has-text-color has-css-opacity has-background is-style-wide\" style=\"background-color:#000000;color:#000000\"\/>\n\n\n\n<div style=\"height:10px\" aria-hidden=\"true\" class=\"wp-block-spacer\"><\/div>\n\n\n\n<p><i class=\"fas fa-times\"><\/i> Vesileima poistettu<\/p>\n\n\n\n<p><i class=\"fas fa-times\"><\/i> Yksitt\u00e4isen ruudukon koko<\/p>\n\n\n\n<p><i class=\"fas fa-times\"><\/i> K\u00e4ytt\u00e4j\u00e4n m\u00e4\u00e4rittelem\u00e4 v\u00e4rimaailma<\/p>\n\n\n\n<p><i class=\"fas fa-times\"><\/i> V\u00e4ri Invertteri<\/p>\n\n\n\n<p><i class=\"fas fa-times\"><\/i> Raja-asetukset<\/p>\n\n\n\n<p><i class=\"fas fa-times\"><\/i> Akselin asetukset<\/p>\n\n\n\n<p><i class=\"fas fa-times\"><\/i> Ilmaisinasetukset<\/p>\n\n\n\n<p><i class=\"fas fa-times\"><\/i> Tekstiasetukset<\/p>\n\n\n\n<p><i class=\"fas fa-times\"><\/i> V\u00e4riasetukset<\/p>\n\n\n\n<p><i class=\"fas fa-times\"><\/i> Navigointi &amp; toiminnot<\/p>\n\n\n\n<p><i class=\"fas fa-times\"><\/i> Tulostettava*<\/p>\n\n\n\n<div style=\"height:10px\" aria-hidden=\"true\" class=\"wp-block-spacer\"><\/div>\n\n\n\n<div class=\"wp-block-buttons alignfull is-horizontal is-content-justification-center is-layout-flex wp-container-core-buttons-is-layout-1 wp-block-buttons-is-layout-flex\">\n<div class=\"wp-block-button\"><a class=\"wp-block-button__link has-white-color has-text-color\" href=\"https:\/\/developer.qlik.com\/garden\/5fd6531adae7960011eb30ec\" target=\"_blank\" rel=\"noreferrer noopener\">Hanki ilmainen versio<\/a><\/div>\n<\/div>\n\n\n\n<div style=\"height:20px\" aria-hidden=\"true\" class=\"wp-block-spacer\"><\/div>\n\n\n\n<p class=\"has-text-align-center has-text-color\" style=\"color:#98bd00\"><em><strong>K\u00e4yt\u00e4t jo t\u00e4m\u00e4n laajennuksen ILMAISTA versiota. <\/strong><\/em><\/p>\n<\/div>\n\n\n\n<div class=\"wp-block-column has-text-color has-background has-link-color wp-elements-deba5d9a51dfbae959217a0dabf93cd8 is-layout-flow wp-block-column-is-layout-flow\" style=\"background-color:#98bd00;color:#000000;padding-top:2em;padding-right:2em;padding-bottom:2em;padding-left:2em\">\n<h2 class=\"has-black-color has-text-color wp-block-heading\" id=\"family\" style=\"font-size:40px\"><strong>PRO-versio<\/strong><\/h2>\n\n\n\n<div style=\"height:10px\" aria-hidden=\"true\" class=\"wp-block-spacer\"><\/div>\n\n\n\n<p class=\"has-normal-font-size\" style=\"line-height:1.5\">LeapLytics - Risk Heatmapin PRO-versio poistaa vesileiman ja kaikki rajoitukset, jotta voit vapauttaa t\u00e4m\u00e4n laajennuksen t\u00e4yden tehon.<\/p>\n\n\n\n<div style=\"height:10px\" aria-hidden=\"true\" class=\"wp-block-spacer\"><\/div>\n\n\n\n<hr class=\"wp-block-separator has-text-color has-black-color has-css-opacity has-black-background-color has-background is-style-wide\"\/>\n\n\n\n<div style=\"height:10px\" aria-hidden=\"true\" class=\"wp-block-spacer\"><\/div>\n\n\n\n<p><i class=\"fas fa-check\"><\/i>  Vesileima poistettu<\/p>\n\n\n\n<p><i class=\"fas fa-check\"><\/i>  Yksitt\u00e4isen ruudukon koko<\/p>\n\n\n\n<p><i class=\"fas fa-check\"><\/i>  K\u00e4ytt\u00e4j\u00e4n m\u00e4\u00e4rittelem\u00e4 v\u00e4rimaailma<\/p>\n\n\n\n<p><i class=\"fas fa-check\"><\/i>  V\u00e4ri Invertteri<\/p>\n\n\n\n<p><i class=\"fas fa-check\"><\/i>  Raja-asetukset<\/p>\n\n\n\n<p><i class=\"fas fa-check\"><\/i>  Akselin asetukset<\/p>\n\n\n\n<p><i class=\"fas fa-check\"><\/i>  Ilmaisinasetukset<\/p>\n\n\n\n<p><i class=\"fas fa-check\"><\/i>  Tekstiasetukset<\/p>\n\n\n\n<p><i class=\"fas fa-check\"><\/i>  V\u00e4riasetukset<\/p>\n\n\n\n<p><i class=\"fas fa-check\"><\/i>  Navigointi &amp; toiminnot<\/p>\n\n\n\n<p><i class=\"fas fa-check\"><\/i>  Tulostettava*<\/p>\n\n\n\n<div class=\"wp-block-buttons is-layout-flex wp-block-buttons-is-layout-flex\">\n<div class=\"wp-block-button aligncenter\"><a class=\"wp-block-button__link\" href=\"https:\/\/shop.leaplytics.de\/product\/power-bi-risk-heatmap\/\">Osta PRO-versio<\/a><\/div>\n<\/div>\n\n\n\n<div style=\"height:10px\" aria-hidden=\"true\" class=\"wp-block-spacer\"><\/div>\n\n\n\n<div class=\"wp-block-buttons alignfull is-horizontal is-content-justification-center is-layout-flex wp-container-core-buttons-is-layout-3 wp-block-buttons-is-layout-flex\">\n<div class=\"wp-block-button\"><a class=\"wp-block-button__link has-white-color has-text-color\" href=\"https:\/\/www.leaplytics.de\/fi\/riskien-lampokartta-qliksense-tarjonta\/?utm_source=risk-heatmap&amp;utm_medium=extension&amp;utm_campaign=modal\/#contact\">Kokeile PRO-versiota<\/a><\/div>\n<\/div>\n<\/div>\n<\/div>\n\n\n\n<p> * katso <a href=\"https:\/\/community.qlik.com\/t5\/Knowledge\/Qlik-Sense-Enterprise-SaaS-Third-party-extensions-cannot-be\/ta-p\/1755264\">QlikSensen rajoitukset <\/a> <\/p>\n\n\n\n<div style=\"height:50px\" aria-hidden=\"true\" class=\"wp-block-spacer\"><\/div>\n\n\n\n<hr class=\"wp-block-separator has-text-color has-cyan-bluish-gray-color has-css-opacity has-cyan-bluish-gray-background-color has-background\"\/>\n\n\n\n<div style=\"height:50px\" aria-hidden=\"true\" class=\"wp-block-spacer\"><\/div>\n\n\n\n<h2 class=\"wp-block-heading\" id=\"contact\">Kokeile ennen ostamista! <\/h2>\n\n\n\n<div style=\"height:10px\" aria-hidden=\"true\" class=\"wp-block-spacer\"><\/div>\n\n\n\n<h4 class=\"wp-block-heading\" id=\"contact\">Pyyd\u00e4 henkil\u00f6kohtainen 2 viikon kokeilulisenssi nyt!<\/h4>\n\n\n\n<div style=\"height:50px\" aria-hidden=\"true\" class=\"wp-block-spacer\"><\/div>\n\n\n\n<div class=\"wpcf7 no-js\" id=\"wpcf7-f8631-o1\" lang=\"de-DE\" dir=\"ltr\" data-wpcf7-id=\"8631\">\n<div class=\"screen-reader-response\"><p role=\"status\" aria-live=\"polite\" aria-atomic=\"true\"><\/p> <ul><\/ul><\/div>\n<form action=\"\/fi\/wp-json\/wp\/v2\/pages\/1342#wpcf7-f8631-o1\" method=\"post\" class=\"wpcf7-form init\" aria-label=\"Kontaktformular\" novalidate=\"novalidate\" data-status=\"init\" data-trp-original-action=\"\/fi\/wp-json\/wp\/v2\/pages\/1342#wpcf7-f8631-o1\">\n<fieldset class=\"hidden-fields-container\"><input type=\"hidden\" name=\"_wpcf7\" value=\"8631\" \/><input type=\"hidden\" name=\"_wpcf7_version\" value=\"6.1.1\" \/><input type=\"hidden\" name=\"_wpcf7_locale\" value=\"de_DE\" \/><input type=\"hidden\" name=\"_wpcf7_unit_tag\" value=\"wpcf7-f8631-o1\" \/><input type=\"hidden\" name=\"_wpcf7_container_post\" value=\"0\" \/><input type=\"hidden\" name=\"_wpcf7_posted_data_hash\" value=\"\" \/><input type=\"hidden\" name=\"_wpcf7_recaptcha_response\" value=\"\" \/>\n<\/fieldset>\n<p><label> Etunimi (*)<br \/>\n<span class=\"wpcf7-form-control-wrap\" data-name=\"first-name\"><input size=\"40\" maxlength=\"400\" class=\"wpcf7-form-control wpcf7-text wpcf7-validates-as-required\" aria-required=\"true\" aria-invalid=\"false\" value=\"\" type=\"text\" name=\"first-name\" \/><\/span><\/label>\n<\/p>\n<p><label> Sukunimi (*)<br \/>\n<span class=\"wpcf7-form-control-wrap\" data-name=\"your-name\"><input size=\"40\" maxlength=\"400\" class=\"wpcf7-form-control wpcf7-text wpcf7-validates-as-required\" aria-required=\"true\" aria-invalid=\"false\" value=\"\" type=\"text\" name=\"your-name\" \/><\/span> <\/label>\n<\/p>\n<p><label> S\u00e4hk\u00f6posti (*)<br \/>\n<span class=\"wpcf7-form-control-wrap\" data-name=\"your-email\"><input size=\"40\" maxlength=\"400\" class=\"wpcf7-form-control wpcf7-email wpcf7-validates-as-required wpcf7-text wpcf7-validates-as-email\" aria-required=\"true\" aria-invalid=\"false\" value=\"\" type=\"email\" name=\"your-email\" \/><\/span> <\/label>\n<\/p>\n<p><label> Yritys (*)<br \/>\n<span class=\"wpcf7-form-control-wrap\" data-name=\"Company\"><input size=\"40\" maxlength=\"400\" class=\"wpcf7-form-control wpcf7-text wpcf7-validates-as-required\" aria-required=\"true\" aria-invalid=\"false\" value=\"\" type=\"text\" name=\"Company\" \/><\/span> <\/label>\n<\/p>\n<p><label> Viestisi tai kommenttisi<br \/>\n<span class=\"wpcf7-form-control-wrap\" data-name=\"your-message\"><textarea cols=\"40\" rows=\"10\" maxlength=\"2000\" class=\"wpcf7-form-control wpcf7-textarea\" aria-invalid=\"false\" name=\"your-message\"><\/textarea><\/span> <\/label>\n<\/p>\n<p><b>Huom:<\/b> Jos teet <u>ei n\u00e4e<\/u> alla olevaa \"L\u00e4het\u00e4\"-painiketta, olet <u>ei hyv\u00e4ksytty<\/u> tietosuojak\u00e4yt\u00e4nt\u00f6mme. Siksi emme saa ker\u00e4t\u00e4 tietojasi t\u00e4ss\u00e4 muodossa. Kirjoita meille joko oikealla olevaan chattiin tai poista ev\u00e4steet selaimesta (Ctrl + Shift + Delete) ja hyv\u00e4ksy tietosuojak\u00e4yt\u00e4nt\u00f6 sen j\u00e4lkeen, kun olet ladannut sivun uudelleen.\n<\/p><div class=\"wpcf7-response-output\" aria-hidden=\"true\"><\/div>\n<input type=\"hidden\" name=\"trp-form-language\" value=\"fi\"\/><\/form>\n<\/div>","protected":false},"excerpt":{"rendered":"<p>FREE Version The FREE Version of LeapLytics &#8211; Risk Heatmap is free to use with watermark and limited functionality. Watermark removed Individual Grid Size User Defined Color Scheme Color Inverter Border Settings Axis Settings Indicator Settings Text Settings Color Settings Navigations &amp; Actions Printable* You are already using the FREE version of this extension. PRO &hellip; <\/p>","protected":false},"author":1,"featured_media":0,"parent":0,"menu_order":0,"comment_status":"closed","ping_status":"closed","template":"","meta":{"footnotes":""},"class_list":["post-1342","page","type-page","status-publish","hentry","latest_post"],"_links":{"self":[{"href":"https:\/\/www.leaplytics.de\/fi\/wp-json\/wp\/v2\/pages\/1342","targetHints":{"allow":["GET"]}}],"collection":[{"href":"https:\/\/www.leaplytics.de\/fi\/wp-json\/wp\/v2\/pages"}],"about":[{"href":"https:\/\/www.leaplytics.de\/fi\/wp-json\/wp\/v2\/types\/page"}],"author":[{"embeddable":true,"href":"https:\/\/www.leaplytics.de\/fi\/wp-json\/wp\/v2\/users\/1"}],"replies":[{"embeddable":true,"href":"https:\/\/www.leaplytics.de\/fi\/wp-json\/wp\/v2\/comments?post=1342"}],"version-history":[{"count":0,"href":"https:\/\/www.leaplytics.de\/fi\/wp-json\/wp\/v2\/pages\/1342\/revisions"}],"wp:attachment":[{"href":"https:\/\/www.leaplytics.de\/fi\/wp-json\/wp\/v2\/media?parent=1342"}],"curies":[{"name":"wp","href":"https:\/\/api.w.org\/{rel}","templated":true}]}}