{"id":13482,"date":"2024-06-03T18:15:40","date_gmt":"2024-06-03T16:15:40","guid":{"rendered":"https:\/\/www.leaplytics.de\/?page_id=13482"},"modified":"2024-06-03T18:15:41","modified_gmt":"2024-06-03T16:15:41","slug":"riskienhallintatyokalut-top-10-jotka-jokaisen-projektipaallikon-tulisi-tietaa-vuonna-2024","status":"publish","type":"page","link":"https:\/\/www.leaplytics.de\/fi\/riskienhallintatyokalut-top-10-jotka-jokaisen-projektipaallikon-tulisi-tietaa-vuonna-2024\/","title":{"rendered":"Riskienhallintaty\u00f6kalut - Top 10, jotka jokaisen projektip\u00e4\u00e4llik\u00f6n tulisi tuntea vuonna 2024"},"content":{"rendered":"<p>Odottamattomat ongelmat tai riskit voivat usein romuttaa parhaimmatkin hankesuunnitelmat. Siksi tehokas riskienhallinta on ratkaisevan t\u00e4rke\u00e4\u00e4 jokaiselle projektip\u00e4\u00e4llik\u00f6lle. Oikeiden ty\u00f6kalujen ja tekniikoiden avulla voit tunnistaa, arvioida ja lievent\u00e4\u00e4 riskej\u00e4 varhaisessa vaiheessa. T\u00e4ss\u00e4 on 10 t\u00e4rkeint\u00e4 riskienhallintaty\u00f6kalua ja -tekniikkaa, jotka jokaisen projektip\u00e4\u00e4llik\u00f6n tulisi tuntea:<\/p>\n\n\n\n<div class=\"wp-block-columns is-layout-flex wp-container-core-columns-is-layout-1 wp-block-columns-is-layout-flex\">\n<div class=\"wp-block-column is-vertically-aligned-center is-layout-flow wp-block-column-is-layout-flow\" style=\"flex-basis:150px\"><div class=\"wp-block-image wp-duotone-rgb949494-ffffff-1\">\n<figure class=\"aligncenter size-full is-resized\"><img loading=\"lazy\" decoding=\"async\" width=\"640\" height=\"427\" src=\"https:\/\/www.leaplytics.de\/wp-content\/uploads\/2024\/05\/excel-logo-8033473_640.webp\" alt=\"\" class=\"wp-image-13483\" style=\"width:170px\" srcset=\"https:\/\/www.leaplytics.de\/wp-content\/uploads\/2024\/05\/excel-logo-8033473_640.webp 640w, https:\/\/www.leaplytics.de\/wp-content\/uploads\/2024\/05\/excel-logo-8033473_640-300x200.webp 300w, https:\/\/www.leaplytics.de\/wp-content\/uploads\/2024\/05\/excel-logo-8033473_640-90x60.webp 90w\" sizes=\"auto, (max-width: 640px) 100vw, 640px\" \/><\/figure><\/div><\/div>\n\n\n\n<div class=\"wp-block-column is-layout-flow wp-block-column-is-layout-flow\" style=\"flex-basis:66.66%\">\n<p><strong>Microsoft Excel<\/strong><\/p>\n\n\n\n<p>Microsoft Excel on keskeinen v\u00e4line riskienhallinnassa. Se on k\u00e4ytt\u00e4j\u00e4yst\u00e4v\u00e4llinen ja laajalti saatavilla. Excelin avulla projektip\u00e4\u00e4llik\u00f6t voivat luoda yksityiskohtaisia luetteloita mahdollisista riskeist\u00e4 ja seurata niiden tilaa koko projektin elinkaaren ajan. Excelin avulla voi esimerkiksi luetella kaikki hankkeen mahdolliset riskit ja hahmotella strategioita kunkin riskin k\u00e4sittelemiseksi. Excelin todellinen potentiaali avautuu, kun se toimii yhdess\u00e4 muiden tehoty\u00f6kalujen kanssa.<\/p>\n<\/div>\n<\/div>\n\n\n\n<div class=\"wp-block-columns is-layout-flex wp-container-core-columns-is-layout-2 wp-block-columns-is-layout-flex\">\n<div class=\"wp-block-column is-vertically-aligned-center is-layout-flow wp-block-column-is-layout-flow\" style=\"flex-basis:150px\"><div class=\"wp-block-image wp-duotone-grayscale\">\n<figure class=\"aligncenter size-full is-resized\"><img loading=\"lazy\" decoding=\"async\" width=\"225\" height=\"300\" src=\"https:\/\/www.leaplytics.de\/wp-content\/uploads\/2024\/05\/power-bi-icon-logo-E1B451ED39-seeklogo.com_.png\" alt=\"\" class=\"wp-image-13484\" style=\"width:76px;height:auto\" srcset=\"https:\/\/www.leaplytics.de\/wp-content\/uploads\/2024\/05\/power-bi-icon-logo-E1B451ED39-seeklogo.com_.png 225w, https:\/\/www.leaplytics.de\/wp-content\/uploads\/2024\/05\/power-bi-icon-logo-E1B451ED39-seeklogo.com_-45x60.png 45w\" sizes=\"auto, (max-width: 225px) 100vw, 225px\" \/><\/figure><\/div><\/div>\n\n\n\n<div class=\"wp-block-column is-layout-flow wp-block-column-is-layout-flow\" style=\"flex-basis:66.66%\">\n<p><strong>Microsoft Power BI<\/strong><\/p>\n\n\n\n<p>Power BI on tehokas tietojen visualisointity\u00f6kalu, joka muuntaa monimutkaiset tiedot oivaltaviksi visuaalisiksi kuviksi. Excel ja Power BI sopivat t\u00e4ydellisesti yhteen. Excel auttaa tietojen tallentamisessa ja hallinnassa ja Power BI tukee interaktiivisilla raportointivisuaaleilla. T\u00e4llaiset interaktiiviset kojelaudat tuovat esiin riskit ja vaikutukset. Kuvittele, ett\u00e4 voit k\u00e4ytt\u00e4\u00e4 v\u00e4rikk\u00e4it\u00e4 kaavioita viimeisimm\u00e4n projektisi riskien esitt\u00e4miseen, jolloin kaikkien on helpompi ymm\u00e4rt\u00e4\u00e4 ja toimia.<\/p>\n<\/div>\n<\/div>\n\n\n\n<div class=\"wp-block-columns is-layout-flex wp-container-core-columns-is-layout-3 wp-block-columns-is-layout-flex\">\n<div class=\"wp-block-column is-vertically-aligned-center is-layout-flow wp-block-column-is-layout-flow\" style=\"flex-basis:150px\"><div class=\"wp-block-image wp-duotone-858585-ffffff-2\">\n<figure class=\"aligncenter size-full is-resized\"><img loading=\"lazy\" decoding=\"async\" width=\"96\" height=\"96\" src=\"https:\/\/www.leaplytics.de\/wp-content\/uploads\/2024\/05\/Bild1.svg_.jpg\" alt=\"\" class=\"wp-image-13485\" style=\"width:120px\" srcset=\"https:\/\/www.leaplytics.de\/wp-content\/uploads\/2024\/05\/Bild1.svg_.jpg 96w, https:\/\/www.leaplytics.de\/wp-content\/uploads\/2024\/05\/Bild1.svg_-60x60.jpg 60w\" sizes=\"auto, (max-width: 96px) 100vw, 96px\" \/><\/figure><\/div><\/div>\n\n\n\n<div class=\"wp-block-column is-layout-flow wp-block-column-is-layout-flow\" style=\"flex-basis:66.66%\">\n<p><strong>Riskirekisteri<\/strong><\/p>\n\n\n\n<p>Riskirekisteri on t\u00e4rke\u00e4 asiakirja riskienhallinnassa. Se auttaa projektip\u00e4\u00e4llik\u00f6it\u00e4 pit\u00e4m\u00e4\u00e4n kaikki tunnistetut riskit yhdess\u00e4 paikassa. Kuvittele se kattavaksi muistikirjaksi, johon dokumentoit kaikki mahdolliset ongelmat ja niihin liittyv\u00e4t lievent\u00e4misstrategiat. N\u00e4in varmistetaan, ett\u00e4 riskej\u00e4 ei unohdeta ja ett\u00e4 niit\u00e4 seurataan jatkuvasti.<\/p>\n<\/div>\n<\/div>\n\n\n\n<div class=\"wp-block-columns is-layout-flex wp-container-core-columns-is-layout-4 wp-block-columns-is-layout-flex\">\n<div class=\"wp-block-column is-vertically-aligned-center is-layout-flow wp-block-column-is-layout-flow\" style=\"flex-basis:150px\"><div class=\"wp-block-image wp-duotone-unset-3\">\n<figure class=\"aligncenter size-full is-resized\"><img loading=\"lazy\" decoding=\"async\" width=\"1827\" height=\"1816\" src=\"https:\/\/www.leaplytics.de\/wp-content\/uploads\/2022\/06\/Axis-Settings.png\" alt=\"\" class=\"wp-image-8460\" style=\"width:110px\" srcset=\"https:\/\/www.leaplytics.de\/wp-content\/uploads\/2022\/06\/Axis-Settings.png 1827w, https:\/\/www.leaplytics.de\/wp-content\/uploads\/2022\/06\/Axis-Settings-300x298.png 300w, https:\/\/www.leaplytics.de\/wp-content\/uploads\/2022\/06\/Axis-Settings-1024x1018.png 1024w, https:\/\/www.leaplytics.de\/wp-content\/uploads\/2022\/06\/Axis-Settings-150x150.png 150w, https:\/\/www.leaplytics.de\/wp-content\/uploads\/2022\/06\/Axis-Settings-768x763.png 768w, https:\/\/www.leaplytics.de\/wp-content\/uploads\/2022\/06\/Axis-Settings-1536x1527.png 1536w, https:\/\/www.leaplytics.de\/wp-content\/uploads\/2022\/06\/Axis-Settings-60x60.png 60w\" sizes=\"auto, (max-width: 1827px) 100vw, 1827px\" \/><\/figure><\/div><\/div>\n\n\n\n<div class=\"wp-block-column is-layout-flow wp-block-column-is-layout-flow\" style=\"flex-basis:66.66%\">\n<p><strong>Riskimatriisi<\/strong><\/p>\n\n\n\n<p>Riskimatriisi on visuaalinen ty\u00f6kalu, joka auttaa projektip\u00e4\u00e4llik\u00f6it\u00e4 priorisoimaan riskej\u00e4 niiden todenn\u00e4k\u00f6isyyden ja vaikutusten perusteella. Piirt\u00e4m\u00e4ll\u00e4 riskit matriisiin n\u00e4et nopeasti, mitk\u00e4 riskit vaativat v\u00e4lit\u00f6nt\u00e4 huomiota. Riskimatriisi on vain yksi niist\u00e4 visuaalisista ty\u00f6kaluista, joiden pit\u00e4isi kuulua jokaisen riskienhallintap\u00e4\u00e4llik\u00f6n Power BI -kojelautaan.<\/p>\n<\/div>\n<\/div>\n\n\n\n<div class=\"wp-block-columns is-layout-flex wp-container-core-columns-is-layout-5 wp-block-columns-is-layout-flex\">\n<div class=\"wp-block-column is-vertically-aligned-center is-layout-flow wp-block-column-is-layout-flow\" style=\"flex-basis:150px\"><div class=\"wp-block-image wp-duotone-858585-ffffff-4\">\n<figure class=\"aligncenter size-full is-resized\"><img loading=\"lazy\" decoding=\"async\" width=\"500\" height=\"500\" src=\"https:\/\/www.leaplytics.de\/wp-content\/uploads\/2024\/05\/kisspng-computer-icons-normal-distribution-probability-dis-5adcdc96034e34.1804701715244238300136-removebg-preview.png\" alt=\"\" class=\"wp-image-13487\" style=\"width:110px\" srcset=\"https:\/\/www.leaplytics.de\/wp-content\/uploads\/2024\/05\/kisspng-computer-icons-normal-distribution-probability-dis-5adcdc96034e34.1804701715244238300136-removebg-preview.png 500w, https:\/\/www.leaplytics.de\/wp-content\/uploads\/2024\/05\/kisspng-computer-icons-normal-distribution-probability-dis-5adcdc96034e34.1804701715244238300136-removebg-preview-300x300.png 300w, https:\/\/www.leaplytics.de\/wp-content\/uploads\/2024\/05\/kisspng-computer-icons-normal-distribution-probability-dis-5adcdc96034e34.1804701715244238300136-removebg-preview-150x150.png 150w, https:\/\/www.leaplytics.de\/wp-content\/uploads\/2024\/05\/kisspng-computer-icons-normal-distribution-probability-dis-5adcdc96034e34.1804701715244238300136-removebg-preview-370x370.png 370w, https:\/\/www.leaplytics.de\/wp-content\/uploads\/2024\/05\/kisspng-computer-icons-normal-distribution-probability-dis-5adcdc96034e34.1804701715244238300136-removebg-preview-60x60.png 60w\" sizes=\"auto, (max-width: 500px) 100vw, 500px\" \/><\/figure><\/div><\/div>\n\n\n\n<div class=\"wp-block-column is-layout-flow wp-block-column-is-layout-flow\" style=\"flex-basis:66.66%\">\n<p><strong>Monte Carlo -simulointi<\/strong><\/p>\n\n\n\n<p>Monte Carlo -simulointi on kehittyneempi ty\u00f6kalu, jossa k\u00e4ytet\u00e4\u00e4n tilastollisia menetelmi\u00e4 riskien vaikutusten ennustamiseen. Se on kuin heitt\u00e4isi noppaa monta kertaa n\u00e4hd\u00e4kseen yleisimm\u00e4t tulokset. T\u00e4m\u00e4 ty\u00f6kalu auttaa sinua ennakoimaan mahdollisia ongelmia ja suunnittelemaan niiden mukaisesti. Monte Carlo -simulaatio on erityisen hy\u00f6dyllinen monimutkaisissa hankkeissa, joissa on useita muuttujia. Microsoft Excel on paras ty\u00f6kalusi Monte Carlo -simulaation toteuttamiseen.<\/p>\n<\/div>\n<\/div>\n\n\n\n<div class=\"wp-block-columns is-layout-flex wp-container-core-columns-is-layout-6 wp-block-columns-is-layout-flex\">\n<div class=\"wp-block-column is-vertically-aligned-center is-layout-flow wp-block-column-is-layout-flow\" style=\"flex-basis:150px\"><div class=\"wp-block-image wp-duotone-858585-ffffff-5\">\n<figure class=\"aligncenter size-full is-resized\"><img loading=\"lazy\" decoding=\"async\" width=\"256\" height=\"256\" src=\"https:\/\/www.leaplytics.de\/wp-content\/uploads\/2024\/05\/pedigree-1-337562-removebg-preview.png\" alt=\"\" class=\"wp-image-13495\" style=\"width:110px\" srcset=\"https:\/\/www.leaplytics.de\/wp-content\/uploads\/2024\/05\/pedigree-1-337562-removebg-preview.png 256w, https:\/\/www.leaplytics.de\/wp-content\/uploads\/2024\/05\/pedigree-1-337562-removebg-preview-150x150.png 150w, https:\/\/www.leaplytics.de\/wp-content\/uploads\/2024\/05\/pedigree-1-337562-removebg-preview-60x60.png 60w\" sizes=\"auto, (max-width: 256px) 100vw, 256px\" \/><\/figure><\/div><\/div>\n\n\n\n<div class=\"wp-block-column is-layout-flow wp-block-column-is-layout-flow\" style=\"flex-basis:66.66%\">\n<p><strong>PERT (Program Evaluation Review Technique, ohjelman arviointitekniikka)<\/strong><\/p>\n\n\n\n<p>PERT on tekniikka, joka auttaa projektip\u00e4\u00e4llik\u00f6it\u00e4 ymm\u00e4rt\u00e4m\u00e4\u00e4n, miten aika ja riskit voivat vaikuttaa projektin aikatauluihin. Kartoittamalla kaikki projektin vaiheet ja teht\u00e4v\u00e4t sek\u00e4 analysoimalla mahdollisia viiv\u00e4styksi\u00e4 PERT antaa selke\u00e4mm\u00e4n kuvan projektin aikataulusta. Esimerkiksi projektin riskien ja niiden vaikutuksen analysointi kunkin teht\u00e4v\u00e4n kestoon voi auttaa minimoimaan projektin viiv\u00e4stykset.<\/p>\n<\/div>\n<\/div>\n\n\n\n<div class=\"wp-block-columns is-layout-flex wp-container-core-columns-is-layout-7 wp-block-columns-is-layout-flex\">\n<div class=\"wp-block-column is-vertically-aligned-center is-layout-flow wp-block-column-is-layout-flow\" style=\"flex-basis:150px\"><div class=\"wp-block-image wp-duotone-858585-ffffff-6\">\n<figure class=\"aligncenter size-full is-resized\"><img loading=\"lazy\" decoding=\"async\" width=\"512\" height=\"512\" src=\"https:\/\/www.leaplytics.de\/wp-content\/uploads\/2024\/05\/4940750.png\" alt=\"\" class=\"wp-image-13489\" style=\"width:110px\" srcset=\"https:\/\/www.leaplytics.de\/wp-content\/uploads\/2024\/05\/4940750.png 512w, https:\/\/www.leaplytics.de\/wp-content\/uploads\/2024\/05\/4940750-300x300.png 300w, https:\/\/www.leaplytics.de\/wp-content\/uploads\/2024\/05\/4940750-150x150.png 150w, https:\/\/www.leaplytics.de\/wp-content\/uploads\/2024\/05\/4940750-370x370.png 370w, https:\/\/www.leaplytics.de\/wp-content\/uploads\/2024\/05\/4940750-60x60.png 60w\" sizes=\"auto, (max-width: 512px) 100vw, 512px\" \/><\/figure><\/div><\/div>\n\n\n\n<div class=\"wp-block-column is-layout-flow wp-block-column-is-layout-flow\" style=\"flex-basis:66.66%\">\n<p><strong>SWOT-analyysi<\/strong><\/p>\n\n\n\n<p>SWOT-analyysi on strategisen suunnittelun v\u00e4line, jossa tarkastellaan vahvuuksia, heikkouksia, mahdollisuuksia ja uhkia. T\u00e4m\u00e4 kokonaisvaltainen n\u00e4kemys auttaa projektip\u00e4\u00e4llik\u00f6it\u00e4 ymm\u00e4rt\u00e4m\u00e4\u00e4n sek\u00e4 sis\u00e4isi\u00e4 ett\u00e4 ulkoisia tekij\u00f6it\u00e4, jotka voivat vaikuttaa projektiin. Se on kuin skannaisi liiketoimintaymp\u00e4rist\u00f6\u00e4si parempien p\u00e4\u00e4t\u00f6sten tekemiseksi.<\/p>\n<\/div>\n<\/div>\n\n\n\n<div class=\"wp-block-columns is-layout-flex wp-container-core-columns-is-layout-8 wp-block-columns-is-layout-flex\">\n<div class=\"wp-block-column is-vertically-aligned-center is-layout-flow wp-block-column-is-layout-flow\" style=\"flex-basis:150px\"><div class=\"wp-block-image wp-duotone-858585-ffffff-7\">\n<figure class=\"aligncenter size-full is-resized\"><img loading=\"lazy\" decoding=\"async\" width=\"512\" height=\"512\" src=\"https:\/\/www.leaplytics.de\/wp-content\/uploads\/2024\/05\/bow_tie_icon_126607.png\" alt=\"\" class=\"wp-image-13490\" style=\"width:110px\" srcset=\"https:\/\/www.leaplytics.de\/wp-content\/uploads\/2024\/05\/bow_tie_icon_126607.png 512w, https:\/\/www.leaplytics.de\/wp-content\/uploads\/2024\/05\/bow_tie_icon_126607-300x300.png 300w, https:\/\/www.leaplytics.de\/wp-content\/uploads\/2024\/05\/bow_tie_icon_126607-150x150.png 150w, https:\/\/www.leaplytics.de\/wp-content\/uploads\/2024\/05\/bow_tie_icon_126607-370x370.png 370w, https:\/\/www.leaplytics.de\/wp-content\/uploads\/2024\/05\/bow_tie_icon_126607-60x60.png 60w\" sizes=\"auto, (max-width: 512px) 100vw, 512px\" \/><\/figure><\/div><\/div>\n\n\n\n<div class=\"wp-block-column is-layout-flow wp-block-column-is-layout-flow\" style=\"flex-basis:66.66%\">\n<p><strong>Bowtie-kaavio<\/strong><\/p>\n\n\n\n<p>Bowtie-kaavio on visuaalinen ty\u00f6kalu, joka osoittaa, miten riskit tapahtuvat ja mitk\u00e4 ovat niiden vaikutukset. Se auttaa ymm\u00e4rt\u00e4m\u00e4\u00e4n riskien syit\u00e4 ja sit\u00e4, miten niit\u00e4 voidaan ehk\u00e4ist\u00e4. Bowtie-kaavion sis\u00e4llytt\u00e4minen Power BI -kojelautaan auttaa sinua ymm\u00e4rt\u00e4m\u00e4\u00e4n riskisalkkusi taustalla vaikuttavia voimia.<\/p>\n<\/div>\n<\/div>\n\n\n\n<div class=\"wp-block-columns is-layout-flex wp-container-core-columns-is-layout-9 wp-block-columns-is-layout-flex\">\n<div class=\"wp-block-column is-vertically-aligned-center is-layout-flow wp-block-column-is-layout-flow\" style=\"flex-basis:150px\"><div class=\"wp-block-image wp-duotone-858585-ffffff-8\">\n<figure class=\"aligncenter size-full is-resized\"><img loading=\"lazy\" decoding=\"async\" width=\"200\" height=\"200\" src=\"https:\/\/www.leaplytics.de\/wp-content\/uploads\/2024\/05\/3732359-200.png\" alt=\"\" class=\"wp-image-13491\" style=\"width:110px\" srcset=\"https:\/\/www.leaplytics.de\/wp-content\/uploads\/2024\/05\/3732359-200.png 200w, https:\/\/www.leaplytics.de\/wp-content\/uploads\/2024\/05\/3732359-200-150x150.png 150w, https:\/\/www.leaplytics.de\/wp-content\/uploads\/2024\/05\/3732359-200-60x60.png 60w\" sizes=\"auto, (max-width: 200px) 100vw, 200px\" \/><\/figure><\/div><\/div>\n\n\n\n<div class=\"wp-block-column is-layout-flow wp-block-column-is-layout-flow\" style=\"flex-basis:66.66%\">\n<p><strong>Riskien erittelyrakenne (RBS)<\/strong><\/p>\n\n\n\n<p>RBS on hierarkkinen kehys, jossa riskit luokitellaan eri ryhmiin. T\u00e4m\u00e4 organisointiv\u00e4line auttaa projektip\u00e4\u00e4llik\u00f6it\u00e4 tunnistamaan ja hallitsemaan riskej\u00e4 j\u00e4rjestelm\u00e4llisesti. Voit esimerkiksi luokitella riskit niiden l\u00e4hteeseen tai vaikutusalueeseen liittyen.<\/p>\n<\/div>\n<\/div>\n\n\n\n<div class=\"wp-block-columns is-layout-flex wp-container-core-columns-is-layout-10 wp-block-columns-is-layout-flex\">\n<div class=\"wp-block-column is-vertically-aligned-center is-layout-flow wp-block-column-is-layout-flow\" style=\"flex-basis:150px\"><div class=\"wp-block-image wp-duotone-858585-ffffff-9\">\n<figure class=\"aligncenter size-full is-resized\"><img loading=\"lazy\" decoding=\"async\" width=\"513\" height=\"486\" src=\"https:\/\/www.leaplytics.de\/wp-content\/uploads\/2024\/05\/6272532-middle-removebg-preview.png\" alt=\"\" class=\"wp-image-13493\" style=\"width:110px\" srcset=\"https:\/\/www.leaplytics.de\/wp-content\/uploads\/2024\/05\/6272532-middle-removebg-preview.png 513w, https:\/\/www.leaplytics.de\/wp-content\/uploads\/2024\/05\/6272532-middle-removebg-preview-300x284.png 300w, https:\/\/www.leaplytics.de\/wp-content\/uploads\/2024\/05\/6272532-middle-removebg-preview-63x60.png 63w\" sizes=\"auto, (max-width: 513px) 100vw, 513px\" \/><\/figure><\/div><\/div>\n\n\n\n<div class=\"wp-block-column is-layout-flow wp-block-column-is-layout-flow\" style=\"flex-basis:66.66%\">\n<p><strong>Skenaarioanalyysi<\/strong><\/p>\n\n\n\n<p>Skenaarioanalyysi auttaa projektip\u00e4\u00e4llik\u00f6it\u00e4 suunnittelemaan erilaisia mahdollisia tilanteita. Kun mietit erilaisia skenaarioita, voit kehitt\u00e4\u00e4 strategioita niiden ratkaisemiseksi. Skenaarioihin perustuva suunnittelu saa sinut tietoiseksi keskim\u00e4\u00e4r\u00e4isen lopputuloksen lis\u00e4ksi my\u00f6s \u00e4\u00e4rimm\u00e4isist\u00e4 seurauksista.<\/p>\n<\/div>\n<\/div>\n\n\n\n<h3 class=\"wp-block-heading has-medium-font-size\">Keskeinen asia<\/h3>\n\n\n\n<p>N\u00e4m\u00e4 10 tehokkainta ty\u00f6kalua auttavat projektip\u00e4\u00e4llik\u00f6it\u00e4 n\u00e4kem\u00e4\u00e4n ja k\u00e4sittelem\u00e4\u00e4n riskej\u00e4 paremmin. Niiden avulla varmistetaan, ett\u00e4 projektit sujuvat ja p\u00e4\u00e4ttyv\u00e4t hyvin. K\u00e4ytt\u00e4m\u00e4ll\u00e4 n\u00e4it\u00e4 ty\u00f6kaluja voit havaita ongelmat varhaisessa vaiheessa ja korjata ne ennen kuin niist\u00e4 tulee suuria. N\u00e4in projektisi pysyv\u00e4t aikataulussa.<\/p>","protected":false},"excerpt":{"rendered":"<p>Unexpected problems, or risks, can often derail even the best-laid project plans. This is why effective risk management is crucial for every project manager. With the right tools and techniques, you can identify, assess, and mitigate risks early. Here are the top 10 risk management tools and techniques every project manager should know about: Microsoft &hellip; <\/p>","protected":false},"author":55,"featured_media":0,"parent":0,"menu_order":0,"comment_status":"closed","ping_status":"closed","template":"","meta":{"footnotes":""},"class_list":["post-13482","page","type-page","status-publish","hentry","latest_post"],"_links":{"self":[{"href":"https:\/\/www.leaplytics.de\/fi\/wp-json\/wp\/v2\/pages\/13482","targetHints":{"allow":["GET"]}}],"collection":[{"href":"https:\/\/www.leaplytics.de\/fi\/wp-json\/wp\/v2\/pages"}],"about":[{"href":"https:\/\/www.leaplytics.de\/fi\/wp-json\/wp\/v2\/types\/page"}],"author":[{"embeddable":true,"href":"https:\/\/www.leaplytics.de\/fi\/wp-json\/wp\/v2\/users\/55"}],"replies":[{"embeddable":true,"href":"https:\/\/www.leaplytics.de\/fi\/wp-json\/wp\/v2\/comments?post=13482"}],"version-history":[{"count":4,"href":"https:\/\/www.leaplytics.de\/fi\/wp-json\/wp\/v2\/pages\/13482\/revisions"}],"predecessor-version":[{"id":13499,"href":"https:\/\/www.leaplytics.de\/fi\/wp-json\/wp\/v2\/pages\/13482\/revisions\/13499"}],"wp:attachment":[{"href":"https:\/\/www.leaplytics.de\/fi\/wp-json\/wp\/v2\/media?parent=13482"}],"curies":[{"name":"wp","href":"https:\/\/api.w.org\/{rel}","templated":true}]}}