{"id":13717,"date":"2025-05-12T15:34:59","date_gmt":"2025-05-12T13:34:59","guid":{"rendered":"https:\/\/www.leaplytics.de\/?page_id=13717"},"modified":"2025-05-12T15:35:01","modified_gmt":"2025-05-12T13:35:01","slug":"suosittelut","status":"publish","type":"page","link":"https:\/\/www.leaplytics.de\/fi\/suosittelut\/","title":{"rendered":"Suosittelut"},"content":{"rendered":"<p><em>&#8220;<strong>Olemme k\u00e4ytt\u00e4neet LeapLyticsin riskimatriisin \/ Heatmapin visualisointia Power BI:ss\u00e4 jo yli vuoden ajan.<\/strong><br>Siit\u00e4 on tullut tiimillemme korvaamaton ty\u00f6kalu. Sen intuitiivisen suunnittelun ja muokattavien ominaisuuksien ansiosta voimme tehokkaasti visualisoida ja priorisoida riskej\u00e4, jolloin voimme keskitty\u00e4 kriittisimpiin alueisiin. Mahdollisuus r\u00e4\u00e4t\u00e4l\u00f6id\u00e4 matriisi erityistarpeidemme mukaan on parantanut riskinarviointiprosessejamme merkitt\u00e4v\u00e4sti. Suosittelen t\u00e4t\u00e4 lis\u00e4osaa l\u00e4mpim\u00e4sti kaikille tiimeille, jotka haluavat parantaa riskienhallintaominaisuuksiaan Power BI:ss\u00e4.\"<\/em> (Anonyymi)<\/p>\n\n\n\n<p><em>&#8220;<strong>Pelinmuuttaja<\/strong> - T\u00e4m\u00e4 sovellus on s\u00e4\u00e4st\u00e4nyt satoja kehitystunteja, ongelmanratkaisutunteja ja muita p\u00e4\u00e4ns\u00e4rkyj\u00e4, joita sovelluksen rakentaminen alusta alkaen aiheuttaa. T\u00e4m\u00e4 sovellus oli eritt\u00e4in helppo liitt\u00e4\u00e4 rakentamaamme sovellukseen, ja se on my\u00f6s visuaalisesti houkutteleva ja helppok\u00e4ytt\u00f6inen. Suosittelen l\u00e4mpim\u00e4sti kaikille muille, jotka haluavat s\u00e4\u00e4st\u00e4\u00e4 kehitystunteja ja aikaa saadakseen jotain, joka on jo taistelutestattu!\".\"<\/em> (Anonyymi)<\/p>\n\n\n\n<p><em>\"Power BI -alustan riskimatriisin visualisointia on k\u00e4ytetty apuna. <strong>strateginen ty\u00f6kalu<\/strong> kriittisten kunnossapitotoimien hallintaan ja tarjoaa nopean ja tehokkaan visualisoinnin kuhunkin omaisuuser\u00e4\u00e4n liittyvist\u00e4 riskeist\u00e4. Matriisi kartoittaa visuaalisesti omaisuuser\u00e4n kriittisyyden sen vaikutustason ja vikaantumistodenn\u00e4k\u00f6isyyden perusteella, mik\u00e4 tukee suoraan korjaavien ja ennaltaehk\u00e4isevien toimien priorisointia. <br>T\u00e4m\u00e4 ominaisuus auttaa tunnistamaan toiminnallisesti t\u00e4rkeimpi\u00e4 huoltokohteita, mik\u00e4 edist\u00e4\u00e4 resurssien, tiimien ja m\u00e4\u00e4r\u00e4aikojen tehokkaampaa hallintaa erityisesti monimutkaisissa tilanteissa, kuten seisokkeissa tai h\u00e4t\u00e4tilanteissa. Lis\u00e4ksi sen interaktiivinen ja muokattava k\u00e4ytt\u00f6liittym\u00e4 mahdollistaa reaaliaikaiset p\u00e4ivitykset ja simulaatiot, mik\u00e4 nopeuttaa p\u00e4\u00e4t\u00f6ksentekoprosessia ja tekee siit\u00e4 entist\u00e4 tietol\u00e4ht\u00f6isemm\u00e4n.<br>T\u00e4m\u00e4n visuaalisen esityksen k\u00e4ytt\u00f6 vahvistaa my\u00f6s riskiperusteisen kunnossapidon hallintaa ja yhdenmukaistaa tekniset toimet organisaation strategisten tavoitteiden kanssa, jotka koskevat omaisuuden luotettavuutta ja k\u00e4ytett\u00e4vyytt\u00e4.\"<\/em> (CENIBRA)<\/p>\n\n\n\n<p><em>&#8220;<strong>Fantastinen visuaalinen<\/strong> - Olen kokeillut t\u00e4t\u00e4 visuaalista sovellusta useita raportteja varten, ja se on niin helppok\u00e4ytt\u00f6inen, mutta silti niin tehokas. Riskien visuaalinen esitt\u00e4minen t\u00e4ss\u00e4 matriisissa on s\u00e4\u00e4st\u00e4nyt minulta lukemattomia tunteja, kun voin suunnata huomioni niihin osiin, jotka on merkitty vaikutuksiltaan merkitt\u00e4viksi. Leaplytics vastaa my\u00f6s hyvin s\u00e4hk\u00f6postitse. Suosittelen l\u00e4mpim\u00e4sti t\u00e4t\u00e4 Leaplyticsin laajennusta.\"<\/em> (Anonyymi)<\/p>\n\n\n\n<p><em>&#8220;<strong>Ennen pidin l\u00e4mp\u00f6kartoista, nyt rakastan niit\u00e4.<\/strong> - Minulla oli usein ongelmia, kun yritin laatia l\u00e4mp\u00f6karttaa. T\u00e4ss\u00e4 on vahva tarinankerronnan voima ja sit\u00e4 on todella helppo k\u00e4ytt\u00e4\u00e4.\"<\/em> (Raphael de Taranto)<\/p>\n\n\n\n<p><em>&#8220;<strong>Erinomainen sovellus<\/strong> - T\u00e4m\u00e4 on pakollinen sovellus, jos ty\u00f6skentelet riskien kanssa. Se on helppo ottaa k\u00e4ytt\u00f6\u00f6n, ja se on hyvin konfiguroitavissa tarpeisiisi sopivaksi.\"<\/em> (Roy Varghese)<\/p>\n\n\n\n<p><em>&#8220;<strong>Suuri kojelauta riskiraportointia varten<\/strong> - Mittaristo tarjoaa erinomaisen visuaalisen kuvan riskeist\u00e4, ja olemme sis\u00e4llytt\u00e4neet sen moniin yrityksen riskiraportoinnin mittaristoihin. LeapLytics jatkaa kojelaudan ominaisuuksien parantamista, mukaan lukien mahdollisuus v\u00e4rikoodata pisteit\u00e4. Suosittelen l\u00e4mpim\u00e4sti t\u00e4t\u00e4 riskien l\u00e4mp\u00f6karttasovelluslis\u00e4osaa Power BI -kojelautojen parantamiseen. Reagointikyky kysymyksiin ja tuki my\u00f6s plussaa.\"<\/em> (Becky Sterrett)<\/p>\n\n\n\n<p><em>&#8220;<strong>Suuri riski l\u00e4mp\u00f6kartta<\/strong> - Riskien l\u00e4mp\u00f6karttaty\u00f6kalu on ollut eritt\u00e4in hy\u00f6dyllinen, kun sidosryhmille on tiedotettu yrityksen riskeist\u00e4 ja riskitasoista. Helppok\u00e4ytt\u00f6inen ja hyv\u00e4 visuaalisuus.\"<\/em> (Anonyymi)<\/p>\n\n\n\n<p class=\"has-text-align-left\"><em>&#8220;<strong>T\u00e4m\u00e4 ty\u00f6kalu on k\u00e4ytt\u00e4j\u00e4yst\u00e4v\u00e4llinen<\/strong> ja esitt\u00e4\u00e4 riskipisteet tehokkaasti selke\u00e4ss\u00e4, helposti ymm\u00e4rrett\u00e4v\u00e4ss\u00e4 muodossa.\"<\/em> (Scott Nicol)<\/p>\n\n\n\n<p><em>&#8220;<strong>Suuri ty\u00f6kalu<\/strong> - T\u00e4m\u00e4 ty\u00f6kalu on auttanut meit\u00e4 jatkuvasti tehostamaan riskipisteytysprosessia. Se tarjoaa erinomaisen visuaalisen keinon riskiprofiilin nopeaan arviointiin.\"<\/em> (Anonyymi)<\/p>\n\n\n\n<p><em>&#8220;<strong>Riskimatriisi<\/strong> - Olin todella tyytyv\u00e4inen l\u00f6yt\u00e4ess\u00e4ni t\u00e4m\u00e4n ty\u00f6kalun ja siihen, miten se on toiminut riskienhallinnan\/raportoinnin n\u00e4k\u00f6kulmasta - se on loistava tapa visualisoida ja k\u00e4yd\u00e4 l\u00e4pi riskirekistereit\u00e4 keskittyen keskeisiin\/korostuneisiin riskeihin. Tiimin kanssa on ollut my\u00f6s fantastista asioida, tarjota tukea ja keskustella kanssani siit\u00e4, miten k\u00e4yt\u00e4n sit\u00e4 ja miten sit\u00e4 voi parantaa.\"\"<\/em> (Anonyymi)<\/p>\n\n\n\n<p><em>&#8220;<strong>Se toimii juuri niin kuin odotettiin ja mainostettiin.<\/strong> - Ostin lisenssin t\u00e4h\u00e4n sovellukseen l\u00e4hes 9 kuukautta sitten, asensin sen useisiin raportteihin, joita sadat ihmiset ymp\u00e4ri maailmaa k\u00e4ytt\u00e4v\u00e4t, ja olen saanut k\u00e4ytt\u00e4jilt\u00e4 vain positiivista palautetta.\"<\/em> (Small, Roy)<\/p>\n\n\n\n<p><em>&#8220;<strong>Hieno ty\u00f6kalu riskimatriisihistoriasi tarkastelemiseen<\/strong> - Yksi parhaista erikoisty\u00f6kaluista riskimatriisitietueen hallintaan ja sen esitt\u00e4miseen ammattimaisesti Suunnittelin t\u00e4m\u00e4n ty\u00f6kalun ja esittelin sen johdolle 1- Hieno muotoilu 2- Joustavuus 3- Helppok\u00e4ytt\u00f6isyys 4- Suosittelen hy\u00f6dynt\u00e4m\u00e4\u00e4n sit\u00e4 Itse asiassa t\u00e4m\u00e4 on juuri sit\u00e4, mit\u00e4 etsin Kiitos, Stefan Preusler Kiitos, LeapLytics GmbH:n tiimi\"<\/em> (\u0645\u062d\u064a\u064a \u0627\u0644\u062f\u064a\u0646)<\/p>\n\n\n\n<p><em>&#8220;<strong>Ehdottomasti sen arvoinen<\/strong> - Pystyimme toteuttamaan t\u00e4m\u00e4n visualisoinnin avulla kaiken, mit\u00e4 halusimme saavuttaa riskimatriisilla. Ehdottomasti sen arvoista.\"<\/em> (Anonyymi)<\/p>\n\n\n\n<p><em>&#8220;<strong>Loistava ratkaisu tilintarkastajille!<\/strong> - Visuaalinen objekti vastaa t\u00e4ydellisesti tilintarkastajille tarkoitetun riskimatriisin vaatimuksia ja vaatimuksia\" (David L\u00f3pez Morales).<\/em><\/p>\n\n\n\n<p><em>&#8220;<strong>Hyv\u00e4 visuaalinen<\/strong> tukemaan riskikeskusteluja.\"<\/em> (Elleke Bosworth)<\/p>\n\n\n\n<p><em>&#8220;<strong>Suuri visuaalinen<\/strong> - Etsin toimivaa ratkaisua riskieni visualisoimiseksi. T\u00e4m\u00e4 visualisointi toimii erinomaisesti, ja se on valmis k\u00e4ytt\u00f6\u00f6n muutamassa minuutissa. Vuorovaikutteisuus toimii hyvin ja tuntuu \"oikealta\".\"\"<\/em> (Anonyymi)<\/p>\n\n\n\n<p><em>&#8220;<strong>Suuri riskien visuaalinen ty\u00f6kalu<\/strong> - Mahtava ty\u00f6kalu visualisoida riskien l\u00e4mp\u00f6kartta, eritt\u00e4in tehokas ja helppok\u00e4ytt\u00f6inen\"<\/em> (Anonyymi)<\/p>\n\n\n\n<p><em>&#8220;<strong>Riskienhallinnan v\u00e4ltt\u00e4m\u00e4t\u00f6n ty\u00f6kalu<\/strong> - T\u00e4m\u00e4 ty\u00f6kalu on k\u00e4ytt\u00e4j\u00e4yst\u00e4v\u00e4llinen ja esitt\u00e4\u00e4 riskipisteet selke\u00e4sti ja helposti ymm\u00e4rrett\u00e4v\u00e4ss\u00e4 muodossa.\"<\/em> (Anonyymi)<\/p>\n\n\n\n<p><em>&#8220;<strong>Eritt\u00e4in hy\u00f6dyllinen riskienhallintav\u00e4line<\/strong> - Risk Heatmap on mielest\u00e4ni eritt\u00e4in hy\u00f6dyllinen riskienhallintaprosessissamme. Se auttaa visualisoimaan riskit helposti ja ymm\u00e4rrett\u00e4v\u00e4sti sek\u00e4 hallitukselle ett\u00e4 muulle yritykselle. Se on my\u00f6s helppok\u00e4ytt\u00f6inen, ja asetuksista saa nopeasti otteen.\"<\/em> (Anonyymi)<\/p>\n\n\n\n<p><em>&#8220;<strong>Suuri pieni lis\u00e4osa!<\/strong> - Olemme k\u00e4ytt\u00e4neet LeapLyticsin l\u00e4mp\u00f6karttaa viime vuoden ajan. Se on helppok\u00e4ytt\u00f6inen, hintalaatusuhteeltaan hyv\u00e4, ja se n\u00e4ytt\u00e4\u00e4 upealta riskikojelaudassamme.\"<\/em> (Anonyymi)<\/p>\n\n\n\n<p><em>&#8220;<strong>T\u00e4ydellinen<\/strong> - Es muy buena, vers\u00e1til y pr\u00e1ctica.\"<\/em> (Cynthia Mercedes Anaya Manrique)<\/p>\n\n\n\n<p><em>&#8220;<strong>Suuri visuaalinen ja vaste<\/strong> - Saimme tarvitsemamme visuaalisen kuvan, ja vastaus kysymyksiimme oli nopea ja hy\u00f6dyllinen.\"<\/em> (Anonyymi)<\/p>\n\n\n\n<p><em>&#8220;<strong>Solid <\/strong>- Kiinte\u00e4 visuaalinen\"<\/em> (Anonyymi)<\/p>","protected":false},"excerpt":{"rendered":"<p>\"Olemme k\u00e4ytt\u00e4neet LeapLyticsin riskimatriisin \/ Heatmapin visualisointia Power BI:ss\u00e4 jo yli vuoden ajan.Siit\u00e4 on tullut tiimillemme korvaamaton ty\u00f6kalu. Sen intuitiivisen suunnittelun ja muokattavien ominaisuuksien ansiosta voimme tehokkaasti visualisoida ja priorisoida riskej\u00e4, jolloin voimme keskitty\u00e4 kriittisimpiin alueisiin. Kyky r\u00e4\u00e4t\u00e4l\u00f6id\u00e4 matriisi ... <\/p>","protected":false},"author":2,"featured_media":0,"parent":0,"menu_order":0,"comment_status":"closed","ping_status":"closed","template":"","meta":{"footnotes":""},"class_list":["post-13717","page","type-page","status-publish","hentry","latest_post"],"_links":{"self":[{"href":"https:\/\/www.leaplytics.de\/fi\/wp-json\/wp\/v2\/pages\/13717","targetHints":{"allow":["GET"]}}],"collection":[{"href":"https:\/\/www.leaplytics.de\/fi\/wp-json\/wp\/v2\/pages"}],"about":[{"href":"https:\/\/www.leaplytics.de\/fi\/wp-json\/wp\/v2\/types\/page"}],"author":[{"embeddable":true,"href":"https:\/\/www.leaplytics.de\/fi\/wp-json\/wp\/v2\/users\/2"}],"replies":[{"embeddable":true,"href":"https:\/\/www.leaplytics.de\/fi\/wp-json\/wp\/v2\/comments?post=13717"}],"version-history":[{"count":5,"href":"https:\/\/www.leaplytics.de\/fi\/wp-json\/wp\/v2\/pages\/13717\/revisions"}],"predecessor-version":[{"id":13725,"href":"https:\/\/www.leaplytics.de\/fi\/wp-json\/wp\/v2\/pages\/13717\/revisions\/13725"}],"wp:attachment":[{"href":"https:\/\/www.leaplytics.de\/fi\/wp-json\/wp\/v2\/media?parent=13717"}],"curies":[{"name":"wp","href":"https:\/\/api.w.org\/{rel}","templated":true}]}}