{"id":13808,"date":"2025-07-14T10:32:30","date_gmt":"2025-07-14T08:32:30","guid":{"rendered":"https:\/\/www.leaplytics.de\/?page_id=13808"},"modified":"2025-07-14T10:32:31","modified_gmt":"2025-07-14T08:32:31","slug":"gantt-leaplytics-power-bi","status":"publish","type":"page","link":"https:\/\/www.leaplytics.de\/fi\/gantt-leaplytics-power-bi\/","title":{"rendered":"Gantt LeapLytics - Virta BI"},"content":{"rendered":"<p>Se on suoraviivaista. Annamme sinulle mahdollisuuden her\u00e4tt\u00e4\u00e4 projektiaikataulut ja aikataulut henkiin suoraan Power BI:ss\u00e4. Leaplytics Gantt Chart -visualisointimme muuttaa monimutkaiset projektitiedot ammattimaisiksi, interaktiivisiksi ja kattaviksi aikajanan visualisoinneiksi. N\u00e4yt\u00e4 projektiaikataulut Microsoft Projectista, Primavera P6:sta, Jirasta, Asanasta ja Azure DevOpsista t\u00e4sm\u00e4lleen tarkoituksenmukaisesti.<\/p>\n<blockquote>\n<p>\"Vihdoinkin Gantt-kaavio, joka todella toimii Power BI:ss\u00e4! Se, ett\u00e4 pystymme n\u00e4ytt\u00e4m\u00e4\u00e4n projektiemme aikataulut riippuvuuksineen ja edistymisen seurannalla suoraan johdon kojelaudoissa staattisten kuvakaappausten sijaan, on muuttanut projektiesityksemme.\"<br \/>- <strong>Johnson M., Business Intelligence Manager<\/strong> <em>(Rakennusala)<\/em><\/p>\n<\/blockquote>\n<h2 id=\"what-s-in-it-for-you-\">Mit\u00e4 hy\u00f6ty\u00e4 siit\u00e4 on sinulle?<\/h2>\n<p>Avaa ammattimainen projektin visualisointi Power BI -n\u00e4ytt\u00f6tauluihisi:<\/p>\n<p><strong>Visualisoi projektit kauniisti:<\/strong> Muunna Microsoft Projectin, Primavera P6:n, Jiran, Asanan ja Azure DevOpsin raakaprojektitiedot ammattimaisesti render\u00f6idyiksi Gantt-kaavioiksi.<\/p>\n<p><strong>Manuaalisen ty\u00f6n poistaminen:<\/strong> Ei en\u00e4\u00e4 kuvakaappausten vienti\u00e4 tai aikajanakaavioiden manuaalista luomista. Olemassa olevat projektitietosi n\u00e4kyv\u00e4t interaktiivisina Gantt-kaavioina.<\/p>\n<p><strong>Vaikuta sidosryhmiin:<\/strong> Esit\u00e4 ammattimaisia projektin\u00e4ytt\u00f6j\u00e4, jotka yll\u00e4pit\u00e4v\u00e4t uskottavuutta johtoryhm\u00e4n kokouksissa ja sidosryhmien esityksiss\u00e4.<\/p>\n<p><strong>S\u00e4\u00e4st\u00e4 aikaa:<\/strong> Lopeta tuntikausien k\u00e4ytt\u00e4minen manuaaliseen aikajanan luomiseen. Yhdist\u00e4 projektitietosi ja katso, kuinka teht\u00e4v\u00e4listat muuttuvat kattaviksi Gantt-visualisoinneiksi.<\/p>\n<blockquote>\n<p>\"Ennen k\u00e4ytimme 12 tuntia viikossa aikajanaraporttien luomiseen projektinhallintaty\u00f6kaluistamme. Nyt kaikki n\u00e4kyy automaattisesti kauniina interaktiivisina Gantt-kaavioina. Projektimme tilanneraportit n\u00e4ytt\u00e4v\u00e4t taas ammattimaisilta.\"<br \/>- <strong>Rodriguez A., analytiikan johtaja<\/strong> <em>(Terveydenhuollon teknologia)<\/em><\/p>\n<\/blockquote>\n<h2 id=\"how-you-can-benefit\">Miten voit hy\u00f6ty\u00e4<\/h2>\n<p>K\u00e4ytt\u00e4j\u00e4t, jotka ovat ottaneet k\u00e4ytt\u00f6\u00f6n Leaplytics Gantt Chart -visuaalisen raporttimme:<\/p>\n<p><strong>Poistettu aikajanan painajaiset:<\/strong> Ei en\u00e4\u00e4 manuaalista kaavioiden luomista tai staattisia aikajanan kuvakaappauksia esityksiss\u00e4.<\/p>\n<p><strong>Mittariston k\u00e4yt\u00f6n lis\u00e4\u00e4minen:<\/strong> Sidosryhm\u00e4t sitoutuvat paremmin interaktiivisiin Gantt-kaavioihin, joita he voivat tutkia ja ymm\u00e4rt\u00e4\u00e4.<\/p>\n<p><strong>Lis\u00e4\u00e4ntynyt ammatillinen uskottavuus:<\/strong> Johtajien esitykset n\u00e4ytt\u00e4v\u00e4t hiotuilta ja pit\u00e4v\u00e4t yll\u00e4 mainettasi tietojen ammattilaisena.<\/p>\n<p><strong>Yhten\u00e4iset projektin\u00e4kym\u00e4t:<\/strong> N\u00e4yt\u00e4 projektitiedot useista eri yritysalustoista yhdess\u00e4 yhten\u00e4isess\u00e4, interaktiivisessa Power BI Gantt -kaaviossa.<\/p>\n<h2 id=\"key-features\">T\u00e4rkeimm\u00e4t ominaisuudet<\/h2>\n<p><strong>Monialustatuki:<\/strong> Tukee Microsoft Projectia, Primavera P6:ta, Jiraa, Asanaa, Azure DevOpsia ja kaikkia taulukkomuotoisia projektitietoja.<\/p>\n<p><strong>Kehittynyt aikajanamoottori:<\/strong><\/p>\n<ul>\n<li>\u00c4lyk\u00e4s teht\u00e4vien paikannus ja p\u00e4iv\u00e4m\u00e4\u00e4r\u00e4n skaalaus<\/li>\n<li>\u00c4lyk\u00e4s hierarkkinen teht\u00e4vien hallinta monimutkaisia projekteja varten<\/li>\n<\/ul>\n<p><strong>Ammattimainen projektin visualisointi:<\/strong> <\/p>\n<ul>\n<li>Render\u00f6i asianmukaiset teht\u00e4v\u00e4palkit, riippuvuudet, virstanpylv\u00e4\u00e4t ja edistymisen seurannan, joka kunnioittaa Power BI -teemoja.<\/li>\n<li>Vuorovaikutteinen aikajanan navigointi zoomaus- ja panorointiominaisuuksilla.<\/li>\n<\/ul>\n<p><strong>Yritysprojektin ominaisuudet:<\/strong><\/p>\n<ul>\n<li>Teht\u00e4vien riippuvuudet ja suhdetta kuvaavat nuolet<\/li>\n<li>Edistymisen seuranta ja valmistumisen tila<\/li>\n<li>Resurssien osoittamisen visualisointi<\/li>\n<li>Kriittisen polun analyysi<\/li>\n<\/ul>\n<p><strong>Suorituskyky optimoitu:<\/strong> Tehokas render\u00f6inti suurille projektitietoaineistoille, joissa on yli 1000 teht\u00e4v\u00e4\u00e4 ja monimutkaisia riippuvuusverkostoja.<\/p>\n<p><strong>Saumaton Power BI -integraatio:<\/strong> Toimii kuten mik\u00e4 tahansa muu Power BI:n visuaalinen aineisto kunnioittaen suodattimia, viipaleita ja ristiinsuodatusta.<\/p>\n<p><strong>Intuitiivinen konfigurointi:<\/strong> Yksinkertainen muotoilupaneeli, jossa on pudotusvalinnat teht\u00e4v\u00e4kentti\u00e4, p\u00e4iv\u00e4m\u00e4\u00e4ri\u00e4 ja visualisointivaihtoehtoja varten.<\/p>\n<p><strong>Yritysvalmis:<\/strong> Vankka lisensointij\u00e4rjestelm\u00e4, joka on suunniteltu yritysk\u00e4ytt\u00f6\u00f6n ja jossa on kehittyneet projektinhallintaominaisuudet.<\/p>\n<h2 id=\"your-team-will-thank-you\">Tiimisi kiitt\u00e4\u00e4 sinua<\/h2>\n<p><em>Oletko kyll\u00e4stynyt staattisiin projektin kuvakaappauksiin johdon esityksiss\u00e4?<\/em> Oletko koskaan yritt\u00e4nyt selitt\u00e4\u00e4 projektin tilaa tylsill\u00e4 taulukkoraporteilla, kun sidosryhm\u00e4t haluavat n\u00e4hd\u00e4 aikataulut? Leaplytics Gantt Chart -visuaali tarjoaa ratkaisun, jota olet odottanut. Se on visuaalinen esitys, jonka me projektinhallinnan ammattilaiset olemme aina toivoneet olevan olemassa, kun yrit\u00e4mme viesti\u00e4 projektin tilasta tehokkaasti.<\/p>\n<blockquote>\n<p>\"Mahdollisuus n\u00e4ytt\u00e4\u00e4 Azure DevOps -sprintit ja projektiriippuvuudet asianmukaisella Gantt-visualisoinnilla on mullistanut sen, miten esittelemme projektin tilan johtajille. Aikajana on vuorovaikutteinen, ja asennus oli uskomattoman helppoa.\"<br \/>- <strong>Chen L., johtava data-analyytikko<\/strong> <em>(Ohjelmistokehitys)<\/em><\/p>\n<\/blockquote>\n<h2 id=\"letter-from-the-ceo\">Toimitusjohtajan kirje<\/h2>\n<p>Hei, kaikki.<\/p>\n<p>Olen Stefan, LeapLyticsin toimitusjohtaja.<\/p>\n<p>Projektien visualisointi Power BI:ss\u00e4 on ollut jo vuosia jatkuva kipupiste. Organisaatiot investoivat paljon alustoihin, kuten Microsoft Project, Primavera P6, Jira ja Azure DevOps, monimutkaisten projektiaikataulujen ja riippuvuuksien hallitsemiseksi. Mutta kun n\u00e4m\u00e4 projektitiedot tulevat Power BI:hen, niist\u00e4 tulee lukukelvottomia taulukoita tai ne vaativat manuaalista kaavioiden luomista.<\/p>\n<p>T\u00e4m\u00e4 yhteys kehittyneiden projektinhallintaty\u00f6kalujen ja Power BI:n perusprojektiraportoinnin v\u00e4lill\u00e4 on turhauttanut lukemattomia projektip\u00e4\u00e4llik\u00f6it\u00e4 johdon esityksiss\u00e4. Se heikent\u00e4\u00e4 uskottavuutta ja tekee arvokkaista projektitiedoista k\u00e4yt\u00e4nn\u00f6ss\u00e4 n\u00e4kym\u00e4tt\u00f6mi\u00e4 koontitaulukoissa.<\/p>\n<p>Perinteisi\u00e4 BI-visualisointeja ei yksinkertaisesti ole suunniteltu nykyaikaisen projektinhallinnan monimutkaiseen todellisuuteen, jossa teht\u00e4vill\u00e4 on riippuvuuksia, edistymisen seurantaa, resurssien jakamista ja aikarajoituksia. T\u00e4st\u00e4 alkaa turhautuminen.<\/p>\n<p>Leaplytics Gantt Chart -visuaalisovelluksemme Power BI:lle ratkaisee t\u00e4m\u00e4n perusongelman. Mielest\u00e4mme projektitietojesi pit\u00e4isi olla selke\u00e4sti ja ammattimaisesti esill\u00e4 kaikkialla, my\u00f6s Power BI -n\u00e4ytt\u00f6tauluissasi.<\/p>\n<p>Kyse on siit\u00e4, ett\u00e4 s\u00e4ilyt\u00e4t hienostuneeseen hankesuunnitteluun tekem\u00e4si investoinnit ja esit\u00e4t ne sidosryhmiesi odottamalla visuaalisella selkeydell\u00e4. Olemme suunnitelleet t\u00e4m\u00e4n visuaalisen esityksen k\u00e4sittelem\u00e4\u00e4n todellisten projektitietojen monimutkaisuutta ja pit\u00e4m\u00e4\u00e4n asetukset yksinkertaisina.<\/p>\n<p>T\u00e4m\u00e4 on meid\u00e4n panoksemme projektin visualisoinnin painajaisen poistamiseksi, joka on vaivannut Power BI:n k\u00e4ytt\u00e4ji\u00e4 liian kauan.<\/p>\n<p>Yst\u00e4v\u00e4llisin terveisin,<br \/><strong>Stefan Preusler<\/strong><br \/>Toinen perustaja ja toimitusjohtaja, LeapLytics GmbH<\/p>\n<hr>\n<h2 id=\"ready-to-transform-your-project-visualization-\">Oletko valmis muuttamaan projektisi visualisointia?<\/h2>\n<p><a href=\"https:\/\/www.leaplytics.de\/fi\/\"><strong>Pyyd\u00e4 kokeilulisenssi<\/strong><\/a><\/p>\n<h2 id=\"getting-started\">Aloittaminen<\/h2>\n<p>Saitko ajokorttisi tai haluatko vain oppia lis\u00e4\u00e4?<br \/>Klikkaa alla olevaa linkki\u00e4 saadaksesi kattavan oppaamme:<\/p>\n<p><a href=\"https:\/\/www.leaplytics.de\/fi\/getting-started-gantt-chart-power-bi\/?utm_source=extension&amp;utm_medium=power-bi&amp;utm_campaign=gantt-chart\"><strong>Aloittaminen - Leaplytics Gantt Chart Visual Power BI:lle<\/strong><\/a><\/p>\n<hr>\n<p><em>Muunna projektitiedot ammattimaisiksi aikajanan visualisoinneiksi, joita sidosryhm\u00e4t todella ymm\u00e4rt\u00e4v\u00e4t.<\/em> <\/p>","protected":false},"excerpt":{"rendered":"<p>It&#39;s straightforward. We empower you to bring your project timelines and schedules to life directly within Power BI. Our Leaplytics Gantt Chart visual transforms complex project data into professional, interactive, and comprehensive timeline visualizations. Display project schedules from Microsoft Project, Primavera P6, Jira, Asana, and Azure DevOps exactly as intended. &quot;Finally, a Gantt chart that &hellip; <\/p>","protected":false},"author":2,"featured_media":0,"parent":0,"menu_order":0,"comment_status":"closed","ping_status":"closed","template":"","meta":{"footnotes":""},"class_list":["post-13808","page","type-page","status-publish","hentry","latest_post"],"_links":{"self":[{"href":"https:\/\/www.leaplytics.de\/fi\/wp-json\/wp\/v2\/pages\/13808","targetHints":{"allow":["GET"]}}],"collection":[{"href":"https:\/\/www.leaplytics.de\/fi\/wp-json\/wp\/v2\/pages"}],"about":[{"href":"https:\/\/www.leaplytics.de\/fi\/wp-json\/wp\/v2\/types\/page"}],"author":[{"embeddable":true,"href":"https:\/\/www.leaplytics.de\/fi\/wp-json\/wp\/v2\/users\/2"}],"replies":[{"embeddable":true,"href":"https:\/\/www.leaplytics.de\/fi\/wp-json\/wp\/v2\/comments?post=13808"}],"version-history":[{"count":1,"href":"https:\/\/www.leaplytics.de\/fi\/wp-json\/wp\/v2\/pages\/13808\/revisions"}],"predecessor-version":[{"id":13809,"href":"https:\/\/www.leaplytics.de\/fi\/wp-json\/wp\/v2\/pages\/13808\/revisions\/13809"}],"wp:attachment":[{"href":"https:\/\/www.leaplytics.de\/fi\/wp-json\/wp\/v2\/media?parent=13808"}],"curies":[{"name":"wp","href":"https:\/\/api.w.org\/{rel}","templated":true}]}}