{"id":13813,"date":"2025-07-14T10:52:57","date_gmt":"2025-07-14T08:52:57","guid":{"rendered":"https:\/\/www.leaplytics.de\/?page_id=13813"},"modified":"2025-11-08T21:23:14","modified_gmt":"2025-11-08T20:23:14","slug":"gantt-ohjelman-aloittaminen","status":"publish","type":"page","link":"https:\/\/www.leaplytics.de\/fi\/gantt-ohjelman-aloittaminen\/","title":{"rendered":"Aloittaminen - Gantt"},"content":{"rendered":"<p><a href=\"#minimum-requirement\">V\u00e4himm\u00e4isvaatimukset<\/a> | <a href=\"#license\">Lisenssi<\/a> |\u00a0<a href=\"#features\">Ominaisuudet<\/a> | <a href=\"#zoom-pan\">Zoomaus ja panorointi<\/a> | <a href=\"#filter\">Suodatin<\/a> | <a href=\"#troubleshooting\">Vianm\u00e4\u00e4ritys<\/a><\/p>\n\n<p>Tiimit eri toimialoilla k\u00e4ytt\u00e4v\u00e4t LeapLytics Gantt Chart -kaaviota visualisoidakseen projektien aikataulut, riippuvuudet, v\u00e4litavoitteet, hierarkiat ja resurssien jakamisen suoraan Power BI:ss\u00e4. Visualisointi on nopeaa, ja se on rakennettu yritystason raportointia varten. Dynaamisen zoomauksen, kriittisen polun n\u00e4yt\u00f6n, mukautettavan aikajanan muotoilun, riippuvuusnuolten, virstanpylv\u00e4styyppien, peruslinjojen ja t\u00e4yden hierarkiatuen kaltaisten ominaisuuksien ansiosta k\u00e4ytt\u00e4j\u00e4t saavat v\u00e4litt\u00f6m\u00e4n ja luotettavan yleiskuvan jokaisesta projektista.<\/p>\n\n<p><div class=\"wp-block-image\">\n<figure class=\"aligncenter size-large\"><img loading=\"lazy\" decoding=\"async\" width=\"1024\" height=\"466\" src=\"https:\/\/www.leaplytics.de\/wp-content\/uploads\/2025\/11\/resource-1024x466.png\" alt=\"\" class=\"wp-image-14108\" srcset=\"https:\/\/www.leaplytics.de\/wp-content\/uploads\/2025\/11\/resource-1024x466.png 1024w, https:\/\/www.leaplytics.de\/wp-content\/uploads\/2025\/11\/resource-300x137.png 300w, https:\/\/www.leaplytics.de\/wp-content\/uploads\/2025\/11\/resource-768x350.png 768w, https:\/\/www.leaplytics.de\/wp-content\/uploads\/2025\/11\/resource-18x8.png 18w, https:\/\/www.leaplytics.de\/wp-content\/uploads\/2025\/11\/resource-132x60.png 132w, https:\/\/www.leaplytics.de\/wp-content\/uploads\/2025\/11\/resource.png 1463w\" sizes=\"auto, (max-width: 1024px) 100vw, 1024px\" \/><\/figure><\/div><\/p>\n\n<p>Jos projektitietosi ovat k\u00e4ytett\u00e4viss\u00e4, voit m\u00e4\u00e4ritt\u00e4\u00e4 ja ottaa k\u00e4ytt\u00f6\u00f6n LeapLytics Gantt-kaavion kokonaan osoitteessa <strong>alle 5 minuuttia<\/strong>. Sinulla on toimiva Gantt, joka sis\u00e4lt\u00e4\u00e4 teht\u00e4v\u00e4t, p\u00e4iv\u00e4m\u00e4\u00e4r\u00e4t, riippuvuudet, virstanpylv\u00e4\u00e4t ja muotoilun - valmiina esittely\u00e4, analysointia ja sidosryhmien raportointia varten.<\/p>\n\n\n\n<h3 class=\"wp-block-heading\" id=\"enhanced-data-model-structure\">V\u00e4himm\u00e4isvaatimukset<\/h3>\n\n\n<p><div class=\"wp-block-image\">\n<figure class=\"aligncenter size-large\"><img decoding=\"async\" src=\"https:\/\/www.leaplytics.de\/wp-content\/uploads\/2025\/11\/minimum-requirement-arrows.png\" alt=\"\" class=\"wp-image-14108\"\/><\/figure><\/div><\/p>\n\n\n<blockquote class=\"wp-block-quote is-layout-flow wp-block-quote-is-layout-flow\">\n<p><strong>\u26a0\ufe0f T\u00e4rke\u00e4\u00e4:<\/strong> Tietojesi tulisi noudattaa taulukkomuotoista rakennetta, jossa jokainen rivi edustaa teht\u00e4v\u00e4\u00e4 ja sarakkeet sis\u00e4lt\u00e4v\u00e4t teht\u00e4v\u00e4n ominaisuudet.<\/p>\n<\/blockquote>\n\n\n<p>Visuaalinen n\u00e4kym\u00e4 vaatii vain minimaalisen m\u00e4\u00e4r\u00e4n kentti\u00e4 t\u00e4ysin toimivan aikajanan tuottamiseksi.  Jokaisen teht\u00e4v\u00e4n on sis\u00e4llett\u00e4v\u00e4 yksil\u00f6llinen <strong>Teht\u00e4v\u00e4n tunnus<\/strong>, luettava <strong>Teht\u00e4v\u00e4n nimi<\/strong>ja pari p\u00e4iv\u00e4m\u00e4\u00e4r\u00e4\u00e4, jotka m\u00e4\u00e4rittelev\u00e4t sen keston.\nN\u00e4m\u00e4 p\u00e4iv\u00e4m\u00e4\u00e4r\u00e4t voivat olla <strong>Suunniteltu<\/strong>, <strong>Todellinen<\/strong>, tai <strong>Arvioitu<\/strong>-visual tunnistaa automaattisesti antamasi tietotyypin ja s\u00e4\u00e4t\u00e4\u00e4 aikajanan sen mukaisesti. T\u00e4m\u00e4n joustavuuden ansiosta Gantt voi esitt\u00e4\u00e4 yksinkertaisia pelkki\u00e4 suunnitelma-aikatauluja, kokonaisia <strong>suunnitelma-versus-teht\u00e4v\u00e4<\/strong> vertailuja tai kehittyneit\u00e4 skenaarioita, joissa yhdistet\u00e4\u00e4n <strong>suunniteltu<\/strong>, <strong>todellinen<\/strong>ja <strong>arvioitu<\/strong> aikajanat rinnakkain.<\/p>\n\n<p><div class=\"wp-block-image\">\n<figure class=\"aligncenter size-large\"><img decoding=\"async\" src=\"https:\/\/www.leaplytics.de\/wp-content\/uploads\/2025\/11\/minimum-requirement-data-fields.png\" alt=\"\" class=\"wp-image-14108\"\/><\/figure><\/div><\/p>\n\n<p>Koska visuaalinen ohjelma tulkitsee p\u00e4iv\u00e4m\u00e4\u00e4r\u00e4tyypit itsen\u00e4isesti, voit antaa ne kent\u00e4t, jotka projektitietosi jo sis\u00e4lt\u00e4v\u00e4t. Jos sis\u00e4llyt\u00e4t kaikki kolme (<strong>Suunniteltu<\/strong>, <strong>Todellinen<\/strong>, <strong>Arvioitu<\/strong>), Gantt n\u00e4ytt\u00e4\u00e4 kaikki vastaavat palkit. Jos annat vain yhden joukon p\u00e4iv\u00e4m\u00e4\u00e4ri\u00e4, se n\u00e4ytt\u00e4\u00e4 yhden aikajanapalkin. \n<strong>Kesto-kent\u00e4t<\/strong> voidaan k\u00e4ytt\u00e4\u00e4 my\u00f6s loppup\u00e4iv\u00e4m\u00e4\u00e4rien sijasta, kun sek\u00e4 kesto ett\u00e4 loppup\u00e4iv\u00e4 ovat l\u00e4sn\u00e4,\nkestoarvo on etusijalla. Kaikkien p\u00e4iv\u00e4m\u00e4\u00e4r\u00e4kenttien on oltava <strong>Power BI-yhteensopiva datetime-muoto<\/strong> \noikean render\u00f6innin varmistamiseksi.\n<\/p>\n\n\n<pre class=\"wp-block-code\"><code>\n  -- =====================================================\n  -- PAKOLLISET TIEDOT (V\u00e4himm\u00e4istiedot)\n  -- =====================================================\n  'TASK-001' AS Task ID, -- Yksil\u00f6llinen tunniste.\n  'Requirements Analysis' AS Task Name, -- N\u00e4ytt\u00f6nimi.\n  '2025-01-01' AS Planned\/Estimated\/Actual Start Date, -- Aloitusp\u00e4iv\u00e4.\n  '2025-01-15' AS Planned\/Estimated\/Actual End Date, -- Loppup\u00e4iv\u00e4.\n\n  -- ===== TUETUT TIETOSKENAARIOT =====\n  -- Visuaali tunnistaa automaattisesti, mit\u00e4 tietoja annat:\n  --\n  -- 1. Vain suunnitelma (perustaso):        Vain suunniteltu alkamisp\u00e4iv\u00e4 + suunniteltu p\u00e4\u00e4ttymisp\u00e4iv\u00e4.\n  -- 2. Ainoastaan todellinen (As-Built):      Vain todellinen alkamisp\u00e4iv\u00e4 + todellinen p\u00e4\u00e4ttymisp\u00e4iv\u00e4.\n  -- 3. Suunnitelma vs. toteutunut: Sek\u00e4 suunnitellut ett\u00e4 toteutuneet p\u00e4iv\u00e4m\u00e4\u00e4r\u00e4t (n\u00e4ytt\u00e4\u00e4 molemmat pylv\u00e4\u00e4t).\n  -- 4. Suunnitelma + arvioitu:            Suunnitellut + arvioidut p\u00e4iv\u00e4m\u00e4\u00e4r\u00e4t (n\u00e4ytt\u00e4\u00e4 suunnitelmapalkin + ohuen arvion).\n  -- 5. Todellinen + arvio:          Toteutuneet + arvioidut p\u00e4iv\u00e4m\u00e4\u00e4r\u00e4t (n\u00e4ytt\u00e4\u00e4 toteutuneen palkin + ohuen arvion).\n  -- 6. Suunnitelma + Todellinen + Arvio:   Kaikki kolme p\u00e4iv\u00e4m\u00e4\u00e4r\u00e4tyyppi\u00e4 (n\u00e4ytt\u00e4\u00e4 kaikki kolme aikajanapalkkia).\n  -- 7. Vain arvioitu:              Vain arvioitu alkamisp\u00e4iv\u00e4 + arvioitu p\u00e4\u00e4ttymisp\u00e4iv\u00e4.\n  --\n  -- ===== HUOMAUTUKSET =====\n  -- - Kesto-kent\u00e4t ovat valinnaisia, ja ne ohittavat vastaavat EndDate-kent\u00e4t, jos molemmat on annettu.\n  -- - P\u00e4iv\u00e4m\u00e4\u00e4r\u00e4kenttien on oltava PowerBI:n tunnistamassa datetime-muodossa.\n<\/code><\/pre>\n\n\n<figure class=\"wp-block-image size-large is-resized\"><\/figure>\n\n\n<hr class=\"wp-block-separator has-alpha-channel-opacity\"\/>\n\n\n\n<h3 class=\"wp-block-heading\" id=\"license\">Lisenssi<\/h3>\n\n\n\n<figure class=\"wp-block-image size-large\"><img loading=\"lazy\" decoding=\"async\" width=\"1024\" height=\"453\" src=\"https:\/\/www.leaplytics.de\/wp-content\/uploads\/2025\/11\/license-1024x453.png\" alt=\"Lisenssi\" class=\"wp-image-14175\" srcset=\"https:\/\/www.leaplytics.de\/wp-content\/uploads\/2025\/11\/license-1024x453.png 1024w, https:\/\/www.leaplytics.de\/wp-content\/uploads\/2025\/11\/license-300x133.png 300w, https:\/\/www.leaplytics.de\/wp-content\/uploads\/2025\/11\/license-768x340.png 768w, https:\/\/www.leaplytics.de\/wp-content\/uploads\/2025\/11\/license-1536x680.png 1536w, https:\/\/www.leaplytics.de\/wp-content\/uploads\/2025\/11\/license-18x8.png 18w, https:\/\/www.leaplytics.de\/wp-content\/uploads\/2025\/11\/license-136x60.png 136w, https:\/\/www.leaplytics.de\/wp-content\/uploads\/2025\/11\/license.png 1687w\" sizes=\"auto, (max-width: 1024px) 100vw, 1024px\" \/><\/figure>\n\n\n<p>Kopioi lisenssikoodisi ja liit\u00e4 se License-kentt\u00e4\u00e4n painamalla CTRL+V. Jos sinulla ei viel\u00e4 ole kokeilulisenssi\u00e4, voit pyyt\u00e4\u00e4 sellaisen. \n<a href=\"https:\/\/www.leaplytics.de\/fi\/power-bi-gantt-kokeile-nyt\/\" style=\"text-decoration: underline;\">t\u00e4\u00e4ll\u00e4<\/a>.<\/p>\n\n\n<hr class=\"wp-block-separator has-alpha-channel-opacity\"\/>\n\n\n\n<h3 class=\"wp-block-heading\" id=\"features\">Ominaisuudet<\/h3>\n\n\n<p>LeapLytics Gantt Chart tarjoaa yritystason projektin visualisoinnin seuraavilla ominaisuuksilla <strong>teht\u00e4v\u00e4hierarkiat<\/strong>, <strong>edistymisen seuranta<\/strong>, <strong>resurssien osoittaminen<\/strong>, <strong>riippuvuudet<\/strong>, <strong>virstanpylv\u00e4\u00e4t<\/strong>ja <strong>joustava aikajanan navigointi<\/strong> jotka vaihtelevat minuuttitason yksityiskohdista vuosikymmenen pituisiin n\u00e4kymiin. Se tulkitsee automaattisesti <strong>Suunniteltu<\/strong>, <strong>Todellinen<\/strong>ja <strong>Arvioitu<\/strong> p\u00e4iv\u00e4m\u00e4\u00e4r\u00e4t, n\u00e4ytt\u00e4\u00e4 vastaavat aikajanapalkit ja tarjoaa t\u00e4ydellisen <strong>muotoilu<\/strong> ja <strong>perustaso<\/strong> vaihtoehtoja, jotka takaavat ammattimaisen, eritt\u00e4in selke\u00e4n raportoinnin suoraan Power BI:n sis\u00e4ll\u00e4.<\/p>\n\n<p> Jos tietosi ovat k\u00e4ytett\u00e4viss\u00e4, voit m\u00e4\u00e4ritt\u00e4\u00e4 t\u00e4ysin toimivan Ganttin - mukaan lukien teht\u00e4v\u00e4t, p\u00e4iv\u00e4m\u00e4\u00e4r\u00e4t, riippuvuudet, virstanpylv\u00e4\u00e4t, muotoilut ja navigoinnin - alle <strong>5 minuuttia<\/strong>. Visualisointi mukautuu v\u00e4litt\u00f6m\u00e4sti antamiesi kenttien mukaan, mik\u00e4 mahdollistaa nopean konfiguroinnin mahdollisimman v\u00e4h\u00e4ll\u00e4 vaivalla ja antaa tiimeille, johtajille ja sidosryhmille k\u00e4ytt\u00f6valmiin aikajanan.<\/p>\n\n\n<h4 class=\"wp-block-heading\">Hierarkia<\/h4>\n\n\n<p><div class=\"wp-block-image\">\n<figure class=\"aligncenter size-large\"><img decoding=\"async\" src=\"https:\/\/www.leaplytics.de\/wp-content\/uploads\/2025\/11\/hierarchy-arrow.png\" alt=\"\" class=\"wp-image-14095\"\/><\/figure><\/div><\/p>\n\n<p>The <strong>Hierarkia<\/strong> ominaisuuden avulla voit j\u00e4sent\u00e4\u00e4 projektin vanhemmiksi ja lapsiteht\u00e4viksi ja luoda selke\u00e4n ja intuitiivisen ty\u00f6njaon. M\u00e4\u00e4ritt\u00e4m\u00e4ll\u00e4 jokaiselle teht\u00e4v\u00e4lle <strong>Vanhemman teht\u00e4v\u00e4n ID<\/strong>Gantt-kaavio muodostaa automaattisesti sis\u00e4kk\u00e4isi\u00e4 tasoja, jotka kuvastavat projektin todellista rakennetta.  T\u00e4m\u00e4 mahdollistaa rullaavan n\u00e4kyvyyden, kokoontaitettavat ryhm\u00e4t ja selke\u00e4n yleiskuvan monimutkaisista projekteista, mik\u00e4 auttaa tiimej\u00e4 ymm\u00e4rt\u00e4m\u00e4\u00e4n vaiheet, ty\u00f6paketit ja yksityiskohtaiset osateht\u00e4v\u00e4t yhdell\u00e4 silm\u00e4yksell\u00e4.<\/p>\n\n\n<pre class=\"wp-block-code\"><code>\n    'PROJ-001' AS ParentTaskID, -- Hierarkian emoteht\u00e4v\u00e4.\n  -- ===== HUOMAUTUKSET =====\n  -- - Hierarkia: Emoteht\u00e4v\u00e4n teht\u00e4v\u00e4n ID\n<\/code><\/pre>\n\n\n<div class=\"wp-block-image\">\n<figure class=\"aligncenter size-large\"><img decoding=\"async\" src=\"https:\/\/www.leaplytics.de\/wp-content\/uploads\/2025\/11\/hiearchy-table.png\" alt=\"\" class=\"wp-image-14095\"\/><\/figure><\/div>\n\n\n<hr class=\"wp-block-separator has-alpha-channel-opacity\"\/>\n\n\n\n<h4 class=\"wp-block-heading\">Progress<\/h4>\n\n\n<p><div class=\"wp-block-image\">\n<figure class=\"aligncenter size-large\"><img decoding=\"async\" src=\"https:\/\/www.leaplytics.de\/wp-content\/uploads\/2025\/11\/progress-arrows.png\" alt=\"\" class=\"wp-image-14100\"\/><\/figure><\/div><\/p>\n\n<p>The <strong>Progress<\/strong> kent\u00e4n avulla voit seurata teht\u00e4vien valmistumista suoraan Gantt-kaaviossa. Antamalla prosenttiarvon v\u00e4lill\u00e4 <strong>0<\/strong> ja <strong>100<\/strong>visuaalinen kuva n\u00e4ytt\u00e4\u00e4 selke\u00e4sti, miten pitk\u00e4lle kukin teht\u00e4v\u00e4 on edennyt, ja antaa v\u00e4litt\u00f6m\u00e4n kuvan projektin tilasta. Olipa teht\u00e4v\u00e4 aloittamaton, osittain valmis tai kokonaan valmis, edistymisindikaattorit auttavat tiimej\u00e4 ja sidosryhmi\u00e4 seuraamaan toteutusta ja tunnistamaan alueet, jotka saattavat vaatia huomiota.\n<\/p>\n\n\n<pre class=\"wp-block-code\"><code>\n  -- =====================================================\n  -- PROGRESS\n  -- =====================================================\n  65 AS Edistyminen, -- Valmistuminen % (0-100)\n  -- ===== HUOMAUTUKSET =====\n  -- - Edistyminen: 0 = ei aloitettu, 100 = valmis\n<\/code><\/pre>\n\n\n<p><div class=\"wp-block-image\">\n<figure class=\"aligncenter size-large\"><img decoding=\"async\" src=\"https:\/\/www.leaplytics.de\/wp-content\/uploads\/2025\/11\/progress-data-fields.png\" alt=\"\" class=\"wp-image-14100\"\/><\/figure><\/div><\/p>\n\n\n<hr class=\"wp-block-separator has-alpha-channel-opacity\"\/>\n\n\n\n<h4 class=\"wp-block-heading\" id=\"enhanced-data-model-structure\">Resurssit<\/h4>\n\n\n<p><div class=\"wp-block-image\">\n<figure class=\"aligncenter size-large\"><img decoding=\"async\" src=\"https:\/\/www.leaplytics.de\/wp-content\/uploads\/2025\/11\/resource-overview.png\" alt=\"\" class=\"wp-image-14108\"\/><\/figure><\/div><\/p>\n\n<p>The <strong>Resurssit<\/strong> kent\u00e4n avulla voit m\u00e4\u00e4ritt\u00e4\u00e4 teht\u00e4v\u00e4lle yhden tai useamman henkil\u00f6n, tiimin tai roolin. Antamalla nimi - tai <strong>pilkulla erotettu luettelo<\/strong> useiden resurssien osalta - Gantt-kaaviosta k\u00e4y selv\u00e4sti ilmi, kuka on vastuussa kustakin toiminnosta. T\u00e4m\u00e4 auttaa tiimej\u00e4 ymm\u00e4rt\u00e4m\u00e4\u00e4n ty\u00f6m\u00e4\u00e4r\u00e4n jakautumista, tunnistamaan mahdolliset pullonkaulat ja parantamaan rinnakkaisten teht\u00e4vien koordinointia. Resurssien jakaminen n\u00e4kyy suoraan aikajanan vieress\u00e4, mik\u00e4 tuo v\u00e4litt\u00f6m\u00e4n selkeyden.\n<\/p>\n\n\n<pre class=\"wp-block-code\"><code>\n    'John Smith, Jane Doe' AS Resource, -- pilkulla erotettu useiden nimikkeiden osalta.\n  -- ===== HUOMAUTUKSET =====\n  -- - Useita resursseja: pilkulla erotetut arvot yhdess\u00e4 kent\u00e4ss\u00e4.\n<\/code><\/pre>\n\n\n<p><div class=\"wp-block-image\">\n<figure class=\"aligncenter size-large\"><img decoding=\"async\" src=\"https:\/\/www.leaplytics.de\/wp-content\/uploads\/2025\/11\/resource-arrows.png\" alt=\"\" class=\"wp-image-14108\"\/><\/figure><\/div><\/p>\n\n\n<hr class=\"wp-block-separator has-alpha-channel-opacity\"\/>\n\n\n\n<h4 class=\"wp-block-heading\" id=\"enhanced-data-model-structure\">Edelt\u00e4j\u00e4t<\/h4>\n\n\n<p><div class=\"wp-block-image\">\n<figure class=\"aligncenter size-large\"><img decoding=\"async\" src=\"https:\/\/www.leaplytics.de\/wp-content\/uploads\/2025\/11\/predecessors-arrows.png\" alt=\"\" class=\"wp-image-14116\"\/><\/figure><\/div><\/p>\n\n<p>The <strong>Edelt\u00e4j\u00e4t<\/strong> kent\u00e4ss\u00e4 m\u00e4\u00e4ritell\u00e4\u00e4n teht\u00e4vien riippuvuudet listaamalla yksi tai useampi edelt\u00e4v\u00e4 teht\u00e4v\u00e4n tunnus. Antamalla <strong>pilkulla erotettu luettelo<\/strong> Gantt-kaavio piirt\u00e4\u00e4 automaattisesti riippuvuusviivat valmiista teht\u00e4vist\u00e4 alkaviin teht\u00e4viin, jolloin projektin looginen kulku on selv\u00e4sti n\u00e4ht\u00e4viss\u00e4. T\u00e4m\u00e4 auttaa tiimej\u00e4 ymm\u00e4rt\u00e4m\u00e4\u00e4n j\u00e4rjestyst\u00e4, tunnistamaan viiv\u00e4styksi\u00e4 ja pit\u00e4m\u00e4\u00e4n yll\u00e4 realistista, toisiinsa liittyv\u00e4\u00e4 projektiaikataulua.\n<\/p>\n\n\n<pre class=\"wp-block-code\"><code>\n    'TASK-005, TASK-007' AS Predecessors -- pilkulla erotetut edelt\u00e4jien tunnukset.\n  -- ===== HUOMAUTUKSET =====\n  -- - Edell\u00e4k\u00e4vij\u00e4t: pilkulla erotetut teht\u00e4vien tunnukset lopusta alkuun -riippuvuuksia varten.\n<\/code><\/pre>\n\n\n<p><div class=\"wp-block-image\">\n<figure class=\"aligncenter size-large\"><img decoding=\"async\" src=\"https:\/\/www.leaplytics.de\/wp-content\/uploads\/2025\/11\/predecessors-data-fields.png\" alt=\"\" class=\"wp-image-14116\"\/><\/figure><\/div><\/p>\n\n\n<hr class=\"wp-block-separator has-alpha-channel-opacity\"\/>\n\n\n\n<h3 class=\"wp-block-heading\" id=\"zoom-pan\">Zoomaus ja panorointi<\/h3>\n\n<p><div class=\"wp-block-image\">\n<figure class=\"aligncenter size-large\"><img decoding=\"async\" src=\"https:\/\/www.leaplytics.de\/wp-content\/uploads\/2025\/11\/zoom.gif\" alt=\"\" class=\"wp-image-14116\"\/><\/figure><\/div><\/p>\n\n<p>Voit navigoida aikajanalla helposti k\u00e4ytt\u00e4m\u00e4ll\u00e4 sis\u00e4\u00e4nrakennettuja zoomaus- ja panorointiohjaimia. Pid\u00e4 <strong>ALT<\/strong> ja k\u00e4ytt\u00e4\u00e4 <strong>hiiren py\u00f6r\u00e4<\/strong> suurentaa tai pienent\u00e4\u00e4ksesi, tai k\u00e4yt\u00e4 <strong>kahden sormen nipistysliike<\/strong> mobiililaitteissa. Pid\u00e4 panoroidaksesi painettuna <strong>hiiren vasen painike<\/strong> ja ved\u00e4 kaavio vasemmalle tai oikealle tai yksinkertaisesti aseta sormi n\u00e4yt\u00f6lle ja siirr\u00e4 sit\u00e4, jotta voit tutkia aikajanaa mobiililaitteessa. Visuaalinen tukee kaikkea <strong>yhden p\u00e4iv\u00e4n minuuttikohtainen n\u00e4kym\u00e4<\/strong> a <strong>yli 10 vuotta kattava korkean tason hankekatsaus<\/strong>.\n<\/p>\n\n\n<h3 class=\"wp-block-heading\" id=\"troubleshooting\">Vianm\u00e4\u00e4ritys<\/h3>\n\n\n\n<h4 class=\"wp-block-heading\" id=\"-cross-filtering-problems-\">Ristiinsuodatusongelmat<\/h4>\n\n\n\n<p><strong>Valinta ei toimi muiden visuaalien kanssa:<\/strong><\/p>\n\n\n\n<ul class=\"wp-block-list\">\n<li>\u2705 Tarkista, ett\u00e4 kategoristen tietojen yhdist\u00e4minen on m\u00e4\u00e4ritetty oikein.<\/li>\n\n\n\n<li>\u2705 Tarkista PowerBI:n ristiinsuodatusasetukset visuaalisesta<\/li>\n\n\n\n<li>\u2705 Varmista, ett\u00e4 TaskID-kentt\u00e4\u00e4 k\u00e4ytet\u00e4\u00e4n johdonmukaisesti kaikissa visuaalisissa aineistoissa.<\/li>\n\n\n\n<li>\u2705 Testivalintatoiminnot yksinkertaistetun raportin avulla<\/li>\n<\/ul>\n\n\n\n<p><strong>Korostaminen ei vastaa:<\/strong><\/p>\n\n\n\n<ul class=\"wp-block-list\">\n<li>\u2705 Tarkista kategorisen kartoituksen tietorakenteen korostaminen.<\/li>\n\n\n\n<li>\u2705 Tarkista PowerBI:n valinnanhallinnan integrointi<\/li>\n\n\n\n<li>\u2705 Testaa PowerBI-taulukon visuaalisella vahvistamalla ristiinsuodatuksen toimivuus<\/li>\n\n\n\n<li>\u2705 Teht\u00e4v\u00e4tietojen valintatunnusten luomisen tarkistaminen<\/li>\n<\/ul>\n\n\n\n<h4 class=\"wp-block-heading\" id=\"-data-mapping-problems-\">Tietojen kartoitusongelmat<\/h4>\n\n\n\n<p><strong>Kentti\u00e4 ei tunnisteta:<\/strong><\/p>\n\n\n\n<ul class=\"wp-block-list\">\n<li>\u2705 Tarkista, ett\u00e4 kent\u00e4n tietotyypit vastaavat odotettuja muotoja (p\u00e4iv\u00e4m\u00e4\u00e4r\u00e4t, numerot, teksti).<\/li>\n\n\n\n<li>\u2705 Tarkista, ett\u00e4 tietoruudun kenttien yhdist\u00e4minen vastaa sarakkeiden nimi\u00e4.<\/li>\n\n\n\n<li>\u2705 Varmista, ett\u00e4 lasketut sarakkeet on m\u00e4\u00e4ritelty oikein tietomallissa.<\/li>\n\n\n\n<li>\u2705 Testaa yksinkertaisella tietokokonaisuudella kent\u00e4n kartoitusongelmien erist\u00e4miseksi.<\/li>\n<\/ul>\n\n\n\n<p><strong>Edistyminen\/tilanne ei n\u00e4y:<\/strong><\/p>\n\n\n\n<ul class=\"wp-block-list\">\n<li>\u2705 Tarkista edistyminen -kentt\u00e4 sis\u00e4lt\u00e4\u00e4 numeerisia arvoja v\u00e4lill\u00e4 0-100.<\/li>\n\n\n\n<li>\u2705 Tarkista tila -kentt\u00e4 sis\u00e4lt\u00e4\u00e4 odotetut tilaarvot.<\/li>\n\n\n\n<li>\u2705 Varmista, ett\u00e4 edistymispalkit ovat k\u00e4yt\u00f6ss\u00e4 formaattipaneelissa.<\/li>\n\n\n\n<li>\u2705 Testi eri edistymisarvoja sis\u00e4lt\u00e4vill\u00e4 esimerkkitiedoilla<\/li>\n<\/ul>\n\n\n\n<h4 class=\"wp-block-heading\" id=\"-hierarchical-structure-issues-\">Hierarkkiseen rakenteeseen liittyv\u00e4t kysymykset<\/h4>\n\n\n\n<p><strong>Vanhempi-lapsisuhteet eiv\u00e4t toimi:<\/strong><\/p>\n\n\n\n<ul class=\"wp-block-list\">\n<li>\u2705 Tarkista, ett\u00e4 ParentTask-kentt\u00e4 sis\u00e4lt\u00e4\u00e4 vanhempien teht\u00e4vien kelvolliset TaskID:t.<\/li>\n\n\n\n<li>\u2705 Tarkista ympyr\u00e4nmuotoiset vanhempi-lapsiviittaukset.<\/li>\n\n\n\n<li>\u2705 Varmista, ett\u00e4 hierarkiatasot eiv\u00e4t ylit\u00e4 kohtuullisia rajoja.<\/li>\n\n\n\n<li>\u2705 Testaa laajenna\/tappaa toiminnallisuutta yksinkertaisella hierarkialla.<\/li>\n<\/ul>\n\n\n\n<p><strong>Rollup-laskelmat virheellisi\u00e4:<\/strong><\/p>\n\n\n\n<ul class=\"wp-block-list\">\n<li>\u2705 Tarkista rollup-konfiguraatio formaattipaneelin asetuksista<\/li>\n\n\n\n<li>\u2705 Tarkista, ett\u00e4 lapsen teht\u00e4vi\u00e4 koskevat tiedot ovat t\u00e4ydelliset ja oikeat.<\/li>\n\n\n\n<li>\u2705 Testaa rollup-logiikka tunnettujen testitapausten avulla.<\/li>\n\n\n\n<li>\u2705 Tarkista p\u00e4iv\u00e4m\u00e4\u00e4r\u00e4n laskentalogiikka vanhemman teht\u00e4v\u00e4n jaksojen osalta.<\/li>\n<\/ul>\n\n\n\n<hr class=\"wp-block-separator has-alpha-channel-opacity\"\/>\n\n\n\n<h3 class=\"wp-block-heading\" id=\"-advanced-best-practices\">Edistyneet parhaat k\u00e4yt\u00e4nn\u00f6t<\/h3>\n\n\n\n<ul class=\"wp-block-list\">\n<li><strong>Tietojen laatu<\/strong>: Validoi kaikki p\u00e4iv\u00e4m\u00e4\u00e4r\u00e4t, varmista, ett\u00e4 TaskID:t ovat yksil\u00f6llisi\u00e4, tarkista riippuvuusviittaukset.<\/li>\n\n\n\n<li><strong>Suorituskyvyn optimointi<\/strong>: Rajoita tietokokonaisuuksien kokoa, k\u00e4yt\u00e4 sopivia tietotyyppej\u00e4, optimoi DAX-laskutoimitukset.<\/li>\n\n\n\n<li><strong>Hierarkian suunnittelu<\/strong>: Suunnittele loogiset vanhempi-lapsisuhteet, v\u00e4lt\u00e4 syv\u00e4\u00e4 sis\u00e4kk\u00e4isyytt\u00e4, s\u00e4ilyt\u00e4 selke\u00e4 rakenne.<\/li>\n\n\n\n<li><strong>Riippuvuuden mallintaminen<\/strong>: Kartoita realistiset riippuvuudet, v\u00e4lt\u00e4 ymp\u00e4ripy\u00f6reit\u00e4 viittauksia, k\u00e4yt\u00e4 sopivia viiveaikoja.<\/li>\n\n\n\n<li><strong>Testausstrategia<\/strong>: Testaa n\u00e4ytetiedoilla, validoi kaikki ominaisuudet, testaa suorituskyky suurilla tietokokonaisuuksilla.<\/li>\n<\/ul>\n\n\n\n<h4 class=\"wp-block-heading\" id=\"-visual-configuration-best-practices-\"><strong>Visuaalisen konfiguroinnin parhaat k\u00e4yt\u00e4nn\u00f6t<\/strong> \u2728<\/h4>\n\n\n\n<ul class=\"wp-block-list\">\n<li><strong>Aikajanan skaalaus<\/strong>: Valitse sopiva oletusarvoinen zoomaustaso, m\u00e4\u00e4rit\u00e4 kohtuulliset p\u00e4iv\u00e4m\u00e4\u00e4r\u00e4v\u00e4lit, ota mukautuva skaalaus k\u00e4ytt\u00f6\u00f6n.<\/li>\n\n\n\n<li><strong>V\u00e4ristrategia<\/strong>: K\u00e4yt\u00e4 johdonmukaisia v\u00e4rimaailmoja, liit\u00e4 v\u00e4rit mielekk\u00e4isiin data-attribuutteihin, varmista esteett\u00f6myysvaatimusten noudattaminen.<\/li>\n\n\n\n<li><strong>Asettelun optimointi<\/strong>: M\u00e4\u00e4rit\u00e4 sopiva teht\u00e4v\u00e4palkin korkeus, optimoi tekstin sijoittelu, tasapainota informaatiotiheys.<\/li>\n\n\n\n<li><strong>Interaktiivinen suunnittelu<\/strong>: Mahdollistaa intuitiivisen navigoinnin, antaa selke\u00e4\u00e4 visuaalista palautetta, tukee sek\u00e4 hiiri- ett\u00e4 kosketusinteraktiota.<\/li>\n<\/ul>\n\n\n\n\n<h4 class=\"wp-block-heading\" id=\"supported-data-sources-reference\">Tuetut tietol\u00e4hteet Viite<\/h4>\n\n\n\n<figure class=\"wp-block-table\"><table class=\"has-fixed-layout\"><thead><tr><th><strong>Tietol\u00e4hde<\/strong><\/th><th><strong>Alusta<\/strong><\/th><th><strong>Tila<\/strong><\/th><th><strong>Avainkent\u00e4t<\/strong><\/th><th><strong>Integrointimerkinn\u00e4t<\/strong><\/th><\/tr><\/thead><tbody><tr><td><strong>Microsoft Project<\/strong><\/td><td>MS Project<\/td><td>\u2705 Ensisijainen<\/td><td>Teht\u00e4v\u00e4n tunnus, nimi, aloitus, lopetus, riippuvuudet.<\/td><td>Vie Exceliin tai yhdist\u00e4 Project Online -palvelun kautta<\/td><\/tr><tr><td><strong>Primavera P6<\/strong><\/td><td>Oracle<\/td><td>\u2705 Ensisijainen<\/td><td>Toiminnan ID, nimi, alku, loppu, edelt\u00e4j\u00e4t<\/td><td>Vie Excel- tai XML-tuonti<\/td><\/tr><tr><td><strong>Azure DevOps<\/strong><\/td><td>Microsoft<\/td><td>\u2705 Ensisijainen<\/td><td>Ty\u00f6kohteen tunnus, otsikko, aloitusp\u00e4iv\u00e4, tavoitep\u00e4iv\u00e4.<\/td><td>Suora API-yhteys tai vienti<\/td><\/tr><tr><td><strong>Jira<\/strong><\/td><td>Atlassian<\/td><td>\u2705 Ensisijainen<\/td><td>Avain, yhteenveto, er\u00e4p\u00e4iv\u00e4, linkit<\/td><td>Vienti tai API-integraatio<\/td><\/tr><tr><td><strong>Excel\/CSV<\/strong><\/td><td>Yleist\u00e4<\/td><td>\u2705 Ensisijainen<\/td><td>Gantt-vaatimuksiin liitetyt mukautetut kent\u00e4t<\/td><td>Suora PowerBI-tuonti<\/td><\/tr><tr><td><strong>Asana<\/strong><\/td><td>Asana<\/td><td>\u2705 Toissijainen<\/td><td>Teht\u00e4v\u00e4n tunnus, nimi, aloitusp\u00e4iv\u00e4, er\u00e4p\u00e4iv\u00e4<\/td><td>Vie CSV-muodossa<\/td><\/tr><tr><td><strong>Mukautetut taulukot<\/strong><\/td><td>Tietokanta<\/td><td>\u2705 Toissijainen<\/td><td>K\u00e4ytt\u00e4j\u00e4n m\u00e4\u00e4rittelem\u00e4 Gantt-mallia vastaava skeema<\/td><td>Suora tietokantayhteys<\/td><\/tr><\/tbody><\/table><\/figure>\n\n\n\n<p>T\u00e4m\u00e4 kattava visuaalinen muunnetaan monimutkaiset projektitiedot kauniiksi, interaktiivisiksi Gantt-kaavioiksi, jotka s\u00e4ilytt\u00e4v\u00e4t ammattimaisen laadun ja tukevat kehittyneit\u00e4 projektinhallinnan ty\u00f6nkulkuja suoraan PowerBI-kojelaudoissa. Sidosryhm\u00e4t n\u00e4kev\u00e4t vihdoinkin projektin aikataulut niin kuin niiden pit\u00e4isi n\u00e4ky\u00e4 - selkein\u00e4, interaktiivisina ja ammattimaisesti muotoiltuina.<\/p>","protected":false},"excerpt":{"rendered":"<p>Minimum Requirements | License |\u00a0Features | Zoom &amp; Pan | Filter | Troubleshooting Teams across industries use the LeapLytics Gantt Chart to visualize project timelines, dependencies, milestones, hierarchies, and resource allocations directly inside Power BI. The visual is fast, and built for enterprise-grade reporting. With features such as dynamic zooming, critical path display, customizable timeline &hellip; <\/p>","protected":false},"author":2,"featured_media":0,"parent":0,"menu_order":0,"comment_status":"closed","ping_status":"closed","template":"","meta":{"footnotes":""},"class_list":["post-13813","page","type-page","status-publish","hentry","latest_post"],"_links":{"self":[{"href":"https:\/\/www.leaplytics.de\/fi\/wp-json\/wp\/v2\/pages\/13813","targetHints":{"allow":["GET"]}}],"collection":[{"href":"https:\/\/www.leaplytics.de\/fi\/wp-json\/wp\/v2\/pages"}],"about":[{"href":"https:\/\/www.leaplytics.de\/fi\/wp-json\/wp\/v2\/types\/page"}],"author":[{"embeddable":true,"href":"https:\/\/www.leaplytics.de\/fi\/wp-json\/wp\/v2\/users\/2"}],"replies":[{"embeddable":true,"href":"https:\/\/www.leaplytics.de\/fi\/wp-json\/wp\/v2\/comments?post=13813"}],"version-history":[{"count":124,"href":"https:\/\/www.leaplytics.de\/fi\/wp-json\/wp\/v2\/pages\/13813\/revisions"}],"predecessor-version":[{"id":14246,"href":"https:\/\/www.leaplytics.de\/fi\/wp-json\/wp\/v2\/pages\/13813\/revisions\/14246"}],"wp:attachment":[{"href":"https:\/\/www.leaplytics.de\/fi\/wp-json\/wp\/v2\/media?parent=13813"}],"curies":[{"name":"wp","href":"https:\/\/api.w.org\/{rel}","templated":true}]}}