{"id":14255,"date":"2025-12-05T17:33:46","date_gmt":"2025-12-05T16:33:46","guid":{"rendered":"https:\/\/www.leaplytics.de\/?page_id=14255"},"modified":"2025-12-19T00:03:08","modified_gmt":"2025-12-18T23:03:08","slug":"keinotekoinen-alykkyys","status":"publish","type":"page","link":"https:\/\/www.leaplytics.de\/fi\/keinotekoinen-alykkyys\/","title":{"rendered":"Teko\u00e4ly"},"content":{"rendered":"<h2>Teko\u00e4ly, joka todella toimii yrityksesi kannalta<\/h2>\n\n<p>Kaikki puhuvat teko\u00e4lyst\u00e4. Suurin osa siit\u00e4 on hype\u00e4. Me keskitymme siihen, mik\u00e4 todella toimii.<\/p>\n<p>Teko\u00e4ly on hyv\u00e4 tietyiss\u00e4 asioissa: asiakirjojen lukemisessa, kuvioiden l\u00f6yt\u00e4misess\u00e4, tietojen k\u00e4sittelyss\u00e4 ja rutiiniteht\u00e4vien hoitamisessa. Asiat, jotka viev\u00e4t tiimisi aikaa joka p\u00e4iv\u00e4.<\/p>\n<p>Rakennamme teko\u00e4lyj\u00e4rjestelmi\u00e4, jotka tekev\u00e4t juuri niin. Ei taikuutta. Ei iskusanoja. Vain k\u00e4yt\u00e4nn\u00f6llisi\u00e4 ty\u00f6kaluja, jotka tekev\u00e4t tiimist\u00e4si tehokkaamman.<\/p>\n\n\n<hr class=\"wp-block-separator has-alpha-channel-opacity\"\/>\n\n\n\n<h3 class=\"wp-block-heading\">Ratkaisemamme ongelma<\/h3>\n\n\n<p>Tiimisi on kiireinen. Liian kiireinen.<\/p>\n<p>\u00c4lykk\u00e4\u00e4t ihmiset k\u00e4ytt\u00e4v\u00e4t tuntikausia ty\u00f6h\u00f6n, joka ei tarvitse heid\u00e4n asiantuntemustaan. Asiakirjojen lukeminen. Sy\u00f6tt\u00e4v\u00e4t tietoja. Vastaamalla samoihin kysymyksiin. Jahtaavat hyv\u00e4ksynt\u00f6j\u00e4. Raporttien laatiminen.<\/p>\n<p>T\u00e4rke\u00e4 ty\u00f6 j\u00e4\u00e4 syrj\u00e4\u00e4n. Strategia k\u00e4rsii. Analyysia kiirehdit\u00e4\u00e4n. P\u00e4\u00e4t\u00f6ksi\u00e4 tehd\u00e4\u00e4n ilman riitt\u00e4v\u00e4\u00e4 tietoa, koska kukaan ei ole ehtinyt etsi\u00e4 sit\u00e4.<\/p>\n<p>Se ei ole ihmisten ongelma. Se on volyymiongelma. Rutiinity\u00f6t\u00e4 on yksinkertaisesti liikaa ja ty\u00f6tunteja liian v\u00e4h\u00e4n.<\/p>\n\n\n<hr class=\"wp-block-separator has-alpha-channel-opacity\"\/>\n\n\n\n<h3 class=\"wp-block-heading\">Miten teko\u00e4ly todella auttaa<\/h3>\n\n\n<p>Teko\u00e4ly hoitaa rutiinit, jotta tiimisi voi keskitty\u00e4 olennaiseen.<\/p>\n<p>Kuvio on yksinkertainen:<\/p>\n\n<p><strong>Tietoja tulee.<\/strong><br \/>\nAsiakirjat. S\u00e4hk\u00f6postit. Lomakkeet. Tapahtumat. Kaikki se, mik\u00e4 tulvii j\u00e4rjestelmiisi p\u00e4ivitt\u00e4in.<\/p>\n\n<p><strong>Teko\u00e4ly k\u00e4sittelee sen.<\/strong><br \/>\nSiin\u00e4 lukee. Se on ote. Se luokittelee. Se tarkistaa. Nopeammin kuin yksik\u00e4\u00e4n ihminen, v\u00e4sym\u00e4tt\u00e4 tai unohtamatta asioita.<\/p>\n\n<p><strong>Tulos on luotu.<\/strong><br \/>\nTiivistelm\u00e4t. H\u00e4lytykset. Luonnokset. Suositukset. Tietoa, jota tiimisi voi todella k\u00e4ytt\u00e4\u00e4.<\/p>\n\n<p><strong>Toimiin ryhdyt\u00e4\u00e4n.<\/strong><br \/>\nRutiiniteht\u00e4v\u00e4t tapahtuvat automaattisesti. Poikkeukset menev\u00e4t ihmisille. Oikeat ihmiset n\u00e4kev\u00e4t oikeat asiat oikeaan aikaan.<\/p>\n\n<p><strong>Tulosten palaute.<\/strong><br \/>\nJ\u00e4rjestelm\u00e4 oppii, mik\u00e4 toimii. Se paranee ajan my\u00f6t\u00e4. Prosessit paranevat.<\/p>\n\n<p>T\u00e4ss\u00e4 ei ole kyse ihmisten korvaamisesta. Kyse on sellaisten t\u00f6iden poistamisesta, joiden ei pit\u00e4isi alun alkaenkaan tarvita ihmisi\u00e4.<\/p>\n\n\n<hr class=\"wp-block-separator has-alpha-channel-opacity\"\/>\n\n\n\n<h3 class=\"wp-block-heading\">Teko\u00e4ly\u00e4 jokaiselle osastolle<\/h3>\n\n\n<p>Eri tiimeill\u00e4 on erilaisia haasteita. Kaava on kuitenkin sama: liikaa rutiinity\u00f6t\u00e4, liian v\u00e4h\u00e4n aikaa t\u00e4rkeille asioille.<\/p>\n<p>Rakennamme teko\u00e4lyratkaisuja, jotka on r\u00e4\u00e4t\u00e4l\u00f6ity kunkin osaston todellisen toiminnan mukaan.<\/p>\n\n\n<hr class=\"wp-block-separator has-alpha-channel-opacity\"\/>\n\n\n\n<h4 class=\"wp-block-heading\">Rahoitus<\/h4>\n\n\n<p>Rahoitusryhm\u00e4t hukkuvat asiakirjoihin ja tietoihin. Laskut. Raportit. T\u00e4sm\u00e4ytykset. Ennusteet.<\/p>\n<p>Teko\u00e4ly lukee rahoitusasiakirjoja automaattisesti. Se k\u00e4sittelee laskut ilman manuaalista sy\u00f6tt\u00e4mist\u00e4. Se havaitsee poikkeamat tapahtumissa. Se laatii poikkeamien selityksi\u00e4. Se tekee ennusteita mallien eik\u00e4 arvausten perusteella.<\/p>\n<p>Rahoitustiimisi lopettaa kirjoittamisen ja alkaa analysoida.<\/p>\n\n<p><a href=\"https:\/\/www.leaplytics.de\/fi\/finance-ai\/\">Katso AI for Finance \u2192<\/a><\/p>\n\n\n<hr class=\"wp-block-separator has-alpha-channel-opacity\"\/>\n\n\n\n<h4 class=\"wp-block-heading\">Oikeudellinen \/ laki<\/h4>\n\n\n<p>Lakimiesty\u00f6 on tekstity\u00f6t\u00e4. Sopimukset. Asiakirjat. Tutkimus. Vaatimustenmukaisuuden tarkistaminen.<\/p>\n<p>Teko\u00e4ly lukee sopimuksia ja poimii niist\u00e4 keskeiset lausekkeet. Se tunnistaa riskit ja puuttuvat ehdot. Se tarkastaa oikeudenk\u00e4yntiasiakirjat nopeammin kuin yksik\u00e4\u00e4n tiimi voisi. Se laatii ensimm\u00e4iset versiot vakioasiakirjoista. Se seuraa s\u00e4\u00e4ntelyn muutoksia.<\/p>\n<p>Asianajajasi keskittyv\u00e4t harkintaan ja strategiaan, eiv\u00e4t jokaisen sivun lukemiseen.<\/p>\n\n<p><a href=\"https:\/\/www.leaplytics.de\/fi\/laki-ai\/\">Ks. teko\u00e4ly\u00e4 koskeva oikeudellinen \u2192<\/a><\/p>\n\n\n<hr class=\"wp-block-separator has-alpha-channel-opacity\"\/>\n\n\n\n<h4 class=\"wp-block-heading\">Markkinointi ja myynti<\/h4>\n\n\n<p>Markkinointi- ja myyntitiimit jahtaavat johtolankoja ja luovat sis\u00e4lt\u00f6\u00e4 loputtomiin. Lis\u00e4\u00e4 kanavia. Enemm\u00e4n viestej\u00e4. Enemm\u00e4n analysoitavaa tietoa.<\/p>\n<p>Teko\u00e4ly pisteytt\u00e4\u00e4 liidit, joten edustajat ty\u00f6skentelev\u00e4t parhaiden kanssa ensin. Se laatii sis\u00e4lt\u00f6vaihtoehtoja sekunneissa. Se segmentoi asiakkaat todellisen k\u00e4ytt\u00e4ytymisen perusteella. Se ennustaa putken datan, ei toiveiden avulla. Se optimoi kampanjat automaattisesti.<\/p>\n<p>Tiimisi myy ja suunnittelee strategioita lajittelun ja kirjoittamisen sijaan.<\/p>\n\n<p><a href=\"https:\/\/www.leaplytics.de\/fi\/markkinointi-myynti-ai\/\">Katso Teko\u00e4ly markkinointiin ja myyntiin \u2192<\/a><\/p>\n\n\n<hr class=\"wp-block-separator has-alpha-channel-opacity\"\/>\n\n\n\n<h4 class=\"wp-block-heading\">Henkil\u00f6st\u00f6hallinto<\/h4>\n\n\n<p>HR-tiimit k\u00e4sittelev\u00e4t ihmisi\u00e4, mutta k\u00e4ytt\u00e4v\u00e4t suurimman osan ajastaan paperit\u00f6ihin. Sovellukset. Aloittaminen. Toimintaperiaatteisiin liittyv\u00e4t kysymykset. Vaatimustenmukaisuus.<\/p>\n<p>Teko\u00e4ly seuloo ansioluettelot ja nostaa esiin parhaat ehdokkaat. Se vastaa ty\u00f6ntekij\u00f6iden kysymyksiin v\u00e4litt\u00f6m\u00e4sti. Se automatisoi ty\u00f6h\u00f6noton tarkistuslistat. Se seuraa vaatimustenmukaisuutta ilman manuaalista tarkistusta. Se havaitsee henkil\u00f6st\u00f6n pysyvyysriskit ennen kuin ihmiset l\u00e4htev\u00e4t.<\/p>\n<p>Henkil\u00f6st\u00f6tiimisi keskittyy ihmisiin, ei paperity\u00f6h\u00f6n.<\/p>\n\n<p><a href=\"https:\/\/www.leaplytics.de\/fi\/inhimilliset-voimavarat-ai\/\">Katso AI for Human Resources \u2192<\/a><\/p>\n\n\n<hr class=\"wp-block-separator has-alpha-channel-opacity\"\/>\n\n\n\n<h4 class=\"wp-block-heading\">Toiminta<\/h4>\n\n\n<p>Operatiiviset tiimit koordinoivat kaikkea. Toimitusketjut. Aikataulut. Laatu. Tuhat liikkuvaa palaa, joiden on toimittava yhdess\u00e4.<\/p>\n<p>Teko\u00e4ly ennustaa kysynn\u00e4n ja optimoi varaston. Se aikatauluttaa resurssit todellisten rajoitusten perusteella. Se valvoo laatua jatkuvasti. Se havaitsee pullonkaulat ennen kuin niist\u00e4 tulee ongelmia. Se luo toimintaraportteja automaattisesti.<\/p>\n<p>Toimintatiimisi ratkaisee ongelmia sen sijaan, ett\u00e4 se seuraisi niit\u00e4.<\/p>\n\n<p><a href=\"https:\/\/www.leaplytics.de\/fi\/operaatiot-ai\/\">Katso AI for Operations \u2192<\/a><\/p>\n\n\n<hr class=\"wp-block-separator has-alpha-channel-opacity\"\/>\n\n\n\n<h4 class=\"wp-block-heading\">Hankinnat ja hankinta<\/h4>\n\n\n<p>Hankintatiimit ostavat ja hallinnoivat toimittajia. Tilaukset. Sopimukset. Menot. Riskit. Strategisuuteen ei ole koskaan tarpeeksi aikaa.<\/p>\n<p>Teko\u00e4ly arvioi toimittajia ja havaitsee riskit. Se k\u00e4sittelee ostotilaukset automaattisesti. Se seuraa sopimusehtoja ja uusimisp\u00e4iv\u00e4m\u00e4\u00e4ri\u00e4. Se analysoi kulutusta ja l\u00f6yt\u00e4\u00e4 s\u00e4\u00e4st\u00f6j\u00e4. Se valvoo toimittajien suorituskyky\u00e4 jatkuvasti.<\/p>\n<p>Hankintatiimisi neuvottelee ja suunnittelee strategioita k\u00e4sittelyn sijaan.<\/p>\n\n<p><a href=\"https:\/\/www.leaplytics.de\/fi\/hankinta-hankinta-ai\/\">Katso AI for Sourcing &amp; Procurement \u2192<\/a><\/p>\n\n\n<hr class=\"wp-block-separator has-alpha-channel-opacity\"\/>\n\n\n\n<h3 class=\"wp-block-heading\">Mit\u00e4 teko\u00e4ly ei tee<\/h3>\n\n\n<p>Olemme rehellisi\u00e4 rajoista.<\/p>\n<p>Teko\u00e4ly ei korvaa tiimi\u00e4si. Se ei tee p\u00e4\u00e4t\u00f6ksi\u00e4. Se ei k\u00e4sittele arkaluonteisia tilanteita, jotka vaativat ihmisen kosketusta. Se ei luo strategiaa tai rakenna suhteita.<\/p>\n<p>Teko\u00e4ly hoitaa rutiinit. Lukeminen. K\u00e4sittelyn. kuvioiden t\u00e4sm\u00e4ytyksen. Ensimm\u00e4inen luonnos.<\/p>\n<p>Henkil\u00f6st\u00f6si tekee ajattelun, p\u00e4\u00e4t\u00f6kset ja ty\u00f6n, jossa heid\u00e4n asiantuntemustaan todella tarvitaan.<\/p>\n<p>Se ei ole rajoitus - se on asian ydin. Teko\u00e4ly tekee sit\u00e4, miss\u00e4 se on hyv\u00e4, jotta ihmiset voivat tehd\u00e4 sit\u00e4, miss\u00e4 he ovat hyvi\u00e4.<\/p>\n\n\n<hr class=\"wp-block-separator has-alpha-channel-opacity\"\/>\n\n\n\n<h3 class=\"wp-block-heading\">Miksi ty\u00f6skennell\u00e4 kanssamme<\/h3>\n\n\n<p>Emme myy teko\u00e4ly\u00e4 sen itsens\u00e4 vuoksi. Me ratkaisemme ongelmia.<\/p>\n\n<p><strong>K\u00e4yt\u00e4mme sit\u00e4, mit\u00e4 myymme.<\/strong><br \/>\nOma liiketoimintamme perustuu teko\u00e4lyyn. Lyijyn k\u00e4sittely. Asiakirjojen k\u00e4sittely. Analyysi. Tied\u00e4mme, mik\u00e4 toimii, koska olemme riippuvaisia siit\u00e4 joka p\u00e4iv\u00e4.<\/p>\n\n<p><strong>Keskitymme tuloksiin.<\/strong><br \/>\nEi teknologiaa teknologian vuoksi. Kysymme: mik\u00e4 ty\u00f6 sy\u00f6 aikaasi? Mik\u00e4 on j\u00e4\u00e4m\u00e4ss\u00e4 huomaamatta? Sitten rakennamme teko\u00e4lyn, joka korjaa sen.<\/p>\n\n<p><strong>Rakennamme ty\u00f6nkulkuasi varten.<\/strong><br \/>\nEi yhden koon tuotteita. Tarkastelemme, miten tiimisi todella toimii, ja rakennamme j\u00e4rjestelm\u00e4t, jotka sopivat siihen.<\/p>\n\n<p><strong>Olemme rehellisi\u00e4 sopivuuden suhteen.<\/strong><br \/>\nJoskus teko\u00e4ly ei ole ratkaisu. Jos ongelmasi on parempi ratkaista toisella tavalla, kerromme sen sinulle.<\/p>\n\n\n<hr class=\"wp-block-separator has-alpha-channel-opacity\"\/>\n\n\n\n<h3 class=\"wp-block-heading\">Oletko valmis n\u00e4kem\u00e4\u00e4n, mik\u00e4 on mahdollista?<\/h3>\n\n\n<p>Ajattele tiimisi aikaa.<\/p>\n<p>Mitk\u00e4 teht\u00e4v\u00e4t ovat toistuvia? Mitk\u00e4 ty\u00f6t eiv\u00e4t tarvitse ihmisen asiantuntemusta, mutta saavat sit\u00e4 silti? Mik\u00e4 j\u00e4\u00e4 tekem\u00e4tt\u00e4, kun kiire on kova?<\/p>\n<p>Siin\u00e4 teko\u00e4ly voi auttaa. Ei jonain p\u00e4iv\u00e4n\u00e4. Nyt.<\/p>\n<p>Keskustellaan erityishaasteistasi ja katsotaan, onko teko\u00e4ly j\u00e4rkev\u00e4\u00e4.<\/p>\n\n<p><a href=\"https:\/\/www.leaplytics.de\/fi\/kontakt\/\">Puhu meille<\/a><\/p>","protected":false},"excerpt":{"rendered":"<p>AI That Actually Works for Your Business Everyone talks about AI. Most of it is hype. We focus on what actually works. AI is good at specific things: reading documents, finding patterns, processing data, handling routine tasks. Things that eat up your team&#8217;s time every day. We build AI systems that do exactly that. No &hellip; <\/p>","protected":false},"author":2,"featured_media":0,"parent":0,"menu_order":0,"comment_status":"closed","ping_status":"closed","template":"","meta":{"footnotes":""},"class_list":["post-14255","page","type-page","status-publish","hentry","latest_post"],"_links":{"self":[{"href":"https:\/\/www.leaplytics.de\/fi\/wp-json\/wp\/v2\/pages\/14255","targetHints":{"allow":["GET"]}}],"collection":[{"href":"https:\/\/www.leaplytics.de\/fi\/wp-json\/wp\/v2\/pages"}],"about":[{"href":"https:\/\/www.leaplytics.de\/fi\/wp-json\/wp\/v2\/types\/page"}],"author":[{"embeddable":true,"href":"https:\/\/www.leaplytics.de\/fi\/wp-json\/wp\/v2\/users\/2"}],"replies":[{"embeddable":true,"href":"https:\/\/www.leaplytics.de\/fi\/wp-json\/wp\/v2\/comments?post=14255"}],"version-history":[{"count":14,"href":"https:\/\/www.leaplytics.de\/fi\/wp-json\/wp\/v2\/pages\/14255\/revisions"}],"predecessor-version":[{"id":14420,"href":"https:\/\/www.leaplytics.de\/fi\/wp-json\/wp\/v2\/pages\/14255\/revisions\/14420"}],"wp:attachment":[{"href":"https:\/\/www.leaplytics.de\/fi\/wp-json\/wp\/v2\/media?parent=14255"}],"curies":[{"name":"wp","href":"https:\/\/api.w.org\/{rel}","templated":true}]}}