{"id":14441,"date":"2025-12-19T01:44:46","date_gmt":"2025-12-19T00:44:46","guid":{"rendered":"https:\/\/www.leaplytics.de\/?page_id=14441"},"modified":"2025-12-19T01:44:47","modified_gmt":"2025-12-19T00:44:47","slug":"tyontekijan-itsepalvelutuki-ai","status":"publish","type":"page","link":"https:\/\/www.leaplytics.de\/fi\/tyontekijan-itsepalvelutuki-ai\/","title":{"rendered":"Ty\u00f6ntekij\u00f6iden itsepalvelu ja tuki AI"},"content":{"rendered":"<h2>Teko\u00e4ly ty\u00f6ntekij\u00f6iden itsepalvelua ja tukea varten: Lopeta samoihin kysymyksiin vastaaminen<\/h2>\n\n<p>Henkil\u00f6st\u00f6tiimisi vastaa kysymyksiin koko p\u00e4iv\u00e4n. Samoja kysymyksi\u00e4. Uudestaan ja uudestaan.<\/p>\n<p>\"Kuinka monta lomap\u00e4iv\u00e4\u00e4 minulla on?\" \"Mik\u00e4 on kuluk\u00e4yt\u00e4nt\u00f6?\" \"Miten p\u00e4ivit\u00e4n osoitteeni?\" \"Milloin etuuksien avoin ilmoittautuminen alkaa?\" \"Voinko ty\u00f6skennell\u00e4 et\u00e4n\u00e4?\"<\/p>\n<p>Kukin kysymys kest\u00e4\u00e4 5 minuuttia. S\u00e4hk\u00f6posti edestakaisin. Politiikkak\u00e4yt\u00e4nt\u00f6jen haku. J\u00e4rjestelm\u00e4tarkistus. Ei monimutkaista, vain toistuvaa.<\/p>\n<p>Mutta 50 kysymyst\u00e4 p\u00e4iv\u00e4ss\u00e4? Se on yli 4 tuntia. Joka p\u00e4iv\u00e4. Aikaa kuluu vastaamiseen asioihin, jotka ty\u00f6ntekij\u00e4t l\u00f6yt\u00e4isiv\u00e4t itse, jos tiedot olisivat saatavilla.<\/p>\n<p>Sill\u00e4 v\u00e4lin ty\u00f6ntekij\u00e4t odottavat. Joskus tuntikausia. Joskus p\u00e4ivi\u00e4. Yksinkertaisia vastauksia, joiden ei pit\u00e4isi vaatia henkil\u00f6st\u00f6hallinnon osallistumista lainkaan.<\/p>\n<p>Teko\u00e4ly korjaa t\u00e4m\u00e4n. Se vastaa v\u00e4litt\u00f6m\u00e4sti. T\u00e4sm\u00e4llisesti. 24\/7. Rutiinikysymyksiin ja -pyynt\u00f6ihin ty\u00f6ntekij\u00e4t saavat tarvitsemansa ilman HR:\u00e4\u00e4. Monimutkaisiin kysymyksiin HR osallistuu, ja asiayhteys on jo tallennettu.<\/p>\n<p>Tiimisi lakkaa olemasta help desk ja alkaa tehd\u00e4 varsinaista HR-ty\u00f6t\u00e4.<\/p>\n\n\n<hr class=\"wp-block-separator has-alpha-channel-opacity\"\/>\n\n\n\n<h3 class=\"wp-block-heading\">Ty\u00f6ntekij\u00f6iden tuen ongelma nyky\u00e4\u00e4n<\/h3>\n\n\n<p>Henkil\u00f6st\u00f6hallinto on kaikkien ensimm\u00e4inen asia, johon he soittavat. Politiikkaa koskevat kysymykset. J\u00e4rjestelm\u00e4kysymykset. Etuihin liittyv\u00e4t kysymykset. Prosessikysymykset. El\u00e4m\u00e4nmuutokset. Lomakkeet. Hyv\u00e4ksynn\u00e4t.<\/p>\n<p>Useimmat n\u00e4ist\u00e4 ovat yksinkertaisia. Vastaus l\u00f6ytyy toimintaohjeesta tai j\u00e4rjestelm\u00e4st\u00e4. Mutta ty\u00f6ntekij\u00e4t eiv\u00e4t tied\u00e4, mist\u00e4 etsi\u00e4. Tai he yritt\u00e4v\u00e4t eiv\u00e4tk\u00e4 l\u00f6yd\u00e4 sit\u00e4. Niinp\u00e4 he kysyv\u00e4t henkil\u00f6st\u00f6hallinnolta.<\/p>\n<p>Henkil\u00f6st\u00f6hallinnon on lopetettava toimintansa. Katsokaa itse. Vastaa. Toista. Koko p\u00e4iv\u00e4n.<\/p>\n<p>Kysymykset klusteroituvat. Maanantaiaamuisin sen j\u00e4lkeen, kun ihmiset ovat miettineet ty\u00f6el\u00e4m\u00e4asioita viikonlopun aikana. Avoimet ilmoittautumisajat. Yrityksen ilmoitusten j\u00e4lkeen. Kun k\u00e4yt\u00e4nt\u00f6 muuttuu.<\/p>\n<p>Hiljaisina aikoina se on hallittavissa. Kiireisin\u00e4 aikoina HR hukkuu. Vastausajat venyv\u00e4t p\u00e4iviin. Ty\u00f6ntekij\u00e4t turhautuvat. HR stressaantuu. Keskittymist\u00e4 vaativa ty\u00f6 keskeytyy jatkuvasti.<\/p>\n<p>Useimmat ty\u00f6ntekij\u00e4t eiv\u00e4t halua vaivata henkil\u00f6st\u00f6hallintoa. He etsiv\u00e4t vastaukset mieluummin itse. Itsepalveluty\u00f6kalut ovat kuitenkin kamalia. Haku ei toimi. Asiakirjat ovat hajallaan. Navigointi on sekavaa. Niinp\u00e4 he luovuttavat ja l\u00e4hett\u00e4v\u00e4t s\u00e4hk\u00f6postia henkil\u00f6st\u00f6hallintoon.<\/p>\n<p>T\u00e4m\u00e4 ei ole kummankaan puolen ihmisongelma. Se on j\u00e4rjestelm\u00e4ongelma. Ja teko\u00e4ly ratkaisee sen.<\/p>\n\n\n<hr class=\"wp-block-separator has-alpha-channel-opacity\"\/>\n\n\n\n<h3 class=\"wp-block-heading\">Mit\u00e4 teko\u00e4ly tekee ty\u00f6ntekij\u00f6iden tukemiselle<\/h3>\n\n\n<p>Teko\u00e4ly ei korvaa henkil\u00f6st\u00f6hallinnon henkil\u00f6st\u00f6tukea. Se hoitaa rutiiniteht\u00e4v\u00e4t, jotta HR voi keskitty\u00e4 siihen, mik\u00e4 todella vaatii ihmisen arvostelukyky\u00e4. N\u00e4in.<\/p>\n\n\n<h4 class=\"wp-block-heading\">V\u00e4litt\u00f6m\u00e4t vastaukset politiikan kysymyksiin<\/h4>\n\n\n<p>Ty\u00f6ntekij\u00e4 kysyy: \"Kuinka monta lomap\u00e4iv\u00e4\u00e4 minulla on j\u00e4ljell\u00e4?\"<\/p>\n<p>Teko\u00e4ly tarkistaa j\u00e4rjestelm\u00e4n. Se n\u00e4kee niiden kertyneen saldon. Vastaa: \"Sinulla on j\u00e4ljell\u00e4 12 lomap\u00e4iv\u00e4\u00e4. Saldosi nollautuu tammikuun 1. p\u00e4iv\u00e4n\u00e4. Haluaisitko j\u00e4tt\u00e4\u00e4 lomahakemuksen?\"<\/p>\n<p>Tai: \"Mik\u00e4 on asiakkaan aterioiden kulurajoitus?\"<\/p>\n<p>Teko\u00e4ly tuntee kulupolitiikan. \"Asiakkaiden ateriat hyv\u00e4ksyt\u00e4\u00e4n $75:een asti henkil\u00f6\u00e4 kohti. Alkoholi vaatii johtajan hyv\u00e4ksynn\u00e4n. Toimita kuitit kulukorvausj\u00e4rjestelm\u00e4n kautta 30 p\u00e4iv\u00e4n kuluessa.\"<\/p>\n<p>Tai: \"Voinko ty\u00f6skennell\u00e4 kotoa k\u00e4sin perjantaisin?\"<\/p>\n<p>Teko\u00e4ly tuntee kunkin osaston et\u00e4ty\u00f6k\u00e4yt\u00e4nn\u00f6t. \"Osastosi sallii enint\u00e4\u00e4n 2 et\u00e4ty\u00f6p\u00e4iv\u00e4\u00e4 viikossa esimiehen luvalla. Voit pyyt\u00e4\u00e4 hyv\u00e4ksynt\u00e4\u00e4 t\u00e4ll\u00e4 lomakkeella: [linkki]\"<\/p>\n<p>N\u00e4m\u00e4 vastaukset tulevat v\u00e4litt\u00f6m\u00e4sti. Et tarvitse odottaa HR:n vastausta. Ei k\u00e4yt\u00e4nt\u00f6asiakirjojen etsimist\u00e4. Kysy vain ja saat vastauksen.<\/p>\n<p>Teko\u00e4ly ei arvaa. Se tuntee politiikkasi. Se on koulutettu k\u00e4sikirjasi, k\u00e4yt\u00e4nt\u00f6asiakirjojesi ja usein kysyttyjen kysymysten perusteella. Kun k\u00e4yt\u00e4nn\u00f6t muuttuvat, p\u00e4ivit\u00e4t teko\u00e4lyn tietopohjan. Valmis.<\/p>\n\n\n<h4 class=\"wp-block-heading\">Rutiinipyynt\u00f6jen k\u00e4sittely ilman henkil\u00f6st\u00f6hallinnon osallistumista<\/h4>\n\n\n<p>Monet henkil\u00f6st\u00f6hallinnon pyynn\u00f6t ovat vakiomuotoisia. Arviointia ei tarvita. K\u00e4sittele se vain.<\/p>\n<p>Osoitteenmuutos. Nimenmuutos. H\u00e4t\u00e4yhteyshenkil\u00f6n p\u00e4ivitys. Asiakirjapyynt\u00f6. Verolomake. Palkkatodistus. Etuuksien vahvistuskirje.<\/p>\n<p>Tavallisesti ty\u00f6ntekij\u00e4 esitt\u00e4\u00e4 pyynn\u00f6n. Henkil\u00f6st\u00f6hallinto k\u00e4sittelee sen manuaalisesti. P\u00e4ivitet\u00e4\u00e4n j\u00e4rjestelm\u00e4\u00e4n. L\u00e4hett\u00e4\u00e4 vahvistuksen. Kest\u00e4\u00e4 10-15 minuuttia per pyynt\u00f6.<\/p>\n<p>Teko\u00e4ly hoitaa t\u00e4m\u00e4n automaattisesti.<\/p>\n<p>Ty\u00f6ntekij\u00e4: \"Muutin. Minun on p\u00e4ivitett\u00e4v\u00e4 osoitteeni.\"<\/p>\n<p>AI: \"Voin auttaa siin\u00e4. Mik\u00e4 on uusi osoitteesi?\"<\/p>\n<p>Ty\u00f6ntekij\u00e4 tarjoaa sen. Teko\u00e4ly validoi muodon. P\u00e4ivitt\u00e4\u00e4 HRIS-j\u00e4rjestelm\u00e4n. P\u00e4ivitet\u00e4\u00e4n palkanlaskentaj\u00e4rjestelm\u00e4. Vahvistaa: \"Osoitteesi on p\u00e4ivitetty. Seuraava palkkasekkinne vastaa uutta osoitetta.\"<\/p>\n<p>Tai: \"Tarvitsen kirjeen, joka vahvistaa ty\u00f6suhteeni asuntolainahakemusta varten.\"<\/p>\n<p>AI: \"Min\u00e4 tuotan sen sinulle. Se sis\u00e4lt\u00e4\u00e4 ammattinimikkeesi, aloitusp\u00e4iv\u00e4m\u00e4\u00e4r\u00e4n ja nykyisen palkkasi. Onko se oikein?\" Ty\u00f6ntekij\u00e4 vahvistaa. Teko\u00e4ly luo kirjeen. L\u00e4hett\u00e4\u00e4 sen. Valmis.<\/p>\n<p>Henkil\u00f6st\u00f6hallinto ei puutu asiaan, ellei jokin asia ole ep\u00e4tavallinen tai vaadi hyv\u00e4ksynt\u00e4\u00e4. Tavalliset pyynn\u00f6t vain k\u00e4sitell\u00e4\u00e4n.<\/p>\n\n\n<h4 class=\"wp-block-heading\">Ohjattu prosessituki<\/h4>\n\n\n<p>Jotkut asiat eiv\u00e4t ole yksitt\u00e4isi\u00e4 kysymyksi\u00e4 - ne ovat prosessi. Etuuksien rekister\u00f6inti. Lomahakemukset. Suorituskyvyn arviointi. Kulujen toimittaminen.<\/p>\n<p>N\u00e4m\u00e4 h\u00e4mment\u00e4v\u00e4t ihmisi\u00e4. Mitk\u00e4 vaiheet? Mitk\u00e4 lomakkeet? Mit\u00e4 vaaditaan? Mik\u00e4 on vapaaehtoista? Minne l\u00e4het\u00e4n hakemuksen?<\/p>\n<p>Teko\u00e4ly opastaa ty\u00f6ntekij\u00f6it\u00e4 askel askeleelta.<\/p>\n<p>Ty\u00f6ntekij\u00e4: Ty\u00f6ntekij\u00e4: \"J\u00e4\u00e4n vanhempainlomalle. Mit\u00e4 minun pit\u00e4\u00e4 tehd\u00e4?\"<\/p>\n<p>AI: \"K\u00e4yn kanssasi l\u00e4pi vanhempainlomaprosessin. Vahvistetaan ensin joitakin yksityiskohtia. Milloin laskettu aikasi on?\"<\/p>\n<p>Ty\u00f6ntekij\u00e4n vastaukset. Teko\u00e4ly jatkaa: \"Olet oikeutettu 12 viikon palkalliseen vanhempainvapaaseen. Sinun on j\u00e4tett\u00e4v\u00e4 hakemuksesi v\u00e4hint\u00e4\u00e4n 30 p\u00e4iv\u00e4\u00e4 ennen loman alkamista. Sinun on toimittava seuraavasti:<\/p>\n<ol>\n<li>T\u00e4yt\u00e4 vanhempainvapaata koskeva lomake [linkki].<\/li>\n<li>Toimita l\u00e4\u00e4k\u00e4rin laatimat l\u00e4\u00e4ketieteelliset asiakirjat<\/li>\n<li>Tapaaminen esimiehesi kanssa kattavuuden suunnittelemiseksi<\/li>\n<li>Koordinoi etuuksien jatkamista HR:n kanssa<\/li>\n<\/ol>\n<p>Haluatteko, ett\u00e4 l\u00e4het\u00e4n teille lomakkeen nyt?\"<\/p>\n<p>Ei sekaannusta. Ei ohitettuja askelia. Selke\u00e4\u00e4 opastusta alusta loppuun.<\/p>\n<p>T\u00e4m\u00e4 toimii miss\u00e4 tahansa monimutkaisessa HR-prosessissa. Teko\u00e4ly tuntee vaiheet. Se tiet\u00e4\u00e4, mit\u00e4 vaaditaan. Se voi opastaa ihmisi\u00e4 l\u00e4pi ilman, ett\u00e4 HR pit\u00e4\u00e4 jokaista ihmist\u00e4 erikseen k\u00e4dest\u00e4 pit\u00e4en.<\/p>\n\n\n<h4 class=\"wp-block-heading\">\u00c4lyk\u00e4s eskalointi ihmisille<\/h4>\n\n\n<p>Teko\u00e4ly ei pysty k\u00e4sittelem\u00e4\u00e4n kaikkea. Joissakin asioissa tarvitaan ihmisen arvostelukyky\u00e4. Jotkut asiat ovat arkaluonteisia. Jotkut asiat ovat liian monimutkaisia tai ainutlaatuisia.<\/p>\n<p>Teko\u00e4ly tuntee rajansa. Kun kysymys ylitt\u00e4\u00e4 rutiininomaisen rajan, se siirtyy HR:\u00e4\u00e4n - mutta asiayhteyden kanssa.<\/p>\n<p>Ty\u00f6ntekij\u00e4: Ty\u00f6ntekij\u00e4: \"Olen tekemisiss\u00e4 h\u00e4irint\u00e4tilanteen kanssa esimieheni kanssa.\" \"Ty\u00f6ntekij\u00e4: Olen tekemisiss\u00e4 h\u00e4irint\u00e4tilanteen kanssa esimieheni kanssa.\"<\/p>\n<p>AI v\u00e4litt\u00f6m\u00e4sti: \"Yhdist\u00e4n sinut v\u00e4litt\u00f6m\u00e4sti HR:\u00e4\u00e4n. T\u00e4m\u00e4 vaatii suoraa inhimillist\u00e4 tukea. Odota, ett\u00e4 [HR-henkil\u00f6] soittaa sinulle tunnin kuluessa\". Jos asia on kiireellinen, voit tavoittaa h\u00e4net my\u00f6s [yhteystiedot].\".<\/p>\n<p>Teko\u00e4ly kirjaa keskustelun. Ohjaa sen oikealle henkil\u00f6lle. Merkitsee sen ensisijaiseksi. HR n\u00e4kee asiayhteyden ja voi vastata asianmukaisesti.<\/p>\n<p>Tai v\u00e4hemm\u00e4n arkaluonteinen mutta monimutkainen: \"Tilanteeni on ainutlaatuinen - muutan toiseen maahan puolison ty\u00f6paikan vuoksi.\"<\/p>\n<p>AI: \"Kyseess\u00e4 on monimutkainen tilanne, jolla on kansainv\u00e4lisi\u00e4 vaikutuksia. V\u00e4lit\u00e4n t\u00e4m\u00e4n HR:lle, joka voi keskustella vaihtoehdoistasi. He ottavat yhteytt\u00e4 24 tunnin kuluessa. Sill\u00e4 v\u00e4lin t\u00e4ss\u00e4 on yleist\u00e4 tietoa kansainv\u00e4lisist\u00e4 tilisiirroista: [linkki]\"<\/p>\n<p>Teko\u00e4ly ei teeskentele, ett\u00e4 se pystyy hoitamaan kaiken. Se tiet\u00e4\u00e4, milloin ihminen on otettava mukaan. Se kuitenkin tallentaa asiayhteyden, jotta henkil\u00f6st\u00f6osasto ei joudu aloittamaan kaikkea alusta.<\/p>\n\n\n<h4 class=\"wp-block-heading\">Saatavuus 24\/7<\/h4>\n\n\n<p>Henkil\u00f6st\u00f6hallinnon kysymykset eiv\u00e4t koske vain maanantaista perjantaihin kello 9-17.<\/p>\n<p>Sunnuntai-iltana: \"Hetkinen, mihin aikaan haastatteluni alkaa huomenna?\".<\/p>\n<p>KELLO 23.00: \"Muistin juuri, ett\u00e4 minun on toimitettava se kuluraportti huomenna.\"<\/p>\n<p>Aikaisin aamulla: \"Voinko vied\u00e4 lapseni l\u00e4\u00e4k\u00e4rin vastaanotolle t\u00e4n\u00e4\u00e4n k\u00e4ytt\u00e4m\u00e4tt\u00e4 PTO:ta?\" \"Voinko vied\u00e4 lapseni l\u00e4\u00e4k\u00e4rin vastaanotolle t\u00e4n\u00e4\u00e4n k\u00e4ytt\u00e4m\u00e4tt\u00e4 PTO:ta?\"<\/p>\n<p>Yleens\u00e4 n\u00e4m\u00e4 odottavat, kunnes HR on k\u00e4ytett\u00e4viss\u00e4. Silloin saattaa olla jo liian my\u00f6h\u00e4ist\u00e4 tai henkil\u00f6 on jo itse keksinyt asian.<\/p>\n<p>Teko\u00e4ly on aina l\u00e4sn\u00e4. Y\u00f6t. Viikonloppuisin. Lomat. Kysymyksiin vastataan silloin, kun ihmiset tarvitsevat niit\u00e4, ei silloin, kun HR sattuu olemaan toimistossa.<\/p>\n<p>T\u00e4m\u00e4 on erityisen arvokasta yrityksille, joilla on useita aikavy\u00f6hykkeit\u00e4, vuoroty\u00f6ntekij\u00f6it\u00e4 tai maailmanlaajuisia tiimej\u00e4.<\/p>\n\n\n<hr class=\"wp-block-separator has-alpha-channel-opacity\"\/>\n\n\n\n<h3 class=\"wp-block-heading\">Mit\u00e4 t\u00e4m\u00e4 tarkoittaa sinulle<\/h3>\n\n\n\n<h4 class=\"wp-block-heading\">Henkil\u00f6st\u00f6johtajille ja henkil\u00f6st\u00f6johtajille<\/h4>\n\n\n<ul>\n<li><strong>HR:n lippujen m\u00e4\u00e4r\u00e4n v\u00e4hent\u00e4minen.<\/strong> 60-80% AI:n k\u00e4sittelemist\u00e4 tiedusteluista. Tiimisi kapasiteetti kasvaa tehokkaasti.<\/li>\n<li><strong>Ty\u00f6ntekij\u00f6iden tyytyv\u00e4isyys paranee.<\/strong> V\u00e4litt\u00f6m\u00e4t vastaukset. Ei odottelua. Selke\u00e4\u00e4 opastusta. Ty\u00f6ntekij\u00e4t tuntevat saavansa tukea.<\/li>\n<li><strong>HR keskittyy strategiseen ty\u00f6h\u00f6n.<\/strong> Ei vastata samoihin kysymyksiin koko p\u00e4iv\u00e4\u00e4. Ihmisten ohjelmien todellinen parantaminen.<\/li>\n<li><strong>Johdonmukaiset tiedot.<\/strong> Samat vastaukset joka kerta. Ei \"riippuu siit\u00e4, kenelt\u00e4 kysyt\" -ongelmia.<\/li>\n<li><strong>N\u00e4kyvyys ty\u00f6ntekij\u00f6iden huolenaiheisiin.<\/strong> Mist\u00e4 ihmiset kysyv\u00e4t? Miss\u00e4 on h\u00e4mmennyst\u00e4? Tiedot osoittavat, miss\u00e4 viestint\u00e4\u00e4 on parannettava.<\/li>\n<li><strong>Laajenna tukea ilman henkil\u00f6st\u00f6m\u00e4\u00e4r\u00e4n kasvattamista.<\/strong> Yritys kasvaa 30%? AI selviytyy kasvaneesta volyymista ilman henkil\u00f6st\u00f6henkil\u00f6st\u00f6n lis\u00e4\u00e4mist\u00e4.<\/li>\n<\/ul>\n\n\n<h4 class=\"wp-block-heading\">Henkil\u00f6st\u00f6p\u00e4\u00e4llik\u00f6ille ja -asiantuntijoille<\/h4>\n\n\n<ul>\n<li><strong>Lopeta toistuviin kysymyksiin vastaaminen.<\/strong> Teko\u00e4ly huolehtii rutiinista. Sin\u00e4 hoidat monimutkaiset ja arkaluonteiset asiat.<\/li>\n<li><strong>K\u00e4sittele poikkeuksia, \u00e4l\u00e4 rutiinitiedusteluja.<\/strong> Asiantuntemustasi k\u00e4ytet\u00e4\u00e4n siell\u00e4, miss\u00e4 sill\u00e4 on merkityst\u00e4, ei politiikan hakemisessa.<\/li>\n<li><strong>V\u00e4hemm\u00e4n keskeytyksi\u00e4.<\/strong> V\u00e4hemm\u00e4n jatkuvia pingauksia. Enemm\u00e4n aikaa keskitty\u00e4 projekteihin, jotka todella parantavat henkil\u00f6st\u00f6hallintoa.<\/li>\n<li><strong>Konteksti, kun eskaloituminen tapahtuu.<\/strong> Kun asiat tulevat luoksesi, sinulla on keskusteluhistoria. Ei tarvitse aloittaa alusta.<\/li>\n<li><strong>Tyydytt\u00e4v\u00e4mpi ty\u00f6.<\/strong> V\u00e4hemm\u00e4n hallintoa. Enemm\u00e4n ongelmanratkaisua, enemm\u00e4n strategiaa, enemm\u00e4n varsinaista ihmisty\u00f6t\u00e4.<\/li>\n<\/ul>\n\n\n<h4 class=\"wp-block-heading\">Ty\u00f6ntekij\u00f6ille<\/h4>\n\n\n<ul>\n<li><strong>V\u00e4litt\u00f6m\u00e4t vastaukset.<\/strong> Yksinkertaisia kysymyksi\u00e4 ei tarvitse odottaa tuntikausia tai p\u00e4ivi\u00e4. Kysy ja saat tiet\u00e4\u00e4 heti.<\/li>\n<li><strong>Ei odottelua aukioloaikoihin.<\/strong> Kysymys klo 21.00? Saat vastauksen klo 21.00.<\/li>\n<li><strong>Selke\u00e4t ohjeet.<\/strong> Ei vain vastauksia - apua koko prosessin l\u00e4pi. Tied\u00e4t, mit\u00e4 tehd\u00e4 ja miten tehd\u00e4 se.<\/li>\n<li><strong>V\u00e4hemm\u00e4n kitkaa.<\/strong> Standardipyynn\u00f6t k\u00e4sitell\u00e4\u00e4n automaattisesti. Vaihda osoitteesi ilman s\u00e4hk\u00f6postia henkil\u00f6st\u00f6hallintoon ja odottelua.<\/li>\n<li><strong>Tunne, ett\u00e4 sinua tuetaan.<\/strong> Kun tarvitset apua, se on siell\u00e4. Ei \"l\u00e4het\u00e4 tiketti ja odota\".<\/li>\n<\/ul>\n\n\n<hr class=\"wp-block-separator has-alpha-channel-opacity\"\/>\n\n\n\n<h3 class=\"wp-block-heading\">Mit\u00e4 teko\u00e4ly ei tee<\/h3>\n\n\n<p>Ollaan selvill\u00e4 rajoista.<\/p>\n<p>Teko\u00e4ly ei k\u00e4sittele arkaluonteisia asioita. H\u00e4irint\u00e4. Syrjint\u00e4. Suorituskykyongelmat. Ihmisten v\u00e4liset konfliktit. Mielenterveysongelmat. N\u00e4m\u00e4 menev\u00e4t v\u00e4litt\u00f6m\u00e4sti ihmisten k\u00e4sitelt\u00e4viksi.<\/p>\n<p>Teko\u00e4ly ei tee poikkeuksia k\u00e4yt\u00e4nt\u00f6\u00f6n. \"Saisinko yhden lomap\u00e4iv\u00e4n lis\u00e4\u00e4, vaikka olen jo rajani saavuttanut?\" \"Saanko viel\u00e4 yhden lomap\u00e4iv\u00e4n?\" Se on ihmisen, ei teko\u00e4lyn pyynt\u00f6.<\/p>\n<p>Teko\u00e4ly ei anna neuvoja monimutkaisissa henkil\u00f6kohtaisissa tilanteissa. \"Pit\u00e4isik\u00f6 minun ottaa uusi ty\u00f6tarjous vastaan sis\u00e4isesti vai pysy\u00e4 nykyisess\u00e4 teht\u00e4v\u00e4ss\u00e4ni?\" T\u00e4m\u00e4 edellytt\u00e4\u00e4 HR-neuvontaa, ei automaattisia vastauksia.<\/p>\n<p>Se hoitaa rutiinit. Politiikkahakuja. Yksinkertaiset pyynn\u00f6t. Prosessiohjaus. 80%, joka ei vaadi ihmisen harkintaa.<\/p>\n<p>Muut 20% - monimutkaiset, arkaluonteiset ja ainutlaatuiset - menev\u00e4t edelleen henkil\u00f6st\u00f6hallintotiimillesi. Mutta nyt heill\u00e4 on aikaa k\u00e4sitell\u00e4 ne kunnolla, koska he eiv\u00e4t ole hautautuneet rutiinitiedusteluihin.<\/p>\n\n\n<hr class=\"wp-block-separator has-alpha-channel-opacity\"\/>\n\n\n\n<h3 class=\"wp-block-heading\">Vaikutukset todellisessa maailmassa<\/h3>\n\n\n<p>Milt\u00e4 t\u00e4m\u00e4 oikeastaan n\u00e4ytt\u00e4\u00e4?<\/p>\n<p>800 ty\u00f6ntekij\u00e4\u00e4 ty\u00f6llist\u00e4v\u00e4 yritys ottaa k\u00e4ytt\u00f6\u00f6n teko\u00e4lyn ty\u00f6ntekij\u00f6iden tukemiseen. Ennen: HR sai 150-200 kysely\u00e4 viikossa. HR k\u00e4ytti 30-40 tuntia viikossa pelk\u00e4st\u00e4\u00e4n kysymyksiin vastaamiseen.<\/p>\n<p>Sen j\u00e4lkeen: Teko\u00e4ly k\u00e4sittelee 120-150 n\u00e4ist\u00e4 tiedusteluista automaattisesti. HR k\u00e4sittelee vain 30-50. Se tarkoittaa 20-30 tunnin s\u00e4\u00e4st\u00f6\u00e4 viikossa. K\u00e4yt\u00e4nn\u00f6ss\u00e4 yhden kokoaikaisen toimen verran kapasiteettia vapautuu.<\/p>\n<p>Ty\u00f6ntekij\u00f6iden tyytyv\u00e4isyys henkil\u00f6st\u00f6hallinnon tukeen paranee. Rutiinikysymysten vastausaika lyhenee tunneista sekunteihin. Monimutkaisten kysymysten vastausaika paranee, koska henkil\u00f6st\u00f6hallinnolla on aikaa k\u00e4sitell\u00e4 ne asianmukaisesti.<\/p>\n<p>Henkil\u00f6st\u00f6hallinto ty\u00f6skentelee asioiden parissa, joilla on oikeasti merkityst\u00e4. Etuusohjelman parannukset. Johtajien koulutus. Ty\u00f6ntekij\u00f6iden sitouttamista koskevat aloitteet. Asiat, jotka ty\u00f6nnettiin syrj\u00e4\u00e4n, kun he hukkuivat kyselyihin.<\/p>\n<p>T\u00e4m\u00e4 ei ole hypoteettista. N\u00e4in tapahtuu, kun teko\u00e4ly hoitaa ty\u00f6ntekij\u00f6iden tuen oikein.<\/p>\n\n\n<hr class=\"wp-block-separator has-alpha-channel-opacity\"\/>\n\n\n\n<h3 class=\"wp-block-heading\">Aloittaminen<\/h3>\n\n\n<p>Kaikkea ei tarvitse automatisoida. Aloita suurista m\u00e4\u00e4rist\u00e4 ja yksinkertaisista kyselyist\u00e4.<\/p>\n<p>Useimmille yrityksille t\u00e4m\u00e4 on poliittisia kysymyksi\u00e4. Lomasaldot. Etujen perusteet. Kuluk\u00e4yt\u00e4nn\u00f6t. Aloita siit\u00e4.<\/p>\n<p>Tai ehk\u00e4 kyse on yksinkertaisista pyynn\u00f6ist\u00e4. Osoitteenmuutokset. Asiakirjapyynt\u00f6j\u00e4. Lomakkeiden lataaminen. Automatisoi ne ensin.<\/p>\n<p>Tai ehk\u00e4 kyse on prosessinohjauksesta. Etuuksien rekister\u00f6inti. Lomahakemukset. Kulut. Auta ihmisi\u00e4 n\u00e4iss\u00e4 asioissa ilman HR:n k\u00e4denojennusta.<\/p>\n<p>Valitse yksi luokka. Toteuta teko\u00e4ly. Mittaa volyymin v\u00e4heneminen. Mittaa ty\u00f6ntekij\u00f6iden tyytyv\u00e4isyytt\u00e4. Laajenna sitten.<\/p>\n<p>Jokaisen yrityksen ty\u00f6ntekij\u00f6iden tukitarpeet ovat erilaisia. Toimintatapasi ovat ainutlaatuisia. J\u00e4rjestelmiss\u00e4nne on omat erityispiirteens\u00e4. Ty\u00f6ntekij\u00f6ill\u00e4si on tiettyj\u00e4 toimintatapoja.<\/p>\n<p>Siksi ty\u00f6ntekij\u00f6iden tukiteko\u00e4ly ei ole pelkk\u00e4\u00e4 plug-and-play-toimintoa. Sen on opittava k\u00e4yt\u00e4nt\u00f6si. Sen on integroitava j\u00e4rjestelmiinne. Sen on sovitettava prosesseihisi.<\/p>\n\n\n<hr class=\"wp-block-separator has-alpha-channel-opacity\"\/>\n\n\n\n<h3 class=\"wp-block-heading\">Lopputulos<\/h3>\n\n\n<p>HR-tiimien ei pit\u00e4isi olla neuvontapisteit\u00e4. Niiden pit\u00e4isi olla strategisia kumppaneita, jotka auttavat liiketoimintaa lahjakkuuden, kulttuurin ja henkil\u00f6st\u00f6ohjelmien avulla.<\/p>\n<p>Mutta he eiv\u00e4t voi olla strategisia, kun he hukkuvat rutiinitiedusteluihin. T\u00e4ss\u00e4 kohtaa teko\u00e4ly tulee kuvaan mukaan.<\/p>\n<p>Teko\u00e4ly hoitaa rutiinit. Politiikkahakuja. Yksinkertaiset pyynn\u00f6t. Perusohjaus. V\u00e4litt\u00f6m\u00e4sti. Johdonmukaisesti. 24\/7.<\/p>\n<p>Henkil\u00f6st\u00f6hallinto huolehtii monimutkaisesta kokonaisuudesta. Herkk\u00e4. Ainutlaatuiset. Asiat, jotka todella vaativat ihmisen harkintaa ja asiantuntemusta.<\/p>\n<p>Tulos: ty\u00f6ntekij\u00e4t saavat parempaa tukea, henkil\u00f6st\u00f6hallinto tekee parempaa ty\u00f6t\u00e4 ja organisaatio saa enemm\u00e4n arvoa henkil\u00f6st\u00f6hallinnosta.<\/p>\n<p>Se ei ole hype\u00e4. N\u00e4in teko\u00e4ly vaikuttaa ty\u00f6ntekij\u00f6iden tukeen, kun se toteutetaan oikein.<\/p>\n\n\n<hr class=\"wp-block-separator has-alpha-channel-opacity\"\/>\n\n\n\n<h3 class=\"wp-block-heading\">Oletko valmis v\u00e4hent\u00e4m\u00e4\u00e4n HR-kyselyjen m\u00e4\u00e4r\u00e4\u00e4?<\/h3>\n\n\n<p>Emme myy yleisi\u00e4 chatbotteja. Tarkastelemme erityisi\u00e4 kyselymalleja. Sinun k\u00e4yt\u00e4nt\u00f6si. J\u00e4rjestelm\u00e4si. Prosessisi.<\/p>\n<p>Sitten rakennamme teko\u00e4lyn, joka sopii siihen, miten ty\u00f6ntekij\u00e4si todella tarvitsevat tukea. Se ei ole yleinen UKK-botti, vaan todellista tukea, joka toimii.<\/p>\n<p>Ei hype\u00e4. Ei ylimyynti\u00e4. Vain k\u00e4yt\u00e4nn\u00f6llist\u00e4 teko\u00e4ly\u00e4, joka parantaa ty\u00f6ntekij\u00f6iden tukea ja tekee HR-ty\u00f6st\u00e4 strategisempaa.<\/p>\n\n<p><a href=\"https:\/\/www.leaplytics.de\/fi\/kontakt\/\">Keskustellaan ty\u00f6ntekij\u00f6iden tukemiseen liittyvist\u00e4 haasteista<\/a><\/p>\n\n<p><a href=\"https:\/\/www.leaplytics.de\/fi\/inhimilliset-voimavarat-ai\/\">Takaisin sivulle HR AI Solutions<\/a><\/p>","protected":false},"excerpt":{"rendered":"<p>Teko\u00e4ly ty\u00f6ntekij\u00f6iden itsepalvelua ja tukea varten: HR-tiimisi vastaa kysymyksiin koko p\u00e4iv\u00e4n. Samoihin kysymyksiin. Yh\u00e4 uudelleen ja uudelleen. \"Kuinka monta lomap\u00e4iv\u00e4\u00e4 minulla on?\" \"Mik\u00e4 on kuluk\u00e4yt\u00e4nt\u00f6?\" \"Miten p\u00e4ivit\u00e4n osoitteeni?\" \"Milloin etuuksiin ilmoittautuminen alkaa?\" \"Voinko ty\u00f6skennell\u00e4 et\u00e4n\u00e4?\" Jokainen kysymys vie 5 ... <\/p>","protected":false},"author":2,"featured_media":0,"parent":0,"menu_order":0,"comment_status":"closed","ping_status":"closed","template":"","meta":{"footnotes":""},"class_list":["post-14441","page","type-page","status-publish","hentry","latest_post"],"_links":{"self":[{"href":"https:\/\/www.leaplytics.de\/fi\/wp-json\/wp\/v2\/pages\/14441","targetHints":{"allow":["GET"]}}],"collection":[{"href":"https:\/\/www.leaplytics.de\/fi\/wp-json\/wp\/v2\/pages"}],"about":[{"href":"https:\/\/www.leaplytics.de\/fi\/wp-json\/wp\/v2\/types\/page"}],"author":[{"embeddable":true,"href":"https:\/\/www.leaplytics.de\/fi\/wp-json\/wp\/v2\/users\/2"}],"replies":[{"embeddable":true,"href":"https:\/\/www.leaplytics.de\/fi\/wp-json\/wp\/v2\/comments?post=14441"}],"version-history":[{"count":1,"href":"https:\/\/www.leaplytics.de\/fi\/wp-json\/wp\/v2\/pages\/14441\/revisions"}],"predecessor-version":[{"id":14448,"href":"https:\/\/www.leaplytics.de\/fi\/wp-json\/wp\/v2\/pages\/14441\/revisions\/14448"}],"wp:attachment":[{"href":"https:\/\/www.leaplytics.de\/fi\/wp-json\/wp\/v2\/media?parent=14441"}],"curies":[{"name":"wp","href":"https:\/\/api.w.org\/{rel}","templated":true}]}}