{"id":14460,"date":"2025-12-19T01:51:00","date_gmt":"2025-12-19T00:51:00","guid":{"rendered":"https:\/\/www.leaplytics.de\/?page_id=14460"},"modified":"2025-12-19T01:51:01","modified_gmt":"2025-12-19T00:51:01","slug":"vaatimustenmukaisuuden-politiikan-tarkastaminen-ai","status":"publish","type":"page","link":"https:\/\/www.leaplytics.de\/fi\/vaatimustenmukaisuuden-politiikan-tarkastaminen-ai\/","title":{"rendered":"Vaatimustenmukaisuus ja toimintaperiaatteiden tarkistaminen AI"},"content":{"rendered":"<h2>Teko\u00e4ly vaatimustenmukaisuuden ja k\u00e4yt\u00e4nt\u00f6jen tarkistamiseen: Lakkaa toivomasta, ettet j\u00e4tt\u00e4nyt jotain huomiotta.<\/h2>\n\n<p>S\u00e4\u00e4nt\u00f6j\u00e4 on kaikkialla. Liittovaltion lait. Osavaltioiden lait. Teollisuuden m\u00e4\u00e4r\u00e4ykset. Yrityksen toimintaperiaatteet. Sopimusvelvoitteet. Tietosuojavaatimukset.<\/p>\n<p>Jokaisen asiakirjan on oltava vaatimusten mukainen. Jokaista k\u00e4yt\u00e4nt\u00f6\u00e4 on p\u00e4ivitett\u00e4v\u00e4 s\u00e4\u00e4nn\u00f6sten muuttuessa. Jokainen sopimus on tarkistettava useiden s\u00e4\u00e4nt\u00f6kokonaisuuksien perusteella.<\/p>\n<p>Vaatimusten noudattaminen ei ole vapaaehtoista. Jos jotakin j\u00e4\u00e4 huomiotta, siit\u00e4 voi aiheutua suuria kustannuksia: sakkoja, oikeusjuttuja, s\u00e4\u00e4ntelytutkimuksia ja mainehaittoja.<\/p>\n<p>Ongelma? Vaatimustenmukaisuuden tarkastaminen on manuaalista. Se vie aikaa. Jotain j\u00e4\u00e4 helposti huomaamatta, kun tarkastat 15. sopimustasi sin\u00e4 p\u00e4iv\u00e4n\u00e4.<\/p>\n<p>Teko\u00e4ly muuttaa t\u00e4m\u00e4n. Se tarkistaa jokaisen asiakirjan jokaisen s\u00e4\u00e4nn\u00f6n perusteella. Se havaitsee puutteet. Se seuraa s\u00e4\u00e4ntelyn muutoksia. Se ehdottaa p\u00e4ivityksi\u00e4.<\/p>\n<p>Saat j\u00e4rjestelm\u00e4llisen vaatimustenmukaisuuden tarkastuksen sen sijaan, ett\u00e4 toivoisit, ettei mit\u00e4\u00e4n lipsahtaisi l\u00e4pi.<\/p>\n\n\n<hr class=\"wp-block-separator has-alpha-channel-opacity\"\/>\n\n\n\n<h3 class=\"wp-block-heading\">Vaatimusten noudattamista koskeva ongelma<\/h3>\n\n\n<p>Vaatimustenmukaisuusty\u00f6 on suoraviivaista mutta ty\u00f6l\u00e4st\u00e4: Tarkista, t\u00e4ytt\u00e4v\u00e4tk\u00f6 asiakirjat vaaditut standardit.<\/p>\n\n<p>Yleiset vaatimustenmukaisuusskenaariot:<\/p>\n<ul>\n<li>Tietosuojak\u00e4yt\u00e4nt\u00f6jen on sis\u00e4llett\u00e4v\u00e4 erityisi\u00e4 GDPR-paljastuksia.<\/li>\n<li>Palveluehtojen on sis\u00e4llett\u00e4v\u00e4 pakolliset osavaltiokohtaiset m\u00e4\u00e4r\u00e4ykset<\/li>\n<li>Sopimusten on oltava alan s\u00e4\u00e4nn\u00f6sten mukaisia (HIPAA, SOX, PCI-DSS).<\/li>\n<li>Henkil\u00f6st\u00f6politiikkojen on vastattava nykyist\u00e4 ty\u00f6lains\u00e4\u00e4d\u00e4nt\u00f6\u00e4<\/li>\n<li>Tuotemerkint\u00f6jen on t\u00e4ytett\u00e4v\u00e4 FDA:n vaatimukset<\/li>\n<li>Taloudellisten asiakirjojen on t\u00e4ytett\u00e4v\u00e4 julkistamiss\u00e4\u00e4nn\u00f6t<\/li>\n<li>Markkinointimateriaalin on oltava mainontaa koskevien s\u00e4\u00e4nn\u00f6sten mukaista<\/li>\n<\/ul>\n\n<p>Perinteinen vaatimustenmukaisuuden tarkastus:<\/p>\n<ul>\n<li>Yll\u00e4pidet\u00e4\u00e4n vaatimusten tarkistuslistoja<\/li>\n<li>Asiakirjojen tarkistaminen manuaalisesti tarkistuslistojen perusteella<\/li>\n<li>Yrit\u00e4 pysy\u00e4 mukana s\u00e4\u00e4ntelyn muutoksissa<\/li>\n<li>Asiakirjojen p\u00e4ivitt\u00e4minen s\u00e4\u00e4nn\u00f6sten muuttuessa<\/li>\n<li>Toivottavasti et j\u00e4\u00e4nyt mist\u00e4\u00e4n paitsi<\/li>\n<li>Huomaat, ett\u00e4 olet j\u00e4tt\u00e4nyt jotain huomaamatta, kun sinua sakotetaan tai haastetaan oikeuteen.<\/li>\n<\/ul>\n\n<p>Ongelmat:<\/p>\n<ul>\n<li>Manuaalinen tarkastus on hidasta ja ep\u00e4johdonmukaista<\/li>\n<li>Vaatimukset muuttuvat nopeammin kuin pystyt seuraamaan<\/li>\n<li>Eri laink\u00e4ytt\u00f6alueilla on erilaiset s\u00e4\u00e4nn\u00f6t<\/li>\n<li>Kukaan ei voi pit\u00e4\u00e4 satoja vaatimuksia p\u00e4\u00e4ss\u00e4\u00e4n.<\/li>\n<li>Paine nopeaan toimintaan johtaa oikotiet\u00e4.<\/li>\n<li>Ei todisteita siit\u00e4, ett\u00e4 olet todella tarkistanut kaiken<\/li>\n<\/ul>\n\n<p>Tulos: Vaatimusten noudattamisesta tulee pelkk\u00e4\u00e4 ruutujen rastittamista. Kunnes jokin menee pieleen.<\/p>\n\n\n<hr class=\"wp-block-separator has-alpha-channel-opacity\"\/>\n\n\n\n<h3 class=\"wp-block-heading\">Mit\u00e4 teko\u00e4ly tekee vaatimustenmukaisuuden ja toimintaperiaatteiden tarkistamisessa<\/h3>\n\n\n<p>Teko\u00e4ly tuntee s\u00e4\u00e4nn\u00f6t. Se lukee asiakirjoja. Se vertaa n\u00e4it\u00e4 kahta. Se ei koskaan v\u00e4sy. Se ei koskaan unohda vaatimuksia.<\/p>\n<p>Se ei korvaa s\u00e4\u00e4nt\u00f6jen noudattamiseen liittyv\u00e4\u00e4 asiantuntemusta. Se tekee s\u00e4\u00e4nt\u00f6jen noudattamisesta j\u00e4rjestelm\u00e4llist\u00e4 eik\u00e4 tapauskohtaista.<\/p>\n\n\n<h4 class=\"wp-block-heading\">1. Automaattinen vaatimustenmukaisuuden tarkastus<\/h4>\n\n\n<p>Sin\u00e4 annat AI:lle vaatimustenmukaisuusvaatimukset. Se tarkistaa jokaisen asiakirjan niiden perusteella.<\/p>\n\n<p><strong>Esimerkki: GDPR:n tietosuojak\u00e4yt\u00e4nn\u00f6n tarkistus<\/strong><\/p>\n<p>GDPR edellytt\u00e4\u00e4 erityisi\u00e4 tietoja. Teko\u00e4ly tarkistaa tietosuojak\u00e4yt\u00e4nt\u00f6si:<\/p>\n<ul>\n<li>Rekisterinpit\u00e4j\u00e4n henkil\u00f6llisyys ja yhteystiedot<\/li>\n<li>Tietosuojavastaavan yhteystiedot (tarvittaessa)<\/li>\n<li>Tietojen k\u00e4sittelyn tarkoitukset<\/li>\n<li>K\u00e4sittelyn oikeusperusta<\/li>\n<li>Oikeutetut edut (tarvittaessa)<\/li>\n<li>Vastaanottajat tai vastaanottajaryhm\u00e4t<\/li>\n<li>Kansainv\u00e4liset tiedonsiirrot (tarvittaessa)<\/li>\n<li>S\u00e4ilytysajat<\/li>\n<li>Rekister\u00f6ityjen oikeudet (tietojen saanti, oikaiseminen, poistaminen jne.).<\/li>\n<li>Oikeus peruuttaa suostumus<\/li>\n<li>Oikeus tehd\u00e4 valitus valvontaviranomaiselle<\/li>\n<li>Automaattisen p\u00e4\u00e4t\u00f6ksenteon tietojen luovuttaminen (tarvittaessa)<\/li>\n<\/ul>\n\n<p>Teko\u00e4ly palaa:<\/p>\n<ul>\n<li>\u2713 L\u00e4sn\u00e4: Luettelo t\u00e4ytetyist\u00e4 vaatimuksista<\/li>\n<li>\u2717 Puuttuu: Vaatimusluetteloa ei l\u00f6ydy<\/li>\n<li>\u26a0 Ep\u00e4selv\u00e4: Vaatimukset on mahdollisesti otettu huomioon, mutta niit\u00e4 ei ole selke\u00e4sti esitetty.<\/li>\n<\/ul>\n\n<p>Korjaat puutteet ennen kuin s\u00e4\u00e4ntelyviranomaiset l\u00f6yt\u00e4v\u00e4t ne.<\/p>\n\n\n<h4 class=\"wp-block-heading\">2. Vaadittu sis\u00e4ll\u00f6n todentaminen<\/h4>\n\n\n<p>Joihinkin asiakirjoihin on sis\u00e4llytett\u00e4v\u00e4 erityist\u00e4 kielt\u00e4. Sanasta sanaan. Teko\u00e4ly tarkistaa sen.<\/p>\n\n<p><strong>Esimerkki: Osavaltiokohtaiset tiedot<\/strong><\/p>\n\n<p>Kaliforniassa ty\u00f6suhteiden v\u00e4lityssopimuksissa on oltava erityinen kieli. New Yorkissa edellytet\u00e4\u00e4n erityist\u00e4 kielt\u00e4 luottamuksellisuuslausekkeita sis\u00e4lt\u00e4viss\u00e4 sovintosopimuksissa.<\/p>\n\n<p>Teko\u00e4lyn tarkistukset:<\/p>\n<ul>\n<li>Onko vaadittu kieli l\u00e4sn\u00e4?<\/li>\n<li>Onko se riitt\u00e4v\u00e4n n\u00e4kyv\u00e4 (jos n\u00e4kyvyytt\u00e4 vaaditaan)?<\/li>\n<li>K\u00e4ytet\u00e4\u00e4nk\u00f6 nykyist\u00e4 versiota (jos kielt\u00e4 on p\u00e4ivitetty)?<\/li>\n<\/ul>\n\n<p>Et luota muistiin tai vanhentuneisiin malleihin.<\/p>\n\n\n<h4 class=\"wp-block-heading\">3. Monen eri laink\u00e4ytt\u00f6alueen noudattaminen<\/h4>\n\n\n<p>Eri osavaltiot, eri s\u00e4\u00e4nn\u00f6t. Eri maissa eri s\u00e4\u00e4nn\u00f6t. Saman asiakirjan on ehk\u00e4 oltava useiden eri s\u00e4\u00e4nt\u00f6kokonaisuuksien mukainen.<\/p>\n\n<p>Teko\u00e4ly tarkistaa kaikki asiaankuuluvat laink\u00e4ytt\u00f6alueet samanaikaisesti.<\/p>\n\n<p><strong>Esimerkki: Palveluehdot usean valtion palvelua varten<\/strong><\/p>\n\n<p>Yrityksesi toimii Kaliforniassa, New Yorkissa ja Texasissa. Kussakin osavaltiossa on erityisi\u00e4 vaatimuksia kuluttajasopimuksille.<\/p>\n\n<p>Teko\u00e4ly tarkistaa k\u00e4ytt\u00f6ehtoja vastaan:<\/p>\n<ul>\n<li>Kalifornian kuluttajansuojalains\u00e4\u00e4d\u00e4nt\u00f6<\/li>\n<li>Kalifornian automaattista uusimista koskevan lain vaatimukset<\/li>\n<li>New Yorkin kuluttajansuojas\u00e4\u00e4nn\u00f6kset<\/li>\n<li>Teksasin osavaltiokohtaiset s\u00e4\u00e4nn\u00f6kset<\/li>\n<li>liittovaltion s\u00e4\u00e4d\u00f6kset (FTC jne.)<\/li>\n<\/ul>\n\n<p>Tuloksista k\u00e4y ilmi vaatimustenmukaisuustilanne laink\u00e4ytt\u00f6alueittain. N\u00e4et tarkalleen, mit\u00e4 kussakin osavaltiossa on lis\u00e4tt\u00e4v\u00e4.<\/p>\n\n\n<h4 class=\"wp-block-heading\">4. S\u00e4\u00e4ntelymuutosten seuranta<\/h4>\n\n\n<p>S\u00e4\u00e4nn\u00f6kset muuttuvat. Uusia lakeja hyv\u00e4ksyt\u00e4\u00e4n. Virastot antavat uusia ohjeita. Tuomioistuinten p\u00e4\u00e4t\u00f6kset luovat uusia vaatimuksia.<\/p>\n\n<p>Teko\u00e4ly seuraa asiaankuuluvia l\u00e4hteit\u00e4:<\/p>\n<ul>\n<li>Federal Register -p\u00e4ivitykset<\/li>\n<li>Valtion lains\u00e4\u00e4d\u00e4nn\u00f6n muutokset<\/li>\n<li>Viraston ohjeet ja tulkinnat<\/li>\n<li>Vaatimustenmukaisuuteen vaikuttavat tuomioistuimen p\u00e4\u00e4t\u00f6kset<\/li>\n<li>Toimialakohtaiset s\u00e4\u00e4ntelyelimet<\/li>\n<\/ul>\n\n<p>Kun jokin sinuun vaikuttava asia muuttuu, teko\u00e4ly merkitsee sen:<\/p>\n<ul>\n<li>Mik\u00e4 muuttui<\/li>\n<li>Voimaantulop\u00e4iv\u00e4<\/li>\n<li>Mitk\u00e4 asiakirjat vaikuttavat<\/li>\n<li>Mit\u00e4 on p\u00e4ivitett\u00e4v\u00e4<\/li>\n<\/ul>\n\n<p>S\u00e4\u00e4nn\u00f6sten muuttumisesta ei saa tiet\u00e4\u00e4, kun saa rikkomusilmoituksen.<\/p>\n\n\n<h4 class=\"wp-block-heading\">5. Puuteanalyysi ja korjausehdotukset<\/h4>\n\n\n<p>Aukkojen l\u00f6yt\u00e4minen on yksi asia. Se, miten ne korjataan, on toinen asia.<\/p>\n\n<p>Teko\u00e4ly ei ainoastaan tunnista puuttuvia vaatimuksia, vaan ehdottaa my\u00f6s kielt\u00e4 niiden t\u00e4ytt\u00e4miseksi.<\/p>\n\n<p><strong>Esimerkki:<\/strong><\/p>\n<p><em>Tunnistettu puute: \"Tietosuojak\u00e4yt\u00e4nn\u00f6ss\u00e4 ei m\u00e4\u00e4ritell\u00e4 s\u00e4ilytysaikoja, kuten tietosuoja-asetuksen 13 artiklan 2 kohdan a alakohdassa edellytet\u00e4\u00e4n.\"<\/em><\/p>\n\n<p><em>Ehdotettu kieli: \"S\u00e4ilyt\u00e4mme henkil\u00f6tietoja [m\u00e4\u00e4rittele ajanjaksot] tai niin kauan kuin on tarpeen niiden tarkoitusten t\u00e4ytt\u00e4miseksi, joita varten ne on ker\u00e4tty, ellei laki edellyt\u00e4 pidemp\u00e4\u00e4 s\u00e4ilytysaikaa.\".\"<\/em><\/p>\n\n<p>Et aloita tyhj\u00e4st\u00e4. Tarkistat ja muokkaat ehdotettua kielt\u00e4.<\/p>\n\n\n<h4 class=\"wp-block-heading\">6. K\u00e4yt\u00e4nt\u00f6jen versionhallinta ja kirjausketju<\/h4>\n\n\n<p>Vaatimustenmukaisuus tarkoittaa, ett\u00e4 sinun on todistettava noudattaneesi niit\u00e4. Teko\u00e4ly luo dokumentaatiota:<\/p>\n<ul>\n<li>Kun kukin toimintatapa tarkistettiin<\/li>\n<li>Mit\u00e4 vaatimuksia tarkistettiin<\/li>\n<li>Mit\u00e4 puutteita havaittiin<\/li>\n<li>Mit\u00e4 p\u00e4ivityksi\u00e4 tehtiin<\/li>\n<li>Kun p\u00e4ivitykset tulivat k\u00e4ytt\u00f6\u00f6n<\/li>\n<li>Kuka hyv\u00e4ksyi muutokset<\/li>\n<\/ul>\n\n<p>Jos sinua tarkastetaan tai sinua vastaan tehd\u00e4\u00e4n s\u00e4\u00e4nt\u00f6jen noudattamista koskeva kysely, sinulla on selke\u00e4t tiedot.<\/p>\n\n\n<hr class=\"wp-block-separator has-alpha-channel-opacity\"\/>\n\n\n\n<h3 class=\"wp-block-heading\">Mit\u00e4 t\u00e4m\u00e4 tarkoittaa sinulle<\/h3>\n\n\n\n<h4 class=\"wp-block-heading\">P\u00e4\u00e4t\u00f6ksentekij\u00f6ille<\/h4>\n\n\n<p><strong>Alhaisempi vaatimusten noudattamiseen liittyv\u00e4 riski.<\/strong><br \/>\nJ\u00e4rjestelm\u00e4llisell\u00e4 tarkastuksella puutteet havaitaan ennen kuin niist\u00e4 tulee rikkomuksia. V\u00e4hemm\u00e4n sakkoja. V\u00e4hemm\u00e4n s\u00e4\u00e4ntelyongelmia. V\u00e4hemm\u00e4n oikeusjuttuja.<\/p>\n\n<p><strong>Auditointikelpoiset prosessit.<\/strong><br \/>\nSelke\u00e4 dokumentaatio siit\u00e4, mit\u00e4 tarkastettiin, milloin ja mihin toimiin ryhdyttiin. S\u00e4\u00e4ntelyviranomaiset n\u00e4kev\u00e4t ammattimaisen vaatimustenmukaisuusohjelman.<\/p>\n\n<p><strong>Asiakirjojen nopeammat p\u00e4ivitykset.<\/strong><br \/>\nKun s\u00e4\u00e4d\u00f6kset muuttuvat, tied\u00e4t tarkalleen, mit\u00e4 on p\u00e4ivitett\u00e4v\u00e4. Et joudu tarkistamaan kaikkea.<\/p>\n\n<p><strong>Yhdenmukainen noudattaminen koko organisaatiossa.<\/strong><br \/>\nJokainen asiakirja tarkastetaan yht\u00e4 perusteellisesti. Ei vaihtelua sen mukaan, kuka on kiireinen tai kuka unohti tarkistaa jotain.<\/p>\n\n\n<h4 class=\"wp-block-heading\">Lakimiehille ja compliance-tiimeille<\/h4>\n\n\n<p><strong>J\u00e4rjestelm\u00e4llinen tarkastus muistin sijaan.<\/strong><br \/>\nSinun ei tarvitse muistaa 200 vaatimusta. Teko\u00e4ly tarkistaa ne kaikki joka kerta.<\/p>\n\n<p><strong>Todisteet siit\u00e4, ett\u00e4 teit ty\u00f6si.<\/strong><br \/>\nSelke\u00e4t merkinn\u00e4t siit\u00e4, ett\u00e4 s\u00e4\u00e4nt\u00f6jenmukaisuustarkastukset on tehty. Jos jokin menee pieleen, voit osoittaa huolellisuuden.<\/p>\n\n<p><strong>Proaktiivinen reaktiivisuuden sijaan.<\/strong><br \/>\nOngelmat havaitaan kehitysty\u00f6n aikana, ei julkaisun j\u00e4lkeen. Kuulet s\u00e4\u00e4ntelyn muutoksista ennen kuin asiakkaat kysyv\u00e4t niist\u00e4.<\/p>\n\n<p><strong>Keskity monimutkaisiin tuomioihin.<\/strong><br \/>\nTeko\u00e4ly hoitaa rutiininomaisen vaatimustenmukaisuuden tarkistamisen. Sin\u00e4 keskityt harmaisiin alueisiin, riskien arviointiin ja strategisiin s\u00e4\u00e4nt\u00f6jenmukaisuutta koskeviin p\u00e4\u00e4t\u00f6ksiin.<\/p>\n\n\n<h4 class=\"wp-block-heading\">Liiketoimintaa varten<\/h4>\n\n\n<p><strong>Liiku nopeasti s\u00e4\u00e4nt\u00f6j\u00e4 rikkomatta.<\/strong><br \/>\nVaatimustenmukaisuuden tarkistaminen ei hidasta kaikkea. Nopeiden automaattisten tarkastusten ansiosta voit liikkua nopeasti ja turvallisesti.<\/p>\n\n<p><strong>V\u00e4hent\u00e4\u00e4 s\u00e4\u00e4nt\u00f6jen noudattamisesta aiheutuvia kustannuksia.<\/strong><br \/>\nV\u00e4hemm\u00e4n aikaa manuaaliseen tarkastukseen. V\u00e4hemm\u00e4n vaatimustenmukaisuusongelmia, jotka vaativat kalliita korjaustoimenpiteit\u00e4. Pienempi sakkoriski.<\/p>\n\n<p><strong>Luottamuksen rakentaminen sidosryhmien kanssa.<\/strong><br \/>\nAsiakkaat, yhteisty\u00f6kumppanit ja s\u00e4\u00e4ntelyviranomaiset n\u00e4kev\u00e4t yrityksen, joka suhtautuu s\u00e4\u00e4nt\u00f6jen noudattamiseen vakavasti.<\/p>\n\n\n<hr class=\"wp-block-separator has-alpha-channel-opacity\"\/>\n\n\n\n<h3 class=\"wp-block-heading\">Todellisen maailman esimerkki: Verkkosivuston tietosuojak\u00e4yt\u00e4nn\u00f6n p\u00e4ivitys<\/h3>\n\n\n<p>Yrityksesi toimii Yhdysvalloissa ja EU:ssa. GDPR on p\u00e4ivitetty uusilla vaatimuksilla.<\/p>\n\n<p><strong>Ilman teko\u00e4ly\u00e4:<\/strong><\/p>\n<ul>\n<li>Vaatimusten noudattamista valvova ryhm\u00e4 saa tiet\u00e4\u00e4 p\u00e4ivityksest\u00e4 (lopulta)<\/li>\n<li>Arvioi uusia vaatimuksia<\/li>\n<li>L\u00f6yt\u00e4\u00e4 nykyisen tietosuojak\u00e4yt\u00e4nt\u00f6\u00e4 koskevan asiakirjan<\/li>\n<li>Lukee politiikan l\u00e4pi manuaalisesti<\/li>\n<li>Yritt\u00e4\u00e4 muistaa kaikki uudet GDPR-vaatimukset<\/li>\n<li>Luonnosten p\u00e4ivitykset<\/li>\n<li>L\u00e4hetet\u00e4\u00e4n oikeudelliselle yksik\u00f6lle tarkistettavaksi<\/li>\n<li>Oikeudelliset tarkistukset ja muokkaukset<\/li>\n<li>P\u00e4ivitykset k\u00e4yv\u00e4t l\u00e4pi hyv\u00e4ksymisprosessin<\/li>\n<li>Verkkosivuston tiimi toteuttaa muutokset<\/li>\n<li>Aika: 3-6 viikkoa<\/li>\n<li>Riski: Saattaa j\u00e4\u00e4d\u00e4 jotain huomaamatta<\/li>\n<\/ul>\n\n<p><strong>Teko\u00e4lyn avulla:<\/strong><\/p>\n<ul>\n<li>Teko\u00e4ly havaitsee GDPR-p\u00e4ivityksen (p\u00e4iv\u00e4n\u00e4, jona se julkistetaan)<\/li>\n<li>Teko\u00e4lyliput: \"Uudet GDPR-vaatimukset vaikuttavat tietosuojak\u00e4yt\u00e4nt\u00f6ihisi\"<\/li>\n<li>Teko\u00e4ly tarkistaa nykyisen politiikan ja uudet vaatimukset<\/li>\n<li>Teko\u00e4ly luo raportin: \"Puuttuu 3 vaadittua tietoa\", jossa on tarkennuksia.<\/li>\n<li>Teko\u00e4ly ehdottaa kielt\u00e4 jokaiselle puuttuvalle elementille<\/li>\n<li>Compliance tarkistaa teko\u00e4lyehdotukset ja mukauttaa niit\u00e4<\/li>\n<li>Lakimiehet tarkastelevat ehdotettuja muutoksia<\/li>\n<li>P\u00e4ivitykset k\u00e4yv\u00e4t l\u00e4pi hyv\u00e4ksymisprosessin<\/li>\n<li>Verkkosivuston tiimi toteuttaa muutokset<\/li>\n<li>Teko\u00e4ly tarkistaa, ett\u00e4 p\u00e4ivitetty politiikka t\u00e4ytt\u00e4\u00e4 kaikki vaatimukset<\/li>\n<li>Aika: 3-5 p\u00e4iv\u00e4\u00e4<\/li>\n<li>Riski: Kaikkien vaatimusten kattava tarkastus<\/li>\n<\/ul>\n\n<p>Sama laatu. 75% nopeampi. Parempi dokumentaatio. Suurempi luottamus.<\/p>\n\n\n<hr class=\"wp-block-separator has-alpha-channel-opacity\"\/>\n\n\n\n<h3 class=\"wp-block-heading\">Mit\u00e4 teko\u00e4ly ei tee<\/h3>\n\n\n<p>Selvitet\u00e4\u00e4n, mihin teko\u00e4ly ei pysty.<\/p>\n\n<p><strong>Teko\u00e4ly ei tulkitse ep\u00e4selvi\u00e4 s\u00e4\u00e4nn\u00f6ksi\u00e4.<\/strong><br \/>\nKun laki on selke\u00e4, teko\u00e4ly tarkistaa sen noudattamisen. Kun tarvitaan tulkintaa, ihmiset p\u00e4\u00e4tt\u00e4v\u00e4t, miten lakia noudatetaan.<\/p>\n\n<p><strong>Teko\u00e4ly ei tee liiketoimintap\u00e4\u00e4t\u00f6ksi\u00e4 riskeist\u00e4.<\/strong><br \/>\nSiin\u00e4 tunnistetaan vaatimustenmukaisuuden puutteet. P\u00e4\u00e4t\u00e4t, korjaatko ne v\u00e4litt\u00f6m\u00e4sti, hyv\u00e4ksytk\u00f6 riskin vai etsitk\u00f6 toisenlaista l\u00e4hestymistapaa.<\/p>\n\n<p><strong>Teko\u00e4ly ei korvaa s\u00e4\u00e4nt\u00f6jen noudattamista koskevaa harkintaa.<\/strong><br \/>\nJoskus s\u00e4\u00e4nt\u00f6jen noudattaminen ei ole mustavalkoista. Teko\u00e4ly merkitsee ongelman. Compliance-ammattilainen tekee p\u00e4\u00e4t\u00f6ksen.<\/p>\n\n<p><strong>Teko\u00e4ly ei p\u00e4ivity automaattisesti ikuisesti.<\/strong><br \/>\nS\u00e4\u00e4ntelyvalvonta edellytt\u00e4\u00e4 yll\u00e4pitoa. AI:n s\u00e4\u00e4nt\u00f6kokonaisuuteen on lis\u00e4tt\u00e4v\u00e4 uusia s\u00e4\u00e4nn\u00f6ksi\u00e4. Jonkun on hallinnoitava sit\u00e4.<\/p>\n\n<p><strong>Teko\u00e4ly ei tee sinusta mukautuvaa.<\/strong><br \/>\nSe auttaa sinua tarkistamaan vaatimustenmukaisuuden. Sinun on silti korjattava puutteet, pantava k\u00e4yt\u00e4nn\u00f6t t\u00e4yt\u00e4nt\u00f6\u00f6n ja valvottava niiden noudattamista.<\/p>\n\n<p>Teko\u00e4ly on s\u00e4\u00e4nt\u00f6jen noudattamisen v\u00e4line. Vaatimusten noudattamisen ammattilaiset ovat edelleen v\u00e4ltt\u00e4m\u00e4tt\u00f6mi\u00e4.<\/p>\n\n\n<hr class=\"wp-block-separator has-alpha-channel-opacity\"\/>\n\n\n\n<h3 class=\"wp-block-heading\">Miten p\u00e4\u00e4st\u00e4 alkuun<\/h3>\n\n\n<p><strong>1. M\u00e4\u00e4rit\u00e4 vaatimustenmukaisuusvaatimukset.<\/strong><br \/>\nMit\u00e4 s\u00e4\u00e4d\u00f6ksi\u00e4 sovelletaan yritykseesi? Mit\u00e4 alan standardeja sinun on noudatettava? Mit\u00e4 sopimusvelvoitteita sinulla on?<\/p>\n\n<p><strong>2. Dokumentoi nykyiset vaatimustenmukaisuuden tarkistuslistat.<\/strong><br \/>\nMit\u00e4 tarkistat t\u00e4ll\u00e4 hetkell\u00e4? Mit\u00e4 sinun pit\u00e4isi tarkistaa? Tee se selv\u00e4ksi.<\/p>\n\n<p><strong>3. Priorisointi riskien mukaan.<\/strong><br \/>\nAloita korkean riskin compliance-alueilla (GDPR, HIPAA, rahoituss\u00e4\u00e4nn\u00f6kset). Lis\u00e4\u00e4 pienemm\u00e4n riskin alat my\u00f6hemmin.<\/p>\n\n<p><strong>4. Rakenna teko\u00e4lyn s\u00e4\u00e4nt\u00f6kokonaisuuksia.<\/strong><br \/>\nKouluta teko\u00e4ly vaatimustenmukaisuusvaatimuksiin. Mit\u00e4 selke\u00e4mpi ja t\u00e4sm\u00e4llisempi, sit\u00e4 parempi.<\/p>\n\n<p><strong>5. Testaa olemassa olevia asiakirjoja.<\/strong><br \/>\nSuorita teko\u00e4lyn vaatimustenmukaisuustarkastukset nykyisille politiikoille ja sopimuksille. Katso, mit\u00e4 se l\u00f6yt\u00e4\u00e4. Vahvista tarkkuus.<\/p>\n\n<p><strong>6. Integroi ty\u00f6nkulkuun.<\/strong><br \/>\nTee teko\u00e4lyn vaatimustenmukaisuuden tarkistamisesta vakiovaihe. Asiakirjaluonnos \u2192 teko\u00e4lytarkastus \u2192 ihmisen tekem\u00e4 tarkistus \u2192 hyv\u00e4ksynt\u00e4.<\/p>\n\n<p><strong>7. Seuraa ja tarkenna.<\/strong><br \/>\nSeuraa v\u00e4\u00e4ri\u00e4 positiivisia ja v\u00e4\u00e4ri\u00e4 negatiivisia tuloksia. Tarkenna teko\u00e4lys\u00e4\u00e4nt\u00f6j\u00e4. Pid\u00e4 s\u00e4\u00e4ntelyn seuranta ajan tasalla.<\/p>\n\n\n<hr class=\"wp-block-separator has-alpha-channel-opacity\"\/>\n\n\n\n<h3 class=\"wp-block-heading\">Yleisi\u00e4 kysymyksi\u00e4<\/h3>\n\n\n<p><strong>Mit\u00e4 s\u00e4\u00e4nn\u00f6ksi\u00e4 teko\u00e4ly voi tarkistaa?<\/strong><br \/>\nMik\u00e4 tahansa asetus, jolla on selke\u00e4t, dokumentoidut vaatimukset. GDPR, CCPA, HIPAA, SOX, alakohtaiset m\u00e4\u00e4r\u00e4ykset. Mit\u00e4 selke\u00e4mpi s\u00e4\u00e4nt\u00f6, sit\u00e4 paremmin teko\u00e4ly toimii.<\/p>\n\n<p><strong>Voiko teko\u00e4ly k\u00e4sitell\u00e4 yrityskohtaisia k\u00e4yt\u00e4nt\u00f6j\u00e4?<\/strong><br \/>\nKyll\u00e4. Teko\u00e4ly voi tarkistaa asiakirjat sis\u00e4isten k\u00e4yt\u00e4nt\u00f6jen, br\u00e4ndiohjeiden, sopimusstandardien ja yrityskohtaisten vaatimusten perusteella.<\/p>\n\n<p><strong>Ent\u00e4 toimialakohtainen vaatimustenmukaisuus?<\/strong><br \/>\nTeko\u00e4ly\u00e4 voidaan kouluttaa toimialas\u00e4\u00e4nn\u00f6sten mukaisesti (rahoituspalvelut, terveydenhuolto, teollisuus jne.). Vaatii toimialan asiantuntemusta, jotta se voidaan ottaa k\u00e4ytt\u00f6\u00f6n oikein.<\/p>\n\n<p><strong>Kuinka tarkka teko\u00e4lyn vaatimustenmukaisuuden tarkastus on?<\/strong><br \/>\nYksiselitteiset vaatimukset (erityiset tiedot, vaadittu kieli): 90-95%. Tulkinnalliset vaatimukset: Alempi, vaatii ihmisen harkintaa. Siksi inhimillinen arviointi on edelleen olennaisen t\u00e4rke\u00e4\u00e4.<\/p>\n\n<p><strong>Toimiiko t\u00e4m\u00e4 kansainv\u00e4lisess\u00e4 s\u00e4\u00e4nt\u00f6jen noudattamisessa?<\/strong><br \/>\nKyll\u00e4. Teko\u00e4ly voi tarkistaa useiden maiden s\u00e4\u00e4d\u00f6kset. Erityisen hy\u00f6dyllist\u00e4 yrityksille, jotka toimivat eri laink\u00e4ytt\u00f6alueilla.<\/p>\n\n<p><strong>Miten pid\u00e4t teko\u00e4lyn ajan tasalla s\u00e4\u00e4ntelyn muutoksista?<\/strong><br \/>\nAutomaattisen seurannan ja asiantuntija-arvioinnin yhdistelm\u00e4. Suuret muutokset merkit\u00e4\u00e4n automaattisesti. Asiantuntijat validoivat ja p\u00e4ivitt\u00e4v\u00e4t teko\u00e4lyn s\u00e4\u00e4nt\u00f6kokonaisuuksia.<\/p>\n\n\n<hr class=\"wp-block-separator has-alpha-channel-opacity\"\/>\n\n\n\n<h3 class=\"wp-block-heading\">Lopputulos<\/h3>\n\n\n<p>Vaatimusten noudattamisen ei tarvitse luottaa muistiin ja toivoon.<\/p>\n<p>Teko\u00e4ly tarkistaa asiakirjat j\u00e4rjestelm\u00e4llisesti s\u00e4\u00e4ntelyvaatimusten perusteella. Se seuraa muutoksia. Se tunnistaa puutteet. Se ehdottaa korjauksia. Se dokumentoi kaiken.<\/p>\n<p>Tuloksena on pienempi vaatimustenmukaisuusriski, nopeammat asiakirjojen p\u00e4ivitykset, parempi tarkastusvalmius ja vaatimustenmukaisuutta valvovat tiimit, jotka tekev\u00e4t strategista ty\u00f6t\u00e4 manuaalisen tarkistamisen sijaan.<\/p>\n<p>Ei taikuutta. Vain j\u00e4rjestelm\u00e4llinen vaatimustenmukaisuuden tarkastaminen mittakaavassa.<\/p>\n\n\n<hr class=\"wp-block-separator has-alpha-channel-opacity\"\/>\n\n\n\n<h3 class=\"wp-block-heading\">Oletko valmis parantamaan vaatimustenmukaisuuden tarkastusta?<\/h3>\n\n\n<p>Jokaisella organisaatiolla on erilaiset vaatimustenmukaisuusvaatimukset, riskiprofiilit ja prosessit.<\/p>\n<p>Me emme myy yleisi\u00e4 vaatimustenmukaisuusty\u00f6kaluja. Me tarkastelemme juuri sinun s\u00e4\u00e4nt\u00f6jesi ja s\u00e4\u00e4nt\u00f6jen noudattamiseen liittyvi\u00e4 haasteitasi. Tunnistamme, miss\u00e4 teko\u00e4ly tuottaa eniten arvoa. Rakennamme tarpeisiisi sopivia tarkastusj\u00e4rjestelmi\u00e4.<\/p>\n<p>Puhutaan vaatimustenmukaisuusvaatimuksistasi ja siit\u00e4, miss\u00e4 teko\u00e4ly voi auttaa.<\/p>\n\n<p><a href=\"https:\/\/www.leaplytics.de\/fi\/kontakt\/\">Keskustele vaatimustenmukaisuuden tarpeista<\/a><\/p>\n\n<p><a href=\"https:\/\/www.leaplytics.de\/fi\/laki-ai\/\">Takaisin Oikeudellinen teko\u00e4ly yleiskatsaus<\/a><\/p>","protected":false},"excerpt":{"rendered":"<p>Teko\u00e4ly vaatimustenmukaisuuden ja k\u00e4yt\u00e4nt\u00f6jen tarkistamiseen: S\u00e4\u00e4nt\u00f6j\u00e4 on kaikkialla. Liittovaltion lait. Osavaltioiden lait. Toimialan m\u00e4\u00e4r\u00e4ykset. Yrityksen toimintaperiaatteet. Sopimusvelvoitteet. Tietosuojavaatimukset. Jokaisen asiakirjan on oltava vaatimusten mukainen. Jokaista k\u00e4yt\u00e4nt\u00f6\u00e4 on p\u00e4ivitett\u00e4v\u00e4 s\u00e4\u00e4nn\u00f6sten muuttuessa. Jokainen sopimus on tarkistettava useiden s\u00e4\u00e4nt\u00f6kokonaisuuksien perusteella. Vaatimustenmukaisuus ei ole vapaaehtoista. Puuttuvien ... <\/p>","protected":false},"author":2,"featured_media":0,"parent":0,"menu_order":0,"comment_status":"closed","ping_status":"closed","template":"","meta":{"footnotes":""},"class_list":["post-14460","page","type-page","status-publish","hentry","latest_post"],"_links":{"self":[{"href":"https:\/\/www.leaplytics.de\/fi\/wp-json\/wp\/v2\/pages\/14460","targetHints":{"allow":["GET"]}}],"collection":[{"href":"https:\/\/www.leaplytics.de\/fi\/wp-json\/wp\/v2\/pages"}],"about":[{"href":"https:\/\/www.leaplytics.de\/fi\/wp-json\/wp\/v2\/types\/page"}],"author":[{"embeddable":true,"href":"https:\/\/www.leaplytics.de\/fi\/wp-json\/wp\/v2\/users\/2"}],"replies":[{"embeddable":true,"href":"https:\/\/www.leaplytics.de\/fi\/wp-json\/wp\/v2\/comments?post=14460"}],"version-history":[{"count":1,"href":"https:\/\/www.leaplytics.de\/fi\/wp-json\/wp\/v2\/pages\/14460\/revisions"}],"predecessor-version":[{"id":14466,"href":"https:\/\/www.leaplytics.de\/fi\/wp-json\/wp\/v2\/pages\/14460\/revisions\/14466"}],"wp:attachment":[{"href":"https:\/\/www.leaplytics.de\/fi\/wp-json\/wp\/v2\/media?parent=14460"}],"curies":[{"name":"wp","href":"https:\/\/api.w.org\/{rel}","templated":true}]}}