{"id":14495,"date":"2025-12-19T01:58:56","date_gmt":"2025-12-19T00:58:56","guid":{"rendered":"https:\/\/www.leaplytics.de\/?page_id=14495"},"modified":"2025-12-19T01:58:57","modified_gmt":"2025-12-19T00:58:57","slug":"prosessien-automatisointi-tyonkulku-ai","status":"publish","type":"page","link":"https:\/\/www.leaplytics.de\/fi\/prosessien-automatisointi-tyonkulku-ai\/","title":{"rendered":"Prosessiautomaatio ja ty\u00f6nkulun teko\u00e4ly"},"content":{"rendered":"<h2>Teko\u00e4ly prosessien automatisointiin ja ty\u00f6nkulkuun<\/h2>\n\n<p>Operations toimii prosesseissa. Tilauksesta t\u00e4ytt\u00e4miseen. Pyynn\u00f6st\u00e4 ratkaisuun. Teht\u00e4v\u00e4 loppuun. Kaikki tapahtuu vaiheittain.<\/p>\n<p>Kun prosessit toimivat sujuvasti, asiat sujuvat. Kun ne eiv\u00e4t toimi, kaikki jumiutuu. Teht\u00e4v\u00e4t kasaantuvat. Luovutukset ep\u00e4onnistuvat. Ihmiset tuhlaavat aikaa kyselem\u00e4ll\u00e4 \"miss\u00e4 t\u00e4m\u00e4 on?\" ja \"kenell\u00e4 tuo on?\".<\/p>\n<p>Useimmat prosessiongelmat eiv\u00e4t johdu siit\u00e4, ett\u00e4 ihmiset eiv\u00e4t v\u00e4lit\u00e4. Ne johtuvat siit\u00e4, ett\u00e4 prosessit ovat manuaalisia. Jonkun on reititett\u00e4v\u00e4 t\u00e4m\u00e4. Jonkun on hyv\u00e4ksytt\u00e4v\u00e4 tuo. Jonkun on tarkistettava, onko edellinen vaihe suoritettu loppuun.<\/p>\n<p>Teko\u00e4ly voi automatisoida rutiininomaiset osat. Se ei korvaa ihmisen arvostelukyky\u00e4, vaan hoitaa vain s\u00e4\u00e4nt\u00f6ihin perustuvan ty\u00f6n, joka ei sit\u00e4 tarvitse.<\/p>\n<p>Tiimisi lakkaa jahtaamasta prosessia ja alkaa ratkaista ongelmia.<\/p>\n\n\n<hr class=\"wp-block-separator has-alpha-channel-opacity\"\/>\n\n\n\n<h3 class=\"wp-block-heading\">Miksi manuaaliset prosessit hajoavat<\/h3>\n\n\n<p>Teill\u00e4 on SOP:t. Dokumentoidut menettelyt. Selke\u00e4t vaiheet siit\u00e4, miten asioiden pit\u00e4isi toimia.<\/p>\n<p>Mutta toteutus on manuaalinen. Joku saa pyynn\u00f6n. He keksiv\u00e4t, kenen pit\u00e4isi k\u00e4sitell\u00e4 sit\u00e4. He l\u00e4hett\u00e4v\u00e4t sen eteenp\u00e4in. He varmistavat, ett\u00e4 se on toteutunut.<\/p>\n<p>Kun \u00e4\u00e4nenvoimakkuus on alhainen, t\u00e4m\u00e4 toimii. Kun volyymi on suuri, asiat putoavat halkeamien l\u00e4pi:<\/p>\n<ul>\n<li>Teht\u00e4v\u00e4t ohjataan v\u00e4\u00e4r\u00e4lle tiimille<\/li>\n<li>Hyv\u00e4ksynn\u00e4t odottavat jonkun poissa olevan henkil\u00f6n postilaatikossa.<\/li>\n<li>Vaiheet ohitettu, koska kukaan ei varmistanut niiden suorittamista<\/li>\n<li>Poikkeukset havaitaan vasta liian my\u00f6h\u00e4\u00e4n<\/li>\n<li>Kukaan ei tied\u00e4, miss\u00e4 prosessissa mik\u00e4\u00e4n on<\/li>\n<\/ul>\n\n<p>Tiimisi k\u00e4ytt\u00e4\u00e4 enemm\u00e4n aikaa koordinointiin kuin toteutukseen. Kokoukset tilan seuraamiseksi. S\u00e4hk\u00f6postit p\u00e4ivitysten per\u00e4ss\u00e4. Eskalaatioita, koska jokin asia on jumissa.<\/p>\n<p>Ei siksi, ett\u00e4 ihmiset ovat huonoja ty\u00f6ss\u00e4\u00e4n. Koska manuaalinen koordinointi ei skaalaudu.<\/p>\n\n\n<hr class=\"wp-block-separator has-alpha-channel-opacity\"\/>\n\n\n\n<h3 class=\"wp-block-heading\">Mit\u00e4 teko\u00e4ly tekee prosessien automatisoinnille<\/h3>\n\n\n<p>Teko\u00e4ly hoitaa rutiininomaisen p\u00e4\u00e4t\u00f6ksenteon prosesseissasi. Se soveltaa s\u00e4\u00e4nt\u00f6j\u00e4 v\u00e4litt\u00f6m\u00e4sti. Se reititt\u00e4\u00e4 ty\u00f6n oikein. Se seuraa edistymist\u00e4. Se havaitsee poikkeukset.<\/p>\n<p>Tiimisi keskittyy itse ty\u00f6h\u00f6n, ei sen ymp\u00e4rill\u00e4 tapahtuvaan koordinointiin.<\/p>\n\n\n<h4 class=\"wp-block-heading\">\u00c4lyk\u00e4s teht\u00e4vien reititys<\/h4>\n\n\n<p>Uusi tilaus saapuu. Minne se menee? Mihin varastoon? Mihin tiimiin? Riippuu sijainnista, tuotetyypist\u00e4, varastotasosta ja tiimin kapasiteetista.<\/p>\n<p>Manuaalisesti jonkun on tarkasteltava kaikkea t\u00e4t\u00e4 ja teht\u00e4v\u00e4 p\u00e4\u00e4t\u00f6s. Teko\u00e4lyn avulla se tapahtuu v\u00e4litt\u00f6m\u00e4sti:<\/p>\n<ul>\n<li>Analysoi pyynn\u00f6n yksityiskohdat<\/li>\n<li>Tarkistaa tiimien nykyiset ty\u00f6m\u00e4\u00e4r\u00e4t<\/li>\n<li>Tarvittavat taidot ja todistukset<\/li>\n<li>Sijaintiin ja logistiikkaan liittyv\u00e4t tekij\u00e4t<\/li>\n<li>Reitit optimaaliseen tiimiin<\/li>\n<\/ul>\n\n<p>Ei vain nopeampi, vaan my\u00f6s johdonmukaisempi. Sama logiikka p\u00e4tee joka kerta. Ei vaihtelua sen mukaan, kuka sattui sit\u00e4 k\u00e4sittelem\u00e4\u00e4n.<\/p>\n<p>Erityistapauksia? Teko\u00e4ly merkitsee ne ihmisen reititett\u00e4v\u00e4ksi. Rutiinitapaukset (eli suurin osa tapauksista) kulkevat kuitenkin automaattisesti.<\/p>\n\n\n<h4 class=\"wp-block-heading\">\u00c4lyk\u00e4s hyv\u00e4ksynn\u00e4n hallinta<\/h4>\n\n\n<p>Hyv\u00e4ksynn\u00e4t hidastavat kaikkea. Jokainen osto tarvitsee hyv\u00e4ksynn\u00e4n. Jokainen poikkeus tarvitsee hyv\u00e4ksynn\u00e4n. Jokainen muutos on tarkistettava.<\/p>\n<p>Useimmat ovat kuitenkin rutiinia. Vakiopyynt\u00f6 k\u00e4yt\u00e4nt\u00f6jen puitteissa? Pit\u00e4isi hyv\u00e4ksy\u00e4 automaattisesti. Ep\u00e4tavallinen pyynt\u00f6 parametrien ulkopuolella? Pit\u00e4isi ohjata oikealle hyv\u00e4ksyj\u00e4lle, jolla on t\u00e4ysi konteksti.<\/p>\n<p>Teko\u00e4ly hoitaa hyv\u00e4ksymislogiikan:<\/p>\n<ul>\n<li>Standardipyynn\u00f6t raja-arvojen puitteissa: automaattinen hyv\u00e4ksynt\u00e4 ja kirjausketju.<\/li>\n<li>Tarkistusta vaativat pyynn\u00f6t: ohjataan asianmukaiselle tasolle m\u00e4\u00e4r\u00e4n, tyypin ja riskin perusteella.<\/li>\n<li>Monimutkaiset pyynn\u00f6t: eskaloituvat t\u00e4ydellisen kontekstin ja historian perusteella.<\/li>\n<li>Hyl\u00e4tyt hyv\u00e4ksynn\u00e4t: automaattinen asteittainen poisto, jos ne viipyv\u00e4t liian kauan.<\/li>\n<\/ul>\n\n<p>Johtajasi k\u00e4ytt\u00e4v\u00e4t aikaa p\u00e4\u00e4t\u00f6ksiin, jotka todella vaativat harkintaa. Ei rutiinipyynt\u00f6jen leimaamiseen.<\/p>\n<p>Ent\u00e4 kun joku on ulkona? Teko\u00e4ly siirtyy varamiehelle. Ei pyynt\u00f6j\u00e4, jotka odottavat lomalla olevaa henkil\u00f6\u00e4.<\/p>\n\n\n<h4 class=\"wp-block-heading\">Reaaliaikainen prosessin seuranta<\/h4>\n\n\n<p>Miss\u00e4 kaikki on? Mik\u00e4 on jumissa? Mik\u00e4 on vaarassa j\u00e4\u00e4d\u00e4 aikataulusta kiinni?<\/p>\n<p>Teko\u00e4ly seuraa jokaista teht\u00e4v\u00e4\u00e4 jokaisen vaiheen ajan. Ei pyyt\u00e4m\u00e4ll\u00e4 ihmisilt\u00e4 p\u00e4ivityksi\u00e4, vaan seuraamalla j\u00e4rjestelmi\u00e4 automaattisesti. Se tiet\u00e4\u00e4:<\/p>\n<ul>\n<li>Mit\u00e4 on tekeill\u00e4 ja ketk\u00e4 ty\u00f6skentelev\u00e4t sen parissa?<\/li>\n<li>Mik\u00e4 odottaa (ja kuinka kauan se on odottanut)?<\/li>\n<li>Mik\u00e4 l\u00e4hestyy m\u00e4\u00e4r\u00e4aikoja<\/li>\n<li>Miss\u00e4 pullonkaulat muodostuvat<\/li>\n<li>Mitk\u00e4 prosessit toimivat normaalia hitaammin<\/li>\n<\/ul>\n\n<p>Dashboard n\u00e4ytt\u00e4\u00e4 reaaliaikaisen tilan. Ei \"eilisen p\u00e4iv\u00e4n\" raportteja - juuri nyt. Johtajasi tiet\u00e4v\u00e4t, mik\u00e4 vaatii huomiota ilman p\u00e4ivitysten jahtaamista.<\/p>\n\n\n<h4 class=\"wp-block-heading\">Poikkeusten havaitseminen, joka todella toimii<\/h4>\n\n\n<p>Poikkeukset ovat kalliita. Tilaa puuttuvat tiedot. Vaihe kest\u00e4\u00e4 aivan liian kauan. Menettely\u00e4 ei noudateta oikein. Kun joku huomaa asian, se on jo ongelma.<\/p>\n<p>Teko\u00e4ly havaitsee poikkeukset ajoissa:<\/p>\n<ul>\n<li><strong>Puuttuvat tiedot:<\/strong> Tilaus l\u00e4hetetty ilman vaadittuja kentti\u00e4? Merkit\u00e4\u00e4n heti, ei vasta, kun tilaus saapuu toimitukseen.<\/li>\n<li><strong>Prosessipoikkeamat:<\/strong> Vaiheet suoritettu ep\u00e4j\u00e4rjestyksess\u00e4? Tarkistuslista ohitettu? Teko\u00e4ly huomaa.<\/li>\n<li><strong>Ajoitusongelmat:<\/strong> Kest\u00e4\u00e4k\u00f6 askel 3x normaalia kauemmin? Teko\u00e4ly h\u00e4lytt\u00e4\u00e4 ennen m\u00e4\u00e4r\u00e4ajan umpeutumista.<\/li>\n<li><strong>Laatuun liittyv\u00e4t huolenaiheet:<\/strong> Virheprosentti on huipussaan tietyss\u00e4 prosessissa? Kuvio havaittu varhain.<\/li>\n<li><strong>Vaatimustenmukaisuuden puutteet:<\/strong> Tarvittavat asiakirjat puuttuvat? Hyv\u00e4ksymiskynnys ylitetty? Havaitaan automaattisesti.<\/li>\n<\/ul>\n\n<p>Tiimisi k\u00e4sittelee poikkeuksia, kun ne ovat viel\u00e4 pieni\u00e4. Ennen kuin ne kaskadoituvat. Ennen kuin ne vaikuttavat asiakkaisiin.<\/p>\n\n\n<h4 class=\"wp-block-heading\">Automaattinen vaatimustenmukaisuuden tarkastus<\/h4>\n\n\n<p>Jokaisella prosessilla on vaatimuksia. Vaiheiden on tapahduttava j\u00e4rjestyksess\u00e4. Dokumentoinnin on oltava t\u00e4ydellist\u00e4. Hyv\u00e4ksynn\u00e4t on saatava. Laaduntarkistukset on suoritettava.<\/p>\n<p>Tarkistetaanko kaikki t\u00e4m\u00e4 manuaalisesti? Jonkun on teht\u00e4v\u00e4 tarkastus. Parhaimmillaan otantatarkastuksia. Vaatimustenmukaisuus toivon mukaan.<\/p>\n<p>Teko\u00e4ly tarkistaa jokaisen tapauksen:<\/p>\n<ul>\n<li>Onko jokainen vaadittu vaihe suoritettu?<\/li>\n<li>Noudatettiinko asianmukaista j\u00e4rjestyst\u00e4?<\/li>\n<li>Ovatko asiakirjat t\u00e4ydellisi\u00e4 ja tarkkoja?<\/li>\n<li>Onko tarvittavat hyv\u00e4ksynn\u00e4t saatu?<\/li>\n<li>K\u00e4yk\u00f6 kirjausketjusta ilmi, kuka teki mit\u00e4 ja milloin?<\/li>\n<\/ul>\n\n<p>Ep\u00e4vaatimustenmukainen prosessi? Merkit\u00e4\u00e4n v\u00e4litt\u00f6m\u00e4sti. Ei havaita viikkoja my\u00f6hemmin auditoinnissa. Vaatimustenmukaisuus on todellista, ei toivottua.<\/p>\n\n\n<h4 class=\"wp-block-heading\">Prosessin suorituskykyanalytiikka<\/h4>\n\n\n<p>Kuinka kauan prosessit todella kest\u00e4v\u00e4t? Miss\u00e4 ne hidastuvat? Mitk\u00e4 tiimit ovat nopeampia? Miksi?<\/p>\n<p>Teko\u00e4ly seuraa suorituskykymittareita kaikissa prosesseissasi:<\/p>\n<ul>\n<li>Sykliaika prosessityypeitt\u00e4in<\/li>\n<li>L\u00e4pimeno tiimeitt\u00e4in ja yksil\u00f6itt\u00e4in<\/li>\n<li>Miss\u00e4 viiv\u00e4styksi\u00e4 esiintyy (mitk\u00e4 vaiheet, mitk\u00e4 luovutukset).<\/li>\n<li>Virheiden m\u00e4\u00e4r\u00e4 ja uudelleenty\u00f6st\u00f6taajuus<\/li>\n<li>Vaihtelu (johdonmukaisuus on yht\u00e4 t\u00e4rke\u00e4\u00e4 kuin nopeus).<\/li>\n<\/ul>\n\n<p>N\u00e4et, miss\u00e4 on parantamisen varaa. Ei arvaamalla - tietoja katsomalla. Onko t\u00e4m\u00e4 joukkue jatkuvasti nopeampi? Opi, mit\u00e4 he tekev\u00e4t eri tavalla. Onko t\u00e4m\u00e4 vaihe jatkuvasti hidas? Tutki miksi.<\/p>\n<p>Prosessien parantaminen perustuu tosiasioihin, ei tunteisiin.<\/p>\n\n\n<hr class=\"wp-block-separator has-alpha-channel-opacity\"\/>\n\n\n\n<h3 class=\"wp-block-heading\">Mit\u00e4 t\u00e4m\u00e4 tarkoittaa sinulle<\/h3>\n\n\n\n<h4 class=\"wp-block-heading\">Toimitusjohtajille ja operatiivisille johtajille<\/h4>\n\n\n<p><strong>Johdonmukainen toteutus eri toimipisteiss\u00e4.<\/strong> Samoja s\u00e4\u00e4nt\u00f6j\u00e4 sovellettiin kaikkialla. Ei vaihtelua sen mukaan, kuka on t\u00f6iss\u00e4 tai kuinka kiireinen on.<\/p>\n\n<p><strong>Skaalautuvat toiminnot.<\/strong> K\u00e4sittele 2x volyymi ilman 2x henkil\u00f6st\u00f6m\u00e4\u00e4r\u00e4\u00e4. Koordinointity\u00f6 ei moninkertaistu volyymin my\u00f6t\u00e4.<\/p>\n\n<p><strong>Parempi vaatimustenmukaisuus ja kirjausketjut.<\/strong> Jokainen prosessi dokumentoidaan automaattisesti. T\u00e4ydellinen kirjausketju jokaisesta tapahtumasta. Vaatimustenmukaisuus suunnittelemalla, ei tarkistamalla.<\/p>\n\n<p><strong>N\u00e4kyvyys toimintaan.<\/strong> Reaaliaikainen kojelauta siit\u00e4, mit\u00e4 tapahtuu. N\u00e4et pullonkaulojen muodostumisen ennen kuin niist\u00e4 tulee kriisej\u00e4.<\/p>\n\n<p><strong>Pienemm\u00e4t virhetasot.<\/strong> Automaattinen tarkastus havaitsee virheet ajoissa. Poikkeukset merkit\u00e4\u00e4n ennen kuin ne aiheuttavat ongelmia.<\/p>\n\n\n<h4 class=\"wp-block-heading\">Toiminnanjohtajille<\/h4>\n\n\n<p><strong>Lopeta tilap\u00e4ivitysten jahtaaminen.<\/strong> J\u00e4rjestelm\u00e4 seuraa kaikkea. N\u00e4et, mik\u00e4 tarvitsee huomiota kyselem\u00e4tt\u00e4.<\/p>\n\n<p><strong>Keskity poikkeuksiin, \u00e4l\u00e4 rutiiniin.<\/strong> Teko\u00e4ly hoitaa tavanomaisen ty\u00f6nkulun. Sin\u00e4 hoidat ep\u00e4tavalliset tapaukset, jotka vaativat harkintaa.<\/p>\n\n<p><strong>Tied\u00e4, miss\u00e4 asiat ovat jumissa.<\/strong> Ei odoteta, ett\u00e4 tiimin j\u00e4senet eskaloivat. N\u00e4et sen reaaliajassa.<\/p>\n\n<p><strong>Parannettavaa tietoa.<\/strong> Tied\u00e4, mitk\u00e4 prosessit toimivat hyvin ja mitk\u00e4 vaativat korjausta. Todelliset l\u00e4pimenoajat, ei arvioita.<\/p>\n\n<p><strong>Oikeudenmukainen ty\u00f6njako.<\/strong> Katso, kuka on ylikuormitettu ja kenell\u00e4 on kapasiteettia. Tasapainota ty\u00f6t todellisuuden mukaan.<\/p>\n\n\n<h4 class=\"wp-block-heading\">Ty\u00f6t\u00e4 tekeville tiimeille<\/h4>\n\n\n<p><strong>Tyhjenn\u00e4 teht\u00e4v\u00e4jono.<\/strong> Ei mietit\u00e4 \"mit\u00e4 minun pit\u00e4isi ty\u00f6st\u00e4\u00e4\". Prioriteetit lasketaan automaattisesti m\u00e4\u00e4r\u00e4aikojen ja t\u00e4rkeyden perusteella.<\/p>\n\n<p><strong>Ei en\u00e4\u00e4 jahtaamista.<\/strong> J\u00e4rjestelm\u00e4 reititt\u00e4\u00e4 ty\u00f6n sinulle. Kertoo sinulle, mit\u00e4 sinun tarvitsee tiet\u00e4\u00e4. Eskaloituu automaattisesti, jos olet jumissa.<\/p>\n\n<p><strong>V\u00e4hemm\u00e4n koordinointikustannuksia.<\/strong> Viet\u00e4 aikaa ty\u00f6n tekemiseen, \u00e4l\u00e4 ty\u00f6n koordinointiin. Ei kokouksia tilan seuraamiseksi.<\/p>\n\n<p><strong>Nopeat hyv\u00e4ksynn\u00e4t.<\/strong> Rutiinijutut hyv\u00e4ksyt\u00e4\u00e4n automaattisesti. Ei tarvitse odottaa p\u00e4ivi\u00e4 jonkun kumileimaa.<\/p>\n\n<p><strong>V\u00e4hemm\u00e4n paloharjoituksia.<\/strong> Poikkeukset havaittu ajoissa. Ongelmat havaitaan ennen kuin ne r\u00e4j\u00e4ht\u00e4v\u00e4t. V\u00e4hemm\u00e4n paniikkia, enemm\u00e4n suunnittelua.<\/p>\n\n\n<hr class=\"wp-block-separator has-alpha-channel-opacity\"\/>\n\n\n\n<h3 class=\"wp-block-heading\">Mit\u00e4 teko\u00e4ly ei voi tehd\u00e4<\/h3>\n\n\n<p>Teko\u00e4ly automatisoi s\u00e4\u00e4nt\u00f6ihin perustuvaa ty\u00f6t\u00e4. Se ei korvaa arvostelukyky\u00e4. T\u00e4ss\u00e4 tarvitaan edelleen ihmist\u00e4:<\/p>\n\n<p><strong>Todella ep\u00e4tavallisten tilanteiden k\u00e4sittely.<\/strong> Teko\u00e4ly reititt\u00e4\u00e4 vakiotapaukset ja merkitsee poikkeukset. Mutta todella outoja \u00e4\u00e4ritapauksia? Niihin tarvitaan ihmisen ongelmanratkaisua.<\/p>\n\n<p><strong>Neuvottelut ja suhteiden hallinta.<\/strong> Asiakas suuttui viiv\u00e4styksest\u00e4? Toimittaja tarvitsee erityisk\u00e4sittely\u00e4? Se on ihmisen ty\u00f6t\u00e4.<\/p>\n\n<p><strong>Parempien prosessien suunnittelu.<\/strong> Teko\u00e4ly seuraa, miten nykyiset prosessit toimivat. Suunnitteletko ne uudelleen parempien tulosten saavuttamiseksi? Se on sinun teht\u00e4v\u00e4si.<\/p>\n\n<p><strong>Arviointip\u00e4\u00e4t\u00f6ksi\u00e4 tekem\u00e4ll\u00e4.<\/strong> Pit\u00e4isik\u00f6 meid\u00e4n nopeuttaa t\u00e4t\u00e4? Tehd\u00e4 poikkeus? Ottaa tappiota suhteen s\u00e4ilytt\u00e4miseksi? Tietokoneet eiv\u00e4t osaa punnita n\u00e4it\u00e4 kompromisseja.<\/p>\n\n<p><strong>Monimutkaiset hyv\u00e4ksynn\u00e4t.<\/strong> Yksinkertaiset hyv\u00e4ksynn\u00e4t ($X:n puitteissa, politiikan puitteissa) voidaan automatisoida. Monimutkaiset hyv\u00e4ksynn\u00e4t (strategiset p\u00e4\u00e4t\u00f6kset, merkitt\u00e4v\u00e4t poikkeukset, monialaiset vaikutukset) edellytt\u00e4v\u00e4t inhimillist\u00e4 tarkastelua.<\/p>\n\n<p>Ajattele, ett\u00e4 teko\u00e4ly hoitaa koordinointikerroksen. Tiimisi huolehtii ajattelukerroksesta. He vain tekev\u00e4t sen nopeammin, koska ty\u00f6 on tehty.<\/p>\n\n\n<hr class=\"wp-block-separator has-alpha-channel-opacity\"\/>\n\n\n\n<h3 class=\"wp-block-heading\">Prosessiautomaation aloittaminen<\/h3>\n\n\n<p>Kaikkea ei automatisoida kerralla. Aloita suurimman volyymin omaavista ja vakioiduimmista prosesseista:<\/p>\n\n<p><strong>Hyv\u00e4t ensimm\u00e4iset ehdokkaat:<\/strong><\/p>\n<ul>\n<li>Tilausten reititys ja jakaminen<\/li>\n<li>Vakiomuotoiset hyv\u00e4ksynt\u00e4ty\u00f6nkulut<\/li>\n<li>Pyynt\u00f6jen vastaanotto ja lajittelu<\/li>\n<li>Teht\u00e4v\u00e4n suorittamisen todentaminen<\/li>\n<li>Tilailmoitukset ja eskalointi<\/li>\n<\/ul>\n\n<p><strong>Ei hyvi\u00e4 ensimm\u00e4isi\u00e4 ehdokkaita:<\/strong><\/p>\n<ul>\n<li>Eritt\u00e4in vaihtelevat prosessit, joissa on paljon poikkeuksia<\/li>\n<li>Usein muuttuvat prosessit<\/li>\n<li>Alat, joilla ihmisen harkintakyky on kriittinen jokaisessa tapauksessa.<\/li>\n<li>Prosessit, joita kukaan ei ole viel\u00e4 dokumentoinut<\/li>\n<\/ul>\n\n<p>Aloita siell\u00e4, miss\u00e4 on selke\u00e4 prosessi, suuri m\u00e4\u00e4r\u00e4 ja ilmeinen kipu. Todista arvo. Laajenna sitten monimutkaisempiin tapauksiin.<\/p>\n\n\n<hr class=\"wp-block-separator has-alpha-channel-opacity\"\/>\n\n\n\n<h3 class=\"wp-block-heading\">Lopputulos<\/h3>\n\n\n<p>Manuaalinen prosessien koordinointi ei skaalaudu. Suurempi volyymi tarkoittaa suurempia koordinointikustannuksia. Tiimisi hautautuu reititykseen, seurantaan ja jahtaamiseen sen sijaan, ett\u00e4 se tekisi varsinaista ty\u00f6t\u00e4.<\/p>\n\n<p>Teko\u00e4ly huolehtii koordinoinnista. Reitit toimivat oikein. Se valvoo edistymist\u00e4. Se havaitsee poikkeukset. Se yll\u00e4pit\u00e4\u00e4 vaatimustenmukaisuutta. Kaikki automaattisesti.<\/p>\n\n<p>Tiimisi ty\u00f6skentelee itse ty\u00f6n parissa. Ei kokouksia ty\u00f6st\u00e4. Ei s\u00e4hk\u00f6posteja, joissa seurataan ty\u00f6t\u00e4. Ei taulukkolaskentaohjelmia, joilla seurataan ty\u00f6t\u00e4.<\/p>\n\n<p>Tuloksena on sujuvia toimintoja. Nopeammat sykliajat. V\u00e4hemm\u00e4n virheit\u00e4. Parempi vaatimustenmukaisuus. Ja ammattilaiset tekev\u00e4t sit\u00e4, miss\u00e4 he ovat hyvi\u00e4, eiv\u00e4tk\u00e4 jahtaa prosessia.<\/p>\n\n<p>Sit\u00e4 prosessien automatisointi teko\u00e4lyn avulla todella tarjoaa. Ei \"valot pois\" -toimintoja. Vain v\u00e4hemm\u00e4n kitkaa ja enemm\u00e4n keskittymist\u00e4 olennaiseen.<\/p>\n\n\n<hr class=\"wp-block-separator has-alpha-channel-opacity\"\/>\n\n\n\n<h3 class=\"wp-block-heading\">Oletko valmis automatisoimaan ty\u00f6nkulut?<\/h3>\n\n\n<p>Jokaisella toiminnalla on erilaiset prosessit. Se, mik\u00e4 toimii yrityksess\u00e4si, riippuu siit\u00e4, miten toimit t\u00e4ll\u00e4 hetkell\u00e4.<\/p>\n\n<p>Emme suosittele yleisi\u00e4 ty\u00f6nkulun ty\u00f6kaluja. Tarkastelemme erityisi\u00e4 prosessejasi. Miss\u00e4 on koordinoinnin yleiskustannuksia? Miss\u00e4 asiat jumiutuvat? Mit\u00e4 on realistista automatisoida, kun otetaan huomioon j\u00e4rjestelm\u00e4nne?<\/p>\n\n<p>Sitten rakennamme automaation, joka sopii ty\u00f6nkulkuusi. Sinua ei pakoteta muuttamaan ty\u00f6skentelytapojasi ohjelmistoon sopivaksi. Ohjelmisto, joka toimii niin kuin sin\u00e4 ty\u00f6skentelet.<\/p>\n\n<p><a href=\"https:\/\/www.leaplytics.de\/fi\/kontakt\/\">Puhutaan prosesseistasi<\/a><\/p>\n\n<p><a href=\"https:\/\/www.leaplytics.de\/fi\/operaatiot-ai\/\">Takaisin kohteeseen Operations AI<\/a><\/p>","protected":false},"excerpt":{"rendered":"<p>AI for Process Automation &#038; Workflow Operations runs on processes. Order to fulfillment. Request to resolution. Task to completion. Everything follows steps. When processes work smoothly, things flow. When they don&#8217;t, everything gets stuck. Tasks pile up. Handoffs fail. People waste time asking &#8220;where is this?&#8221; and &#8220;who has that?&#8221; Most process problems aren&#8217;t because &hellip; <\/p>","protected":false},"author":2,"featured_media":0,"parent":0,"menu_order":0,"comment_status":"closed","ping_status":"closed","template":"","meta":{"footnotes":""},"class_list":["post-14495","page","type-page","status-publish","hentry","latest_post"],"_links":{"self":[{"href":"https:\/\/www.leaplytics.de\/fi\/wp-json\/wp\/v2\/pages\/14495","targetHints":{"allow":["GET"]}}],"collection":[{"href":"https:\/\/www.leaplytics.de\/fi\/wp-json\/wp\/v2\/pages"}],"about":[{"href":"https:\/\/www.leaplytics.de\/fi\/wp-json\/wp\/v2\/types\/page"}],"author":[{"embeddable":true,"href":"https:\/\/www.leaplytics.de\/fi\/wp-json\/wp\/v2\/users\/2"}],"replies":[{"embeddable":true,"href":"https:\/\/www.leaplytics.de\/fi\/wp-json\/wp\/v2\/comments?post=14495"}],"version-history":[{"count":1,"href":"https:\/\/www.leaplytics.de\/fi\/wp-json\/wp\/v2\/pages\/14495\/revisions"}],"predecessor-version":[{"id":14501,"href":"https:\/\/www.leaplytics.de\/fi\/wp-json\/wp\/v2\/pages\/14495\/revisions\/14501"}],"wp:attachment":[{"href":"https:\/\/www.leaplytics.de\/fi\/wp-json\/wp\/v2\/media?parent=14495"}],"curies":[{"name":"wp","href":"https:\/\/api.w.org\/{rel}","templated":true}]}}