{"id":14497,"date":"2025-12-19T01:59:23","date_gmt":"2025-12-19T00:59:23","guid":{"rendered":"https:\/\/www.leaplytics.de\/?page_id=14497"},"modified":"2025-12-19T01:59:23","modified_gmt":"2025-12-19T00:59:23","slug":"resurssisuunnittelu-aikataulutus-ai","status":"publish","type":"page","link":"https:\/\/www.leaplytics.de\/fi\/resurssisuunnittelu-aikataulutus-ai\/","title":{"rendered":"Resurssien suunnittelu ja aikataulutus AI"},"content":{"rendered":"<h2>Teko\u00e4ly resurssien suunnittelua ja aikataulutusta varten<\/h2>\n\n<p>Aikataulutus on pulma. Ihmiset. Laitteet. Teht\u00e4v\u00e4t. M\u00e4\u00e4r\u00e4ajat. Taidot. Kapasiteetti. Rajoitteet. Jokaisen palasen on sovittava.<\/p>\n<p>Ja palapeli muuttuu jatkuvasti. Joku ilmoittautuu sairaaksi. Laitteet hajoavat. Saapuu kiireellinen tilaus. Asiakas muuttaa vaatimuksia. Aloitetaan alusta.<\/p>\n<p>Aikatauluttajasi k\u00e4ytt\u00e4v\u00e4t tuntikausia toimivien aikataulujen laatimiseen. Sitten he k\u00e4ytt\u00e4v\u00e4t viel\u00e4 enemm\u00e4n aikaa niiden mukauttamiseen, kun todellisuus ei suostu yhteisty\u00f6h\u00f6n.<\/p>\n<p>Samaan aikaan jotkin tiimit ovat ylikuormitettuja, kun taas toisilla on kapasiteettia. Ylity\u00f6t kasaantuvat yhdelle osastolle, kun taas toinen on toimettomana. Laitteiden k\u00e4ytt\u00f6 on ep\u00e4tasaista. Toimitusp\u00e4iv\u00e4t lipsuvat.<\/p>\n<p>Teko\u00e4ly voi optimoida t\u00e4m\u00e4n. Ei t\u00e4ydellisesti - mik\u00e4\u00e4n ei k\u00e4sittele todellisuutta t\u00e4ydellisesti. Mutta paremmin kuin manuaalinen aikataulutus. Nopeammat s\u00e4\u00e4d\u00f6t. Parempi k\u00e4ytt\u00f6aste. Realistisemmat suunnitelmat.<\/p>\n\n\n<hr class=\"wp-block-separator has-alpha-channel-opacity\"\/>\n\n\n\n<h3 class=\"wp-block-heading\">Miksi manuaalinen aikataulutus ei skaalaudu<\/h3>\n\n\n<p>Pienet toiminnot voivat aikatauluttaa manuaalisesti. Aikatauluttaja tuntee kaikki. Tuntee laitteet. Tuntee ty\u00f6n. Jongleeraa kaiken p\u00e4\u00e4ss\u00e4\u00e4n tai taulukkolaskentaohjelmalla.<\/p>\n<p>Kasvaessasi t\u00e4m\u00e4 katkeaa:<\/p>\n<ul>\n<li>Liian monta muuttujaa manuaalisesti seurattavaksi<\/li>\n<li>Liian monia rajoitteita tasapainotettavaksi samanaikaisesti<\/li>\n<li>Kaskadimuutokset - yhden aikataulun korjaaminen rikkoo toisen aikataulun.<\/li>\n<li>Ei ole aikaa optimoida - hanki vain jotain, joka toimii.<\/li>\n<li>Poikkeusten sammuttaminen niiden est\u00e4misen sijaan<\/li>\n<\/ul>\n\n<p>Aikatauluttajasi ovat \u00e4lykk\u00e4it\u00e4 ja kokeneita. Mutta he tekev\u00e4t mahdotonta matematiikkaa. He tasapainottavat satoja rajoitteita kymmenien resurssien v\u00e4lill\u00e4.<\/p>\n<p>Tulos? Aikataulut, jotka \"toimivat\" mutta eiv\u00e4t ole optimaalisia. K\u00e4ytt\u00f6aste on alhaisempi kuin se voisi olla. Ylity\u00f6t\u00e4 tehd\u00e4\u00e4n enemm\u00e4n kuin on tarpeen. Toimitussuorituskyky on huonompi kuin kapasiteettisi sallii.<\/p>\n<p>Ei siksi, etteiv\u00e4tk\u00f6 aikatauluttajat olisi hyvi\u00e4 ty\u00f6ss\u00e4\u00e4n. Koska ongelma on liian monimutkainen manuaaliseen optimointiin.<\/p>\n\n\n<hr class=\"wp-block-separator has-alpha-channel-opacity\"\/>\n\n\n\n<h3 class=\"wp-block-heading\">Mit\u00e4 teko\u00e4ly tekee resurssien suunnittelulle ja aikataulutukselle?<\/h3>\n\n\n<p>Teko\u00e4ly hoitaa matemaattisen optimoinnin. Se ottaa huomioon kaikki rajoitukset samanaikaisesti. Se l\u00f6yt\u00e4\u00e4 ratkaisut nopeammin kuin ihminen. Se mukautuu, kun asiat muuttuvat.<\/p>\n<p>Aikatauluttajasi antavat tuomion. Teko\u00e4ly huolehtii laskennasta.<\/p>\n\n\n<h4 class=\"wp-block-heading\">Optimoitu aikataulun luominen<\/h4>\n\n\n<p>Teko\u00e4ly laatii aikataulut, jotka tasapainottavat kaikki rajoitukset kerralla:<\/p>\n<ul>\n<li><strong>Kysynt\u00e4:<\/strong> Mit\u00e4 t\u00f6it\u00e4 on teht\u00e4v\u00e4 ja milloin<\/li>\n<li><strong>Kapasiteetti:<\/strong> Kuka on k\u00e4ytett\u00e4viss\u00e4, mit\u00e4 laitteita on k\u00e4ytett\u00e4viss\u00e4<\/li>\n<li><strong>Taidot:<\/strong> Kuka on p\u00e4tev\u00e4 mihinkin teht\u00e4viin<\/li>\n<li><strong>Rajoitukset:<\/strong> Ty\u00f6vuorot, taukovaatimukset, laiterajoitukset<\/li>\n<li><strong>Painopisteet:<\/strong> Kiireelliset tilaukset, etuoikeutetut asiakkaat, strateginen merkitys<\/li>\n<li><strong>Kustannukset:<\/strong> S\u00e4\u00e4nn\u00f6llinen ty\u00f6aika vs. ylity\u00f6t, laitteiden kuluminen, asennuskustannukset.<\/li>\n<\/ul>\n\n<p>Se ei vain l\u00f6yd\u00e4 toimivaa aikataulua. Se l\u00f6yt\u00e4\u00e4 hyv\u00e4n aikataulun, joka optimoi k\u00e4yt\u00f6n, minimoi kustannukset ja noudattaa m\u00e4\u00e4r\u00e4aikoja.<\/p>\n<p>Aikatauluttaja tarkistaa teko\u00e4lyn ehdotuksen. Mukauttaa asiat, joita teko\u00e4ly ei tunne (asiakassuhteet, tiimin dynamiikka, strategiset prioriteetit). Mutta aloittaa optimoidusta l\u00e4ht\u00f6tilanteesta, ei tyhj\u00e4st\u00e4 p\u00f6yd\u00e4st\u00e4.<\/p>\n<p>Tuntikausien ty\u00f6 tiivistyy minuuteiksi.<\/p>\n\n\n<h4 class=\"wp-block-heading\">\u00c4lyk\u00e4s ty\u00f6m\u00e4\u00e4r\u00e4n tasapainottaminen<\/h4>\n\n\n<p>Ep\u00e4tasapainoiset ty\u00f6m\u00e4\u00e4r\u00e4t ovat kalliita. Yksi tiimi tekee ylit\u00f6it\u00e4, kun taas toinen tiimi on l\u00f6ys\u00e4ll\u00e4. Yksi kone on k\u00e4ynniss\u00e4 24\/7, kun taas toinen seisoo tyhj\u00e4k\u00e4ynnill\u00e4.<\/p>\n<p>Teko\u00e4ly jakaa ty\u00f6n perustuen:<\/p>\n<ul>\n<li>Nykyinen ty\u00f6m\u00e4\u00e4r\u00e4 tiimeitt\u00e4in ja yksil\u00f6itt\u00e4in<\/li>\n<li>Kunkin resurssin kapasiteetti ja valmiudet<\/li>\n<li>tehokkuuserot (jotkut ihmiset ovat nopeampia tietyiss\u00e4 teht\u00e4viss\u00e4)<\/li>\n<li>Maantieteelliset tai sijaintirajoitukset<\/li>\n<li>Koulutus- ja kehitystavoitteet (monipuolinen ty\u00f6njako oppimista varten)<\/li>\n<\/ul>\n\n<p>Tulos? Tasaisemmat ty\u00f6m\u00e4\u00e4r\u00e4t. V\u00e4hemm\u00e4n ylit\u00f6it\u00e4. Parempi resurssien k\u00e4ytt\u00f6. V\u00e4hemm\u00e4n pullonkauloja.<\/p>\n<p>Ihmiset ty\u00f6skentelev\u00e4t kest\u00e4v\u00e4ss\u00e4 tahdissa sen sijaan, ett\u00e4 he vuorottelisivat hitaasti ja tyhj\u00e4k\u00e4ynnill\u00e4.<\/p>\n\n\n<h4 class=\"wp-block-heading\">Reaaliaikainen aikataulun mukauttaminen<\/h4>\n\n\n<p>Aikataulut eiv\u00e4t kest\u00e4 kosketusta todellisuuteen. Joku on sairas. Laitteet hajoavat. Kiireellinen tilaus saapuu. Asiakas peruuttaa.<\/p>\n<p>Manuaalisesti uudelleen aikatauluttaminen vie tunteja. Kun olet valmis, jokin muu on muuttunut.<\/p>\n<p>Teko\u00e4ly mukautuu reaaliaikaisesti:<\/p>\n<ul>\n<li>Ilmoitettu poissaolo? Tasapainota ty\u00f6t uudelleen j\u00e4ljell\u00e4 olevassa tiimiss\u00e4.<\/li>\n<li>Laitteita ei ole k\u00e4yt\u00f6ss\u00e4? Siirr\u00e4 teht\u00e4vi\u00e4 vaihtoehtoisille koneille.<\/li>\n<li>Kiireellinen tilaus saapuu? Aseta se ja s\u00e4\u00e4d\u00e4 kaikki muu.<\/li>\n<li>Ty\u00f6 kest\u00e4\u00e4 kauan? Ripple-s\u00e4\u00e4d\u00f6t eteenp\u00e4in.<\/li>\n<\/ul>\n\n<p>Aikatauluttaja tarkistaa teko\u00e4lyn ehdottamat muutokset. Hyv\u00e4ksyy tai muuttaa asiayhteyden perusteella. Mutta ei rakenna uudelleen tyhj\u00e4st\u00e4.<\/p>\n<p>Nopeampi reagointi h\u00e4iri\u00f6ihin. V\u00e4hemm\u00e4n kaaosta. Realistisemmat lupaukset asiakkaille.<\/p>\n\n\n<h4 class=\"wp-block-heading\">Kapasiteetin ennustaminen<\/h4>\n\n\n<p>Riitt\u00e4\u00e4k\u00f6 kapasiteetti ensi kuussa? Ensi vuosinelj\u00e4nneksell\u00e4? Onko sinun palkattava ty\u00f6ntekij\u00f6it\u00e4? Lis\u00e4t\u00e4 laitteita? Lis\u00e4t\u00e4 ty\u00f6vuoroja?<\/p>\n<p>Teko\u00e4ly ennustaa kapasiteettitarpeet seuraavien seikkojen perusteella:<\/p>\n<ul>\n<li>Kysynt\u00e4ennuste (myynnin tai historiallisten mallien perusteella)<\/li>\n<li>Nykyinen kapasiteetti (henkil\u00f6t, laitteet, aika)<\/li>\n<li>Tiedossa olevat rajoitteet (suunnitellut huollot, lomat, koulutus).<\/li>\n<li>Historialliset tuottavuusluvut<\/li>\n<li>Kasvusuuntaukset<\/li>\n<\/ul>\n\n<p>Se n\u00e4ytt\u00e4\u00e4, milloin saavutat kapasiteettirajat. Kuinka paljon sinulta puuttuu. Millaisia resursseja tarvitset.<\/p>\n<p>Voit suunnitella kapasiteetin lis\u00e4yksi\u00e4 ennen kuin olet ep\u00e4toivoinen. Palkkaa ty\u00f6ntekij\u00f6it\u00e4 ennen tarvetta, \u00e4l\u00e4 paniikissa. Suunnittele huolto v\u00e4h\u00e4isen kysynn\u00e4n aikana, et silloin kun se pakottaa sinut j\u00e4tt\u00e4m\u00e4\u00e4n toimituksia v\u00e4liin.<\/p>\n<p>Kapasiteettia koskevat p\u00e4\u00e4t\u00f6kset perustuvat tietoon, eiv\u00e4t vaistoon.<\/p>\n\n\n<h4 class=\"wp-block-heading\">Taitojen yhteensovittaminen<\/h4>\n\n\n<p>Kaikki eiv\u00e4t voi tehd\u00e4 kaikkia t\u00f6it\u00e4. Sertifikaateilla on merkityst\u00e4. Kokemuksella on merkityst\u00e4. Nykyisell\u00e4 taitotasolla on merkityst\u00e4.<\/p>\n<p>Teko\u00e4lykappaleet:<\/p>\n<ul>\n<li>Kenell\u00e4 on mit\u00e4kin todistuksia ja p\u00e4tevyyksi\u00e4<\/li>\n<li>Kenell\u00e4 on kokemusta mist\u00e4 tuotteista tai prosesseista<\/li>\n<li>Koulutuksessa olevat vs. t\u00e4ysin p\u00e4tev\u00e4t<\/li>\n<li>Kuka suoriutuu paremmin mist\u00e4kin teht\u00e4vist\u00e4<\/li>\n<\/ul>\n\n<p>Ty\u00f6n suunnittelussa otetaan huomioon ammattitaitovaatimukset. Sovittaa p\u00e4tev\u00e4t henkil\u00f6t teht\u00e4viin. Merkit\u00e4\u00e4n ty\u00f6t, jotka edellytt\u00e4v\u00e4t taitoja, joista on pulaa.<\/p>\n<p>Auttaa my\u00f6s koulutuksen suunnittelussa. N\u00e4ytt\u00e4\u00e4 taitojen puutteet. Ehdottaa, kenen tulisi kouluttautua ristiin.<\/p>\n<p>Oikea henkil\u00f6 oikeassa teht\u00e4v\u00e4ss\u00e4. Parempi laatu. V\u00e4hemm\u00e4n virheit\u00e4. Nopeampi valmistuminen.<\/p>\n\n\n<h4 class=\"wp-block-heading\">Rajoitteiden hallinta<\/h4>\n\n\n<p>Jokaisella toiminnolla on rajoituksia. Rajallinen kalusto. Ty\u00f6vuorot. Taukovaatimukset. Materiaalin saatavuus. Asiakkaan aikaikkunat.<\/p>\n<p>Teko\u00e4ly hallitsee kaikkia rajoitteita samanaikaisesti:<\/p>\n<ul>\n<li>Varmistetaan, ettei kukaan aikatauluta yli kapasiteetin<\/li>\n<li>noudattaa ty\u00f6vuorokuvioita ja taukovaatimuksia<\/li>\n<li>Ottaa huomioon eri t\u00f6iden v\u00e4liset asetusajat<\/li>\n<li>Ottaa huomioon materiaalin saatavuuden (ei voi aikatauluttaa, jos materiaaleja ei ole).<\/li>\n<li>T\u00e4ytt\u00e4\u00e4 asiakkaan toimitusaikataulut<\/li>\n<li>Tasapainottaa ristiriitaisia prioriteetteja (kustannukset vs. nopeus vs. laatu).<\/li>\n<\/ul>\n\n<p>Aikataulut, jotka todella toimivat todellisuudessa, eiv\u00e4t vain paperilla.<\/p>\n\n\n<h4 class=\"wp-block-heading\">Aikataulu Suorituskykyanalytiikka<\/h4>\n\n\n<p>Kuinka tarkkoja aikataulusi ovat? Miss\u00e4 ne eiv\u00e4t ole kunnossa? Mik\u00e4 aiheuttaa viiv\u00e4styksi\u00e4?<\/p>\n<p>Teko\u00e4ly seuraa aikataulun toteutumista:<\/p>\n<ul>\n<li>Kuinka usein teht\u00e4v\u00e4t valmistuvat ajallaan vs. etuajassa\/viiv\u00e4styneen\u00e4?<\/li>\n<li>Mink\u00e4 tyyppisi\u00e4 teht\u00e4vi\u00e4 suoritetaan jatkuvasti yli<\/li>\n<li>Miss\u00e4 pullonkauloja muodostuu<\/li>\n<li>Kuinka paljon aikatauluja siirret\u00e4\u00e4n (merkki huonosta alkuper\u00e4isest\u00e4 suunnittelusta).<\/li>\n<li>K\u00e4ytt\u00f6asteet resurssityypeitt\u00e4in<\/li>\n<\/ul>\n\n<p>N\u00e4et, miss\u00e4 arviot ovat v\u00e4\u00e4r\u00e4ss\u00e4. Miss\u00e4 prosessit ovat suunniteltua hitaampia. Miss\u00e4 kapasiteetti on todella rajallinen.<\/p>\n<p>Aikataulutuksen tarkkuuden jatkuva parantaminen. Paremmat lupaukset. Luotettavampi toimitus.<\/p>\n\n\n<hr class=\"wp-block-separator has-alpha-channel-opacity\"\/>\n\n\n\n<h3 class=\"wp-block-heading\">Mit\u00e4 t\u00e4m\u00e4 tarkoittaa sinulle<\/h3>\n\n\n\n<h4 class=\"wp-block-heading\">Toimitusjohtajille ja operatiivisille johtajille<\/h4>\n\n\n<p><strong>Suurempi resurssien k\u00e4ytt\u00f6aste.<\/strong> V\u00e4hemm\u00e4n tyhj\u00e4k\u00e4ynti\u00e4. V\u00e4hemm\u00e4n ep\u00e4tasaista ty\u00f6m\u00e4\u00e4r\u00e4\u00e4. Enemm\u00e4n tuotosta samoilla resursseilla.<\/p>\n\n<p><strong>Pienemm\u00e4t ylity\u00f6kustannukset.<\/strong> Ty\u00f6m\u00e4\u00e4r\u00e4n parempi jakautuminen tarkoittaa, ett\u00e4 m\u00e4\u00e4r\u00e4aikojen noudattaminen edellytt\u00e4\u00e4 v\u00e4hemm\u00e4n ylit\u00f6it\u00e4.<\/p>\n\n<p><strong>Parempi oikea-aikainen toimitus.<\/strong> Aikataulut, joissa otetaan huomioon kaikki rajoitukset ja jotka mukautuvat muutoksiin. V\u00e4hemm\u00e4n my\u00f6h\u00e4styneit\u00e4 m\u00e4\u00e4r\u00e4aikoja.<\/p>\n\n<p><strong>Ennakoitava kapasiteetin suunnittelu.<\/strong> Tied\u00e4, milloin tarvitset lis\u00e4\u00e4 resursseja, ennen kuin ne ovat v\u00e4hiss\u00e4. Suunnittele palkkaaminen ja laitehankinnat ennakoivasti.<\/p>\n\n<p><strong>Skaalautuva aikataulutus.<\/strong> K\u00e4sittele kasvua lis\u00e4\u00e4m\u00e4tt\u00e4 aikatauluttajia. Matematiikka skaalautuu, manuaalinen aikataulutus ei.<\/p>\n\n\n<h4 class=\"wp-block-heading\">Toiminta- ja tuotantop\u00e4\u00e4llik\u00f6ille<\/h4>\n\n\n<p><strong>Lopeta tuntikausien k\u00e4ytt\u00e4minen aikatauluihin.<\/strong> Teko\u00e4ly tekee optimointimatematiikan. Sin\u00e4 teet arvioinnin ja lopulliset s\u00e4\u00e4d\u00f6t.<\/p>\n\n<p><strong>Sopeudu nopeasti muutoksiin.<\/strong> H\u00e4iri\u00f6it\u00e4 tapahtuu. Suunnittele uudelleen minuuteissa, ei tunneissa.<\/p>\n\n<p><strong>Realistiset lupaukset asiakkaille.<\/strong> Tied\u00e4, mit\u00e4 voit todellisuudessa toimittaa todellisen kapasiteetin ja rajoitusten perusteella.<\/p>\n\n<p><strong>Rajoitusten n\u00e4kyvyys.<\/strong> Katso, miss\u00e4 kapasiteettisi on rajallinen. Tee tietoon perustuvia p\u00e4\u00e4t\u00f6ksi\u00e4 investoinneista.<\/p>\n\n<p><strong>Oikeudenmukainen ty\u00f6njako.<\/strong> En\u00e4\u00e4 jotkut ihmiset eiv\u00e4t saa ly\u00f6d\u00e4, kun taas toiset saavat l\u00f6ys\u00e4\u00e4. Parempi tiimimoraali.<\/p>\n\n\n<h4 class=\"wp-block-heading\">Joukkueille<\/h4>\n\n\n<p><strong>Ennakoitavat aikataulut.<\/strong> Tied\u00e4, mit\u00e4 ty\u00f6st\u00e4t ja milloin. V\u00e4hemm\u00e4n viime hetken yll\u00e4tyksi\u00e4.<\/p>\n\n<p><strong>Oikeudenmukaiset ty\u00f6m\u00e4\u00e4r\u00e4t.<\/strong> Ty\u00f6njako perustuu kapasiteettiin, ei siihen, ket\u00e4 aikatauluttaja ajatteli ensimm\u00e4isen\u00e4.<\/p>\n\n<p><strong>Oikeat taidot ty\u00f6h\u00f6n.<\/strong> Sinut on suunniteltu ty\u00f6h\u00f6n, johon olet p\u00e4tev\u00e4, eik\u00e4 sinua heitet\u00e4 tilanteisiin, joihin et ole valmis.<\/p>\n\n<p><strong>Kest\u00e4v\u00e4 vauhti.<\/strong> V\u00e4hemm\u00e4n juhlaa tai n\u00e4lk\u00e4\u00e4. Tasaisempi ty\u00f6m\u00e4\u00e4r\u00e4.<\/p>\n\n\n<hr class=\"wp-block-separator has-alpha-channel-opacity\"\/>\n\n\n\n<h3 class=\"wp-block-heading\">Mit\u00e4 teko\u00e4ly ei voi tehd\u00e4<\/h3>\n\n\n<p>Teko\u00e4ly optimoi antamiesi rajoitusten ja prioriteettien perusteella. Se ei kuitenkaan korvaa aikatauluttajan harkintaa:<\/p>\n\n<p><strong>Asiakassuhteiden ymm\u00e4rt\u00e4minen.<\/strong> T\u00e4m\u00e4 asiakas on strateginen, ja se kannattaa asettaa etusijalle, vaikka sit\u00e4 ei sopimuksen mukaan vaadittaisikaan. Teko\u00e4ly ei tied\u00e4 sit\u00e4, ellet sin\u00e4 kerro sit\u00e4 sille.<\/p>\n\n<p><strong>Lukuryhm\u00e4n dynamiikka.<\/strong> N\u00e4m\u00e4 kaksi ihmist\u00e4 toimivat huonosti yhdess\u00e4. Kyseinen henkil\u00f6 k\u00e4sittelee henkil\u00f6kohtaisia asioita ja tarvitsee kevyemp\u00e4\u00e4 kuormaa. Inhimillist\u00e4 tietoa, ei dataa.<\/p>\n\n<p><strong>Strategisten kompromissien tekeminen.<\/strong> Hyv\u00e4ksytk\u00f6 my\u00f6h\u00e4styneet toimitukset ylit\u00f6iden v\u00e4hent\u00e4miseksi? Kiirehdi t\u00e4t\u00e4 ty\u00f6t\u00e4 tuon ty\u00f6n kustannuksella? Kontekstista riippuvaiset p\u00e4\u00e4t\u00f6kset.<\/p>\n\n<p><strong>Ennenn\u00e4kem\u00e4tt\u00f6mien tilanteiden k\u00e4sittely.<\/strong> Suuri h\u00e4iri\u00f6, jollaista ei ole historiallisissa tiedoissa? Tarvitaan inhimillist\u00e4 ongelmanratkaisua, ei optimointimatematiikkaa.<\/p>\n\n<p><strong>Prioriteettien m\u00e4\u00e4rittely.<\/strong> Teko\u00e4lyaikataulut m\u00e4\u00e4rittelemiesi prioriteettien mukaan (kustannukset, nopeus, laatu jne.). Asetatko n\u00e4m\u00e4 prioriteetit? Se on liiketoimintap\u00e4\u00e4t\u00f6s.<\/p>\n\n<p>Ajattele teko\u00e4ly\u00e4 todella hyv\u00e4n\u00e4 aikatauluttajana, joka ty\u00f6skentelee sekunneissa eik\u00e4 tee koskaan laskuvirheit\u00e4. Mutta joka tarvitsee silti ohjeita prioriteeteista ja asiayhteydest\u00e4.<\/p>\n\n\n<hr class=\"wp-block-separator has-alpha-channel-opacity\"\/>\n\n\n\n<h3 class=\"wp-block-heading\">Aloittaminen teko\u00e4lyn aikataulutuksen kanssa<\/h3>\n\n\n<p>Aloita sielt\u00e4, miss\u00e4 aikataulutus on kivuliainta:<\/p>\n\n<p><strong>Monimutkainen aikataulutus, jossa on monia rajoitteita?<\/strong> Teko\u00e4ly k\u00e4sittelee monimutkaisuutta paremmin kuin ihminen. Suuria voittoja optimoinnissa.<\/p>\n\n<p><strong>H\u00e4iri\u00f6iden vuoksi usein tapahtuva aikataulujen muuttaminen?<\/strong> Reaaliaikainen mukauttaminen auttaa eniten silloin, kun suunnitelmat muuttuvat jatkuvasti.<\/p>\n\n<p><strong>Resurssien ep\u00e4tasainen k\u00e4ytt\u00f6?<\/strong> Teko\u00e4lyn ty\u00f6m\u00e4\u00e4r\u00e4n tasapainottaminen parantaa k\u00e4ytt\u00f6astetta nopeasti.<\/p>\n\n<p><strong>Kapasiteetin suunnittelun ep\u00e4varmuus?<\/strong> Kapasiteetin ennustaminen auttaa sinua suunnittelemaan investointeja luottavaisesti.<\/p>\n\n<p>Sinun ei tarvitse automatisoida kaikkea aikataulutusta kerralla. Aloita yhdest\u00e4 osastosta, yhdest\u00e4 ty\u00f6tyypist\u00e4 tai yhdest\u00e4 t\u00e4rkeimm\u00e4st\u00e4 ongelmakohdasta. Todista arvo. Laajenna sitten.<\/p>\n\n\n<hr class=\"wp-block-separator has-alpha-channel-opacity\"\/>\n\n\n\n<h3 class=\"wp-block-heading\">Lopputulos<\/h3>\n\n\n<p>Aikataulutus on optimointimatematiikkaa. Mit\u00e4 monimutkaisempi toiminto on, sit\u00e4 vaikeampaa matematiikka on. Manuaalinen aikataulutus tulee rajalleen, kun yrityksesi kasvaa.<\/p>\n\n<p>Teko\u00e4ly hoitaa matemaattisen monimutkaisuuden. Se ottaa huomioon kaikki rajoitukset samanaikaisesti. Se l\u00f6yt\u00e4\u00e4 optimoidut ratkaisut nopeasti. Se mukautuu, kun todellisuus muuttuu.<\/p>\n\n<p>Aikatauluttajasi keskittyv\u00e4t harkintaan, prioriteetteihin ja poikkeuksiin. Teko\u00e4ly hoitaa laskennan.<\/p>\n\n<p>Tulos? Resurssien parempi k\u00e4ytt\u00f6. Pienemm\u00e4t kustannukset. Luotettavampi toimitus. Ja aikatauluttajat tekev\u00e4t strategista ajattelua taulukkolaskennan sijaan.<\/p>\n\n<p>T\u00e4m\u00e4n teko\u00e4ly resurssien suunnittelussa ja aikatauluttamisessa todella tarjoaa. Se ei korvaa suunnitteluasiantuntemusta, vaan tehostaa sit\u00e4.<\/p>\n\n\n<hr class=\"wp-block-separator has-alpha-channel-opacity\"\/>\n\n\n\n<h3 class=\"wp-block-heading\">Oletko valmis optimoimaan aikataulusi?<\/h3>\n\n\n<p>Jokaisella toiminnalla on erilaisia aikatauluhaasteita. Rajoitukset, resurssit ja prioriteetit ovat ainutlaatuisia yrityksellesi.<\/p>\n\n<p>Emme suosittele yhden koon aikataulutusty\u00f6kaluja. Tarkastelemme juuri sinun erityistilannettasi. Mik\u00e4 tekee aikatauluttamisesta sinulle vaikeaa? Mitk\u00e4 rajoitukset ovat t\u00e4rkeimpi\u00e4? Mik\u00e4 on realistista nykyisten j\u00e4rjestelmiesi kannalta?<\/p>\n\n<p>Sen j\u00e4lkeen rakennamme aikatauluoptimoinnin, joka sopii toimintaasi. Emme pakota sinua jonkun toisen ty\u00f6nkulkuun. Ratkaisut, jotka sopivat siihen, miten sin\u00e4 itse asiassa toimit.<\/p>\n\n<p><a href=\"https:\/\/www.leaplytics.de\/fi\/kontakt\/\">Puhutaan aikatauluhaasteistasi<\/a><\/p>\n\n<p><a href=\"https:\/\/www.leaplytics.de\/fi\/operaatiot-ai\/\">Takaisin kohteeseen Operations AI<\/a><\/p>","protected":false},"excerpt":{"rendered":"<p>AI for Resource Planning &#038; Scheduling Scheduling is a puzzle. People. Equipment. Tasks. Deadlines. Skills. Capacity. Constraints. Every piece has to fit. And the puzzle keeps changing. Someone calls in sick. Equipment breaks down. A rush order comes in. Customer changes requirements. Start over. Your schedulers spend hours building schedules that work. Then spend more &hellip; <\/p>","protected":false},"author":2,"featured_media":0,"parent":0,"menu_order":0,"comment_status":"closed","ping_status":"closed","template":"","meta":{"footnotes":""},"class_list":["post-14497","page","type-page","status-publish","hentry","latest_post"],"_links":{"self":[{"href":"https:\/\/www.leaplytics.de\/fi\/wp-json\/wp\/v2\/pages\/14497","targetHints":{"allow":["GET"]}}],"collection":[{"href":"https:\/\/www.leaplytics.de\/fi\/wp-json\/wp\/v2\/pages"}],"about":[{"href":"https:\/\/www.leaplytics.de\/fi\/wp-json\/wp\/v2\/types\/page"}],"author":[{"embeddable":true,"href":"https:\/\/www.leaplytics.de\/fi\/wp-json\/wp\/v2\/users\/2"}],"replies":[{"embeddable":true,"href":"https:\/\/www.leaplytics.de\/fi\/wp-json\/wp\/v2\/comments?post=14497"}],"version-history":[{"count":1,"href":"https:\/\/www.leaplytics.de\/fi\/wp-json\/wp\/v2\/pages\/14497\/revisions"}],"predecessor-version":[{"id":14505,"href":"https:\/\/www.leaplytics.de\/fi\/wp-json\/wp\/v2\/pages\/14497\/revisions\/14505"}],"wp:attachment":[{"href":"https:\/\/www.leaplytics.de\/fi\/wp-json\/wp\/v2\/media?parent=14497"}],"curies":[{"name":"wp","href":"https:\/\/api.w.org\/{rel}","templated":true}]}}